{"id":7182,"date":"1970-01-01T00:00:00","date_gmt":"1970-01-01T00:00:00","guid":{"rendered":"https:\/\/elfsight.com\/pl\/?page_id=7182"},"modified":"2024-11-14T09:34:02","modified_gmt":"2024-11-14T09:34:02","slug":"magento","status":"publish","type":"page","link":"https:\/\/elfsight.com\/pl\/vimeo-video-gallery-widget\/magento\/","title":{"rendered":"Vimeo Gallery &#8211; Magento"},"content":{"rendered":"<div class=\"application-platform-content-item-description application-platform-content-item\" id=\"description\" data-nav-section=\"description\"> <h2>Opis<\/h2> <p>Galeria Elfsight Vimeo to proste narz\u0119dzie dla w\u0142a\u015bcicieli witryn internetowych, kt\u00f3re chc\u0105 wy\u015bwietla\u0107 tre\u015bci wideo w witrynie. Widget pozwala tworzy\u0107 playlisty z filmami, pokazywa\u0107 kana\u0142y, znajdowa\u0107 najbardziej wci\u0105gaj\u0105ce tre\u015bci wideo do swojej galerii i nie tylko. Wid\u017cet Elfsight posiada przemy\u015blane opcje interfejsu, kt\u00f3re pomagaj\u0105 dostosowa\u0107 interfejs do r\u00f3\u017cnorodnych zastosowa\u0144. Trzy uk\u0142ady wid\u017cet\u00f3w pomagaj\u0105 w optymalnym rozmieszczeniu film\u00f3w, a r\u00f3\u017cnorodne tryby odtwarzania sprawi\u0105, \u017ce ogl\u0105danie film\u00f3w b\u0119dzie wygodne w ka\u017cdym przypadku. Dzi\u0119ki nag\u0142\u00f3wkowi zareklamuj sw\u00f3j kana\u0142 i zdob\u0105d\u017a wi\u0119cej subskrybent\u00f3w. Rozszerzenie Elfsight Vimeo b\u0119dzie \u0142atwym sposobem nie tylko na zwi\u0119kszenie zaanga\u017cowania, ale tak\u017ce na rozw\u00f3j Twojej firmy.<\/p> <div class=\"faq\" data-component=\"FAQ\"><div class=\"faq-item\">\r\n\t\t\t\t\t<div class=\"faq-item-question\">\r\n\t\t\t\t\t\t<h3 class=\"faq-item-question-text\">Gdzie mog\u0119 wy\u015bwietli\u0107 t\u0119 wtyczk\u0119<\/h3>\r\n\r\n\t\t\t\t\t\t<div class=\"faq-item-question-icon\"><\/div>\r\n\t\t\t\t\t<\/div>\r\n\r\n\t\t\t\t\t<div class=\"faq-item-answer\">\r\n\t\t\t\t\t\t<div class=\"faq-item-answer-text\"> <p>Wid\u017cet mo\u017ce pojawi\u0107 si\u0119 na wybran\u0105 stron\u0119. Je\u015bli wkleisz widget do szablonu strony, galeria pojawi si\u0119 na wszystkich stronach. <\/p> <\/div>\r\n\t\t\t\t\t<\/div>\r\n\t\t\t\t<\/div><div class=\"faq-item\">\r\n\t\t\t\t\t<div class=\"faq-item-question\">\r\n\t\t\t\t\t\t<h3 class=\"faq-item-question-text\">Jakie korzy\u015bci odnios\u0119 z tej wtyczki?<\/h3>\r\n\r\n\t\t\t\t\t\t<div class=\"faq-item-question-icon\"><\/div>\r\n\t\t\t\t\t<\/div>\r\n\r\n\t\t\t\t\t<div class=\"faq-item-answer\">\r\n\t\t\t\t\t\t<div class=\"faq-item-answer-text\"> <p>Umo\u017cliwi Ci to zwi\u0119kszenie zaanga\u017cowania u\u017cytkownik\u00f3w w witrynie dzi\u0119ki atrakcyjnym filmom. Funkcja \u015bledzenia jednym klikni\u0119ciem pomo\u017ce pozyska\u0107 nowych subskrybent\u00f3w Twojego kana\u0142u. <\/p><\/div>\r\n\t\t\t\t\t<\/div>\r\n\t\t\t\t<\/div> <div class=\"faq-item\">\r\n\t\t\t\t\t<div class=\"faq-item-question\">\r\n\t\t\t\t\t\t<h3 class=\"faq-item-question-text\">Jak mog\u0119 umie\u015bci\u0107 odtwarzacz Vimeo w mojej witrynie?<\/h3>\r\n\r\n\t\t\t\t\t\t<div class=\"faq-item-question-icon\"><\/div>\r\n\t\t\t\t\t<\/div>\r\n\r\n\t\t\t\t\t<div class=\"faq-item-answer\">\r\n\t\t\t\t\t\t<div class=\"faq-item-answer-text\"> <p>Konfiguracja wid\u017cetu zajmuje trzy minuty. Jest super szybki, darmowy i nie wymaga kodowania. <\/p> <p>Odtwarzacz wideo Elfsight Vimeo mo\u017cna osadzi\u0107 w naszej us\u0142udze lub na rynku. Mo\u017cesz por\u00f3wna\u0107 oba warianty i wybra\u0107 sw\u00f3j.<\/p> <\/div>\r\n\t\t\t\t\t<\/div>\r\n\t\t\t\t<\/div> <\/div> <\/div> <div class=\"application-platform-content-item-features application-platform-content-item\" id=\"features\" data-nav-section=\"features\"> <h2>Funkcje<\/h2> <p>Aby mie\u0107 jasny postrzegania Galerii Vimeo, przejrzyj list\u0119 najwa\u017cniejszych funkcji. Sprawiaj\u0105, \u017ce wid\u017cet jest maksymalnie korzystny dla Twojej witryny: <\/p> <ul><li>Osadzanie wybranych uk\u0142ad\u00f3w dla r\u00f3\u017cnych sposob\u00f3w wy\u015bwietlania film\u00f3w: siatka, lista odtwarzania, suwak; <\/li><li>Siedem prze\u0142\u0105czalnych szczeg\u00f3\u0142\u00f3w nag\u0142\u00f3wka: nazwa, statystyki, opis, przycisk obserwuj\u0105cy, zdj\u0119cie profilowe; <\/li><li>Cztery gotowe tryby odtwarzania: Popup, Player, Inline lub na Vimeo. <\/li><\/ul><p><a href=\"#demo\">Poznaj wszystkie funkcje w naszej wersji demonstracyjnej<\/a><\/p> <\/div> <div class=\"application-platform-content-item-installation application-platform-content-item\" id=\"installation\" data-nav-section=\"installation\"> <h2>Zobacz jak doda\u0107 wideo Vimeo do swojej witryny Magento<\/h2> <p>Wystarczy zastosowa\u0107 si\u0119 do poni\u017cszych instrukcji, aby zintegrowa\u0107 widget z Magento.<\/p> <ol><li><b>Skorzystaj z naszego bezp\u0142atnego edytora i rozpocznij kszta\u0142tuj\u0105c sw\u00f3j unikalny widget. <\/b><br> Wybierz preferowany interfejs i specyfikacje rozszerzenia Vimeo i zastosuj poprawki. <\/li> <li><b>Skopiuj sw\u00f3j indywidualny kod, kt\u00f3ry pojawia si\u0119 w specjalnym formularzu w aplikacjach Elfsight. <\/b><br> Po zako\u0144czeniu generowania rozszerzenia skopiuj indywidualny kod z wy\u015bwietlonego pola i zapisz go do p\u00f3\u017aniejszego wykorzystania. <\/li> <li><b>Zainicjuj wykorzystanie narz\u0119dzia na swojej stronie internetowej Magento. <\/b><br> Dodaj ostatnio skopiowany kod na swoj\u0105 stron\u0119 internetow\u0105 i zapisz zmiany. <\/li> <li><b>Instalacja zosta\u0142a w pe\u0142ni uko\u0144czona. <\/b><br> Odwied\u017a swoj\u0105 stron\u0119, aby sprawdzi\u0107 dzia\u0142anie rozszerzenia. <\/li><\/ol><p>Nadal nie jeste\u015b pewien? Albo natkn\u0105\u0142e\u015b si\u0119 na co\u015b? Po prostu wy\u015blij swoj\u0105 pro\u015bb\u0119 do naszego dzia\u0142u obs\u0142ugi klienta. Rozwi\u0105\u017cemy ka\u017cdy problem.<\/p> <\/div>","protected":false},"excerpt":{"rendered":"","protected":false},"author":9,"featured_media":0,"parent":2409,"menu_order":0,"comment_status":"closed","ping_status":"closed","template":"templates\/template-application-platform.php","meta":{"publish_to_discourse":"","publish_post_category":"","wpdc_auto_publish_overridden":"","wpdc_topic_tags":"","wpdc_pin_topic":"","wpdc_pin_until":"","discourse_post_id":"","discourse_permalink":"","wpdc_publishing_response":"","wpdc_publishing_error":"","footnotes":""},"class_list":["post-7182","page","type-page","status-publish","hentry"],"yoast_head":"<!-- This site is optimized with the Yoast SEO plugin v25.3.1 - https:\/\/yoast.com\/wordpress\/plugins\/seo\/ -->\n<title>Dodaj rozszerzenie Vimeo Video Gallery do strony Magento (bezp\u0142atnie i szybko)<\/title>\n<meta name=\"description\" content=\"Kszta\u0142tuj wid\u017cet Galerii Vimeo i szybko i \u0142atwo zintegruj go ze swoj\u0105 witryn\u0105 Magento. Uzyskaj bezp\u0142atn\u0105 obs\u0142ug\u0119 klienta i inne bonusy od Elfsight.\" \/>\n<meta name=\"robots\" content=\"index, follow, max-snippet:-1, max-image-preview:large, max-video-preview:-1\" \/>\n<link rel=\"canonical\" href=\"https:\/\/elfsight.com\/pl\/vimeo-video-gallery-widget\/magento\/\" \/>\n<meta property=\"og:locale\" content=\"pl_PL\" \/>\n<meta property=\"og:type\" content=\"article\" \/>\n<meta property=\"og:title\" content=\"Dodaj rozszerzenie Vimeo Video Gallery do strony Magento (bezp\u0142atnie i szybko)\" \/>\n<meta property=\"og:description\" content=\"Kszta\u0142tuj wid\u017cet Galerii Vimeo i szybko i \u0142atwo zintegruj go ze swoj\u0105 witryn\u0105 Magento. Uzyskaj bezp\u0142atn\u0105 obs\u0142ug\u0119 klienta i inne bonusy od Elfsight.\" \/>\n<meta property=\"og:url\" content=\"https:\/\/elfsight.com\/pl\/vimeo-video-gallery-widget\/magento\/\" \/>\n<meta property=\"og:site_name\" content=\"Elfsight PL\" \/>\n<meta property=\"article:modified_time\" content=\"2024-11-14T09:34:02+00:00\" \/>\n<meta name=\"twitter:card\" content=\"summary_large_image\" \/>\n<meta name=\"twitter:label1\" content=\"Szacowany czas czytania\" \/>\n\t<meta name=\"twitter:data1\" content=\"3 minuty\" \/>\n<!-- \/ Yoast SEO plugin. -->","yoast_head_json":{"title":"Dodaj rozszerzenie Vimeo Video Gallery do strony Magento (bezp\u0142atnie i szybko)","description":"Kszta\u0142tuj wid\u017cet Galerii Vimeo i szybko i \u0142atwo zintegruj go ze swoj\u0105 witryn\u0105 Magento. Uzyskaj bezp\u0142atn\u0105 obs\u0142ug\u0119 klienta i inne bonusy od Elfsight.","robots":{"index":"index","follow":"follow","max-snippet":"max-snippet:-1","max-image-preview":"max-image-preview:large","max-video-preview":"max-video-preview:-1"},"canonical":"https:\/\/elfsight.com\/pl\/vimeo-video-gallery-widget\/magento\/","og_locale":"pl_PL","og_type":"article","og_title":"Dodaj rozszerzenie Vimeo Video Gallery do strony Magento (bezp\u0142atnie i szybko)","og_description":"Kszta\u0142tuj wid\u017cet Galerii Vimeo i szybko i \u0142atwo zintegruj go ze swoj\u0105 witryn\u0105 Magento. Uzyskaj bezp\u0142atn\u0105 obs\u0142ug\u0119 klienta i inne bonusy od Elfsight.","og_url":"https:\/\/elfsight.com\/pl\/vimeo-video-gallery-widget\/magento\/","og_site_name":"Elfsight PL","article_modified_time":"2024-11-14T09:34:02+00:00","twitter_card":"summary_large_image","twitter_misc":{"Szacowany czas czytania":"3 minuty"},"schema":{"@context":"https:\/\/schema.org","@graph":[{"@type":"WebPage","@id":"https:\/\/elfsight.com\/pl\/vimeo-video-gallery-widget\/magento\/","url":"https:\/\/elfsight.com\/pl\/vimeo-video-gallery-widget\/magento\/","name":"Dodaj rozszerzenie Vimeo Video Gallery do strony Magento (bezp\u0142atnie i szybko)","isPartOf":{"@id":"https:\/\/elfsight.com\/pl\/#website"},"datePublished":"1970-01-01T00:00:00+00:00","dateModified":"2024-11-14T09:34:02+00:00","description":"Kszta\u0142tuj wid\u017cet Galerii Vimeo i szybko i \u0142atwo zintegruj go ze swoj\u0105 witryn\u0105 Magento. Uzyskaj bezp\u0142atn\u0105 obs\u0142ug\u0119 klienta i inne bonusy od Elfsight.","breadcrumb":{"@id":"https:\/\/elfsight.com\/pl\/vimeo-video-gallery-widget\/magento\/#breadcrumb"},"inLanguage":"pl-PL","potentialAction":[{"@type":"ReadAction","target":["https:\/\/elfsight.com\/pl\/vimeo-video-gallery-widget\/magento\/"]}]},{"@type":"BreadcrumbList","@id":"https:\/\/elfsight.com\/pl\/vimeo-video-gallery-widget\/magento\/#breadcrumb","itemListElement":[{"@type":"ListItem","position":1,"name":"Home","item":"https:\/\/elfsight.com\/pl\/"},{"@type":"ListItem","position":2,"name":"Vimeo Gallery","item":"https:\/\/elfsight.com\/pl\/vimeo-video-gallery-widget\/"},{"@type":"ListItem","position":3,"name":"Vimeo Gallery &#8211; Magento"}]},{"@type":"WebSite","@id":"https:\/\/elfsight.com\/pl\/#website","url":"https:\/\/elfsight.com\/pl\/","name":"Elfsight PL","description":"Just another Elfsight Sites site","potentialAction":[{"@type":"SearchAction","target":{"@type":"EntryPoint","urlTemplate":"https:\/\/elfsight.com\/pl\/?s={search_term_string}"},"query-input":{"@type":"PropertyValueSpecification","valueRequired":true,"valueName":"search_term_string"}}],"inLanguage":"pl-PL"}]}},"meta_box":{"industry":"","seo_heading":"","heading":"","description":"","cta_heading":"","cta_description":"","application":"2408","h1":"Galeria wideo Magento Vimeo","h1_caption":"Osad\u017a galeri\u0119 film\u00f3w Vimeo, oferuj\u0105c p\u0142ynny spos\u00f3b prezentowania tre\u015bci wideo na swojej stronie Magento.","application_category":[],"applications_title":"","applications_request_title":"","applications_request_button_text":"","hero_text":"","hero_video":"","hero_video_schema_markup":"","selling_points_title":"","selling_points_caption":"","selling_points":[],"selling_points_cta_text":"","features_title":"","features":"","ed_cta_examples_text":"","ed_cta_examples_hidden":"","ed_cta_demo_text":"","ed_cta_demo_hidden":"","why_caption":"","why_editor_title":"","why_editor_text":"","why_team_title":"","why_team_text":"","why_service_title":"","why_service_text":"","template_catalog_visible":"","template_catalog_title":"","template_catalog_text":"","template_catalog_categories_visible":"","demo_title":"Utw\u00f3rz rozszerzenie Galerii Vimeo","demo_caption":"Skonfiguruj swoj\u0105 galeri\u0119 Vimeo i dodaj j\u0105 do swojej witryny Magento za darmo!","default_faq_hidden":"","app_template_category":[],"platform":"92","template_public_id":"","codecanyon_url":"","codecanyon_item_id":"","codecanyon_price":"","pricing_caption":"","pricing_elfsight_apps_hide_column":"","pricing_elfsight_apps_url":"","pricing_codecanyon_price_caption":"","integration_category":[],"integration_request_title":"","integration_request_cta":"","integration_platform":"","integrations":[],"platform_category":[],"video_schema_markup":"","price":"od 0 USD \/ miesi\u0105c","trial":"","benefits":[{"text":"Bezp\u0142atna us\u0142uga monta\u017cu"},{"text":"Profesjonalna obs\u0142uga klienta"},{"text":"14-dniowa gwarancja zwrotu pieni\u0119dzy"}],"button_url":"#demo","button_target_blank":"","button_nofollow":"","attributes":[{"name":"Instaluje"},{"name":"Czu\u0142y"},{"name":"Kompatybilne przegl\u0105darki"}],"tags":[],"tags_disable_links":"","hide_more_platforms":"","video_object":"","demo_hide_cta":"","demo_hide_cloud_options":"","pricing_title":"","pricing":[{"pricing_icon":"platform","pricing_title":"Elfsight Apps","pricing_title_caption":"Oprogramowanie wieloplatformowe, kt\u00f3re pasuje do ka\u017cdej witryny","pricing_price":"od 0 USD \/ miesi\u0105c","pricing_price_caption":"zacznij od bezp\u0142atnego planu","pricing_benefits":[{"text":"Nielimitowane strony internetowe"},{"text":"Dedykowane wsparcie i dobrze udokumentowane"},{"text":"Bezp\u0142atna pomoc w monta\u017cu"},{"text":"Elastyczny projekt"}],"pricing_button_text":"Dodaj do witryny","pricing_button_url":"#demo"}],"related_apps_title":"","related_apps_hidden":"","author":"","image":[],"title":"","job":"","social_networks":[]},"_links":{"self":[{"href":"https:\/\/elfsight.com\/pl\/wp-json\/wp\/v2\/pages\/7182","targetHints":{"allow":["GET"]}}],"collection":[{"href":"https:\/\/elfsight.com\/pl\/wp-json\/wp\/v2\/pages"}],"about":[{"href":"https:\/\/elfsight.com\/pl\/wp-json\/wp\/v2\/types\/page"}],"author":[{"embeddable":true,"href":"https:\/\/elfsight.com\/pl\/wp-json\/wp\/v2\/users\/9"}],"replies":[{"embeddable":true,"href":"https:\/\/elfsight.com\/pl\/wp-json\/wp\/v2\/comments?post=7182"}],"version-history":[{"count":1,"href":"https:\/\/elfsight.com\/pl\/wp-json\/wp\/v2\/pages\/7182\/revisions"}],"predecessor-version":[{"id":7186,"href":"https:\/\/elfsight.com\/pl\/wp-json\/wp\/v2\/pages\/7182\/revisions\/7186"}],"up":[{"embeddable":true,"href":"https:\/\/elfsight.com\/pl\/wp-json\/wp\/v2\/pages\/2409"}],"wp:attachment":[{"href":"https:\/\/elfsight.com\/pl\/wp-json\/wp\/v2\/media?parent=7182"}],"curies":[{"name":"wp","href":"https:\/\/api.w.org\/{rel}","templated":true}]}}