{"id":7175,"date":"1970-01-01T00:00:00","date_gmt":"1970-01-01T00:00:00","guid":{"rendered":"https:\/\/elfsight.com\/pl\/?page_id=7175"},"modified":"2024-11-14T09:34:02","modified_gmt":"2024-11-14T09:34:02","slug":"opencart","status":"publish","type":"page","link":"https:\/\/elfsight.com\/pl\/vimeo-video-gallery-widget\/opencart\/","title":{"rendered":"Vimeo Gallery &#8211; OpenCart"},"content":{"rendered":"<div class=\"application-platform-content-item-description application-platform-content-item\" id=\"description\" data-nav-section=\"description\"> <h2>Opis<\/h2> <p>Galeria Elfsight Vimeo to nieskomplikowane narz\u0119dzie dla ka\u017cdego, kto potrzebuje osadzi\u0107 tre\u015bci wideo na stronie internetowej. Masz mo\u017cliwo\u015b\u0107 kszta\u0142towania playlist, pokazywania ca\u0142ego kana\u0142u, wybierania najbardziej wci\u0105gaj\u0105cej tre\u015bci tematycznej dla swojej galerii i nie tylko. Wid\u017cet zawiera wiele funkcji projektowych, kt\u00f3re pomagaj\u0105 ustawi\u0107 interfejs dla r\u00f3\u017cnych przypadk\u00f3w u\u017cycia. Wbudowane uk\u0142ady wid\u017cet\u00f3w pomagaj\u0105 w najlepszym rozmieszczeniu film\u00f3w, a wiele tryb\u00f3w odtwarzania sprawi, \u017ce ogl\u0105danie film\u00f3w b\u0119dzie wygodne w dowolnym uk\u0142adzie. Korzystaj\u0105c z nag\u0142\u00f3wka, zareklamuj swoje konto Vimeo i zdob\u0105d\u017a wi\u0119cej obserwuj\u0105cych. Rozszerzenie Elfsight Vimeo b\u0119dzie skutecznym sposobem nie tylko na zwi\u0119kszenie zaanga\u017cowania, ale tak\u017ce na rozw\u00f3j Twojego biznesu. <\/p> <div class=\"faq\" data-component=\"FAQ\"><div class=\"faq-item\">\r\n\t\t\t\t\t<div class=\"faq-item-question\">\r\n\t\t\t\t\t\t<h3 class=\"faq-item-question-text\">Gdzie mog\u0119 zintegrowa\u0107 t\u0119 wtyczk\u0119<\/h3>\r\n\r\n\t\t\t\t\t\t<div class=\"faq-item-question-icon\"><\/div>\r\n\t\t\t\t\t<\/div>\r\n\r\n\t\t\t\t\t<div class=\"faq-item-answer\">\r\n\t\t\t\t\t\t<div class=\"faq-item-answer-text\"> <p>Mo\u017cesz umie\u015bci\u0107 j\u0105 dok\u0142adnie na tej stronie, gdzie chcesz. Je\u015bli wstawisz odtwarzacz Vimeo do szablonu witryny, pojawi si\u0119 on na wszystkich stronach. <\/p> <\/div>\r\n\t\t\t\t\t<\/div>\r\n\t\t\t\t<\/div><div class=\"faq-item\">\r\n\t\t\t\t\t<div class=\"faq-item-question\">\r\n\t\t\t\t\t\t<h3 class=\"faq-item-question-text\">Jakie korzy\u015bci b\u0119d\u0119 czerpa\u0142 z wid\u017cetu?<\/h3>\r\n\r\n\t\t\t\t\t\t<div class=\"faq-item-question-icon\"><\/div>\r\n\t\t\t\t\t<\/div>\r\n\r\n\t\t\t\t\t<div class=\"faq-item-answer\">\r\n\t\t\t\t\t\t<div class=\"faq-item-answer-text\"> <p>Widget przyczyni si\u0119 do zwi\u0119kszenia zaanga\u017cowania na Twojej stronie za pomoc\u0105 starannie dobranych film\u00f3w. Funkcja natychmiastowego obserwowania pomo\u017ce przyci\u0105gn\u0105\u0107 nowych subskrybent\u00f3w Twojego kana\u0142u Vimeo. <\/p><\/div>\r\n\t\t\t\t\t<\/div>\r\n\t\t\t\t<\/div> <div class=\"faq-item\">\r\n\t\t\t\t\t<div class=\"faq-item-question\">\r\n\t\t\t\t\t\t<h3 class=\"faq-item-question-text\">Jak osadzi\u0107 odtwarzacz wideo Vimeo?<\/h3>\r\n\r\n\t\t\t\t\t\t<div class=\"faq-item-question-icon\"><\/div>\r\n\t\t\t\t\t<\/div>\r\n\r\n\t\t\t\t\t<div class=\"faq-item-answer\">\r\n\t\t\t\t\t\t<div class=\"faq-item-answer-text\"> <p>Potrzebujesz tylko jednej minuty, aby aktywowa\u0107 wid\u017cet. Jest bardzo szybki, darmowy i nie wymaga kodowania. <\/p> <p>Rozszerzenie Elfsight Vimeo mo\u017cna wprowadzi\u0107 za po\u015brednictwem naszej us\u0142ugi lub za po\u015brednictwem rynku. Mo\u017cesz por\u00f3wna\u0107 oba warianty i wybra\u0107 bardziej odpowiedni.<\/p> <\/div>\r\n\t\t\t\t\t<\/div>\r\n\t\t\t\t<\/div> <\/div> <\/div> <div class=\"application-platform-content-item-features application-platform-content-item\" id=\"features\" data-nav-section=\"features\"> <h2>Funkcje<\/h2> <p>Aby kszta\u0142towa\u0107 lepsze postrzeganie wid\u017cetu, przejrzyj list\u0119 podstawowych funkcji. Sprawiaj\u0105, \u017ce ten widget jest maksymalnie efektywny dla Twojej firmy: <\/p> <ul><li>Siedem prze\u0142\u0105czalnych szczeg\u00f3\u0142\u00f3w nag\u0142\u00f3wka: nazwa, statystyki, opis, przycisk obserwuj\u0105cy, zdj\u0119cie profilowe; <\/li><li>Trzy opcje po zako\u0144czeniu filmu: odtw\u00f3rz nast\u0119pny, powt\u00f3rz, brak; <\/li><\/ul><li>Cztery gotowe do u\u017cycia tryby odtwarzania: Popup, Player, Inline lub na Vimeo; <\/li><li>Osadzanie wybranych uk\u0142ad\u00f3w dla r\u00f3\u017cnych sposob\u00f3w odtwarzania film\u00f3w: siatka, lista odtwarzania, suwak.<\/li><p><a href=\"#demo\">Demo poka\u017ce Ci pe\u0142n\u0105 list\u0119 funkcji<\/a><\/p> <\/div> <div class=\"application-platform-content-item-installation application-platform-content-item\" id=\"installation\" data-nav-section=\"installation\"> <h2>Sprawd\u017a, jak doda\u0107 wideo Vimeo do swojej witryny OpenCart<\/h2> <p>Wystarcz\u0105 poni\u017csze kroki zrobi\u0107, aby aktywowa\u0107 rozszerzenie. <\/p> <ol><li><b>Skorzystaj z naszego bezp\u0142atnego edytora i zacznij tworzy\u0107 swoje unikalne rozszerzenie Vimeo. <\/b><br> Znajd\u017a niestandardowy uk\u0142ad i cechy funkcjonalne rozszerzenia i zapisz wszystkie modyfikacje. <\/li> <li><b>Odbierz indywidualny kod wy\u015bwietlony w oknie aplikacji Elfsight. <\/b><br> Po zako\u0144czeniu dostosowywania rozszerzenia skopiuj kod w wy\u015bwietlonym oknie i zachowaj go do p\u00f3\u017aniejszego wykorzystania. <\/li> <li><b>Rozpocznij stosowanie rozszerzenia na stronie OpenCart. <\/b><br> Umie\u015b\u0107 ostatnio skopiowany kod na swojej stronie i zastosuj zmiany. <\/li> <li><b>Instalacja zosta\u0142a pomy\u015blnie przeprowadzona. <\/b><br> Otw\u00f3rz swoj\u0105 stron\u0119 internetow\u0105, aby zobaczy\u0107 dzia\u0142anie rozszerzenia. <\/li><\/ol><p>Nadal nie jeste\u015b pewien? Albo natkn\u0105\u0142e\u015b si\u0119 na co\u015b? Wystarczy jedno zg\u0142oszenie do naszego dzia\u0142u obs\u0142ugi klienta, aby rozwi\u0105za\u0107 ka\u017cdy problem. <\/p> <\/div>","protected":false},"excerpt":{"rendered":"","protected":false},"author":9,"featured_media":0,"parent":2409,"menu_order":0,"comment_status":"closed","ping_status":"closed","template":"templates\/template-application-platform.php","meta":{"publish_to_discourse":"","publish_post_category":"","wpdc_auto_publish_overridden":"","wpdc_topic_tags":"","wpdc_pin_topic":"","wpdc_pin_until":"","discourse_post_id":"","discourse_permalink":"","wpdc_publishing_response":"","wpdc_publishing_error":"","footnotes":""},"class_list":["post-7175","page","type-page","status-publish","hentry"],"yoast_head":"<!-- This site is optimized with the Yoast SEO plugin v25.3.1 - https:\/\/yoast.com\/wordpress\/plugins\/seo\/ -->\n<title>Dodaj rozszerzenie Vimeo Video Gallery do witryny OpenCart (bezp\u0142atnie i szybko)<\/title>\n<meta name=\"description\" content=\"Stworzenie rozszerzenia Vimeo Video Gallery i dodanie go na stronie OpenCart jest niezwykle proste. Obs\u0142uga klienta Elfsight jest bezp\u0142atna i szybka.\" \/>\n<meta name=\"robots\" content=\"index, follow, max-snippet:-1, max-image-preview:large, max-video-preview:-1\" \/>\n<link rel=\"canonical\" href=\"https:\/\/elfsight.com\/pl\/vimeo-video-gallery-widget\/opencart\/\" \/>\n<meta property=\"og:locale\" content=\"pl_PL\" \/>\n<meta property=\"og:type\" content=\"article\" \/>\n<meta property=\"og:title\" content=\"Dodaj rozszerzenie Vimeo Video Gallery do witryny OpenCart (bezp\u0142atnie i szybko)\" \/>\n<meta property=\"og:description\" content=\"Stworzenie rozszerzenia Vimeo Video Gallery i dodanie go na stronie OpenCart jest niezwykle proste. Obs\u0142uga klienta Elfsight jest bezp\u0142atna i szybka.\" \/>\n<meta property=\"og:url\" content=\"https:\/\/elfsight.com\/pl\/vimeo-video-gallery-widget\/opencart\/\" \/>\n<meta property=\"og:site_name\" content=\"Elfsight PL\" \/>\n<meta property=\"article:modified_time\" content=\"2024-11-14T09:34:02+00:00\" \/>\n<meta name=\"twitter:card\" content=\"summary_large_image\" \/>\n<meta name=\"twitter:label1\" content=\"Szacowany czas czytania\" \/>\n\t<meta name=\"twitter:data1\" content=\"3 minuty\" \/>\n<!-- \/ Yoast SEO plugin. -->","yoast_head_json":{"title":"Dodaj rozszerzenie Vimeo Video Gallery do witryny OpenCart (bezp\u0142atnie i szybko)","description":"Stworzenie rozszerzenia Vimeo Video Gallery i dodanie go na stronie OpenCart jest niezwykle proste. Obs\u0142uga klienta Elfsight jest bezp\u0142atna i szybka.","robots":{"index":"index","follow":"follow","max-snippet":"max-snippet:-1","max-image-preview":"max-image-preview:large","max-video-preview":"max-video-preview:-1"},"canonical":"https:\/\/elfsight.com\/pl\/vimeo-video-gallery-widget\/opencart\/","og_locale":"pl_PL","og_type":"article","og_title":"Dodaj rozszerzenie Vimeo Video Gallery do witryny OpenCart (bezp\u0142atnie i szybko)","og_description":"Stworzenie rozszerzenia Vimeo Video Gallery i dodanie go na stronie OpenCart jest niezwykle proste. Obs\u0142uga klienta Elfsight jest bezp\u0142atna i szybka.","og_url":"https:\/\/elfsight.com\/pl\/vimeo-video-gallery-widget\/opencart\/","og_site_name":"Elfsight PL","article_modified_time":"2024-11-14T09:34:02+00:00","twitter_card":"summary_large_image","twitter_misc":{"Szacowany czas czytania":"3 minuty"},"schema":{"@context":"https:\/\/schema.org","@graph":[{"@type":"WebPage","@id":"https:\/\/elfsight.com\/pl\/vimeo-video-gallery-widget\/opencart\/","url":"https:\/\/elfsight.com\/pl\/vimeo-video-gallery-widget\/opencart\/","name":"Dodaj rozszerzenie Vimeo Video Gallery do witryny OpenCart (bezp\u0142atnie i szybko)","isPartOf":{"@id":"https:\/\/elfsight.com\/pl\/#website"},"datePublished":"1970-01-01T00:00:00+00:00","dateModified":"2024-11-14T09:34:02+00:00","description":"Stworzenie rozszerzenia Vimeo Video Gallery i dodanie go na stronie OpenCart jest niezwykle proste. Obs\u0142uga klienta Elfsight jest bezp\u0142atna i szybka.","breadcrumb":{"@id":"https:\/\/elfsight.com\/pl\/vimeo-video-gallery-widget\/opencart\/#breadcrumb"},"inLanguage":"pl-PL","potentialAction":[{"@type":"ReadAction","target":["https:\/\/elfsight.com\/pl\/vimeo-video-gallery-widget\/opencart\/"]}]},{"@type":"BreadcrumbList","@id":"https:\/\/elfsight.com\/pl\/vimeo-video-gallery-widget\/opencart\/#breadcrumb","itemListElement":[{"@type":"ListItem","position":1,"name":"Home","item":"https:\/\/elfsight.com\/pl\/"},{"@type":"ListItem","position":2,"name":"Vimeo Gallery","item":"https:\/\/elfsight.com\/pl\/vimeo-video-gallery-widget\/"},{"@type":"ListItem","position":3,"name":"Vimeo Gallery &#8211; OpenCart"}]},{"@type":"WebSite","@id":"https:\/\/elfsight.com\/pl\/#website","url":"https:\/\/elfsight.com\/pl\/","name":"Elfsight PL","description":"Just another Elfsight Sites site","potentialAction":[{"@type":"SearchAction","target":{"@type":"EntryPoint","urlTemplate":"https:\/\/elfsight.com\/pl\/?s={search_term_string}"},"query-input":{"@type":"PropertyValueSpecification","valueRequired":true,"valueName":"search_term_string"}}],"inLanguage":"pl-PL"}]}},"meta_box":{"industry":"","seo_heading":"","heading":"","description":"","cta_heading":"","cta_description":"","application":"2408","h1":"Galeria wideo OpenCart Vimeo","h1_caption":"Osad\u017a galeri\u0119 film\u00f3w vimeo, oferuj\u0105c p\u0142ynny spos\u00f3b prezentowania tre\u015bci wideo na swojej stronie Opencart bez wysi\u0142ku.","application_category":[],"applications_title":"","applications_request_title":"","applications_request_button_text":"","hero_text":"","hero_video":"","hero_video_schema_markup":"","selling_points_title":"","selling_points_caption":"","selling_points":[],"selling_points_cta_text":"","features_title":"","features":"","ed_cta_examples_text":"","ed_cta_examples_hidden":"","ed_cta_demo_text":"","ed_cta_demo_hidden":"","why_caption":"","why_editor_title":"","why_editor_text":"","why_team_title":"","why_team_text":"","why_service_title":"","why_service_text":"","template_catalog_visible":"","template_catalog_title":"","template_catalog_text":"","template_catalog_categories_visible":"","demo_title":"Utw\u00f3rz rozszerzenie Galerii Vimeo","demo_caption":"Skonfiguruj swoj\u0105 galeri\u0119 Vimeo i dodaj j\u0105 do swojej witryny OpenCart za darmo!","default_faq_hidden":"","app_template_category":[],"platform":"107","template_public_id":"","codecanyon_url":"","codecanyon_item_id":"","codecanyon_price":"","pricing_caption":"","pricing_elfsight_apps_hide_column":"","pricing_elfsight_apps_url":"","pricing_codecanyon_price_caption":"","integration_category":[],"integration_request_title":"","integration_request_cta":"","integration_platform":"","integrations":[],"platform_category":[],"video_schema_markup":"","price":"od 0 USD \/ miesi\u0105c","trial":"","benefits":[{"text":"Bezp\u0142atna pomoc w monta\u017cu"},{"text":"Kompetentna obs\u0142uga klienta"},{"text":"14-dniowa gwarancja zwrotu pieni\u0119dzy"}],"button_url":"#demo","button_target_blank":"","button_nofollow":"","attributes":[{"name":"Instaluje"},{"name":"Czu\u0142y"},{"name":"Kompatybilne przegl\u0105darki"}],"tags":[],"tags_disable_links":"","hide_more_platforms":"","video_object":"","demo_hide_cta":"","demo_hide_cloud_options":"","pricing_title":"","pricing":[{"pricing_icon":"platform","pricing_title":"Elfsight Apps","pricing_title_caption":"Wersja wieloplatformowa, kt\u00f3ra pasuje do ka\u017cdej witryny internetowej","pricing_price":"od 0 USD \/ miesi\u0105c","pricing_price_caption":"zacznij od bezp\u0142atnego planu","pricing_benefits":[{"text":"Nielimitowane strony internetowe"},{"text":"Szybka obs\u0142uga klienta"},{"text":"Bezp\u0142atna us\u0142uga monta\u017cu"},{"text":"Elastyczny projekt"}],"pricing_button_text":"Dodaj do witryny","pricing_button_url":"#demo"}],"related_apps_title":"","related_apps_hidden":"","author":"","image":[],"title":"","job":"","social_networks":[]},"_links":{"self":[{"href":"https:\/\/elfsight.com\/pl\/wp-json\/wp\/v2\/pages\/7175","targetHints":{"allow":["GET"]}}],"collection":[{"href":"https:\/\/elfsight.com\/pl\/wp-json\/wp\/v2\/pages"}],"about":[{"href":"https:\/\/elfsight.com\/pl\/wp-json\/wp\/v2\/types\/page"}],"author":[{"embeddable":true,"href":"https:\/\/elfsight.com\/pl\/wp-json\/wp\/v2\/users\/9"}],"replies":[{"embeddable":true,"href":"https:\/\/elfsight.com\/pl\/wp-json\/wp\/v2\/comments?post=7175"}],"version-history":[{"count":1,"href":"https:\/\/elfsight.com\/pl\/wp-json\/wp\/v2\/pages\/7175\/revisions"}],"predecessor-version":[{"id":7179,"href":"https:\/\/elfsight.com\/pl\/wp-json\/wp\/v2\/pages\/7175\/revisions\/7179"}],"up":[{"embeddable":true,"href":"https:\/\/elfsight.com\/pl\/wp-json\/wp\/v2\/pages\/2409"}],"wp:attachment":[{"href":"https:\/\/elfsight.com\/pl\/wp-json\/wp\/v2\/media?parent=7175"}],"curies":[{"name":"wp","href":"https:\/\/api.w.org\/{rel}","templated":true}]}}