{"id":7174,"date":"1970-01-01T00:00:00","date_gmt":"1970-01-01T00:00:00","guid":{"rendered":"https:\/\/elfsight.com\/pl\/?page_id=7174"},"modified":"2025-06-20T09:49:09","modified_gmt":"2025-06-20T09:49:09","slug":"shopify","status":"publish","type":"page","link":"https:\/\/elfsight.com\/pl\/vimeo-video-gallery-widget\/shopify\/","title":{"rendered":"Vimeo Gallery &#8211; Shopify"},"content":{"rendered":"<div class=\"application-platform-content-item-description application-platform-content-item\" id=\"description\" data-nav-section=\"description\"> <h2>Osad\u017a galeri\u0119 Vimeo na Shopify za pomoc\u0105 wid\u017cetu Elfsight<\/h2> <p>Aplikacja Elfsight Vimeo to nieskomplikowane narz\u0119dzie dla tych, kt\u00f3rzy chc\u0105 integrowa\u0107 tre\u015bci wideo na stronie. Widget umo\u017cliwia kszta\u0142towanie playlist film\u00f3w, wy\u015bwietlanie ca\u0142ego kana\u0142u, wybieranie najatrakcyjniejszej tre\u015bci tematycznej dla Twojej galerii wideo i nie tylko. Odtwarzacz Elfsight Vimeo posiada przemy\u015blane opcje projektowe, kt\u00f3re pomagaj\u0105 stworzy\u0107 interfejs odpowiedni do r\u00f3\u017cnych zastosowa\u0144. Gotowe do u\u017cycia uk\u0142ady wid\u017cet\u00f3w optymalnie rozmieszcz\u0105 filmy, a kilka tryb\u00f3w odtwarzania sprawia, \u017ce \u200b\u200bogl\u0105danie film\u00f3w jest wygodne w dowolnym uk\u0142adzie. Dzi\u0119ki prze\u0142\u0105czalnemu nag\u0142\u00f3wkowi mo\u017cesz \u0142atwo promowa\u0107 sw\u00f3j kana\u0142 i zwi\u0119ksza\u0107 liczb\u0119 subskrybent\u00f3w. Elfsight Vimeo Video Gallery stanie si\u0119 skutecznym sposobem nie tylko na zwi\u0119kszenie zaanga\u017cowania, ale tak\u017ce na rozw\u00f3j Twojego biznesu. <\/p> <div class=\"faq\" data-component=\"FAQ\"><div class=\"faq-item\">\r\n\t\t\t\t\t<div class=\"faq-item-question\">\r\n\t\t\t\t\t\t<h3 class=\"faq-item-question-text\">Gdzie w mojej witrynie mog\u0119 to wy\u015bwietli\u0107<\/h3>\r\n\r\n\t\t\t\t\t\t<div class=\"faq-item-question-icon\"><\/div>\r\n\t\t\t\t\t<\/div>\r\n\r\n\t\t\t\t\t<div class=\"faq-item-answer\">\r\n\t\t\t\t\t\t<div class=\"faq-item-answer-text\"> <p>Mo\u017cesz osadzi\u0107 aplikacj\u0119 Vimeo na dowolnej swojej stronie internetowej. Je\u015bli wprowadzisz go do szablonu, pojawi si\u0119 on na ka\u017cdej stronie Twojej witryny. <\/p> <\/div>\r\n\t\t\t\t\t<\/div>\r\n\t\t\t\t<\/div><div class=\"faq-item\">\r\n\t\t\t\t\t<div class=\"faq-item-question\">\r\n\t\t\t\t\t\t<h3 class=\"faq-item-question-text\">Jakie s\u0105 dla mnie zalety posiadania odtwarzacza wideo Vimeo?<\/h3>\r\n\r\n\t\t\t\t\t\t<div class=\"faq-item-question-icon\"><\/div>\r\n\t\t\t\t\t<\/div>\r\n\r\n\t\t\t\t\t<div class=\"faq-item-answer\">\r\n\t\t\t\t\t\t<div class=\"faq-item-answer-text\"> <p>Ta wtyczka pozwoli Ci zwi\u0119kszy\u0107 zaanga\u017cowanie odwiedzaj\u0105cych w witryn\u0119 zawieraj\u0105c\u0105 najbardziej wci\u0105gaj\u0105ce filmy. Funkcja szybkiej subskrypcji pomo\u017ce pozyska\u0107 nowych subskrybent\u00f3w Twojego kana\u0142u. <\/p><\/div>\r\n\t\t\t\t\t<\/div>\r\n\t\t\t\t<\/div> <div class=\"faq-item\">\r\n\t\t\t\t\t<div class=\"faq-item-question\">\r\n\t\t\t\t\t\t<h3 class=\"faq-item-question-text\">Czego potrzebuj\u0119, aby Galeria Vimeo znalaz\u0142a si\u0119 na mojej stronie?<\/h3>\r\n\r\n\t\t\t\t\t\t<div class=\"faq-item-question-icon\"><\/div>\r\n\t\t\t\t\t<\/div>\r\n\r\n\t\t\t\t\t<div class=\"faq-item-answer\">\r\n\t\t\t\t\t\t<div class=\"faq-item-answer-text\"> <p>Rozpocz\u0119cie korzystania z wid\u017cetu zajmie tylko dwie minuty. Integracja jest naprawd\u0119 szybka, bezp\u0142atna i nie wymaga kodowania. <\/p> <p>Widget mo\u017cna osadzi\u0107 za po\u015brednictwem naszej us\u0142ugi lub za po\u015brednictwem rynku. Tutaj mo\u017cesz przeczyta\u0107 o tych opcjach i wybra\u0107 swoj\u0105.<\/p> <\/div>\r\n\t\t\t\t\t<\/div>\r\n\t\t\t\t<\/div> <\/div> <\/div> <div class=\"application-platform-content-item-features application-platform-content-item\" id=\"features\" data-nav-section=\"features\"> <h2>G\u0142\u00f3wne funkcje wid\u017cetu Galeria Vimeo<\/h2> <p>Aby lepiej pozna\u0107 aplikacj\u0119 Vimeo, mo\u017cesz zapozna\u0107 si\u0119 z list\u0105 jej najwa\u017cniejszych funkcji. Dzi\u0119ki nim nasz widget jest niezwykle skuteczny w promocji: <\/p> <ul><li>Dodanie okre\u015blonych uk\u0142ad\u00f3w dla r\u00f3\u017cnych sposob\u00f3w wy\u015bwietlania film\u00f3w: siatka, lista odtwarzania, suwak; <\/li><li>7 prze\u0142\u0105czalnych element\u00f3w nag\u0142\u00f3wka: nazwa, statystyki, opis, przycisk obserwuj\u0105cy, zdj\u0119cie profilowe; <\/li><li>4 gotowe do u\u017cycia tryby odtwarzania: Popup, Player, Inline lub na Vimeo; <\/li><li>Trzy scenariusze po zako\u0144czeniu filmu: odtw\u00f3rz nast\u0119pny, powt\u00f3rz, brak; <\/li><\/ul><p><a href=\"#demo\">Zobacz wszystkie funkcje w wersji demonstracyjnej na \u017cywo<\/a><\/p> <\/div><div class=\"application-platform-content-item-installation application-platform-content-item\" id=\"installation\" data-nav-section=\"installation\"> <h2>Odkryj jak osadzi\u0107 wideo Vimeo w sklepie Shopify<\/h2><div class=\"video-container\"><iframe width=\"720\" height=\"405\" src=\"https:\/\/www.youtube.com\/embed\/q_5lv918RXs\" frameborder=\"0\" allowfullscreen=\"\"><\/iframe><\/div><p>Poni\u017csze kroki to jedyne, co musisz zrobi\u0107, aby aktywowa\u0107 wid\u017cet.<\/p> <ol><li><b>Skorzystaj z naszego darmowego edytora i zacznij tworzy\u0107 w\u0142asn\u0105 aplikacj\u0119. <\/b><br> Okre\u015bl odpowiedni uk\u0142ad i funkcjonalno\u015b\u0107 aplikacji i zapisz wszystkie poprawki. <\/li> <li><b>Zdob\u0105d\u017a osobisty kod pojawiaj\u0105cy si\u0119 w polu w aplikacjach Elfsight. <\/b><br> Zaraz po zako\u0144czeniu konfiguracji aplikacji skopiuj indywidualny kod w wy\u015bwietlonym oknie i zachowaj go na p\u00f3\u017aniej. <\/li> <li><b>Zacznij korzysta\u0107 z aplikacji w witrynie Shopify. <\/b><br> Zaimplementuj ostatnio zapisany kod na swojej stronie i zapisz poprawki. <\/li> <li><b>Gotowe! Osadzanie zosta\u0142o ca\u0142kowicie zako\u0144czone. <\/b><br> Otw\u00f3rz witryn\u0119 i zobacz, jak dzia\u0142a aplikacja. <\/li><\/ol><p>Nadal masz w\u0105tpliwo\u015bci? Lub masz pytania? Po prostu wy\u015blij swoj\u0105 pro\u015bb\u0119 do naszego dzia\u0142u obs\u0142ugi klienta, kt\u00f3ry pomo\u017ce Ci rozwi\u0105za\u0107 ka\u017cdy problem. <\/p> <\/div>","protected":false},"excerpt":{"rendered":"","protected":false},"author":9,"featured_media":0,"parent":2409,"menu_order":0,"comment_status":"closed","ping_status":"closed","template":"templates\/template-application-platform.php","meta":{"publish_to_discourse":"","publish_post_category":"","wpdc_auto_publish_overridden":"","wpdc_topic_tags":"","wpdc_pin_topic":"","wpdc_pin_until":"","discourse_post_id":"","discourse_permalink":"","wpdc_publishing_response":"","wpdc_publishing_error":"","footnotes":""},"class_list":["post-7174","page","type-page","status-publish","hentry"],"yoast_head":"<!-- This site is optimized with the Yoast SEO plugin v25.3.1 - https:\/\/yoast.com\/wordpress\/plugins\/seo\/ -->\n<title>Dodaj aplikacj\u0119 Vimeo Video Gallery do witryny Shopify (bezp\u0142atnie i szybko)<\/title>\n<meta name=\"description\" content=\"Oto mo\u017cliwo\u015b\u0107 utworzenia wid\u017cetu Galerii Vimeo i wy\u015bwietlenia go w sklepie Shopify. Ciesz si\u0119 bezp\u0142atn\u0105 obs\u0142ug\u0105 klienta i innymi korzy\u015bciami od Elfsight.\" \/>\n<meta name=\"robots\" content=\"index, follow, max-snippet:-1, max-image-preview:large, max-video-preview:-1\" \/>\n<link rel=\"canonical\" href=\"https:\/\/elfsight.com\/pl\/vimeo-video-gallery-widget\/shopify\/\" \/>\n<meta property=\"og:locale\" content=\"pl_PL\" \/>\n<meta property=\"og:type\" content=\"article\" \/>\n<meta property=\"og:title\" content=\"Dodaj aplikacj\u0119 Vimeo Video Gallery do witryny Shopify (bezp\u0142atnie i szybko)\" \/>\n<meta property=\"og:description\" content=\"Oto mo\u017cliwo\u015b\u0107 utworzenia wid\u017cetu Galerii Vimeo i wy\u015bwietlenia go w sklepie Shopify. Ciesz si\u0119 bezp\u0142atn\u0105 obs\u0142ug\u0105 klienta i innymi korzy\u015bciami od Elfsight.\" \/>\n<meta property=\"og:url\" content=\"https:\/\/elfsight.com\/pl\/vimeo-video-gallery-widget\/shopify\/\" \/>\n<meta property=\"og:site_name\" content=\"Elfsight PL\" \/>\n<meta property=\"article:modified_time\" content=\"2025-06-20T09:49:09+00:00\" \/>\n<meta name=\"twitter:card\" content=\"summary_large_image\" \/>\n<meta name=\"twitter:label1\" content=\"Szacowany czas czytania\" \/>\n\t<meta name=\"twitter:data1\" content=\"3 minuty\" \/>\n<!-- \/ Yoast SEO plugin. -->","yoast_head_json":{"title":"Dodaj aplikacj\u0119 Vimeo Video Gallery do witryny Shopify (bezp\u0142atnie i szybko)","description":"Oto mo\u017cliwo\u015b\u0107 utworzenia wid\u017cetu Galerii Vimeo i wy\u015bwietlenia go w sklepie Shopify. Ciesz si\u0119 bezp\u0142atn\u0105 obs\u0142ug\u0105 klienta i innymi korzy\u015bciami od Elfsight.","robots":{"index":"index","follow":"follow","max-snippet":"max-snippet:-1","max-image-preview":"max-image-preview:large","max-video-preview":"max-video-preview:-1"},"canonical":"https:\/\/elfsight.com\/pl\/vimeo-video-gallery-widget\/shopify\/","og_locale":"pl_PL","og_type":"article","og_title":"Dodaj aplikacj\u0119 Vimeo Video Gallery do witryny Shopify (bezp\u0142atnie i szybko)","og_description":"Oto mo\u017cliwo\u015b\u0107 utworzenia wid\u017cetu Galerii Vimeo i wy\u015bwietlenia go w sklepie Shopify. Ciesz si\u0119 bezp\u0142atn\u0105 obs\u0142ug\u0105 klienta i innymi korzy\u015bciami od Elfsight.","og_url":"https:\/\/elfsight.com\/pl\/vimeo-video-gallery-widget\/shopify\/","og_site_name":"Elfsight PL","article_modified_time":"2025-06-20T09:49:09+00:00","twitter_card":"summary_large_image","twitter_misc":{"Szacowany czas czytania":"3 minuty"},"schema":{"@context":"https:\/\/schema.org","@graph":[{"@type":"WebPage","@id":"https:\/\/elfsight.com\/pl\/vimeo-video-gallery-widget\/shopify\/","url":"https:\/\/elfsight.com\/pl\/vimeo-video-gallery-widget\/shopify\/","name":"Dodaj aplikacj\u0119 Vimeo Video Gallery do witryny Shopify (bezp\u0142atnie i szybko)","isPartOf":{"@id":"https:\/\/elfsight.com\/pl\/#website"},"datePublished":"1970-01-01T00:00:00+00:00","dateModified":"2025-06-20T09:49:09+00:00","description":"Oto mo\u017cliwo\u015b\u0107 utworzenia wid\u017cetu Galerii Vimeo i wy\u015bwietlenia go w sklepie Shopify. Ciesz si\u0119 bezp\u0142atn\u0105 obs\u0142ug\u0105 klienta i innymi korzy\u015bciami od Elfsight.","breadcrumb":{"@id":"https:\/\/elfsight.com\/pl\/vimeo-video-gallery-widget\/shopify\/#breadcrumb"},"inLanguage":"pl-PL","potentialAction":[{"@type":"ReadAction","target":["https:\/\/elfsight.com\/pl\/vimeo-video-gallery-widget\/shopify\/"]}]},{"@type":"BreadcrumbList","@id":"https:\/\/elfsight.com\/pl\/vimeo-video-gallery-widget\/shopify\/#breadcrumb","itemListElement":[{"@type":"ListItem","position":1,"name":"Home","item":"https:\/\/elfsight.com\/pl\/"},{"@type":"ListItem","position":2,"name":"Vimeo Gallery","item":"https:\/\/elfsight.com\/pl\/vimeo-video-gallery-widget\/"},{"@type":"ListItem","position":3,"name":"Vimeo Gallery &#8211; Shopify"}]},{"@type":"WebSite","@id":"https:\/\/elfsight.com\/pl\/#website","url":"https:\/\/elfsight.com\/pl\/","name":"Elfsight PL","description":"Just another Elfsight Sites site","potentialAction":[{"@type":"SearchAction","target":{"@type":"EntryPoint","urlTemplate":"https:\/\/elfsight.com\/pl\/?s={search_term_string}"},"query-input":{"@type":"PropertyValueSpecification","valueRequired":true,"valueName":"search_term_string"}}],"inLanguage":"pl-PL"}]}},"meta_box":{"industry":"","seo_heading":"","heading":"","description":"","cta_heading":"","cta_description":"","application":"2408","h1":"Galeria wideo Shopify Vimeo","h1_caption":"Osad\u017a galeri\u0119 film\u00f3w vimeo, oferuj\u0105c p\u0142ynny spos\u00f3b prezentowania tre\u015bci wideo w witrynie Shopify bez wysi\u0142ku.","application_category":[],"applications_title":"","applications_request_title":"","applications_request_button_text":"","hero_text":"","hero_video":"","hero_video_schema_markup":"","selling_points_title":"","selling_points_caption":"","selling_points":[],"selling_points_cta_text":"","features_title":"","features":"","ed_cta_examples_text":"","ed_cta_examples_hidden":"","ed_cta_demo_text":"","ed_cta_demo_hidden":"","why_caption":"","why_editor_title":"","why_editor_text":"","why_team_title":"","why_team_text":"","why_service_title":"","why_service_text":"","template_catalog_visible":"0","template_catalog_title":"","template_catalog_text":"","template_catalog_categories_visible":"","demo_title":"Utw\u00f3rz aplikacj\u0119 Galeria Vimeo","demo_caption":"Skonfiguruj swoj\u0105 galeri\u0119 Vimeo i dodaj j\u0105 do swojej witryny Shopify za darmo!","default_faq_hidden":"","app_template_category":[],"platform":"7580","template_public_id":"","codecanyon_url":"","codecanyon_item_id":"","codecanyon_price":"","pricing_caption":"","pricing_elfsight_apps_hide_column":"","pricing_elfsight_apps_url":"","pricing_codecanyon_price_caption":"","integration_category":[],"integration_request_title":"","integration_request_cta":"","integration_platform":"","integrations":[],"platform_category":[],"video_schema_markup":"","price":"od 0 USD \/ miesi\u0105c","trial":"","benefits":[{"text":"Bezp\u0142atna us\u0142uga monta\u017cu"},{"text":"Wsparcie premium"},{"text":"14-dniowa gwarancja zwrotu pieni\u0119dzy"}],"button_url":"#demo","button_target_blank":"0","button_nofollow":"0","attributes":[{"name":"Instaluje"},{"name":"Czu\u0142y"},{"name":"Kompatybilne przegl\u0105darki"}],"tags":[],"tags_disable_links":"0","hide_more_platforms":"0","video_object":"","demo_hide_cta":"0","demo_hide_cloud_options":"0","pricing_title":"","pricing":[{"pricing_icon":"cloud","pricing_title":"Elfsight Apps","pricing_title_caption":"Wersja wieloplatformowa, kt\u00f3ra dzia\u0142a na ka\u017cdej stronie internetowej","pricing_price":"od 0 USD \/ miesi\u0105c","pricing_price_caption":"zacznij od bezp\u0142atnego planu","pricing_benefits":[{"text":"Nielimitowane strony internetowe"},{"text":"Wsparcie premium"},{"text":"Bezp\u0142atna us\u0142uga monta\u017cu"},{"text":"Oferta specjalna na wiele aplikacji"}],"pricing_button_text":"Dodaj do witryny","pricing_button_url":"#demo"}],"related_apps_title":"","related_apps_hidden":"0","author":"","image":[],"title":"","job":"","social_networks":[]},"_links":{"self":[{"href":"https:\/\/elfsight.com\/pl\/wp-json\/wp\/v2\/pages\/7174","targetHints":{"allow":["GET"]}}],"collection":[{"href":"https:\/\/elfsight.com\/pl\/wp-json\/wp\/v2\/pages"}],"about":[{"href":"https:\/\/elfsight.com\/pl\/wp-json\/wp\/v2\/types\/page"}],"author":[{"embeddable":true,"href":"https:\/\/elfsight.com\/pl\/wp-json\/wp\/v2\/users\/9"}],"replies":[{"embeddable":true,"href":"https:\/\/elfsight.com\/pl\/wp-json\/wp\/v2\/comments?post=7174"}],"version-history":[{"count":2,"href":"https:\/\/elfsight.com\/pl\/wp-json\/wp\/v2\/pages\/7174\/revisions"}],"predecessor-version":[{"id":8101,"href":"https:\/\/elfsight.com\/pl\/wp-json\/wp\/v2\/pages\/7174\/revisions\/8101"}],"up":[{"embeddable":true,"href":"https:\/\/elfsight.com\/pl\/wp-json\/wp\/v2\/pages\/2409"}],"wp:attachment":[{"href":"https:\/\/elfsight.com\/pl\/wp-json\/wp\/v2\/media?parent=7174"}],"curies":[{"name":"wp","href":"https:\/\/api.w.org\/{rel}","templated":true}]}}