{"id":7173,"date":"1970-01-01T00:00:00","date_gmt":"1970-01-01T00:00:00","guid":{"rendered":"https:\/\/elfsight.com\/pl\/?page_id=7173"},"modified":"2025-06-20T09:49:38","modified_gmt":"2025-06-20T09:49:38","slug":"squarespace","status":"publish","type":"page","link":"https:\/\/elfsight.com\/pl\/vimeo-video-gallery-widget\/squarespace\/","title":{"rendered":"Vimeo Gallery &#8211; Squarespace"},"content":{"rendered":"<div class=\"application-platform-content-item-description application-platform-content-item\" id=\"description\" data-nav-section=\"description\"><h2>Osad\u017a galeri\u0119 Vimeo w Squarespace za pomoc\u0105 wid\u017cetu Elfsight<\/h2><p>Wtyczka Elfsight Vimeo to \u0142atwe narz\u0119dzie dla tych, kt\u00f3rzy maj\u0105 witryn\u0119 i kt\u00f3rzy chc\u0105 zintegrowa\u0107 filmy Vimeo na stronie internetowej. Widget umo\u017cliwia gromadzenie playlist, wy\u015bwietlanie ca\u0142ego kana\u0142u oraz wybieranie najatrakcyjniejszych tre\u015bci wideo do Twojej galerii i nie tylko. Wid\u017cet Elfsight posiada wiele funkcji projektowych, kt\u00f3re pomagaj\u0105 stworzy\u0107 interfejs odpowiedni do r\u00f3\u017cnych przypadk\u00f3w. Wbudowane uk\u0142ady pomagaj\u0105 w optymalnym rozmieszczeniu tre\u015bci, a r\u00f3\u017cnorodne tryby odtwarzania sprawiaj\u0105, \u017ce ogl\u0105danie film\u00f3w jest wygodne dla ka\u017cdego u\u017cytkownika. Dzi\u0119ki prze\u0142\u0105czalnemu nag\u0142\u00f3wkowi mo\u017cesz \u0142atwo og\u0142osi\u0107 sw\u00f3j kana\u0142 i zwi\u0119kszy\u0107 liczb\u0119 subskrybent\u00f3w. Odtwarzacz wideo Elfsight dla Vimeo b\u0119dzie \u0142atwym sposobem nie tylko na zwi\u0119kszenie zaanga\u017cowania, ale tak\u017ce na rozw\u00f3j Twojego biznesu.<\/p> <div class=\"faq\" data-component=\"FAQ\"><div class=\"faq-item\">\r\n\t\t\t\t\t<div class=\"faq-item-question\">\r\n\t\t\t\t\t\t<h3 class=\"faq-item-question-text\">Gdzie na mojej stronie mog\u0119 umie\u015bci\u0107 galeri\u0119 Vimeo<\/h3>\r\n\r\n\t\t\t\t\t\t<div class=\"faq-item-question-icon\"><\/div>\r\n\t\t\t\t\t<\/div>\r\n\r\n\t\t\t\t\t<div class=\"faq-item-answer\">\r\n\t\t\t\t\t\t<div class=\"faq-item-answer-text\"><p>The widget mo\u017cna osadzi\u0107 dok\u0142adnie na stronie, tam gdzie chcesz. Je\u015bli do szablonu wstawisz odtwarzacz Vimeo, pojawi si\u0119 on na wszystkich stronach. <\/p> <\/div>\r\n\t\t\t\t\t<\/div>\r\n\t\t\t\t<\/div><div class=\"faq-item\">\r\n\t\t\t\t\t<div class=\"faq-item-question\">\r\n\t\t\t\t\t\t<h3 class=\"faq-item-question-text\">Jak mog\u0119 z tego skorzysta\u0107?<\/h3>\r\n\r\n\t\t\t\t\t\t<div class=\"faq-item-question-icon\"><\/div>\r\n\t\t\t\t\t<\/div>\r\n\r\n\t\t\t\t\t<div class=\"faq-item-answer\">\r\n\t\t\t\t\t\t<div class=\"faq-item-answer-text\"><p>Odtwarzacz wideo Vimeo pomo\u017ce Ci zwi\u0119kszy\u0107 zaanga\u017cowanie na stronie dzi\u0119ki starannie dobranym filmom. Natychmiastowe obserwowanie pomo\u017ce pozyska\u0107 nowych subskrybent\u00f3w Twojego konta.<\/p><\/div>\r\n\t\t\t\t\t<\/div>\r\n\t\t\t\t<\/div><div class=\"faq-item\">\r\n\t\t\t\t\t<div class=\"faq-item-question\">\r\n\t\t\t\t\t\t<h3 class=\"faq-item-question-text\">Czego potrzebuj\u0119, aby zainstalowa\u0107 wtyczk\u0119 Vimeo na mojej stronie internetowej?<\/h3>\r\n\r\n\t\t\t\t\t\t<div class=\"faq-item-question-icon\"><\/div>\r\n\t\t\t\t\t<\/div>\r\n\r\n\t\t\t\t\t<div class=\"faq-item-answer\">\r\n\t\t\t\t\t\t<div class=\"faq-item-answer-text\"><p>Potrzebujesz tylko jednej minuty swojego czasu aby widget dzia\u0142a\u0142. Osadzanie jest bardzo szybkie, bezp\u0142atne i nie obejmuje kodowania. <\/p><p>Istnieje mo\u017cliwo\u015b\u0107 umieszczenia wid\u017cetu na Twojej stronie bezpo\u015brednio za po\u015brednictwem naszej us\u0142ugi. Wystarczy zapozna\u0107 si\u0119 z poni\u017cszym przewodnikiem na tej stronie. <\/p><\/div>\r\n\t\t\t\t\t<\/div>\r\n\t\t\t\t<\/div><\/div><\/div><div class=\"application-platform-content-item-features application-platform-content-item\" id=\"features\" data-nav-section=\"features\"><h2>G\u0142\u00f3wne funkcje wid\u017cetu Galeria Vimeo<\/h2><p>Aby mie\u0107 jasny obraz Galerii wideo Vimeo , oto lista jego g\u0142\u00f3wnych funkcji. Sprawiaj\u0105, \u017ce nasz widget jest dla Ciebie maksymalnie przydatny: <\/p><ul><li>Osadzanie wybranych uk\u0142ad\u00f3w dla r\u00f3\u017cnych sposob\u00f3w odtwarzania film\u00f3w: siatka, lista odtwarzania, suwak; <\/li><li>7 elastycznych element\u00f3w nag\u0142\u00f3wka wid\u017cetu: nazwa, statystyki, opis, przycisk obserwuj\u0105cy, zdj\u0119cie profilowe; <\/li><li>Cztery gotowe do u\u017cycia tryby odtwarzania: Popup, Player, Inline lub na Vimeo; <\/li><li>3 scenariusze po zako\u0144czeniu filmu: odtw\u00f3rz nast\u0119pny, powt\u00f3rz, brak; <\/li><\/ul><p><a href=\"#demo\">Nasza wersja demonstracyjna poka\u017ce Ci wszystkie funkcje<\/a><\/p><\/div><div class=\"application-platform-content-item-installation application-platform-content-item\" id=\"installation\" data-nav-section=\"installation\"><h2>Jak osadzi\u0107 Vimeo na swojej stronie Squarespace<\/h2><div class=\"video-container\"><iframe width=\"720\" height=\"405\" src=\"https:\/\/www.youtube.com\/embed\/ejTzUfo-C54\" frameborder=\"0\" allowfullscreen=\"\"><\/iframe><\/div><p> Wystarczy kilka szybkich dzia\u0142a\u0144, aby zademonstrowa\u0107 wtyczk\u0119 na swojej stronie. <\/p><ol><li><b>Wygeneruj w\u0142asny odtwarzacz Vimeo<\/b><br> Zarz\u0105dzaj\u0105c naszym darmowym edytorem, utw\u00f3rz wtyczk\u0119 z niestandardowym uk\u0142adem i funkcjonalno\u015bci\u0105. <\/li><li><b>Uzyskaj indywidualny kod do skonfigurowania wtyczki<\/b><br> Po utworzeniu wid\u017cetu otrzymasz kod instalacyjny z wy\u015bwietlonego okna aplikacji Elfsight. Skopiuj kod. <\/li> <li><b>Opublikuj wtyczk\u0119 na swojej stronie Squarespace<\/b><br> Znajd\u017a miejsce, w kt\u00f3rym planujesz osadzi\u0107 wid\u017cet i dodaj tam skopiowany kod. Opublikuj zmiany. <\/li> <li><b>Gotowe!<\/b><br> Przejd\u017a do zasobu internetowego, aby zobaczy\u0107 sw\u00f3j wid\u017cet. <\/li> <\/ol><p>Nadal nie mo\u017cesz podj\u0105\u0107 decyzji? Lub masz jakie\u015b pytania? Tylko jedna pro\u015bba do naszego zespo\u0142u wsparcia rozwi\u0105\u017ce ka\u017cd\u0105 kwesti\u0119. <\/p><\/div>","protected":false},"excerpt":{"rendered":"","protected":false},"author":9,"featured_media":0,"parent":2409,"menu_order":0,"comment_status":"closed","ping_status":"closed","template":"templates\/template-application-platform.php","meta":{"publish_to_discourse":"","publish_post_category":"","wpdc_auto_publish_overridden":"","wpdc_topic_tags":"","wpdc_pin_topic":"","wpdc_pin_until":"","discourse_post_id":"","discourse_permalink":"","wpdc_publishing_response":"","wpdc_publishing_error":"","footnotes":""},"class_list":["post-7173","page","type-page","status-publish","hentry"],"yoast_head":"<!-- This site is optimized with the Yoast SEO plugin v25.3.1 - https:\/\/yoast.com\/wordpress\/plugins\/seo\/ -->\n<title>Squarespace Vimeo | Umie\u015b\u0107 galeri\u0119 Vimeo w witrynie Squarespace<\/title>\n<meta name=\"description\" content=\"Dzi\u0119ki Elfsight mo\u017cesz b\u0142yskawicznie stworzy\u0107 galeri\u0119 wideo Vimeo i umie\u015bci\u0107 j\u0105 na stronie internetowej Squarespace. Oferujemy bezp\u0142atn\u0105 obs\u0142ug\u0119 klienta i inne bonusy.\" \/>\n<meta name=\"robots\" content=\"index, follow, max-snippet:-1, max-image-preview:large, max-video-preview:-1\" \/>\n<link rel=\"canonical\" href=\"https:\/\/elfsight.com\/pl\/vimeo-video-gallery-widget\/squarespace\/\" \/>\n<meta property=\"og:locale\" content=\"pl_PL\" \/>\n<meta property=\"og:type\" content=\"article\" \/>\n<meta property=\"og:title\" content=\"Squarespace Vimeo | Umie\u015b\u0107 galeri\u0119 Vimeo w witrynie Squarespace\" \/>\n<meta property=\"og:description\" content=\"Dzi\u0119ki Elfsight mo\u017cesz b\u0142yskawicznie stworzy\u0107 galeri\u0119 wideo Vimeo i umie\u015bci\u0107 j\u0105 na stronie internetowej Squarespace. Oferujemy bezp\u0142atn\u0105 obs\u0142ug\u0119 klienta i inne bonusy.\" \/>\n<meta property=\"og:url\" content=\"https:\/\/elfsight.com\/pl\/vimeo-video-gallery-widget\/squarespace\/\" \/>\n<meta property=\"og:site_name\" content=\"Elfsight PL\" \/>\n<meta property=\"article:modified_time\" content=\"2025-06-20T09:49:38+00:00\" \/>\n<meta name=\"twitter:card\" content=\"summary_large_image\" \/>\n<meta name=\"twitter:label1\" content=\"Szacowany czas czytania\" \/>\n\t<meta name=\"twitter:data1\" content=\"3 minuty\" \/>\n<!-- \/ Yoast SEO plugin. -->","yoast_head_json":{"title":"Squarespace Vimeo | Umie\u015b\u0107 galeri\u0119 Vimeo w witrynie Squarespace","description":"Dzi\u0119ki Elfsight mo\u017cesz b\u0142yskawicznie stworzy\u0107 galeri\u0119 wideo Vimeo i umie\u015bci\u0107 j\u0105 na stronie internetowej Squarespace. Oferujemy bezp\u0142atn\u0105 obs\u0142ug\u0119 klienta i inne bonusy.","robots":{"index":"index","follow":"follow","max-snippet":"max-snippet:-1","max-image-preview":"max-image-preview:large","max-video-preview":"max-video-preview:-1"},"canonical":"https:\/\/elfsight.com\/pl\/vimeo-video-gallery-widget\/squarespace\/","og_locale":"pl_PL","og_type":"article","og_title":"Squarespace Vimeo | Umie\u015b\u0107 galeri\u0119 Vimeo w witrynie Squarespace","og_description":"Dzi\u0119ki Elfsight mo\u017cesz b\u0142yskawicznie stworzy\u0107 galeri\u0119 wideo Vimeo i umie\u015bci\u0107 j\u0105 na stronie internetowej Squarespace. Oferujemy bezp\u0142atn\u0105 obs\u0142ug\u0119 klienta i inne bonusy.","og_url":"https:\/\/elfsight.com\/pl\/vimeo-video-gallery-widget\/squarespace\/","og_site_name":"Elfsight PL","article_modified_time":"2025-06-20T09:49:38+00:00","twitter_card":"summary_large_image","twitter_misc":{"Szacowany czas czytania":"3 minuty"},"schema":{"@context":"https:\/\/schema.org","@graph":[{"@type":"WebPage","@id":"https:\/\/elfsight.com\/pl\/vimeo-video-gallery-widget\/squarespace\/","url":"https:\/\/elfsight.com\/pl\/vimeo-video-gallery-widget\/squarespace\/","name":"Squarespace Vimeo | Umie\u015b\u0107 galeri\u0119 Vimeo w witrynie Squarespace","isPartOf":{"@id":"https:\/\/elfsight.com\/pl\/#website"},"datePublished":"1970-01-01T00:00:00+00:00","dateModified":"2025-06-20T09:49:38+00:00","description":"Dzi\u0119ki Elfsight mo\u017cesz b\u0142yskawicznie stworzy\u0107 galeri\u0119 wideo Vimeo i umie\u015bci\u0107 j\u0105 na stronie internetowej Squarespace. Oferujemy bezp\u0142atn\u0105 obs\u0142ug\u0119 klienta i inne bonusy.","breadcrumb":{"@id":"https:\/\/elfsight.com\/pl\/vimeo-video-gallery-widget\/squarespace\/#breadcrumb"},"inLanguage":"pl-PL","potentialAction":[{"@type":"ReadAction","target":["https:\/\/elfsight.com\/pl\/vimeo-video-gallery-widget\/squarespace\/"]}]},{"@type":"BreadcrumbList","@id":"https:\/\/elfsight.com\/pl\/vimeo-video-gallery-widget\/squarespace\/#breadcrumb","itemListElement":[{"@type":"ListItem","position":1,"name":"Home","item":"https:\/\/elfsight.com\/pl\/"},{"@type":"ListItem","position":2,"name":"Vimeo Gallery","item":"https:\/\/elfsight.com\/pl\/vimeo-video-gallery-widget\/"},{"@type":"ListItem","position":3,"name":"Vimeo Gallery &#8211; Squarespace"}]},{"@type":"WebSite","@id":"https:\/\/elfsight.com\/pl\/#website","url":"https:\/\/elfsight.com\/pl\/","name":"Elfsight PL","description":"Just another Elfsight Sites site","potentialAction":[{"@type":"SearchAction","target":{"@type":"EntryPoint","urlTemplate":"https:\/\/elfsight.com\/pl\/?s={search_term_string}"},"query-input":{"@type":"PropertyValueSpecification","valueRequired":true,"valueName":"search_term_string"}}],"inLanguage":"pl-PL"}]}},"meta_box":{"industry":"","seo_heading":"","heading":"","description":"","cta_heading":"","cta_description":"","application":"2408","h1":"Galeria wideo Squarespace Vimeo","h1_caption":"Osad\u017a galeri\u0119 film\u00f3w Vimeo, oferuj\u0105c p\u0142ynny spos\u00f3b prezentowania tre\u015bci wideo w witrynie Squarespace bez wysi\u0142ku.","application_category":[],"applications_title":"","applications_request_title":"","applications_request_button_text":"","hero_text":"","hero_video":"","hero_video_schema_markup":"","selling_points_title":"","selling_points_caption":"","selling_points":[],"selling_points_cta_text":"","features_title":"","features":"","ed_cta_examples_text":"","ed_cta_examples_hidden":"","ed_cta_demo_text":"","ed_cta_demo_hidden":"","why_caption":"","why_editor_title":"","why_editor_text":"","why_team_title":"","why_team_text":"","why_service_title":"","why_service_text":"","template_catalog_visible":"0","template_catalog_title":"","template_catalog_text":"","template_catalog_categories_visible":"","demo_title":"Utw\u00f3rz wtyczk\u0119 Galerii Vimeo","demo_caption":"Skonfiguruj swoj\u0105 galeri\u0119 Vimeo i dodaj j\u0105 do swojej witryny Squarespace za darmo!","default_faq_hidden":"","app_template_category":[],"platform":"7588","template_public_id":"","codecanyon_url":"","codecanyon_item_id":"","codecanyon_price":"","pricing_caption":"","pricing_elfsight_apps_hide_column":"","pricing_elfsight_apps_url":"","pricing_codecanyon_price_caption":"","integration_category":[],"integration_request_title":"","integration_request_cta":"","integration_platform":"","integrations":[],"platform_category":[],"video_schema_markup":"","price":"od 0 USD \/ miesi\u0105c","trial":"","benefits":[{"text":"Bezp\u0142atna pomoc w monta\u017cu"},{"text":"Do\u015bwiadczona obs\u0142uga klienta"},{"text":"14-dniowa gwarancja zwrotu pieni\u0119dzy"}],"button_url":"#demo","button_target_blank":"0","button_nofollow":"0","attributes":[{"name":"Instaluje"},{"name":"Czu\u0142y"},{"name":"Kompatybilne przegl\u0105darki"}],"tags":[],"tags_disable_links":"0","hide_more_platforms":"0","video_object":"","demo_hide_cta":"0","demo_hide_cloud_options":"0","pricing_title":"","pricing":[{"pricing_icon":"platform","pricing_title":"Elfsight Apps","pricing_title_caption":"Rozwi\u0105zanie wieloplatformowe","pricing_price":"od 0 USD \/ miesi\u0105c","pricing_price_caption":"zacznij od bezp\u0142atnego planu","pricing_benefits":[{"text":"Nielimitowane domeny"},{"text":"Bezp\u0142atne i terminowe wsparcie"},{"text":"Bezp\u0142atna pomoc w monta\u017cu"},{"text":"100% konfigurowalny"}],"pricing_button_text":"Dodaj do witryny","pricing_button_url":"#demo"}],"related_apps_title":"","related_apps_hidden":"0","author":"","image":[],"title":"","job":"","social_networks":[]},"_links":{"self":[{"href":"https:\/\/elfsight.com\/pl\/wp-json\/wp\/v2\/pages\/7173","targetHints":{"allow":["GET"]}}],"collection":[{"href":"https:\/\/elfsight.com\/pl\/wp-json\/wp\/v2\/pages"}],"about":[{"href":"https:\/\/elfsight.com\/pl\/wp-json\/wp\/v2\/types\/page"}],"author":[{"embeddable":true,"href":"https:\/\/elfsight.com\/pl\/wp-json\/wp\/v2\/users\/9"}],"replies":[{"embeddable":true,"href":"https:\/\/elfsight.com\/pl\/wp-json\/wp\/v2\/comments?post=7173"}],"version-history":[{"count":2,"href":"https:\/\/elfsight.com\/pl\/wp-json\/wp\/v2\/pages\/7173\/revisions"}],"predecessor-version":[{"id":8100,"href":"https:\/\/elfsight.com\/pl\/wp-json\/wp\/v2\/pages\/7173\/revisions\/8100"}],"up":[{"embeddable":true,"href":"https:\/\/elfsight.com\/pl\/wp-json\/wp\/v2\/pages\/2409"}],"wp:attachment":[{"href":"https:\/\/elfsight.com\/pl\/wp-json\/wp\/v2\/media?parent=7173"}],"curies":[{"name":"wp","href":"https:\/\/api.w.org\/{rel}","templated":true}]}}