{"id":7158,"date":"1970-01-01T00:00:00","date_gmt":"1970-01-01T00:00:00","guid":{"rendered":"https:\/\/elfsight.com\/pl\/?page_id=7158"},"modified":"2024-11-14T09:27:23","modified_gmt":"2024-11-14T09:27:23","slug":"facebook","status":"publish","type":"page","link":"https:\/\/elfsight.com\/pl\/vimeo-video-gallery-widget\/facebook\/","title":{"rendered":"Vimeo Gallery &#8211; Facebook Page"},"content":{"rendered":"<div class=\"application-platform-content-item-description application-platform-content-item\" id=\"description\" data-nav-section=\"description\"><h2>Opis<\/h2><p>Elfsight Vimeo Gallery to proste narz\u0119dzie dla tych, kt\u00f3rzy chc\u0105 integrowa\u0107 filmy na stronie. Mo\u017cesz tworzy\u0107 playlisty, wy\u015bwietla\u0107 kana\u0142y, wybiera\u0107 najbardziej wci\u0105gaj\u0105ce tre\u015bci wideo do swojej galerii i nie tylko. Wid\u017cet Elfsight Vimeo oferuje przydatne ustawienia projektowania, kt\u00f3re pomagaj\u0105 stworzy\u0107 interfejs dla r\u00f3\u017cnych przypadk\u00f3w. Trzy uk\u0142ady pozwol\u0105 najlepiej rozmie\u015bci\u0107 zawarto\u015b\u0107, a wiele tryb\u00f3w odtwarzania sprawi, \u017ce ogl\u0105danie film\u00f3w b\u0119dzie wygodne w ka\u017cdym przypadku. Za pomoc\u0105 elastycznego nag\u0142\u00f3wka mo\u017cesz \u0142atwo przedstawi\u0107 swoje konto Vimeo i pozyska\u0107 nowych subskrybent\u00f3w. Galeria wideo Elfsight b\u0119dzie skutecznym sposobem nie tylko na zwi\u0119kszenie zaanga\u017cowania, ale tak\u017ce na rozw\u00f3j Twojej firmy. <\/p><p><b>Z \u0142atwo\u015bci\u0105 wy\u015bwietlaj filmy i kana\u0142 Vimeo na swojej stronie!<\/b><\/p><\/div><div class=\"application-platform-content-item-features application-platform-content-item\" id=\"features\" data-nav-section=\"features\"><h2>Funkcje<\/h2> <p>Aby w pe\u0142ni zrozumie\u0107 wid\u017cet, sprawd\u017a list\u0119 g\u0142\u00f3wnych cech. Dzi\u0119ki nim widget jest niezwykle wydajny: <\/p><ul><li>Opcja osadzania okre\u015blonych uk\u0142ad\u00f3w w celu uzyskania r\u00f3\u017cnych sposob\u00f3w aran\u017cacji film\u00f3w: siatka, lista odtwarzania, suwak;<\/li><li>7 szczeg\u00f3\u0142\u00f3w wid\u017cetu nag\u0142\u00f3wek: nazwa, statystyki, opis, przycisk obserwowania, ikona profilu;<\/li><li>Cztery gotowe tryby odtwarzania: Popup, Player, Inline lub na Vimeo;<\/li><li>Trzy warianty po wideo si\u0119 ko\u0144czy: odtwarzaj dalej, powtarzaj, brak.<\/li><\/ul><p><a href=\"#demo\">Zobacz wi\u0119cej funkcji w wersji demonstracyjnej na \u017cywo<\/a><\/p><\/div> <div class=\"application-platform-content-item-installation application-platform-content-item\" id=\"installation\" data-nav-section=\"installation\"><h2>Jak osadzi\u0107 wideo Vimeo na stronie na Facebooku<\/h2><p>Te kilka krok\u00f3w to jedyne, co musisz zrobi\u0107, aby zintegrowa\u0107 widget. <\/p><ul><li><b>Zbuduj swoj\u0105 osobist\u0105 galeri\u0119 Vimeo<\/b><br>Za pomoc\u0105 naszego bezp\u0142atnego konfiguratora utw\u00f3rz wid\u017cet o niestandardowym projekcie i dodaj \u017ar\u00f3d\u0142a. <\/li><li><b>Zdob\u0105d\u017a indywidualny kod, aby doda\u0107 wid\u017cet<\/b><br>Po skonfigurowaniu wid\u017cetu otrzymasz kod instalacyjny w postaci powiadomienia pojawiaj\u0105cego si\u0119 w aplikacjach Elfsight. Skopiuj to. <\/li><li><b>Dodaj zak\u0142adk\u0119 Vimeo do strony na Facebooku<\/b><br> Stw\u00f3rz w\u0142asn\u0105 zak\u0142adk\u0119 na Facebooku. Wpisz w zak\u0142adce kod otrzymany w aplikacji elfsight. Je\u015bli masz jakiekolwiek problemy, po prostu zapoznaj si\u0119 z naszym przewodnikiem na stronie <a href=\"https:\/\/elfsight.com\/blog\/how-to-add-custom-tab-to-facebook-page\/\" target=\"_blank\" rel=\"noopener noreferrer\">tworzenie niestandardowej karty Facebook<\/a><\/li><li><b>Instalacja przebieg\u0142a pomy\u015blnie<\/b><br>Odwied\u017a stron\u0119, aby zobaczy\u0107 swoje filmy Vimeo.<\/li><\/ul><p>Nadal nie mo\u017cesz si\u0119 zdecydowa\u0107? Albo natkn\u0105\u0142e\u015b si\u0119 na co\u015b? Wystarczy jedno zg\u0142oszenie do naszego dzia\u0142u obs\u0142ugi klienta, aby rozwi\u0105za\u0107 ka\u017cd\u0105 spraw\u0119. <\/p><\/div>","protected":false},"excerpt":{"rendered":"","protected":false},"author":9,"featured_media":0,"parent":2409,"menu_order":0,"comment_status":"closed","ping_status":"closed","template":"templates\/template-application-platform.php","meta":{"publish_to_discourse":"","publish_post_category":"","wpdc_auto_publish_overridden":"","wpdc_topic_tags":"","wpdc_pin_topic":"","wpdc_pin_until":"","discourse_post_id":"","discourse_permalink":"","wpdc_publishing_response":"","wpdc_publishing_error":"","footnotes":""},"class_list":["post-7158","page","type-page","status-publish","hentry"],"yoast_head":"<!-- This site is optimized with the Yoast SEO plugin v25.3.1 - https:\/\/yoast.com\/wordpress\/plugins\/seo\/ -->\n<title>Facebook Vimeo \u2014 Osad\u017a wid\u017cet Vimeo na stronie internetowej Facebooka<\/title>\n<meta name=\"description\" content=\"Utworzenie wid\u017cetu wideo Vimeo i umieszczenie go na swojej stronie na Facebooku jest ca\u0142kowicie proste. Obs\u0142uga klienta Elfsight jest bezp\u0142atna.\" \/>\n<meta name=\"robots\" content=\"index, follow, max-snippet:-1, max-image-preview:large, max-video-preview:-1\" \/>\n<link rel=\"canonical\" href=\"https:\/\/elfsight.com\/pl\/vimeo-video-gallery-widget\/facebook\/\" \/>\n<meta property=\"og:locale\" content=\"pl_PL\" \/>\n<meta property=\"og:type\" content=\"article\" \/>\n<meta property=\"og:title\" content=\"Facebook Vimeo \u2014 Osad\u017a wid\u017cet Vimeo na stronie internetowej Facebooka\" \/>\n<meta property=\"og:description\" content=\"Utworzenie wid\u017cetu wideo Vimeo i umieszczenie go na swojej stronie na Facebooku jest ca\u0142kowicie proste. Obs\u0142uga klienta Elfsight jest bezp\u0142atna.\" \/>\n<meta property=\"og:url\" content=\"https:\/\/elfsight.com\/pl\/vimeo-video-gallery-widget\/facebook\/\" \/>\n<meta property=\"og:site_name\" content=\"Elfsight PL\" \/>\n<meta property=\"article:modified_time\" content=\"2024-11-14T09:27:23+00:00\" \/>\n<meta name=\"twitter:card\" content=\"summary_large_image\" \/>\n<meta name=\"twitter:label1\" content=\"Szacowany czas czytania\" \/>\n\t<meta name=\"twitter:data1\" content=\"2 minuty\" \/>\n<!-- \/ Yoast SEO plugin. -->","yoast_head_json":{"title":"Facebook Vimeo \u2014 Osad\u017a wid\u017cet Vimeo na stronie internetowej Facebooka","description":"Utworzenie wid\u017cetu wideo Vimeo i umieszczenie go na swojej stronie na Facebooku jest ca\u0142kowicie proste. Obs\u0142uga klienta Elfsight jest bezp\u0142atna.","robots":{"index":"index","follow":"follow","max-snippet":"max-snippet:-1","max-image-preview":"max-image-preview:large","max-video-preview":"max-video-preview:-1"},"canonical":"https:\/\/elfsight.com\/pl\/vimeo-video-gallery-widget\/facebook\/","og_locale":"pl_PL","og_type":"article","og_title":"Facebook Vimeo \u2014 Osad\u017a wid\u017cet Vimeo na stronie internetowej Facebooka","og_description":"Utworzenie wid\u017cetu wideo Vimeo i umieszczenie go na swojej stronie na Facebooku jest ca\u0142kowicie proste. Obs\u0142uga klienta Elfsight jest bezp\u0142atna.","og_url":"https:\/\/elfsight.com\/pl\/vimeo-video-gallery-widget\/facebook\/","og_site_name":"Elfsight PL","article_modified_time":"2024-11-14T09:27:23+00:00","twitter_card":"summary_large_image","twitter_misc":{"Szacowany czas czytania":"2 minuty"},"schema":{"@context":"https:\/\/schema.org","@graph":[{"@type":"WebPage","@id":"https:\/\/elfsight.com\/pl\/vimeo-video-gallery-widget\/facebook\/","url":"https:\/\/elfsight.com\/pl\/vimeo-video-gallery-widget\/facebook\/","name":"Facebook Vimeo \u2014 Osad\u017a wid\u017cet Vimeo na stronie internetowej Facebooka","isPartOf":{"@id":"https:\/\/elfsight.com\/pl\/#website"},"datePublished":"1970-01-01T00:00:00+00:00","dateModified":"2024-11-14T09:27:23+00:00","description":"Utworzenie wid\u017cetu wideo Vimeo i umieszczenie go na swojej stronie na Facebooku jest ca\u0142kowicie proste. Obs\u0142uga klienta Elfsight jest bezp\u0142atna.","breadcrumb":{"@id":"https:\/\/elfsight.com\/pl\/vimeo-video-gallery-widget\/facebook\/#breadcrumb"},"inLanguage":"pl-PL","potentialAction":[{"@type":"ReadAction","target":["https:\/\/elfsight.com\/pl\/vimeo-video-gallery-widget\/facebook\/"]}]},{"@type":"BreadcrumbList","@id":"https:\/\/elfsight.com\/pl\/vimeo-video-gallery-widget\/facebook\/#breadcrumb","itemListElement":[{"@type":"ListItem","position":1,"name":"Home","item":"https:\/\/elfsight.com\/pl\/"},{"@type":"ListItem","position":2,"name":"Vimeo Gallery","item":"https:\/\/elfsight.com\/pl\/vimeo-video-gallery-widget\/"},{"@type":"ListItem","position":3,"name":"Vimeo Gallery &#8211; Facebook Page"}]},{"@type":"WebSite","@id":"https:\/\/elfsight.com\/pl\/#website","url":"https:\/\/elfsight.com\/pl\/","name":"Elfsight PL","description":"Just another Elfsight Sites site","potentialAction":[{"@type":"SearchAction","target":{"@type":"EntryPoint","urlTemplate":"https:\/\/elfsight.com\/pl\/?s={search_term_string}"},"query-input":{"@type":"PropertyValueSpecification","valueRequired":true,"valueName":"search_term_string"}}],"inLanguage":"pl-PL"}]}},"meta_box":{"industry":"","seo_heading":"","heading":"","description":"","cta_heading":"","cta_description":"","application":"2408","h1":"Umie\u015b\u0107 wideo Vimeo na Facebooku","h1_caption":"Osad\u017a galeri\u0119 film\u00f3w Vimeo, oferuj\u0105c p\u0142ynny spos\u00f3b prezentowania tre\u015bci wideo na swojej stronie na Facebooku bez wysi\u0142ku.","application_category":[],"applications_title":"","applications_request_title":"","applications_request_button_text":"","hero_text":"","hero_video":"","hero_video_schema_markup":"","selling_points_title":"","selling_points_caption":"","selling_points":[],"selling_points_cta_text":"","features_title":"","features":"","ed_cta_examples_text":"","ed_cta_examples_hidden":"","ed_cta_demo_text":"","ed_cta_demo_hidden":"","why_caption":"","why_editor_title":"","why_editor_text":"","why_team_title":"","why_team_text":"","why_service_title":"","why_service_text":"","template_catalog_visible":"","template_catalog_title":"","template_catalog_text":"","template_catalog_categories_visible":"","demo_title":"Utw\u00f3rz wid\u017cet Galerii Vimeo","demo_caption":"Skonfiguruj galeri\u0119 Vimeo i dodaj j\u0105 do swojej strony na Facebooku za darmo!","default_faq_hidden":"","app_template_category":[],"platform":"319","template_public_id":"","codecanyon_url":"","codecanyon_item_id":"","codecanyon_price":"","pricing_caption":"","pricing_elfsight_apps_hide_column":"","pricing_elfsight_apps_url":"","pricing_codecanyon_price_caption":"","integration_category":[],"integration_request_title":"","integration_request_cta":"","integration_platform":"","integrations":[],"platform_category":[],"video_schema_markup":"","price":"od 0 USD \/ miesi\u0105c","trial":"","benefits":[{"text":"Bezp\u0142atna pomoc w instalacji"},{"text":"Wsparcie premium"},{"text":"14-dniowa gwarancja zwrotu pieni\u0119dzy"}],"button_url":"#demo","button_target_blank":"","button_nofollow":"","attributes":[{"name":"Instaluje"},{"name":"Czu\u0142y"},{"name":"Kompatybilne przegl\u0105darki"}],"tags":[],"tags_disable_links":"","hide_more_platforms":"","video_object":"","demo_hide_cta":"","demo_hide_cloud_options":"","pricing_title":"","pricing":[{"pricing_icon":"platform","pricing_title":"Elfsight Apps","pricing_title_caption":"Wersja wieloplatformowa","pricing_price":"od 0 USD \/ miesi\u0105c","pricing_price_caption":"zacznij od bezp\u0142atnego planu","pricing_benefits":[{"text":"Nielimitowane domeny"},{"text":"Szybkie wsparcie"},{"text":"Bezp\u0142atne wsparcie przy instalacji"},{"text":"Oferta specjalna na wiele aplikacji"}],"pricing_button_text":"Dodaj do witryny","pricing_button_url":"#demo"}],"related_apps_title":"","related_apps_hidden":"","author":"","image":[],"title":"","job":"","social_networks":[]},"_links":{"self":[{"href":"https:\/\/elfsight.com\/pl\/wp-json\/wp\/v2\/pages\/7158","targetHints":{"allow":["GET"]}}],"collection":[{"href":"https:\/\/elfsight.com\/pl\/wp-json\/wp\/v2\/pages"}],"about":[{"href":"https:\/\/elfsight.com\/pl\/wp-json\/wp\/v2\/types\/page"}],"author":[{"embeddable":true,"href":"https:\/\/elfsight.com\/pl\/wp-json\/wp\/v2\/users\/9"}],"replies":[{"embeddable":true,"href":"https:\/\/elfsight.com\/pl\/wp-json\/wp\/v2\/comments?post=7158"}],"version-history":[{"count":1,"href":"https:\/\/elfsight.com\/pl\/wp-json\/wp\/v2\/pages\/7158\/revisions"}],"predecessor-version":[{"id":7162,"href":"https:\/\/elfsight.com\/pl\/wp-json\/wp\/v2\/pages\/7158\/revisions\/7162"}],"up":[{"embeddable":true,"href":"https:\/\/elfsight.com\/pl\/wp-json\/wp\/v2\/pages\/2409"}],"wp:attachment":[{"href":"https:\/\/elfsight.com\/pl\/wp-json\/wp\/v2\/media?parent=7158"}],"curies":[{"name":"wp","href":"https:\/\/api.w.org\/{rel}","templated":true}]}}