{"id":7151,"date":"1970-01-01T00:00:00","date_gmt":"1970-01-01T00:00:00","guid":{"rendered":"https:\/\/elfsight.com\/pl\/?page_id=7151"},"modified":"2024-11-14T08:52:41","modified_gmt":"2024-11-14T08:52:41","slug":"google-sites","status":"publish","type":"page","link":"https:\/\/elfsight.com\/pl\/vimeo-video-gallery-widget\/google-sites\/","title":{"rendered":"Vimeo Gallery &#8211; Google Sites"},"content":{"rendered":"<div class=\"application-platform-content-item-description application-platform-content-item\" id=\"description\" data-nav-section=\"description\"> <h2>Osad\u017a Galeri\u0119 Vimeo w Witrynach Google za pomoc\u0105 wid\u017cetu Elfsight<\/h2> <p>Galeria Elfsight Vimeo dla Witryn Google to proste narz\u0119dzie dla ka\u017cdego kt\u00f3rzy musz\u0105 wy\u015bwietla\u0107 filmy Vimeo w serwisie. Mo\u017cesz zbiera\u0107 playlisty, integrowa\u0107 ca\u0142y kana\u0142, wybiera\u0107 najbardziej wci\u0105gaj\u0105ce tre\u015bci wideo do swojej galerii wideo i nie tylko. Wid\u017cet Elfsight oferuje wiele ustawie\u0144 projektowych, kt\u00f3re pomagaj\u0105 dostosowa\u0107 interfejs do r\u00f3\u017cnych przypadk\u00f3w. Trzy uk\u0142ady pozwol\u0105 najlepiej rozmie\u015bci\u0107 filmy, a wyb\u00f3r tryb\u00f3w odtwarzania sprawi, \u017ce ogl\u0105danie film\u00f3w b\u0119dzie przydatne w ka\u017cdym przypadku. Dzi\u0119ki konfigurowalnemu nag\u0142\u00f3wkowi mo\u017cesz \u0142atwo og\u0142osi\u0107 sw\u00f3j kana\u0142 i zdoby\u0107 nowych obserwuj\u0105cych. Galeria Elfsight Vimeo to skuteczny spos\u00f3b nie tylko na zwi\u0119kszenie zaanga\u017cowania, ale tak\u017ce na promocj\u0119 Twojej firmy. <\/p> <p><b>Dzi\u0119ki Galerii Vimeo rozpocznij aktywny rozw\u00f3j biznesu i zwi\u0119ksz sprzeda\u017c!<\/b><\/p> <\/div> <div class=\"application-platform-content-item-features application-platform-content-item\" id=\"features\" data-nav-section=\"features\"> <h2>To tylko kilka z r\u00f3\u017cne funkcje wid\u017cetu: <\/h2> <ul><li>Kilka gotowych do u\u017cycia uk\u0142ad\u00f3w dla r\u00f3\u017cnych tempa odtwarzania film\u00f3w: siatka, lista odtwarzania, suwak; <\/li><li>Siedem prze\u0142\u0105czalnych element\u00f3w nag\u0142\u00f3wka: nazwa, statystyki, opis, przycisk obserwuj\u0105cy, zdj\u0119cie profilowe; <\/li><li>4 gotowe do u\u017cycia tryby odtwarzania: Popup, Player, Inline lub na Vimeo; <\/li><li>3 dzia\u0142ania po zako\u0144czeniu filmu: odtwarzaj dalej, odtwarzaj ponownie, brak; <\/li><\/ul><p><a href=\"#demo\">Mo\u017cesz wypr\u00f3bowa\u0107 pe\u0142n\u0105 funkcjonalno\u015b\u0107 wid\u017cetu w wersji demonstracyjnej <\/a><\/p> <\/div> <div class=\"application-platform-content-item-installation  application-platform-content-item\" id=\"installation \" data-nav-section=\"installation \"> <h2>Jak osadzi\u0107 Galeri\u0119 Vimeo w mojej witrynie Witryn Google? <\/h2><div class=\"video-container\"><iframe width=\"720\" height=\"405\" src=\"https:\/\/www.youtube.com\/embed\/yHg-hu0jVFE\" frameborder=\"0\" allowfullscreen=\"\"><\/iframe><\/div><p>Wystarczy wykona\u0107 kroki opisane poni\u017cej, aby zintegrowa\u0107 narz\u0119dzie. <\/p> <ol><li><b>Zarz\u0105dzaj naszym bezp\u0142atnym edytorem i zacznij tworzy\u0107 w\u0142asn\u0105 wtyczk\u0119. <\/b><br> Wybierz preferowany wygl\u0105d i funkcje wid\u017cetu i zapisz zmiany. <\/li> <li><b>Zdob\u0105d\u017a sw\u00f3j unikalny kod pojawiaj\u0105cy si\u0119 w polu w aplikacjach Elfsight. <\/b><br> Zaraz po zako\u0144czeniu generowania osobistego wid\u017cetu skopiuj ekskluzywny kod z pojawiaj\u0105cego si\u0119 wyskakuj\u0105cego okienka i zachowaj go do wykorzystania w przysz\u0142o\u015bci. <\/li> <li><b>Rozpocznij korzystanie z wid\u017cetu na swojej stronie internetowej Witryn Google. <\/b><br> Umie\u015b\u0107 ostatnio zapisany kod na swojej stronie i zapisz zmiany. <\/li> <li><b>Gotowe! Integracja zosta\u0142a pomy\u015blnie przeprowadzona. <\/b><br> Przejd\u017a na swoj\u0105 stron\u0119 internetow\u0105, aby sprawdzi\u0107 dzia\u0142anie wtyczki. <\/li><\/ol> <div class=\"tip-yellow tip\"><b>Ze wzgl\u0119du na specyfik\u0119 dzia\u0142ania Witryn Google wid\u017cet mo\u017ce wygl\u0105da\u0107 inaczej ni\u017c wersja demonstracyjna online. Przepraszamy za wszelkie niedogodno\u015bci.<\/b><\/div><p>Je\u015bli napotkasz jakie\u015b przeszkody, bez wahania zwr\u00f3\u0107 si\u0119 do naszego personelu pomocy technicznej. Nasi specjali\u015bci ch\u0119tnie pomog\u0105 Ci we wszystkich problemach, jakie mo\u017cesz mie\u0107 z narz\u0119dziem. <\/p> <div class=\"faq\" data-component=\"FAQ\"><div class=\"faq-item\">\r\n\t\t\t\t\t<div class=\"faq-item-question\">\r\n\t\t\t\t\t\t<h3 class=\"faq-item-question-text\">Jak mog\u0119 osadzi\u0107 wid\u017cet Galerii Vimeo na mojej stronie Witryn Google bez umiej\u0119tno\u015bci kodowania?<\/h3>\r\n\r\n\t\t\t\t\t\t<div class=\"faq-item-question-icon\"><\/div>\r\n\t\t\t\t\t<\/div>\r\n\r\n\t\t\t\t\t<div class=\"faq-item-answer\">\r\n\t\t\t\t\t\t<div class=\"faq-item-answer-text\"><p>Elfsight oferuje rozwi\u0105zanie oparte na chmurze, kt\u00f3re umo\u017cliwia u\u017cytkownikom osadzanie wid\u017cetu Galerii Vimeo samodzielnie, przekonaj si\u0119, jak prosty jest ten proces:<\/p><ul><li>Uzyskaj dost\u0119p do edytora online, aby wygenerowa\u0107 sekcj\u0119 wid\u017cetu Galerii Vimeo, kt\u00f3r\u0105 chcesz zintegrowa\u0107 ze swoj\u0105 stron\u0105 w Witrynach Google.<\/li><li>Wybierz jeden z naszych wst\u0119pnie zaprojektowanych szablon\u00f3w i dostosuj ustawienia wid\u017cetu Galerii Vimeo, zmodyfikuj uk\u0142ad i schemat kolor\u00f3w, do\u0142\u0105cz swoje tre\u015bci bez konieczno\u015bci kodowania.<\/li><li>Zapisz ustawienia skonfigurowane dla Vimeo Wid\u017cet Galerii i uzyskaj kod wid\u017cetu do umieszczenia na stronie, kt\u00f3ry mo\u017cna \u0142atwo i bezp\u0142atnie doda\u0107 do swojej strony w Witrynach Google.<\/li><\/ul><p>Dzi\u0119ki pracy w przyjaznym dla u\u017cytkownika Edytorze ka\u017cdy u\u017cytkownik Internetu mo\u017ce utworzy\u0107 sekcj\u0119 wid\u017cetu Galerii Vimeo i umie\u015b\u0107 j\u0105 na swojej stronie Witryn Google. Aby uzyska\u0107 dost\u0119p do Edytora Elfsight, nie jest wymagana \u017cadna p\u0142atno\u015b\u0107 ani ujawnianie danych karty. Je\u015bli na kt\u00f3rymkolwiek etapie napotkasz jakiekolwiek trudno\u015bci, skontaktuj si\u0119 z naszym dzia\u0142em obs\u0142ugi klienta.<\/p><\/div>\r\n\t\t\t\t\t<\/div>\r\n\t\t\t\t<\/div><\/div><\/div>","protected":false},"excerpt":{"rendered":"","protected":false},"author":9,"featured_media":0,"parent":2409,"menu_order":0,"comment_status":"closed","ping_status":"closed","template":"templates\/template-application-platform.php","meta":{"publish_to_discourse":"","publish_post_category":"","wpdc_auto_publish_overridden":"","wpdc_topic_tags":"","wpdc_pin_topic":"","wpdc_pin_until":"","discourse_post_id":"","discourse_permalink":"","wpdc_publishing_response":"","wpdc_publishing_error":"","footnotes":""},"class_list":["post-7151","page","type-page","status-publish","hentry"],"yoast_head":"<!-- This site is optimized with the Yoast SEO plugin v25.3.1 - https:\/\/yoast.com\/wordpress\/plugins\/seo\/ -->\n<title>Galeria Vimeo \u2014 dodaj wid\u017cet wideo do Witryn Google kilkoma klikni\u0119ciami (2025)<\/title>\n<meta name=\"description\" content=\"Zaimplementuj responsywn\u0105 wtyczk\u0119 Galerii Vimeo w swojej witrynie Google Sites i zdob\u0105d\u017a pe\u0142ne zaufanie. Skorzystaj z por\u0119cznej wersji demonstracyjnej Elfsight, aby stworzy\u0107 swoj\u0105 unikaln\u0105 funkcj\u0119.\" \/>\n<meta name=\"robots\" content=\"index, follow, max-snippet:-1, max-image-preview:large, max-video-preview:-1\" \/>\n<link rel=\"canonical\" href=\"https:\/\/elfsight.com\/pl\/vimeo-video-gallery-widget\/google-sites\/\" \/>\n<meta property=\"og:locale\" content=\"pl_PL\" \/>\n<meta property=\"og:type\" content=\"article\" \/>\n<meta property=\"og:title\" content=\"Galeria Vimeo \u2014 dodaj wid\u017cet wideo do Witryn Google kilkoma klikni\u0119ciami (2025)\" \/>\n<meta property=\"og:description\" content=\"Zaimplementuj responsywn\u0105 wtyczk\u0119 Galerii Vimeo w swojej witrynie Google Sites i zdob\u0105d\u017a pe\u0142ne zaufanie. Skorzystaj z por\u0119cznej wersji demonstracyjnej Elfsight, aby stworzy\u0107 swoj\u0105 unikaln\u0105 funkcj\u0119.\" \/>\n<meta property=\"og:url\" content=\"https:\/\/elfsight.com\/pl\/vimeo-video-gallery-widget\/google-sites\/\" \/>\n<meta property=\"og:site_name\" content=\"Elfsight PL\" \/>\n<meta property=\"article:modified_time\" content=\"2024-11-14T08:52:41+00:00\" \/>\n<meta name=\"twitter:card\" content=\"summary_large_image\" \/>\n<meta name=\"twitter:label1\" content=\"Szacowany czas czytania\" \/>\n\t<meta name=\"twitter:data1\" content=\"3 minuty\" \/>\n<!-- \/ Yoast SEO plugin. -->","yoast_head_json":{"title":"Galeria Vimeo \u2014 dodaj wid\u017cet wideo do Witryn Google kilkoma klikni\u0119ciami (2025)","description":"Zaimplementuj responsywn\u0105 wtyczk\u0119 Galerii Vimeo w swojej witrynie Google Sites i zdob\u0105d\u017a pe\u0142ne zaufanie. Skorzystaj z por\u0119cznej wersji demonstracyjnej Elfsight, aby stworzy\u0107 swoj\u0105 unikaln\u0105 funkcj\u0119.","robots":{"index":"index","follow":"follow","max-snippet":"max-snippet:-1","max-image-preview":"max-image-preview:large","max-video-preview":"max-video-preview:-1"},"canonical":"https:\/\/elfsight.com\/pl\/vimeo-video-gallery-widget\/google-sites\/","og_locale":"pl_PL","og_type":"article","og_title":"Galeria Vimeo \u2014 dodaj wid\u017cet wideo do Witryn Google kilkoma klikni\u0119ciami (2025)","og_description":"Zaimplementuj responsywn\u0105 wtyczk\u0119 Galerii Vimeo w swojej witrynie Google Sites i zdob\u0105d\u017a pe\u0142ne zaufanie. Skorzystaj z por\u0119cznej wersji demonstracyjnej Elfsight, aby stworzy\u0107 swoj\u0105 unikaln\u0105 funkcj\u0119.","og_url":"https:\/\/elfsight.com\/pl\/vimeo-video-gallery-widget\/google-sites\/","og_site_name":"Elfsight PL","article_modified_time":"2024-11-14T08:52:41+00:00","twitter_card":"summary_large_image","twitter_misc":{"Szacowany czas czytania":"3 minuty"},"schema":{"@context":"https:\/\/schema.org","@graph":[{"@type":"WebPage","@id":"https:\/\/elfsight.com\/pl\/vimeo-video-gallery-widget\/google-sites\/","url":"https:\/\/elfsight.com\/pl\/vimeo-video-gallery-widget\/google-sites\/","name":"Galeria Vimeo \u2014 dodaj wid\u017cet wideo do Witryn Google kilkoma klikni\u0119ciami (2025)","isPartOf":{"@id":"https:\/\/elfsight.com\/pl\/#website"},"datePublished":"1970-01-01T00:00:00+00:00","dateModified":"2024-11-14T08:52:41+00:00","description":"Zaimplementuj responsywn\u0105 wtyczk\u0119 Galerii Vimeo w swojej witrynie Google Sites i zdob\u0105d\u017a pe\u0142ne zaufanie. Skorzystaj z por\u0119cznej wersji demonstracyjnej Elfsight, aby stworzy\u0107 swoj\u0105 unikaln\u0105 funkcj\u0119.","breadcrumb":{"@id":"https:\/\/elfsight.com\/pl\/vimeo-video-gallery-widget\/google-sites\/#breadcrumb"},"inLanguage":"pl-PL","potentialAction":[{"@type":"ReadAction","target":["https:\/\/elfsight.com\/pl\/vimeo-video-gallery-widget\/google-sites\/"]}]},{"@type":"BreadcrumbList","@id":"https:\/\/elfsight.com\/pl\/vimeo-video-gallery-widget\/google-sites\/#breadcrumb","itemListElement":[{"@type":"ListItem","position":1,"name":"Home","item":"https:\/\/elfsight.com\/pl\/"},{"@type":"ListItem","position":2,"name":"Vimeo Gallery","item":"https:\/\/elfsight.com\/pl\/vimeo-video-gallery-widget\/"},{"@type":"ListItem","position":3,"name":"Vimeo Gallery &#8211; Google Sites"}]},{"@type":"WebSite","@id":"https:\/\/elfsight.com\/pl\/#website","url":"https:\/\/elfsight.com\/pl\/","name":"Elfsight PL","description":"Just another Elfsight Sites site","potentialAction":[{"@type":"SearchAction","target":{"@type":"EntryPoint","urlTemplate":"https:\/\/elfsight.com\/pl\/?s={search_term_string}"},"query-input":{"@type":"PropertyValueSpecification","valueRequired":true,"valueName":"search_term_string"}}],"inLanguage":"pl-PL"}]}},"meta_box":{"industry":"","seo_heading":"","heading":"","description":"","cta_heading":"","cta_description":"","application":"2408","h1":"Wid\u017cet Galerii Vimeo w Witrynach Google","h1_caption":"Umie\u015b\u0107 galeri\u0119 film\u00f3w Vimeo, co zapewni p\u0142ynny spos\u00f3b prezentowania tre\u015bci wideo w Witrynach Google.","application_category":[],"applications_title":"","applications_request_title":"","applications_request_button_text":"","hero_text":"","hero_video":"","hero_video_schema_markup":"","selling_points_title":"","selling_points_caption":"","selling_points":[],"selling_points_cta_text":"","features_title":"","features":"","ed_cta_examples_text":"","ed_cta_examples_hidden":"","ed_cta_demo_text":"","ed_cta_demo_hidden":"","why_caption":"","why_editor_title":"","why_editor_text":"","why_team_title":"","why_team_text":"","why_service_title":"","why_service_text":"","template_catalog_visible":"","template_catalog_title":"","template_catalog_text":"","template_catalog_categories_visible":"","demo_title":"Utw\u00f3rz wid\u017cet Galerii Vimeo","demo_caption":"Skonfiguruj galeri\u0119 Vimeo i dodaj j\u0105 do swojej witryny Google Sites za darmo!","default_faq_hidden":"","app_template_category":[],"platform":"484","template_public_id":"","codecanyon_url":"","codecanyon_item_id":"","codecanyon_price":"","pricing_caption":"","pricing_elfsight_apps_hide_column":"","pricing_elfsight_apps_url":"","pricing_codecanyon_price_caption":"","integration_category":[],"integration_request_title":"","integration_request_cta":"","integration_platform":"","integrations":[],"platform_category":[],"video_schema_markup":"","price":"od 0 USD \/ miesi\u0105c","trial":"","benefits":[{"text":"Bezp\u0142atna pomoc w instalacji"},{"text":"Kompetentna obs\u0142uga klienta"},{"text":"14-dniowa gwarancja zwrotu pieni\u0119dzy"}],"button_url":"#demo","button_target_blank":"","button_nofollow":"","attributes":[{"name":"Instaluje"},{"name":"Czu\u0142y"},{"name":"Kompatybilne przegl\u0105darki"}],"tags":[],"tags_disable_links":"","hide_more_platforms":"","video_object":"","demo_hide_cta":"","demo_hide_cloud_options":"","pricing_title":"","pricing":[{"pricing_icon":"platform","pricing_title":"Elfsight Apps","pricing_title_caption":"Wieloplatformowe rozwi\u0105zanie cyfrowe","pricing_price":"od 0 USD \/ miesi\u0105c","pricing_price_caption":"zacznij od bezp\u0142atnego planu","pricing_benefits":[{"text":"Nielimitowane domeny"},{"text":"Dedykowana obs\u0142uga klienta"},{"text":"Bezp\u0142atna pomoc w monta\u017cu"},{"text":"Oferta specjalna na wiele aplikacji"}],"pricing_button_text":"Dodaj do witryny","pricing_button_url":"#demo"}],"related_apps_title":"","related_apps_hidden":"","author":"","image":[],"title":"","job":"","social_networks":[]},"_links":{"self":[{"href":"https:\/\/elfsight.com\/pl\/wp-json\/wp\/v2\/pages\/7151","targetHints":{"allow":["GET"]}}],"collection":[{"href":"https:\/\/elfsight.com\/pl\/wp-json\/wp\/v2\/pages"}],"about":[{"href":"https:\/\/elfsight.com\/pl\/wp-json\/wp\/v2\/types\/page"}],"author":[{"embeddable":true,"href":"https:\/\/elfsight.com\/pl\/wp-json\/wp\/v2\/users\/9"}],"replies":[{"embeddable":true,"href":"https:\/\/elfsight.com\/pl\/wp-json\/wp\/v2\/comments?post=7151"}],"version-history":[{"count":2,"href":"https:\/\/elfsight.com\/pl\/wp-json\/wp\/v2\/pages\/7151\/revisions"}],"predecessor-version":[{"id":8095,"href":"https:\/\/elfsight.com\/pl\/wp-json\/wp\/v2\/pages\/7151\/revisions\/8095"}],"up":[{"embeddable":true,"href":"https:\/\/elfsight.com\/pl\/wp-json\/wp\/v2\/pages\/2409"}],"wp:attachment":[{"href":"https:\/\/elfsight.com\/pl\/wp-json\/wp\/v2\/media?parent=7151"}],"curies":[{"name":"wp","href":"https:\/\/api.w.org\/{rel}","templated":true}]}}