{"id":7149,"date":"2024-05-03T06:53:20","date_gmt":"2024-05-03T06:53:20","guid":{"rendered":"https:\/\/elfsight.com\/pl\/?page_id=7149"},"modified":"2025-06-20T09:51:34","modified_gmt":"2025-06-20T09:51:34","slug":"prestashop","status":"publish","type":"page","link":"https:\/\/elfsight.com\/pl\/vimeo-video-gallery-widget\/prestashop\/","title":{"rendered":"Vimeo Gallery &#8211; PrestaShop"},"content":{"rendered":"<div class=\"application-platform-content-item-description application-platform-content-item\" id=\"description\" data-nav-section=\"description\">\n<h2>Opis<\/h2>\n<p>Galeria Elfsight Vimeo to proste narz\u0119dzie dla w\u0142a\u015bcicieli witryn, kt\u00f3rzy chc\u0105 osadzi\u0107 tre\u015bci Vimeo w witrynie. Mo\u017cesz tworzy\u0107 playlisty z filmami, wy\u015bwietla\u0107 ca\u0142y kana\u0142, znajdowa\u0107 najlepsze tre\u015bci do swojej galerii i nie tylko. Wid\u017cet zawiera wiele funkcji, kt\u00f3re pomagaj\u0105 dostosowa\u0107 interfejs do r\u00f3\u017cnych zastosowa\u0144. Gotowe do u\u017cycia uk\u0142ady pomagaj\u0105 w optymalnym rozmieszczeniu tre\u015bci, a kilka tryb\u00f3w odtwarzania sprawia, \u017ce ogl\u0105danie film\u00f3w jest wygodne w ka\u017cdym przypadku. Za pomoc\u0105 elastycznego nag\u0142\u00f3wka mo\u017cesz przedstawi\u0107 sw\u00f3j kana\u0142 i zwi\u0119kszy\u0107 liczb\u0119 obserwuj\u0105cych. Galeria Elfsight Vimeo to skuteczny spos\u00f3b nie tylko na zwi\u0119kszenie zaanga\u017cowania, ale tak\u017ce na promocj\u0119 Twojej firmy.<\/p>\n<p>Wstaw galeri\u0119 Vimeo, aby \u0142atwiej osi\u0105gn\u0105\u0107 szczyty e-commerce!<\/p>\n<\/div>\n\n<div class=\"application-platform-content-item-features application-platform-content-item\" id=\"features\" data-nav-section=\"features\">\n<h2>To tylko kilka z rozbudowanych funkcji wid\u017cetu:<\/h2>\n<ul>\n    <li>Dodawanie okre\u015blonych film\u00f3w wed\u0142ug adres\u00f3w URL;<\/li>\n    <li>3 wbudowane uk\u0142ady umo\u017cliwiaj\u0105ce r\u00f3\u017cne sposoby aran\u017cacji film\u00f3w: siatka, lista odtwarzania, suwak;<\/li>\n    <li>7 kontrolowanych element\u00f3w nag\u0142\u00f3wka: nazwa, statystyki, opis, przycisk obserwuj\u0105cy, zdj\u0119cie profilowe;<\/li>\n    <li>Cztery gotowe do u\u017cycia tryby odtwarzania: Wyskakuj\u0105ce okienko, Odtwarzacz, Inline lub na Vimeo;<\/li>\n    <li>Trzy opcje po zako\u0144czeniu filmu: odtwarzaj dalej, odtwarzaj ponownie, brak.<\/li>\n<\/ul>\n<p><a href=\"#demo\">Wystarczy wypr\u00f3bowa\u0107 t\u0119 wersj\u0119 demonstracyjn\u0105, aby uzyska\u0107 pe\u0142ny obraz<\/a><\/p>\n<\/div>\n\n<div class=\"application-platform-content-item-installation application-platform-content-item\" id=\"installation\" data-nav-section=\"installation\">\n<h2>Jak osadzi\u0107 galeri\u0119 Vimeo w sklepie PrestaShop<\/h2>\n<p>Wystarczy zastosowa\u0107 si\u0119 do poni\u017cszych instrukcji, aby osadzi\u0107 dodatek.<\/p>\n<ol>\n    <li>Skorzystaj z naszej bezp\u0142atnej wersji demonstracyjnej i zacznij tworzy\u0107 w\u0142asny wid\u017cet.\n        <br>Znajd\u017a po\u017c\u0105dany wygl\u0105d i opcje wid\u017cetu i zapisz poprawki.<\/li>\n    <li>Zdob\u0105d\u017a sw\u00f3j osobisty kod pojawiaj\u0105cy si\u0119 w polu w aplikacjach Elfsight.\n        <br>Po zako\u0144czeniu tworzenia dodatku skopiuj indywidualny kod z wy\u015bwietlonego pola i zachowaj go na p\u00f3\u017aniej.<\/li>\n    <li>Rozpocznij korzystanie z wid\u017cetu na stronie internetowej PrestaShop.\n        <br>Zaimplementuj zapisany wcze\u015bniej kod na swojej stronie internetowej i zapisz ulepszenia.<\/li>\n    <li>Instalacja zosta\u0142a pomy\u015blnie zako\u0144czona.\n        <br>Przejd\u017a do swojej witryny, aby zobaczy\u0107 prac\u0119 dodatku.<\/li>\n<\/ol>\n<p>Je\u015bli napotkasz jakiekolwiek problemy, skontaktuj si\u0119 z naszym zespo\u0142em wsparcia. Nasi konsultanci pragn\u0105 rozwi\u0105za\u0107 wszystkie problemy, jakie mo\u017cesz mie\u0107 z produktem.<\/p>\n<\/div>","protected":false},"excerpt":{"rendered":"","protected":false},"author":9,"featured_media":0,"parent":2409,"menu_order":0,"comment_status":"closed","ping_status":"closed","template":"templates\/template-application-platform.php","meta":{"publish_to_discourse":"","publish_post_category":"","wpdc_auto_publish_overridden":"","wpdc_topic_tags":"","wpdc_pin_topic":"","wpdc_pin_until":"","discourse_post_id":"","discourse_permalink":"","wpdc_publishing_response":"","wpdc_publishing_error":"","footnotes":""},"class_list":["post-7149","page","type-page","status-publish","hentry"],"yoast_head":"<!-- This site is optimized with the Yoast SEO plugin v25.3.1 - https:\/\/yoast.com\/wordpress\/plugins\/seo\/ -->\n<title>PrestaShop Vimeo | Umie\u015b\u0107 galeri\u0119 Vimeo na stronie PrestaShop<\/title>\n<meta name=\"description\" content=\"Stw\u00f3rz swoj\u0105 galeri\u0119 wideo Vimeo i w mgnieniu oka umie\u015b\u0107 j\u0105 na stronie PrestaShop. Oferujemy bezp\u0142atn\u0105 obs\u0142ug\u0119 klienta i inne bonusy.\" \/>\n<meta name=\"robots\" content=\"index, follow, max-snippet:-1, max-image-preview:large, max-video-preview:-1\" \/>\n<link rel=\"canonical\" href=\"https:\/\/elfsight.com\/pl\/vimeo-video-gallery-widget\/prestashop\/\" \/>\n<meta property=\"og:locale\" content=\"pl_PL\" \/>\n<meta property=\"og:type\" content=\"article\" \/>\n<meta property=\"og:title\" content=\"PrestaShop Vimeo | Umie\u015b\u0107 galeri\u0119 Vimeo na stronie PrestaShop\" \/>\n<meta property=\"og:description\" content=\"Stw\u00f3rz swoj\u0105 galeri\u0119 wideo Vimeo i w mgnieniu oka umie\u015b\u0107 j\u0105 na stronie PrestaShop. Oferujemy bezp\u0142atn\u0105 obs\u0142ug\u0119 klienta i inne bonusy.\" \/>\n<meta property=\"og:url\" content=\"https:\/\/elfsight.com\/pl\/vimeo-video-gallery-widget\/prestashop\/\" \/>\n<meta property=\"og:site_name\" content=\"Elfsight PL\" \/>\n<meta property=\"article:modified_time\" content=\"2025-06-20T09:51:34+00:00\" \/>\n<meta name=\"twitter:card\" content=\"summary_large_image\" \/>\n<meta name=\"twitter:label1\" content=\"Szacowany czas czytania\" \/>\n\t<meta name=\"twitter:data1\" content=\"2 minuty\" \/>\n<!-- \/ Yoast SEO plugin. -->","yoast_head_json":{"title":"PrestaShop Vimeo | Umie\u015b\u0107 galeri\u0119 Vimeo na stronie PrestaShop","description":"Stw\u00f3rz swoj\u0105 galeri\u0119 wideo Vimeo i w mgnieniu oka umie\u015b\u0107 j\u0105 na stronie PrestaShop. Oferujemy bezp\u0142atn\u0105 obs\u0142ug\u0119 klienta i inne bonusy.","robots":{"index":"index","follow":"follow","max-snippet":"max-snippet:-1","max-image-preview":"max-image-preview:large","max-video-preview":"max-video-preview:-1"},"canonical":"https:\/\/elfsight.com\/pl\/vimeo-video-gallery-widget\/prestashop\/","og_locale":"pl_PL","og_type":"article","og_title":"PrestaShop Vimeo | Umie\u015b\u0107 galeri\u0119 Vimeo na stronie PrestaShop","og_description":"Stw\u00f3rz swoj\u0105 galeri\u0119 wideo Vimeo i w mgnieniu oka umie\u015b\u0107 j\u0105 na stronie PrestaShop. Oferujemy bezp\u0142atn\u0105 obs\u0142ug\u0119 klienta i inne bonusy.","og_url":"https:\/\/elfsight.com\/pl\/vimeo-video-gallery-widget\/prestashop\/","og_site_name":"Elfsight PL","article_modified_time":"2025-06-20T09:51:34+00:00","twitter_card":"summary_large_image","twitter_misc":{"Szacowany czas czytania":"2 minuty"},"schema":{"@context":"https:\/\/schema.org","@graph":[{"@type":"WebPage","@id":"https:\/\/elfsight.com\/pl\/vimeo-video-gallery-widget\/prestashop\/","url":"https:\/\/elfsight.com\/pl\/vimeo-video-gallery-widget\/prestashop\/","name":"PrestaShop Vimeo | Umie\u015b\u0107 galeri\u0119 Vimeo na stronie PrestaShop","isPartOf":{"@id":"https:\/\/elfsight.com\/pl\/#website"},"datePublished":"2024-05-03T06:53:20+00:00","dateModified":"2025-06-20T09:51:34+00:00","description":"Stw\u00f3rz swoj\u0105 galeri\u0119 wideo Vimeo i w mgnieniu oka umie\u015b\u0107 j\u0105 na stronie PrestaShop. Oferujemy bezp\u0142atn\u0105 obs\u0142ug\u0119 klienta i inne bonusy.","breadcrumb":{"@id":"https:\/\/elfsight.com\/pl\/vimeo-video-gallery-widget\/prestashop\/#breadcrumb"},"inLanguage":"pl-PL","potentialAction":[{"@type":"ReadAction","target":["https:\/\/elfsight.com\/pl\/vimeo-video-gallery-widget\/prestashop\/"]}]},{"@type":"BreadcrumbList","@id":"https:\/\/elfsight.com\/pl\/vimeo-video-gallery-widget\/prestashop\/#breadcrumb","itemListElement":[{"@type":"ListItem","position":1,"name":"Home","item":"https:\/\/elfsight.com\/pl\/"},{"@type":"ListItem","position":2,"name":"Vimeo Gallery","item":"https:\/\/elfsight.com\/pl\/vimeo-video-gallery-widget\/"},{"@type":"ListItem","position":3,"name":"Vimeo Gallery &#8211; PrestaShop"}]},{"@type":"WebSite","@id":"https:\/\/elfsight.com\/pl\/#website","url":"https:\/\/elfsight.com\/pl\/","name":"Elfsight PL","description":"Just another Elfsight Sites site","potentialAction":[{"@type":"SearchAction","target":{"@type":"EntryPoint","urlTemplate":"https:\/\/elfsight.com\/pl\/?s={search_term_string}"},"query-input":{"@type":"PropertyValueSpecification","valueRequired":true,"valueName":"search_term_string"}}],"inLanguage":"pl-PL"}]}},"meta_box":{"industry":"","seo_heading":"","heading":"","description":"","cta_heading":"","cta_description":"","application":"2408","h1":"Galeria wideo PrestaShop Vimeo","h1_caption":"Osad\u017a galeri\u0119 film\u00f3w Vimeo, oferuj\u0105c p\u0142ynny spos\u00f3b prezentowania tre\u015bci wideo w witrynie Prestashop.","application_category":[],"applications_title":"","applications_request_title":"","applications_request_button_text":"","hero_text":"","hero_video":"","hero_video_schema_markup":"","selling_points_title":"","selling_points_caption":"","selling_points":[],"selling_points_cta_text":"","features_title":"","features":"","ed_cta_examples_text":"","ed_cta_examples_hidden":"","ed_cta_demo_text":"","ed_cta_demo_hidden":"","why_caption":"","why_editor_title":"","why_editor_text":"","why_team_title":"","why_team_text":"","why_service_title":"","why_service_text":"","template_catalog_visible":"0","template_catalog_title":"","template_catalog_text":"","template_catalog_categories_visible":"","demo_title":"Nie wahaj si\u0119 i utw\u00f3rz niestandardow\u0105 galeri\u0119 wideo PrestaShop Vimeo!","demo_caption":"Spersonalizuj go i wstaw na swoj\u0105 stron\u0119 za pomoc\u0105 aktywnego demo.","default_faq_hidden":"","app_template_category":[],"platform":"586","template_public_id":"","codecanyon_url":"","codecanyon_item_id":"","codecanyon_price":"","pricing_caption":"","pricing_elfsight_apps_hide_column":"","pricing_elfsight_apps_url":"","pricing_codecanyon_price_caption":"","integration_category":[],"integration_request_title":"","integration_request_cta":"","integration_platform":"","integrations":[],"platform_category":[],"video_schema_markup":"","price":"od 0 USD \/ miesi\u0105c","trial":"","benefits":[{"text":"Bezp\u0142atna pomoc w instalacji"},{"text":"Profesjonalna obs\u0142uga klienta"},{"text":"14-dniowa gwarancja zwrotu pieni\u0119dzy"},{"text":"Do\u017cywotnie bezp\u0142atne ulepszenia"}],"button_url":"#demo","button_target_blank":"0","button_nofollow":"0","attributes":[{"name":"Instaluje"},{"name":"Czu\u0142y","content":"Tak"},{"name":"Kompatybilne przegl\u0105darki","content":"Firefox, Safari, Opera, Chrome, Edge"}],"tags":[],"tags_disable_links":"0","hide_more_platforms":"0","video_object":"","demo_hide_cta":"0","demo_hide_cloud_options":"0","pricing_title":"","pricing":[{"pricing_icon":"platform","pricing_title":"Elfsight Apps","pricing_title_caption":"Wersja wieloplatformowa, kt\u00f3ra dzia\u0142a na dowolnej witrynie","pricing_price":"od 0 USD \/ miesi\u0105c","pricing_price_caption":"zacznij od bezp\u0142atnego planu","pricing_benefits":[{"text":"Nielimitowane strony internetowe"},{"text":"Profesjonalne wsparcie firmy"},{"text":"Bezp\u0142atna pomoc w monta\u017cu"},{"text":"Elastyczny projekt"}],"pricing_button_text":"Dodaj do witryny","pricing_button_url":"#demo"}],"related_apps_title":"","related_apps_hidden":"0","author":"","image":[],"title":"","job":"","social_networks":[]},"_links":{"self":[{"href":"https:\/\/elfsight.com\/pl\/wp-json\/wp\/v2\/pages\/7149","targetHints":{"allow":["GET"]}}],"collection":[{"href":"https:\/\/elfsight.com\/pl\/wp-json\/wp\/v2\/pages"}],"about":[{"href":"https:\/\/elfsight.com\/pl\/wp-json\/wp\/v2\/types\/page"}],"author":[{"embeddable":true,"href":"https:\/\/elfsight.com\/pl\/wp-json\/wp\/v2\/users\/9"}],"replies":[{"embeddable":true,"href":"https:\/\/elfsight.com\/pl\/wp-json\/wp\/v2\/comments?post=7149"}],"version-history":[{"count":2,"href":"https:\/\/elfsight.com\/pl\/wp-json\/wp\/v2\/pages\/7149\/revisions"}],"predecessor-version":[{"id":10193,"href":"https:\/\/elfsight.com\/pl\/wp-json\/wp\/v2\/pages\/7149\/revisions\/10193"}],"up":[{"embeddable":true,"href":"https:\/\/elfsight.com\/pl\/wp-json\/wp\/v2\/pages\/2409"}],"wp:attachment":[{"href":"https:\/\/elfsight.com\/pl\/wp-json\/wp\/v2\/media?parent=7149"}],"curies":[{"name":"wp","href":"https:\/\/api.w.org\/{rel}","templated":true}]}}