{"id":7142,"date":"1970-01-01T00:00:00","date_gmt":"1970-01-01T00:00:00","guid":{"rendered":"https:\/\/elfsight.com\/pl\/?page_id=7142"},"modified":"2025-06-25T09:05:09","modified_gmt":"2025-06-25T09:05:09","slug":"blogger","status":"publish","type":"page","link":"https:\/\/elfsight.com\/pl\/viber-chat-widget\/blogger\/","title":{"rendered":"Viber Chat &#8211; Blogger"},"content":{"rendered":"<div class=\"application-platform-content-item-description application-platform-content-item\" id=\"description\" data-nav-section=\"description\">\n<h2>Opis<\/h2>\n<p>Czat Elfsight Viber to jedna z najszybszych mo\u017cliwo\u015bci skontaktowania si\u0119 z Tob\u0105 w Twojej witrynie. Ka\u017cdy u\u017cytkownik szybko uzyska od Ciebie odpowied\u017a na swoje pytania lub pomoc. B\u0119dziesz dost\u0119pny online w jednym z ulubionych komunikator\u00f3w. Mo\u017cesz ustawi\u0107 czat Elfsight Viber tak, aby pojawia\u0142 si\u0119 na okre\u015blonych stronach i kierowa\u0107 go do okre\u015blonych grup odwiedzaj\u0105cych. Istniej\u0105 szerokie mo\u017cliwo\u015bci dostosowywania: wybierz pocz\u0105tek czatu, ustaw w\u0142asny tekst powitalny, ustaw ikony i wiele wi\u0119cej. Dzi\u0119ki Viber Chat na stronie internetowej mo\u017cesz pozosta\u0107 w kontakcie z odwiedzaj\u0105cymi w dowolnym czasie i miejscu.<\/p>\n<p><b>Dzi\u0119ki Viber Chat rozpocznij zr\u00f3wnowa\u017cony rozw\u00f3j biznesu i wi\u0119ksz\u0105 sprzeda\u017c.<\/b><\/p>\n<\/div>\n\n<div class=\"application-platform-content-item-features application-platform-content-item\" id=\"features\" data-nav-section=\"features\">\n<h2>To tylko kilka z pot\u0119\u017cnych funkcji wid\u017cetu:<\/h2>\n<ul>\n    <li>Zbi\u00f3r ikon dymk\u00f3w do wyboru;<\/li>\n    <li>Edytowany tekst w dymkach;<\/li>\n    <li>Nag\u0142\u00f3wek FlexibleChat ze zdj\u0119ciem strony, nazw\u0105 i podpisem;<\/li>\n    <li>Domy\u015blne wybieranie obrazu strony z naszej kolekcji lub przesy\u0142anie w\u0142asnego obrazu;<\/li>\n    <li>U\u017cywanie niestandardowego tekstu jako podpisu;<\/li>\n    <li>Opcja edycji wiadomo\u015bci powitalnej za pomoc\u0105 opcji formatowania i link\u00f3w.<\/li>\n<\/ul>\n<p><a href=\"#demo\">Mo\u017cesz dowiedzie\u0107 si\u0119 o pe\u0142nej funkcjonalno\u015bci wid\u017cetu w wersji demonstracyjnej<\/a><\/p>\n<\/div>\n\n<div class=\"application-platform-content-item-installation application-platform-content-item\" id=\"installation\" data-nav-section=\"installation\">\n<h2>Jak mog\u0119 osadzi\u0107 czat Viber w mojej witrynie Bloggera?<\/h2>\n<p>Wystarczy post\u0119powa\u0107 zgodnie z instrukcjami poni\u017cej, aby rozpocz\u0105\u0107 prac\u0119 z wtyczk\u0105.<\/p>\n<ol>\n    <li><b>Uruchom nasze bezp\u0142atne demo i zacznij tworzy\u0107 sw\u00f3j w\u0142asny instrument.<\/b><br>Wybierz wybran\u0105 form\u0119 i funkcjonalno\u015b\u0107 wid\u017cetu i zapisz modyfikacje.<\/li>\n    <li><b>Odbierz sw\u00f3j indywidualny kod, kt\u00f3ry jest wy\u015bwietlany w polu aplikacji Elfsight<\/b><br>Po utworzeniu osobistego wid\u017cetu skopiuj ekskluzywny kod na wy\u015bwietlonym oknie i zachowaj go do dalszego wykorzystania.<\/li>\n    <li><b>Wyra\u017a zgod\u0119 na korzystanie z wid\u017cetu na swojej stronie internetowej Bloggera<\/b><br>Zintegruj kod zapisany ostatnio na swojej stronie i zastosuj modyfikacje.<\/li>\n    <li><b>Instalacja zosta\u0142a pomy\u015blnie zako\u0144czona<\/b><br>Wejd\u017a na swoj\u0105 stron\u0119 internetow\u0105 i zobacz, jak dzia\u0142a wtyczka.<\/li>\n<\/ol>\n<p>Pod warunkiem, \u017ce spotkasz si\u0119 z zapytaniami lub spotkasz jakichkolwiek problem\u00f3w, bez wahania zwr\u00f3\u0107 si\u0119 o pomoc do naszego personelu obs\u0142ugi klienta. Nasi specjali\u015bci z przyjemno\u015bci\u0105 odpowiedz\u0105 na wszystkie pytania dotycz\u0105ce produktu.<\/p>\n<div class=\"faq\" data-component=\"FAQ\">\n    <div class=\"faq-item\">\r\n\t\t\t\t\t<div class=\"faq-item-question\">\r\n\t\t\t\t\t\t<h3 class=\"faq-item-question-text\">Jak doda\u0107 czat Viber do mojej witryny Blogger bez umiej\u0119tno\u015bci kodowania?<\/h3>\r\n\r\n\t\t\t\t\t\t<div class=\"faq-item-question-icon\"><\/div>\r\n\t\t\t\t\t<\/div>\r\n\r\n\t\t\t\t\t<div class=\"faq-item-answer\">\r\n\t\t\t\t\t\t<div class=\"faq-item-answer-text\">\n    <p>Elfsight zapewnia Rozwi\u0105zanie SaaS, kt\u00f3re umo\u017cliwia samodzielne utworzenie wid\u017cetu Viber Chat. Przekonaj si\u0119, jak \u0142atwy jest ten proces: Pracuj bezpo\u015brednio w edytorze online, aby utworzy\u0107 wid\u017cet Viber Chat, kt\u00f3ry chcesz widzie\u0107 w swojej witrynie Bloggera. Wybierz jeden z gotowych szablon\u00f3w i dostosuj ustawienia Viber Chat, dodaj tre\u015b\u0107, zmie\u0144 uk\u0142ad i kolory bez umiej\u0119tno\u015bci kodowania. Zapisz Czat Viber i skopiuj jego kod instalacyjny, kt\u00f3ry mo\u017cesz bez wysi\u0142ku osadzi\u0107 na swojej stronie Bloggera, bez konieczno\u015bci kupowania p\u0142atnego planu. Dzi\u0119ki naszemu intuicyjnemu edytorowi ka\u017cdy u\u017cytkownik Internetu mo\u017ce utworzy\u0107 wid\u017cet Viber Chat online i \u0142atwo osadzi\u0107 go na swojej stronie Bloggera. Aby uzyska\u0107 dost\u0119p do us\u0142ugi, nie trzeba p\u0142aci\u0107 ani wprowadza\u0107 danych uwierzytelniaj\u0105cych karty. Je\u015bli na kt\u00f3rymkolwiek etapie napotkasz jakiekolwiek problemy, skontaktuj si\u0119 z naszym zespo\u0142em pomocy technicznej.<\/p>\n    <\/div>\r\n\t\t\t\t\t<\/div>\r\n\t\t\t\t<\/div>\n<\/div>\n<\/div>","protected":false},"excerpt":{"rendered":"","protected":false},"author":9,"featured_media":0,"parent":971,"menu_order":0,"comment_status":"closed","ping_status":"closed","template":"templates\/template-application-platform.php","meta":{"publish_to_discourse":"","publish_post_category":"","wpdc_auto_publish_overridden":"","wpdc_topic_tags":"","wpdc_pin_topic":"","wpdc_pin_until":"","discourse_post_id":"","discourse_permalink":"","wpdc_publishing_response":"","wpdc_publishing_error":"","footnotes":""},"class_list":["post-7142","page","type-page","status-publish","hentry"],"yoast_head":"<!-- This site is optimized with the Yoast SEO plugin v25.3.1 - https:\/\/yoast.com\/wordpress\/plugins\/seo\/ -->\n<title>Dodaj czat Viber do witryny Bloggera bez kodowania (2026)<\/title>\n<meta name=\"description\" content=\"Dodaj Viber Chat do strony internetowej, aby zapewni\u0107 p\u0142ynn\u0105 i natychmiastow\u0105 komunikacj\u0119 z klientami. Sprawd\u017a darmowe demo Elfsight, aby ju\u017c teraz skonfigurowa\u0107 w\u0142asn\u0105 wtyczk\u0119.\" \/>\n<meta name=\"robots\" content=\"index, follow, max-snippet:-1, max-image-preview:large, max-video-preview:-1\" \/>\n<link rel=\"canonical\" href=\"https:\/\/elfsight.com\/pl\/viber-chat-widget\/blogger\/\" \/>\n<meta property=\"og:locale\" content=\"pl_PL\" \/>\n<meta property=\"og:type\" content=\"article\" \/>\n<meta property=\"og:title\" content=\"Dodaj czat Viber do witryny Bloggera bez kodowania (2026)\" \/>\n<meta property=\"og:description\" content=\"Dodaj Viber Chat do strony internetowej, aby zapewni\u0107 p\u0142ynn\u0105 i natychmiastow\u0105 komunikacj\u0119 z klientami. Sprawd\u017a darmowe demo Elfsight, aby ju\u017c teraz skonfigurowa\u0107 w\u0142asn\u0105 wtyczk\u0119.\" \/>\n<meta property=\"og:url\" content=\"https:\/\/elfsight.com\/pl\/viber-chat-widget\/blogger\/\" \/>\n<meta property=\"og:site_name\" content=\"Elfsight PL\" \/>\n<meta property=\"article:modified_time\" content=\"2025-06-25T09:05:09+00:00\" \/>\n<meta name=\"twitter:card\" content=\"summary_large_image\" \/>\n<meta name=\"twitter:label1\" content=\"Szacowany czas czytania\" \/>\n\t<meta name=\"twitter:data1\" content=\"3 minuty\" \/>\n<!-- \/ Yoast SEO plugin. -->","yoast_head_json":{"title":"Dodaj czat Viber do witryny Bloggera bez kodowania (2026)","description":"Dodaj Viber Chat do strony internetowej, aby zapewni\u0107 p\u0142ynn\u0105 i natychmiastow\u0105 komunikacj\u0119 z klientami. Sprawd\u017a darmowe demo Elfsight, aby ju\u017c teraz skonfigurowa\u0107 w\u0142asn\u0105 wtyczk\u0119.","robots":{"index":"index","follow":"follow","max-snippet":"max-snippet:-1","max-image-preview":"max-image-preview:large","max-video-preview":"max-video-preview:-1"},"canonical":"https:\/\/elfsight.com\/pl\/viber-chat-widget\/blogger\/","og_locale":"pl_PL","og_type":"article","og_title":"Dodaj czat Viber do witryny Bloggera bez kodowania (2026)","og_description":"Dodaj Viber Chat do strony internetowej, aby zapewni\u0107 p\u0142ynn\u0105 i natychmiastow\u0105 komunikacj\u0119 z klientami. Sprawd\u017a darmowe demo Elfsight, aby ju\u017c teraz skonfigurowa\u0107 w\u0142asn\u0105 wtyczk\u0119.","og_url":"https:\/\/elfsight.com\/pl\/viber-chat-widget\/blogger\/","og_site_name":"Elfsight PL","article_modified_time":"2025-06-25T09:05:09+00:00","twitter_card":"summary_large_image","twitter_misc":{"Szacowany czas czytania":"3 minuty"},"schema":{"@context":"https:\/\/schema.org","@graph":[{"@type":"WebPage","@id":"https:\/\/elfsight.com\/pl\/viber-chat-widget\/blogger\/","url":"https:\/\/elfsight.com\/pl\/viber-chat-widget\/blogger\/","name":"Dodaj czat Viber do witryny Bloggera bez kodowania (2026)","isPartOf":{"@id":"https:\/\/elfsight.com\/pl\/#website"},"datePublished":"1970-01-01T00:00:00+00:00","dateModified":"2025-06-25T09:05:09+00:00","description":"Dodaj Viber Chat do strony internetowej, aby zapewni\u0107 p\u0142ynn\u0105 i natychmiastow\u0105 komunikacj\u0119 z klientami. Sprawd\u017a darmowe demo Elfsight, aby ju\u017c teraz skonfigurowa\u0107 w\u0142asn\u0105 wtyczk\u0119.","breadcrumb":{"@id":"https:\/\/elfsight.com\/pl\/viber-chat-widget\/blogger\/#breadcrumb"},"inLanguage":"pl-PL","potentialAction":[{"@type":"ReadAction","target":["https:\/\/elfsight.com\/pl\/viber-chat-widget\/blogger\/"]}]},{"@type":"BreadcrumbList","@id":"https:\/\/elfsight.com\/pl\/viber-chat-widget\/blogger\/#breadcrumb","itemListElement":[{"@type":"ListItem","position":1,"name":"Home","item":"https:\/\/elfsight.com\/pl\/"},{"@type":"ListItem","position":2,"name":"Viber Chat","item":"https:\/\/elfsight.com\/pl\/viber-chat-widget\/"},{"@type":"ListItem","position":3,"name":"Viber Chat &#8211; Blogger"}]},{"@type":"WebSite","@id":"https:\/\/elfsight.com\/pl\/#website","url":"https:\/\/elfsight.com\/pl\/","name":"Elfsight PL","description":"Just another Elfsight Sites site","potentialAction":[{"@type":"SearchAction","target":{"@type":"EntryPoint","urlTemplate":"https:\/\/elfsight.com\/pl\/?s={search_term_string}"},"query-input":{"@type":"PropertyValueSpecification","valueRequired":true,"valueName":"search_term_string"}}],"inLanguage":"pl-PL"}]}},"meta_box":{"industry":"","seo_heading":"","heading":"","description":"","cta_heading":"","cta_description":"","application":"970","h1":"Czat Bloggera Viber","h1_caption":"Zaoferuj Viber jako kana\u0142 komunikacji w swojej witrynie, u\u0142atwiaj\u0105c odwiedzaj\u0105cym bezproblemowe dotarcie do Twojej witryny Bloggera.","application_category":[],"applications_title":"","applications_request_title":"","applications_request_button_text":"","hero_text":"","hero_video":"","hero_video_schema_markup":"","selling_points_title":"","selling_points_caption":"","selling_points":[],"selling_points_cta_text":"","features_title":"","features":"","ed_cta_examples_text":"","ed_cta_examples_hidden":"","ed_cta_demo_text":"","ed_cta_demo_hidden":"","why_caption":"","why_editor_title":"","why_editor_text":"","why_team_title":"","why_team_text":"","why_service_title":"","why_service_text":"","template_catalog_visible":"0","template_catalog_title":"","template_catalog_text":"","template_catalog_categories_visible":"","demo_title":"Utw\u00f3rz wid\u017cet czatu Viber","demo_caption":"Skonfiguruj czat Viber i dodaj go do swojej witryny Bloggera za darmo!","default_faq_hidden":"","app_template_category":[],"platform":"44","template_public_id":"","codecanyon_url":"","codecanyon_item_id":"","codecanyon_price":"","pricing_caption":"","pricing_elfsight_apps_hide_column":"","pricing_elfsight_apps_url":"","pricing_codecanyon_price_caption":"","integration_category":[],"integration_request_title":"","integration_request_cta":"","integration_platform":"","integrations":[],"platform_category":[],"video_schema_markup":"","price":"od 0 USD \/ miesi\u0105c","trial":"","benefits":[{"text":"Bezp\u0142atna pomoc w monta\u017cu"},{"text":"Do\u015bwiadczona obs\u0142uga klienta"},{"text":"14-dniowa gwarancja zwrotu pieni\u0119dzy"}],"button_url":"#demo","button_target_blank":"0","button_nofollow":"0","attributes":[{"name":"Instaluje"},{"name":"Czu\u0142y"},{"name":"Kompatybilne przegl\u0105darki"}],"tags":[],"tags_disable_links":"0","hide_more_platforms":"0","video_object":"","demo_hide_cta":"0","demo_hide_cloud_options":"0","pricing_title":"","pricing":[{"pricing_icon":"platform","pricing_title":"Elfsight Apps","pricing_title_caption":"Wersja wieloplatformowa, kt\u00f3ra dzia\u0142a na ka\u017cdej stronie internetowej","pricing_price":"od 0 USD \/ miesi\u0105c","pricing_price_caption":"zacznij od bezp\u0142atnego planu","pricing_benefits":[{"text":"Nielimitowane strony internetowe"},{"text":"Profesjonalne wsparcie firmy i dobrze udokumentowane"},{"text":"Bezp\u0142atna pomoc w monta\u017cu"},{"text":"W pe\u0142ni konfigurowalny"}],"pricing_button_text":"Dodaj do witryny","pricing_button_url":"#demo"}],"related_apps_title":"","related_apps_hidden":"0","author":"","image":[],"title":"","job":"","social_networks":[]},"_links":{"self":[{"href":"https:\/\/elfsight.com\/pl\/wp-json\/wp\/v2\/pages\/7142","targetHints":{"allow":["GET"]}}],"collection":[{"href":"https:\/\/elfsight.com\/pl\/wp-json\/wp\/v2\/pages"}],"about":[{"href":"https:\/\/elfsight.com\/pl\/wp-json\/wp\/v2\/types\/page"}],"author":[{"embeddable":true,"href":"https:\/\/elfsight.com\/pl\/wp-json\/wp\/v2\/users\/9"}],"replies":[{"embeddable":true,"href":"https:\/\/elfsight.com\/pl\/wp-json\/wp\/v2\/comments?post=7142"}],"version-history":[{"count":2,"href":"https:\/\/elfsight.com\/pl\/wp-json\/wp\/v2\/pages\/7142\/revisions"}],"predecessor-version":[{"id":10463,"href":"https:\/\/elfsight.com\/pl\/wp-json\/wp\/v2\/pages\/7142\/revisions\/10463"}],"up":[{"embeddable":true,"href":"https:\/\/elfsight.com\/pl\/wp-json\/wp\/v2\/pages\/971"}],"wp:attachment":[{"href":"https:\/\/elfsight.com\/pl\/wp-json\/wp\/v2\/media?parent=7142"}],"curies":[{"name":"wp","href":"https:\/\/api.w.org\/{rel}","templated":true}]}}