{"id":7141,"date":"1970-01-01T00:00:00","date_gmt":"1970-01-01T00:00:00","guid":{"rendered":"https:\/\/elfsight.com\/pl\/?page_id=7141"},"modified":"2025-06-25T09:06:55","modified_gmt":"2025-06-25T09:06:55","slug":"facebook","status":"publish","type":"page","link":"https:\/\/elfsight.com\/pl\/viber-chat-widget\/facebook\/","title":{"rendered":"Viber Chat &#8211; Facebook Page"},"content":{"rendered":"<div class=\"application-platform-content-item-description application-platform-content-item\" id=\"description\" data-nav-section=\"description\">\n<h2>Opis<\/h2>\n<p>Czat Viber firmy Elfsight to jedna z najwygodniejszych mo\u017cliwo\u015bci kontaktowania si\u0119 z Tob\u0105 za po\u015brednictwem Twojej witryny internetowej. Ka\u017cdy u\u017cytkownik szybko uzyska od Ciebie odpowied\u017a na swoje pytania lub wsparcie. B\u0119dziesz dost\u0119pny online w jednym z najpopularniejszych komunikator\u00f3w 24\/7. Mo\u017cesz wybra\u0107 Czat Elfsight Viber, aby pojawia\u0142 si\u0119 na okre\u015blonych stronach i ustawi\u0107 go dla okre\u015blonych grup odbiorc\u00f3w. Istnieje wiele opcji dostosowywania: wybierz wyzwalacze rozpoczynaj\u0105ce czat, napisz tekst powitalny, wybierz ikony i inne funkcje. Dzi\u0119ki Viber Chat na stronie internetowej b\u0119dziesz w kontakcie z odwiedzaj\u0105cymi przez ca\u0142y czas i w dowolnym miejscu.<\/p>\n<p><b>Dzi\u0119ki Viber Chat mo\u017cesz obserwowa\u0107 aktywny rozw\u00f3j biznesu i zwi\u0119ksza\u0107 sprzeda\u017c.<\/b><\/p>\n<\/div>\n\n<div class=\"application-platform-content-item-features application-platform-content-item\" id=\"features\" data-nav-section=\"features\">\n<h2>Poznaj list\u0119 najwa\u017cniejszych funkcji:<\/h2>\n<ul>\n    <li>Zbi\u00f3r ikon b\u0105belk\u00f3w do wyboru;<\/li>\n    <li>Edytowalny tekst w dymku;<\/li>\n    <li>Nag\u0142\u00f3wek czatu ze zdj\u0119ciem strony, nazw\u0105 i podpisem;<\/li>\n    <li>Opcja edycji nazwy czatu;<\/li>\n    <li>Ustawianie niestandardowego tekstu jako podpisu;<\/li>\n    <li>Edytowalna wiadomo\u015b\u0107 powitalna z opcjami formatowania i linkami.<\/li>\n<\/ul>\n<p><a href=\"#demo\">Za pomoc\u0105 wersji demonstracyjnej mo\u017cesz sprawdzi\u0107, czy wid\u017cet jest dla Ciebie<\/a><\/p>\n<\/div>\n\n<div class=\"application-platform-content-item-installation application-platform-content-item\" id=\"installation\" data-nav-section=\"installation\">\n<h2>Jak mog\u0119 osadzi\u0107 czat Viber na mojej stronie na Facebooku?<\/h2>\n<p>Wystarczy zastosowa\u0107 si\u0119 do poni\u017cszych instrukcji, aby aktywowa\u0107 wtyczk\u0119.<\/p>\n<ol>\n    <li><b>Uruchom nasz darmowy konfigurator i zacznij tworzy\u0107 w\u0142asn\u0105 wtyczk\u0119.<\/b><br>Znajd\u017a odpowiedni uk\u0142ad i aspekty narz\u0119dzia oraz zapisz zmiany.<\/li>\n    <li><b>Skopiuj kod osobisty pojawiaj\u0105cy si\u0119 w polu aplikacji Elfsight<\/b><br>Zaraz po wygenerowaniu narz\u0119dzia osobistego skopiuj ekskluzywny kod z wy\u015bwietlonego okna i zachowaj go do dalszego wykorzystania.<\/li>\n    <li><b>Rozpocznij stosowanie wid\u017cetu na stronie internetowej strony na Facebooku<\/b><br>Dodaj skopiowany ostatnio kod do swojej witryny i zastosuj zmiany.<\/li>\n    <li><b>Zrobione! Konfiguracja zosta\u0142a zako\u0144czona.<\/b><br>Odwied\u017a swoj\u0105 stron\u0119 internetow\u0105, aby zobaczy\u0107 dzia\u0142anie wid\u017cetu.<\/li>\n<\/ol>\n<p>Je\u015bli napotkasz jakie\u015b przeszkody, nie b\u00f3j si\u0119 napisa\u0107 do naszego wsparcia personel. Nasi konsultanci z przyjemno\u015bci\u0105 pomog\u0105 Ci we wszystkich trudno\u015bciach, jakie mo\u017cesz napotka\u0107 w zwi\u0105zku z wtyczk\u0105.<\/p>\n<div class=\"faq\" data-component=\"FAQ\">\n    <div class=\"faq-item\">\r\n\t\t\t\t\t<div class=\"faq-item-question\">\r\n\t\t\t\t\t\t<h3 class=\"faq-item-question-text\">Jak doda\u0107 czat Viber do mojej strony na Facebooku bez umiej\u0119tno\u015bci kodowania?<\/h3>\r\n\r\n\t\t\t\t\t\t<div class=\"faq-item-question-icon\"><\/div>\r\n\t\t\t\t\t<\/div>\r\n\r\n\t\t\t\t\t<div class=\"faq-item-answer\">\r\n\t\t\t\t\t\t<div class=\"faq-item-answer-text\">\n    <p>Elfsight zapewnia rozwi\u0105zanie SaaS, kt\u00f3re umo\u017cliwia samodzielne utworzenie wid\u017cetu Viber Chat. Przekonaj si\u0119, jak \u0142atwy jest ten proces: Pracuj bezpo\u015brednio w edytorze online, aby utworzy\u0107 wid\u017cet Viber Chat, kt\u00f3ry chcesz widzie\u0107 na swojej stronie na Facebooku. Wybierz jeden z gotowych szablon\u00f3w i dostosuj ustawienia Viber Chat, dodaj tre\u015b\u0107, zmie\u0144 uk\u0142ad i kolory bez umiej\u0119tno\u015bci kodowania. Zapisz czat Viber i skopiuj jego kod instalacyjny, kt\u00f3ry mo\u017cesz bez wysi\u0142ku osadzi\u0107 na swojej stronie na Facebooku bez konieczno\u015bci kupowania p\u0142atnego planu. Dzi\u0119ki naszemu intuicyjnemu edytorowi ka\u017cdy u\u017cytkownik Internetu mo\u017ce stworzy\u0107 wid\u017cet Viber Chat online i \u0142atwo osadzi\u0107 go na swojej stronie na Facebooku. Aby uzyska\u0107 dost\u0119p do us\u0142ugi, nie trzeba p\u0142aci\u0107 ani wprowadza\u0107 danych uwierzytelniaj\u0105cych karty. Je\u015bli na kt\u00f3rymkolwiek etapie napotkasz jakiekolwiek problemy, skontaktuj si\u0119 z naszym zespo\u0142em pomocy technicznej.<\/p>\n    <\/div>\r\n\t\t\t\t\t<\/div>\r\n\t\t\t\t<\/div>\n<\/div>\n<\/div>","protected":false},"excerpt":{"rendered":"","protected":false},"author":9,"featured_media":0,"parent":971,"menu_order":0,"comment_status":"closed","ping_status":"closed","template":"templates\/template-application-platform.php","meta":{"publish_to_discourse":"","publish_post_category":"","wpdc_auto_publish_overridden":"","wpdc_topic_tags":"","wpdc_pin_topic":"","wpdc_pin_until":"","discourse_post_id":"","discourse_permalink":"","wpdc_publishing_response":"","wpdc_publishing_error":"","footnotes":""},"class_list":["post-7141","page","type-page","status-publish","hentry"],"yoast_head":"<!-- This site is optimized with the Yoast SEO plugin v25.3.1 - https:\/\/yoast.com\/wordpress\/plugins\/seo\/ -->\n<title>Dodaj czat Viber do strony internetowej na Facebooku bez kodowania (2026)<\/title>\n<meta name=\"description\" content=\"Umie\u015b\u0107 Viber Chat na swojej stronie, aby \u0142atwiej i szybciej komunikowa\u0107 si\u0119 z klientami. Przetestuj wersj\u0119 demonstracyjn\u0105 Elfsight, aby ju\u017c teraz stworzy\u0107 w\u0142asn\u0105 wtyczk\u0119.\" \/>\n<meta name=\"robots\" content=\"index, follow, max-snippet:-1, max-image-preview:large, max-video-preview:-1\" \/>\n<link rel=\"canonical\" href=\"https:\/\/elfsight.com\/pl\/viber-chat-widget\/facebook\/\" \/>\n<meta property=\"og:locale\" content=\"pl_PL\" \/>\n<meta property=\"og:type\" content=\"article\" \/>\n<meta property=\"og:title\" content=\"Dodaj czat Viber do strony internetowej na Facebooku bez kodowania (2026)\" \/>\n<meta property=\"og:description\" content=\"Umie\u015b\u0107 Viber Chat na swojej stronie, aby \u0142atwiej i szybciej komunikowa\u0107 si\u0119 z klientami. Przetestuj wersj\u0119 demonstracyjn\u0105 Elfsight, aby ju\u017c teraz stworzy\u0107 w\u0142asn\u0105 wtyczk\u0119.\" \/>\n<meta property=\"og:url\" content=\"https:\/\/elfsight.com\/pl\/viber-chat-widget\/facebook\/\" \/>\n<meta property=\"og:site_name\" content=\"Elfsight PL\" \/>\n<meta property=\"article:modified_time\" content=\"2025-06-25T09:06:55+00:00\" \/>\n<meta name=\"twitter:card\" content=\"summary_large_image\" \/>\n<meta name=\"twitter:label1\" content=\"Szacowany czas czytania\" \/>\n\t<meta name=\"twitter:data1\" content=\"3 minuty\" \/>\n<!-- \/ Yoast SEO plugin. -->","yoast_head_json":{"title":"Dodaj czat Viber do strony internetowej na Facebooku bez kodowania (2026)","description":"Umie\u015b\u0107 Viber Chat na swojej stronie, aby \u0142atwiej i szybciej komunikowa\u0107 si\u0119 z klientami. Przetestuj wersj\u0119 demonstracyjn\u0105 Elfsight, aby ju\u017c teraz stworzy\u0107 w\u0142asn\u0105 wtyczk\u0119.","robots":{"index":"index","follow":"follow","max-snippet":"max-snippet:-1","max-image-preview":"max-image-preview:large","max-video-preview":"max-video-preview:-1"},"canonical":"https:\/\/elfsight.com\/pl\/viber-chat-widget\/facebook\/","og_locale":"pl_PL","og_type":"article","og_title":"Dodaj czat Viber do strony internetowej na Facebooku bez kodowania (2026)","og_description":"Umie\u015b\u0107 Viber Chat na swojej stronie, aby \u0142atwiej i szybciej komunikowa\u0107 si\u0119 z klientami. Przetestuj wersj\u0119 demonstracyjn\u0105 Elfsight, aby ju\u017c teraz stworzy\u0107 w\u0142asn\u0105 wtyczk\u0119.","og_url":"https:\/\/elfsight.com\/pl\/viber-chat-widget\/facebook\/","og_site_name":"Elfsight PL","article_modified_time":"2025-06-25T09:06:55+00:00","twitter_card":"summary_large_image","twitter_misc":{"Szacowany czas czytania":"3 minuty"},"schema":{"@context":"https:\/\/schema.org","@graph":[{"@type":"WebPage","@id":"https:\/\/elfsight.com\/pl\/viber-chat-widget\/facebook\/","url":"https:\/\/elfsight.com\/pl\/viber-chat-widget\/facebook\/","name":"Dodaj czat Viber do strony internetowej na Facebooku bez kodowania (2026)","isPartOf":{"@id":"https:\/\/elfsight.com\/pl\/#website"},"datePublished":"1970-01-01T00:00:00+00:00","dateModified":"2025-06-25T09:06:55+00:00","description":"Umie\u015b\u0107 Viber Chat na swojej stronie, aby \u0142atwiej i szybciej komunikowa\u0107 si\u0119 z klientami. Przetestuj wersj\u0119 demonstracyjn\u0105 Elfsight, aby ju\u017c teraz stworzy\u0107 w\u0142asn\u0105 wtyczk\u0119.","breadcrumb":{"@id":"https:\/\/elfsight.com\/pl\/viber-chat-widget\/facebook\/#breadcrumb"},"inLanguage":"pl-PL","potentialAction":[{"@type":"ReadAction","target":["https:\/\/elfsight.com\/pl\/viber-chat-widget\/facebook\/"]}]},{"@type":"BreadcrumbList","@id":"https:\/\/elfsight.com\/pl\/viber-chat-widget\/facebook\/#breadcrumb","itemListElement":[{"@type":"ListItem","position":1,"name":"Home","item":"https:\/\/elfsight.com\/pl\/"},{"@type":"ListItem","position":2,"name":"Viber Chat","item":"https:\/\/elfsight.com\/pl\/viber-chat-widget\/"},{"@type":"ListItem","position":3,"name":"Viber Chat &#8211; Facebook Page"}]},{"@type":"WebSite","@id":"https:\/\/elfsight.com\/pl\/#website","url":"https:\/\/elfsight.com\/pl\/","name":"Elfsight PL","description":"Just another Elfsight Sites site","potentialAction":[{"@type":"SearchAction","target":{"@type":"EntryPoint","urlTemplate":"https:\/\/elfsight.com\/pl\/?s={search_term_string}"},"query-input":{"@type":"PropertyValueSpecification","valueRequired":true,"valueName":"search_term_string"}}],"inLanguage":"pl-PL"}]}},"meta_box":{"industry":"","seo_heading":"","heading":"","description":"","cta_heading":"","cta_description":"","application":"970","h1":"Czat Viber na stronie Facebooka","h1_caption":"Zaoferuj Viber jako kana\u0142 komunikacyjny w swojej witrynie, u\u0142atwiaj\u0105c odwiedzaj\u0105cym bezproblemowe dotarcie do witryny Twojej strony na Facebooku.","application_category":[],"applications_title":"","applications_request_title":"","applications_request_button_text":"","hero_text":"","hero_video":"","hero_video_schema_markup":"","selling_points_title":"","selling_points_caption":"","selling_points":[],"selling_points_cta_text":"","features_title":"","features":"","ed_cta_examples_text":"","ed_cta_examples_hidden":"","ed_cta_demo_text":"","ed_cta_demo_hidden":"","why_caption":"","why_editor_title":"","why_editor_text":"","why_team_title":"","why_team_text":"","why_service_title":"","why_service_text":"","template_catalog_visible":"0","template_catalog_title":"","template_catalog_text":"","template_catalog_categories_visible":"","demo_title":"Utw\u00f3rz wid\u017cet czatu Viber","demo_caption":"Skonfiguruj czat Viber i dodaj go za darmo do swojej strony na Facebooku!","default_faq_hidden":"","app_template_category":[],"platform":"319","template_public_id":"","codecanyon_url":"","codecanyon_item_id":"","codecanyon_price":"","pricing_caption":"","pricing_elfsight_apps_hide_column":"","pricing_elfsight_apps_url":"","pricing_codecanyon_price_caption":"","integration_category":[],"integration_request_title":"","integration_request_cta":"","integration_platform":"","integrations":[],"platform_category":[],"video_schema_markup":"","price":"od 0 USD \/ miesi\u0105c","trial":"","benefits":[{"text":"Bezp\u0142atna pomoc w instalacji"},{"text":"Skuteczna obs\u0142uga klienta"},{"text":"14-dniowa gwarancja zwrotu pieni\u0119dzy"}],"button_url":"#demo","button_target_blank":"0","button_nofollow":"0","attributes":[{"name":"Instaluje"},{"name":"Czu\u0142y"},{"name":"Kompatybilne przegl\u0105darki"}],"tags":[],"tags_disable_links":"0","hide_more_platforms":"0","video_object":"","demo_hide_cta":"0","demo_hide_cloud_options":"0","pricing_title":"","pricing":[{"pricing_icon":"platform","pricing_title":"Elfsight Apps","pricing_title_caption":"Oprogramowanie niezale\u017cne od platformy","pricing_price":"od 0 USD \/ miesi\u0105c","pricing_price_caption":"zacznij od bezp\u0142atnego planu","pricing_benefits":[{"text":"Nielimitowane domeny"},{"text":"Szybkie wsparcie"},{"text":"Bezp\u0142atna pomoc przy instalacji"},{"text":"Specjalna oferta na wiele aplikacji"}],"pricing_button_text":"Dodaj do witryny","pricing_button_url":"#demo"}],"related_apps_title":"","related_apps_hidden":"0","author":"","image":[],"title":"","job":"","social_networks":[]},"_links":{"self":[{"href":"https:\/\/elfsight.com\/pl\/wp-json\/wp\/v2\/pages\/7141","targetHints":{"allow":["GET"]}}],"collection":[{"href":"https:\/\/elfsight.com\/pl\/wp-json\/wp\/v2\/pages"}],"about":[{"href":"https:\/\/elfsight.com\/pl\/wp-json\/wp\/v2\/types\/page"}],"author":[{"embeddable":true,"href":"https:\/\/elfsight.com\/pl\/wp-json\/wp\/v2\/users\/9"}],"replies":[{"embeddable":true,"href":"https:\/\/elfsight.com\/pl\/wp-json\/wp\/v2\/comments?post=7141"}],"version-history":[{"count":2,"href":"https:\/\/elfsight.com\/pl\/wp-json\/wp\/v2\/pages\/7141\/revisions"}],"predecessor-version":[{"id":10465,"href":"https:\/\/elfsight.com\/pl\/wp-json\/wp\/v2\/pages\/7141\/revisions\/10465"}],"up":[{"embeddable":true,"href":"https:\/\/elfsight.com\/pl\/wp-json\/wp\/v2\/pages\/971"}],"wp:attachment":[{"href":"https:\/\/elfsight.com\/pl\/wp-json\/wp\/v2\/media?parent=7141"}],"curies":[{"name":"wp","href":"https:\/\/api.w.org\/{rel}","templated":true}]}}