{"id":7136,"date":"1970-01-01T00:00:00","date_gmt":"1970-01-01T00:00:00","guid":{"rendered":"https:\/\/elfsight.com\/pl\/?page_id=7136"},"modified":"2025-06-25T09:06:11","modified_gmt":"2025-06-25T09:06:11","slug":"drupal","status":"publish","type":"page","link":"https:\/\/elfsight.com\/pl\/viber-chat-widget\/drupal\/","title":{"rendered":"Viber Chat &#8211; Drupal"},"content":{"rendered":"<div class=\"application-platform-content-item-description application-platform-content-item\" id=\"description\" data-nav-section=\"description\">\n<h2>Opis<\/h2>\n<p>Czat Viber firmy Elfsight to najwygodniejszy spos\u00f3b, w jaki odwiedzaj\u0105cy mog\u0105 zwraca\u0107 si\u0119 do Ciebie za po\u015brednictwem Twojej witryny. Ka\u017cdy u\u017cytkownik szybko uzyska od Ciebie odpowiedzi na swoje pytania lub wsparcie. B\u0105d\u017a dost\u0119pny na \u017cywo w jednym z najcz\u0119\u015bciej u\u017cywanych czat\u00f3w non-stop. Mo\u017cesz wybra\u0107 Czat Elfsight Viber, aby wy\u015bwietla\u0142 wyskakuj\u0105ce okienka na okre\u015blonych stronach i kierowa\u0142 je do okre\u015blonych kategorii odbiorc\u00f3w. Wid\u017cet ma wiele mo\u017cliwo\u015bci dostosowywania: przypisz pocz\u0105tek czatu, utw\u00f3rz wiadomo\u015b\u0107 powitaln\u0105, wybierz ikony i inne funkcje. Maj\u0105c Viber Chat na swojej stronie, b\u0119dziesz w kontakcie z lud\u017ami o ka\u017cdej porze i z dowolnego miejsca.<\/p>\n<p><b>Dodaj Viber Chat, aby \u0142atwiej osi\u0105ga\u0107 swoje cele biznesowe!<\/b><\/p>\n<\/div>\n\n<div class=\"application-platform-content-item-features application-platform-content-item\" id=\"features\" data-nav-section=\"features\">\n<h2>Znajd\u017a poni\u017cej podstawowe funkcje wid\u017cetu:<\/h2>\n<ul>\n    <li>Biblioteka ikon dymk\u00f3w do wyboru;<\/li>\n    <li>Edytowany tekst w dymkach;<\/li>\n    <li>Nag\u0142\u00f3wek czatu z logo strony, nazw\u0105 i podpisem;<\/li>\n    <li>Edytowalna nazwa czatu;<\/li>\n    <li>5 wariant\u00f3w czasu odpowiedzi w podpisie okna czatu;<\/li>\n    <li>Opcja wyboru niestandardowego tekstu jako podpisu czatu;<\/li>\n    <li>Przycisk Rozpocznij czat z edytowalnym tekstem.<\/li>\n<\/ul>\n<p><a href=\"#demo\">Wystarczy wypr\u00f3bowa\u0107 t\u0119 wersj\u0119 demonstracyjn\u0105, aby w pe\u0142ni wykorzysta\u0107 pomys\u0142<\/a><\/p>\n<\/div>\n\n<div class=\"application-platform-content-item-installation application-platform-content-item\" id=\"installation\" data-nav-section=\"installation\">\n<h2>Jak doda\u0107 Viber Chat do mojego Drupala?<\/h2>\n<p>Wystarczy zastosowa\u0107 si\u0119 do poni\u017cszych instrukcji, aby wstawi\u0107 narz\u0119dzie na Drupal.<\/p>\n<ol>\n    <li><b>Skorzystaj z naszego darmowego edytora i zacznij tworzy\u0107 sw\u00f3j w\u0142asny czat Viber.<\/b><br>Okre\u015bl po\u017c\u0105dany projekt i aspekty modu\u0142u i zapisz poprawki.<\/li>\n    <li><b>Odbierz indywidualny kod wy\u015bwietlony w oknie aplikacji Elfsight.<\/b><br>Po zako\u0144czeniu generowania osobistej wtyczki skopiuj osobisty kod z wy\u015bwietlonego pola i zachowaj go do wykorzystania w przysz\u0142o\u015bci.<\/li>\n    <li><b>Rozpocznij korzystanie z narz\u0119dzia na stronie Drupal.<\/b><br>Umie\u015b\u0107 ostatnio zapisany kod w swojej witrynie i zapisz ulepszenia.<\/li>\n    <li><b>Gotowe! Konfiguracja zosta\u0142a w pe\u0142ni wykonana.<\/b><br>Odwied\u017a swoj\u0105 witryn\u0119, aby sprawdzi\u0107 dzia\u0142anie modu\u0142u.<\/li>\n<\/ol>\n<p>W przypadku problem\u00f3w nie wahaj si\u0119 zwr\u00f3ci\u0107 do naszego zespo\u0142u wsparcia. Nasi ludzie ch\u0119tnie pomog\u0105 Ci we wszystkich problemach, jakie mo\u017cesz mie\u0107 z wid\u017cetem.<\/p>\n<div class=\"faq\" data-component=\"FAQ\">\n    <div class=\"faq-item\">\r\n\t\t\t\t\t<div class=\"faq-item-question\">\r\n\t\t\t\t\t\t<h3 class=\"faq-item-question-text\">Jak doda\u0107 Viber Chat do mojej witryny Drupal bez umiej\u0119tno\u015bci kodowania?<\/h3>\r\n\r\n\t\t\t\t\t\t<div class=\"faq-item-question-icon\"><\/div>\r\n\t\t\t\t\t<\/div>\r\n\r\n\t\t\t\t\t<div class=\"faq-item-answer\">\r\n\t\t\t\t\t\t<div class=\"faq-item-answer-text\">\n    <p>Elfsight zapewnia rozwi\u0105zanie SaaS, kt\u00f3re pozwala samodzielnie utworzy\u0107 wid\u017cet Viber Chat, przekonaj si\u0119, jak \u0142atwy jest ten proces: Pracuj bezpo\u015brednio w edytorze online, aby utworzy\u0107 wid\u017cet Viber Chat, kt\u00f3ry chcesz zobaczy\u0107 w swojej witrynie Drupal. Wybierz jeden z gotowych szablon\u00f3w i dostosuj ustawienia Viber Chat, dodaj tre\u015b\u0107, zmie\u0144 uk\u0142ad i kolory bez umiej\u0119tno\u015bci kodowania. Zapisz Czat Viber i skopiuj jego kod instalacyjny, kt\u00f3ry mo\u017cesz \u0142atwo osadzi\u0107 na swojej stronie Drupal, bez konieczno\u015bci kupowania p\u0142atnego planu. Dzi\u0119ki naszemu intuicyjnemu edytorowi ka\u017cdy u\u017cytkownik Internetu mo\u017ce stworzy\u0107 wid\u017cet Viber Chat online i \u0142atwo osadzi\u0107 go na swojej stronie Drupal. Aby uzyska\u0107 dost\u0119p do us\u0142ugi, nie trzeba p\u0142aci\u0107 ani wprowadza\u0107 danych uwierzytelniaj\u0105cych karty. Je\u015bli na kt\u00f3rymkolwiek etapie napotkasz jakiekolwiek problemy, skontaktuj si\u0119 z naszym zespo\u0142em pomocy technicznej.<\/p>\n    <\/div>\r\n\t\t\t\t\t<\/div>\r\n\t\t\t\t<\/div>\n<\/div>\n<\/div>","protected":false},"excerpt":{"rendered":"","protected":false},"author":9,"featured_media":0,"parent":971,"menu_order":0,"comment_status":"closed","ping_status":"closed","template":"templates\/template-application-platform.php","meta":{"publish_to_discourse":"","publish_post_category":"","wpdc_auto_publish_overridden":"","wpdc_topic_tags":"","wpdc_pin_topic":"","wpdc_pin_until":"","discourse_post_id":"","discourse_permalink":"","wpdc_publishing_response":"","wpdc_publishing_error":"","footnotes":""},"class_list":["post-7136","page","type-page","status-publish","hentry"],"yoast_head":"<!-- This site is optimized with the Yoast SEO plugin v25.3.1 - https:\/\/yoast.com\/wordpress\/plugins\/seo\/ -->\n<title>Dodaj Viber Chat do strony Drupal bez kodowania (2025)<\/title>\n<meta name=\"description\" content=\"Zintegruj Viber ze swoj\u0105 witryn\u0105, aby uzyska\u0107 lepszy i szybszy kontakt z odwiedzaj\u0105cymi. Wypr\u00f3buj wersj\u0119 demonstracyjn\u0105 Elfsight, aby ju\u017c teraz ukszta\u0142towa\u0107 swoj\u0105 unikaln\u0105 wtyczk\u0119.\" \/>\n<meta name=\"robots\" content=\"index, follow, max-snippet:-1, max-image-preview:large, max-video-preview:-1\" \/>\n<link rel=\"canonical\" href=\"https:\/\/elfsight.com\/pl\/viber-chat-widget\/drupal\/\" \/>\n<meta property=\"og:locale\" content=\"pl_PL\" \/>\n<meta property=\"og:type\" content=\"article\" \/>\n<meta property=\"og:title\" content=\"Dodaj Viber Chat do strony Drupal bez kodowania (2025)\" \/>\n<meta property=\"og:description\" content=\"Zintegruj Viber ze swoj\u0105 witryn\u0105, aby uzyska\u0107 lepszy i szybszy kontakt z odwiedzaj\u0105cymi. Wypr\u00f3buj wersj\u0119 demonstracyjn\u0105 Elfsight, aby ju\u017c teraz ukszta\u0142towa\u0107 swoj\u0105 unikaln\u0105 wtyczk\u0119.\" \/>\n<meta property=\"og:url\" content=\"https:\/\/elfsight.com\/pl\/viber-chat-widget\/drupal\/\" \/>\n<meta property=\"og:site_name\" content=\"Elfsight PL\" \/>\n<meta property=\"article:modified_time\" content=\"2025-06-25T09:06:11+00:00\" \/>\n<meta name=\"twitter:card\" content=\"summary_large_image\" \/>\n<meta name=\"twitter:label1\" content=\"Szacowany czas czytania\" \/>\n\t<meta name=\"twitter:data1\" content=\"3 minuty\" \/>\n<!-- \/ Yoast SEO plugin. -->","yoast_head_json":{"title":"Dodaj Viber Chat do strony Drupal bez kodowania (2025)","description":"Zintegruj Viber ze swoj\u0105 witryn\u0105, aby uzyska\u0107 lepszy i szybszy kontakt z odwiedzaj\u0105cymi. Wypr\u00f3buj wersj\u0119 demonstracyjn\u0105 Elfsight, aby ju\u017c teraz ukszta\u0142towa\u0107 swoj\u0105 unikaln\u0105 wtyczk\u0119.","robots":{"index":"index","follow":"follow","max-snippet":"max-snippet:-1","max-image-preview":"max-image-preview:large","max-video-preview":"max-video-preview:-1"},"canonical":"https:\/\/elfsight.com\/pl\/viber-chat-widget\/drupal\/","og_locale":"pl_PL","og_type":"article","og_title":"Dodaj Viber Chat do strony Drupal bez kodowania (2025)","og_description":"Zintegruj Viber ze swoj\u0105 witryn\u0105, aby uzyska\u0107 lepszy i szybszy kontakt z odwiedzaj\u0105cymi. Wypr\u00f3buj wersj\u0119 demonstracyjn\u0105 Elfsight, aby ju\u017c teraz ukszta\u0142towa\u0107 swoj\u0105 unikaln\u0105 wtyczk\u0119.","og_url":"https:\/\/elfsight.com\/pl\/viber-chat-widget\/drupal\/","og_site_name":"Elfsight PL","article_modified_time":"2025-06-25T09:06:11+00:00","twitter_card":"summary_large_image","twitter_misc":{"Szacowany czas czytania":"3 minuty"},"schema":{"@context":"https:\/\/schema.org","@graph":[{"@type":"WebPage","@id":"https:\/\/elfsight.com\/pl\/viber-chat-widget\/drupal\/","url":"https:\/\/elfsight.com\/pl\/viber-chat-widget\/drupal\/","name":"Dodaj Viber Chat do strony Drupal bez kodowania (2025)","isPartOf":{"@id":"https:\/\/elfsight.com\/pl\/#website"},"datePublished":"1970-01-01T00:00:00+00:00","dateModified":"2025-06-25T09:06:11+00:00","description":"Zintegruj Viber ze swoj\u0105 witryn\u0105, aby uzyska\u0107 lepszy i szybszy kontakt z odwiedzaj\u0105cymi. Wypr\u00f3buj wersj\u0119 demonstracyjn\u0105 Elfsight, aby ju\u017c teraz ukszta\u0142towa\u0107 swoj\u0105 unikaln\u0105 wtyczk\u0119.","breadcrumb":{"@id":"https:\/\/elfsight.com\/pl\/viber-chat-widget\/drupal\/#breadcrumb"},"inLanguage":"pl-PL","potentialAction":[{"@type":"ReadAction","target":["https:\/\/elfsight.com\/pl\/viber-chat-widget\/drupal\/"]}]},{"@type":"BreadcrumbList","@id":"https:\/\/elfsight.com\/pl\/viber-chat-widget\/drupal\/#breadcrumb","itemListElement":[{"@type":"ListItem","position":1,"name":"Home","item":"https:\/\/elfsight.com\/pl\/"},{"@type":"ListItem","position":2,"name":"Viber Chat","item":"https:\/\/elfsight.com\/pl\/viber-chat-widget\/"},{"@type":"ListItem","position":3,"name":"Viber Chat &#8211; Drupal"}]},{"@type":"WebSite","@id":"https:\/\/elfsight.com\/pl\/#website","url":"https:\/\/elfsight.com\/pl\/","name":"Elfsight PL","description":"Just another Elfsight Sites site","potentialAction":[{"@type":"SearchAction","target":{"@type":"EntryPoint","urlTemplate":"https:\/\/elfsight.com\/pl\/?s={search_term_string}"},"query-input":{"@type":"PropertyValueSpecification","valueRequired":true,"valueName":"search_term_string"}}],"inLanguage":"pl-PL"}]}},"meta_box":{"industry":"","seo_heading":"","heading":"","description":"","cta_heading":"","cta_description":"","application":"970","h1":"Czat Drupal Viber","h1_caption":"Zaoferuj Viber jako kana\u0142 komunikacyjny na swojej stronie internetowej, u\u0142atwiaj\u0105c odwiedzaj\u0105cym bezproblemowe dotarcie do Twojej witryny Drupal.","application_category":[],"applications_title":"","applications_request_title":"","applications_request_button_text":"","hero_text":"","hero_video":"","hero_video_schema_markup":"","selling_points_title":"","selling_points_caption":"","selling_points":[],"selling_points_cta_text":"","features_title":"","features":"","ed_cta_examples_text":"","ed_cta_examples_hidden":"","ed_cta_demo_text":"","ed_cta_demo_hidden":"","why_caption":"","why_editor_title":"","why_editor_text":"","why_team_title":"","why_team_text":"","why_service_title":"","why_service_text":"","template_catalog_visible":"0","template_catalog_title":"","template_catalog_text":"","template_catalog_categories_visible":"","demo_title":"Utw\u00f3rz modu\u0142 czatu Viber","demo_caption":"Skonfiguruj sw\u00f3j czat Viber i dodaj go do swojej witryny Drupal za darmo!","default_faq_hidden":"","app_template_category":[],"platform":"47","template_public_id":"","codecanyon_url":"","codecanyon_item_id":"","codecanyon_price":"","pricing_caption":"","pricing_elfsight_apps_hide_column":"","pricing_elfsight_apps_url":"","pricing_codecanyon_price_caption":"","integration_category":[],"integration_request_title":"","integration_request_cta":"","integration_platform":"","integrations":[],"platform_category":[],"video_schema_markup":"","price":"od 0 USD \/ miesi\u0105c","trial":"","benefits":[{"text":"Bezp\u0142atna us\u0142uga monta\u017cu"},{"text":"Do\u015bwiadczona obs\u0142uga klienta"},{"text":"14-dniowa gwarancja zwrotu pieni\u0119dzy"}],"button_url":"#demo","button_target_blank":"0","button_nofollow":"0","attributes":[{"name":"Instaluje"},{"name":"Czu\u0142y"},{"name":"Kompatybilne przegl\u0105darki"}],"tags":[],"tags_disable_links":"0","hide_more_platforms":"0","video_object":"","demo_hide_cta":"0","demo_hide_cloud_options":"0","pricing_title":"","pricing":[{"pricing_icon":"platform","pricing_title":"Elfsight Apps","pricing_title_caption":"Oprogramowanie wieloplatformowe, kt\u00f3re pasuje do ka\u017cdej witryny internetowej","pricing_price":"od 0 USD \/ miesi\u0105c","pricing_price_caption":"zacznij od bezp\u0142atnego planu","pricing_benefits":[{"text":"Nielimitowane domeny"},{"text":"Profesjonalne wsparcie firmy i dobrze udokumentowane"},{"text":"Bezp\u0142atna pomoc w instalacji"},{"text":"Oferta specjalna na wiele aplikacji"}],"pricing_button_text":"Dodaj do witryny","pricing_button_url":"#demo"}],"related_apps_title":"","related_apps_hidden":"0","author":"","image":[],"title":"","job":"","social_networks":[]},"_links":{"self":[{"href":"https:\/\/elfsight.com\/pl\/wp-json\/wp\/v2\/pages\/7136","targetHints":{"allow":["GET"]}}],"collection":[{"href":"https:\/\/elfsight.com\/pl\/wp-json\/wp\/v2\/pages"}],"about":[{"href":"https:\/\/elfsight.com\/pl\/wp-json\/wp\/v2\/types\/page"}],"author":[{"embeddable":true,"href":"https:\/\/elfsight.com\/pl\/wp-json\/wp\/v2\/users\/9"}],"replies":[{"embeddable":true,"href":"https:\/\/elfsight.com\/pl\/wp-json\/wp\/v2\/comments?post=7136"}],"version-history":[{"count":2,"href":"https:\/\/elfsight.com\/pl\/wp-json\/wp\/v2\/pages\/7136\/revisions"}],"predecessor-version":[{"id":10464,"href":"https:\/\/elfsight.com\/pl\/wp-json\/wp\/v2\/pages\/7136\/revisions\/10464"}],"up":[{"embeddable":true,"href":"https:\/\/elfsight.com\/pl\/wp-json\/wp\/v2\/pages\/971"}],"wp:attachment":[{"href":"https:\/\/elfsight.com\/pl\/wp-json\/wp\/v2\/media?parent=7136"}],"curies":[{"name":"wp","href":"https:\/\/api.w.org\/{rel}","templated":true}]}}