{"id":7134,"date":"1970-01-01T00:00:00","date_gmt":"1970-01-01T00:00:00","guid":{"rendered":"https:\/\/elfsight.com\/pl\/?page_id=7134"},"modified":"2025-06-25T09:07:51","modified_gmt":"2025-06-25T09:07:51","slug":"joomla","status":"publish","type":"page","link":"https:\/\/elfsight.com\/pl\/viber-chat-widget\/joomla\/","title":{"rendered":"Viber Chat &#8211; Joomla"},"content":{"rendered":"<div class=\"application-platform-content-item-description application-platform-content-item\" id=\"description\" data-nav-section=\"description\">\n<h2>Opis<\/h2>\n<p>Elfsight Viber Chat to najszybsze narz\u0119dzie umo\u017cliwiaj\u0105ce u\u017cytkownikom kontakt z Tob\u0105 za po\u015brednictwem Twojej witryny. Ka\u017cdy u\u017cytkownik szybko uzyska od Ciebie odpowied\u017a na swoje pytania lub wsparcie. B\u0105d\u017a dost\u0119pny online na jednym z najcz\u0119\u015bciej u\u017cywanych czat\u00f3w. Mo\u017cesz wybra\u0107 Czat Elfsight Viber, aby wy\u015bwietli\u0107 wyskakuj\u0105c\u0105 aplikacj\u0119 na okre\u015blonych stronach i ustawi\u0107 j\u0105 dla okre\u015blonych kategorii odwiedzaj\u0105cych. Wid\u017cet oferuje wiele opcji dostosowywania: przypisz startery inicjuj\u0105ce czat, ustaw tekst powitalny, wybierz ikony i inne funkcje. Maj\u0105c Viber Chat na swojej stronie, mo\u017cesz by\u0107 dost\u0119pny dla odwiedzaj\u0105cych przez ca\u0142y czas i z dowolnego miejsca.<\/p>\n<p><b>Dzi\u0119ki Viber Chat mo\u017cesz osi\u0105gn\u0105\u0107 szybszy rozw\u00f3j biznesu i zwi\u0119kszy\u0107 sprzeda\u017c.<\/b><\/p>\n<\/div>\n\n<div class=\"application-platform-content-item-features application-platform-content-item\" id=\"features\" data-nav-section=\"features\">\n<h2>Oferujemy zaawansowane i nieskomplikowane funkcje, sprawd\u017a niekt\u00f3re z nich:<\/h2>\n<ul>\n    <li>Biblioteka ikon dymk\u00f3w do wyboru;<\/li>\n    <li>Edytowalny tekst w dymku;<\/li>\n    <li>Nag\u0142\u00f3wek czatu ze zdj\u0119ciem strony, nazw\u0105 i podpisem;<\/li>\n    <li>Opcja edycji nazwy czatu;<\/li>\n    <li>U\u017cywanie niestandardowego tekstu jako podpisu;<\/li>\n    <li>Przycisk Rozpocznij czat z edytowalnym tekstem.<\/li>\n<\/ul>\n<p><a href=\"#demo\">Wypr\u00f3buj wszystkie funkcje personalizacji w pe\u0142ni funkcjonalnej wersji demonstracyjnej<\/a><\/p>\n<\/div>\n\n<div class=\"application-platform-content-item-installation application-platform-content-item\" id=\"installation\" data-nav-section=\"installation\">\n<h2>Jak doda\u0107 czat Viber do mojej Joomla?<\/h2>\n<p>Wystarczy post\u0119powa\u0107 zgodnie z poni\u017cszymi wskaz\u00f3wkami, aby osadzi\u0107 narz\u0119dzie w Joomla.<\/p>\n<ol>\n    <li><b>Skorzystaj z naszego darmowego edytora i zacznij tworzy\u0107 w\u0142asny widget.<\/b><br>Okre\u015bl odpowiedni uk\u0142ad i cechy funkcjonalne czatu Viber i zastosuj modyfikacje.<\/li>\n    <li><b>Odbierz sw\u00f3j indywidualny kod wy\u015bwietlony w oknie aplikacji Elfsight.<\/b><br>Zaraz po zako\u0144czeniu generowania narz\u0119dzia skopiuj ekskluzywny kod z wy\u015bwietlonego okna i zachowaj go do p\u00f3\u017aniejszego wykorzystania.<\/li>\n    <li><b>Rozpocznij stosowanie narz\u0119dzia na stronie Joomla.<\/b><br>Zintegruj skopiowany wcze\u015bniej kod ze swoj\u0105 stron\u0105 i zapisz zmiany.<\/li>\n    <li><b>Instalacja zosta\u0142a w pe\u0142ni uko\u0144czona.<\/b><br>Przejd\u017a do swojej witryny i zobacz, jak dzia\u0142a rozszerzenie.<\/li>\n<\/ol>\n<p>Je\u015bli napotkasz jakiekolwiek trudno\u015bci, nie wahaj si\u0119 zwr\u00f3ci\u0107 do naszego personelu pomocniczego. Nasi konsultanci ch\u0119tnie odpowiedz\u0105 na wszystkie pytania dotycz\u0105ce wtyczki.<\/p>\n<div class=\"faq\" data-component=\"FAQ\">\n    <div class=\"faq-item\">\r\n\t\t\t\t\t<div class=\"faq-item-question\">\r\n\t\t\t\t\t\t<h3 class=\"faq-item-question-text\">Jak doda\u0107 Viber Chat do mojej witryny Joomla bez umiej\u0119tno\u015bci kodowania?<\/h3>\r\n\r\n\t\t\t\t\t\t<div class=\"faq-item-question-icon\"><\/div>\r\n\t\t\t\t\t<\/div>\r\n\r\n\t\t\t\t\t<div class=\"faq-item-answer\">\r\n\t\t\t\t\t\t<div class=\"faq-item-answer-text\">\n    <p>Elfsight zapewnia rozwi\u0105zanie SaaS, kt\u00f3re pozwala na samodzielne utworzenie wid\u017cetu Viber Chat, przekonaj si\u0119, jak \u0142atwy jest ten proces: Pracuj bezpo\u015brednio w edytorze online, aby utworzy\u0107 wid\u017cet Viber Chat, kt\u00f3ry chcesz widzie\u0107 w swojej witrynie Joomla. Wybierz jeden z gotowych szablon\u00f3w i dostosuj ustawienia czatu Viber, dodaj tre\u015b\u0107, zmie\u0144 uk\u0142ad i schemat kolor\u00f3w bez umiej\u0119tno\u015bci kodowania. Zapisz czat Viber i skopiuj jego kod instalacyjny, kt\u00f3ry mo\u017cesz bez wysi\u0142ku wklei\u0107 na swojej stronie Joomla bez konieczno\u015bci kupowania p\u0142atnej subskrypcji. Dzi\u0119ki naszemu intuicyjnemu edytorowi ka\u017cdy u\u017cytkownik Internetu mo\u017ce stworzy\u0107 wid\u017cet Viber Chat online i \u0142atwo osadzi\u0107 go na swojej stronie Joomla. Aby uzyska\u0107 dost\u0119p do us\u0142ugi, nie trzeba p\u0142aci\u0107 ani wprowadza\u0107 danych uwierzytelniaj\u0105cych karty. Je\u015bli na kt\u00f3rymkolwiek etapie napotkasz jakiekolwiek problemy, skontaktuj si\u0119 z naszym zespo\u0142em pomocy technicznej.<\/p>\n    <\/div>\r\n\t\t\t\t\t<\/div>\r\n\t\t\t\t<\/div>\n<\/div>\n<\/div>","protected":false},"excerpt":{"rendered":"","protected":false},"author":9,"featured_media":0,"parent":971,"menu_order":0,"comment_status":"closed","ping_status":"closed","template":"templates\/template-application-platform.php","meta":{"publish_to_discourse":"","publish_post_category":"","wpdc_auto_publish_overridden":"","wpdc_topic_tags":"","wpdc_pin_topic":"","wpdc_pin_until":"","discourse_post_id":"","discourse_permalink":"","wpdc_publishing_response":"","wpdc_publishing_error":"","footnotes":""},"class_list":["post-7134","page","type-page","status-publish","hentry"],"yoast_head":"<!-- This site is optimized with the Yoast SEO plugin v25.3.1 - https:\/\/yoast.com\/wordpress\/plugins\/seo\/ -->\n<title>Dodaj czat Viber do witryny Joomla bez kodowania (2025)<\/title>\n<meta name=\"description\" content=\"Zintegruj Viber ze swoj\u0105 stron\u0105 internetow\u0105, aby zapewni\u0107 p\u0142ynn\u0105 i szybk\u0105 komunikacj\u0119 z u\u017cytkownikami. Wypr\u00f3buj wersj\u0119 demonstracyjn\u0105 Elfsight, aby teraz skonfigurowa\u0107 niestandardow\u0105 wtyczk\u0119.\" \/>\n<meta name=\"robots\" content=\"index, follow, max-snippet:-1, max-image-preview:large, max-video-preview:-1\" \/>\n<link rel=\"canonical\" href=\"https:\/\/elfsight.com\/pl\/viber-chat-widget\/joomla\/\" \/>\n<meta property=\"og:locale\" content=\"pl_PL\" \/>\n<meta property=\"og:type\" content=\"article\" \/>\n<meta property=\"og:title\" content=\"Dodaj czat Viber do witryny Joomla bez kodowania (2025)\" \/>\n<meta property=\"og:description\" content=\"Zintegruj Viber ze swoj\u0105 stron\u0105 internetow\u0105, aby zapewni\u0107 p\u0142ynn\u0105 i szybk\u0105 komunikacj\u0119 z u\u017cytkownikami. Wypr\u00f3buj wersj\u0119 demonstracyjn\u0105 Elfsight, aby teraz skonfigurowa\u0107 niestandardow\u0105 wtyczk\u0119.\" \/>\n<meta property=\"og:url\" content=\"https:\/\/elfsight.com\/pl\/viber-chat-widget\/joomla\/\" \/>\n<meta property=\"og:site_name\" content=\"Elfsight PL\" \/>\n<meta property=\"article:modified_time\" content=\"2025-06-25T09:07:51+00:00\" \/>\n<meta name=\"twitter:card\" content=\"summary_large_image\" \/>\n<meta name=\"twitter:label1\" content=\"Szacowany czas czytania\" \/>\n\t<meta name=\"twitter:data1\" content=\"3 minuty\" \/>\n<!-- \/ Yoast SEO plugin. -->","yoast_head_json":{"title":"Dodaj czat Viber do witryny Joomla bez kodowania (2025)","description":"Zintegruj Viber ze swoj\u0105 stron\u0105 internetow\u0105, aby zapewni\u0107 p\u0142ynn\u0105 i szybk\u0105 komunikacj\u0119 z u\u017cytkownikami. Wypr\u00f3buj wersj\u0119 demonstracyjn\u0105 Elfsight, aby teraz skonfigurowa\u0107 niestandardow\u0105 wtyczk\u0119.","robots":{"index":"index","follow":"follow","max-snippet":"max-snippet:-1","max-image-preview":"max-image-preview:large","max-video-preview":"max-video-preview:-1"},"canonical":"https:\/\/elfsight.com\/pl\/viber-chat-widget\/joomla\/","og_locale":"pl_PL","og_type":"article","og_title":"Dodaj czat Viber do witryny Joomla bez kodowania (2025)","og_description":"Zintegruj Viber ze swoj\u0105 stron\u0105 internetow\u0105, aby zapewni\u0107 p\u0142ynn\u0105 i szybk\u0105 komunikacj\u0119 z u\u017cytkownikami. Wypr\u00f3buj wersj\u0119 demonstracyjn\u0105 Elfsight, aby teraz skonfigurowa\u0107 niestandardow\u0105 wtyczk\u0119.","og_url":"https:\/\/elfsight.com\/pl\/viber-chat-widget\/joomla\/","og_site_name":"Elfsight PL","article_modified_time":"2025-06-25T09:07:51+00:00","twitter_card":"summary_large_image","twitter_misc":{"Szacowany czas czytania":"3 minuty"},"schema":{"@context":"https:\/\/schema.org","@graph":[{"@type":"WebPage","@id":"https:\/\/elfsight.com\/pl\/viber-chat-widget\/joomla\/","url":"https:\/\/elfsight.com\/pl\/viber-chat-widget\/joomla\/","name":"Dodaj czat Viber do witryny Joomla bez kodowania (2025)","isPartOf":{"@id":"https:\/\/elfsight.com\/pl\/#website"},"datePublished":"1970-01-01T00:00:00+00:00","dateModified":"2025-06-25T09:07:51+00:00","description":"Zintegruj Viber ze swoj\u0105 stron\u0105 internetow\u0105, aby zapewni\u0107 p\u0142ynn\u0105 i szybk\u0105 komunikacj\u0119 z u\u017cytkownikami. Wypr\u00f3buj wersj\u0119 demonstracyjn\u0105 Elfsight, aby teraz skonfigurowa\u0107 niestandardow\u0105 wtyczk\u0119.","breadcrumb":{"@id":"https:\/\/elfsight.com\/pl\/viber-chat-widget\/joomla\/#breadcrumb"},"inLanguage":"pl-PL","potentialAction":[{"@type":"ReadAction","target":["https:\/\/elfsight.com\/pl\/viber-chat-widget\/joomla\/"]}]},{"@type":"BreadcrumbList","@id":"https:\/\/elfsight.com\/pl\/viber-chat-widget\/joomla\/#breadcrumb","itemListElement":[{"@type":"ListItem","position":1,"name":"Home","item":"https:\/\/elfsight.com\/pl\/"},{"@type":"ListItem","position":2,"name":"Viber Chat","item":"https:\/\/elfsight.com\/pl\/viber-chat-widget\/"},{"@type":"ListItem","position":3,"name":"Viber Chat &#8211; Joomla"}]},{"@type":"WebSite","@id":"https:\/\/elfsight.com\/pl\/#website","url":"https:\/\/elfsight.com\/pl\/","name":"Elfsight PL","description":"Just another Elfsight Sites site","potentialAction":[{"@type":"SearchAction","target":{"@type":"EntryPoint","urlTemplate":"https:\/\/elfsight.com\/pl\/?s={search_term_string}"},"query-input":{"@type":"PropertyValueSpecification","valueRequired":true,"valueName":"search_term_string"}}],"inLanguage":"pl-PL"}]}},"meta_box":{"industry":"","seo_heading":"","heading":"","description":"","cta_heading":"","cta_description":"","application":"970","h1":"Czat Joomla Viber","h1_caption":"Zaoferuj Viber jako kana\u0142 komunikacji w swojej witrynie, u\u0142atwiaj\u0105c odwiedzaj\u0105cym bezproblemowe dotarcie do Twojej witryny Joomla.","application_category":[],"applications_title":"","applications_request_title":"","applications_request_button_text":"","hero_text":"","hero_video":"","hero_video_schema_markup":"","selling_points_title":"","selling_points_caption":"","selling_points":[],"selling_points_cta_text":"","features_title":"","features":"","ed_cta_examples_text":"","ed_cta_examples_hidden":"","ed_cta_demo_text":"","ed_cta_demo_hidden":"","why_caption":"","why_editor_title":"","why_editor_text":"","why_team_title":"","why_team_text":"","why_service_title":"","why_service_text":"","template_catalog_visible":"0","template_catalog_title":"","template_catalog_text":"","template_catalog_categories_visible":"","demo_title":"Utw\u00f3rz wtyczk\u0119 Viber Chat","demo_caption":"Skonfiguruj sw\u00f3j czat Viber i dodaj go do swojej witryny Joomla za darmo!","default_faq_hidden":"","app_template_category":[],"platform":"53","template_public_id":"","codecanyon_url":"","codecanyon_item_id":"","codecanyon_price":"","pricing_caption":"","pricing_elfsight_apps_hide_column":"","pricing_elfsight_apps_url":"","pricing_codecanyon_price_caption":"","integration_category":[],"integration_request_title":"","integration_request_cta":"","integration_platform":"","integrations":[],"platform_category":[],"video_schema_markup":"","price":"od 0 USD \/ miesi\u0105c","trial":"","benefits":[{"text":"Bezp\u0142atna pomoc w monta\u017cu"},{"text":"Kompetentna obs\u0142uga klienta"},{"text":"14-dniowa gwarancja zwrotu pieni\u0119dzy"}],"button_url":"#demo","button_target_blank":"0","button_nofollow":"0","attributes":[{"name":"Instaluje"},{"name":"Czu\u0142y"},{"name":"Kompatybilne przegl\u0105darki"}],"tags":[],"tags_disable_links":"0","hide_more_platforms":"0","video_object":"","demo_hide_cta":"0","demo_hide_cloud_options":"0","pricing_title":"","pricing":[{"pricing_icon":"platform","pricing_title":"Elfsight Apps","pricing_title_caption":"Wieloplatformowe rozwi\u0105zanie cyfrowe","pricing_price":"od 0 USD \/ miesi\u0105c","pricing_price_caption":"zacznij od bezp\u0142atnego planu","pricing_benefits":[{"text":"Nielimitowane domeny"},{"text":"Profesjonalna obs\u0142uga klienta i dobrze udokumentowana"},{"text":"Bezp\u0142atna pomoc w monta\u017cu"},{"text":"\u015awietna oferta na wiele aplikacji"}],"pricing_button_text":"Dodaj do witryny","pricing_button_url":"#demo"}],"related_apps_title":"","related_apps_hidden":"0","author":"","image":[],"title":"","job":"","social_networks":[]},"_links":{"self":[{"href":"https:\/\/elfsight.com\/pl\/wp-json\/wp\/v2\/pages\/7134","targetHints":{"allow":["GET"]}}],"collection":[{"href":"https:\/\/elfsight.com\/pl\/wp-json\/wp\/v2\/pages"}],"about":[{"href":"https:\/\/elfsight.com\/pl\/wp-json\/wp\/v2\/types\/page"}],"author":[{"embeddable":true,"href":"https:\/\/elfsight.com\/pl\/wp-json\/wp\/v2\/users\/9"}],"replies":[{"embeddable":true,"href":"https:\/\/elfsight.com\/pl\/wp-json\/wp\/v2\/comments?post=7134"}],"version-history":[{"count":2,"href":"https:\/\/elfsight.com\/pl\/wp-json\/wp\/v2\/pages\/7134\/revisions"}],"predecessor-version":[{"id":10466,"href":"https:\/\/elfsight.com\/pl\/wp-json\/wp\/v2\/pages\/7134\/revisions\/10466"}],"up":[{"embeddable":true,"href":"https:\/\/elfsight.com\/pl\/wp-json\/wp\/v2\/pages\/971"}],"wp:attachment":[{"href":"https:\/\/elfsight.com\/pl\/wp-json\/wp\/v2\/media?parent=7134"}],"curies":[{"name":"wp","href":"https:\/\/api.w.org\/{rel}","templated":true}]}}