{"id":7133,"date":"1970-01-01T00:00:00","date_gmt":"1970-01-01T00:00:00","guid":{"rendered":"https:\/\/elfsight.com\/pl\/?page_id=7133"},"modified":"2025-06-25T09:08:40","modified_gmt":"2025-06-25T09:08:40","slug":"jquery","status":"publish","type":"page","link":"https:\/\/elfsight.com\/pl\/viber-chat-widget\/jquery\/","title":{"rendered":"Viber Chat &#8211; jQuery"},"content":{"rendered":"<div class=\"application-platform-content-item-description application-platform-content-item\" id=\"description\" data-nav-section=\"description\">\n<h2>Opis<\/h2>\n<p>Czat Elfsight Viber to jedno z najszybszych narz\u0119dzi umo\u017cliwiaj\u0105cych ludziom skontaktowanie si\u0119 z Tob\u0105 w Twojej witrynie. Ka\u017cdy u\u017cytkownik szybko uzyska od Ciebie odpowied\u017a na swoje pytania lub pomoc. B\u0119dziesz dost\u0119pny na \u017cywo w jednym z najcz\u0119\u015bciej u\u017cywanych komunikator\u00f3w 24 godziny na dob\u0119, 7 dni w tygodniu. Mo\u017cesz ustawi\u0107 Czat Elfsight Viber tak, aby pojawia\u0142 si\u0119 na okre\u015blonych stronach i ustawi\u0107 go dla okre\u015blonych kategorii odwiedzaj\u0105cych. Wid\u017cet ma szerokie mo\u017cliwo\u015bci dostosowywania: przypisz pocz\u0105tek czatu, utw\u00f3rz w\u0142asny tekst powitalny, wybierz ikony i wiele wi\u0119cej. Maj\u0105c Viber Chat na swojej stronie internetowej, mo\u017cesz kontaktowa\u0107 si\u0119 z lud\u017ami w dowolnym miejscu i czasie.<\/p>\n<p><b>Umie\u015b\u0107 Viber Chat, aby osi\u0105gn\u0105\u0107 swoje cele biznesowe!<\/b><\/p>\n<\/div>\n\n<div class=\"application-platform-content-item-features application-platform-content-item\" id=\"features\" data-nav-section=\"features\">\n<h2>To tylko kilka z mn\u00f3stwa funkcji wid\u017cetu:<\/h2>\n<ul>\n    <li>Biblioteka ikon dymk\u00f3w do wyboru;<\/li>\n    <li>Edytowalny tekst w dymkach;<\/li>\n    <li>Nag\u0142\u00f3wek FlexibleChat ze zdj\u0119ciem strony, nazw\u0105 i podpisem;<\/li>\n    <li>Domy\u015blne wybieranie obrazu strony z biblioteki lub przesy\u0142anie niestandardowego obrazu;<\/li>\n    <li>Ustawianie niestandardowego tekstu jako podpisu;<\/li>\n    <li>Opcja edycji wiadomo\u015bci powitalnej z opcjami formatowania i linkami.<\/li>\n<\/ul>\n<p><a href=\"#demo\">Odkryj wszystkie opcje dostosowywania w pe\u0142ni funkcjonalnej wersji demonstracyjnej<\/a><\/p>\n<\/div>\n\n<div class=\"application-platform-content-item-installation application-platform-content-item\" id=\"installation\" data-nav-section=\"installation\">\n<h2>Jak doda\u0107 Viber Chat do mojego jQuery?<\/h2>\n<p>Wystarczy wykona\u0107 poni\u017csze wskaz\u00f3wki, aby osadzi\u0107 narz\u0119dzie.<\/p>\n<ol>\n    <li><b>Zarz\u0105dzaj naszym bezp\u0142atnym edytorem i zacznij tworzy\u0107 w\u0142asny widget.<\/b><br>Wybierz po\u017c\u0105dany wygl\u0105d i aspekty wtyczki oraz zapisz modyfikacje.<\/li>\n    <li><b>Skopiuj sw\u00f3j unikalny kod, kt\u00f3ry pojawi si\u0119 w oknie aplikacji Elfsight<\/b><br>Po zako\u0144czeniu generowania wtyczki skopiuj indywidualny kod z wyskakuj\u0105cego okienka i zapisz go na p\u00f3\u017aniej.<\/li>\n    <li><b>Rozpocznij stosowanie narz\u0119dzia na stronie jQuery<\/b><br>Zintegruj skopiowany ostatnio kod ze swoj\u0105 stron\u0105 g\u0142\u00f3wn\u0105 i zastosuj zmiany.<\/li>\n    <li><b>Jeste\u015b gotowy zrobione! Konfiguracja zosta\u0142a ca\u0142kowicie zako\u0144czona.<\/b><br>Wejd\u017a na swoj\u0105 witryn\u0119 i zobacz, jak dzia\u0142a narz\u0119dzie.<\/li>\n<\/ol>\n<p>Je\u015bli masz pytania lub napotkasz trudno\u015bci, nie wahaj si\u0119 skontaktowa\u0107 do naszego personelu obs\u0142ugi klienta. Nasi konsultanci ch\u0119tnie pomog\u0105 Ci we wszystkich trudno\u015bciach, jakie mo\u017cesz mie\u0107 z wid\u017cetem.<\/p>\n<div class=\"faq\" data-component=\"FAQ\">\n    <div class=\"faq-item\">\r\n\t\t\t\t\t<div class=\"faq-item-question\">\r\n\t\t\t\t\t\t<h3 class=\"faq-item-question-text\">Jak doda\u0107 Viber Chat do mojej witryny jQuery bez umiej\u0119tno\u015bci kodowania?<\/h3>\r\n\r\n\t\t\t\t\t\t<div class=\"faq-item-question-icon\"><\/div>\r\n\t\t\t\t\t<\/div>\r\n\r\n\t\t\t\t\t<div class=\"faq-item-answer\">\r\n\t\t\t\t\t\t<div class=\"faq-item-answer-text\">\n    <p>Elfsight zapewnia rozwi\u0105zanie SaaS, kt\u00f3re pozwala samodzielnie utworzy\u0107 wid\u017cet Viber Chat, przekonaj si\u0119, jak \u0142atwy jest ten proces: Pracuj bezpo\u015brednio w edytorze online, aby utworzy\u0107 wid\u017cet Viber Chat, kt\u00f3ry chcesz widzie\u0107 na swojej stronie jQuery. Wybierz jeden z gotowych szablon\u00f3w i dostosuj ustawienia Viber Chat, dodaj tre\u015bci, zmie\u0144 uk\u0142ad i schemat kolor\u00f3w bez umiej\u0119tno\u015bci kodowania. Zapisz Czat Viber i skopiuj jego kod instalacyjny, kt\u00f3ry mo\u017cesz po prostu umie\u015bci\u0107 na swojej stronie jQuery bez konieczno\u015bci kupowania p\u0142atnej subskrypcji. Dzi\u0119ki naszemu intuicyjnemu edytorowi ka\u017cdy u\u017cytkownik Internetu mo\u017ce stworzy\u0107 wid\u017cet Viber Chat online i \u0142atwo osadzi\u0107 go na swojej stronie internetowej jQuery. Aby uzyska\u0107 dost\u0119p do us\u0142ugi, nie trzeba p\u0142aci\u0107 ani wprowadza\u0107 danych uwierzytelniaj\u0105cych karty. Je\u015bli na kt\u00f3rymkolwiek etapie napotkasz jakiekolwiek problemy, skontaktuj si\u0119 z naszym zespo\u0142em pomocy technicznej.<\/p>\n    <\/div>\r\n\t\t\t\t\t<\/div>\r\n\t\t\t\t<\/div>\n<\/div>\n<\/div>","protected":false},"excerpt":{"rendered":"","protected":false},"author":9,"featured_media":0,"parent":971,"menu_order":0,"comment_status":"closed","ping_status":"closed","template":"templates\/template-application-platform.php","meta":{"publish_to_discourse":"","publish_post_category":"","wpdc_auto_publish_overridden":"","wpdc_topic_tags":"","wpdc_pin_topic":"","wpdc_pin_until":"","discourse_post_id":"","discourse_permalink":"","wpdc_publishing_response":"","wpdc_publishing_error":"","footnotes":""},"class_list":["post-7133","page","type-page","status-publish","hentry"],"yoast_head":"<!-- This site is optimized with the Yoast SEO plugin v25.3.1 - https:\/\/yoast.com\/wordpress\/plugins\/seo\/ -->\n<title>Dodaj Viber Chat do strony jQuery bez kodowania (2025)<\/title>\n<meta name=\"description\" content=\"Dodaj Viber Chat do strony internetowej, aby \u0142atwiej i szybciej \u0142\u0105czy\u0107 si\u0119 z odwiedzaj\u0105cymi. Wypr\u00f3buj wersj\u0119 demonstracyjn\u0105 Elfsight, aby ju\u017c teraz stworzy\u0107 w\u0142asn\u0105 wtyczk\u0119.\" \/>\n<meta name=\"robots\" content=\"index, follow, max-snippet:-1, max-image-preview:large, max-video-preview:-1\" \/>\n<link rel=\"canonical\" href=\"https:\/\/elfsight.com\/pl\/viber-chat-widget\/jquery\/\" \/>\n<meta property=\"og:locale\" content=\"pl_PL\" \/>\n<meta property=\"og:type\" content=\"article\" \/>\n<meta property=\"og:title\" content=\"Dodaj Viber Chat do strony jQuery bez kodowania (2025)\" \/>\n<meta property=\"og:description\" content=\"Dodaj Viber Chat do strony internetowej, aby \u0142atwiej i szybciej \u0142\u0105czy\u0107 si\u0119 z odwiedzaj\u0105cymi. Wypr\u00f3buj wersj\u0119 demonstracyjn\u0105 Elfsight, aby ju\u017c teraz stworzy\u0107 w\u0142asn\u0105 wtyczk\u0119.\" \/>\n<meta property=\"og:url\" content=\"https:\/\/elfsight.com\/pl\/viber-chat-widget\/jquery\/\" \/>\n<meta property=\"og:site_name\" content=\"Elfsight PL\" \/>\n<meta property=\"article:modified_time\" content=\"2025-06-25T09:08:40+00:00\" \/>\n<meta name=\"twitter:card\" content=\"summary_large_image\" \/>\n<meta name=\"twitter:label1\" content=\"Szacowany czas czytania\" \/>\n\t<meta name=\"twitter:data1\" content=\"3 minuty\" \/>\n<!-- \/ Yoast SEO plugin. -->","yoast_head_json":{"title":"Dodaj Viber Chat do strony jQuery bez kodowania (2025)","description":"Dodaj Viber Chat do strony internetowej, aby \u0142atwiej i szybciej \u0142\u0105czy\u0107 si\u0119 z odwiedzaj\u0105cymi. Wypr\u00f3buj wersj\u0119 demonstracyjn\u0105 Elfsight, aby ju\u017c teraz stworzy\u0107 w\u0142asn\u0105 wtyczk\u0119.","robots":{"index":"index","follow":"follow","max-snippet":"max-snippet:-1","max-image-preview":"max-image-preview:large","max-video-preview":"max-video-preview:-1"},"canonical":"https:\/\/elfsight.com\/pl\/viber-chat-widget\/jquery\/","og_locale":"pl_PL","og_type":"article","og_title":"Dodaj Viber Chat do strony jQuery bez kodowania (2025)","og_description":"Dodaj Viber Chat do strony internetowej, aby \u0142atwiej i szybciej \u0142\u0105czy\u0107 si\u0119 z odwiedzaj\u0105cymi. Wypr\u00f3buj wersj\u0119 demonstracyjn\u0105 Elfsight, aby ju\u017c teraz stworzy\u0107 w\u0142asn\u0105 wtyczk\u0119.","og_url":"https:\/\/elfsight.com\/pl\/viber-chat-widget\/jquery\/","og_site_name":"Elfsight PL","article_modified_time":"2025-06-25T09:08:40+00:00","twitter_card":"summary_large_image","twitter_misc":{"Szacowany czas czytania":"3 minuty"},"schema":{"@context":"https:\/\/schema.org","@graph":[{"@type":"WebPage","@id":"https:\/\/elfsight.com\/pl\/viber-chat-widget\/jquery\/","url":"https:\/\/elfsight.com\/pl\/viber-chat-widget\/jquery\/","name":"Dodaj Viber Chat do strony jQuery bez kodowania (2025)","isPartOf":{"@id":"https:\/\/elfsight.com\/pl\/#website"},"datePublished":"1970-01-01T00:00:00+00:00","dateModified":"2025-06-25T09:08:40+00:00","description":"Dodaj Viber Chat do strony internetowej, aby \u0142atwiej i szybciej \u0142\u0105czy\u0107 si\u0119 z odwiedzaj\u0105cymi. Wypr\u00f3buj wersj\u0119 demonstracyjn\u0105 Elfsight, aby ju\u017c teraz stworzy\u0107 w\u0142asn\u0105 wtyczk\u0119.","breadcrumb":{"@id":"https:\/\/elfsight.com\/pl\/viber-chat-widget\/jquery\/#breadcrumb"},"inLanguage":"pl-PL","potentialAction":[{"@type":"ReadAction","target":["https:\/\/elfsight.com\/pl\/viber-chat-widget\/jquery\/"]}]},{"@type":"BreadcrumbList","@id":"https:\/\/elfsight.com\/pl\/viber-chat-widget\/jquery\/#breadcrumb","itemListElement":[{"@type":"ListItem","position":1,"name":"Home","item":"https:\/\/elfsight.com\/pl\/"},{"@type":"ListItem","position":2,"name":"Viber Chat","item":"https:\/\/elfsight.com\/pl\/viber-chat-widget\/"},{"@type":"ListItem","position":3,"name":"Viber Chat &#8211; jQuery"}]},{"@type":"WebSite","@id":"https:\/\/elfsight.com\/pl\/#website","url":"https:\/\/elfsight.com\/pl\/","name":"Elfsight PL","description":"Just another Elfsight Sites site","potentialAction":[{"@type":"SearchAction","target":{"@type":"EntryPoint","urlTemplate":"https:\/\/elfsight.com\/pl\/?s={search_term_string}"},"query-input":{"@type":"PropertyValueSpecification","valueRequired":true,"valueName":"search_term_string"}}],"inLanguage":"pl-PL"}]}},"meta_box":{"industry":"","seo_heading":"","heading":"","description":"","cta_heading":"","cta_description":"","application":"970","h1":"Czat Vibera w jQuery","h1_caption":"Zaoferuj Viber jako kana\u0142 komunikacji w swojej witrynie, u\u0142atwiaj\u0105c odwiedzaj\u0105cym bezproblemowe dotarcie do Twojej witryny jQuery.","application_category":[],"applications_title":"","applications_request_title":"","applications_request_button_text":"","hero_text":"","hero_video":"","hero_video_schema_markup":"","selling_points_title":"","selling_points_caption":"","selling_points":[],"selling_points_cta_text":"","features_title":"","features":"","ed_cta_examples_text":"","ed_cta_examples_hidden":"","ed_cta_demo_text":"","ed_cta_demo_hidden":"","why_caption":"","why_editor_title":"","why_editor_text":"","why_team_title":"","why_team_text":"","why_service_title":"","why_service_text":"","template_catalog_visible":"0","template_catalog_title":"","template_catalog_text":"","template_catalog_categories_visible":"","demo_title":"Utw\u00f3rz wtyczk\u0119 Viber Chat","demo_caption":"Skonfiguruj sw\u00f3j czat Viber i dodaj go do swojej witryny jQuery za darmo!","default_faq_hidden":"","app_template_category":[],"platform":"56","template_public_id":"","codecanyon_url":"","codecanyon_item_id":"","codecanyon_price":"","pricing_caption":"","pricing_elfsight_apps_hide_column":"","pricing_elfsight_apps_url":"","pricing_codecanyon_price_caption":"","integration_category":[],"integration_request_title":"","integration_request_cta":"","integration_platform":"","integrations":[],"platform_category":[],"video_schema_markup":"","price":"od 0 USD \/ miesi\u0105c","trial":"","benefits":[{"text":"Bezp\u0142atna us\u0142uga monta\u017cu"},{"text":"Do\u015bwiadczona obs\u0142uga klienta"},{"text":"14-dniowa gwarancja zwrotu pieni\u0119dzy"}],"button_url":"#demo","button_target_blank":"0","button_nofollow":"0","attributes":[{"name":"Instaluje"},{"name":"Czu\u0142y"},{"name":"Kompatybilne przegl\u0105darki"}],"tags":[],"tags_disable_links":"0","hide_more_platforms":"0","video_object":"","demo_hide_cta":"0","demo_hide_cloud_options":"0","pricing_title":"","pricing":[{"pricing_icon":"platform","pricing_title":"Elfsight Apps","pricing_title_caption":"Oprogramowanie niezale\u017cne od platformy, kt\u00f3re dzia\u0142a na ka\u017cdej stronie internetowej","pricing_price":"od 0 USD \/ miesi\u0105c","pricing_price_caption":"zacznij od bezp\u0142atnego planu","pricing_benefits":[{"text":"Nielimitowane strony internetowe"},{"text":"Dedykowana obs\u0142uga klienta i dobrze udokumentowana"},{"text":"Bezp\u0142atna us\u0142uga monta\u017cu"},{"text":"W pe\u0142ni konfigurowalny"}],"pricing_button_text":"Dodaj do witryny","pricing_button_url":"#demo"}],"related_apps_title":"","related_apps_hidden":"0","author":"","image":[],"title":"","job":"","social_networks":[]},"_links":{"self":[{"href":"https:\/\/elfsight.com\/pl\/wp-json\/wp\/v2\/pages\/7133","targetHints":{"allow":["GET"]}}],"collection":[{"href":"https:\/\/elfsight.com\/pl\/wp-json\/wp\/v2\/pages"}],"about":[{"href":"https:\/\/elfsight.com\/pl\/wp-json\/wp\/v2\/types\/page"}],"author":[{"embeddable":true,"href":"https:\/\/elfsight.com\/pl\/wp-json\/wp\/v2\/users\/9"}],"replies":[{"embeddable":true,"href":"https:\/\/elfsight.com\/pl\/wp-json\/wp\/v2\/comments?post=7133"}],"version-history":[{"count":2,"href":"https:\/\/elfsight.com\/pl\/wp-json\/wp\/v2\/pages\/7133\/revisions"}],"predecessor-version":[{"id":10467,"href":"https:\/\/elfsight.com\/pl\/wp-json\/wp\/v2\/pages\/7133\/revisions\/10467"}],"up":[{"embeddable":true,"href":"https:\/\/elfsight.com\/pl\/wp-json\/wp\/v2\/pages\/971"}],"wp:attachment":[{"href":"https:\/\/elfsight.com\/pl\/wp-json\/wp\/v2\/media?parent=7133"}],"curies":[{"name":"wp","href":"https:\/\/api.w.org\/{rel}","templated":true}]}}