{"id":7127,"date":"2024-05-03T06:53:10","date_gmt":"2024-05-03T06:53:10","guid":{"rendered":"https:\/\/elfsight.com\/pl\/?page_id=7127"},"modified":"2024-11-14T09:22:25","modified_gmt":"2024-11-14T09:22:25","slug":"magento","status":"publish","type":"page","link":"https:\/\/elfsight.com\/pl\/viber-chat-widget\/magento\/","title":{"rendered":"Viber Chat &#8211; Magento"},"content":{"rendered":"<div class=\"application-platform-content-item-description application-platform-content-item\" id=\"description\" data-nav-section=\"description\"> <h2>Opis<\/h2><p>Czat Viber firmy Elfsight to jeden z najszybszych sposob\u00f3w zwracania si\u0119 u\u017cytkownik\u00f3w do Ciebie za po\u015brednictwem Twojej witryny. Ka\u017cdy u\u017cytkownik szybko uzyska od Ciebie odpowied\u017a na swoje pytania lub wsparcie. B\u0105d\u017a dost\u0119pny online na jednym z najbardziej ulubionych czat\u00f3w. Mo\u017cesz wybra\u0107 Czat Elfsight Viber, kt\u00f3ry b\u0119dzie wy\u015bwietlany na okre\u015blonych stronach i kierowany do okre\u015blonych kategorii odwiedzaj\u0105cych. Istnieje wiele mo\u017cliwo\u015bci dostosowywania: wybierz aktywatory czatu pocz\u0105tkowego, utw\u00f3rz tekst powitalny, wybierz ikony i wiele wi\u0119cej. Maj\u0105c Viber Chat na stronie, mo\u017cesz pozostawa\u0107 w kontakcie z lud\u017ami przez ca\u0142y czas i z dowolnego miejsca.<\/p><p><b>Ulepsz swoj\u0105 witryn\u0119 pod k\u0105tem cel\u00f3w biznesowych dzi\u0119ki Viber Chat<\/b><\/p>[ \/application_platform_content_item] <div class=\"application-platform-content-item-features application-platform-content-item\" id=\"features\" data-nav-section=\"features\"><\/div> <h2>To tylko kilka z bogatych funkcji wid\u017cetu:<\/h2><ul><li>Zbi\u00f3r ikon b\u0105belk\u00f3w do wyboru<\/li><li> Edytowalny tekst w dymku<\/li><li>Elastyczny nag\u0142\u00f3wek czatu ze zdj\u0119ciem strony, nazw\u0105 i podpisem<\/li><li>Opcja edycji nazwy czatu<\/li><li>U\u017cywanie niestandardowego tekstu jako podpisu<\/li><li>Edytowalna wiadomo\u015b\u0107 powitalna przy u\u017cyciu opcji formatowania i link\u00f3w<\/li><\/ul><p><a href=\"#demo\">Wystarczy sprawdzi\u0107 t\u0119 wersj\u0119 demonstracyjn\u0105, aby uzyska\u0107 pe\u0142ny obraz<\/a><\/p><\/div> <div class=\"application-platform-content-item-installation application-platform-content-item\" id=\"installation\" data-nav-section=\"installation\"> <h2>Jak doda\u0107 Viber Chat do mojej witryny Magento?<\/h2><p>Wystarczy wykona\u0107 kroki opisane poni\u017cej, aby aktywowa\u0107 wtyczk\u0119.<\/p><ol><li><b>Zarz\u0105dzaj nasz\u0105 bezp\u0142atn\u0105 wersj\u0105 demonstracyjn\u0105 i zacznij tworzy\u0107 w\u0142asne rozszerzenie. <\/b><br> Wybierz po\u017c\u0105dany wygl\u0105d i opcje rozszerzenia oraz zastosuj wszystkie modyfikacje. <\/li> <li><b>Skopiuj unikalny kod pokazany w polu w aplikacjach Elfsight. <\/b><br> Po dostosowaniu rozszerzenia skopiuj kod z wyskakuj\u0105cego okienka i zachowaj go do dalszego wykorzystania. <\/li> <li><b>Rozpocznij korzystanie z rozszerzenia na swojej stronie Magento. <\/b><br> Umie\u015b\u0107 skopiowany wcze\u015bniej kod na swojej stronie internetowej i zapisz zmiany. <\/li> <li><b>Gotowe! Osadzanie zosta\u0142o ca\u0142kowicie zako\u0144czone. <\/b><br> Przejd\u017a na swoj\u0105 witryn\u0119 i sprawd\u017a, jak dzia\u0142a rozszerzenie. <\/li><\/ol><p>Je\u015bli masz pytania lub napotkasz jakiekolwiek problemy, bez wahania skontaktuj si\u0119 z naszym zespo\u0142em obs\u0142ugi klienta. Nasi specjali\u015bci z przyjemno\u015bci\u0105 rozwi\u0105\u017c\u0105 wszystkie problemy, jakie mo\u017cesz mie\u0107 z produktem.<\/p><div class=\"faq\" data-component=\"FAQ\"> <div class=\"faq-item\">\r\n\t\t\t\t\t<div class=\"faq-item-question\">\r\n\t\t\t\t\t\t<h3 class=\"faq-item-question-text\">Jak mog\u0119 doda\u0107 Viber Chat do mojej witryny Magento bez umiej\u0119tno\u015bci kodowania?<\/h3>\r\n\r\n\t\t\t\t\t\t<div class=\"faq-item-question-icon\"><\/div>\r\n\t\t\t\t\t<\/div>\r\n\r\n\t\t\t\t\t<div class=\"faq-item-answer\">\r\n\t\t\t\t\t\t<div class=\"faq-item-answer-text\"> <p>Elfsight zapewnia rozwi\u0105zanie SaaS, kt\u00f3re pozwala samodzielnie utworzy\u0107 wid\u017cet Viber Chat, przekonaj si\u0119, jak \u0142atwy jest ten proces: Pracuj bezpo\u015brednio w edytorze online, aby utworzy\u0107 wid\u017cet Viber Chat, kt\u00f3ry chcesz zobaczy\u0107 na swojej stronie Magento. Wybierz jeden z gotowych szablon\u00f3w i dostosuj ustawienia czatu Viber, dodaj tre\u015b\u0107, zmie\u0144 uk\u0142ad i schemat kolor\u00f3w bez umiej\u0119tno\u015bci kodowania. Zapisz Czat Viber i skopiuj jego kod instalacyjny, aby\u015b m\u00f3g\u0142 go po prostu doda\u0107 do swojej witryny Magento bez konieczno\u015bci zakupu p\u0142atnej subskrypcji. Dzi\u0119ki naszemu intuicyjnemu edytorowi ka\u017cdy u\u017cytkownik Internetu mo\u017ce stworzy\u0107 wid\u017cet Viber Chat online i \u0142atwo osadzi\u0107 go na swojej stronie Magento. Aby uzyska\u0107 dost\u0119p do us\u0142ugi, nie trzeba p\u0142aci\u0107 ani wprowadza\u0107 danych uwierzytelniaj\u0105cych karty. Je\u015bli na kt\u00f3rymkolwiek etapie napotkasz jakiekolwiek problemy, skontaktuj si\u0119 z naszym zespo\u0142em pomocy technicznej.<\/p> <\/div>\r\n\t\t\t\t\t<\/div>\r\n\t\t\t\t<\/div> <\/div> <\/div>","protected":false},"excerpt":{"rendered":"","protected":false},"author":9,"featured_media":0,"parent":971,"menu_order":0,"comment_status":"closed","ping_status":"closed","template":"templates\/template-application-platform.php","meta":{"publish_to_discourse":"","publish_post_category":"","wpdc_auto_publish_overridden":"","wpdc_topic_tags":"","wpdc_pin_topic":"","wpdc_pin_until":"","discourse_post_id":"","discourse_permalink":"","wpdc_publishing_response":"","wpdc_publishing_error":"","footnotes":""},"class_list":["post-7127","page","type-page","status-publish","hentry"],"yoast_head":"<!-- This site is optimized with the Yoast SEO plugin v25.3.1 - https:\/\/yoast.com\/wordpress\/plugins\/seo\/ -->\n<title>Dodaj Viber Chat do strony Magento bez kodowania (2025)<\/title>\n<meta name=\"description\" content=\"Dodaj Viber Chat do swojej witryny, aby u\u0142atwi\u0107 i natychmiastow\u0105 komunikacj\u0119 z odwiedzaj\u0105cymi. Wypr\u00f3buj wersj\u0119 demonstracyjn\u0105 Elfsight, aby ju\u017c teraz stworzy\u0107 w\u0142asn\u0105 wtyczk\u0119.\" \/>\n<meta name=\"robots\" content=\"index, follow, max-snippet:-1, max-image-preview:large, max-video-preview:-1\" \/>\n<link rel=\"canonical\" href=\"https:\/\/elfsight.com\/pl\/viber-chat-widget\/magento\/\" \/>\n<meta property=\"og:locale\" content=\"pl_PL\" \/>\n<meta property=\"og:type\" content=\"article\" \/>\n<meta property=\"og:title\" content=\"Dodaj Viber Chat do strony Magento bez kodowania (2025)\" \/>\n<meta property=\"og:description\" content=\"Dodaj Viber Chat do swojej witryny, aby u\u0142atwi\u0107 i natychmiastow\u0105 komunikacj\u0119 z odwiedzaj\u0105cymi. Wypr\u00f3buj wersj\u0119 demonstracyjn\u0105 Elfsight, aby ju\u017c teraz stworzy\u0107 w\u0142asn\u0105 wtyczk\u0119.\" \/>\n<meta property=\"og:url\" content=\"https:\/\/elfsight.com\/pl\/viber-chat-widget\/magento\/\" \/>\n<meta property=\"og:site_name\" content=\"Elfsight PL\" \/>\n<meta property=\"article:modified_time\" content=\"2024-11-14T09:22:25+00:00\" \/>\n<meta name=\"twitter:card\" content=\"summary_large_image\" \/>\n<meta name=\"twitter:label1\" content=\"Szacowany czas czytania\" \/>\n\t<meta name=\"twitter:data1\" content=\"3 minuty\" \/>\n<!-- \/ Yoast SEO plugin. -->","yoast_head_json":{"title":"Dodaj Viber Chat do strony Magento bez kodowania (2025)","description":"Dodaj Viber Chat do swojej witryny, aby u\u0142atwi\u0107 i natychmiastow\u0105 komunikacj\u0119 z odwiedzaj\u0105cymi. Wypr\u00f3buj wersj\u0119 demonstracyjn\u0105 Elfsight, aby ju\u017c teraz stworzy\u0107 w\u0142asn\u0105 wtyczk\u0119.","robots":{"index":"index","follow":"follow","max-snippet":"max-snippet:-1","max-image-preview":"max-image-preview:large","max-video-preview":"max-video-preview:-1"},"canonical":"https:\/\/elfsight.com\/pl\/viber-chat-widget\/magento\/","og_locale":"pl_PL","og_type":"article","og_title":"Dodaj Viber Chat do strony Magento bez kodowania (2025)","og_description":"Dodaj Viber Chat do swojej witryny, aby u\u0142atwi\u0107 i natychmiastow\u0105 komunikacj\u0119 z odwiedzaj\u0105cymi. Wypr\u00f3buj wersj\u0119 demonstracyjn\u0105 Elfsight, aby ju\u017c teraz stworzy\u0107 w\u0142asn\u0105 wtyczk\u0119.","og_url":"https:\/\/elfsight.com\/pl\/viber-chat-widget\/magento\/","og_site_name":"Elfsight PL","article_modified_time":"2024-11-14T09:22:25+00:00","twitter_card":"summary_large_image","twitter_misc":{"Szacowany czas czytania":"3 minuty"},"schema":{"@context":"https:\/\/schema.org","@graph":[{"@type":"WebPage","@id":"https:\/\/elfsight.com\/pl\/viber-chat-widget\/magento\/","url":"https:\/\/elfsight.com\/pl\/viber-chat-widget\/magento\/","name":"Dodaj Viber Chat do strony Magento bez kodowania (2025)","isPartOf":{"@id":"https:\/\/elfsight.com\/pl\/#website"},"datePublished":"2024-05-03T06:53:10+00:00","dateModified":"2024-11-14T09:22:25+00:00","description":"Dodaj Viber Chat do swojej witryny, aby u\u0142atwi\u0107 i natychmiastow\u0105 komunikacj\u0119 z odwiedzaj\u0105cymi. Wypr\u00f3buj wersj\u0119 demonstracyjn\u0105 Elfsight, aby ju\u017c teraz stworzy\u0107 w\u0142asn\u0105 wtyczk\u0119.","breadcrumb":{"@id":"https:\/\/elfsight.com\/pl\/viber-chat-widget\/magento\/#breadcrumb"},"inLanguage":"pl-PL","potentialAction":[{"@type":"ReadAction","target":["https:\/\/elfsight.com\/pl\/viber-chat-widget\/magento\/"]}]},{"@type":"BreadcrumbList","@id":"https:\/\/elfsight.com\/pl\/viber-chat-widget\/magento\/#breadcrumb","itemListElement":[{"@type":"ListItem","position":1,"name":"Home","item":"https:\/\/elfsight.com\/pl\/"},{"@type":"ListItem","position":2,"name":"Viber Chat","item":"https:\/\/elfsight.com\/pl\/viber-chat-widget\/"},{"@type":"ListItem","position":3,"name":"Viber Chat &#8211; Magento"}]},{"@type":"WebSite","@id":"https:\/\/elfsight.com\/pl\/#website","url":"https:\/\/elfsight.com\/pl\/","name":"Elfsight PL","description":"Just another Elfsight Sites site","potentialAction":[{"@type":"SearchAction","target":{"@type":"EntryPoint","urlTemplate":"https:\/\/elfsight.com\/pl\/?s={search_term_string}"},"query-input":{"@type":"PropertyValueSpecification","valueRequired":true,"valueName":"search_term_string"}}],"inLanguage":"pl-PL"}]}},"meta_box":{"industry":"","seo_heading":"","heading":"","description":"","cta_heading":"","cta_description":"","application":"970","h1":"Czat Magento Viber","h1_caption":"Zaoferuj Viber jako kana\u0142 komunikacji w swojej witrynie, u\u0142atwiaj\u0105c odwiedzaj\u0105cym bezproblemowe dotarcie do Twojej witryny Magento.","application_category":[],"applications_title":"","applications_request_title":"","applications_request_button_text":"","hero_text":"","hero_video":"","hero_video_schema_markup":"","selling_points_title":"","selling_points_caption":"","selling_points":[],"selling_points_cta_text":"","features_title":"","features":"","ed_cta_examples_text":"","ed_cta_examples_hidden":"","ed_cta_demo_text":"","ed_cta_demo_hidden":"","why_caption":"","why_editor_title":"","why_editor_text":"","why_team_title":"","why_team_text":"","why_service_title":"","why_service_text":"","template_catalog_visible":"","template_catalog_title":"","template_catalog_text":"","template_catalog_categories_visible":"","demo_title":"Utw\u00f3rz rozszerzenie czatu Viber","demo_caption":"Skonfiguruj sw\u00f3j czat Viber i dodaj go do swojej witryny Magento za darmo!","default_faq_hidden":"","app_template_category":[],"platform":"92","template_public_id":"","codecanyon_url":"","codecanyon_item_id":"","codecanyon_price":"","pricing_caption":"","pricing_elfsight_apps_hide_column":"","pricing_elfsight_apps_url":"","pricing_codecanyon_price_caption":"","integration_category":[],"integration_request_title":"","integration_request_cta":"","integration_platform":"","integrations":[],"platform_category":[],"video_schema_markup":"","price":"od 0 USD \/ miesi\u0105c","trial":"","benefits":[{"text":"Bezp\u0142atna pomoc w monta\u017cu"},{"text":"Do\u015bwiadczona obs\u0142uga klienta"},{"text":"14-dniowa gwarancja zwrotu pieni\u0119dzy"},{"text":"Ci\u0105g\u0142e bezp\u0142atne aktualizacje"}],"button_url":"#demo","button_target_blank":"","button_nofollow":"","attributes":[{"name":"Instaluje"},{"name":"Czu\u0142y","content":"Tak"},{"name":"Kompatybilne przegl\u0105darki","content":"Firefox, Safari, Opera, Chrome, Edge"}],"tags":[],"tags_disable_links":"","hide_more_platforms":"","video_object":"","demo_hide_cta":"","demo_hide_cloud_options":"","pricing_title":"","pricing":[{"pricing_icon":"platform","pricing_title":"Elfsight Apps","pricing_title_caption":"Wieloplatformowe rozwi\u0105zanie cyfrowe, kt\u00f3re dzia\u0142a na ka\u017cdej stronie internetowej","pricing_price":"od 0 USD \/ miesi\u0105c","pricing_price_caption":"zacznij od bezp\u0142atnego planu","pricing_benefits":[{"text":"Nielimitowane domeny"},{"text":"Obs\u0142uga klienta premium i dobrze udokumentowana"},{"text":"Bezp\u0142atne wsparcie instalacyjne"},{"text":"Elastyczny projekt"}],"pricing_button_text":"Dodaj do witryny","pricing_button_url":"#demo"}],"related_apps_title":"","related_apps_hidden":"","author":"","image":[],"title":"","job":"","social_networks":[]},"_links":{"self":[{"href":"https:\/\/elfsight.com\/pl\/wp-json\/wp\/v2\/pages\/7127","targetHints":{"allow":["GET"]}}],"collection":[{"href":"https:\/\/elfsight.com\/pl\/wp-json\/wp\/v2\/pages"}],"about":[{"href":"https:\/\/elfsight.com\/pl\/wp-json\/wp\/v2\/types\/page"}],"author":[{"embeddable":true,"href":"https:\/\/elfsight.com\/pl\/wp-json\/wp\/v2\/users\/9"}],"replies":[{"embeddable":true,"href":"https:\/\/elfsight.com\/pl\/wp-json\/wp\/v2\/comments?post=7127"}],"version-history":[{"count":1,"href":"https:\/\/elfsight.com\/pl\/wp-json\/wp\/v2\/pages\/7127\/revisions"}],"predecessor-version":[{"id":7131,"href":"https:\/\/elfsight.com\/pl\/wp-json\/wp\/v2\/pages\/7127\/revisions\/7131"}],"up":[{"embeddable":true,"href":"https:\/\/elfsight.com\/pl\/wp-json\/wp\/v2\/pages\/971"}],"wp:attachment":[{"href":"https:\/\/elfsight.com\/pl\/wp-json\/wp\/v2\/media?parent=7127"}],"curies":[{"name":"wp","href":"https:\/\/api.w.org\/{rel}","templated":true}]}}