{"id":7126,"date":"1970-01-01T00:00:00","date_gmt":"1970-01-01T00:00:00","guid":{"rendered":"https:\/\/elfsight.com\/pl\/?page_id=7126"},"modified":"2025-06-25T09:10:20","modified_gmt":"2025-06-25T09:10:20","slug":"html","status":"publish","type":"page","link":"https:\/\/elfsight.com\/pl\/viber-chat-widget\/html\/","title":{"rendered":"Viber Chat &#8211; HTML"},"content":{"rendered":"<div class=\"application-platform-content-item-description application-platform-content-item\" id=\"description\" data-nav-section=\"description\">\n<h2>Opis<\/h2>\n<p>Czat Elfsight Viber to najwygodniejsza mo\u017cliwo\u015b\u0107, aby odwiedzaj\u0105cy witryn\u0119 mogli skontaktowa\u0107 si\u0119 z Tob\u0105, pozostaj\u0105c na Twojej witrynie. Ka\u017cdy u\u017cytkownik szybko uzyska od Ciebie odpowied\u017a na swoje pytania lub wsparcie. B\u0119dziesz m\u00f3g\u0142 by\u0107 dost\u0119pny na \u017cywo w jednym z najcz\u0119\u015bciej u\u017cywanych komunikator\u00f3w. Mo\u017cesz wybra\u0107, aby Czat Elfsight Viber wy\u015bwietla\u0142 si\u0119 na poszczeg\u00f3lnych stronach i kierowa\u0142 go do okre\u015blonych grup odwiedzaj\u0105cych. Istnieje wiele mo\u017cliwo\u015bci dostosowywania: wybierz aktywatory czatu pocz\u0105tkowego, utw\u00f3rz tekst powitalny, wybierz ikony i wiele wi\u0119cej. Korzystaj\u0105c z Viber Chat na swojej stronie, b\u0119dziesz dost\u0119pny dla odwiedzaj\u0105cych w dowolnym czasie i miejscu.<\/p>\n<p><b>Dodaj Viber Chat, aby sprosta\u0107 wyzwaniom biznesowym przy mniejszym wysi\u0142ku!<\/b><\/p>\n<\/div>\n\n<div class=\"application-platform-content-item-features application-platform-content-item\" id=\"features\" data-nav-section=\"features\">\n<h2>Wy\u015bwietl list\u0119 najwa\u017cniejszych funkcji:<\/h2>\n<ul>\n    <li>Zbi\u00f3r ikon b\u0105belk\u00f3w do wyboru;<\/li>\n    <li>Edytowalny dymek tekst;<\/li>\n    <li>Nag\u0142\u00f3wek czatu z logo strony, nazw\u0105 i podpisem;<\/li>\n    <li>Domy\u015blne wybieranie obrazu strony z kolekcji lub przesy\u0142anie w\u0142asnego obrazu;<\/li>\n    <li>Opcja do wyboru niestandardowy tekst jako podpis;<\/li>\n    <li>Tekst przycisku Rozpocznij czat mo\u017cna edytowa\u0107.<\/li>\n<\/ul>\n<p><a href=\"#demo\">Sprawd\u017a wszystkie ustawienia w pe\u0142ni funkcjonalnej wersji demonstracyjnej<\/a><\/p>\n<\/div>\n\n<div class=\"application-platform-content-item-installation application-platform-content-item\" id=\"installation\" data-nav-section=\"installation\">\n<h2>Jak mog\u0119 doda\u0107 Viber Chat do mojej witryny HTML?<\/h2>\n<p>Wystarczy wykona\u0107 kilka krok\u00f3w podanych poni\u017cej, aby aktywowa\u0107 narz\u0119dzie.<\/p>\n<ol>\n    <li><b>Uruchom nasz darmowy edytor i zacznij kszta\u0142towa\u0107 sw\u00f3j niestandardowy wid\u017cet.<\/b><br>Okre\u015bl preferowany wygl\u0105d i funkcjonalno\u015b\u0107 wid\u017cetu oraz zapisz modyfikacje.<\/li>\n    <li><b>Skopiuj kod osobisty wy\u015bwietlony w polu aplikacji Elfsight<\/b><br>Gdy tylko dostosowywanie Twojego osobistego wid\u017cetu zostanie zako\u0144czone, skopiuj indywidualny kod z wy\u015bwietlonego pola i zachowaj go do dalszego u\u017cytkowania.<\/li>\n    <li><b>Potwierd\u017a u\u017cycie wtyczki na stronie g\u0142\u00f3wnej HTML<\/b><br>Zaimplementuj skopiowany wcze\u015bniej kod na swojej stronie g\u0142\u00f3wnej i zapisz zmiany.<\/li>\n    <li><b>Gotowe! Integracja zosta\u0142a ca\u0142kowicie zako\u0144czona.<\/b><br>Odwied\u017a swoj\u0105 stron\u0119 internetow\u0105, aby zobaczy\u0107, jak dzia\u0142a narz\u0119dzie.<\/li>\n<\/ol>\n<p>Je\u015bli napotkasz pewne trudno\u015bci, nie wahaj si\u0119 napisa\u0107 do naszego zespo\u0142u obs\u0142ugi klienta. Nasi ludzie ch\u0119tnie pomog\u0105 Ci we wszystkich problemach, jakie mo\u017cesz mie\u0107 z wid\u017cetem.<\/p>\n<div class=\"faq\" data-component=\"FAQ\">\n    <div class=\"faq-item\">\r\n\t\t\t\t\t<div class=\"faq-item-question\">\r\n\t\t\t\t\t\t<h3 class=\"faq-item-question-text\">Jak mog\u0119 doda\u0107 Viber Chat do mojej witryny HTML bez umiej\u0119tno\u015bci kodowania?<\/h3>\r\n\r\n\t\t\t\t\t\t<div class=\"faq-item-question-icon\"><\/div>\r\n\t\t\t\t\t<\/div>\r\n\r\n\t\t\t\t\t<div class=\"faq-item-answer\">\r\n\t\t\t\t\t\t<div class=\"faq-item-answer-text\">\n    <p>Elfsight oferuje rozwi\u0105zanie SaaS, kt\u00f3re umo\u017cliwia samodzielne utworzenie wid\u017cetu Viber Chat. Przekonaj si\u0119, jak \u0142atwy jest ten proces: Pracuj bezpo\u015brednio w edytorze online, aby utworzy\u0107 wid\u017cet Viber Chat, kt\u00f3ry chcesz widzie\u0107 na swojej stronie HTML. Wybierz jeden z gotowych szablon\u00f3w i dostosuj ustawienia Viber Chat, dodaj tre\u015b\u0107, zmie\u0144 uk\u0142ad i kolory bez umiej\u0119tno\u015bci kodowania. Zapisz Czat Viber i skopiuj jego kod instalacyjny, aby\u015b m\u00f3g\u0142 po prostu doda\u0107 go do swojej witryny HTML bez kupowania p\u0142atnego planu. Dzi\u0119ki naszemu intuicyjnemu edytorowi ka\u017cdy u\u017cytkownik Internetu mo\u017ce stworzy\u0107 wid\u017cet Viber Chat online i \u0142atwo osadzi\u0107 go na swojej stronie HTML. Aby uzyska\u0107 dost\u0119p do us\u0142ugi, nie trzeba p\u0142aci\u0107 ani wprowadza\u0107 danych uwierzytelniaj\u0105cych karty. Je\u015bli na kt\u00f3rymkolwiek etapie napotkasz jakiekolwiek problemy, skontaktuj si\u0119 z naszym zespo\u0142em pomocy technicznej.<\/p>\n    <\/div>\r\n\t\t\t\t\t<\/div>\r\n\t\t\t\t<\/div>\n<\/div>\n<\/div>","protected":false},"excerpt":{"rendered":"","protected":false},"author":9,"featured_media":0,"parent":971,"menu_order":0,"comment_status":"closed","ping_status":"closed","template":"templates\/template-application-platform.php","meta":{"publish_to_discourse":"","publish_post_category":"","wpdc_auto_publish_overridden":"","wpdc_topic_tags":"","wpdc_pin_topic":"","wpdc_pin_until":"","discourse_post_id":"","discourse_permalink":"","wpdc_publishing_response":"","wpdc_publishing_error":"","footnotes":""},"class_list":["post-7126","page","type-page","status-publish","hentry"],"yoast_head":"<!-- This site is optimized with the Yoast SEO plugin v25.3.1 - https:\/\/yoast.com\/wordpress\/plugins\/seo\/ -->\n<title>Dodaj Viber Chat do strony HTML bez kodowania (2026)<\/title>\n<meta name=\"description\" content=\"Umie\u015b\u0107 czat Viber na stronie internetowej, aby p\u0142ynnie i szybciej \u0142\u0105czy\u0107 si\u0119 z odwiedzaj\u0105cymi. Wypr\u00f3buj darmowe demo Elfsight, aby ju\u017c teraz zbudowa\u0107 w\u0142asn\u0105 wtyczk\u0119.\" \/>\n<meta name=\"robots\" content=\"index, follow, max-snippet:-1, max-image-preview:large, max-video-preview:-1\" \/>\n<link rel=\"canonical\" href=\"https:\/\/elfsight.com\/pl\/viber-chat-widget\/html\/\" \/>\n<meta property=\"og:locale\" content=\"pl_PL\" \/>\n<meta property=\"og:type\" content=\"article\" \/>\n<meta property=\"og:title\" content=\"Dodaj Viber Chat do strony HTML bez kodowania (2026)\" \/>\n<meta property=\"og:description\" content=\"Umie\u015b\u0107 czat Viber na stronie internetowej, aby p\u0142ynnie i szybciej \u0142\u0105czy\u0107 si\u0119 z odwiedzaj\u0105cymi. Wypr\u00f3buj darmowe demo Elfsight, aby ju\u017c teraz zbudowa\u0107 w\u0142asn\u0105 wtyczk\u0119.\" \/>\n<meta property=\"og:url\" content=\"https:\/\/elfsight.com\/pl\/viber-chat-widget\/html\/\" \/>\n<meta property=\"og:site_name\" content=\"Elfsight PL\" \/>\n<meta property=\"article:modified_time\" content=\"2025-06-25T09:10:20+00:00\" \/>\n<meta name=\"twitter:card\" content=\"summary_large_image\" \/>\n<meta name=\"twitter:label1\" content=\"Szacowany czas czytania\" \/>\n\t<meta name=\"twitter:data1\" content=\"3 minuty\" \/>\n<!-- \/ Yoast SEO plugin. -->","yoast_head_json":{"title":"Dodaj Viber Chat do strony HTML bez kodowania (2026)","description":"Umie\u015b\u0107 czat Viber na stronie internetowej, aby p\u0142ynnie i szybciej \u0142\u0105czy\u0107 si\u0119 z odwiedzaj\u0105cymi. Wypr\u00f3buj darmowe demo Elfsight, aby ju\u017c teraz zbudowa\u0107 w\u0142asn\u0105 wtyczk\u0119.","robots":{"index":"index","follow":"follow","max-snippet":"max-snippet:-1","max-image-preview":"max-image-preview:large","max-video-preview":"max-video-preview:-1"},"canonical":"https:\/\/elfsight.com\/pl\/viber-chat-widget\/html\/","og_locale":"pl_PL","og_type":"article","og_title":"Dodaj Viber Chat do strony HTML bez kodowania (2026)","og_description":"Umie\u015b\u0107 czat Viber na stronie internetowej, aby p\u0142ynnie i szybciej \u0142\u0105czy\u0107 si\u0119 z odwiedzaj\u0105cymi. Wypr\u00f3buj darmowe demo Elfsight, aby ju\u017c teraz zbudowa\u0107 w\u0142asn\u0105 wtyczk\u0119.","og_url":"https:\/\/elfsight.com\/pl\/viber-chat-widget\/html\/","og_site_name":"Elfsight PL","article_modified_time":"2025-06-25T09:10:20+00:00","twitter_card":"summary_large_image","twitter_misc":{"Szacowany czas czytania":"3 minuty"},"schema":{"@context":"https:\/\/schema.org","@graph":[{"@type":"WebPage","@id":"https:\/\/elfsight.com\/pl\/viber-chat-widget\/html\/","url":"https:\/\/elfsight.com\/pl\/viber-chat-widget\/html\/","name":"Dodaj Viber Chat do strony HTML bez kodowania (2026)","isPartOf":{"@id":"https:\/\/elfsight.com\/pl\/#website"},"datePublished":"1970-01-01T00:00:00+00:00","dateModified":"2025-06-25T09:10:20+00:00","description":"Umie\u015b\u0107 czat Viber na stronie internetowej, aby p\u0142ynnie i szybciej \u0142\u0105czy\u0107 si\u0119 z odwiedzaj\u0105cymi. Wypr\u00f3buj darmowe demo Elfsight, aby ju\u017c teraz zbudowa\u0107 w\u0142asn\u0105 wtyczk\u0119.","breadcrumb":{"@id":"https:\/\/elfsight.com\/pl\/viber-chat-widget\/html\/#breadcrumb"},"inLanguage":"pl-PL","potentialAction":[{"@type":"ReadAction","target":["https:\/\/elfsight.com\/pl\/viber-chat-widget\/html\/"]}]},{"@type":"BreadcrumbList","@id":"https:\/\/elfsight.com\/pl\/viber-chat-widget\/html\/#breadcrumb","itemListElement":[{"@type":"ListItem","position":1,"name":"Home","item":"https:\/\/elfsight.com\/pl\/"},{"@type":"ListItem","position":2,"name":"Viber Chat","item":"https:\/\/elfsight.com\/pl\/viber-chat-widget\/"},{"@type":"ListItem","position":3,"name":"Viber Chat &#8211; HTML"}]},{"@type":"WebSite","@id":"https:\/\/elfsight.com\/pl\/#website","url":"https:\/\/elfsight.com\/pl\/","name":"Elfsight PL","description":"Just another Elfsight Sites site","potentialAction":[{"@type":"SearchAction","target":{"@type":"EntryPoint","urlTemplate":"https:\/\/elfsight.com\/pl\/?s={search_term_string}"},"query-input":{"@type":"PropertyValueSpecification","valueRequired":true,"valueName":"search_term_string"}}],"inLanguage":"pl-PL"}]}},"meta_box":{"industry":"","seo_heading":"","heading":"","description":"","cta_heading":"","cta_description":"","application":"970","h1":"Czat HTML Vibera","h1_caption":"Zaoferuj Viber jako kana\u0142 komunikacji w swojej witrynie, u\u0142atwiaj\u0105c odwiedzaj\u0105cym bezproblemowe dotarcie do Twojej witryny HTML.","application_category":[],"applications_title":"","applications_request_title":"","applications_request_button_text":"","hero_text":"","hero_video":"","hero_video_schema_markup":"","selling_points_title":"","selling_points_caption":"","selling_points":[],"selling_points_cta_text":"","features_title":"","features":"","ed_cta_examples_text":"","ed_cta_examples_hidden":"","ed_cta_demo_text":"","ed_cta_demo_hidden":"","why_caption":"","why_editor_title":"","why_editor_text":"","why_team_title":"","why_team_text":"","why_service_title":"","why_service_text":"","template_catalog_visible":"0","template_catalog_title":"","template_catalog_text":"","template_catalog_categories_visible":"","demo_title":"Utw\u00f3rz wid\u017cet czatu Viber","demo_caption":"Skonfiguruj sw\u00f3j czat Viber i dodaj go do swojej witryny HTML za darmo!","default_faq_hidden":"","app_template_category":[],"platform":"50","template_public_id":"","codecanyon_url":"","codecanyon_item_id":"","codecanyon_price":"","pricing_caption":"","pricing_elfsight_apps_hide_column":"","pricing_elfsight_apps_url":"","pricing_codecanyon_price_caption":"","integration_category":[],"integration_request_title":"","integration_request_cta":"","integration_platform":"","integrations":[],"platform_category":[],"video_schema_markup":"","price":"od 0 USD \/ miesi\u0105c","trial":"","benefits":[{"text":"Bezp\u0142atna pomoc w instalacji"},{"text":"Wsparcie premium"},{"text":"14-dniowa gwarancja zwrotu pieni\u0119dzy"}],"button_url":"#demo","button_target_blank":"0","button_nofollow":"0","attributes":[{"name":"Instaluje"},{"name":"Czu\u0142y"},{"name":"Kompatybilne przegl\u0105darki"}],"tags":[],"tags_disable_links":"0","hide_more_platforms":"0","video_object":"","demo_hide_cta":"0","demo_hide_cloud_options":"0","pricing_title":"","pricing":[{"pricing_icon":"platform","pricing_title":"Elfsight Apps","pricing_title_caption":"Oprogramowanie wieloplatformowe","pricing_price":"od 0 USD \/ miesi\u0105c","pricing_price_caption":"zacznij od bezp\u0142atnego planu","pricing_benefits":[{"text":"Nielimitowane strony internetowe"},{"text":"Wsparcie premium i na czas"},{"text":"Bezp\u0142atna pomoc w monta\u017cu"},{"text":"Specjalna oferta na wiele aplikacji"}],"pricing_button_text":"Dodaj do witryny","pricing_button_url":"#demo"}],"related_apps_title":"","related_apps_hidden":"0","author":"","image":[],"title":"","job":"","social_networks":[]},"_links":{"self":[{"href":"https:\/\/elfsight.com\/pl\/wp-json\/wp\/v2\/pages\/7126","targetHints":{"allow":["GET"]}}],"collection":[{"href":"https:\/\/elfsight.com\/pl\/wp-json\/wp\/v2\/pages"}],"about":[{"href":"https:\/\/elfsight.com\/pl\/wp-json\/wp\/v2\/types\/page"}],"author":[{"embeddable":true,"href":"https:\/\/elfsight.com\/pl\/wp-json\/wp\/v2\/users\/9"}],"replies":[{"embeddable":true,"href":"https:\/\/elfsight.com\/pl\/wp-json\/wp\/v2\/comments?post=7126"}],"version-history":[{"count":2,"href":"https:\/\/elfsight.com\/pl\/wp-json\/wp\/v2\/pages\/7126\/revisions"}],"predecessor-version":[{"id":10469,"href":"https:\/\/elfsight.com\/pl\/wp-json\/wp\/v2\/pages\/7126\/revisions\/10469"}],"up":[{"embeddable":true,"href":"https:\/\/elfsight.com\/pl\/wp-json\/wp\/v2\/pages\/971"}],"wp:attachment":[{"href":"https:\/\/elfsight.com\/pl\/wp-json\/wp\/v2\/media?parent=7126"}],"curies":[{"name":"wp","href":"https:\/\/api.w.org\/{rel}","templated":true}]}}