{"id":7119,"date":"1970-01-01T00:00:00","date_gmt":"1970-01-01T00:00:00","guid":{"rendered":"https:\/\/elfsight.com\/pl\/?page_id=7119"},"modified":"2025-06-25T09:11:27","modified_gmt":"2025-06-25T09:11:27","slug":"shopify","status":"publish","type":"page","link":"https:\/\/elfsight.com\/pl\/viber-chat-widget\/shopify\/","title":{"rendered":"Viber Chat &#8211; Shopify"},"content":{"rendered":"<div class=\"application-platform-content-item-description application-platform-content-item\" id=\"description\" data-nav-section=\"description\">\n<h2>Osad\u017a czat Viber na Shopify za pomoc\u0105 wid\u017cetu Elfsight<\/h2>\n<p>Czat Elfsight Viber to jedno z najwygodniejszych narz\u0119dzi, za pomoc\u0105 kt\u00f3rych u\u017cytkownicy mog\u0105 si\u0119 z Tob\u0105 kontaktowa\u0107 na Twojej stronie internetowej. Ka\u017cdy u\u017cytkownik szybko uzyska od Ciebie odpowied\u017a na swoje pytania lub wsparcie. B\u0119dziesz dost\u0119pny na \u017cywo na jednym z najbardziej ulubionych czat\u00f3w. Mo\u017cesz wybra\u0107 wy\u015bwietlanie Czatu Elfsight Viber na wybranych stronach i ustawi\u0107 go dla odr\u0119bnych grup odwiedzaj\u0105cych. Istnieje wiele mo\u017cliwo\u015bci dostosowywania: wybierz aktywatory inicjuj\u0105ce czat, stw\u00f3rz w\u0142asn\u0105 wiadomo\u015b\u0107 powitaln\u0105, wybierz ikony i inne funkcje. Dzi\u0119ki Viber Chat na swojej stronie mo\u017cesz pozostawa\u0107 w kontakcie z lud\u017ami w dowolnym czasie i miejscu.<\/p>\n<p><b>Dzi\u0119ki Viber Chat rozpocznij silny rozw\u00f3j firmy i lepsz\u0105 sprzeda\u017c.<\/b><\/p>\n<\/div>\n\n<div class=\"application-platform-content-item-features application-platform-content-item\" id=\"features\" data-nav-section=\"features\">\n<h2>Wid\u017cet ma przydatne i nieskomplikowane funkcje, zobacz niekt\u00f3re z nich:<\/h2>\n<ul>\n    <li>Zbi\u00f3r ikon b\u0105belk\u00f3w do wyboru;<\/li>\n    <li>Opcja edycji tekstu w dymku;<\/li>\n    <li>Nag\u0142\u00f3wek czatu z logo strony, nazw\u0105 i podpisem;<\/li>\n    <li>Edytowana nazwa czatu;<\/li>\n    <li>Ustawianie niestandardowego tekstu jako podpisu czatu;<\/li>\n    <li>Edytowalna wiadomo\u015b\u0107 powitalna przy u\u017cyciu opcji formatowania i link\u00f3w.<\/li>\n<\/ul>\n<p><a href=\"#demo\">Przetestuj wszystkie ustawienia w pe\u0142ni funkcjonalnej wersji demonstracyjnej<\/a><\/p>\n<\/div>\n\n<div class=\"application-platform-content-item-installation application-platform-content-item\" id=\"installation\" data-nav-section=\"installation\">\n<h2>Jak doda\u0107 Viber Chat do mojej witryny Shopify?<\/h2>\n<p>Wystarczy wykona\u0107 poni\u017csze kroki opisane poni\u017cej, aby osadzi\u0107 wid\u017cet.<\/p>\n<ol>\n    <li><b>Skorzystaj z naszego bezp\u0142atnego konfiguratora i zacznij budowa\u0107 w\u0142asn\u0105 aplikacj\u0119.<\/b><br>Okre\u015bl odpowiedni interfejs i funkcjonalno\u015b\u0107 aplikacji i zapisz wszystkie poprawki.<\/li>\n    <li><b>Odbierz indywidualny kod widoczny w pude\u0142ku w aplikacjach Elfsight.<\/b><br>Po zako\u0144czeniu dostosowywania aplikacji skopiuj kod w wy\u015bwietlonym wyskakuj\u0105cym okienku i zapisz go na dalsze potrzeby.<\/li>\n    <li><b>Rozpocznij korzystanie z aplikacji w swojej witrynie Shopify.<\/b><br>Dodaj skopiowany ostatnio kod na swoj\u0105 stron\u0119 internetow\u0105 i zastosuj poprawki.<\/li>\n    <li><b>Gotowe! Integracja zosta\u0142a ca\u0142kowicie zako\u0144czona.<\/b><br>Przejd\u017a do swojej witryny, aby sprawdzi\u0107, jak dzia\u0142a aplikacja.<\/li>\n<\/ol>\n<p>W przypadku pyta\u0144 lub napotkania trudno\u015bci prosimy o kontakt z naszym dzia\u0142em obs\u0142ugi klienta. Nasi konsultanci pragn\u0105 rozwi\u0105za\u0107 wszystkie pytania, jakie mo\u017cesz mie\u0107 dotycz\u0105ce produktu.<\/p>\n<div class=\"faq\" data-component=\"FAQ\">\n    <div class=\"faq-item\">\r\n\t\t\t\t\t<div class=\"faq-item-question\">\r\n\t\t\t\t\t\t<h3 class=\"faq-item-question-text\">Jak mog\u0119 doda\u0107 Viber Chat do mojej witryny Shopify bez umiej\u0119tno\u015bci kodowania?<\/h3>\r\n\r\n\t\t\t\t\t\t<div class=\"faq-item-question-icon\"><\/div>\r\n\t\t\t\t\t<\/div>\r\n\r\n\t\t\t\t\t<div class=\"faq-item-answer\">\r\n\t\t\t\t\t\t<div class=\"faq-item-answer-text\">\n    <p>Elfsight zapewnia Rozwi\u0105zanie SaaS, kt\u00f3re umo\u017cliwia samodzielne utworzenie wid\u017cetu Viber Chat. Przekonaj si\u0119, jak \u0142atwy jest ten proces: Pracuj bezpo\u015brednio w edytorze online, aby utworzy\u0107 wid\u017cet Viber Chat, kt\u00f3ry chcesz widzie\u0107 w swojej witrynie Shopify. Wybierz jeden z gotowych szablon\u00f3w i dostosuj ustawienia Viber Chat, dodaj tre\u015b\u0107, zmie\u0144 uk\u0142ad i kolory bez umiej\u0119tno\u015bci kodowania. Zapisz czat Viber i skopiuj jego kod instalacyjny, kt\u00f3ry mo\u017cesz \u0142atwo umie\u015bci\u0107 na swojej stronie Shopify bez konieczno\u015bci kupowania p\u0142atnego planu. Dzi\u0119ki naszemu intuitywnemu edytorowi ka\u017cdy u\u017cytkownik Internetu mo\u017ce utworzy\u0107 wid\u017cet Viber Chat online i \u0142atwo osadzi\u0107 go na swojej stronie internetowej Shopify. Aby uzyska\u0107 dost\u0119p do us\u0142ugi, nie trzeba p\u0142aci\u0107 ani wprowadza\u0107 danych uwierzytelniaj\u0105cych karty. Je\u015bli na kt\u00f3rymkolwiek etapie napotkasz jakiekolwiek problemy, skontaktuj si\u0119 z naszym zespo\u0142em pomocy technicznej.<\/p>\n    <\/div>\r\n\t\t\t\t\t<\/div>\r\n\t\t\t\t<\/div>\n<\/div>\n<\/div>","protected":false},"excerpt":{"rendered":"","protected":false},"author":9,"featured_media":0,"parent":971,"menu_order":0,"comment_status":"closed","ping_status":"closed","template":"templates\/template-application-platform.php","meta":{"publish_to_discourse":"","publish_post_category":"","wpdc_auto_publish_overridden":"","wpdc_topic_tags":"","wpdc_pin_topic":"","wpdc_pin_until":"","discourse_post_id":"","discourse_permalink":"","wpdc_publishing_response":"","wpdc_publishing_error":"","footnotes":""},"class_list":["post-7119","page","type-page","status-publish","hentry"],"yoast_head":"<!-- This site is optimized with the Yoast SEO plugin v25.3.1 - https:\/\/yoast.com\/wordpress\/plugins\/seo\/ -->\n<title>Dodaj Viber Chat do witryny Shopify bez kodowania (2025)<\/title>\n<meta name=\"description\" content=\"Umie\u015b\u0107 czat Viber na swojej stronie, aby \u0142atwiej i szybciej \u0142\u0105czy\u0107 si\u0119 z odwiedzaj\u0105cymi. Przetestuj darmowe demo Elfsight, aby ju\u017c teraz stworzy\u0107 w\u0142asn\u0105 wtyczk\u0119.\" \/>\n<meta name=\"robots\" content=\"index, follow, max-snippet:-1, max-image-preview:large, max-video-preview:-1\" \/>\n<link rel=\"canonical\" href=\"https:\/\/elfsight.com\/pl\/viber-chat-widget\/shopify\/\" \/>\n<meta property=\"og:locale\" content=\"pl_PL\" \/>\n<meta property=\"og:type\" content=\"article\" \/>\n<meta property=\"og:title\" content=\"Dodaj Viber Chat do witryny Shopify bez kodowania (2025)\" \/>\n<meta property=\"og:description\" content=\"Umie\u015b\u0107 czat Viber na swojej stronie, aby \u0142atwiej i szybciej \u0142\u0105czy\u0107 si\u0119 z odwiedzaj\u0105cymi. Przetestuj darmowe demo Elfsight, aby ju\u017c teraz stworzy\u0107 w\u0142asn\u0105 wtyczk\u0119.\" \/>\n<meta property=\"og:url\" content=\"https:\/\/elfsight.com\/pl\/viber-chat-widget\/shopify\/\" \/>\n<meta property=\"og:site_name\" content=\"Elfsight PL\" \/>\n<meta property=\"article:modified_time\" content=\"2025-06-25T09:11:27+00:00\" \/>\n<meta name=\"twitter:card\" content=\"summary_large_image\" \/>\n<meta name=\"twitter:label1\" content=\"Szacowany czas czytania\" \/>\n\t<meta name=\"twitter:data1\" content=\"3 minuty\" \/>\n<!-- \/ Yoast SEO plugin. -->","yoast_head_json":{"title":"Dodaj Viber Chat do witryny Shopify bez kodowania (2025)","description":"Umie\u015b\u0107 czat Viber na swojej stronie, aby \u0142atwiej i szybciej \u0142\u0105czy\u0107 si\u0119 z odwiedzaj\u0105cymi. Przetestuj darmowe demo Elfsight, aby ju\u017c teraz stworzy\u0107 w\u0142asn\u0105 wtyczk\u0119.","robots":{"index":"index","follow":"follow","max-snippet":"max-snippet:-1","max-image-preview":"max-image-preview:large","max-video-preview":"max-video-preview:-1"},"canonical":"https:\/\/elfsight.com\/pl\/viber-chat-widget\/shopify\/","og_locale":"pl_PL","og_type":"article","og_title":"Dodaj Viber Chat do witryny Shopify bez kodowania (2025)","og_description":"Umie\u015b\u0107 czat Viber na swojej stronie, aby \u0142atwiej i szybciej \u0142\u0105czy\u0107 si\u0119 z odwiedzaj\u0105cymi. Przetestuj darmowe demo Elfsight, aby ju\u017c teraz stworzy\u0107 w\u0142asn\u0105 wtyczk\u0119.","og_url":"https:\/\/elfsight.com\/pl\/viber-chat-widget\/shopify\/","og_site_name":"Elfsight PL","article_modified_time":"2025-06-25T09:11:27+00:00","twitter_card":"summary_large_image","twitter_misc":{"Szacowany czas czytania":"3 minuty"},"schema":{"@context":"https:\/\/schema.org","@graph":[{"@type":"WebPage","@id":"https:\/\/elfsight.com\/pl\/viber-chat-widget\/shopify\/","url":"https:\/\/elfsight.com\/pl\/viber-chat-widget\/shopify\/","name":"Dodaj Viber Chat do witryny Shopify bez kodowania (2025)","isPartOf":{"@id":"https:\/\/elfsight.com\/pl\/#website"},"datePublished":"1970-01-01T00:00:00+00:00","dateModified":"2025-06-25T09:11:27+00:00","description":"Umie\u015b\u0107 czat Viber na swojej stronie, aby \u0142atwiej i szybciej \u0142\u0105czy\u0107 si\u0119 z odwiedzaj\u0105cymi. Przetestuj darmowe demo Elfsight, aby ju\u017c teraz stworzy\u0107 w\u0142asn\u0105 wtyczk\u0119.","breadcrumb":{"@id":"https:\/\/elfsight.com\/pl\/viber-chat-widget\/shopify\/#breadcrumb"},"inLanguage":"pl-PL","potentialAction":[{"@type":"ReadAction","target":["https:\/\/elfsight.com\/pl\/viber-chat-widget\/shopify\/"]}]},{"@type":"BreadcrumbList","@id":"https:\/\/elfsight.com\/pl\/viber-chat-widget\/shopify\/#breadcrumb","itemListElement":[{"@type":"ListItem","position":1,"name":"Home","item":"https:\/\/elfsight.com\/pl\/"},{"@type":"ListItem","position":2,"name":"Viber Chat","item":"https:\/\/elfsight.com\/pl\/viber-chat-widget\/"},{"@type":"ListItem","position":3,"name":"Viber Chat &#8211; Shopify"}]},{"@type":"WebSite","@id":"https:\/\/elfsight.com\/pl\/#website","url":"https:\/\/elfsight.com\/pl\/","name":"Elfsight PL","description":"Just another Elfsight Sites site","potentialAction":[{"@type":"SearchAction","target":{"@type":"EntryPoint","urlTemplate":"https:\/\/elfsight.com\/pl\/?s={search_term_string}"},"query-input":{"@type":"PropertyValueSpecification","valueRequired":true,"valueName":"search_term_string"}}],"inLanguage":"pl-PL"}]}},"meta_box":{"industry":"","seo_heading":"","heading":"","description":"","cta_heading":"","cta_description":"","application":"970","h1":"Czat Shopify Viber","h1_caption":"Zaoferuj Viber jako kana\u0142 komunikacji w swojej witrynie, u\u0142atwiaj\u0105c odwiedzaj\u0105cym bezproblemowe dotarcie do Twojej witryny Shopify.","application_category":[],"applications_title":"","applications_request_title":"","applications_request_button_text":"","hero_text":"","hero_video":"","hero_video_schema_markup":"","selling_points_title":"","selling_points_caption":"","selling_points":[],"selling_points_cta_text":"","features_title":"","features":"","ed_cta_examples_text":"","ed_cta_examples_hidden":"","ed_cta_demo_text":"","ed_cta_demo_hidden":"","why_caption":"","why_editor_title":"","why_editor_text":"","why_team_title":"","why_team_text":"","why_service_title":"","why_service_text":"","template_catalog_visible":"0","template_catalog_title":"","template_catalog_text":"","template_catalog_categories_visible":"","demo_title":"Utw\u00f3rz aplikacj\u0119 Viber Chat","demo_caption":"Skonfiguruj sw\u00f3j czat Viber i dodaj go do swojej witryny Shopify za darmo!","default_faq_hidden":"","app_template_category":[],"platform":"7580","template_public_id":"","codecanyon_url":"","codecanyon_item_id":"","codecanyon_price":"","pricing_caption":"","pricing_elfsight_apps_hide_column":"","pricing_elfsight_apps_url":"","pricing_codecanyon_price_caption":"","integration_category":[],"integration_request_title":"","integration_request_cta":"","integration_platform":"","integrations":[],"platform_category":[],"video_schema_markup":"","price":"od 0 USD \/ miesi\u0105c","trial":"","benefits":[{"text":"Bezp\u0142atna us\u0142uga monta\u017cu"},{"text":"Wsparcie premium"},{"text":"14-dniowa gwarancja zwrotu pieni\u0119dzy"}],"button_url":"#demo","button_target_blank":"0","button_nofollow":"0","attributes":[{"name":"Instaluje"},{"name":"Czu\u0142y"},{"name":"Kompatybilne przegl\u0105darki"}],"tags":[],"tags_disable_links":"0","hide_more_platforms":"0","video_object":"","demo_hide_cta":"0","demo_hide_cloud_options":"0","pricing_title":"","pricing":[{"pricing_icon":"cloud","pricing_title":"Elfsight Apps","pricing_title_caption":"Wersja wieloplatformowa, kt\u00f3ra dzia\u0142a na ka\u017cdej stronie internetowej","pricing_price":"od 0 USD \/ miesi\u0105c","pricing_price_caption":"zacznij od bezp\u0142atnego planu","pricing_benefits":[{"text":"Nielimitowane strony internetowe"},{"text":"Wsparcie premium"},{"text":"Bezp\u0142atna us\u0142uga monta\u017cu"},{"text":"Oferta specjalna na wiele aplikacji"}],"pricing_button_text":"Dodaj do witryny","pricing_button_url":"#demo"}],"related_apps_title":"","related_apps_hidden":"0","author":"","image":[],"title":"","job":"","social_networks":[]},"_links":{"self":[{"href":"https:\/\/elfsight.com\/pl\/wp-json\/wp\/v2\/pages\/7119","targetHints":{"allow":["GET"]}}],"collection":[{"href":"https:\/\/elfsight.com\/pl\/wp-json\/wp\/v2\/pages"}],"about":[{"href":"https:\/\/elfsight.com\/pl\/wp-json\/wp\/v2\/types\/page"}],"author":[{"embeddable":true,"href":"https:\/\/elfsight.com\/pl\/wp-json\/wp\/v2\/users\/9"}],"replies":[{"embeddable":true,"href":"https:\/\/elfsight.com\/pl\/wp-json\/wp\/v2\/comments?post=7119"}],"version-history":[{"count":2,"href":"https:\/\/elfsight.com\/pl\/wp-json\/wp\/v2\/pages\/7119\/revisions"}],"predecessor-version":[{"id":10470,"href":"https:\/\/elfsight.com\/pl\/wp-json\/wp\/v2\/pages\/7119\/revisions\/10470"}],"up":[{"embeddable":true,"href":"https:\/\/elfsight.com\/pl\/wp-json\/wp\/v2\/pages\/971"}],"wp:attachment":[{"href":"https:\/\/elfsight.com\/pl\/wp-json\/wp\/v2\/media?parent=7119"}],"curies":[{"name":"wp","href":"https:\/\/api.w.org\/{rel}","templated":true}]}}