{"id":7117,"date":"1970-01-01T00:00:00","date_gmt":"1970-01-01T00:00:00","guid":{"rendered":"https:\/\/elfsight.com\/pl\/?page_id=7117"},"modified":"2025-06-25T09:13:25","modified_gmt":"2025-06-25T09:13:25","slug":"webflow","status":"publish","type":"page","link":"https:\/\/elfsight.com\/pl\/viber-chat-widget\/webflow\/","title":{"rendered":"Viber Chat &#8211; Webflow"},"content":{"rendered":"<div class=\"application-platform-content-item-description application-platform-content-item\" id=\"description\" data-nav-section=\"description\">\n<h2>Umie\u015b\u0107 czat Viber w Webflow za pomoc\u0105 wid\u017cetu Elfsight<\/h2>\n<p>Czat Elfsight Viber to najszybsze narz\u0119dzie umo\u017cliwiaj\u0105ce u\u017cytkownikom kontakt z Tob\u0105 na Twojej stronie. Ka\u017cdy u\u017cytkownik szybko uzyska od Ciebie rozwi\u0105zanie swoich pyta\u0144 lub pomoc. B\u0105d\u017a dost\u0119pny na \u017cywo w jednym z najcz\u0119\u015bciej u\u017cywanych komunikator\u00f3w. Mo\u017cesz ustawi\u0107 Czat Elfsight Viber tak, aby pojawia\u0142 si\u0119 na okre\u015blonych stronach i ustawi\u0107 go dla odr\u0119bnych kategorii odbiorc\u00f3w. Wid\u017cet oferuje r\u00f3\u017cnorodne mo\u017cliwo\u015bci dostosowywania: wybierz aktywatory rozpocz\u0119cia czatu, ustaw w\u0142asny tekst powitalny, wybierz ikony i inne funkcje. Korzystaj\u0105c z czatu Viber na swojej stronie internetowej, mo\u017cesz by\u0107 osi\u0105galny dla odwiedzaj\u0105cych w ka\u017cdej chwili i z dowolnego miejsca.<\/p>\n<p><b>Umie\u015b\u0107 czat Viber, aby szybciej stawia\u0107 czo\u0142a wyzwaniom zwi\u0105zanym z handlem elektronicznym!<\/b><\/p>\n<\/div>\n\n<div class=\"application-platform-content-item-features application-platform-content-item\" id=\"features\" data-nav-section=\"features\">\n<h2>To tylko kilka z wielu funkcji wid\u017cetu:<\/h2>\n<ul>\n    <li>Biblioteka ikon b\u0105belk\u00f3w do wyboru;<\/li>\n    <li>Opcja edycji tekstu w dymku;<\/li>\n    <li>Nag\u0142\u00f3wek czatu z logo strony, nazw\u0105 i podpisem;<\/li>\n    <li>Edytowalna nazwa czatu;<\/li>\n    <li>Opcja wyboru niestandardowego tekstu jako podpisu;<\/li>\n    <li>Opcja edycji wiadomo\u015bci powitalnej z opcjami formatowania i linkami.<\/li>\n<\/ul>\n<p><a href=\"#demo\">Wystarczy wypr\u00f3bowa\u0107 t\u0119 wersj\u0119 demonstracyjn\u0105, aby zobaczy\u0107, jak to dzia\u0142a<\/a><\/p>\n<\/div>\n\n<div class=\"application-platform-content-item-installation application-platform-content-item\" id=\"installation\" data-nav-section=\"installation\">\n<h2>Jak mog\u0119 osadzi\u0107 czat Viber w moim Webflow?<\/h2>\n<p>Wystarczy zastosowa\u0107 si\u0119 do poni\u017cszych instrukcji, aby zintegrowa\u0107 narz\u0119dzie.<\/p>\n<ol>\n    <li><b>Zarz\u0105dzaj nasz\u0105 bezp\u0142atn\u0105 wersj\u0105 demonstracyjn\u0105 i zacznij tworzy\u0107 w\u0142asny widget.<\/b><br>Okre\u015bl wybrany wygl\u0105d i cechy funkcjonalne narz\u0119dzia oraz zastosuj poprawki.<\/li>\n    <li><b>Kupuj unikalny kod ujawniony w pude\u0142ku aplikacji Elfsight<\/b><br>Po zako\u0144czeniu generowania osobistego narz\u0119dzia skopiuj kod osobisty z wy\u015bwietlonego okna i zachowaj go do wykorzystania w przysz\u0142o\u015bci.<\/li>\n    <li><b>Zatwierd\u017a korzystanie z narz\u0119dzia w swojej witrynie Webflow<\/b><br>Wstaw ostatnio skopiowany kod na swoj\u0105 stron\u0119 i zastosuj modyfikacje.<\/li>\n    <li><b>Instalacja zosta\u0142a pomy\u015blnie zako\u0144czona<\/b><br>Odwied\u017a swoj\u0105 stron\u0119 internetow\u0105, aby sprawdzi\u0107 dzia\u0142anie narz\u0119dzia.<\/li>\n<\/ol>\n<p>W przypadku napotkania przeszk\u00f3d prosimy o kontakt z naszym personelem pomocniczym. Nasi konsultanci ch\u0119tnie odpowiedz\u0105 na wszystkie pytania dotycz\u0105ce tego narz\u0119dzia.<\/p>\n<div class=\"faq\" data-component=\"FAQ\">\n    <div class=\"faq-item\">\r\n\t\t\t\t\t<div class=\"faq-item-question\">\r\n\t\t\t\t\t\t<h3 class=\"faq-item-question-text\">Jak doda\u0107 Viber Chat do mojej witryny Webflow bez umiej\u0119tno\u015bci kodowania?<\/h3>\r\n\r\n\t\t\t\t\t\t<div class=\"faq-item-question-icon\"><\/div>\r\n\t\t\t\t\t<\/div>\r\n\r\n\t\t\t\t\t<div class=\"faq-item-answer\">\r\n\t\t\t\t\t\t<div class=\"faq-item-answer-text\">\n    <p>Elfsight zapewnia rozwi\u0105zanie SaaS, kt\u00f3re pozwala samodzielnie utworzy\u0107 wid\u017cet Viber Chat, przekonaj si\u0119, jak \u0142atwy jest ten proces: Pracuj bezpo\u015brednio w edytorze online, aby utworzy\u0107 wid\u017cet Viber Chat, kt\u00f3ry chcesz widzie\u0107 na swojej stronie internetowej Webflow. Wybierz jeden z gotowych szablon\u00f3w i dostosuj ustawienia Viber Chat, dodaj tre\u015b\u0107, zmie\u0144 uk\u0142ad i kolory bez umiej\u0119tno\u015bci kodowania. Zapisz czat Viber i skopiuj jego kod instalacyjny, kt\u00f3ry mo\u017cesz \u0142atwo wklei\u0107 na swojej stronie internetowej Webflow, bez konieczno\u015bci kupowania wersji p\u0142atnej. Dzi\u0119ki naszemu intuicyjnemu edytorowi ka\u017cdy u\u017cytkownik Internetu mo\u017ce stworzy\u0107 wid\u017cet Viber Chat online i \u0142atwo osadzi\u0107 go na swojej stronie internetowej Webflow. Aby uzyska\u0107 dost\u0119p do us\u0142ugi, nie trzeba p\u0142aci\u0107 ani wprowadza\u0107 danych uwierzytelniaj\u0105cych karty. Je\u015bli na kt\u00f3rymkolwiek etapie napotkasz jakiekolwiek problemy, skontaktuj si\u0119 z naszym zespo\u0142em pomocy technicznej.<\/p>\n    <\/div>\r\n\t\t\t\t\t<\/div>\r\n\t\t\t\t<\/div>\n<\/div>\n<\/div>","protected":false},"excerpt":{"rendered":"","protected":false},"author":9,"featured_media":0,"parent":971,"menu_order":0,"comment_status":"closed","ping_status":"closed","template":"templates\/template-application-platform.php","meta":{"publish_to_discourse":"","publish_post_category":"","wpdc_auto_publish_overridden":"","wpdc_topic_tags":"","wpdc_pin_topic":"","wpdc_pin_until":"","discourse_post_id":"","discourse_permalink":"","wpdc_publishing_response":"","wpdc_publishing_error":"","footnotes":""},"class_list":["post-7117","page","type-page","status-publish","hentry"],"yoast_head":"<!-- This site is optimized with the Yoast SEO plugin v25.3.1 - https:\/\/yoast.com\/wordpress\/plugins\/seo\/ -->\n<title>Dodaj czat Viber do witryny Webflow bez kodowania (2025)<\/title>\n<meta name=\"description\" content=\"Zintegruj Viber ze stron\u0105, aby zapewni\u0107 lepsz\u0105 i natychmiastow\u0105 komunikacj\u0119 z odwiedzaj\u0105cymi. Przetestuj darmowe demo Elfsight, aby ju\u017c teraz stworzy\u0107 swoj\u0105 unikaln\u0105 wtyczk\u0119.\" \/>\n<meta name=\"robots\" content=\"index, follow, max-snippet:-1, max-image-preview:large, max-video-preview:-1\" \/>\n<link rel=\"canonical\" href=\"https:\/\/elfsight.com\/pl\/viber-chat-widget\/webflow\/\" \/>\n<meta property=\"og:locale\" content=\"pl_PL\" \/>\n<meta property=\"og:type\" content=\"article\" \/>\n<meta property=\"og:title\" content=\"Dodaj czat Viber do witryny Webflow bez kodowania (2025)\" \/>\n<meta property=\"og:description\" content=\"Zintegruj Viber ze stron\u0105, aby zapewni\u0107 lepsz\u0105 i natychmiastow\u0105 komunikacj\u0119 z odwiedzaj\u0105cymi. Przetestuj darmowe demo Elfsight, aby ju\u017c teraz stworzy\u0107 swoj\u0105 unikaln\u0105 wtyczk\u0119.\" \/>\n<meta property=\"og:url\" content=\"https:\/\/elfsight.com\/pl\/viber-chat-widget\/webflow\/\" \/>\n<meta property=\"og:site_name\" content=\"Elfsight PL\" \/>\n<meta property=\"article:modified_time\" content=\"2025-06-25T09:13:25+00:00\" \/>\n<meta name=\"twitter:card\" content=\"summary_large_image\" \/>\n<meta name=\"twitter:label1\" content=\"Szacowany czas czytania\" \/>\n\t<meta name=\"twitter:data1\" content=\"3 minuty\" \/>\n<!-- \/ Yoast SEO plugin. -->","yoast_head_json":{"title":"Dodaj czat Viber do witryny Webflow bez kodowania (2025)","description":"Zintegruj Viber ze stron\u0105, aby zapewni\u0107 lepsz\u0105 i natychmiastow\u0105 komunikacj\u0119 z odwiedzaj\u0105cymi. Przetestuj darmowe demo Elfsight, aby ju\u017c teraz stworzy\u0107 swoj\u0105 unikaln\u0105 wtyczk\u0119.","robots":{"index":"index","follow":"follow","max-snippet":"max-snippet:-1","max-image-preview":"max-image-preview:large","max-video-preview":"max-video-preview:-1"},"canonical":"https:\/\/elfsight.com\/pl\/viber-chat-widget\/webflow\/","og_locale":"pl_PL","og_type":"article","og_title":"Dodaj czat Viber do witryny Webflow bez kodowania (2025)","og_description":"Zintegruj Viber ze stron\u0105, aby zapewni\u0107 lepsz\u0105 i natychmiastow\u0105 komunikacj\u0119 z odwiedzaj\u0105cymi. Przetestuj darmowe demo Elfsight, aby ju\u017c teraz stworzy\u0107 swoj\u0105 unikaln\u0105 wtyczk\u0119.","og_url":"https:\/\/elfsight.com\/pl\/viber-chat-widget\/webflow\/","og_site_name":"Elfsight PL","article_modified_time":"2025-06-25T09:13:25+00:00","twitter_card":"summary_large_image","twitter_misc":{"Szacowany czas czytania":"3 minuty"},"schema":{"@context":"https:\/\/schema.org","@graph":[{"@type":"WebPage","@id":"https:\/\/elfsight.com\/pl\/viber-chat-widget\/webflow\/","url":"https:\/\/elfsight.com\/pl\/viber-chat-widget\/webflow\/","name":"Dodaj czat Viber do witryny Webflow bez kodowania (2025)","isPartOf":{"@id":"https:\/\/elfsight.com\/pl\/#website"},"datePublished":"1970-01-01T00:00:00+00:00","dateModified":"2025-06-25T09:13:25+00:00","description":"Zintegruj Viber ze stron\u0105, aby zapewni\u0107 lepsz\u0105 i natychmiastow\u0105 komunikacj\u0119 z odwiedzaj\u0105cymi. Przetestuj darmowe demo Elfsight, aby ju\u017c teraz stworzy\u0107 swoj\u0105 unikaln\u0105 wtyczk\u0119.","breadcrumb":{"@id":"https:\/\/elfsight.com\/pl\/viber-chat-widget\/webflow\/#breadcrumb"},"inLanguage":"pl-PL","potentialAction":[{"@type":"ReadAction","target":["https:\/\/elfsight.com\/pl\/viber-chat-widget\/webflow\/"]}]},{"@type":"BreadcrumbList","@id":"https:\/\/elfsight.com\/pl\/viber-chat-widget\/webflow\/#breadcrumb","itemListElement":[{"@type":"ListItem","position":1,"name":"Home","item":"https:\/\/elfsight.com\/pl\/"},{"@type":"ListItem","position":2,"name":"Viber Chat","item":"https:\/\/elfsight.com\/pl\/viber-chat-widget\/"},{"@type":"ListItem","position":3,"name":"Viber Chat &#8211; Webflow"}]},{"@type":"WebSite","@id":"https:\/\/elfsight.com\/pl\/#website","url":"https:\/\/elfsight.com\/pl\/","name":"Elfsight PL","description":"Just another Elfsight Sites site","potentialAction":[{"@type":"SearchAction","target":{"@type":"EntryPoint","urlTemplate":"https:\/\/elfsight.com\/pl\/?s={search_term_string}"},"query-input":{"@type":"PropertyValueSpecification","valueRequired":true,"valueName":"search_term_string"}}],"inLanguage":"pl-PL"}]}},"meta_box":{"industry":"","seo_heading":"","heading":"","description":"","cta_heading":"","cta_description":"","application":"970","h1":"Czat Webflow Viber","h1_caption":"Zaoferuj Viber jako kana\u0142 komunikacji w swojej witrynie, u\u0142atwiaj\u0105c odwiedzaj\u0105cym bezproblemowe dotarcie do Twojej witryny Webflow.","application_category":[],"applications_title":"","applications_request_title":"","applications_request_button_text":"","hero_text":"","hero_video":"","hero_video_schema_markup":"","selling_points_title":"","selling_points_caption":"","selling_points":[],"selling_points_cta_text":"","features_title":"","features":"","ed_cta_examples_text":"","ed_cta_examples_hidden":"","ed_cta_demo_text":"","ed_cta_demo_hidden":"","why_caption":"","why_editor_title":"","why_editor_text":"","why_team_title":"","why_team_text":"","why_service_title":"","why_service_text":"","template_catalog_visible":"0","template_catalog_title":"","template_catalog_text":"","template_catalog_categories_visible":"","demo_title":"Utw\u00f3rz wid\u017cet czatu Viber","demo_caption":"Skonfiguruj sw\u00f3j czat Viber i dodaj go do swojej witryny Webflow za darmo!","default_faq_hidden":"","app_template_category":[],"platform":"127","template_public_id":"","codecanyon_url":"","codecanyon_item_id":"","codecanyon_price":"","pricing_caption":"","pricing_elfsight_apps_hide_column":"","pricing_elfsight_apps_url":"","pricing_codecanyon_price_caption":"","integration_category":[],"integration_request_title":"","integration_request_cta":"","integration_platform":"","integrations":[],"platform_category":[],"video_schema_markup":"","price":"od 0 USD \/ miesi\u0105c","trial":"","benefits":[{"text":"Bezp\u0142atna pomoc w instalacji"},{"text":"Profesjonalna obs\u0142uga klienta"},{"text":"14-dniowa gwarancja zwrotu pieni\u0119dzy"}],"button_url":"#demo","button_target_blank":"0","button_nofollow":"0","attributes":[{"name":"Instaluje"},{"name":"Czu\u0142y"},{"name":"Kompatybilne przegl\u0105darki"}],"tags":[],"tags_disable_links":"0","hide_more_platforms":"0","video_object":"","demo_hide_cta":"0","demo_hide_cloud_options":"0","pricing_title":"","pricing":[{"pricing_icon":"platform","pricing_title":"Elfsight Apps","pricing_title_caption":"Rozwi\u0105zanie niezale\u017cne od platformy, kt\u00f3re dzia\u0142a na ka\u017cdej stronie internetowej","pricing_price":"od 0 USD \/ miesi\u0105c","pricing_price_caption":"zacznij od bezp\u0142atnego planu","pricing_benefits":[{"text":"Nieograniczona liczba domen"},{"text":"Bezp\u0142atna obs\u0142uga klienta"},{"text":"Bezp\u0142atna pomoc w monta\u017cu"},{"text":"Oferta specjalna na wiele aplikacji"}],"pricing_button_text":"Dodaj do witryny","pricing_button_url":"#demo"}],"related_apps_title":"","related_apps_hidden":"0","author":"","image":[],"title":"","job":"","social_networks":[]},"_links":{"self":[{"href":"https:\/\/elfsight.com\/pl\/wp-json\/wp\/v2\/pages\/7117","targetHints":{"allow":["GET"]}}],"collection":[{"href":"https:\/\/elfsight.com\/pl\/wp-json\/wp\/v2\/pages"}],"about":[{"href":"https:\/\/elfsight.com\/pl\/wp-json\/wp\/v2\/types\/page"}],"author":[{"embeddable":true,"href":"https:\/\/elfsight.com\/pl\/wp-json\/wp\/v2\/users\/9"}],"replies":[{"embeddable":true,"href":"https:\/\/elfsight.com\/pl\/wp-json\/wp\/v2\/comments?post=7117"}],"version-history":[{"count":2,"href":"https:\/\/elfsight.com\/pl\/wp-json\/wp\/v2\/pages\/7117\/revisions"}],"predecessor-version":[{"id":10472,"href":"https:\/\/elfsight.com\/pl\/wp-json\/wp\/v2\/pages\/7117\/revisions\/10472"}],"up":[{"embeddable":true,"href":"https:\/\/elfsight.com\/pl\/wp-json\/wp\/v2\/pages\/971"}],"wp:attachment":[{"href":"https:\/\/elfsight.com\/pl\/wp-json\/wp\/v2\/media?parent=7117"}],"curies":[{"name":"wp","href":"https:\/\/api.w.org\/{rel}","templated":true}]}}