{"id":7112,"date":"1970-01-01T00:00:00","date_gmt":"1970-01-01T00:00:00","guid":{"rendered":"https:\/\/elfsight.com\/pl\/?page_id=7112"},"modified":"2024-11-14T09:22:09","modified_gmt":"2024-11-14T09:22:09","slug":"webnode","status":"publish","type":"page","link":"https:\/\/elfsight.com\/pl\/viber-chat-widget\/webnode\/","title":{"rendered":"Viber Chat &#8211; Webnode"},"content":{"rendered":"<div class=\"application-platform-content-item-description application-platform-content-item\" id=\"description\" data-nav-section=\"description\"> <h2>Opis<\/h2><p>Czat Elfsight Viber to najszybsza mo\u017cliwo\u015b\u0107 skontaktowania si\u0119 z Tob\u0105, pozostaj\u0105c na Twojej stronie internetowej. Ka\u017cdy u\u017cytkownik szybko uzyska od Ciebie odpowiedzi na swoje pytania lub wsparcie. B\u0105d\u017a dost\u0119pny online w jednym z najcz\u0119\u015bciej u\u017cywanych komunikator\u00f3w. Mo\u017cesz wybra\u0107, czy czat Elfsight Viber b\u0119dzie wy\u015bwietlany na okre\u015blonych stronach i kierowa\u0107 go do odr\u0119bnych kategorii odbiorc\u00f3w. Istniej\u0105 szerokie mo\u017cliwo\u015bci dostosowywania: wybierz wyzwalacze rozpoczynaj\u0105ce czat, utw\u00f3rz tekst powitalny, wybierz ikony i wiele wi\u0119cej. Korzystaj\u0105c z Viber Chat na stronie, b\u0119dziesz dost\u0119pny dla ludzi przez ca\u0142y czas i w ka\u017cdym miejscu.<\/p><p><b>Dodaj Viber Chat, aby osi\u0105ga\u0107 szczyty swojej dzia\u0142alno\u015bci przy mniejszym wysi\u0142ku!<\/b><\/p> <\/div> <div class=\"application-platform-content-item-features application-platform-content-item\" id=\"features\" data-nav-section=\"features\"> <h2>Oto podstawowe funkcje wid\u017cetu:<\/h2><ul><li>Zbi\u00f3r ikon dymk\u00f3w do wyboru<\/li><li>Edytowalny tekst w dymkach <\/li><li>Nag\u0142\u00f3wek FlexibleChat z logo strony, nazw\u0105 i podpisem<\/li><li>Edytowalna nazwa czatu<\/li><li>Ustawianie niestandardowego tekstu jako podpisu czatu<\/li><li>Przycisk Rozpocznij czat z edytowalnym tekstem<\/li><\/ul><p><a href=\"#demo\">Wypr\u00f3buj wszystkie ustawienia w pe\u0142nej wersji demonstracyjnej<\/a><\/p><\/div> <div class=\"application-platform-content-item-installation  application-platform-content-item\" id=\"installation \" data-nav-section=\"installation \"> <h2>Jak mog\u0119 doda\u0107 czat Viber do mojego Webnode?<\/h2><p>Wystarczy zastosowa\u0107 si\u0119 do poni\u017cszych instrukcji, aby osadzi\u0107 narz\u0119dzie.<\/p><ol><li><b>Uruchamianie naszej bezp\u0142atnej wersji demonstracyjnej i zacznij budowa\u0107 sw\u00f3j w\u0142asny instrument.<\/b><br>Znajd\u017a preferowany interfejs i opcje narz\u0119dzia i zastosuj modyfikacje.<\/li><li><b>Zdob\u0105d\u017a sw\u00f3j indywidualny kod, kt\u00f3ry pojawi si\u0119 w oknie aplikacji Elfsight<\/b><br>Zaraz po zako\u0144czeniu tworzenia wtyczki skopiuj osobisty kod z wyskakuj\u0105cego okienka i zachowaj go do p\u00f3\u017aniejszego wykorzystania.<\/li><li><b>Rozpocznij korzystanie z wtyczki w swojej sieci Webnode strona<\/b><br>Zaimplementuj zapisany ostatnio kod w swojej witrynie i zastosuj poprawki.<\/li><li><b>Gotowe! Osadzanie zosta\u0142o pomy\u015blnie zako\u0144czone.<\/b><br>Przejd\u017a na swoj\u0105 witryn\u0119, aby sprawdzi\u0107, jak dzia\u0142a wtyczka.<\/li><\/ol><p>Je\u015bli napotkasz zapytania lub napotkasz pewne problemy, mo\u017cesz zwr\u00f3ci\u0107 si\u0119 do naszego wsparcia personel. Nasi konsultanci pragn\u0105 rozwi\u0105za\u0107 wszystkie problemy, jakie mo\u017cesz mie\u0107 z wtyczk\u0105.<\/p><div class=\"faq\" data-component=\"FAQ\"> <div class=\"faq-item\">\r\n\t\t\t\t\t<div class=\"faq-item-question\">\r\n\t\t\t\t\t\t<h3 class=\"faq-item-question-text\">Jak doda\u0107 Viber Chat do mojej witryny Webnode bez umiej\u0119tno\u015bci kodowania?<\/h3>\r\n\r\n\t\t\t\t\t\t<div class=\"faq-item-question-icon\"><\/div>\r\n\t\t\t\t\t<\/div>\r\n\r\n\t\t\t\t\t<div class=\"faq-item-answer\">\r\n\t\t\t\t\t\t<div class=\"faq-item-answer-text\"> <p>Elfsight zapewnia SaaS rozwi\u0105zanie, kt\u00f3re pozwala samodzielnie utworzy\u0107 wid\u017cet Viber Chat, przekonaj si\u0119, jak \u0142atwy jest ten proces: Pracuj bezpo\u015brednio w edytorze online, aby utworzy\u0107 wid\u017cet Viber Chat, kt\u00f3ry chcesz zobaczy\u0107 na swojej stronie internetowej Webnode. Wybierz jeden z gotowych szablon\u00f3w i dostosuj ustawienia Viber Chat, dodaj tre\u015b\u0107, zmie\u0144 uk\u0142ad i kolory bez umiej\u0119tno\u015bci kodowania. Zapisz czat Viber i skopiuj jego kod instalacyjny, kt\u00f3ry mo\u017cesz \u0142atwo osadzi\u0107 na swojej stronie Webnode bez konieczno\u015bci kupowania wersji p\u0142atnej. Dzi\u0119ki naszemu intuicyjnemu edytorowi ka\u017cdy u\u017cytkownik Internetu mo\u017ce stworzy\u0107 wid\u017cet Viber Chat online i \u0142atwo osadzi\u0107 go na swojej stronie internetowej Webnode. Aby uzyska\u0107 dost\u0119p do us\u0142ugi, nie trzeba p\u0142aci\u0107 ani wprowadza\u0107 danych uwierzytelniaj\u0105cych karty. Je\u015bli na kt\u00f3rymkolwiek etapie napotkasz jakiekolwiek problemy, skontaktuj si\u0119 z naszym zespo\u0142em pomocy technicznej.<\/p> <\/div>\r\n\t\t\t\t\t<\/div>\r\n\t\t\t\t<\/div> <\/div> <\/div>","protected":false},"excerpt":{"rendered":"","protected":false},"author":9,"featured_media":0,"parent":971,"menu_order":0,"comment_status":"closed","ping_status":"closed","template":"templates\/template-application-platform.php","meta":{"publish_to_discourse":"","publish_post_category":"","wpdc_auto_publish_overridden":"","wpdc_topic_tags":"","wpdc_pin_topic":"","wpdc_pin_until":"","discourse_post_id":"","discourse_permalink":"","wpdc_publishing_response":"","wpdc_publishing_error":"","footnotes":""},"class_list":["post-7112","page","type-page","status-publish","hentry"],"yoast_head":"<!-- This site is optimized with the Yoast SEO plugin v25.3.1 - https:\/\/yoast.com\/wordpress\/plugins\/seo\/ -->\n<title>Dodaj czat Viber do witryny Webnode bez kodowania (2025)<\/title>\n<meta name=\"description\" content=\"Dodaj czat Viber do witryny, aby zapewni\u0107 p\u0142ynn\u0105 i natychmiastow\u0105 komunikacj\u0119 z u\u017cytkownikami. Sprawd\u017a darmowe demo Elfsight, aby ju\u017c teraz zbudowa\u0107 swoj\u0105 unikaln\u0105 wtyczk\u0119.\" \/>\n<meta name=\"robots\" content=\"index, follow, max-snippet:-1, max-image-preview:large, max-video-preview:-1\" \/>\n<link rel=\"canonical\" href=\"https:\/\/elfsight.com\/pl\/viber-chat-widget\/webnode\/\" \/>\n<meta property=\"og:locale\" content=\"pl_PL\" \/>\n<meta property=\"og:type\" content=\"article\" \/>\n<meta property=\"og:title\" content=\"Dodaj czat Viber do witryny Webnode bez kodowania (2025)\" \/>\n<meta property=\"og:description\" content=\"Dodaj czat Viber do witryny, aby zapewni\u0107 p\u0142ynn\u0105 i natychmiastow\u0105 komunikacj\u0119 z u\u017cytkownikami. Sprawd\u017a darmowe demo Elfsight, aby ju\u017c teraz zbudowa\u0107 swoj\u0105 unikaln\u0105 wtyczk\u0119.\" \/>\n<meta property=\"og:url\" content=\"https:\/\/elfsight.com\/pl\/viber-chat-widget\/webnode\/\" \/>\n<meta property=\"og:site_name\" content=\"Elfsight PL\" \/>\n<meta property=\"article:modified_time\" content=\"2024-11-14T09:22:09+00:00\" \/>\n<meta name=\"twitter:card\" content=\"summary_large_image\" \/>\n<meta name=\"twitter:label1\" content=\"Szacowany czas czytania\" \/>\n\t<meta name=\"twitter:data1\" content=\"3 minuty\" \/>\n<!-- \/ Yoast SEO plugin. -->","yoast_head_json":{"title":"Dodaj czat Viber do witryny Webnode bez kodowania (2025)","description":"Dodaj czat Viber do witryny, aby zapewni\u0107 p\u0142ynn\u0105 i natychmiastow\u0105 komunikacj\u0119 z u\u017cytkownikami. Sprawd\u017a darmowe demo Elfsight, aby ju\u017c teraz zbudowa\u0107 swoj\u0105 unikaln\u0105 wtyczk\u0119.","robots":{"index":"index","follow":"follow","max-snippet":"max-snippet:-1","max-image-preview":"max-image-preview:large","max-video-preview":"max-video-preview:-1"},"canonical":"https:\/\/elfsight.com\/pl\/viber-chat-widget\/webnode\/","og_locale":"pl_PL","og_type":"article","og_title":"Dodaj czat Viber do witryny Webnode bez kodowania (2025)","og_description":"Dodaj czat Viber do witryny, aby zapewni\u0107 p\u0142ynn\u0105 i natychmiastow\u0105 komunikacj\u0119 z u\u017cytkownikami. Sprawd\u017a darmowe demo Elfsight, aby ju\u017c teraz zbudowa\u0107 swoj\u0105 unikaln\u0105 wtyczk\u0119.","og_url":"https:\/\/elfsight.com\/pl\/viber-chat-widget\/webnode\/","og_site_name":"Elfsight PL","article_modified_time":"2024-11-14T09:22:09+00:00","twitter_card":"summary_large_image","twitter_misc":{"Szacowany czas czytania":"3 minuty"},"schema":{"@context":"https:\/\/schema.org","@graph":[{"@type":"WebPage","@id":"https:\/\/elfsight.com\/pl\/viber-chat-widget\/webnode\/","url":"https:\/\/elfsight.com\/pl\/viber-chat-widget\/webnode\/","name":"Dodaj czat Viber do witryny Webnode bez kodowania (2025)","isPartOf":{"@id":"https:\/\/elfsight.com\/pl\/#website"},"datePublished":"1970-01-01T00:00:00+00:00","dateModified":"2024-11-14T09:22:09+00:00","description":"Dodaj czat Viber do witryny, aby zapewni\u0107 p\u0142ynn\u0105 i natychmiastow\u0105 komunikacj\u0119 z u\u017cytkownikami. Sprawd\u017a darmowe demo Elfsight, aby ju\u017c teraz zbudowa\u0107 swoj\u0105 unikaln\u0105 wtyczk\u0119.","breadcrumb":{"@id":"https:\/\/elfsight.com\/pl\/viber-chat-widget\/webnode\/#breadcrumb"},"inLanguage":"pl-PL","potentialAction":[{"@type":"ReadAction","target":["https:\/\/elfsight.com\/pl\/viber-chat-widget\/webnode\/"]}]},{"@type":"BreadcrumbList","@id":"https:\/\/elfsight.com\/pl\/viber-chat-widget\/webnode\/#breadcrumb","itemListElement":[{"@type":"ListItem","position":1,"name":"Home","item":"https:\/\/elfsight.com\/pl\/"},{"@type":"ListItem","position":2,"name":"Viber Chat","item":"https:\/\/elfsight.com\/pl\/viber-chat-widget\/"},{"@type":"ListItem","position":3,"name":"Viber Chat &#8211; Webnode"}]},{"@type":"WebSite","@id":"https:\/\/elfsight.com\/pl\/#website","url":"https:\/\/elfsight.com\/pl\/","name":"Elfsight PL","description":"Just another Elfsight Sites site","potentialAction":[{"@type":"SearchAction","target":{"@type":"EntryPoint","urlTemplate":"https:\/\/elfsight.com\/pl\/?s={search_term_string}"},"query-input":{"@type":"PropertyValueSpecification","valueRequired":true,"valueName":"search_term_string"}}],"inLanguage":"pl-PL"}]}},"meta_box":{"industry":"","seo_heading":"","heading":"","description":"","cta_heading":"","cta_description":"","application":"970","h1":"Czat Webnode Viber","h1_caption":"Zaoferuj Viber jako kana\u0142 komunikacji w swojej witrynie, u\u0142atwiaj\u0105c odwiedzaj\u0105cym bezproblemowe dotarcie do Twojej witryny Webnode.","application_category":[],"applications_title":"","applications_request_title":"","applications_request_button_text":"","hero_text":"","hero_video":"","hero_video_schema_markup":"","selling_points_title":"","selling_points_caption":"","selling_points":[],"selling_points_cta_text":"","features_title":"","features":"","ed_cta_examples_text":"","ed_cta_examples_hidden":"","ed_cta_demo_text":"","ed_cta_demo_hidden":"","why_caption":"","why_editor_title":"","why_editor_text":"","why_team_title":"","why_team_text":"","why_service_title":"","why_service_text":"","template_catalog_visible":"","template_catalog_title":"","template_catalog_text":"","template_catalog_categories_visible":"","demo_title":"Utw\u00f3rz wid\u017cet czatu Viber","demo_caption":"Skonfiguruj sw\u00f3j czat Viber i dodaj go do swojej witryny Webnode za darmo!","default_faq_hidden":"","app_template_category":[],"platform":"138","template_public_id":"","codecanyon_url":"","codecanyon_item_id":"","codecanyon_price":"","pricing_caption":"","pricing_elfsight_apps_hide_column":"","pricing_elfsight_apps_url":"","pricing_codecanyon_price_caption":"","integration_category":[],"integration_request_title":"","integration_request_cta":"","integration_platform":"","integrations":[],"platform_category":[],"video_schema_markup":"","price":"od 0 USD \/ miesi\u0105c","trial":"","benefits":[{"text":"Bezp\u0142atna pomoc w monta\u017cu"},{"text":"Profesjonalna obs\u0142uga klienta"},{"text":"14-dniowa gwarancja zwrotu pieni\u0119dzy"}],"button_url":"#demo","button_target_blank":"","button_nofollow":"","attributes":[{"name":"Instaluje"},{"name":"Czu\u0142y"},{"name":"Kompatybilne przegl\u0105darki"}],"tags":[],"tags_disable_links":"","hide_more_platforms":"","video_object":"","demo_hide_cta":"","demo_hide_cloud_options":"","pricing_title":"","pricing":[{"pricing_icon":"platform","pricing_title":"Elfsight Apps","pricing_title_caption":"Wersja wieloplatformowa, kt\u00f3ra pasuje do ka\u017cdej witryny internetowej","pricing_price":"od 0 USD \/ miesi\u0105c","pricing_price_caption":"zacznij od bezp\u0142atnego planu","pricing_benefits":[{"text":"Nielimitowane strony internetowe"},{"text":"Szybka pomoc i dobrze udokumentowana"},{"text":"Bezp\u0142atna pomoc w monta\u017cu"},{"text":"Specjalna cena za wiele aplikacji"}],"pricing_button_text":"Dodaj do witryny","pricing_button_url":"#demo"}],"related_apps_title":"","related_apps_hidden":"","author":"","image":[],"title":"","job":"","social_networks":[]},"_links":{"self":[{"href":"https:\/\/elfsight.com\/pl\/wp-json\/wp\/v2\/pages\/7112","targetHints":{"allow":["GET"]}}],"collection":[{"href":"https:\/\/elfsight.com\/pl\/wp-json\/wp\/v2\/pages"}],"about":[{"href":"https:\/\/elfsight.com\/pl\/wp-json\/wp\/v2\/types\/page"}],"author":[{"embeddable":true,"href":"https:\/\/elfsight.com\/pl\/wp-json\/wp\/v2\/users\/9"}],"replies":[{"embeddable":true,"href":"https:\/\/elfsight.com\/pl\/wp-json\/wp\/v2\/comments?post=7112"}],"version-history":[{"count":1,"href":"https:\/\/elfsight.com\/pl\/wp-json\/wp\/v2\/pages\/7112\/revisions"}],"predecessor-version":[{"id":7116,"href":"https:\/\/elfsight.com\/pl\/wp-json\/wp\/v2\/pages\/7112\/revisions\/7116"}],"up":[{"embeddable":true,"href":"https:\/\/elfsight.com\/pl\/wp-json\/wp\/v2\/pages\/971"}],"wp:attachment":[{"href":"https:\/\/elfsight.com\/pl\/wp-json\/wp\/v2\/media?parent=7112"}],"curies":[{"name":"wp","href":"https:\/\/api.w.org\/{rel}","templated":true}]}}