{"id":7110,"date":"1970-01-01T00:00:00","date_gmt":"1970-01-01T00:00:00","guid":{"rendered":"https:\/\/elfsight.com\/pl\/?page_id=7110"},"modified":"2025-06-25T09:15:14","modified_gmt":"2025-06-25T09:15:14","slug":"wix","status":"publish","type":"page","link":"https:\/\/elfsight.com\/pl\/viber-chat-widget\/wix\/","title":{"rendered":"Viber Chat &#8211; Wix"},"content":{"rendered":"<div class=\"application-platform-content-item-description application-platform-content-item\" id=\"description\" data-nav-section=\"description\">\n<h2>Opis<\/h2>\n<p>Czat Elfsight Viber to jedna z najszybszych mo\u017cliwo\u015bci skontaktowania si\u0119 z Tob\u0105 za po\u015brednictwem Twojej witryny. Ka\u017cdy u\u017cytkownik szybko uzyska od Ciebie rozwi\u0105zanie swoich problem\u00f3w lub pomoc. B\u0119dziesz m\u00f3g\u0142 by\u0107 dost\u0119pny online w jednym z najcz\u0119\u015bciej u\u017cywanych komunikator\u00f3w non-stop. Mo\u017cesz ustawi\u0107 Czat Elfsight Viber tak, aby wy\u015bwietla\u0142 si\u0119 na wybranych stronach i kierowa\u0142 go do okre\u015blonych grup odbiorc\u00f3w. Istnieje wiele opcji dostosowywania: wybierz aktywatory rozpocz\u0119cia czatu, napisz wiadomo\u015b\u0107 powitaln\u0105, wybierz ikony i nie tylko. Korzystaj\u0105c z Czatu Viber na swojej stronie, b\u0119dziesz w kontakcie z lud\u017ami w dowolnym czasie i miejscu.<\/p>\n<p><b>Uruchom Czat Viber, aby efektywniej stawi\u0107 czo\u0142a wyzwaniom biznesowym!<\/b><\/p>\n<\/div>\n\n<div class=\"application-platform-content-item-features application-platform-content-item\" id=\"features\" data-nav-section=\"features\">\n<h2>Sprawd\u017a list\u0119 najbardziej przydatnych funkcji:<\/h2>\n<ul>\n    <li>Zbi\u00f3r ikon dymk\u00f3w do wyboru;<\/li>\n    <li>Edytowany tekst w dymkach;<\/li>\n    <li>Nag\u0142\u00f3wek FlexibleChat z logo strony, nazw\u0105 i podpisem;<\/li>\n    <li>Ustawianie domy\u015blnego obrazu strony z naszej biblioteki lub przesy\u0142anie w\u0142asnego obrazu;<\/li>\n    <li>Ustawianie niestandardowego tekstu jako podpisu czatu;<\/li>\n    <li>Edytowalna wiadomo\u015b\u0107 powitalna z opcjami formatowania i linkami.<\/li>\n<\/ul>\n<p><a href=\"#demo\">Wypr\u00f3buj t\u0119 wersj\u0119 demonstracyjn\u0105, aby uzyska\u0107 pe\u0142ny obraz<\/a><\/p>\n<\/div>\n\n<div class=\"application-platform-content-item-installation application-platform-content-item\" id=\"installation\" data-nav-section=\"installation\">\n<h2>Jak doda\u0107 Czat Viber do mojego Wix?<\/h2>\n<p>Wystarczy wykona\u0107 kilka krok\u00f3w podanych poni\u017cej, aby osadzi\u0107 wtyczk\u0119.<\/p>\n<ol>\n    <li><b>Skorzystaj z naszej bezp\u0142atnej wersji demonstracyjnej i zacznij tworzy\u0107 w\u0142asn\u0105 wtyczk\u0119.<\/b><br>Okre\u015bl odpowiedni projekt i funkcje wtyczki oraz zapisz zmiany.<\/li>\n    <li><b>Skopiuj unikalny kod ujawniony w specjalnym formularzu w aplikacjach Elfsight<\/b><br>Zaraz po wygenerowaniu wid\u017cetu skopiuj indywidualny kod w pojawiaj\u0105cym si\u0119 wyskakuj\u0105cym okienku i zapisz go na p\u00f3\u017aniej.<\/li>\n    <li><b>Rozpocznij korzystanie z narz\u0119dzia na swojej stronie g\u0142\u00f3wnej Wix<\/b><br>Dodaj kod zapisany wcze\u015bniej na swojej stronie i zapisz zmiany.<\/li>\n    <li><b>Instalacja zosta\u0142a pomy\u015blnie przeprowadzona<\/b><br>Odwied\u017a swoj\u0105 stron\u0119, aby sprawdzi\u0107, jak dzia\u0142a wtyczka.<\/li>\n<\/ol>\n<p>W przypadku pyta\u0144 lub przejechania przeszk\u00f3d nie wahaj si\u0119 skontaktowa\u0107 z naszym dzia\u0142em obs\u0142ugi klienta. Nasi konsultanci ch\u0119tnie pomog\u0105 Ci we wszystkich trudno\u015bciach, jakie mo\u017cesz mie\u0107 z wid\u017cetem.<\/p>\n<div class=\"faq\" data-component=\"FAQ\">\n    <div class=\"faq-item\">\r\n\t\t\t\t\t<div class=\"faq-item-question\">\r\n\t\t\t\t\t\t<h3 class=\"faq-item-question-text\">Jakie inne wid\u017cety dla Wix mo\u017cesz zaoferowa\u0107?<\/h3>\r\n\r\n\t\t\t\t\t\t<div class=\"faq-item-question-icon\"><\/div>\r\n\t\t\t\t\t<\/div>\r\n\r\n\t\t\t\t\t<div class=\"faq-item-answer\">\r\n\t\t\t\t\t\t<div class=\"faq-item-answer-text\">\n    <p>Jest wiele wid\u017cet\u00f3w Wix, kt\u00f3re z \u0142atwo\u015bci\u0105 mog\u0105 ulepszy\u0107 Twoj\u0105 witryn\u0119. Istniej\u0105 na przyk\u0142ad inne wid\u017cety czatu, takie jak <a href=\"https:\/\/elfsight.com\/facebook-chat-widget\/wix\/\" target=\"_blank\" rel=\"noopener\">Czat na Facebooku<\/a>, <a href=\"https:\/\/elfsight.com\/telegram-chat-widget\/wix\/\" target=\"_blank\" rel=\"noopener\">Czat telegramowy<\/a>, <a href=\"https:\/\/elfsight.com\/whatsapp-chat-widget\/wix\/\" target=\"_blank\" rel=\"noopener\">Czat WhatsApp<\/a>. Wszystkie s\u0105 \u0142atwe do wdro\u017cenia i mog\u0105 znacznie poprawi\u0107 wydajno\u015b\u0107 Twojej witryny.<\/p>\n    <\/div>\r\n\t\t\t\t\t<\/div>\r\n\t\t\t\t<\/div>\n<\/div>\n<\/div>","protected":false},"excerpt":{"rendered":"","protected":false},"author":9,"featured_media":0,"parent":971,"menu_order":0,"comment_status":"closed","ping_status":"closed","template":"templates\/template-application-platform.php","meta":{"publish_to_discourse":"","publish_post_category":"","wpdc_auto_publish_overridden":"","wpdc_topic_tags":"","wpdc_pin_topic":"","wpdc_pin_until":"","discourse_post_id":"","discourse_permalink":"","wpdc_publishing_response":"","wpdc_publishing_error":"","footnotes":""},"class_list":["post-7110","page","type-page","status-publish","hentry"],"yoast_head":"<!-- This site is optimized with the Yoast SEO plugin v25.3.1 - https:\/\/yoast.com\/wordpress\/plugins\/seo\/ -->\n<title>Dodaj czat Viber do witryny Wix bez kodowania (2025)<\/title>\n<meta name=\"description\" content=\"Dodaj Viber Chat do swojej witryny, aby \u0142atwiej i szybciej komunikowa\u0107 si\u0119 z odwiedzaj\u0105cymi. Wypr\u00f3buj darmowe demo Elfsight, aby ju\u017c teraz kszta\u0142towa\u0107 swoj\u0105 unikaln\u0105 wtyczk\u0119.\" \/>\n<meta name=\"robots\" content=\"index, follow, max-snippet:-1, max-image-preview:large, max-video-preview:-1\" \/>\n<link rel=\"canonical\" href=\"https:\/\/elfsight.com\/pl\/viber-chat-widget\/wix\/\" \/>\n<meta property=\"og:locale\" content=\"pl_PL\" \/>\n<meta property=\"og:type\" content=\"article\" \/>\n<meta property=\"og:title\" content=\"Dodaj czat Viber do witryny Wix bez kodowania (2025)\" \/>\n<meta property=\"og:description\" content=\"Dodaj Viber Chat do swojej witryny, aby \u0142atwiej i szybciej komunikowa\u0107 si\u0119 z odwiedzaj\u0105cymi. Wypr\u00f3buj darmowe demo Elfsight, aby ju\u017c teraz kszta\u0142towa\u0107 swoj\u0105 unikaln\u0105 wtyczk\u0119.\" \/>\n<meta property=\"og:url\" content=\"https:\/\/elfsight.com\/pl\/viber-chat-widget\/wix\/\" \/>\n<meta property=\"og:site_name\" content=\"Elfsight PL\" \/>\n<meta property=\"article:modified_time\" content=\"2025-06-25T09:15:14+00:00\" \/>\n<meta name=\"twitter:card\" content=\"summary_large_image\" \/>\n<meta name=\"twitter:label1\" content=\"Szacowany czas czytania\" \/>\n\t<meta name=\"twitter:data1\" content=\"3 minuty\" \/>\n<!-- \/ Yoast SEO plugin. -->","yoast_head_json":{"title":"Dodaj czat Viber do witryny Wix bez kodowania (2025)","description":"Dodaj Viber Chat do swojej witryny, aby \u0142atwiej i szybciej komunikowa\u0107 si\u0119 z odwiedzaj\u0105cymi. Wypr\u00f3buj darmowe demo Elfsight, aby ju\u017c teraz kszta\u0142towa\u0107 swoj\u0105 unikaln\u0105 wtyczk\u0119.","robots":{"index":"index","follow":"follow","max-snippet":"max-snippet:-1","max-image-preview":"max-image-preview:large","max-video-preview":"max-video-preview:-1"},"canonical":"https:\/\/elfsight.com\/pl\/viber-chat-widget\/wix\/","og_locale":"pl_PL","og_type":"article","og_title":"Dodaj czat Viber do witryny Wix bez kodowania (2025)","og_description":"Dodaj Viber Chat do swojej witryny, aby \u0142atwiej i szybciej komunikowa\u0107 si\u0119 z odwiedzaj\u0105cymi. Wypr\u00f3buj darmowe demo Elfsight, aby ju\u017c teraz kszta\u0142towa\u0107 swoj\u0105 unikaln\u0105 wtyczk\u0119.","og_url":"https:\/\/elfsight.com\/pl\/viber-chat-widget\/wix\/","og_site_name":"Elfsight PL","article_modified_time":"2025-06-25T09:15:14+00:00","twitter_card":"summary_large_image","twitter_misc":{"Szacowany czas czytania":"3 minuty"},"schema":{"@context":"https:\/\/schema.org","@graph":[{"@type":"WebPage","@id":"https:\/\/elfsight.com\/pl\/viber-chat-widget\/wix\/","url":"https:\/\/elfsight.com\/pl\/viber-chat-widget\/wix\/","name":"Dodaj czat Viber do witryny Wix bez kodowania (2025)","isPartOf":{"@id":"https:\/\/elfsight.com\/pl\/#website"},"datePublished":"1970-01-01T00:00:00+00:00","dateModified":"2025-06-25T09:15:14+00:00","description":"Dodaj Viber Chat do swojej witryny, aby \u0142atwiej i szybciej komunikowa\u0107 si\u0119 z odwiedzaj\u0105cymi. Wypr\u00f3buj darmowe demo Elfsight, aby ju\u017c teraz kszta\u0142towa\u0107 swoj\u0105 unikaln\u0105 wtyczk\u0119.","breadcrumb":{"@id":"https:\/\/elfsight.com\/pl\/viber-chat-widget\/wix\/#breadcrumb"},"inLanguage":"pl-PL","potentialAction":[{"@type":"ReadAction","target":["https:\/\/elfsight.com\/pl\/viber-chat-widget\/wix\/"]}]},{"@type":"BreadcrumbList","@id":"https:\/\/elfsight.com\/pl\/viber-chat-widget\/wix\/#breadcrumb","itemListElement":[{"@type":"ListItem","position":1,"name":"Home","item":"https:\/\/elfsight.com\/pl\/"},{"@type":"ListItem","position":2,"name":"Viber Chat","item":"https:\/\/elfsight.com\/pl\/viber-chat-widget\/"},{"@type":"ListItem","position":3,"name":"Viber Chat &#8211; Wix"}]},{"@type":"WebSite","@id":"https:\/\/elfsight.com\/pl\/#website","url":"https:\/\/elfsight.com\/pl\/","name":"Elfsight PL","description":"Just another Elfsight Sites site","potentialAction":[{"@type":"SearchAction","target":{"@type":"EntryPoint","urlTemplate":"https:\/\/elfsight.com\/pl\/?s={search_term_string}"},"query-input":{"@type":"PropertyValueSpecification","valueRequired":true,"valueName":"search_term_string"}}],"inLanguage":"pl-PL"}]}},"meta_box":{"industry":"","seo_heading":"","heading":"","description":"","cta_heading":"","cta_description":"","application":"970","h1":"Czat Wix Viber","h1_caption":"Oferuj Viber jako kana\u0142 komunikacji na swojej stronie internetowej, u\u0142atwiaj\u0105c odwiedzaj\u0105cym bezproblemowe dotarcie do Twojej witryny Wix.","application_category":[],"applications_title":"","applications_request_title":"","applications_request_button_text":"","hero_text":"","hero_video":"","hero_video_schema_markup":"","selling_points_title":"","selling_points_caption":"","selling_points":[],"selling_points_cta_text":"","features_title":"","features":"","ed_cta_examples_text":"","ed_cta_examples_hidden":"","ed_cta_demo_text":"","ed_cta_demo_hidden":"","why_caption":"","why_editor_title":"","why_editor_text":"","why_team_title":"","why_team_text":"","why_service_title":"","why_service_text":"","template_catalog_visible":"0","template_catalog_title":"","template_catalog_text":"","template_catalog_categories_visible":"","demo_title":"Utw\u00f3rz aplikacj\u0119 Viber Chat","demo_caption":"Skonfiguruj sw\u00f3j Czat Viber i dodaj go do swojej witryny Wix za darmo!","default_faq_hidden":"","app_template_category":[],"platform":"30","template_public_id":"","codecanyon_url":"","codecanyon_item_id":"","codecanyon_price":"","pricing_caption":"","pricing_elfsight_apps_hide_column":"","pricing_elfsight_apps_url":"","pricing_codecanyon_price_caption":"","integration_category":[],"integration_request_title":"","integration_request_cta":"","integration_platform":"","integrations":[],"platform_category":[],"video_schema_markup":"","price":"od 0 USD \/ miesi\u0105c","trial":"","benefits":[{"text":"Bezp\u0142atna pomoc w monta\u017cu"},{"text":"Profesjonalna obs\u0142uga klienta"},{"text":"14-dniowa gwarancja zwrotu pieni\u0119dzy"}],"button_url":"#demo","button_target_blank":"0","button_nofollow":"0","attributes":[{"name":"Instaluje"},{"name":"Czu\u0142y"},{"name":"Kompatybilne przegl\u0105darki"}],"tags":[],"tags_disable_links":"0","hide_more_platforms":"0","video_object":"","demo_hide_cta":"0","demo_hide_cloud_options":"0","pricing_title":"","pricing":[{"pricing_icon":"platform","pricing_title":"Elfsight Apps","pricing_title_caption":"Wieloplatformowe rozwi\u0105zanie cyfrowe","pricing_price":"od 0 USD \/ miesi\u0105c","pricing_price_caption":"zacznij od bezp\u0142atnego planu","pricing_benefits":[{"text":"Nielimitowane domeny"},{"text":"Profesjonalne wsparcie"},{"text":"Bezp\u0142atna us\u0142uga monta\u017cu"},{"text":"Oferta specjalna na wiele aplikacji"}],"pricing_button_text":"Dodaj do witryny","pricing_button_url":"#demo"}],"related_apps_title":"","related_apps_hidden":"0","author":"","image":[],"title":"","job":"","social_networks":[]},"_links":{"self":[{"href":"https:\/\/elfsight.com\/pl\/wp-json\/wp\/v2\/pages\/7110","targetHints":{"allow":["GET"]}}],"collection":[{"href":"https:\/\/elfsight.com\/pl\/wp-json\/wp\/v2\/pages"}],"about":[{"href":"https:\/\/elfsight.com\/pl\/wp-json\/wp\/v2\/types\/page"}],"author":[{"embeddable":true,"href":"https:\/\/elfsight.com\/pl\/wp-json\/wp\/v2\/users\/9"}],"replies":[{"embeddable":true,"href":"https:\/\/elfsight.com\/pl\/wp-json\/wp\/v2\/comments?post=7110"}],"version-history":[{"count":2,"href":"https:\/\/elfsight.com\/pl\/wp-json\/wp\/v2\/pages\/7110\/revisions"}],"predecessor-version":[{"id":10474,"href":"https:\/\/elfsight.com\/pl\/wp-json\/wp\/v2\/pages\/7110\/revisions\/10474"}],"up":[{"embeddable":true,"href":"https:\/\/elfsight.com\/pl\/wp-json\/wp\/v2\/pages\/971"}],"wp:attachment":[{"href":"https:\/\/elfsight.com\/pl\/wp-json\/wp\/v2\/media?parent=7110"}],"curies":[{"name":"wp","href":"https:\/\/api.w.org\/{rel}","templated":true}]}}