{"id":7109,"date":"2024-05-03T06:53:00","date_gmt":"2024-05-03T06:53:00","guid":{"rendered":"https:\/\/elfsight.com\/pl\/?page_id=7109"},"modified":"2025-06-25T09:15:56","modified_gmt":"2025-06-25T09:15:56","slug":"wordpress","status":"publish","type":"page","link":"https:\/\/elfsight.com\/pl\/viber-chat-widget\/wordpress\/","title":{"rendered":"Viber Chat &#8211; WordPress"},"content":{"rendered":"<div class=\"application-platform-content-item-description application-platform-content-item\" id=\"description\" data-nav-section=\"description\">\n<h2>Osad\u017a czat Viber na WordPress za pomoc\u0105 wid\u017cetu Elfsight<\/h2>\n<p>Czat Viber firmy Elfsight to jedna z najszybszych mo\u017cliwo\u015bci dla ludzi skontaktowania si\u0119 z Tob\u0105 poprzez Twoj\u0105 stron\u0119 internetow\u0105. Ka\u017cdy u\u017cytkownik szybko uzyska od Ciebie odpowied\u017a na swoje pytania lub pomoc. B\u0105d\u017a dost\u0119pny non-stop na \u017cywo w jednym z najpopularniejszych komunikator\u00f3w. Mo\u017cesz wybra\u0107, aby Czat Elfsight Viber wy\u015bwietla\u0142 si\u0119 na okre\u015blonych stronach i kierowa\u0142 go do okre\u015blonych kategorii odbiorc\u00f3w. Istnieje wiele mo\u017cliwo\u015bci dostosowywania: wybierz aktywatory czatu pocz\u0105tkowego, ustaw w\u0142asny tekst powitalny, wybierz ikony i wiele wi\u0119cej. Korzystaj\u0105c z Viber Chat na swojej stronie internetowej, mo\u017cesz pozosta\u0107 w kontakcie z odwiedzaj\u0105cymi w dowolnym czasie i miejscu.<\/p>\n<p><b>Dzi\u0119ki Viber Chat rozpocznij zr\u00f3wnowa\u017cony rozw\u00f3j biznesu i zwi\u0119ksz sprzeda\u017c.<\/b><\/p>\n<\/div>\n\n<div class=\"application-platform-content-item-features application-platform-content-item\" id=\"features\" data-nav-section=\"features\">\n<h2>To tylko kilka z wielu funkcji wid\u017cetu:<\/h2>\n<ul>\n    <li>Biblioteka ikon dymk\u00f3w do wyboru;<\/li>\n    <li>Edytowany tekst w dymkach;<\/li>\n    <li>Nag\u0142\u00f3wek czatu z logo strony, nazw\u0105 i podpisem;<\/li>\n    <li>Edytowalna nazwa czatu;<\/li>\n    <li>Ustawianie niestandardowego tekstu jako podpisu czatu;<\/li>\n    <li>Tekst przycisku Rozpocznij czat mo\u017cna edytowa\u0107.<\/li>\n<\/ul>\n<p><a href=\"#demo\">Wypr\u00f3buj t\u0119 wersj\u0119 demonstracyjn\u0105, aby uzyska\u0107 pe\u0142ny obraz<\/a><\/p>\n<\/div>\n\n<div class=\"application-platform-content-item-installation application-platform-content-item\" id=\"installation\" data-nav-section=\"installation\">\n<h2>Jak osadzi\u0107 Czat Viber w mojej witrynie WordPress?<\/h2>\n<p>Wystarczy post\u0119powa\u0107 zgodnie z poni\u017cszymi wskaz\u00f3wkami, aby zintegrowa\u0107 narz\u0119dzie.<\/p>\n<ol>\n    <li><b>Skorzystaj z naszego darmowego demo i zacznij tworzy\u0107 w\u0142asn\u0105 wtyczk\u0119.<\/b><br>Znajd\u017a preferowany uk\u0142ad i opcje wtyczki i zapisz wszystkie modyfikacje.<\/li>\n    <li><b>Odbierz osobisty kod pokazany w oknie aplikacji Elfsight.<\/b><br>Po zako\u0144czeniu tworzenia wtyczki skopiuj kod w wy\u015bwietlonym oknie i zachowaj go do p\u00f3\u017aniejszego wykorzystania.<\/li>\n    <li><b>Rozpocznij korzystanie z wtyczki na stronie internetowej WordPress.<\/b><br>Wprowad\u017a skopiowany wcze\u015bniej kod na swoj\u0105 stron\u0119 internetow\u0105 i zapisz poprawki.<\/li>\n    <li><b>Gotowe! Osadzanie zosta\u0142o w pe\u0142ni zako\u0144czone.<\/b><br>Otw\u00f3rz swoj\u0105 witryn\u0119, aby sprawdzi\u0107 dzia\u0142anie wtyczki.<\/li>\n<\/ol>\n<p>Je\u015bli napotkasz trudno\u015bci, nie wahaj si\u0119 zwr\u00f3ci\u0107 o pomoc do naszego zespo\u0142u wsparcia. Nasi konsultanci z przyjemno\u015bci\u0105 odpowiedz\u0105 na wszystkie Twoje pytania dotycz\u0105ce wtyczki.<\/p>\n<div class=\"faq\" data-component=\"FAQ\">\n    <div class=\"faq-item\">\r\n\t\t\t\t\t<div class=\"faq-item-question\">\r\n\t\t\t\t\t\t<h3 class=\"faq-item-question-text\">Jakie inne wid\u017cety s\u0105 niezb\u0119dne w witrynie WordPress?<\/h3>\r\n\r\n\t\t\t\t\t\t<div class=\"faq-item-question-icon\"><\/div>\r\n\t\t\t\t\t<\/div>\r\n\r\n\t\t\t\t\t<div class=\"faq-item-answer\">\r\n\t\t\t\t\t\t<div class=\"faq-item-answer-text\">\n    <p>WordPress zapewnia ogromn\u0105 liczb\u0119 korzystnych wtyczek dla ka\u017cdego rodzaju stron internetowych: od blog\u00f3w po ogromne rynki internetowe. Mo\u017cesz uzyska\u0107 jeszcze wi\u0119cej wtyczek doskona\u0142ej jako\u015bci od Elfsight.<\/p>\n    <p>Mo\u017cesz na przyk\u0142ad u\u017cy\u0107 <a href=\"https:\/\/elfsight.com\/telegram-chat-widget\/wordpress\/\" target=\"_blank\" rel=\"noopener\">Czat na Telegramie<\/a>, <a href=\"https:\/\/elfsight.com\/facebook-chat-widget\/wordpress\/\" target=\"_blank\" rel=\"noopener\">Czat na Facebooku<\/a> lub <a href=\"https:\/\/elfsight.com\/whatsapp-chat-widget\/wordpress\/\" target=\"_blank\" rel=\"noopener\">czat WhatsApp<\/a>, aby kontaktowa\u0107 si\u0119 z osobami odwiedzaj\u0105cymi witryn\u0119 za po\u015brednictwem ich ulubiony komunikator. Mo\u017cesz tak\u017ce doda\u0107 do witryny suwak Recenzji i Referencji Google, aby zaprezentowa\u0107 najbardziej niesamowite referencje na temat Twojej firmy. Aby zwi\u0119kszy\u0107 r\u00f3\u017cnorodno\u015b\u0107 tre\u015bci swojej witryny za pomoc\u0105 film\u00f3w, dodaj galeri\u0119 YouTube.<\/p>\n    <\/div>\r\n\t\t\t\t\t<\/div>\r\n\t\t\t\t<\/div>\n<\/div>\n<\/div>","protected":false},"excerpt":{"rendered":"","protected":false},"author":9,"featured_media":0,"parent":971,"menu_order":0,"comment_status":"closed","ping_status":"closed","template":"templates\/template-application-platform.php","meta":{"publish_to_discourse":"","publish_post_category":"","wpdc_auto_publish_overridden":"","wpdc_topic_tags":"","wpdc_pin_topic":"","wpdc_pin_until":"","discourse_post_id":"","discourse_permalink":"","wpdc_publishing_response":"","wpdc_publishing_error":"","footnotes":""},"class_list":["post-7109","page","type-page","status-publish","hentry"],"yoast_head":"<!-- This site is optimized with the Yoast SEO plugin v25.3.1 - https:\/\/yoast.com\/wordpress\/plugins\/seo\/ -->\n<title>Dodaj czat Viber do witryny WordPress bez kodowania (2025)<\/title>\n<meta name=\"description\" content=\"Dodaj Viber Chat do swojej witryny, aby zapewni\u0107 p\u0142ynne i szybkie \u0142\u0105czenie si\u0119 z u\u017cytkownikami. Przetestuj wersj\u0119 demonstracyjn\u0105 Elfsight, aby zbudowa\u0107 w\u0142asn\u0105 wtyczk\u0119 ju\u017c teraz.\" \/>\n<meta name=\"robots\" content=\"index, follow, max-snippet:-1, max-image-preview:large, max-video-preview:-1\" \/>\n<link rel=\"canonical\" href=\"https:\/\/elfsight.com\/pl\/viber-chat-widget\/wordpress\/\" \/>\n<meta property=\"og:locale\" content=\"pl_PL\" \/>\n<meta property=\"og:type\" content=\"article\" \/>\n<meta property=\"og:title\" content=\"Dodaj czat Viber do witryny WordPress bez kodowania (2025)\" \/>\n<meta property=\"og:description\" content=\"Dodaj Viber Chat do swojej witryny, aby zapewni\u0107 p\u0142ynne i szybkie \u0142\u0105czenie si\u0119 z u\u017cytkownikami. Przetestuj wersj\u0119 demonstracyjn\u0105 Elfsight, aby zbudowa\u0107 w\u0142asn\u0105 wtyczk\u0119 ju\u017c teraz.\" \/>\n<meta property=\"og:url\" content=\"https:\/\/elfsight.com\/pl\/viber-chat-widget\/wordpress\/\" \/>\n<meta property=\"og:site_name\" content=\"Elfsight PL\" \/>\n<meta property=\"article:modified_time\" content=\"2025-06-25T09:15:56+00:00\" \/>\n<meta name=\"twitter:card\" content=\"summary_large_image\" \/>\n<meta name=\"twitter:label1\" content=\"Szacowany czas czytania\" \/>\n\t<meta name=\"twitter:data1\" content=\"3 minuty\" \/>\n<!-- \/ Yoast SEO plugin. -->","yoast_head_json":{"title":"Dodaj czat Viber do witryny WordPress bez kodowania (2025)","description":"Dodaj Viber Chat do swojej witryny, aby zapewni\u0107 p\u0142ynne i szybkie \u0142\u0105czenie si\u0119 z u\u017cytkownikami. Przetestuj wersj\u0119 demonstracyjn\u0105 Elfsight, aby zbudowa\u0107 w\u0142asn\u0105 wtyczk\u0119 ju\u017c teraz.","robots":{"index":"index","follow":"follow","max-snippet":"max-snippet:-1","max-image-preview":"max-image-preview:large","max-video-preview":"max-video-preview:-1"},"canonical":"https:\/\/elfsight.com\/pl\/viber-chat-widget\/wordpress\/","og_locale":"pl_PL","og_type":"article","og_title":"Dodaj czat Viber do witryny WordPress bez kodowania (2025)","og_description":"Dodaj Viber Chat do swojej witryny, aby zapewni\u0107 p\u0142ynne i szybkie \u0142\u0105czenie si\u0119 z u\u017cytkownikami. Przetestuj wersj\u0119 demonstracyjn\u0105 Elfsight, aby zbudowa\u0107 w\u0142asn\u0105 wtyczk\u0119 ju\u017c teraz.","og_url":"https:\/\/elfsight.com\/pl\/viber-chat-widget\/wordpress\/","og_site_name":"Elfsight PL","article_modified_time":"2025-06-25T09:15:56+00:00","twitter_card":"summary_large_image","twitter_misc":{"Szacowany czas czytania":"3 minuty"},"schema":{"@context":"https:\/\/schema.org","@graph":[{"@type":"WebPage","@id":"https:\/\/elfsight.com\/pl\/viber-chat-widget\/wordpress\/","url":"https:\/\/elfsight.com\/pl\/viber-chat-widget\/wordpress\/","name":"Dodaj czat Viber do witryny WordPress bez kodowania (2025)","isPartOf":{"@id":"https:\/\/elfsight.com\/pl\/#website"},"datePublished":"2024-05-03T06:53:00+00:00","dateModified":"2025-06-25T09:15:56+00:00","description":"Dodaj Viber Chat do swojej witryny, aby zapewni\u0107 p\u0142ynne i szybkie \u0142\u0105czenie si\u0119 z u\u017cytkownikami. Przetestuj wersj\u0119 demonstracyjn\u0105 Elfsight, aby zbudowa\u0107 w\u0142asn\u0105 wtyczk\u0119 ju\u017c teraz.","breadcrumb":{"@id":"https:\/\/elfsight.com\/pl\/viber-chat-widget\/wordpress\/#breadcrumb"},"inLanguage":"pl-PL","potentialAction":[{"@type":"ReadAction","target":["https:\/\/elfsight.com\/pl\/viber-chat-widget\/wordpress\/"]}]},{"@type":"BreadcrumbList","@id":"https:\/\/elfsight.com\/pl\/viber-chat-widget\/wordpress\/#breadcrumb","itemListElement":[{"@type":"ListItem","position":1,"name":"Home","item":"https:\/\/elfsight.com\/pl\/"},{"@type":"ListItem","position":2,"name":"Viber Chat","item":"https:\/\/elfsight.com\/pl\/viber-chat-widget\/"},{"@type":"ListItem","position":3,"name":"Viber Chat &#8211; WordPress"}]},{"@type":"WebSite","@id":"https:\/\/elfsight.com\/pl\/#website","url":"https:\/\/elfsight.com\/pl\/","name":"Elfsight PL","description":"Just another Elfsight Sites site","potentialAction":[{"@type":"SearchAction","target":{"@type":"EntryPoint","urlTemplate":"https:\/\/elfsight.com\/pl\/?s={search_term_string}"},"query-input":{"@type":"PropertyValueSpecification","valueRequired":true,"valueName":"search_term_string"}}],"inLanguage":"pl-PL"}]}},"meta_box":{"industry":"","seo_heading":"","heading":"","description":"","cta_heading":"","cta_description":"","application":"970","h1":"Czat WordPress Viber","h1_caption":"Zaoferuj Viber jako kana\u0142 komunikacji w swojej witrynie, u\u0142atwiaj\u0105c odwiedzaj\u0105cym bezproblemowe dotarcie do Twojej witryny WordPress.","application_category":[],"applications_title":"","applications_request_title":"","applications_request_button_text":"","hero_text":"","hero_video":"","hero_video_schema_markup":"","selling_points_title":"","selling_points_caption":"","selling_points":[],"selling_points_cta_text":"","features_title":"","features":"","ed_cta_examples_text":"","ed_cta_examples_hidden":"","ed_cta_demo_text":"","ed_cta_demo_hidden":"","why_caption":"","why_editor_title":"","why_editor_text":"","why_team_title":"","why_team_text":"","why_service_title":"","why_service_text":"","template_catalog_visible":"0","template_catalog_title":"","template_catalog_text":"","template_catalog_categories_visible":"","demo_title":"Utw\u00f3rz wtyczk\u0119 Viber Chat","demo_caption":"Skonfiguruj sw\u00f3j czat Viber i dodaj go do swojej witryny WordPress za darmo!","default_faq_hidden":"","app_template_category":[],"platform":"31","template_public_id":"","codecanyon_url":"","codecanyon_item_id":"","codecanyon_price":"","pricing_caption":"","pricing_elfsight_apps_hide_column":"","pricing_elfsight_apps_url":"","pricing_codecanyon_price_caption":"","integration_category":[],"integration_request_title":"","integration_request_cta":"","integration_platform":"","integrations":[],"platform_category":[],"video_schema_markup":"","price":"od 0 USD \/ miesi\u0105c","trial":"","benefits":[{"text":"Bezp\u0142atna pomoc w monta\u017cu"},{"text":"Profesjonalna obs\u0142uga klienta"},{"text":"14-dniowa gwarancja zwrotu pieni\u0119dzy"},{"text":"Przysz\u0142e bezp\u0142atne aktualizacje"}],"button_url":"#demo","button_target_blank":"0","button_nofollow":"0","attributes":[{"name":"Instaluje"},{"name":"Czu\u0142y","content":"Tak"},{"name":"Kompatybilne przegl\u0105darki","content":"Firefox, Safari, Opera, Chrome, Edge"}],"tags":[],"tags_disable_links":"0","hide_more_platforms":"0","video_object":"","demo_hide_cta":"0","demo_hide_cloud_options":"0","pricing_title":"","pricing":[{"pricing_icon":"platform","pricing_title":"Elfsight Apps","pricing_title_caption":"Oprogramowanie wieloplatformowe","pricing_price":"od 0 USD \/ miesi\u0105c","pricing_price_caption":"zacznij od bezp\u0142atnego planu","pricing_benefits":[{"text":"Nielimitowane domeny"},{"text":"Bezp\u0142atne wsparcie firmy"},{"text":"Bezp\u0142atna pomoc w monta\u017cu"},{"text":"Oferta ograniczona czasowo dla wielu aplikacji"}],"pricing_button_text":"Dodaj do witryny","pricing_button_url":"#demo"}],"related_apps_title":"","related_apps_hidden":"0","author":"","image":[],"title":"","job":"","social_networks":[]},"_links":{"self":[{"href":"https:\/\/elfsight.com\/pl\/wp-json\/wp\/v2\/pages\/7109","targetHints":{"allow":["GET"]}}],"collection":[{"href":"https:\/\/elfsight.com\/pl\/wp-json\/wp\/v2\/pages"}],"about":[{"href":"https:\/\/elfsight.com\/pl\/wp-json\/wp\/v2\/types\/page"}],"author":[{"embeddable":true,"href":"https:\/\/elfsight.com\/pl\/wp-json\/wp\/v2\/users\/9"}],"replies":[{"embeddable":true,"href":"https:\/\/elfsight.com\/pl\/wp-json\/wp\/v2\/comments?post=7109"}],"version-history":[{"count":2,"href":"https:\/\/elfsight.com\/pl\/wp-json\/wp\/v2\/pages\/7109\/revisions"}],"predecessor-version":[{"id":10475,"href":"https:\/\/elfsight.com\/pl\/wp-json\/wp\/v2\/pages\/7109\/revisions\/10475"}],"up":[{"embeddable":true,"href":"https:\/\/elfsight.com\/pl\/wp-json\/wp\/v2\/pages\/971"}],"wp:attachment":[{"href":"https:\/\/elfsight.com\/pl\/wp-json\/wp\/v2\/media?parent=7109"}],"curies":[{"name":"wp","href":"https:\/\/api.w.org\/{rel}","templated":true}]}}