{"id":7103,"date":"1970-01-01T00:00:00","date_gmt":"1970-01-01T00:00:00","guid":{"rendered":"https:\/\/elfsight.com\/pl\/?page_id=7103"},"modified":"2024-11-14T09:19:51","modified_gmt":"2024-11-14T09:19:51","slug":"woocommerce","status":"publish","type":"page","link":"https:\/\/elfsight.com\/pl\/viber-chat-widget\/woocommerce\/","title":{"rendered":"Viber Chat &#8211; WooCommerce"},"content":{"rendered":"<div class=\"application-platform-content-item-description application-platform-content-item\" id=\"description\" data-nav-section=\"description\"><h2>Opis<\/h2><p>Czat Viber firmy Elfsight to jeden z najszybszych sposob\u00f3w kontaktowania si\u0119 z Tob\u0105 podczas pobytu na Twojej stronie internetowej. Ka\u017cdy u\u017cytkownik szybko uzyska od Ciebie odpowied\u017a na swoje pytania lub wsparcie. B\u0105d\u017a dost\u0119pny online na jednym z najcz\u0119\u015bciej u\u017cywanych czat\u00f3w non-stop. Mo\u017cesz ustawi\u0107 wy\u015bwietlanie czatu Elfsight Viber na wybranych stronach i ustawi\u0107 go dla okre\u015blonych kategorii odwiedzaj\u0105cych. Wid\u017cet ma szerokie mo\u017cliwo\u015bci dostosowywania: wybierz pocz\u0105tek czatu, utw\u00f3rz wiadomo\u015b\u0107 powitaln\u0105, ustaw ikony i nie tylko.<\/p><p><b>Dzi\u0119ki Viber Messenger mo\u017cesz szybciej rozwija\u0107 biznes i zwi\u0119ksza\u0107 sprzeda\u017c<\/b><\/p><\/div> <div class=\"application-platform-content-item-features application-platform-content-item\" id=\"features\" data-nav-section=\"features\"><h2>Przejrzyj list\u0119 najpot\u0119\u017cniejszych funkcji:<\/h2><ul><li>Zbi\u00f3r ikon b\u0105belk\u00f3w do wyboru;<\/li> <li>Opcja edycji tekstu w dymku;<\/li><li>Elastyczny nag\u0142\u00f3wek czatu z logo strony, nazw\u0105 i podpisem;<\/li><li>Domy\u015blny wyb\u00f3r obrazu strony z kolekcji lub przes\u0142anie w\u0142asnego obrazu; <\/li><li>U\u017cywanie niestandardowego tekstu jako podpisu;<\/li><li>Tekst przycisku Rozpocznij czat mo\u017cna edytowa\u0107.<\/li><\/ul><p><a href=\"#demo\">Odkryj wszystko funkcje personalizacji w 100% funkcjonalnej wersji demonstracyjnej<\/a><\/p><\/div><div class=\"application-platform-content-item-installation application-platform-content-item\" id=\"installation\" data-nav-section=\"installation\"><h2>Jak doda\u0107 Viber Chat do mojej witryny WooCommerce?<\/h2><p>Wystarczy z\u0142o\u017cy\u0107 wniosek post\u0119puj zgodnie z poni\u017cszymi instrukcjami, aby aktywowa\u0107 wtyczk\u0119.<\/p><ol><li><b>Wykonaj bezp\u0142atn\u0105 wersj\u0119 demonstracyjn\u0105 i rozpocznij tworzenie niestandardowego wid\u017cetu.<\/b><br> Znajd\u017a preferowany projekt i specyfikacje wtyczki i zastosuj zmiany.<\/li><li><b>Skopiuj unikalny kod, kt\u00f3ry pojawia si\u0119 w polu aplikacji Elfsight.<\/b><br> Gdy tylko tworzenie Twojej osobistej wtyczki dobiegnie ko\u0144ca, skopiuj osobisty kod w wy\u015bwietlonym oknie i zapisz go do dalszego wykorzystania.<\/li><li><b>Zacznij korzysta\u0107 z wtyczki na swojej stronie WooCommerce.<\/b><br> Wstaw skopiowany wcze\u015bniej kod na swoj\u0105 stron\u0119 i zastosuj ulepszenia .<\/li><li><b>Konfiguracja zosta\u0142a pomy\u015blnie przeprowadzona.<\/b><br> Przejd\u017a do swojej strony internetowej, aby sprawdzi\u0107 dzia\u0142anie wtyczki.<\/li><\/ol><p>W przypadku napotkania jakichkolwiek trudno\u015bci prosimy o zwr\u00f3cenie si\u0119 do naszego zespo\u0142u wsparcia. Nasi ludzie ch\u0119tnie rozwi\u0105\u017c\u0105 wszystkie problemy, jakie mo\u017cesz mie\u0107 z produktem.<\/p><div class=\"faq\" data-component=\"FAQ\"> <div class=\"faq-item\">\r\n\t\t\t\t\t<div class=\"faq-item-question\">\r\n\t\t\t\t\t\t<h3 class=\"faq-item-question-text\">Jak mog\u0119 doda\u0107 Viber Chat do mojej witryny WooCommerce bez umiej\u0119tno\u015bci kodowania?<\/h3>\r\n\r\n\t\t\t\t\t\t<div class=\"faq-item-question-icon\"><\/div>\r\n\t\t\t\t\t<\/div>\r\n\r\n\t\t\t\t\t<div class=\"faq-item-answer\">\r\n\t\t\t\t\t\t<div class=\"faq-item-answer-text\"> <p>Elfsight zapewnia Rozwi\u0105zanie SaaS, kt\u00f3re pozwala samodzielnie utworzy\u0107 wid\u017cet Viber Chat. Przekonaj si\u0119, jak \u0142atwy jest ten proces: Pracuj bezpo\u015brednio w edytorze online, aby utworzy\u0107 wid\u017cet Viber Chat, kt\u00f3ry chcesz widzie\u0107 na swojej stronie WooCommerce. Wybierz jeden z gotowych szablon\u00f3w i dostosuj ustawienia Viber Chat, dodaj tre\u015b\u0107, zmie\u0144 uk\u0142ad i kolory bez umiej\u0119tno\u015bci kodowania. Zapisz czat Viber i skopiuj jego kod instalacyjny, kt\u00f3ry mo\u017cesz po prostu umie\u015bci\u0107 na swojej stronie WooCommerce bez konieczno\u015bci zakupu p\u0142atnej subskrypcji. Dzi\u0119ki naszemu intuicyjnemu edytorowi ka\u017cdy u\u017cytkownik Internetu mo\u017ce stworzy\u0107 wid\u017cet Viber Chat online i \u0142atwo osadzi\u0107 go na swojej stronie WooCommerce. Aby uzyska\u0107 dost\u0119p do us\u0142ugi, nie trzeba p\u0142aci\u0107 ani wprowadza\u0107 danych uwierzytelniaj\u0105cych karty. Je\u015bli na kt\u00f3rymkolwiek etapie napotkasz jakiekolwiek problemy, skontaktuj si\u0119 z naszym zespo\u0142em pomocy technicznej.<\/p> <\/div>\r\n\t\t\t\t\t<\/div>\r\n\t\t\t\t<\/div> <\/div> <\/div>","protected":false},"excerpt":{"rendered":"","protected":false},"author":9,"featured_media":0,"parent":971,"menu_order":0,"comment_status":"closed","ping_status":"closed","template":"templates\/template-application-platform.php","meta":{"publish_to_discourse":"","publish_post_category":"","wpdc_auto_publish_overridden":"","wpdc_topic_tags":"","wpdc_pin_topic":"","wpdc_pin_until":"","discourse_post_id":"","discourse_permalink":"","wpdc_publishing_response":"","wpdc_publishing_error":"","footnotes":""},"class_list":["post-7103","page","type-page","status-publish","hentry"],"yoast_head":"<!-- This site is optimized with the Yoast SEO plugin v25.3.1 - https:\/\/yoast.com\/wordpress\/plugins\/seo\/ -->\n<title>Wtyczka WooCommerce Viber Chat dla Twojej witryny (2025)<\/title>\n<meta name=\"description\" content=\"Zintegruj wtyczk\u0119 Viber Chat ze stron\u0105 internetow\u0105, aby zapewni\u0107 lepsz\u0105 i natychmiastow\u0105 komunikacj\u0119 z klientami. Przetestuj wersj\u0119 demonstracyjn\u0105 Elfsight, aby ju\u017c teraz zbudowa\u0107 w\u0142asn\u0105 wtyczk\u0119.\" \/>\n<meta name=\"robots\" content=\"index, follow, max-snippet:-1, max-image-preview:large, max-video-preview:-1\" \/>\n<link rel=\"canonical\" href=\"https:\/\/elfsight.com\/pl\/viber-chat-widget\/woocommerce\/\" \/>\n<meta property=\"og:locale\" content=\"pl_PL\" \/>\n<meta property=\"og:type\" content=\"article\" \/>\n<meta property=\"og:title\" content=\"Wtyczka WooCommerce Viber Chat dla Twojej witryny (2025)\" \/>\n<meta property=\"og:description\" content=\"Zintegruj wtyczk\u0119 Viber Chat ze stron\u0105 internetow\u0105, aby zapewni\u0107 lepsz\u0105 i natychmiastow\u0105 komunikacj\u0119 z klientami. Przetestuj wersj\u0119 demonstracyjn\u0105 Elfsight, aby ju\u017c teraz zbudowa\u0107 w\u0142asn\u0105 wtyczk\u0119.\" \/>\n<meta property=\"og:url\" content=\"https:\/\/elfsight.com\/pl\/viber-chat-widget\/woocommerce\/\" \/>\n<meta property=\"og:site_name\" content=\"Elfsight PL\" \/>\n<meta property=\"article:modified_time\" content=\"2024-11-14T09:19:51+00:00\" \/>\n<meta name=\"twitter:card\" content=\"summary_large_image\" \/>\n<meta name=\"twitter:label1\" content=\"Szacowany czas czytania\" \/>\n\t<meta name=\"twitter:data1\" content=\"3 minuty\" \/>\n<!-- \/ Yoast SEO plugin. -->","yoast_head_json":{"title":"Wtyczka WooCommerce Viber Chat dla Twojej witryny (2025)","description":"Zintegruj wtyczk\u0119 Viber Chat ze stron\u0105 internetow\u0105, aby zapewni\u0107 lepsz\u0105 i natychmiastow\u0105 komunikacj\u0119 z klientami. Przetestuj wersj\u0119 demonstracyjn\u0105 Elfsight, aby ju\u017c teraz zbudowa\u0107 w\u0142asn\u0105 wtyczk\u0119.","robots":{"index":"index","follow":"follow","max-snippet":"max-snippet:-1","max-image-preview":"max-image-preview:large","max-video-preview":"max-video-preview:-1"},"canonical":"https:\/\/elfsight.com\/pl\/viber-chat-widget\/woocommerce\/","og_locale":"pl_PL","og_type":"article","og_title":"Wtyczka WooCommerce Viber Chat dla Twojej witryny (2025)","og_description":"Zintegruj wtyczk\u0119 Viber Chat ze stron\u0105 internetow\u0105, aby zapewni\u0107 lepsz\u0105 i natychmiastow\u0105 komunikacj\u0119 z klientami. Przetestuj wersj\u0119 demonstracyjn\u0105 Elfsight, aby ju\u017c teraz zbudowa\u0107 w\u0142asn\u0105 wtyczk\u0119.","og_url":"https:\/\/elfsight.com\/pl\/viber-chat-widget\/woocommerce\/","og_site_name":"Elfsight PL","article_modified_time":"2024-11-14T09:19:51+00:00","twitter_card":"summary_large_image","twitter_misc":{"Szacowany czas czytania":"3 minuty"},"schema":{"@context":"https:\/\/schema.org","@graph":[{"@type":"WebPage","@id":"https:\/\/elfsight.com\/pl\/viber-chat-widget\/woocommerce\/","url":"https:\/\/elfsight.com\/pl\/viber-chat-widget\/woocommerce\/","name":"Wtyczka WooCommerce Viber Chat dla Twojej witryny (2025)","isPartOf":{"@id":"https:\/\/elfsight.com\/pl\/#website"},"datePublished":"1970-01-01T00:00:00+00:00","dateModified":"2024-11-14T09:19:51+00:00","description":"Zintegruj wtyczk\u0119 Viber Chat ze stron\u0105 internetow\u0105, aby zapewni\u0107 lepsz\u0105 i natychmiastow\u0105 komunikacj\u0119 z klientami. Przetestuj wersj\u0119 demonstracyjn\u0105 Elfsight, aby ju\u017c teraz zbudowa\u0107 w\u0142asn\u0105 wtyczk\u0119.","breadcrumb":{"@id":"https:\/\/elfsight.com\/pl\/viber-chat-widget\/woocommerce\/#breadcrumb"},"inLanguage":"pl-PL","potentialAction":[{"@type":"ReadAction","target":["https:\/\/elfsight.com\/pl\/viber-chat-widget\/woocommerce\/"]}]},{"@type":"BreadcrumbList","@id":"https:\/\/elfsight.com\/pl\/viber-chat-widget\/woocommerce\/#breadcrumb","itemListElement":[{"@type":"ListItem","position":1,"name":"Home","item":"https:\/\/elfsight.com\/pl\/"},{"@type":"ListItem","position":2,"name":"Viber Chat","item":"https:\/\/elfsight.com\/pl\/viber-chat-widget\/"},{"@type":"ListItem","position":3,"name":"Viber Chat &#8211; WooCommerce"}]},{"@type":"WebSite","@id":"https:\/\/elfsight.com\/pl\/#website","url":"https:\/\/elfsight.com\/pl\/","name":"Elfsight PL","description":"Just another Elfsight Sites site","potentialAction":[{"@type":"SearchAction","target":{"@type":"EntryPoint","urlTemplate":"https:\/\/elfsight.com\/pl\/?s={search_term_string}"},"query-input":{"@type":"PropertyValueSpecification","valueRequired":true,"valueName":"search_term_string"}}],"inLanguage":"pl-PL"}]}},"meta_box":{"industry":"","seo_heading":"","heading":"","description":"","cta_heading":"","cta_description":"","application":"970","h1":"Wtyczka WooCommerce Viber Chat","h1_caption":"Zaoferuj Viber jako kana\u0142 komunikacji w swojej witrynie, u\u0142atwiaj\u0105c odwiedzaj\u0105cym bezproblemowe dotarcie do Twojej witryny WooCommerce.","application_category":[],"applications_title":"","applications_request_title":"","applications_request_button_text":"","hero_text":"","hero_video":"","hero_video_schema_markup":"","selling_points_title":"","selling_points_caption":"","selling_points":[],"selling_points_cta_text":"","features_title":"","features":"","ed_cta_examples_text":"","ed_cta_examples_hidden":"","ed_cta_demo_text":"","ed_cta_demo_hidden":"","why_caption":"","why_editor_title":"","why_editor_text":"","why_team_title":"","why_team_text":"","why_service_title":"","why_service_text":"","template_catalog_visible":"","template_catalog_title":"","template_catalog_text":"","template_catalog_categories_visible":"","demo_title":"Utw\u00f3rz aplikacj\u0119 Viber Chat","demo_caption":"Skonfiguruj sw\u00f3j czat Viber i dodaj go do swojej witryny WooCommerce za darmo!","default_faq_hidden":"","app_template_category":[],"platform":"335","template_public_id":"","codecanyon_url":"","codecanyon_item_id":"","codecanyon_price":"","pricing_caption":"","pricing_elfsight_apps_hide_column":"","pricing_elfsight_apps_url":"","pricing_codecanyon_price_caption":"","integration_category":[],"integration_request_title":"","integration_request_cta":"","integration_platform":"","integrations":[],"platform_category":[],"video_schema_markup":"","price":"od 0 USD \/ miesi\u0105c","trial":"","benefits":[{"text":"Bezp\u0142atna pomoc w monta\u017cu"},{"text":"Kompetentna obs\u0142uga klienta"},{"text":"14-dniowa gwarancja zwrotu pieni\u0119dzy"}],"button_url":"#demo","button_target_blank":"","button_nofollow":"","attributes":[{"name":"Instaluje"},{"name":"Czu\u0142y"},{"name":"Kompatybilne przegl\u0105darki"}],"tags":[],"tags_disable_links":"","hide_more_platforms":"","video_object":"","demo_hide_cta":"","demo_hide_cloud_options":"","pricing_title":"","pricing":[{"pricing_icon":"platform","pricing_title":"Elfsight Apps","pricing_title_caption":"Oprogramowanie wieloplatformowe, kt\u00f3re dzia\u0142a na dowolnej witrynie","pricing_price":"od 0 USD \/ miesi\u0105c","pricing_price_caption":"zacznij od bezp\u0142atnego planu","pricing_benefits":[{"text":"Nielimitowane domeny"},{"text":"Dedykowane wsparcie"},{"text":"Bezp\u0142atne wsparcie przy instalacji"},{"text":"Elastyczny projekt"}],"pricing_button_text":"Dodaj do witryny","pricing_button_url":"#demo"}],"related_apps_title":"","related_apps_hidden":"","author":"","image":[],"title":"","job":"","social_networks":[]},"_links":{"self":[{"href":"https:\/\/elfsight.com\/pl\/wp-json\/wp\/v2\/pages\/7103","targetHints":{"allow":["GET"]}}],"collection":[{"href":"https:\/\/elfsight.com\/pl\/wp-json\/wp\/v2\/pages"}],"about":[{"href":"https:\/\/elfsight.com\/pl\/wp-json\/wp\/v2\/types\/page"}],"author":[{"embeddable":true,"href":"https:\/\/elfsight.com\/pl\/wp-json\/wp\/v2\/users\/9"}],"replies":[{"embeddable":true,"href":"https:\/\/elfsight.com\/pl\/wp-json\/wp\/v2\/comments?post=7103"}],"version-history":[{"count":1,"href":"https:\/\/elfsight.com\/pl\/wp-json\/wp\/v2\/pages\/7103\/revisions"}],"predecessor-version":[{"id":7107,"href":"https:\/\/elfsight.com\/pl\/wp-json\/wp\/v2\/pages\/7103\/revisions\/7107"}],"up":[{"embeddable":true,"href":"https:\/\/elfsight.com\/pl\/wp-json\/wp\/v2\/pages\/971"}],"wp:attachment":[{"href":"https:\/\/elfsight.com\/pl\/wp-json\/wp\/v2\/media?parent=7103"}],"curies":[{"name":"wp","href":"https:\/\/api.w.org\/{rel}","templated":true}]}}