{"id":7101,"date":"1970-01-01T00:00:00","date_gmt":"1970-01-01T00:00:00","guid":{"rendered":"https:\/\/elfsight.com\/pl\/?page_id=7101"},"modified":"2025-06-25T09:16:39","modified_gmt":"2025-06-25T09:16:39","slug":"google-sites","status":"publish","type":"page","link":"https:\/\/elfsight.com\/pl\/viber-chat-widget\/google-sites\/","title":{"rendered":"Viber Chat &#8211; Google Sites"},"content":{"rendered":"<div class=\"application-platform-content-item-description application-platform-content-item\" id=\"description\" data-nav-section=\"description\"> <h2>Umie\u015b\u0107 czat Viber w Witrynach Google za pomoc\u0105 wid\u017cetu Elfsight<\/h2> <p>Czat Elfsight Viber dla Witryn Google to jeden z najwygodniejszych mo\u017cliwo\u015bci, aby Twoi klienci mogli zwr\u00f3ci\u0107 si\u0119 do Ciebie na Twojej stronie internetowej. Ka\u017cdy u\u017cytkownik szybko uzyska od Ciebie odpowied\u017a na swoje pytania lub wsparcie. B\u0119dziesz m\u00f3g\u0142 by\u0107 dost\u0119pny na \u017cywo na jednym z najpopularniejszych czat\u00f3w non-stop. Mo\u017cesz ustawi\u0107 Czat Elfsight Viber tak, aby wy\u015bwietla\u0142 si\u0119 na wybranych stronach i kierowa\u0142 go do okre\u015blonych grup odbiorc\u00f3w. Widget oferuje wiele mo\u017cliwo\u015bci dostosowywania: przypisz aktywatory czatu pocz\u0105tkowego, napisz w\u0142asn\u0105 wiadomo\u015b\u0107 powitaln\u0105, ustaw ikony i wiele wi\u0119cej. Za pomoc\u0105 Viber Chat na stronie b\u0119dziesz po\u0142\u0105czony z odwiedzaj\u0105cymi przez ca\u0142y czas i z dowolnego miejsca. <\/p> <p><b>Dodaj czat Viber, aby szybciej sprosta\u0107 wyzwaniom zwi\u0105zanym z handlem elektronicznym!<\/b><\/p> <\/div> <div class=\"application-platform-content-item-features application-platform-content-item\" id=\"features\" data-nav-section=\"features\"> <h2>To tylko kilka z liczne funkcje wid\u017cet\u00f3w: <\/h2> <ul><li>Biblioteka ikon dymk\u00f3w do wyboru<\/li><li>Edytowany tekst dymk\u00f3w<\/li><li>Nag\u0142\u00f3wek czatu ze zdj\u0119ciem strony, nazw\u0105, i podpis. <\/li><li>Domy\u015blne ustawienie obrazu strony z naszej biblioteki lub przes\u0142anie w\u0142asnego obrazu<\/li><\/ul><p><a href=\"#demo\">Mo\u017cesz poznaj pe\u0142ne mo\u017cliwo\u015bci wid\u017cetu w wersji demonstracyjnej na tej stronie<\/a><\/p> <\/div> <div class=\"application-platform-content-item-installation application-platform-content-item\" id=\"installation\" data-nav-section=\"installation\"> <h2>Jak doda\u0107 czat Viber do mojej witryny Google Sites? <\/h2> <p>Wystarczy wykona\u0107 kilka krok\u00f3w przedstawionych poni\u017cej, aby zintegrowa\u0107 narz\u0119dzie. <\/p> <ol><li><b>Otw\u00f3rz nasz darmowy edytor i zacznij tworzy\u0107 w\u0142asny instrument. <\/b><br> Znajd\u017a preferowan\u0105 form\u0119 i funkcjonalno\u015b\u0107 narz\u0119dzia i nanie\u015b poprawki. <\/li> <li><b>Odbierz sw\u00f3j unikalny kod widoczny w pude\u0142ku w aplikacjach Elfsight. <\/b><br> Po zako\u0144czeniu konfiguracji wtyczki skopiuj indywidualny kod z wy\u015bwietlonego pola i zachowaj go do p\u00f3\u017aniejszego wykorzystania. <\/li> <li><b>Rozpocznij korzystanie z wtyczki w swojej witrynie Google Sites. <\/b><br> Umie\u015b\u0107 zapisany wcze\u015bniej kod na swojej stronie internetowej i zastosuj zmiany. <\/li> <li><b>Gotowe! Integracja zako\u0144czy\u0142a si\u0119 pomy\u015blnie. <\/b><br> Przejd\u017a na swoj\u0105 stron\u0119 i zobacz, jak dzia\u0142a wtyczka. <\/li><\/ol> <div class=\"tip-yellow tip\"><b>Ze wzgl\u0119du na specyfik\u0119 dzia\u0142ania Witryn Google wid\u017cet mo\u017ce wygl\u0105da\u0107 inaczej ni\u017c wersja demonstracyjna online. Przepraszamy za wszelkie niedogodno\u015bci.<\/b><\/div><p>Je\u015bli napotkasz pewne trudno\u015bci, zwr\u00f3\u0107 si\u0119 o pomoc do naszego zespo\u0142u pomocy. Nasi pracownicy z przyjemno\u015bci\u0105 odpowiedz\u0105 na wszystkie pytania dotycz\u0105ce produktu. <\/p> <div class=\"faq\" data-component=\"FAQ\"> <div class=\"faq-item\">\r\n\t\t\t\t\t<div class=\"faq-item-question\">\r\n\t\t\t\t\t\t<h3 class=\"faq-item-question-text\">Jak doda\u0107 czat Viber do mojej witryny Witryn Google bez umiej\u0119tno\u015bci kodowania?<\/h3>\r\n\r\n\t\t\t\t\t\t<div class=\"faq-item-question-icon\"><\/div>\r\n\t\t\t\t\t<\/div>\r\n\r\n\t\t\t\t\t<div class=\"faq-item-answer\">\r\n\t\t\t\t\t\t<div class=\"faq-item-answer-text\"> <p>Elfsight zapewnia rozwi\u0105zanie SaaS, kt\u00f3re pozwala samodzielnie utworzy\u0107 wid\u017cet czatu Viber. Zobacz, jak \u0142atwo proces jest nast\u0119puj\u0105cy: Pracuj bezpo\u015brednio w edytorze online, aby utworzy\u0107 wid\u017cet czatu Viber, kt\u00f3ry chcesz widzie\u0107 w swojej witrynie Google Sites. Wybierz jeden z gotowych szablon\u00f3w i dostosuj ustawienia Viber Chat, dodaj tre\u015b\u0107, zmie\u0144 uk\u0142ad i kolory bez umiej\u0119tno\u015bci kodowania. Zapisz czat Viber i skopiuj jego kod instalacyjny, kt\u00f3ry mo\u017cesz po prostu wklei\u0107 w swojej witrynie Google Sites bez kupowania p\u0142atnego planu. Dzi\u0119ki naszemu intuicyjnemu edytorowi ka\u017cdy u\u017cytkownik Internetu mo\u017ce utworzy\u0107 wid\u017cet Viber Chat online i \u0142atwo umie\u015bci\u0107 go na swojej witrynie Google Sites. Aby uzyska\u0107 dost\u0119p do us\u0142ugi, nie trzeba p\u0142aci\u0107 ani wprowadza\u0107 danych uwierzytelniaj\u0105cych karty. Je\u015bli na kt\u00f3rymkolwiek etapie napotkasz jakiekolwiek problemy, skontaktuj si\u0119 z naszym zespo\u0142em pomocy technicznej.<\/p> <\/div>\r\n\t\t\t\t\t<\/div>\r\n\t\t\t\t<\/div> <\/div> <\/div>","protected":false},"excerpt":{"rendered":"","protected":false},"author":9,"featured_media":0,"parent":971,"menu_order":0,"comment_status":"closed","ping_status":"closed","template":"templates\/template-application-platform.php","meta":{"publish_to_discourse":"","publish_post_category":"","wpdc_auto_publish_overridden":"","wpdc_topic_tags":"","wpdc_pin_topic":"","wpdc_pin_until":"","discourse_post_id":"","discourse_permalink":"","wpdc_publishing_response":"","wpdc_publishing_error":"","footnotes":""},"class_list":["post-7101","page","type-page","status-publish","hentry"],"yoast_head":"<!-- This site is optimized with the Yoast SEO plugin v25.3.1 - https:\/\/yoast.com\/wordpress\/plugins\/seo\/ -->\n<title>Czat Viber \u2014 dodaj wid\u017cet czatu Viber do Witryn Google (2025)<\/title>\n<meta name=\"description\" content=\"Zintegruj czat Viber ze swoj\u0105 witryn\u0105, aby zapewni\u0107 p\u0142ynny i natychmiastowy kontakt z u\u017cytkownikami. Wypr\u00f3buj bezp\u0142atn\u0105 wersj\u0119 demonstracyjn\u0105 Elfsight, aby ju\u017c teraz zbudowa\u0107 swoj\u0105 unikaln\u0105 wtyczk\u0119.\" \/>\n<meta name=\"robots\" content=\"index, follow, max-snippet:-1, max-image-preview:large, max-video-preview:-1\" \/>\n<link rel=\"canonical\" href=\"https:\/\/elfsight.com\/pl\/viber-chat-widget\/google-sites\/\" \/>\n<meta property=\"og:locale\" content=\"pl_PL\" \/>\n<meta property=\"og:type\" content=\"article\" \/>\n<meta property=\"og:title\" content=\"Czat Viber \u2014 dodaj wid\u017cet czatu Viber do Witryn Google (2025)\" \/>\n<meta property=\"og:description\" content=\"Zintegruj czat Viber ze swoj\u0105 witryn\u0105, aby zapewni\u0107 p\u0142ynny i natychmiastowy kontakt z u\u017cytkownikami. Wypr\u00f3buj bezp\u0142atn\u0105 wersj\u0119 demonstracyjn\u0105 Elfsight, aby ju\u017c teraz zbudowa\u0107 swoj\u0105 unikaln\u0105 wtyczk\u0119.\" \/>\n<meta property=\"og:url\" content=\"https:\/\/elfsight.com\/pl\/viber-chat-widget\/google-sites\/\" \/>\n<meta property=\"og:site_name\" content=\"Elfsight PL\" \/>\n<meta property=\"article:modified_time\" content=\"2025-06-25T09:16:39+00:00\" \/>\n<meta name=\"twitter:card\" content=\"summary_large_image\" \/>\n<meta name=\"twitter:label1\" content=\"Szacowany czas czytania\" \/>\n\t<meta name=\"twitter:data1\" content=\"3 minuty\" \/>\n<!-- \/ Yoast SEO plugin. -->","yoast_head_json":{"title":"Czat Viber \u2014 dodaj wid\u017cet czatu Viber do Witryn Google (2025)","description":"Zintegruj czat Viber ze swoj\u0105 witryn\u0105, aby zapewni\u0107 p\u0142ynny i natychmiastowy kontakt z u\u017cytkownikami. Wypr\u00f3buj bezp\u0142atn\u0105 wersj\u0119 demonstracyjn\u0105 Elfsight, aby ju\u017c teraz zbudowa\u0107 swoj\u0105 unikaln\u0105 wtyczk\u0119.","robots":{"index":"index","follow":"follow","max-snippet":"max-snippet:-1","max-image-preview":"max-image-preview:large","max-video-preview":"max-video-preview:-1"},"canonical":"https:\/\/elfsight.com\/pl\/viber-chat-widget\/google-sites\/","og_locale":"pl_PL","og_type":"article","og_title":"Czat Viber \u2014 dodaj wid\u017cet czatu Viber do Witryn Google (2025)","og_description":"Zintegruj czat Viber ze swoj\u0105 witryn\u0105, aby zapewni\u0107 p\u0142ynny i natychmiastowy kontakt z u\u017cytkownikami. Wypr\u00f3buj bezp\u0142atn\u0105 wersj\u0119 demonstracyjn\u0105 Elfsight, aby ju\u017c teraz zbudowa\u0107 swoj\u0105 unikaln\u0105 wtyczk\u0119.","og_url":"https:\/\/elfsight.com\/pl\/viber-chat-widget\/google-sites\/","og_site_name":"Elfsight PL","article_modified_time":"2025-06-25T09:16:39+00:00","twitter_card":"summary_large_image","twitter_misc":{"Szacowany czas czytania":"3 minuty"},"schema":{"@context":"https:\/\/schema.org","@graph":[{"@type":"WebPage","@id":"https:\/\/elfsight.com\/pl\/viber-chat-widget\/google-sites\/","url":"https:\/\/elfsight.com\/pl\/viber-chat-widget\/google-sites\/","name":"Czat Viber \u2014 dodaj wid\u017cet czatu Viber do Witryn Google (2025)","isPartOf":{"@id":"https:\/\/elfsight.com\/pl\/#website"},"datePublished":"1970-01-01T00:00:00+00:00","dateModified":"2025-06-25T09:16:39+00:00","description":"Zintegruj czat Viber ze swoj\u0105 witryn\u0105, aby zapewni\u0107 p\u0142ynny i natychmiastowy kontakt z u\u017cytkownikami. Wypr\u00f3buj bezp\u0142atn\u0105 wersj\u0119 demonstracyjn\u0105 Elfsight, aby ju\u017c teraz zbudowa\u0107 swoj\u0105 unikaln\u0105 wtyczk\u0119.","breadcrumb":{"@id":"https:\/\/elfsight.com\/pl\/viber-chat-widget\/google-sites\/#breadcrumb"},"inLanguage":"pl-PL","potentialAction":[{"@type":"ReadAction","target":["https:\/\/elfsight.com\/pl\/viber-chat-widget\/google-sites\/"]}]},{"@type":"BreadcrumbList","@id":"https:\/\/elfsight.com\/pl\/viber-chat-widget\/google-sites\/#breadcrumb","itemListElement":[{"@type":"ListItem","position":1,"name":"Home","item":"https:\/\/elfsight.com\/pl\/"},{"@type":"ListItem","position":2,"name":"Viber Chat","item":"https:\/\/elfsight.com\/pl\/viber-chat-widget\/"},{"@type":"ListItem","position":3,"name":"Viber Chat &#8211; Google Sites"}]},{"@type":"WebSite","@id":"https:\/\/elfsight.com\/pl\/#website","url":"https:\/\/elfsight.com\/pl\/","name":"Elfsight PL","description":"Just another Elfsight Sites site","potentialAction":[{"@type":"SearchAction","target":{"@type":"EntryPoint","urlTemplate":"https:\/\/elfsight.com\/pl\/?s={search_term_string}"},"query-input":{"@type":"PropertyValueSpecification","valueRequired":true,"valueName":"search_term_string"}}],"inLanguage":"pl-PL"}]}},"meta_box":{"industry":"","seo_heading":"","heading":"","description":"","cta_heading":"","cta_description":"","application":"970","h1":"Wid\u017cet czatu Viber w Witrynach Google","h1_caption":"Zaoferuj Viber jako kana\u0142 komunikacyjny w swojej witrynie, u\u0142atwiaj\u0105c odwiedzaj\u0105cym bezproblemowe dotarcie do Twoich Witryn Google.","application_category":[],"applications_title":"","applications_request_title":"","applications_request_button_text":"","hero_text":"","hero_video":"","hero_video_schema_markup":"","selling_points_title":"","selling_points_caption":"","selling_points":[],"selling_points_cta_text":"","features_title":"","features":"","ed_cta_examples_text":"","ed_cta_examples_hidden":"","ed_cta_demo_text":"","ed_cta_demo_hidden":"","why_caption":"","why_editor_title":"","why_editor_text":"","why_team_title":"","why_team_text":"","why_service_title":"","why_service_text":"","template_catalog_visible":"0","template_catalog_title":"","template_catalog_text":"","template_catalog_categories_visible":"","demo_title":"Utw\u00f3rz wid\u017cet czatu Viber","demo_caption":"Skonfiguruj czat Viber i dodaj go do swojej witryny Google Sites za darmo!","default_faq_hidden":"","app_template_category":[],"platform":"484","template_public_id":"","codecanyon_url":"","codecanyon_item_id":"","codecanyon_price":"","pricing_caption":"","pricing_elfsight_apps_hide_column":"","pricing_elfsight_apps_url":"","pricing_codecanyon_price_caption":"","integration_category":[],"integration_request_title":"","integration_request_cta":"","integration_platform":"","integrations":[],"platform_category":[],"video_schema_markup":"","price":"od 0 USD \/ miesi\u0105c","trial":"","benefits":[{"text":"Bezp\u0142atna us\u0142uga monta\u017cu"},{"text":"Profesjonalna obs\u0142uga klienta"},{"text":"14-dniowa gwarancja zwrotu pieni\u0119dzy"}],"button_url":"#demo","button_target_blank":"0","button_nofollow":"0","attributes":[{"name":"Instaluje"},{"name":"Czu\u0142y"},{"name":"Kompatybilne przegl\u0105darki"}],"tags":[],"tags_disable_links":"0","hide_more_platforms":"0","video_object":"","demo_hide_cta":"0","demo_hide_cloud_options":"0","pricing_title":"","pricing":[{"pricing_icon":"platform","pricing_title":"Elfsight Apps","pricing_title_caption":"Niezale\u017cne od platformy rozwi\u0105zanie, kt\u00f3re pasuje do ka\u017cdej witryny internetowej","pricing_price":"od 0 USD \/ miesi\u0105c","pricing_price_caption":"zacznij od bezp\u0142atnego planu","pricing_benefits":[{"text":"Nielimitowane domeny"},{"text":"Najwy\u017csza obs\u0142uga klienta"},{"text":"Bezp\u0142atne wsparcie przy instalacji"},{"text":"Specjalna cena za wiele aplikacji"}],"pricing_button_text":"Dodaj do witryny","pricing_button_url":"#demo"}],"related_apps_title":"","related_apps_hidden":"0","author":"","image":[],"title":"","job":"","social_networks":[]},"_links":{"self":[{"href":"https:\/\/elfsight.com\/pl\/wp-json\/wp\/v2\/pages\/7101","targetHints":{"allow":["GET"]}}],"collection":[{"href":"https:\/\/elfsight.com\/pl\/wp-json\/wp\/v2\/pages"}],"about":[{"href":"https:\/\/elfsight.com\/pl\/wp-json\/wp\/v2\/types\/page"}],"author":[{"embeddable":true,"href":"https:\/\/elfsight.com\/pl\/wp-json\/wp\/v2\/users\/9"}],"replies":[{"embeddable":true,"href":"https:\/\/elfsight.com\/pl\/wp-json\/wp\/v2\/comments?post=7101"}],"version-history":[{"count":2,"href":"https:\/\/elfsight.com\/pl\/wp-json\/wp\/v2\/pages\/7101\/revisions"}],"predecessor-version":[{"id":10476,"href":"https:\/\/elfsight.com\/pl\/wp-json\/wp\/v2\/pages\/7101\/revisions\/10476"}],"up":[{"embeddable":true,"href":"https:\/\/elfsight.com\/pl\/wp-json\/wp\/v2\/pages\/971"}],"wp:attachment":[{"href":"https:\/\/elfsight.com\/pl\/wp-json\/wp\/v2\/media?parent=7101"}],"curies":[{"name":"wp","href":"https:\/\/api.w.org\/{rel}","templated":true}]}}