{"id":71,"date":"2020-11-12T12:27:56","date_gmt":"2020-11-12T12:27:56","guid":{"rendered":"https:\/\/elfsight.com\/pl\/?page_id=71"},"modified":"2021-04-21T13:25:03","modified_gmt":"2021-04-21T13:25:03","slug":"bigcommerce-apps","status":"publish","type":"page","link":"https:\/\/elfsight.com\/pl\/bigcommerce-apps\/","title":{"rendered":"BigCommerce apps"},"content":{"rendered":"\n<h2>Najskuteczniejsze wid\u017cety Elfsight dla wszystkich potrzeb\u00f3w twojej witryny internetowej BigCommerce<\/h2>\n\n<p>W ci\u0105gu wielu lat nasz team deweloper\u00f3w Elfsight wypuszcza proste i dostosowywane rozszerzenia chmurowe dla Twojej strony internetowej. Mo\u017cemy zagwarantowa\u0107 us\u0142ugi wsparcia oraz szybkie \u0142adowanie. Rozwi\u0105zania Elfsight s\u0142u\u017c\u0105 w\u0142a\u015bcicielom serwis\u00f3w www, edukacyjnych oraz wielu innym z r\u00f3\u017cnych kraj\u00f3w \u015bwiata sprosta\u0107 r\u00f3\u017cnymi dzia\u0142aniami wydajniej. \n<\/p>\n\n<p>Mo\u017cesz zwi\u0119kszy\u0107 sprzeda\u017c, pokaza\u0107 pozytywny feedback na swoje us\u0142ugi, zwi\u0119kszy\u0107 zaufanie do swojej marki, poprzez instalacj\u0119 widgetu do Twojej strony internetowej. Nasze plany abonamentowe wahaj\u0105 si\u0119 od bezp\u0142atnych do premium. Spr\u00f3buj zintegrowa\u0107 dowolnie wybrane wtyczki przy u\u017cyciu naszej wersji demonstracyjnej i przekonaj si\u0119 jak bardzo mo\u017ce to by\u0107 po\u017cyteczne w kwestii rozwoju serwisu www Pa\u0144stwa przedsi\u0119biorstwa. <\/p>\n\n<h2>Co czyni nasze dodatki BigCommerce s\u0105 wyj\u0105tkowymi rozwi\u0105zaniami dla Ciebie? <\/h2>\n\n<p> Oto spis silnych charakterystyk naszych wtyczek, kt\u00f3re pomagaj\u0105 nam by\u0107 lepszymi, ni\u017c nasi konkurenci: <\/p>\n\n\n<ul>\n<li> Darmowa i szybka pomoc przy dodaniu lub personalizacji aplikacji; <\/li>\n<li> Zdolno\u015b\u0107 dostosowywania do wszystkich rozdzielczo\u015bci witryn internetowych i przyjazne dla urz\u0105dze\u0144 mobilnych; <\/li>\n<li> Nie musisz zatrudnia\u0107 deweloper\u00f3w; <\/li>\n<li> Bogaty wyb\u00f3r opcji dostosowywania; <\/li>\n<li> Oparte na chmurze widgety pomagaj\u0105 zwi\u0119kszy\u0107 szybko\u015b\u0107 serwisu; <\/li>\n<li> Wszystkie przysz\u0142e poprawki s\u0105 bezp\u0142atne i regularne; <\/li>\n<li> Przyst\u0119pne ceny; <\/li>\n<li> Profesjonalna pomoc z problemami klient\u00f3w. <\/li>\n<\/ul>\n\n<p> Poznaj bezp\u0142atne wersje Lite naszych wid\u017cet\u00f3w i zrozumiej jej potencja\u0142 lub zainstaluj dowolne wymagane rozwi\u0105zanie z 20% zni\u017ck\u0105.<\/p>\n\n\n<h2> Jak zintegrowa\u0107 Pa\u0144stwa rozszerzenia na witrynie BigCommerce <\/h2>\n\n<p> A\u017ceby doda\u0107 rozszerzenia, wykonaj poni\u017csze kroki z \u0142atwej instrukcji: <\/p>\n\n\n<ol>\n<li> Wybierz odpowiedni\u0105 wtyczk\u0119; <\/li>\n<li> Skonfiguruj odpowiednie konfiguracji; <\/li>\n<li> Zastosuj zmiany; <\/li>\n<li> Kliknij wygenerowany kod; <\/li>\n<li> Zainstaluj go w wymaganym miejscu swojej strony lub szablonu; <\/li>\n<li> Zrobione! Z powodzeniem doda\u0142e\u015b wid\u017cet. <\/li>\n<\/ol>\n\n<p> Je\u015bli potrzebujesz porady, zapraszamy napisa\u0107 do zespo\u0142u wsparcia Elfsight. <\/p>\n","protected":false},"excerpt":{"rendered":"Najskuteczniejsze wid\u017cety Elfsight dla wszystkich potrzeb\u00f3w twojej witryny internetowej BigCommerce W ci\u0105gu wielu lat nasz team deweloper\u00f3w Elfsight wypuszcza proste i dostosowywane rozszerzenia chmurowe dla Twojej strony internetowej. Mo\u017cemy zagwarantowa\u0107 us\u0142ugi wsparcia oraz szybkie \u0142adowanie. Rozwi\u0105zania Elfsight s\u0142u\u017c\u0105 w\u0142a\u015bcicielom serwis\u00f3w www, edukacyjnych oraz wielu innym z r\u00f3\u017cnych kraj\u00f3w \u015bwiata sprosta\u0107&#8230;","protected":false},"author":13,"featured_media":0,"parent":0,"menu_order":0,"comment_status":"closed","ping_status":"closed","template":"templates\/template-platform.php","meta":{"publish_to_discourse":"","publish_post_category":"","wpdc_auto_publish_overridden":"","wpdc_topic_tags":"","wpdc_pin_topic":"","wpdc_pin_until":"","discourse_post_id":"","discourse_permalink":"","wpdc_publishing_response":"","wpdc_publishing_error":"","footnotes":""},"class_list":["post-71","page","type-page","status-publish","hentry"],"yoast_head":"<!-- This site is optimized with the Yoast SEO plugin v25.3.1 - https:\/\/yoast.com\/wordpress\/plugins\/seo\/ -->\n<title>80 najlepszych darmowych BigCommerce apps dla strony internetowej<\/title>\n<meta name=\"description\" content=\"Lista testowanych darmowych rozszerze\u0144 dla twojej witryny internetowej BigCommerce. Pom\u00f3c w dostosowywanie oraz szeroka gama opcji.\" \/>\n<meta name=\"robots\" content=\"index, follow, max-snippet:-1, max-image-preview:large, max-video-preview:-1\" \/>\n<link rel=\"canonical\" href=\"https:\/\/elfsight.com\/pl\/bigcommerce-apps\/\" \/>\n<meta property=\"og:locale\" content=\"pl_PL\" \/>\n<meta property=\"og:type\" content=\"article\" \/>\n<meta property=\"og:title\" content=\"80 najlepszych darmowych BigCommerce apps dla strony internetowej\" \/>\n<meta property=\"og:description\" content=\"Lista testowanych darmowych rozszerze\u0144 dla twojej witryny internetowej BigCommerce. Pom\u00f3c w dostosowywanie oraz szeroka gama opcji.\" \/>\n<meta property=\"og:url\" content=\"https:\/\/elfsight.com\/pl\/bigcommerce-apps\/\" \/>\n<meta property=\"og:site_name\" content=\"Elfsight PL\" \/>\n<meta property=\"article:modified_time\" content=\"2021-04-21T13:25:03+00:00\" \/>\n<meta name=\"twitter:card\" content=\"summary_large_image\" \/>\n<meta name=\"twitter:label1\" content=\"Szacowany czas czytania\" \/>\n\t<meta name=\"twitter:data1\" content=\"2 minuty\" \/>\n<!-- \/ Yoast SEO plugin. -->","yoast_head_json":{"title":"80 najlepszych darmowych BigCommerce apps dla strony internetowej","description":"Lista testowanych darmowych rozszerze\u0144 dla twojej witryny internetowej BigCommerce. Pom\u00f3c w dostosowywanie oraz szeroka gama opcji.","robots":{"index":"index","follow":"follow","max-snippet":"max-snippet:-1","max-image-preview":"max-image-preview:large","max-video-preview":"max-video-preview:-1"},"canonical":"https:\/\/elfsight.com\/pl\/bigcommerce-apps\/","og_locale":"pl_PL","og_type":"article","og_title":"80 najlepszych darmowych BigCommerce apps dla strony internetowej","og_description":"Lista testowanych darmowych rozszerze\u0144 dla twojej witryny internetowej BigCommerce. Pom\u00f3c w dostosowywanie oraz szeroka gama opcji.","og_url":"https:\/\/elfsight.com\/pl\/bigcommerce-apps\/","og_site_name":"Elfsight PL","article_modified_time":"2021-04-21T13:25:03+00:00","twitter_card":"summary_large_image","twitter_misc":{"Szacowany czas czytania":"2 minuty"},"schema":{"@context":"https:\/\/schema.org","@graph":[{"@type":"WebPage","@id":"https:\/\/elfsight.com\/pl\/bigcommerce-apps\/","url":"https:\/\/elfsight.com\/pl\/bigcommerce-apps\/","name":"80 najlepszych darmowych BigCommerce apps dla strony internetowej","isPartOf":{"@id":"https:\/\/elfsight.com\/pl\/#website"},"datePublished":"2020-11-12T12:27:56+00:00","dateModified":"2021-04-21T13:25:03+00:00","description":"Lista testowanych darmowych rozszerze\u0144 dla twojej witryny internetowej BigCommerce. Pom\u00f3c w dostosowywanie oraz szeroka gama opcji.","breadcrumb":{"@id":"https:\/\/elfsight.com\/pl\/bigcommerce-apps\/#breadcrumb"},"inLanguage":"pl-PL","potentialAction":[{"@type":"ReadAction","target":["https:\/\/elfsight.com\/pl\/bigcommerce-apps\/"]}]},{"@type":"BreadcrumbList","@id":"https:\/\/elfsight.com\/pl\/bigcommerce-apps\/#breadcrumb","itemListElement":[{"@type":"ListItem","position":1,"name":"Home","item":"https:\/\/elfsight.com\/pl\/"},{"@type":"ListItem","position":2,"name":"BigCommerce apps"}]},{"@type":"WebSite","@id":"https:\/\/elfsight.com\/pl\/#website","url":"https:\/\/elfsight.com\/pl\/","name":"Elfsight PL","description":"Just another Elfsight Sites site","potentialAction":[{"@type":"SearchAction","target":{"@type":"EntryPoint","urlTemplate":"https:\/\/elfsight.com\/pl\/?s={search_term_string}"},"query-input":{"@type":"PropertyValueSpecification","valueRequired":true,"valueName":"search_term_string"}}],"inLanguage":"pl-PL"}]}},"meta_box":{"industry":"","seo_heading":"","heading":"","description":"","cta_heading":"","cta_description":"","application":"","h1":"Najlepsze aplikacje BigCommerce","h1_caption":"Darmowy zbi\u00f3r rewelacyjnych widget\u00f3w pierwszej klasy z szerokim wachlarzem funkcjonalno\u015bci dla zwi\u0119kszenia aktywno\u015bci u\u017cytkownik\u00f3w i realizacji wszystkich pozosta\u0142ych zada\u0144 marketingowych. Proste wdro\u017cenie, obszerny zakres opcji modyfikacji oraz do\u017cywotni serwis pomocy klienta.","application_category":[],"applications_title":"Sprawd\u017a najlepsze aplikacji dla twojej strony www w\u015br\u00f3d wszystkich rozszerze\u0144 darmowych w demonstracje online","applications_request_title":"Nie mo\u017cesz znale\u017a\u0107 odpowiedniej aplikacji?","applications_request_button_text":"Zam\u00f3w aplikacje","hero_text":"","hero_video":"","hero_video_schema_markup":"","selling_points_title":"","selling_points_caption":"","selling_points":[],"selling_points_cta_text":"","features_title":"","features":"","ed_cta_examples_text":"","ed_cta_examples_hidden":"","ed_cta_demo_text":"","ed_cta_demo_hidden":"","why_caption":"","why_editor_title":"","why_editor_text":"","why_team_title":"","why_team_text":"","why_service_title":"","why_service_text":"","template_catalog_visible":"","template_catalog_title":"","template_catalog_text":"","template_catalog_categories_visible":"","demo_title":"","demo_caption":"","default_faq_hidden":"","app_template_category":[],"platform":"41","template_public_id":"","codecanyon_url":"","codecanyon_item_id":"","codecanyon_price":"","pricing_caption":"","pricing_elfsight_apps_hide_column":"","pricing_elfsight_apps_url":"","pricing_codecanyon_price_caption":"","integration_category":[],"integration_request_title":"","integration_request_cta":"","integration_platform":"","integrations":[],"platform_category":[],"video_schema_markup":"","price":"","trial":"","benefits":[],"button_url":"","button_target_blank":"","button_nofollow":"","attributes":[],"tags":[],"tags_disable_links":"","hide_more_platforms":"","video_object":"","demo_hide_cta":"","demo_hide_cloud_options":"","pricing_title":"","pricing":[],"related_apps_title":"","related_apps_hidden":"","author":"","image":[],"title":"","job":"","social_networks":[]},"_links":{"self":[{"href":"https:\/\/elfsight.com\/pl\/wp-json\/wp\/v2\/pages\/71","targetHints":{"allow":["GET"]}}],"collection":[{"href":"https:\/\/elfsight.com\/pl\/wp-json\/wp\/v2\/pages"}],"about":[{"href":"https:\/\/elfsight.com\/pl\/wp-json\/wp\/v2\/types\/page"}],"author":[{"embeddable":true,"href":"https:\/\/elfsight.com\/pl\/wp-json\/wp\/v2\/users\/13"}],"replies":[{"embeddable":true,"href":"https:\/\/elfsight.com\/pl\/wp-json\/wp\/v2\/comments?post=71"}],"version-history":[{"count":2,"href":"https:\/\/elfsight.com\/pl\/wp-json\/wp\/v2\/pages\/71\/revisions"}],"predecessor-version":[{"id":73,"href":"https:\/\/elfsight.com\/pl\/wp-json\/wp\/v2\/pages\/71\/revisions\/73"}],"wp:attachment":[{"href":"https:\/\/elfsight.com\/pl\/wp-json\/wp\/v2\/media?parent=71"}],"curies":[{"name":"wp","href":"https:\/\/api.w.org\/{rel}","templated":true}]}}