{"id":7096,"date":"1970-01-01T00:00:00","date_gmt":"1970-01-01T00:00:00","guid":{"rendered":"https:\/\/elfsight.com\/pl\/?page_id=7096"},"modified":"2024-10-23T13:40:22","modified_gmt":"2024-10-23T13:40:22","slug":"godaddy","status":"publish","type":"page","link":"https:\/\/elfsight.com\/pl\/viber-chat-widget\/godaddy\/","title":{"rendered":"Viber Chat &#8211; GoDaddy"},"content":{"rendered":"<div class=\"application-platform-content-item-description application-platform-content-item\" id=\"description\" data-nav-section=\"description\"> <h2>Umie\u015b\u0107 czat Viber w serwisie GoDaddy za pomoc\u0105 wid\u017cetu Elfsight<\/h2> <p>Czat Viber firmy Elfsight to najszybszy spos\u00f3b, w jaki ludzie mog\u0105 si\u0119 z Tob\u0105 skontaktowa\u0107 za po\u015brednictwem witryny GoDaddy. Ka\u017cdy u\u017cytkownik szybko uzyska od Ciebie rozwi\u0105zanie swoich problem\u00f3w lub wsparcie. B\u0119dziesz m\u00f3g\u0142 by\u0107 dost\u0119pny online w jednym z najpopularniejszych komunikator\u00f3w 24\/7. Mo\u017cesz ustawi\u0107 wy\u015bwietlanie czatu Elfsight Viber na okre\u015blonych stronach i ustawi\u0107 go dla okre\u015blonych grup odwiedzaj\u0105cych. Wtyczka oferuje wiele opcji dostosowywania: zdefiniuj aktywatory inicjuj\u0105ce czat, utw\u00f3rz tekst powitalny, wybierz ikony i inne funkcje. Dzi\u0119ki Viber Chat na stronie mo\u017cesz by\u0107 dost\u0119pny dla ludzi w dowolnym miejscu i czasie. <\/p> <p><b>Zwi\u0119ksz skuteczno\u015b\u0107 swojej witryny w osi\u0105ganiu cel\u00f3w biznesowych za pomoc\u0105 Viber Chat<\/b><\/p> <\/div> <div class=\"application-platform-content-item-features application-platform-content-item\" id=\"features\" data-nav-section=\"features\"> <h2>Sprawd\u017a list\u0119 z najpot\u0119\u017cniejszych funkcji: <\/h2> <ul><li>Biblioteka ikon dymk\u00f3w do wyboru<\/li><li>Edytowany tekst dymk\u00f3w<\/li><li>Nag\u0142\u00f3wek czatu z logo strony, nazw\u0105, i podpis<\/li><li>Domy\u015blne wybieranie obrazu strony z kolekcji lub przesy\u0142anie w\u0142asnego zdj\u0119cia<\/li><li>5 wariant\u00f3w czasu odpowiedzi w podpisie okna czatu<\/li><li>Opcja do wyboru niestandardowy tekst jako podpis<\/li><li>Edytowalna wiadomo\u015b\u0107 powitalna przy u\u017cyciu opcji formatowania i link\u00f3w<\/li><\/ul><p><a href=\"#demo\">Poznaj wszystkie funkcje personalizacji w pe\u0142ni funkcjonalnej wersji demonstracyjnej<\/a><\/p> <\/div> <div class=\"application-platform-content-item-installation application-platform-content-item\" id=\"installation\" data-nav-section=\"installation\"> <h2>Jak doda\u0107 czat Viber do mojej witryny GoDaddy? <\/h2> <p>Wystarczy wykona\u0107 kilka krok\u00f3w przedstawionych poni\u017cej, aby rozpocz\u0105\u0107 prac\u0119 z wtyczk\u0105. <\/p> <ol><li><b>Skorzystaj z naszej bezp\u0142atnej wersji demonstracyjnej i zacznij tworzy\u0107 w\u0142asn\u0105 wtyczk\u0119. <\/b><br> Wybierz preferowany uk\u0142ad i cechy funkcjonalne narz\u0119dzia i zastosuj zmiany. <\/li> <li><b>Uzyskaj indywidualny kod pojawiaj\u0105cy si\u0119 w oknie aplikacji Elfsight<\/b><br> Zaraz po zako\u0144czeniu konfiguracji narz\u0119dzia skopiuj indywidualny kod w wy\u015bwietlonym oknie i zachowaj go na kolejn\u0105 okazj\u0119. <\/li> <li><b>Rozpocznij korzystanie z wtyczki na swojej stronie internetowej GoDaddy<\/b><br> Zintegruj ostatnio zapisany kod ze swoj\u0105 stron\u0105 i zastosuj modyfikacje. <\/li> <li><b>Gotowe! Konfiguracja zosta\u0142a zako\u0144czona.<\/b><br> Przejd\u017a do swojej witryny, aby sprawdzi\u0107 dzia\u0142anie wtyczki. <\/li><\/ol> <div class=\"tip-yellow tip\"><b>Ze wzgl\u0119du na specyfik\u0119 wy\u015bwietlania niestandardowych wstawek z kodem, p\u0142ywaj\u0105ce szablony mog\u0105 wygl\u0105da\u0107 inaczej ni\u017c wersja demonstracyjna online. Po\u015bwi\u0119\u0107 troch\u0119 czasu na przetestowanie wid\u017cet\u00f3w.<\/b><\/div><p>Je\u015bli masz jakie\u015b problemy, nie wahaj si\u0119 zwr\u00f3ci\u0107 do naszego personelu pomocy technicznej. Nasi ludzie ch\u0119tnie odpowiedz\u0105 na wszystkie pytania dotycz\u0105ce tego narz\u0119dzia. <\/p> <div class=\"faq\" data-component=\"FAQ\"> <div class=\"faq-item\">\r\n\t\t\t\t\t<div class=\"faq-item-question\">\r\n\t\t\t\t\t\t<h3 class=\"faq-item-question-text\">Jak doda\u0107 Viber Chat do mojej witryny GoDaddy bez umiej\u0119tno\u015bci kodowania?<\/h3>\r\n\r\n\t\t\t\t\t\t<div class=\"faq-item-question-icon\"><\/div>\r\n\t\t\t\t\t<\/div>\r\n\r\n\t\t\t\t\t<div class=\"faq-item-answer\">\r\n\t\t\t\t\t\t<div class=\"faq-item-answer-text\"> <p>Elfsight zapewnia rozwi\u0105zanie SaaS, kt\u00f3re pozwala samodzielnie utworzy\u0107 wid\u017cet Viber Chat, zobacz, jak \u0142atwy jest ten proces to: Pracuj bezpo\u015brednio w edytorze online, aby utworzy\u0107 wid\u017cet Viber Chat, kt\u00f3ry chcesz widzie\u0107 w swojej witrynie GoDaddy. Wybierz jeden z gotowych szablon\u00f3w i dostosuj ustawienia Viber Chat, dodaj tre\u015b\u0107, zmie\u0144 uk\u0142ad i kolory bez umiej\u0119tno\u015bci kodowania. Zapisz czat Viber i skopiuj jego kod instalacyjny, aby m\u00f3c bez wysi\u0142ku doda\u0107 swoj\u0105 witryn\u0119 GoDaddy bez konieczno\u015bci kupowania p\u0142atnego planu. Dzi\u0119ki naszemu intuicyjnemu edytorowi ka\u017cdy u\u017cytkownik Internetu mo\u017ce utworzy\u0107 wid\u017cet Viber Chat online i \u0142atwo osadzi\u0107 go na swojej stronie internetowej GoDaddy. Aby uzyska\u0107 dost\u0119p do us\u0142ugi, nie trzeba p\u0142aci\u0107 ani wprowadza\u0107 danych uwierzytelniaj\u0105cych karty. Je\u015bli na kt\u00f3rymkolwiek etapie napotkasz jakiekolwiek problemy, skontaktuj si\u0119 z naszym zespo\u0142em pomocy technicznej.<\/p> <\/div>\r\n\t\t\t\t\t<\/div>\r\n\t\t\t\t<\/div> <\/div> <\/div>","protected":false},"excerpt":{"rendered":"","protected":false},"author":9,"featured_media":0,"parent":971,"menu_order":0,"comment_status":"closed","ping_status":"closed","template":"templates\/template-application-platform.php","meta":{"publish_to_discourse":"","publish_post_category":"","wpdc_auto_publish_overridden":"","wpdc_topic_tags":"","wpdc_pin_topic":"","wpdc_pin_until":"","discourse_post_id":"","discourse_permalink":"","wpdc_publishing_response":"","wpdc_publishing_error":"","footnotes":""},"class_list":["post-7096","page","type-page","status-publish","hentry"],"yoast_head":"<!-- This site is optimized with the Yoast SEO plugin v25.3.1 - https:\/\/yoast.com\/wordpress\/plugins\/seo\/ -->\n<title>Viber Chat \u2014 dodaj wtyczk\u0119 Viber Chat do witryny GoDaddy!<\/title>\n<meta name=\"description\" content=\"Umie\u015b\u0107 czat Viber na swojej stronie internetowej, aby lepiej i szybciej \u0142\u0105czy\u0107 si\u0119 z klientami. Sprawd\u017a wersj\u0119 demonstracyjn\u0105 Elfsight, aby ju\u017c teraz stworzy\u0107 w\u0142asn\u0105 wtyczk\u0119.\" \/>\n<meta name=\"robots\" content=\"index, follow, max-snippet:-1, max-image-preview:large, max-video-preview:-1\" \/>\n<link rel=\"canonical\" href=\"https:\/\/elfsight.com\/pl\/viber-chat-widget\/godaddy\/\" \/>\n<meta property=\"og:locale\" content=\"pl_PL\" \/>\n<meta property=\"og:type\" content=\"article\" \/>\n<meta property=\"og:title\" content=\"Viber Chat \u2014 dodaj wtyczk\u0119 Viber Chat do witryny GoDaddy!\" \/>\n<meta property=\"og:description\" content=\"Umie\u015b\u0107 czat Viber na swojej stronie internetowej, aby lepiej i szybciej \u0142\u0105czy\u0107 si\u0119 z klientami. Sprawd\u017a wersj\u0119 demonstracyjn\u0105 Elfsight, aby ju\u017c teraz stworzy\u0107 w\u0142asn\u0105 wtyczk\u0119.\" \/>\n<meta property=\"og:url\" content=\"https:\/\/elfsight.com\/pl\/viber-chat-widget\/godaddy\/\" \/>\n<meta property=\"og:site_name\" content=\"Elfsight PL\" \/>\n<meta property=\"article:modified_time\" content=\"2024-10-23T13:40:22+00:00\" \/>\n<meta name=\"twitter:card\" content=\"summary_large_image\" \/>\n<meta name=\"twitter:label1\" content=\"Szacowany czas czytania\" \/>\n\t<meta name=\"twitter:data1\" content=\"3 minuty\" \/>\n<!-- \/ Yoast SEO plugin. -->","yoast_head_json":{"title":"Viber Chat \u2014 dodaj wtyczk\u0119 Viber Chat do witryny GoDaddy!","description":"Umie\u015b\u0107 czat Viber na swojej stronie internetowej, aby lepiej i szybciej \u0142\u0105czy\u0107 si\u0119 z klientami. Sprawd\u017a wersj\u0119 demonstracyjn\u0105 Elfsight, aby ju\u017c teraz stworzy\u0107 w\u0142asn\u0105 wtyczk\u0119.","robots":{"index":"index","follow":"follow","max-snippet":"max-snippet:-1","max-image-preview":"max-image-preview:large","max-video-preview":"max-video-preview:-1"},"canonical":"https:\/\/elfsight.com\/pl\/viber-chat-widget\/godaddy\/","og_locale":"pl_PL","og_type":"article","og_title":"Viber Chat \u2014 dodaj wtyczk\u0119 Viber Chat do witryny GoDaddy!","og_description":"Umie\u015b\u0107 czat Viber na swojej stronie internetowej, aby lepiej i szybciej \u0142\u0105czy\u0107 si\u0119 z klientami. Sprawd\u017a wersj\u0119 demonstracyjn\u0105 Elfsight, aby ju\u017c teraz stworzy\u0107 w\u0142asn\u0105 wtyczk\u0119.","og_url":"https:\/\/elfsight.com\/pl\/viber-chat-widget\/godaddy\/","og_site_name":"Elfsight PL","article_modified_time":"2024-10-23T13:40:22+00:00","twitter_card":"summary_large_image","twitter_misc":{"Szacowany czas czytania":"3 minuty"},"schema":{"@context":"https:\/\/schema.org","@graph":[{"@type":"WebPage","@id":"https:\/\/elfsight.com\/pl\/viber-chat-widget\/godaddy\/","url":"https:\/\/elfsight.com\/pl\/viber-chat-widget\/godaddy\/","name":"Viber Chat \u2014 dodaj wtyczk\u0119 Viber Chat do witryny GoDaddy!","isPartOf":{"@id":"https:\/\/elfsight.com\/pl\/#website"},"datePublished":"1970-01-01T00:00:00+00:00","dateModified":"2024-10-23T13:40:22+00:00","description":"Umie\u015b\u0107 czat Viber na swojej stronie internetowej, aby lepiej i szybciej \u0142\u0105czy\u0107 si\u0119 z klientami. Sprawd\u017a wersj\u0119 demonstracyjn\u0105 Elfsight, aby ju\u017c teraz stworzy\u0107 w\u0142asn\u0105 wtyczk\u0119.","breadcrumb":{"@id":"https:\/\/elfsight.com\/pl\/viber-chat-widget\/godaddy\/#breadcrumb"},"inLanguage":"pl-PL","potentialAction":[{"@type":"ReadAction","target":["https:\/\/elfsight.com\/pl\/viber-chat-widget\/godaddy\/"]}]},{"@type":"BreadcrumbList","@id":"https:\/\/elfsight.com\/pl\/viber-chat-widget\/godaddy\/#breadcrumb","itemListElement":[{"@type":"ListItem","position":1,"name":"Home","item":"https:\/\/elfsight.com\/pl\/"},{"@type":"ListItem","position":2,"name":"Viber Chat","item":"https:\/\/elfsight.com\/pl\/viber-chat-widget\/"},{"@type":"ListItem","position":3,"name":"Viber Chat &#8211; GoDaddy"}]},{"@type":"WebSite","@id":"https:\/\/elfsight.com\/pl\/#website","url":"https:\/\/elfsight.com\/pl\/","name":"Elfsight PL","description":"Just another Elfsight Sites site","potentialAction":[{"@type":"SearchAction","target":{"@type":"EntryPoint","urlTemplate":"https:\/\/elfsight.com\/pl\/?s={search_term_string}"},"query-input":{"@type":"PropertyValueSpecification","valueRequired":true,"valueName":"search_term_string"}}],"inLanguage":"pl-PL"}]}},"meta_box":{"industry":"","seo_heading":"","heading":"","description":"","cta_heading":"","cta_description":"","application":"970","h1":"Wtyczka GoDaddy Viber Chat","h1_caption":"Zaoferuj Viber jako kana\u0142 komunikacyjny w swojej witrynie, u\u0142atwiaj\u0105c odwiedzaj\u0105cym bezproblemowe dotarcie do Twojej witryny GoDaddy.","application_category":[],"applications_title":"","applications_request_title":"","applications_request_button_text":"","hero_text":"","hero_video":"","hero_video_schema_markup":"","selling_points_title":"","selling_points_caption":"","selling_points":[],"selling_points_cta_text":"","features_title":"","features":"","ed_cta_examples_text":"","ed_cta_examples_hidden":"","ed_cta_demo_text":"","ed_cta_demo_hidden":"","why_caption":"","why_editor_title":"","why_editor_text":"","why_team_title":"","why_team_text":"","why_service_title":"","why_service_text":"","template_catalog_visible":"","template_catalog_title":"","template_catalog_text":"","template_catalog_categories_visible":"","demo_title":"Zach\u0119camy do zbudowania niestandardowego czatu WordPress Viber, kt\u00f3ry b\u0119dzie bezb\u0142\u0119dnie zgodny z Twoj\u0105 stron\u0105!","demo_caption":"Dostosuj wtyczk\u0119 i umie\u015b\u0107 j\u0105 na swojej stronie internetowej po wyj\u0119ciu z wersji demonstracyjnej.","default_faq_hidden":"","app_template_category":[],"platform":"180","template_public_id":"","codecanyon_url":"","codecanyon_item_id":"","codecanyon_price":"","pricing_caption":"","pricing_elfsight_apps_hide_column":"","pricing_elfsight_apps_url":"","pricing_codecanyon_price_caption":"","integration_category":[],"integration_request_title":"","integration_request_cta":"","integration_platform":"","integrations":[],"platform_category":[],"video_schema_markup":"","price":"od 0 USD \/ miesi\u0105c","trial":"","benefits":[{"text":"Bezp\u0142atna pomoc w monta\u017cu"},{"text":"Wsparcie premium"},{"text":"14-dniowa gwarancja zwrotu pieni\u0119dzy"}],"button_url":"#demo","button_target_blank":"","button_nofollow":"","attributes":[{"name":"Instaluje"},{"name":"Czu\u0142y"},{"name":"Kompatybilne przegl\u0105darki"}],"tags":[],"tags_disable_links":"","hide_more_platforms":"","video_object":"","demo_hide_cta":"","demo_hide_cloud_options":"","pricing_title":"","pricing":[{"pricing_icon":"platform","pricing_title":"Elfsight Apps","pricing_title_caption":"Wieloplatformowe rozwi\u0105zanie cyfrowe","pricing_price":"od 0 USD \/ miesi\u0105c","pricing_price_caption":"zacznij od bezp\u0142atnego planu","pricing_benefits":[{"text":"Nielimitowane domeny"},{"text":"Szybkie wsparcie firmy"},{"text":"Bezp\u0142atna pomoc w monta\u017cu"},{"text":"100% konfigurowalny"}],"pricing_button_text":"Dodaj do witryny","pricing_button_url":"#demo"}],"related_apps_title":"","related_apps_hidden":"","author":"","image":[],"title":"","job":"","social_networks":[]},"_links":{"self":[{"href":"https:\/\/elfsight.com\/pl\/wp-json\/wp\/v2\/pages\/7096","targetHints":{"allow":["GET"]}}],"collection":[{"href":"https:\/\/elfsight.com\/pl\/wp-json\/wp\/v2\/pages"}],"about":[{"href":"https:\/\/elfsight.com\/pl\/wp-json\/wp\/v2\/types\/page"}],"author":[{"embeddable":true,"href":"https:\/\/elfsight.com\/pl\/wp-json\/wp\/v2\/users\/9"}],"replies":[{"embeddable":true,"href":"https:\/\/elfsight.com\/pl\/wp-json\/wp\/v2\/comments?post=7096"}],"version-history":[{"count":1,"href":"https:\/\/elfsight.com\/pl\/wp-json\/wp\/v2\/pages\/7096\/revisions"}],"predecessor-version":[{"id":7100,"href":"https:\/\/elfsight.com\/pl\/wp-json\/wp\/v2\/pages\/7096\/revisions\/7100"}],"up":[{"embeddable":true,"href":"https:\/\/elfsight.com\/pl\/wp-json\/wp\/v2\/pages\/971"}],"wp:attachment":[{"href":"https:\/\/elfsight.com\/pl\/wp-json\/wp\/v2\/media?parent=7096"}],"curies":[{"name":"wp","href":"https:\/\/api.w.org\/{rel}","templated":true}]}}