{"id":7095,"date":"1970-01-01T00:00:00","date_gmt":"1970-01-01T00:00:00","guid":{"rendered":"https:\/\/elfsight.com\/pl\/?page_id=7095"},"modified":"2024-10-23T13:39:57","modified_gmt":"2024-10-23T13:39:57","slug":"prestashop","status":"publish","type":"page","link":"https:\/\/elfsight.com\/pl\/viber-chat-widget\/prestashop\/","title":{"rendered":"Viber Chat &#8211; PrestaShop"},"content":{"rendered":"<div class=\"application-platform-content-item-description application-platform-content-item\" id=\"description\" data-nav-section=\"description\"> <h2>Opis<\/h2> <p>Czat Viber stworzony przez Elfsight to najprostszy spos\u00f3b, aby ludzie w Twojej witrynie mogli si\u0119 z Tob\u0105 komunikowa\u0107 i uzyska\u0107 odpowiedzi na swoje pytania pytania i pro\u015bby. Teraz jeste\u015b dost\u0119pny na \u017cywo dla u\u017cytkownik\u00f3w w ich popularnym komunikatorze w dowolnym miejscu i czasie. Umie\u015b\u0107 czat Viber w swoim sklepie i pozw\u00f3l, aby pojawia\u0142 si\u0119 na okre\u015blonych stronach lub dla wybranych typ\u00f3w u\u017cytkownik\u00f3w, wprowadzaj wyzwalacze rozpoczynaj\u0105ce czat, stw\u00f3rz unikaln\u0105 wiadomo\u015b\u0107 powitaln\u0105, wybierz ikony i jeszcze wi\u0119cej. Korzystaj\u0105c z czatu Viber na swojej stronie internetowej, b\u0119dziesz \u0142atwo dost\u0119pny dla swoich u\u017cytkownik\u00f3w w dowolnym momencie i niezale\u017cnie od tego, gdzie si\u0119 znajdujesz. <\/p><p><b>Wykorzystaj to, co najlepsze w Viber Chat, aby \u0142atwiej realizowa\u0107 swoje cele biznesowe! <\/b><\/p> <\/div> <div class=\"application-platform-content-item-features application-platform-content-item\" id=\"features\" data-nav-section=\"features\"> <h2>Widget oferuje przydatne i proste funkcje, sprawd\u017a niekt\u00f3re z nich: <\/h2> <ul><li>Dodaj komunikator Viber na Tw\u00f3j sklep, aby pozosta\u0107 w kontakcie z odwiedzaj\u0105cymi<\/li><li>Udzielaj odpowiedzi bezpo\u015brednio ze swojego konta Viber<\/li><li>Wybierz jeden z trzech wariant\u00f3w uk\u0142adu czatu: p\u0142ywaj\u0105ca ba\u0144ka, osadzana ba\u0144ka i osadzane okno czatu<\/li><li> Wybierz wariant ikony dymka z naszego zestawu dost\u0119pnych ikon<\/li><li>Edytuj tekst dymka czatu<\/li><\/ul><p><a href=\"#demo\">Odkryj wszystkie ustawienia w pe\u0142nej wersji demonstracyjnej<\/a><\/p> <\/div> <div class=\"application-platform-content-item-installation application-platform-content-item\" id=\"installation\" data-nav-section=\"installation\"> <h2>Jak doda\u0107 Viber Chat do mojej witryny PrestaShop<\/h2> <p>Wystarczy wzi\u0105\u0107 kilka kroki przedstawione poni\u017cej, aby osadzi\u0107 dodatek. <\/p> <ol><li><b>Wykonaj nasze bezp\u0142atne demo i zacznij tworzy\u0107 w\u0142asny dodatek. <\/b><br> Znajd\u017a niestandardowy uk\u0142ad i specyfikacje wid\u017cetu i zastosuj zmiany. <\/li> <li><b>Skopiuj indywidualny kod pojawiaj\u0105cy si\u0119 w oknie aplikacji Elfsight. <\/b><br> Po zako\u0144czeniu dostosowywania narz\u0119dzia skopiuj indywidualny kod z wy\u015bwietlonego okna i zapisz go na przysz\u0142o\u015b\u0107. <\/li> <li><b>Rozpocznij korzystanie z dodatku na swojej stronie PrestaShop. <\/b><br> Wstaw skopiowany ostatnio kod na swoj\u0105 stron\u0119 g\u0142\u00f3wn\u0105 i zapisz zmiany. <\/li> <li><b>Gotowe! Konfiguracja zosta\u0142a pomy\u015blnie przeprowadzona. <\/b><br> Przejd\u017a na swoj\u0105 stron\u0119 i sprawd\u017a, jak dzia\u0142a dodatek. <\/li><\/ol> <p>Je\u015bli napotkasz jakiekolwiek komplikacje, nie wahaj si\u0119 skontaktowa\u0107 z naszym zespo\u0142em pomocy. Nasi specjali\u015bci ch\u0119tnie odpowiedz\u0105 na wszystkie pytania dotycz\u0105ce widgetu. <\/p> <div class=\"faq\" data-component=\"FAQ\"> <div class=\"faq-item\">\r\n\t\t\t\t\t<div class=\"faq-item-question\">\r\n\t\t\t\t\t\t<h3 class=\"faq-item-question-text\">Jak doda\u0107 Viber Chat do mojej witryny PrestaShop bez umiej\u0119tno\u015bci kodowania?<\/h3>\r\n\r\n\t\t\t\t\t\t<div class=\"faq-item-question-icon\"><\/div>\r\n\t\t\t\t\t<\/div>\r\n\r\n\t\t\t\t\t<div class=\"faq-item-answer\">\r\n\t\t\t\t\t\t<div class=\"faq-item-answer-text\"> <p>Elfsight zapewnia rozwi\u0105zanie SaaS, kt\u00f3re pozwala samodzielnie utworzy\u0107 wid\u017cet Viber Chat, zobacz, jak \u0142atwy jest ten proces to: Pracuj bezpo\u015brednio w edytorze online, aby utworzy\u0107 wid\u017cet Viber Chat, kt\u00f3ry chcia\u0142by\u015b zobaczy\u0107 na swojej stronie PrestaShop. Wybierz jeden z gotowych szablon\u00f3w i dostosuj ustawienia czatu Viber, dodaj tre\u015b\u0107, zmie\u0144 uk\u0142ad i schemat kolor\u00f3w bez umiej\u0119tno\u015bci kodowania. Zapisz Czat Viber i skopiuj jego kod instalacyjny, kt\u00f3ry mo\u017cesz \u0142atwo osadzi\u0107 na swojej stronie PrestaShop bez konieczno\u015bci zakupu p\u0142atnej subskrypcji. Dzi\u0119ki naszemu intuicyjnemu edytorowi ka\u017cdy u\u017cytkownik Internetu mo\u017ce stworzy\u0107 wid\u017cet Viber Chat online i \u0142atwo osadzi\u0107 go na swojej stronie PrestaShop. Aby uzyska\u0107 dost\u0119p do us\u0142ugi, nie trzeba p\u0142aci\u0107 ani wprowadza\u0107 danych uwierzytelniaj\u0105cych karty. Je\u015bli na kt\u00f3rymkolwiek etapie napotkasz jakiekolwiek problemy, skontaktuj si\u0119 z naszym zespo\u0142em pomocy technicznej.<\/p> <\/div>\r\n\t\t\t\t\t<\/div>\r\n\t\t\t\t<\/div> <\/div> <\/div>","protected":false},"excerpt":{"rendered":"","protected":false},"author":9,"featured_media":0,"parent":971,"menu_order":0,"comment_status":"closed","ping_status":"closed","template":"templates\/template-application-platform.php","meta":{"publish_to_discourse":"","publish_post_category":"","wpdc_auto_publish_overridden":"","wpdc_topic_tags":"","wpdc_pin_topic":"","wpdc_pin_until":"","discourse_post_id":"","discourse_permalink":"","wpdc_publishing_response":"","wpdc_publishing_error":"","footnotes":""},"class_list":["post-7095","page","type-page","status-publish","hentry"],"yoast_head":"<!-- This site is optimized with the Yoast SEO plugin v25.3.1 - https:\/\/yoast.com\/wordpress\/plugins\/seo\/ -->\n<title>Dodaj Viber Chat do strony PrestaShop bez kodowania (2025)<\/title>\n<meta name=\"description\" content=\"Dodaj Viber Chat do swojej witryny, aby uzyska\u0107 lepsz\u0105 i szybsz\u0105 komunikacj\u0119 z klientami. Przetestuj bezp\u0142atn\u0105 wersj\u0119 demonstracyjn\u0105 Elfsight, aby skonfigurowa\u0107 sw\u00f3j niestandardowy dodatek ju\u017c teraz.\" \/>\n<meta name=\"robots\" content=\"index, follow, max-snippet:-1, max-image-preview:large, max-video-preview:-1\" \/>\n<link rel=\"canonical\" href=\"https:\/\/elfsight.com\/pl\/viber-chat-widget\/prestashop\/\" \/>\n<meta property=\"og:locale\" content=\"pl_PL\" \/>\n<meta property=\"og:type\" content=\"article\" \/>\n<meta property=\"og:title\" content=\"Dodaj Viber Chat do strony PrestaShop bez kodowania (2025)\" \/>\n<meta property=\"og:description\" content=\"Dodaj Viber Chat do swojej witryny, aby uzyska\u0107 lepsz\u0105 i szybsz\u0105 komunikacj\u0119 z klientami. Przetestuj bezp\u0142atn\u0105 wersj\u0119 demonstracyjn\u0105 Elfsight, aby skonfigurowa\u0107 sw\u00f3j niestandardowy dodatek ju\u017c teraz.\" \/>\n<meta property=\"og:url\" content=\"https:\/\/elfsight.com\/pl\/viber-chat-widget\/prestashop\/\" \/>\n<meta property=\"og:site_name\" content=\"Elfsight PL\" \/>\n<meta property=\"article:modified_time\" content=\"2024-10-23T13:39:57+00:00\" \/>\n<meta name=\"twitter:card\" content=\"summary_large_image\" \/>\n<meta name=\"twitter:label1\" content=\"Szacowany czas czytania\" \/>\n\t<meta name=\"twitter:data1\" content=\"3 minuty\" \/>\n<!-- \/ Yoast SEO plugin. -->","yoast_head_json":{"title":"Dodaj Viber Chat do strony PrestaShop bez kodowania (2025)","description":"Dodaj Viber Chat do swojej witryny, aby uzyska\u0107 lepsz\u0105 i szybsz\u0105 komunikacj\u0119 z klientami. Przetestuj bezp\u0142atn\u0105 wersj\u0119 demonstracyjn\u0105 Elfsight, aby skonfigurowa\u0107 sw\u00f3j niestandardowy dodatek ju\u017c teraz.","robots":{"index":"index","follow":"follow","max-snippet":"max-snippet:-1","max-image-preview":"max-image-preview:large","max-video-preview":"max-video-preview:-1"},"canonical":"https:\/\/elfsight.com\/pl\/viber-chat-widget\/prestashop\/","og_locale":"pl_PL","og_type":"article","og_title":"Dodaj Viber Chat do strony PrestaShop bez kodowania (2025)","og_description":"Dodaj Viber Chat do swojej witryny, aby uzyska\u0107 lepsz\u0105 i szybsz\u0105 komunikacj\u0119 z klientami. Przetestuj bezp\u0142atn\u0105 wersj\u0119 demonstracyjn\u0105 Elfsight, aby skonfigurowa\u0107 sw\u00f3j niestandardowy dodatek ju\u017c teraz.","og_url":"https:\/\/elfsight.com\/pl\/viber-chat-widget\/prestashop\/","og_site_name":"Elfsight PL","article_modified_time":"2024-10-23T13:39:57+00:00","twitter_card":"summary_large_image","twitter_misc":{"Szacowany czas czytania":"3 minuty"},"schema":{"@context":"https:\/\/schema.org","@graph":[{"@type":"WebPage","@id":"https:\/\/elfsight.com\/pl\/viber-chat-widget\/prestashop\/","url":"https:\/\/elfsight.com\/pl\/viber-chat-widget\/prestashop\/","name":"Dodaj Viber Chat do strony PrestaShop bez kodowania (2025)","isPartOf":{"@id":"https:\/\/elfsight.com\/pl\/#website"},"datePublished":"1970-01-01T00:00:00+00:00","dateModified":"2024-10-23T13:39:57+00:00","description":"Dodaj Viber Chat do swojej witryny, aby uzyska\u0107 lepsz\u0105 i szybsz\u0105 komunikacj\u0119 z klientami. Przetestuj bezp\u0142atn\u0105 wersj\u0119 demonstracyjn\u0105 Elfsight, aby skonfigurowa\u0107 sw\u00f3j niestandardowy dodatek ju\u017c teraz.","breadcrumb":{"@id":"https:\/\/elfsight.com\/pl\/viber-chat-widget\/prestashop\/#breadcrumb"},"inLanguage":"pl-PL","potentialAction":[{"@type":"ReadAction","target":["https:\/\/elfsight.com\/pl\/viber-chat-widget\/prestashop\/"]}]},{"@type":"BreadcrumbList","@id":"https:\/\/elfsight.com\/pl\/viber-chat-widget\/prestashop\/#breadcrumb","itemListElement":[{"@type":"ListItem","position":1,"name":"Home","item":"https:\/\/elfsight.com\/pl\/"},{"@type":"ListItem","position":2,"name":"Viber Chat","item":"https:\/\/elfsight.com\/pl\/viber-chat-widget\/"},{"@type":"ListItem","position":3,"name":"Viber Chat &#8211; PrestaShop"}]},{"@type":"WebSite","@id":"https:\/\/elfsight.com\/pl\/#website","url":"https:\/\/elfsight.com\/pl\/","name":"Elfsight PL","description":"Just another Elfsight Sites site","potentialAction":[{"@type":"SearchAction","target":{"@type":"EntryPoint","urlTemplate":"https:\/\/elfsight.com\/pl\/?s={search_term_string}"},"query-input":{"@type":"PropertyValueSpecification","valueRequired":true,"valueName":"search_term_string"}}],"inLanguage":"pl-PL"}]}},"meta_box":{"industry":"","seo_heading":"","heading":"","description":"","cta_heading":"","cta_description":"","application":"970","h1":"Dodatek do czatu Viber w PrestaShop","h1_caption":"Zaoferuj Viber jako kana\u0142 komunikacji w swojej witrynie, u\u0142atwiaj\u0105c odwiedzaj\u0105cym bezproblemowe dotarcie do Twojej witryny Prestashop.","application_category":[],"applications_title":"","applications_request_title":"","applications_request_button_text":"","hero_text":"","hero_video":"","hero_video_schema_markup":"","selling_points_title":"","selling_points_caption":"","selling_points":[],"selling_points_cta_text":"","features_title":"","features":"","ed_cta_examples_text":"","ed_cta_examples_hidden":"","ed_cta_demo_text":"","ed_cta_demo_hidden":"","why_caption":"","why_editor_title":"","why_editor_text":"","why_team_title":"","why_team_text":"","why_service_title":"","why_service_text":"","template_catalog_visible":"","template_catalog_title":"","template_catalog_text":"","template_catalog_categories_visible":"","demo_title":"\u015amia\u0142o, utw\u00f3rz w\u0142asny czat PrestaShop Viber","demo_caption":"Dostosuj go i zaimplementuj na swojej stronie, korzystaj\u0105c z wersji demonstracyjnej na \u017cywo.","default_faq_hidden":"","app_template_category":[],"platform":"586","template_public_id":"","codecanyon_url":"","codecanyon_item_id":"","codecanyon_price":"","pricing_caption":"","pricing_elfsight_apps_hide_column":"","pricing_elfsight_apps_url":"","pricing_codecanyon_price_caption":"","integration_category":[],"integration_request_title":"","integration_request_cta":"","integration_platform":"","integrations":[],"platform_category":[],"video_schema_markup":"","price":"od 0 USD \/ miesi\u0105c","trial":"","benefits":[{"text":"Bezp\u0142atna us\u0142uga monta\u017cu"},{"text":"Do\u015bwiadczona obs\u0142uga klienta"},{"text":"14-dniowa gwarancja zwrotu pieni\u0119dzy"}],"button_url":"#demo","button_target_blank":"","button_nofollow":"","attributes":[{"name":"Instaluje"},{"name":"Czu\u0142y"},{"name":"Kompatybilne przegl\u0105darki"}],"tags":[],"tags_disable_links":"","hide_more_platforms":"","video_object":"","demo_hide_cta":"","demo_hide_cloud_options":"","pricing_title":"","pricing":[{"pricing_icon":"platform","pricing_title":"Elfsight Apps","pricing_title_caption":"Wersja wieloplatformowa, kt\u00f3ra dzia\u0142a na ka\u017cdej stronie internetowej","pricing_price":"od 0 USD \/ miesi\u0105c","pricing_price_caption":"zacznij od bezp\u0142atnego planu","pricing_benefits":[{"text":"Nielimitowane domeny"},{"text":"Bezp\u0142atna obs\u0142uga klienta"},{"text":"Bezp\u0142atne wsparcie przy instalacji"},{"text":"Elastyczny projekt"}],"pricing_button_text":"Dodaj do witryny","pricing_button_url":"#demo"}],"related_apps_title":"","related_apps_hidden":"","author":"","image":[],"title":"","job":"","social_networks":[]},"_links":{"self":[{"href":"https:\/\/elfsight.com\/pl\/wp-json\/wp\/v2\/pages\/7095","targetHints":{"allow":["GET"]}}],"collection":[{"href":"https:\/\/elfsight.com\/pl\/wp-json\/wp\/v2\/pages"}],"about":[{"href":"https:\/\/elfsight.com\/pl\/wp-json\/wp\/v2\/types\/page"}],"author":[{"embeddable":true,"href":"https:\/\/elfsight.com\/pl\/wp-json\/wp\/v2\/users\/9"}],"replies":[{"embeddable":true,"href":"https:\/\/elfsight.com\/pl\/wp-json\/wp\/v2\/comments?post=7095"}],"version-history":[{"count":1,"href":"https:\/\/elfsight.com\/pl\/wp-json\/wp\/v2\/pages\/7095\/revisions"}],"predecessor-version":[{"id":7099,"href":"https:\/\/elfsight.com\/pl\/wp-json\/wp\/v2\/pages\/7095\/revisions\/7099"}],"up":[{"embeddable":true,"href":"https:\/\/elfsight.com\/pl\/wp-json\/wp\/v2\/pages\/971"}],"wp:attachment":[{"href":"https:\/\/elfsight.com\/pl\/wp-json\/wp\/v2\/media?parent=7095"}],"curies":[{"name":"wp","href":"https:\/\/api.w.org\/{rel}","templated":true}]}}