{"id":7094,"date":"1970-01-01T00:00:00","date_gmt":"1970-01-01T00:00:00","guid":{"rendered":"https:\/\/elfsight.com\/pl\/?page_id=7094"},"modified":"2024-10-23T13:40:14","modified_gmt":"2024-10-23T13:40:14","slug":"jimdo","status":"publish","type":"page","link":"https:\/\/elfsight.com\/pl\/viber-chat-widget\/jimdo\/","title":{"rendered":"Viber Chat &#8211; Jimdo"},"content":{"rendered":"<div class=\"application-platform-content-item-description application-platform-content-item\" id=\"description\" data-nav-section=\"description\"><h2>Opis<\/h2> <p>Czat Viber stworzony przez Elfsight to najprostszy spos\u00f3b, aby ludzie w Twojej witrynie mogli si\u0119 z Tob\u0105 komunikowa\u0107 i uzyskiwa\u0107 odpowiedzi na swoje pytania pytania i pro\u015bby. Mo\u017cesz pozosta\u0107 dost\u0119pny online dla klient\u00f3w za po\u015brednictwem ich ukochanego komunikatora 24 godziny na dob\u0119, 7 dni w tygodniu. Dodaj czat Viber na stron\u0119 internetow\u0105, a mo\u017ce on pojawia\u0107 si\u0119 na najwa\u017cniejszych stronach lub dla okre\u015blonych typ\u00f3w klient\u00f3w, wybiera\u0107 wyzwalacze rozpocz\u0119cia czatu, prezentowa\u0107 w\u0142asn\u0105 wiadomo\u015b\u0107 powitaln\u0105, dopasowywa\u0107 ikony i stosowa\u0107 inne dostosowania. Korzystaj\u0105c z czatu Viber zainstalowanego na stronie, b\u0119dziesz informowany o swoich go\u015bciach w dowolnym momencie i niezale\u017cnie od Twojej lokalizacji. <\/p><p><b>Zwi\u0119ksz skuteczno\u015b\u0107 swojej witryny pod k\u0105tem cel\u00f3w biznesowych za pomoc\u0105 czatu Viber.<\/b><\/p> <\/div> <div class=\"application-platform-content-item-features application-platform-content-item\" id=\"features\" data-nav-section=\"features\"> <h2>Wy\u015bwietl lista najpot\u0119\u017cniejszych funkcji: <\/h2> <ul><li>Umie\u015b\u0107 komunikator Viber w swoim sklepie, aby u\u017cytkownicy byli zawsze dost\u0119pni<\/li><li>Odpowiadaj na wiadomo\u015bci bezpo\u015brednio ze swojej strony Viber<\/li><li> 3 rodzaje lokalizacji czatu: p\u0142ywaj\u0105ca ba\u0144ka, osadzona ba\u0144ka i osadzona okno czatu<\/li><li>Przejrzyj bibliotek\u0119 ikon b\u0105belk\u00f3w, z kt\u00f3rych mo\u017cesz skorzysta\u0107<\/li><li>Edytowany tekst w dymku<\/li> <\/ul><p><a href=\"#demo\">Po prostu sprawd\u017a t\u0119 wersj\u0119 demonstracyjn\u0105, aby zobaczy\u0107, jak to dzia\u0142a<\/a><\/p> <\/div> <div class=\"application-platform-content-item-installation application-platform-content-item\" id=\"installation\" data-nav-section=\"installation\"> <h2>Jak doda\u0107 Viber Chat do strony Jimdo? <\/h2> <p>Wystarczy post\u0119powa\u0107 zgodnie z poni\u017cszymi wskaz\u00f3wkami, aby aktywowa\u0107 wid\u017cet. <\/p> <ol><li><b>Skorzystaj z naszego darmowego edytora i zacznij tworzy\u0107 w\u0142asny widget. <\/b><br> Okre\u015bl wybrany uk\u0142ad i funkcjonalno\u015b\u0107 narz\u0119dzia oraz zapisz zmiany. <\/li> <li><b>Uzyskaj indywidualny kod widoczny w pude\u0142ku w aplikacjach Elfsight. <\/b><br> Po zako\u0144czeniu dostosowywania Twojego osobistego narz\u0119dzia skopiuj kod osobisty z wy\u015bwietlonego wyskakuj\u0105cego okienka i zapisz go do dalszego wykorzystania. <\/li> <li><b>Wyra\u017a ch\u0119\u0107 korzystania z wid\u017cetu na swojej stronie g\u0142\u00f3wnej Jimdo. <\/b><br> Zaimplementuj zapisany wcze\u015bniej kod na swojej stronie g\u0142\u00f3wnej i zastosuj ulepszenia. <\/li> <li><b>Konfiguracja zosta\u0142a pomy\u015blnie przeprowadzona. <\/b><br> Odwied\u017a swoj\u0105 stron\u0119 internetow\u0105, aby sprawdzi\u0107 dzia\u0142anie widgetu. <\/li><\/ol> <p>Je\u015bli masz do czynienia z pytaniami lub napotykasz pewne trudno\u015bci, nie wahaj si\u0119 skontaktowa\u0107 z naszym zespo\u0142em obs\u0142ugi klienta. Nasi ludzie z przyjemno\u015bci\u0105 pomog\u0105 Ci odpowiedzie\u0107 na wszystkie pytania dotycz\u0105ce wid\u017cetu. <\/p> <div class=\"faq\" data-component=\"FAQ\"> <div class=\"faq-item\">\r\n\t\t\t\t\t<div class=\"faq-item-question\">\r\n\t\t\t\t\t\t<h3 class=\"faq-item-question-text\">Jak mog\u0119 doda\u0107 Viber Chat do mojej witryny Jimdo bez umiej\u0119tno\u015bci kodowania?<\/h3>\r\n\r\n\t\t\t\t\t\t<div class=\"faq-item-question-icon\"><\/div>\r\n\t\t\t\t\t<\/div>\r\n\r\n\t\t\t\t\t<div class=\"faq-item-answer\">\r\n\t\t\t\t\t\t<div class=\"faq-item-answer-text\"> <p>Elfsight zapewnia rozwi\u0105zanie SaaS, kt\u00f3re pozwala na samodzielne utworzenie wid\u017cetu Viber Chat. Zobacz, jak \u0142atwo proces jest nast\u0119puj\u0105cy: Pracuj bezpo\u015brednio w edytorze online, aby utworzy\u0107 wid\u017cet Viber Chat, kt\u00f3ry chcia\u0142by\u015b zobaczy\u0107 na swojej stronie Jimdo. Wybierz jeden z gotowych szablon\u00f3w i dostosuj ustawienia czatu Viber, dodaj tre\u015b\u0107, zmie\u0144 uk\u0142ad i schemat kolor\u00f3w bez umiej\u0119tno\u015bci kodowania. Zapisz Czat Viber i skopiuj jego kod instalacyjny, kt\u00f3ry mo\u017cesz po prostu osadzi\u0107 na swojej stronie Jimdo, bez konieczno\u015bci kupowania wersji p\u0142atnej. Dzi\u0119ki naszemu intuicyjnemu edytorowi ka\u017cdy u\u017cytkownik Internetu mo\u017ce stworzy\u0107 wid\u017cet Viber Chat online i \u0142atwo osadzi\u0107 go na swojej stronie internetowej Jimdo. Aby uzyska\u0107 dost\u0119p do us\u0142ugi, nie trzeba p\u0142aci\u0107 ani wprowadza\u0107 danych uwierzytelniaj\u0105cych karty. Je\u015bli na kt\u00f3rymkolwiek etapie napotkasz jakiekolwiek problemy, skontaktuj si\u0119 z naszym zespo\u0142em pomocy technicznej.<\/p> <\/div>\r\n\t\t\t\t\t<\/div>\r\n\t\t\t\t<\/div> <\/div> <\/div>","protected":false},"excerpt":{"rendered":"","protected":false},"author":9,"featured_media":0,"parent":971,"menu_order":0,"comment_status":"closed","ping_status":"closed","template":"templates\/template-application-platform.php","meta":{"publish_to_discourse":"","publish_post_category":"","wpdc_auto_publish_overridden":"","wpdc_topic_tags":"","wpdc_pin_topic":"","wpdc_pin_until":"","discourse_post_id":"","discourse_permalink":"","wpdc_publishing_response":"","wpdc_publishing_error":"","footnotes":""},"class_list":["post-7094","page","type-page","status-publish","hentry"],"yoast_head":"<!-- This site is optimized with the Yoast SEO plugin v25.3.1 - https:\/\/yoast.com\/wordpress\/plugins\/seo\/ -->\n<title>Dodaj Viber Chat do strony Jimdo bez kodowania (2025)<\/title>\n<meta name=\"description\" content=\"Dodaj Viber Chat do swojej witryny, aby uzyska\u0107 lepsz\u0105 i szybsz\u0105 komunikacj\u0119 z klientami. Przetestuj bezp\u0142atn\u0105 wersj\u0119 demonstracyjn\u0105 Elfsight, aby skonfigurowa\u0107 sw\u00f3j niestandardowy widget ju\u017c teraz.\" \/>\n<meta name=\"robots\" content=\"index, follow, max-snippet:-1, max-image-preview:large, max-video-preview:-1\" \/>\n<link rel=\"canonical\" href=\"https:\/\/elfsight.com\/pl\/viber-chat-widget\/jimdo\/\" \/>\n<meta property=\"og:locale\" content=\"pl_PL\" \/>\n<meta property=\"og:type\" content=\"article\" \/>\n<meta property=\"og:title\" content=\"Dodaj Viber Chat do strony Jimdo bez kodowania (2025)\" \/>\n<meta property=\"og:description\" content=\"Dodaj Viber Chat do swojej witryny, aby uzyska\u0107 lepsz\u0105 i szybsz\u0105 komunikacj\u0119 z klientami. Przetestuj bezp\u0142atn\u0105 wersj\u0119 demonstracyjn\u0105 Elfsight, aby skonfigurowa\u0107 sw\u00f3j niestandardowy widget ju\u017c teraz.\" \/>\n<meta property=\"og:url\" content=\"https:\/\/elfsight.com\/pl\/viber-chat-widget\/jimdo\/\" \/>\n<meta property=\"og:site_name\" content=\"Elfsight PL\" \/>\n<meta property=\"article:modified_time\" content=\"2024-10-23T13:40:14+00:00\" \/>\n<meta name=\"twitter:card\" content=\"summary_large_image\" \/>\n<meta name=\"twitter:label1\" content=\"Szacowany czas czytania\" \/>\n\t<meta name=\"twitter:data1\" content=\"3 minuty\" \/>\n<!-- \/ Yoast SEO plugin. -->","yoast_head_json":{"title":"Dodaj Viber Chat do strony Jimdo bez kodowania (2025)","description":"Dodaj Viber Chat do swojej witryny, aby uzyska\u0107 lepsz\u0105 i szybsz\u0105 komunikacj\u0119 z klientami. Przetestuj bezp\u0142atn\u0105 wersj\u0119 demonstracyjn\u0105 Elfsight, aby skonfigurowa\u0107 sw\u00f3j niestandardowy widget ju\u017c teraz.","robots":{"index":"index","follow":"follow","max-snippet":"max-snippet:-1","max-image-preview":"max-image-preview:large","max-video-preview":"max-video-preview:-1"},"canonical":"https:\/\/elfsight.com\/pl\/viber-chat-widget\/jimdo\/","og_locale":"pl_PL","og_type":"article","og_title":"Dodaj Viber Chat do strony Jimdo bez kodowania (2025)","og_description":"Dodaj Viber Chat do swojej witryny, aby uzyska\u0107 lepsz\u0105 i szybsz\u0105 komunikacj\u0119 z klientami. Przetestuj bezp\u0142atn\u0105 wersj\u0119 demonstracyjn\u0105 Elfsight, aby skonfigurowa\u0107 sw\u00f3j niestandardowy widget ju\u017c teraz.","og_url":"https:\/\/elfsight.com\/pl\/viber-chat-widget\/jimdo\/","og_site_name":"Elfsight PL","article_modified_time":"2024-10-23T13:40:14+00:00","twitter_card":"summary_large_image","twitter_misc":{"Szacowany czas czytania":"3 minuty"},"schema":{"@context":"https:\/\/schema.org","@graph":[{"@type":"WebPage","@id":"https:\/\/elfsight.com\/pl\/viber-chat-widget\/jimdo\/","url":"https:\/\/elfsight.com\/pl\/viber-chat-widget\/jimdo\/","name":"Dodaj Viber Chat do strony Jimdo bez kodowania (2025)","isPartOf":{"@id":"https:\/\/elfsight.com\/pl\/#website"},"datePublished":"1970-01-01T00:00:00+00:00","dateModified":"2024-10-23T13:40:14+00:00","description":"Dodaj Viber Chat do swojej witryny, aby uzyska\u0107 lepsz\u0105 i szybsz\u0105 komunikacj\u0119 z klientami. Przetestuj bezp\u0142atn\u0105 wersj\u0119 demonstracyjn\u0105 Elfsight, aby skonfigurowa\u0107 sw\u00f3j niestandardowy widget ju\u017c teraz.","breadcrumb":{"@id":"https:\/\/elfsight.com\/pl\/viber-chat-widget\/jimdo\/#breadcrumb"},"inLanguage":"pl-PL","potentialAction":[{"@type":"ReadAction","target":["https:\/\/elfsight.com\/pl\/viber-chat-widget\/jimdo\/"]}]},{"@type":"BreadcrumbList","@id":"https:\/\/elfsight.com\/pl\/viber-chat-widget\/jimdo\/#breadcrumb","itemListElement":[{"@type":"ListItem","position":1,"name":"Home","item":"https:\/\/elfsight.com\/pl\/"},{"@type":"ListItem","position":2,"name":"Viber Chat","item":"https:\/\/elfsight.com\/pl\/viber-chat-widget\/"},{"@type":"ListItem","position":3,"name":"Viber Chat &#8211; Jimdo"}]},{"@type":"WebSite","@id":"https:\/\/elfsight.com\/pl\/#website","url":"https:\/\/elfsight.com\/pl\/","name":"Elfsight PL","description":"Just another Elfsight Sites site","potentialAction":[{"@type":"SearchAction","target":{"@type":"EntryPoint","urlTemplate":"https:\/\/elfsight.com\/pl\/?s={search_term_string}"},"query-input":{"@type":"PropertyValueSpecification","valueRequired":true,"valueName":"search_term_string"}}],"inLanguage":"pl-PL"}]}},"meta_box":{"industry":"","seo_heading":"","heading":"","description":"","cta_heading":"","cta_description":"","application":"970","h1":"Czat Jimdo Viber","h1_caption":"Zaoferuj Viber jako kana\u0142 komunikacyjny na swojej stronie internetowej, u\u0142atwiaj\u0105c odwiedzaj\u0105cym bezproblemowe dotarcie do Twojej witryny Jimdo.","application_category":[],"applications_title":"","applications_request_title":"","applications_request_button_text":"","hero_text":"","hero_video":"","hero_video_schema_markup":"","selling_points_title":"","selling_points_caption":"","selling_points":[],"selling_points_cta_text":"","features_title":"","features":"","ed_cta_examples_text":"","ed_cta_examples_hidden":"","ed_cta_demo_text":"","ed_cta_demo_hidden":"","why_caption":"","why_editor_title":"","why_editor_text":"","why_team_title":"","why_team_text":"","why_service_title":"","why_service_text":"","template_catalog_visible":"","template_catalog_title":"","template_catalog_text":"","template_catalog_categories_visible":"","demo_title":"Zapraszam do zaprojektowania czatu Jimdo Viber","demo_caption":"Spersonalizuj wid\u017cet i zintegruj go ze swoj\u0105 stron\u0105 g\u0142\u00f3wn\u0105, korzystaj\u0105c z aktywnego demo","default_faq_hidden":"","app_template_category":[],"platform":"193","template_public_id":"","codecanyon_url":"","codecanyon_item_id":"","codecanyon_price":"","pricing_caption":"","pricing_elfsight_apps_hide_column":"","pricing_elfsight_apps_url":"","pricing_codecanyon_price_caption":"","integration_category":[],"integration_request_title":"","integration_request_cta":"","integration_platform":"","integrations":[],"platform_category":[],"video_schema_markup":"","price":"od 0 USD \/ miesi\u0105c","trial":"","benefits":[{"text":"Bezp\u0142atna pomoc w monta\u017cu"},{"text":"Do\u015bwiadczona obs\u0142uga klienta"},{"text":"14-dniowa gwarancja zwrotu pieni\u0119dzy"}],"button_url":"#demo","button_target_blank":"","button_nofollow":"","attributes":[{"name":"Instaluje"},{"name":"Czu\u0142y"},{"name":"Kompatybilne przegl\u0105darki"}],"tags":[],"tags_disable_links":"","hide_more_platforms":"","video_object":"","demo_hide_cta":"","demo_hide_cloud_options":"","pricing_title":"","pricing":[{"pricing_icon":"platform","pricing_title":"Elfsight Apps","pricing_title_caption":"Niezale\u017cne od platformy rozwi\u0105zanie, kt\u00f3re pasuje do ka\u017cdej witryny internetowej","pricing_price":"od 0 USD \/ miesi\u0105c","pricing_price_caption":"zacznij od bezp\u0142atnego planu","pricing_benefits":[{"text":"Nieograniczona liczba domen"},{"text":"Bezp\u0142atne wsparcie firmy"},{"text":"Bezp\u0142atne wsparcie instalacyjne"},{"text":"Ca\u0142kowicie konfigurowalny"}],"pricing_button_text":"Dodaj do witryny","pricing_button_url":"#demo"}],"related_apps_title":"","related_apps_hidden":"","author":"","image":[],"title":"","job":"","social_networks":[]},"_links":{"self":[{"href":"https:\/\/elfsight.com\/pl\/wp-json\/wp\/v2\/pages\/7094","targetHints":{"allow":["GET"]}}],"collection":[{"href":"https:\/\/elfsight.com\/pl\/wp-json\/wp\/v2\/pages"}],"about":[{"href":"https:\/\/elfsight.com\/pl\/wp-json\/wp\/v2\/types\/page"}],"author":[{"embeddable":true,"href":"https:\/\/elfsight.com\/pl\/wp-json\/wp\/v2\/users\/9"}],"replies":[{"embeddable":true,"href":"https:\/\/elfsight.com\/pl\/wp-json\/wp\/v2\/comments?post=7094"}],"version-history":[{"count":1,"href":"https:\/\/elfsight.com\/pl\/wp-json\/wp\/v2\/pages\/7094\/revisions"}],"predecessor-version":[{"id":7098,"href":"https:\/\/elfsight.com\/pl\/wp-json\/wp\/v2\/pages\/7094\/revisions\/7098"}],"up":[{"embeddable":true,"href":"https:\/\/elfsight.com\/pl\/wp-json\/wp\/v2\/pages\/971"}],"wp:attachment":[{"href":"https:\/\/elfsight.com\/pl\/wp-json\/wp\/v2\/media?parent=7094"}],"curies":[{"name":"wp","href":"https:\/\/api.w.org\/{rel}","templated":true}]}}