{"id":7093,"date":"1970-01-01T00:00:00","date_gmt":"1970-01-01T00:00:00","guid":{"rendered":"https:\/\/elfsight.com\/pl\/?page_id=7093"},"modified":"2025-06-20T09:36:40","modified_gmt":"2025-06-20T09:36:40","slug":"shopify","status":"publish","type":"page","link":"https:\/\/elfsight.com\/pl\/twitter-feed-widget\/shopify\/","title":{"rendered":"Twitter Feed &#8211; Shopify"},"content":{"rendered":"<div class=\"application-platform-content-item-description application-platform-content-item\" id=\"description\" data-nav-section=\"description\"><h2>Osad\u017a kana\u0142 Twittera w Shopify za pomoc\u0105 wid\u017cetu Elfsight<\/h2><p>Dzi\u0119ki kana\u0142owi Elfsight na Twitterze mo\u017cesz \u0142atwo umie\u015bci\u0107 kana\u0142 Twittera lub oddzieli\u0107 go Tweety w witrynie Shopify. Zwi\u0119ksz aktywno\u015b\u0107 u\u017cytkownik\u00f3w i zwi\u0119ksz zaufanie klient\u00f3w, prezentuj\u0105c o\u015b czasu na Twitterze lub chwal\u0105c si\u0119 referencjami klient\u00f3w na Twitterze na temat Twoich ofert. Najwi\u0119kszymi zaletami kana\u0142u Elfsight na Twitterze dla Twojej witryny s\u0105 predefiniowane szablony dla wszystkich mo\u017cliwych przypadk\u00f3w u\u017cycia i r\u00f3\u017cnorodne ustawienia wraz z mo\u017cliwo\u015bci\u0105 dostosowania projektu.<\/p><p><b>Zwi\u0119ksz zaanga\u017cowanie odwiedzaj\u0105cych i zaufanie do Twojej witryny<\/b><\/p><ul><li><b>Podnie\u015b poziom zaanga\u017cowania<\/b>.<br>Utrzymuj w swojej witrynie najnowsze tre\u015bci z jednego z najbardziej akceptowanych medi\u00f3w spo\u0142eczno\u015bciowych, aby przyci\u0105gn\u0105\u0107 uwag\u0119 u\u017cytkownik\u00f3w. Uzyskaj wy\u017cszy wsp\u00f3\u0142czynnik zaanga\u017cowania na swojej stronie.<\/li><li><b>Promuj razem sw\u00f3j Twitter i witryn\u0119<\/b>.<br>Twoja witryna internetowa to dodatkowe narz\u0119dzie promocji Twojego profilu na Twitterze, z retweetami i odpowiedziami wspierane z kana\u0142u, podczas gdy wi\u0119ksze zaanga\u017cowanie i dow\u00f3d spo\u0142eczny w witrynie mog\u0105 poprawi\u0107 SEO.<\/li><li><b>Silny dow\u00f3d spo\u0142eczny zapewniaj\u0105cy wi\u0119ksze zaufanie<\/b>.<br>Poka\u017c, \u017ce aktywnie prowadzisz swoje konto na Twitterze aby przekona\u0107 klient\u00f3w, \u017ce Twoja firma dzia\u0142a i \u017ce chcesz nawi\u0105za\u0107 kontakt i zbli\u017cy\u0107 si\u0119 do odwiedzaj\u0105cych.<\/li><\/ul><\/div><div class=\"application-platform-content-item-features application-platform-content-item\" id=\"features\" data-nav-section=\"features\"><h2>G\u0142\u00f3wne cechy Widget Twitter Feed<\/h2><p>Najcenniejsze parametry naszego widgetu, kt\u00f3re sprawiaj\u0105, \u017ce staje si\u0119 on doskonale wygodnym narz\u0119dziem Shopify:<\/p><ul><li>Wy\u015bwietlaj tweety z w\u0142asnego konta lub wybieraj po hashtagu; <\/li><li>Ukryj nag\u0142\u00f3wek, aby wy\u015bwietli\u0107 tylko tweety;<\/li><li>\u0141adne linki do podgl\u0105du w tweetach;<\/li><li>Otwarcie tweeta po klikni\u0119ciu symbolu Twittera;<\/li><li>Prze\u015blij dalej count, liczba polubie\u0144 w tweetach.<\/li><\/ul><p><a href=\"#demo\">Odkryj wszystkie funkcje w wersji demonstracyjnej na \u017cywo<\/a><\/p><\/div><div class=\"application-platform-content-item-installation application-platform-content-item\" id=\"installation\" data-nav-section=\"installation\"><h2>Jak doda\u0107 kana\u0142 Twitter do witryny Shopify<\/h2><div class=\"video-container\"><iframe width=\"720\" height=\"405\" src=\"https:\/\/www.youtube.com\/embed\/pr-aTiGe3A4\" frameborder=\"0\" allowfullscreen=\"\"><\/iframe><\/div><p>Instalacja aplikacji nie zajmie wi\u0119cej ni\u017c 90 sekund, a ponadto nie b\u0119dziesz potrzebowa\u0107 wiedzy na temat Programowanie sieciowe. Oto nasza kr\u00f3tka instrukcja:<\/p><ol><li><b>Uruchom nasz darmowy edytor i zacznij tworzy\u0107 niestandardow\u0105 aplikacj\u0119. <\/b><br> Wybierz odpowiedni uk\u0142ad i cechy aplikacji i zapisz wszystkie zmiany. <\/li> <li><b>Skopiuj sw\u00f3j unikalny kod wy\u015bwietlony w oknie aplikacji Elfsight. <\/b><br> Zaraz po zako\u0144czeniu generowania aplikacji osobistej skopiuj ekskluzywny kod w pojawiaj\u0105cym si\u0119 oknie i zapisz go na p\u00f3\u017aniej. <\/li> <li><b>Rozpocznij korzystanie z aplikacji na stronie internetowej Shopify. <\/b><br> Zintegruj skopiowany ostatnio kod ze swoj\u0105 witryn\u0105 i zapisz ulepszenia. <\/li> <li><b>Instalacja zosta\u0142a pomy\u015blnie przeprowadzona. <\/b><br> Odwied\u017a swoj\u0105 stron\u0119 internetow\u0105, aby zapozna\u0107 si\u0119 z dzia\u0142aniem aplikacji. <\/li><\/ol><p>Co\u015b posz\u0142o nie tak podczas instalacji lub dostosowywania? Mo\u017cesz spr\u00f3bowa\u0107 <a href=\"https:\/\/elfsight.com\/tutorials\/how-to-add-twitter-feed-app-to-shopify\/\" target=\"_blank\" rel=\"noopener noreferrer\">uko\u0144czy\u0107 przewodnik<\/a> lub zostaw wiadomo\u015b\u0107 w naszym centrum wsparcia z pe\u0142nym opisem swojego zapytania. Ch\u0119tnie rozwi\u0105\u017cemy ten problem.<\/p><\/div><div class=\"faq\" data-component=\"FAQ\"><div class=\"faq-item\">\r\n\t\t\t\t\t<div class=\"faq-item-question\">\r\n\t\t\t\t\t\t<h3 class=\"faq-item-question-text\">Czy istnieje metoda dodania kana\u0142u Twitter do mojej witryny Shopify bez kodowania? <\/h3>\r\n\r\n\t\t\t\t\t\t<div class=\"faq-item-question-icon\"><\/div>\r\n\t\t\t\t\t<\/div>\r\n\r\n\t\t\t\t\t<div class=\"faq-item-answer\">\r\n\t\t\t\t\t\t<div class=\"faq-item-answer-text\"><p>Firma Elfsight wprowadza rozwi\u0105zanie w chmurze, kt\u00f3re umo\u017cliwia u\u017cytkownikom samodzielne utworzenie sekcji Twitter Feed. Sprawd\u017a, jak \u0142atwy jest ten proces:<\/p><ul><li>Przejd\u017a do aktywnego edytora, aby utworzy\u0107 sekcj\u0119 Twitter Feed. chcia\u0142by\u015b zintegrowa\u0107 si\u0119 ze stron\u0105 g\u0142\u00f3wn\u0105 Shopify.<\/li><li>Wybierz jeden z naszych gotowych szablon\u00f3w i dostosuj ustawienia kana\u0142u Twitter, zaktualizuj swoje tre\u015bci, zmie\u0144 uk\u0142ad i kolory bez znajomo\u015bci kodowania.<\/li><li>Zaoszcz\u0119d\u017a kana\u0142 Twitter Feed i skopiuj kod wtyczki do instalacji, kt\u00f3ry mo\u017cesz po prostu umie\u015bci\u0107 na stronie Shopify w ramach bezp\u0142atnego planu.<\/li><\/ul><p>Dzi\u0119ki naszemu prostemu konfiguratorowi ka\u017cdy u\u017cytkownik Internetu mo\u017ce zbudowa\u0107 kana\u0142 Twitter i bez wysi\u0142ku go wklei\u0107 do strony g\u0142\u00f3wnej Shopify. Aby uzyska\u0107 dost\u0119p do naszych us\u0142ug, nie wolno p\u0142aci\u0107 ani ujawnia\u0107 danych karty. Je\u015bli napotkasz jakiekolwiek problemy, skontaktuj si\u0119 z naszym dzia\u0142em obs\u0142ugi klienta.<\/p><\/div>\r\n\t\t\t\t\t<\/div>\r\n\t\t\t\t<\/div><\/div>","protected":false},"excerpt":{"rendered":"","protected":false},"author":9,"featured_media":0,"parent":2100,"menu_order":0,"comment_status":"closed","ping_status":"closed","template":"templates\/template-application-platform.php","meta":{"publish_to_discourse":"","publish_post_category":"","wpdc_auto_publish_overridden":"","wpdc_topic_tags":"","wpdc_pin_topic":"","wpdc_pin_until":"","discourse_post_id":"","discourse_permalink":"","wpdc_publishing_response":"","wpdc_publishing_error":"","footnotes":""},"class_list":["post-7093","page","type-page","status-publish","hentry"],"yoast_head":"<!-- This site is optimized with the Yoast SEO plugin v25.3.1 - https:\/\/yoast.com\/wordpress\/plugins\/seo\/ -->\n<title>Kana\u0142 Twittera \u2014 dodaj aplikacj\u0119 Twitter do witryny Shopify (2025)<\/title>\n<meta name=\"description\" content=\"Utw\u00f3rz niestandardow\u0105 aplikacj\u0119 do przesy\u0142ania strumieniowego na Twitterze dla Shopify w zaledwie 90 sekund. Sprawd\u017a ca\u0142kowicie bezp\u0142atn\u0105 wersj\u0119 demonstracyjn\u0105 Elfsight, kt\u00f3ra u\u0142atwia tworzenie wid\u017cet\u00f3w.\" \/>\n<meta name=\"robots\" content=\"index, follow, max-snippet:-1, max-image-preview:large, max-video-preview:-1\" \/>\n<link rel=\"canonical\" href=\"https:\/\/elfsight.com\/pl\/twitter-feed-widget\/shopify\/\" \/>\n<meta property=\"og:locale\" content=\"pl_PL\" \/>\n<meta property=\"og:type\" content=\"article\" \/>\n<meta property=\"og:title\" content=\"Kana\u0142 Twittera \u2014 dodaj aplikacj\u0119 Twitter do witryny Shopify (2025)\" \/>\n<meta property=\"og:description\" content=\"Utw\u00f3rz niestandardow\u0105 aplikacj\u0119 do przesy\u0142ania strumieniowego na Twitterze dla Shopify w zaledwie 90 sekund. Sprawd\u017a ca\u0142kowicie bezp\u0142atn\u0105 wersj\u0119 demonstracyjn\u0105 Elfsight, kt\u00f3ra u\u0142atwia tworzenie wid\u017cet\u00f3w.\" \/>\n<meta property=\"og:url\" content=\"https:\/\/elfsight.com\/pl\/twitter-feed-widget\/shopify\/\" \/>\n<meta property=\"og:site_name\" content=\"Elfsight PL\" \/>\n<meta property=\"article:modified_time\" content=\"2025-06-20T09:36:40+00:00\" \/>\n<meta name=\"twitter:card\" content=\"summary_large_image\" \/>\n<meta name=\"twitter:label1\" content=\"Szacowany czas czytania\" \/>\n\t<meta name=\"twitter:data1\" content=\"4 minuty\" \/>\n<!-- \/ Yoast SEO plugin. -->","yoast_head_json":{"title":"Kana\u0142 Twittera \u2014 dodaj aplikacj\u0119 Twitter do witryny Shopify (2025)","description":"Utw\u00f3rz niestandardow\u0105 aplikacj\u0119 do przesy\u0142ania strumieniowego na Twitterze dla Shopify w zaledwie 90 sekund. Sprawd\u017a ca\u0142kowicie bezp\u0142atn\u0105 wersj\u0119 demonstracyjn\u0105 Elfsight, kt\u00f3ra u\u0142atwia tworzenie wid\u017cet\u00f3w.","robots":{"index":"index","follow":"follow","max-snippet":"max-snippet:-1","max-image-preview":"max-image-preview:large","max-video-preview":"max-video-preview:-1"},"canonical":"https:\/\/elfsight.com\/pl\/twitter-feed-widget\/shopify\/","og_locale":"pl_PL","og_type":"article","og_title":"Kana\u0142 Twittera \u2014 dodaj aplikacj\u0119 Twitter do witryny Shopify (2025)","og_description":"Utw\u00f3rz niestandardow\u0105 aplikacj\u0119 do przesy\u0142ania strumieniowego na Twitterze dla Shopify w zaledwie 90 sekund. Sprawd\u017a ca\u0142kowicie bezp\u0142atn\u0105 wersj\u0119 demonstracyjn\u0105 Elfsight, kt\u00f3ra u\u0142atwia tworzenie wid\u017cet\u00f3w.","og_url":"https:\/\/elfsight.com\/pl\/twitter-feed-widget\/shopify\/","og_site_name":"Elfsight PL","article_modified_time":"2025-06-20T09:36:40+00:00","twitter_card":"summary_large_image","twitter_misc":{"Szacowany czas czytania":"4 minuty"},"schema":{"@context":"https:\/\/schema.org","@graph":[{"@type":"WebPage","@id":"https:\/\/elfsight.com\/pl\/twitter-feed-widget\/shopify\/","url":"https:\/\/elfsight.com\/pl\/twitter-feed-widget\/shopify\/","name":"Kana\u0142 Twittera \u2014 dodaj aplikacj\u0119 Twitter do witryny Shopify (2025)","isPartOf":{"@id":"https:\/\/elfsight.com\/pl\/#website"},"datePublished":"1970-01-01T00:00:00+00:00","dateModified":"2025-06-20T09:36:40+00:00","description":"Utw\u00f3rz niestandardow\u0105 aplikacj\u0119 do przesy\u0142ania strumieniowego na Twitterze dla Shopify w zaledwie 90 sekund. Sprawd\u017a ca\u0142kowicie bezp\u0142atn\u0105 wersj\u0119 demonstracyjn\u0105 Elfsight, kt\u00f3ra u\u0142atwia tworzenie wid\u017cet\u00f3w.","breadcrumb":{"@id":"https:\/\/elfsight.com\/pl\/twitter-feed-widget\/shopify\/#breadcrumb"},"inLanguage":"pl-PL","potentialAction":[{"@type":"ReadAction","target":["https:\/\/elfsight.com\/pl\/twitter-feed-widget\/shopify\/"]}]},{"@type":"BreadcrumbList","@id":"https:\/\/elfsight.com\/pl\/twitter-feed-widget\/shopify\/#breadcrumb","itemListElement":[{"@type":"ListItem","position":1,"name":"Home","item":"https:\/\/elfsight.com\/pl\/"},{"@type":"ListItem","position":2,"name":"Twitter Feed","item":"https:\/\/elfsight.com\/pl\/twitter-feed-widget\/"},{"@type":"ListItem","position":3,"name":"Twitter Feed &#8211; Shopify"}]},{"@type":"WebSite","@id":"https:\/\/elfsight.com\/pl\/#website","url":"https:\/\/elfsight.com\/pl\/","name":"Elfsight PL","description":"Just another Elfsight Sites site","potentialAction":[{"@type":"SearchAction","target":{"@type":"EntryPoint","urlTemplate":"https:\/\/elfsight.com\/pl\/?s={search_term_string}"},"query-input":{"@type":"PropertyValueSpecification","valueRequired":true,"valueName":"search_term_string"}}],"inLanguage":"pl-PL"}]}},"meta_box":{"industry":"","seo_heading":"","heading":"","description":"","cta_heading":"","cta_description":"","application":"2099","h1":"Aplikacja Twitter Feed dla Shopify","h1_caption":"Osadzaj tweety ze swojego konta na Twitterze lub za pomoc\u0105 hashtagu, aby bez wysi\u0142ku informowa\u0107 odwiedzaj\u0105cych o tre\u015bciach w czasie rzeczywistym w Twojej witrynie Shopify.","application_category":[],"applications_title":"","applications_request_title":"","applications_request_button_text":"","hero_text":"","hero_video":"","hero_video_schema_markup":"","selling_points_title":"","selling_points_caption":"","selling_points":[],"selling_points_cta_text":"","features_title":"","features":"","ed_cta_examples_text":"","ed_cta_examples_hidden":"","ed_cta_demo_text":"","ed_cta_demo_hidden":"","why_caption":"","why_editor_title":"","why_editor_text":"","why_team_title":"","why_team_text":"","why_service_title":"","why_service_text":"","template_catalog_visible":"0","template_catalog_title":"","template_catalog_text":"","template_catalog_categories_visible":"","demo_title":"Utw\u00f3rz aplikacj\u0119 do obs\u0142ugi Twittera","demo_caption":"Skonfiguruj sw\u00f3j kana\u0142 na Twitterze i dodaj go do swojej witryny Shopify za darmo!","default_faq_hidden":"","app_template_category":[],"platform":"7580","template_public_id":"","codecanyon_url":"","codecanyon_item_id":"","codecanyon_price":"","pricing_caption":"","pricing_elfsight_apps_hide_column":"","pricing_elfsight_apps_url":"","pricing_codecanyon_price_caption":"","integration_category":[],"integration_request_title":"","integration_request_cta":"","integration_platform":"","integrations":[],"platform_category":[],"video_schema_markup":"","price":"od 0 USD \/ miesi\u0105c","trial":"","benefits":[{"text":"Bezp\u0142atna us\u0142uga monta\u017cu"},{"text":"Wsparcie premium"},{"text":"14-dniowa gwarancja zwrotu pieni\u0119dzy"}],"button_url":"#demo","button_target_blank":"0","button_nofollow":"0","attributes":[{"name":"Instaluje"},{"name":"Czu\u0142y"},{"name":"Kompatybilne przegl\u0105darki"}],"tags":[],"tags_disable_links":"0","hide_more_platforms":"0","video_object":"","demo_hide_cta":"0","demo_hide_cloud_options":"0","pricing_title":"","pricing":[{"pricing_icon":"cloud","pricing_title":"Elfsight Apps","pricing_title_caption":"Wersja wieloplatformowa, kt\u00f3ra dzia\u0142a na ka\u017cdej stronie internetowej","pricing_price":"od 0 USD \/ miesi\u0105c","pricing_price_caption":"zacznij od bezp\u0142atnego planu","pricing_benefits":[{"text":"Nielimitowane strony internetowe"},{"text":"Wsparcie premium"},{"text":"Bezp\u0142atna us\u0142uga monta\u017cu"},{"text":"Oferta specjalna na wiele aplikacji"}],"pricing_button_text":"Dodaj do witryny","pricing_button_url":"#demo"}],"related_apps_title":"","related_apps_hidden":"0","author":"","image":[],"title":"","job":"","social_networks":[]},"_links":{"self":[{"href":"https:\/\/elfsight.com\/pl\/wp-json\/wp\/v2\/pages\/7093","targetHints":{"allow":["GET"]}}],"collection":[{"href":"https:\/\/elfsight.com\/pl\/wp-json\/wp\/v2\/pages"}],"about":[{"href":"https:\/\/elfsight.com\/pl\/wp-json\/wp\/v2\/types\/page"}],"author":[{"embeddable":true,"href":"https:\/\/elfsight.com\/pl\/wp-json\/wp\/v2\/users\/9"}],"replies":[{"embeddable":true,"href":"https:\/\/elfsight.com\/pl\/wp-json\/wp\/v2\/comments?post=7093"}],"version-history":[{"count":2,"href":"https:\/\/elfsight.com\/pl\/wp-json\/wp\/v2\/pages\/7093\/revisions"}],"predecessor-version":[{"id":8094,"href":"https:\/\/elfsight.com\/pl\/wp-json\/wp\/v2\/pages\/7093\/revisions\/8094"}],"up":[{"embeddable":true,"href":"https:\/\/elfsight.com\/pl\/wp-json\/wp\/v2\/pages\/2100"}],"wp:attachment":[{"href":"https:\/\/elfsight.com\/pl\/wp-json\/wp\/v2\/media?parent=7093"}],"curies":[{"name":"wp","href":"https:\/\/api.w.org\/{rel}","templated":true}]}}