{"id":7088,"date":"1970-01-01T00:00:00","date_gmt":"1970-01-01T00:00:00","guid":{"rendered":"https:\/\/elfsight.com\/pl\/?page_id=7088"},"modified":"2024-11-14T12:45:26","modified_gmt":"2024-11-14T12:45:26","slug":"wordpress","status":"publish","type":"page","link":"https:\/\/elfsight.com\/pl\/twitter-feed-widget\/wordpress\/","title":{"rendered":"Twitter Feed &#8211; WordPress"},"content":{"rendered":"<div class=\"application-platform-content-item-description application-platform-content-item\" id=\"description\" data-nav-section=\"description\"><h2>Osad\u017a kana\u0142 Twittera w WordPress za pomoc\u0105 wid\u017cetu Elfsight<\/h2><p>Elfsight Twitter to dostosowywalna wtyczka, kt\u00f3ra umo\u017cliwia wprowadzenie Twittera kana\u0142 lub wybrane tweety w witrynie WordPress. Mo\u017cesz wy\u015bwietli\u0107 sw\u00f3j kana\u0142 informacyjny na Twitterze lub zaprezentowa\u0107 tweety z referencjami, kt\u00f3re pomog\u0105 zwi\u0119kszy\u0107 zaanga\u017cowanie odwiedzaj\u0105cych i wzmocni\u0107 zaufanie klient\u00f3w. To, co sprawia, \u017ce \u200b\u200bnasza wtyczka Twittera jest jedn\u0105 z najlepszych w swoim rodzaju dla ka\u017cdej witryny internetowej, to du\u017ca liczba ustawie\u0144, gotowe szablony zaprojektowane do dowolnych zastosowa\u0144 i adaptacyjny projekt.<\/p><p><b>Uzyskaj wi\u0119ksze zaanga\u017cowanie u\u017cytkownik\u00f3w i wi\u0119ksze zaufanie do swojej witryny<\/b><\/p><ul><li><b>Zatrzymaj odwiedzaj\u0105cych na stronie na d\u0142u\u017cej<\/b>.<br>Zatrzymaj odwiedzaj\u0105cych na stronie na d\u0142u\u017cszy czas.<\/li><li><b>Wsp\u00f3lnie promuj sw\u00f3j Twitter i witryn\u0119<\/b>.<br>Twoja witryna internetowa jest dodatkowym narz\u0119dziem promocji Twojego konta na Twitterze, z retweetami i odpowiedziami obs\u0142ugiwanymi ze strony; podczas gdy lepsze zaanga\u017cowanie i dow\u00f3d spo\u0142eczny na stronie poprawiaj\u0105 wyniki SEO.<\/li><li><b>Zwi\u0119ksz zaufanie za pomoc\u0105 opinii klient\u00f3w z Twittera<\/b>.<br>Wybierz najlepsze opinie klient\u00f3w na temat swojej firmy z Twitterze i poka\u017c je na swojej stronie, aby wzmocni\u0107 zaufanie do swojej firmy i sprawi\u0107, \u017ce Twoje produkty b\u0119d\u0105 wygl\u0105da\u0107 kusz\u0105co.<\/li><\/ul><\/div><div class=\"application-platform-content-item-features application-platform-content-item\" id=\"features\" data-nav-section=\"features\"><h2>G\u0142\u00f3wne funkcje wid\u017cetu Twitter Feed <\/h2><p>G\u0142\u00f3wne cechy wtyczki Elfsight Twitter, dzi\u0119ki kt\u00f3rym pozostaje ona najlepszym narz\u0119dziem WordPress do osadzania Twittera.<\/p><ul><li>Typ prezentacji Kana\u0142 lub Referencje;<\/li><li>Ukryj nag\u0142\u00f3wek, aby wy\u015bwietli\u0107 tylko tweety;<\/li><li>\u0141adne linki podgl\u0105du w tweetach;<\/li><li>Pami\u0119\u0107 podr\u0119czna danych przegl\u0105darki &#8211; szybsze \u0142adowanie dzi\u0119ki wid\u017cetom na kilku stronach;<\/li><li>Automatyczny kana\u0142 kolorowanie za pomoc\u0105 koloru motywu ze swojego konta na Twitterze.<\/li><\/ul><p><a href=\"#demo\">Zobacz wszystkie opcje w wersji demonstracyjnej Elfsight<\/a><\/p><\/div><div class=\"application-platform-content-item-installation application-platform-content-item\" id=\"installation\" data-nav-section=\"installation\"><h2>Jak osadzi\u0107 kana\u0142 Twittera w witrynie WordPress<\/h2><div class=\"video-container\"><iframe width=\"720\" height=\"405\" src=\"https:\/\/www.youtube.com\/embed\/OyUx7mlBDKY\" frameborder=\"0\" allowfullscreen=\"\"><\/iframe><\/div><p>Wystarczy wykona\u0107 kilka krok\u00f3w przedstawionych poni\u017cej, aby doda\u0107 wtyczk\u0119 do WordPressa.<\/p> <ol><li><b>Zarz\u0105dzaj nasz\u0105 bezp\u0142atn\u0105 wersj\u0105 demonstracyjn\u0105 i zacznij budowa\u0107 sw\u00f3j spersonalizowany instrument. <\/b><br> Wybierz wybran\u0105 form\u0119 i opcje wtyczki i zapisz zmiany. <\/li> <li><b>Zdob\u0105d\u017a sw\u00f3j unikalny kod pojawiaj\u0105cy si\u0119 w oknie aplikacji Elfsight. <\/b><br> Zaraz po zako\u0144czeniu konfiguracji wtyczki Twittera skopiuj indywidualny kod z wy\u015bwietlonego wyskakuj\u0105cego okienka i zapisz go do wykorzystania w przysz\u0142o\u015bci. <\/li> <li><b>Rozpocznij korzystanie z widgetu na swojej stronie WordPress. <\/b><br> Dodaj kod zapisany wcze\u015bniej na swojej stronie i zastosuj zmiany. <\/li> <li><b>Gotowe! Konfiguracja zosta\u0142a ca\u0142kowicie zako\u0144czona. <\/b><br> Przejd\u017a na swoj\u0105 stron\u0119 i zobacz, jak dzia\u0142a widget. <\/li><\/ol> <p>Nie uda\u0142o Ci si\u0119 zaprojektowa\u0107 lub doda\u0107 wtyczki do swojej witryny? Zapoznaj si\u0119 z naszym <a href=\"https:\/\/elfsight.com\/tutorials\/how-to-add-twitter-feed-plugin-to-wordpress\/\" target=\"_blank\" rel=\"noopener noreferrer\">obszerny podr\u0119cznik<\/a> lub zwr\u00f3\u0107 si\u0119 do naszego zespo\u0142u pomocy.<\/p><\/div><div class=\"faq\" data-component=\"FAQ\"><div class=\"faq-item\">\r\n\t\t\t\t\t<div class=\"faq-item-question\">\r\n\t\t\t\t\t\t<h3 class=\"faq-item-question-text\">Jak mog\u0119 doda\u0107 kana\u0142 Twitter do mojej witryny WordPress?<\/h3>\r\n\r\n\t\t\t\t\t\t<div class=\"faq-item-question-icon\"><\/div>\r\n\t\t\t\t\t<\/div>\r\n\r\n\t\t\t\t\t<div class=\"faq-item-answer\">\r\n\t\t\t\t\t\t<div class=\"faq-item-answer-text\"><p>Tworzenie wid\u017cetu odbywa si\u0119 w witrynie Elfsight i nie ma potrzeby uczenia si\u0119 kodowania. Skorzystaj z naszego demo online, aby stworzy\u0107 w\u0142asne narz\u0119dzie, zdob\u0105d\u017a kod i zaimplementuj go na swojej stronie internetowej. <\/p><\/div>\r\n\t\t\t\t\t<\/div>\r\n\t\t\t\t<\/div><div class=\"faq-item\">\r\n\t\t\t\t\t<div class=\"faq-item-question\">\r\n\t\t\t\t\t\t<h3 class=\"faq-item-question-text\">W jaki spos\u00f3b mog\u0119 uzyska\u0107 kana\u0142 hashtagowy Twittera lub siatk\u0119 za pomoc\u0105 wtyczek Elfsight?<\/h3>\r\n\r\n\t\t\t\t\t\t<div class=\"faq-item-question-icon\"><\/div>\r\n\t\t\t\t\t<\/div>\r\n\r\n\t\t\t\t\t<div class=\"faq-item-answer\">\r\n\t\t\t\t\t\t<div class=\"faq-item-answer-text\"><p>Masz do dyspozycji mn\u00f3stwo szablon\u00f3w: siatka, kana\u0142, galeria, mur, lista i wiele innych, z mo\u017cliwo\u015bci\u0105 dostosowania uk\u0142adu w celu dostosowania go do warunk\u00f3w. Mo\u017cesz stworzy\u0107 prawie ka\u017cde narz\u0119dzie, kt\u00f3rego Ci brakuje. <\/p><\/div>\r\n\t\t\t\t\t<\/div>\r\n\t\t\t\t<\/div><div class=\"faq-item\">\r\n\t\t\t\t\t<div class=\"faq-item-question\">\r\n\t\t\t\t\t\t<h3 class=\"faq-item-question-text\">M\u00f3j kana\u0142 WordPress na Twitterze nie dzia\u0142a\/nie aktualizuje si\u0119<\/h3>\r\n\r\n\t\t\t\t\t\t<div class=\"faq-item-question-icon\"><\/div>\r\n\t\t\t\t\t<\/div>\r\n\r\n\t\t\t\t\t<div class=\"faq-item-answer\">\r\n\t\t\t\t\t\t<div class=\"faq-item-answer-text\"><p>Gdy tylko pojawi\u0105 si\u0119 jakiekolwiek problemy z wid\u017cetami WordPress, skontaktuj si\u0119 z obs\u0142ug\u0105 klienta. Wszelka pomoc jest ca\u0142kowicie bezp\u0142atna dla wszystkich klient\u00f3w Elfsight. <\/p><\/div>\r\n\t\t\t\t\t<\/div>\r\n\t\t\t\t<\/div><\/div>","protected":false},"excerpt":{"rendered":"","protected":false},"author":9,"featured_media":0,"parent":2100,"menu_order":0,"comment_status":"closed","ping_status":"closed","template":"templates\/template-application-platform.php","meta":{"publish_to_discourse":"","publish_post_category":"","wpdc_auto_publish_overridden":"","wpdc_topic_tags":"","wpdc_pin_topic":"","wpdc_pin_until":"","discourse_post_id":"","discourse_permalink":"","wpdc_publishing_response":"","wpdc_publishing_error":"","footnotes":""},"class_list":["post-7088","page","type-page","status-publish","hentry"],"yoast_head":"<!-- This site is optimized with the Yoast SEO plugin v25.3.1 - https:\/\/yoast.com\/wordpress\/plugins\/seo\/ -->\n<title>Najlepsza wtyczka Twitter Feed dla witryny WordPress (2025)<\/title>\n<meta name=\"description\" content=\"Wygeneruj spersonalizowan\u0105 wtyczk\u0119 WordPress na Twitterze w ci\u0105gu minuty. Darmowe demo, pomoc w konfiguracji i wi\u0119cej korzy\u015bci z Elfsight s\u0105 wliczone w cen\u0119!\" \/>\n<meta name=\"robots\" content=\"index, follow, max-snippet:-1, max-image-preview:large, max-video-preview:-1\" \/>\n<link rel=\"canonical\" href=\"https:\/\/elfsight.com\/pl\/twitter-feed-widget\/wordpress\/\" \/>\n<meta property=\"og:locale\" content=\"pl_PL\" \/>\n<meta property=\"og:type\" content=\"article\" \/>\n<meta property=\"og:title\" content=\"Najlepsza wtyczka Twitter Feed dla witryny WordPress (2025)\" \/>\n<meta property=\"og:description\" content=\"Wygeneruj spersonalizowan\u0105 wtyczk\u0119 WordPress na Twitterze w ci\u0105gu minuty. Darmowe demo, pomoc w konfiguracji i wi\u0119cej korzy\u015bci z Elfsight s\u0105 wliczone w cen\u0119!\" \/>\n<meta property=\"og:url\" content=\"https:\/\/elfsight.com\/pl\/twitter-feed-widget\/wordpress\/\" \/>\n<meta property=\"og:site_name\" content=\"Elfsight PL\" \/>\n<meta property=\"article:modified_time\" content=\"2024-11-14T12:45:26+00:00\" \/>\n<meta name=\"twitter:card\" content=\"summary_large_image\" \/>\n<meta name=\"twitter:label1\" content=\"Szacowany czas czytania\" \/>\n\t<meta name=\"twitter:data1\" content=\"3 minuty\" \/>\n<!-- \/ Yoast SEO plugin. -->","yoast_head_json":{"title":"Najlepsza wtyczka Twitter Feed dla witryny WordPress (2025)","description":"Wygeneruj spersonalizowan\u0105 wtyczk\u0119 WordPress na Twitterze w ci\u0105gu minuty. Darmowe demo, pomoc w konfiguracji i wi\u0119cej korzy\u015bci z Elfsight s\u0105 wliczone w cen\u0119!","robots":{"index":"index","follow":"follow","max-snippet":"max-snippet:-1","max-image-preview":"max-image-preview:large","max-video-preview":"max-video-preview:-1"},"canonical":"https:\/\/elfsight.com\/pl\/twitter-feed-widget\/wordpress\/","og_locale":"pl_PL","og_type":"article","og_title":"Najlepsza wtyczka Twitter Feed dla witryny WordPress (2025)","og_description":"Wygeneruj spersonalizowan\u0105 wtyczk\u0119 WordPress na Twitterze w ci\u0105gu minuty. Darmowe demo, pomoc w konfiguracji i wi\u0119cej korzy\u015bci z Elfsight s\u0105 wliczone w cen\u0119!","og_url":"https:\/\/elfsight.com\/pl\/twitter-feed-widget\/wordpress\/","og_site_name":"Elfsight PL","article_modified_time":"2024-11-14T12:45:26+00:00","twitter_card":"summary_large_image","twitter_misc":{"Szacowany czas czytania":"3 minuty"},"schema":{"@context":"https:\/\/schema.org","@graph":[{"@type":"WebPage","@id":"https:\/\/elfsight.com\/pl\/twitter-feed-widget\/wordpress\/","url":"https:\/\/elfsight.com\/pl\/twitter-feed-widget\/wordpress\/","name":"Najlepsza wtyczka Twitter Feed dla witryny WordPress (2025)","isPartOf":{"@id":"https:\/\/elfsight.com\/pl\/#website"},"datePublished":"1970-01-01T00:00:00+00:00","dateModified":"2024-11-14T12:45:26+00:00","description":"Wygeneruj spersonalizowan\u0105 wtyczk\u0119 WordPress na Twitterze w ci\u0105gu minuty. Darmowe demo, pomoc w konfiguracji i wi\u0119cej korzy\u015bci z Elfsight s\u0105 wliczone w cen\u0119!","breadcrumb":{"@id":"https:\/\/elfsight.com\/pl\/twitter-feed-widget\/wordpress\/#breadcrumb"},"inLanguage":"pl-PL","potentialAction":[{"@type":"ReadAction","target":["https:\/\/elfsight.com\/pl\/twitter-feed-widget\/wordpress\/"]}]},{"@type":"BreadcrumbList","@id":"https:\/\/elfsight.com\/pl\/twitter-feed-widget\/wordpress\/#breadcrumb","itemListElement":[{"@type":"ListItem","position":1,"name":"Home","item":"https:\/\/elfsight.com\/pl\/"},{"@type":"ListItem","position":2,"name":"Twitter Feed","item":"https:\/\/elfsight.com\/pl\/twitter-feed-widget\/"},{"@type":"ListItem","position":3,"name":"Twitter Feed &#8211; WordPress"}]},{"@type":"WebSite","@id":"https:\/\/elfsight.com\/pl\/#website","url":"https:\/\/elfsight.com\/pl\/","name":"Elfsight PL","description":"Just another Elfsight Sites site","potentialAction":[{"@type":"SearchAction","target":{"@type":"EntryPoint","urlTemplate":"https:\/\/elfsight.com\/pl\/?s={search_term_string}"},"query-input":{"@type":"PropertyValueSpecification","valueRequired":true,"valueName":"search_term_string"}}],"inLanguage":"pl-PL"}]}},"meta_box":{"industry":"","seo_heading":"","heading":"","description":"","cta_heading":"","cta_description":"","application":"2099","h1":"Wtyczka WordPress na Twitterze","h1_caption":"Osadzaj tweety ze swojego konta na Twitterze lub za pomoc\u0105 hashtagu, aby bez wysi\u0142ku informowa\u0107 odwiedzaj\u0105cych o tre\u015bciach w czasie rzeczywistym w Twojej witrynie WordPress.","application_category":[],"applications_title":"","applications_request_title":"","applications_request_button_text":"","hero_text":"","hero_video":"","hero_video_schema_markup":"","selling_points_title":"","selling_points_caption":"","selling_points":[],"selling_points_cta_text":"","features_title":"","features":"","ed_cta_examples_text":"","ed_cta_examples_hidden":"","ed_cta_demo_text":"","ed_cta_demo_hidden":"","why_caption":"","why_editor_title":"","why_editor_text":"","why_team_title":"","why_team_text":"","why_service_title":"","why_service_text":"","template_catalog_visible":"","template_catalog_title":"","template_catalog_text":"","template_catalog_categories_visible":"","demo_title":"Utw\u00f3rz wtyczk\u0119 kana\u0142u Twitter","demo_caption":"Skonfiguruj sw\u00f3j kana\u0142 na Twitterze i dodaj go do swojej witryny WordPress za darmo!","default_faq_hidden":"","app_template_category":[],"platform":"31","template_public_id":"","codecanyon_url":"","codecanyon_item_id":"","codecanyon_price":"","pricing_caption":"","pricing_elfsight_apps_hide_column":"","pricing_elfsight_apps_url":"","pricing_codecanyon_price_caption":"","integration_category":[],"integration_request_title":"","integration_request_cta":"","integration_platform":"","integrations":[],"platform_category":[],"video_schema_markup":"","price":"od 0 USD \/ miesi\u0105c","trial":"","benefits":[{"text":"Bezp\u0142atna pomoc w monta\u017cu"},{"text":"Profesjonalna obs\u0142uga klienta"},{"text":"14-dniowa gwarancja zwrotu pieni\u0119dzy"}],"button_url":"#demo","button_target_blank":"","button_nofollow":"","attributes":[{"name":"Instaluje"},{"name":"Czu\u0142y"},{"name":"Kompatybilne przegl\u0105darki"}],"tags":[],"tags_disable_links":"","hide_more_platforms":"","video_object":"","demo_hide_cta":"","demo_hide_cloud_options":"","pricing_title":"","pricing":[{"pricing_icon":"platform","pricing_title":"Elfsight Apps","pricing_title_caption":"Wersja wieloplatformowa, kt\u00f3ra dzia\u0142a na dowolnej witrynie","pricing_price":"od 0 USD \/ miesi\u0105c","pricing_price_caption":"zacznij od bezp\u0142atnego planu","pricing_benefits":[{"text":"Nielimitowane domeny"},{"text":"Wsparcie premium"},{"text":"Bezp\u0142atna pomoc w monta\u017cu"},{"text":"Specjalna cena za wiele aplikacji"}],"pricing_button_text":"Dodaj do witryny","pricing_button_url":"#demo"}],"related_apps_title":"","related_apps_hidden":"","author":"","image":[],"title":"","job":"","social_networks":[]},"_links":{"self":[{"href":"https:\/\/elfsight.com\/pl\/wp-json\/wp\/v2\/pages\/7088","targetHints":{"allow":["GET"]}}],"collection":[{"href":"https:\/\/elfsight.com\/pl\/wp-json\/wp\/v2\/pages"}],"about":[{"href":"https:\/\/elfsight.com\/pl\/wp-json\/wp\/v2\/types\/page"}],"author":[{"embeddable":true,"href":"https:\/\/elfsight.com\/pl\/wp-json\/wp\/v2\/users\/9"}],"replies":[{"embeddable":true,"href":"https:\/\/elfsight.com\/pl\/wp-json\/wp\/v2\/comments?post=7088"}],"version-history":[{"count":2,"href":"https:\/\/elfsight.com\/pl\/wp-json\/wp\/v2\/pages\/7088\/revisions"}],"predecessor-version":[{"id":8093,"href":"https:\/\/elfsight.com\/pl\/wp-json\/wp\/v2\/pages\/7088\/revisions\/8093"}],"up":[{"embeddable":true,"href":"https:\/\/elfsight.com\/pl\/wp-json\/wp\/v2\/pages\/2100"}],"wp:attachment":[{"href":"https:\/\/elfsight.com\/pl\/wp-json\/wp\/v2\/media?parent=7088"}],"curies":[{"name":"wp","href":"https:\/\/api.w.org\/{rel}","templated":true}]}}