{"id":7087,"date":"2024-05-03T06:52:50","date_gmt":"2024-05-03T06:52:50","guid":{"rendered":"https:\/\/elfsight.com\/pl\/?page_id=7087"},"modified":"2024-11-14T12:45:26","modified_gmt":"2024-11-14T12:45:26","slug":"weebly","status":"publish","type":"page","link":"https:\/\/elfsight.com\/pl\/twitter-feed-widget\/weebly\/","title":{"rendered":"Twitter Feed &#8211; Weebly"},"content":{"rendered":"<div class=\"application-platform-content-item-description application-platform-content-item\" id=\"description\" data-nav-section=\"description\"><h2>Opis<\/h2><p>Dzi\u0119ki kana\u0142owi Elfsight na Twitterze osadzenie kana\u0142u Twittera lub wybranych tweet\u00f3w w Weebly jest maksymalnie proste strona. Zwi\u0119kszaj aktywno\u015b\u0107 u\u017cytkownik\u00f3w i zwi\u0119kszaj zaufanie klient\u00f3w do swojej firmy, ujawniaj\u0105c swoj\u0105 o\u015b czasu na Twitterze lub chwal\u0105c si\u0119 opiniami u\u017cytkownik\u00f3w na Twitterze na temat Twoich produkt\u00f3w lub us\u0142ug. Najcenniejsze zalety Elfsight Twitter dla witryny internetowej to predefiniowane szablony do dowolnych zastosowa\u0144 i r\u00f3\u017cnorodne opcje ustawie\u0144 wraz z mo\u017cliwo\u015bci\u0105 dostosowania projektu.<\/p><p><b>Podnie\u015b poziom zaanga\u017cowania swojej witryny i uczy\u0144 j\u0105 wiarygodn\u0105 dla swoich odwiedzaj\u0105cy<\/b><\/p><ul><li><b>Zwi\u0119ksz wsp\u00f3\u0142czynnik zaanga\u017cowania<\/b>.<br>Umie\u015b\u0107 w swojej witrynie \u017cywe i \u015bwie\u017ce tre\u015bci z jednego z najcz\u0119\u015bciej u\u017cywanych medi\u00f3w spo\u0142eczno\u015bciowych, aby przyci\u0105gn\u0105\u0107 klient\u00f3w uwaga. Zwi\u0119ksz poziom aktywno\u015bci na swojej stronie.<\/li><li><b>Promuj jednocze\u015bnie sw\u00f3j Twitter i witryn\u0119<\/b>.<br>Twoja witryna to kolejny spos\u00f3b na promocj\u0119 konta na Twitterze dzi\u0119ki retweetom i odpowiadanie obs\u0142ugiwane z kana\u0142u; podczas gdy wi\u0119ksze zaanga\u017cowanie i dow\u00f3d spo\u0142eczny na stronie przyczyniaj\u0105 si\u0119 do lepszych wynik\u00f3w SEO.<\/li><li><b>Zwi\u0119ksz zaufanie klient\u00f3w, korzystaj\u0105c z tweet\u00f3w z referencjami<\/b>.<br>Zbieraj najlepsze opinie klient\u00f3w na temat swojej firmy z Twittera i zaprezentuj je na swojej stronie, aby zwi\u0119kszy\u0107 zaufanie klient\u00f3w i sprawi\u0107, \u017ce Twoje produkty i us\u0142ugi b\u0119d\u0105 wygl\u0105da\u0107 atrakcyjnie dla u\u017cytkownik\u00f3w.<\/li><\/ul><\/div><div class=\"application-platform-content-item-features application-platform-content-item\" id=\"features\" data-nav-section=\"features\"><h2>Funkcje<\/h2><p>Dlaczego nasza aplikacja jest najlepszym z wysokiej jako\u015bci wid\u017cet\u00f3w Weebly? Zobacz nasze g\u0142\u00f3wne cechy:<\/p><ul><li>Utw\u00f3rz kana\u0142 z tweetami z referencjami na temat Twojej firmy;<\/li><li>Wybierz pe\u0142ny lub kompaktowy uk\u0142ad nag\u0142\u00f3wka;<\/li><li>Skopiuj link do tweet\u00f3w ;<\/li><li>Limit wy\u015bwietlania tweet\u00f3w w kanale;<\/li><li>Ustaw niestandardowy kolor motywu wid\u017cetu.<\/li><\/ul><p><a href=\"#demo\">Wypr\u00f3buj wi\u0119cej funkcji w bezp\u0142atnej wersji demonstracyjnej<\/a><\/p><\/div><div class=\"application-platform-content-item-installation application-platform-content-item\" id=\"installation\" data-nav-section=\"installation\"><h2>Jak doda\u0107 kana\u0142 Twittera do witryny Weebly<\/h2><div class=\"video-container \"><iframe width=\"720\" height=\"405\" src=\"https:\/\/www.youtube.com\/embed\/04ECDy9Ii88\" frameborder=\"0\" allowfullscreen=\"\"><\/iframe><\/div><p>Nasza aplikacja jest najprostsza w konfiguracji i nie wymaga do tego wiedzy programistycznej. Na wykonanie instrukcji potrzebujesz tylko 2 minut.<\/p><ol><li><b>Skorzystaj z naszej bezp\u0142atnej wersji demonstracyjnej i zacznij tworzy\u0107 w\u0142asn\u0105 aplikacj\u0119. <\/b><br> Okre\u015bl odpowiedni wygl\u0105d i cechy funkcjonalne aplikacji i zastosuj wszystkie poprawki. <\/li> <li><b>Skopiuj sw\u00f3j unikalny kod, kt\u00f3ry pojawia si\u0119 w specjalnym formularzu w aplikacjach Elfsight. <\/b><br> Po zako\u0144czeniu generowania aplikacji skopiuj indywidualny kod w wy\u015bwietlonym oknie i zachowaj go do wykorzystania w przysz\u0142o\u015bci. <\/li> <li><b>Rozpocznij korzystanie z aplikacji w witrynie Weebly. <\/b><br> Zaimplementuj skopiowany wcze\u015bniej kod na swojej stronie internetowej i zapisz zmiany. <\/li> <li><b>Konfiguracja zosta\u0142a w pe\u0142ni przeprowadzona. <\/b><br> Odwied\u017a swoj\u0105 witryn\u0119, aby sprawdzi\u0107 dzia\u0142anie aplikacji. <\/li><\/ol><p>Masz problemy z osadzaniem lub personalizacj\u0105 aplikacji? Wy\u015blij wiadomo\u015b\u0107 do naszego wsparcia lub przeczytaj <a href=\"https:\/\/elfsight.com\/tutorials\/how-to-add-twitter-feed-app-to-weebly\/\" target=\"_blank\" rel=\"noopener noreferrer\">obszerna instrukcja<\/a>.<\/p><\/div><div class=\"faq\" data-component=\"FAQ\"><div class=\"faq-item\">\r\n\t\t\t\t\t<div class=\"faq-item-question\">\r\n\t\t\t\t\t\t<h3 class=\"faq-item-question-text\">Jak doda\u0107 kana\u0142 Twittera do mojego Weebly bez kodowania umiej\u0119tno\u015bci?<\/h3>\r\n\r\n\t\t\t\t\t\t<div class=\"faq-item-question-icon\"><\/div>\r\n\t\t\t\t\t<\/div>\r\n\r\n\t\t\t\t\t<div class=\"faq-item-answer\">\r\n\t\t\t\t\t\t<div class=\"faq-item-answer-text\"><p>Firma Elfsight zapewnia rozwi\u0105zanie, kt\u00f3re umo\u017cliwia samodzielne utworzenie wtyczki Twitter Feed, zobacz prosty przewodnik:<\/p><ul><li>Rozpocznij prac\u0119 bezpo\u015brednio w wersji demonstracyjnej na \u017cywo, aby utworzy\u0107 aplikacj\u0119 Twitter Feed chcesz pojawi\u0107 si\u0119 na stronie g\u0142\u00f3wnej Weebly.<\/li><li>Wybierz jeden z gotowych szablon\u00f3w i zmie\u0144 ustawienia kana\u0142u Twitter, zmie\u0144 uk\u0142ad i kolorystyk\u0119, do\u0142\u0105cz swoje tre\u015bci bez znajomo\u015bci kodowania.<\/li><li>Zapisz kana\u0142 Twittera i skopiuj kod instalacyjny wtyczki, kt\u00f3ry mo\u017cna \u0142atwo doda\u0107 na stronie g\u0142\u00f3wnej Weebly bez konieczno\u015bci zakupu p\u0142atnej subskrypcji.<\/li><\/ul><p>Dzi\u0119ki naszemu przyjaznemu dla u\u017cytkownika edytorowi ka\u017cdy u\u017cytkownik sieci mo\u017ce utworzy\u0107 kana\u0142 Twittera widget i po prostu umie\u015b\u0107 go na swojej stronie internetowej Weebly. Aby skorzysta\u0107 z us\u0142ugi, nie jest wymagana p\u0142atno\u015b\u0107 ani podanie danych karty. Je\u015bli napotkasz jakiekolwiek problemy, nie wahaj si\u0119 porozmawia\u0107 z naszym personelem pomocy.<\/p><\/div>\r\n\t\t\t\t\t<\/div>\r\n\t\t\t\t<\/div><\/div>","protected":false},"excerpt":{"rendered":"","protected":false},"author":9,"featured_media":0,"parent":2100,"menu_order":0,"comment_status":"closed","ping_status":"closed","template":"templates\/template-application-platform.php","meta":{"publish_to_discourse":"","publish_post_category":"","wpdc_auto_publish_overridden":"","wpdc_topic_tags":"","wpdc_pin_topic":"","wpdc_pin_until":"","discourse_post_id":"","discourse_permalink":"","wpdc_publishing_response":"","wpdc_publishing_error":"","footnotes":""},"class_list":["post-7087","page","type-page","status-publish","hentry"],"yoast_head":"<!-- This site is optimized with the Yoast SEO plugin v25.3.1 - https:\/\/yoast.com\/wordpress\/plugins\/seo\/ -->\n<title>Najlepszy wid\u017cet Twitter Feed do witryny Weebly (2025)<\/title>\n<meta name=\"description\" content=\"Wypr\u00f3buj za darmo najlepszy wid\u017cet Twitter Feed dla Weebly. Nieskomplikowana i szybka instalacja bez do\u015bwiadczenia w tworzeniu stron internetowych w zaledwie 3 minuty.\" \/>\n<meta name=\"robots\" content=\"index, follow, max-snippet:-1, max-image-preview:large, max-video-preview:-1\" \/>\n<link rel=\"canonical\" href=\"https:\/\/elfsight.com\/pl\/twitter-feed-widget\/weebly\/\" \/>\n<meta property=\"og:locale\" content=\"pl_PL\" \/>\n<meta property=\"og:type\" content=\"article\" \/>\n<meta property=\"og:title\" content=\"Najlepszy wid\u017cet Twitter Feed do witryny Weebly (2025)\" \/>\n<meta property=\"og:description\" content=\"Wypr\u00f3buj za darmo najlepszy wid\u017cet Twitter Feed dla Weebly. Nieskomplikowana i szybka instalacja bez do\u015bwiadczenia w tworzeniu stron internetowych w zaledwie 3 minuty.\" \/>\n<meta property=\"og:url\" content=\"https:\/\/elfsight.com\/pl\/twitter-feed-widget\/weebly\/\" \/>\n<meta property=\"og:site_name\" content=\"Elfsight PL\" \/>\n<meta property=\"article:modified_time\" content=\"2024-11-14T12:45:26+00:00\" \/>\n<meta name=\"twitter:card\" content=\"summary_large_image\" \/>\n<meta name=\"twitter:label1\" content=\"Szacowany czas czytania\" \/>\n\t<meta name=\"twitter:data1\" content=\"4 minuty\" \/>\n<!-- \/ Yoast SEO plugin. -->","yoast_head_json":{"title":"Najlepszy wid\u017cet Twitter Feed do witryny Weebly (2025)","description":"Wypr\u00f3buj za darmo najlepszy wid\u017cet Twitter Feed dla Weebly. Nieskomplikowana i szybka instalacja bez do\u015bwiadczenia w tworzeniu stron internetowych w zaledwie 3 minuty.","robots":{"index":"index","follow":"follow","max-snippet":"max-snippet:-1","max-image-preview":"max-image-preview:large","max-video-preview":"max-video-preview:-1"},"canonical":"https:\/\/elfsight.com\/pl\/twitter-feed-widget\/weebly\/","og_locale":"pl_PL","og_type":"article","og_title":"Najlepszy wid\u017cet Twitter Feed do witryny Weebly (2025)","og_description":"Wypr\u00f3buj za darmo najlepszy wid\u017cet Twitter Feed dla Weebly. Nieskomplikowana i szybka instalacja bez do\u015bwiadczenia w tworzeniu stron internetowych w zaledwie 3 minuty.","og_url":"https:\/\/elfsight.com\/pl\/twitter-feed-widget\/weebly\/","og_site_name":"Elfsight PL","article_modified_time":"2024-11-14T12:45:26+00:00","twitter_card":"summary_large_image","twitter_misc":{"Szacowany czas czytania":"4 minuty"},"schema":{"@context":"https:\/\/schema.org","@graph":[{"@type":"WebPage","@id":"https:\/\/elfsight.com\/pl\/twitter-feed-widget\/weebly\/","url":"https:\/\/elfsight.com\/pl\/twitter-feed-widget\/weebly\/","name":"Najlepszy wid\u017cet Twitter Feed do witryny Weebly (2025)","isPartOf":{"@id":"https:\/\/elfsight.com\/pl\/#website"},"datePublished":"2024-05-03T06:52:50+00:00","dateModified":"2024-11-14T12:45:26+00:00","description":"Wypr\u00f3buj za darmo najlepszy wid\u017cet Twitter Feed dla Weebly. Nieskomplikowana i szybka instalacja bez do\u015bwiadczenia w tworzeniu stron internetowych w zaledwie 3 minuty.","breadcrumb":{"@id":"https:\/\/elfsight.com\/pl\/twitter-feed-widget\/weebly\/#breadcrumb"},"inLanguage":"pl-PL","potentialAction":[{"@type":"ReadAction","target":["https:\/\/elfsight.com\/pl\/twitter-feed-widget\/weebly\/"]}]},{"@type":"BreadcrumbList","@id":"https:\/\/elfsight.com\/pl\/twitter-feed-widget\/weebly\/#breadcrumb","itemListElement":[{"@type":"ListItem","position":1,"name":"Home","item":"https:\/\/elfsight.com\/pl\/"},{"@type":"ListItem","position":2,"name":"Twitter Feed","item":"https:\/\/elfsight.com\/pl\/twitter-feed-widget\/"},{"@type":"ListItem","position":3,"name":"Twitter Feed &#8211; Weebly"}]},{"@type":"WebSite","@id":"https:\/\/elfsight.com\/pl\/#website","url":"https:\/\/elfsight.com\/pl\/","name":"Elfsight PL","description":"Just another Elfsight Sites site","potentialAction":[{"@type":"SearchAction","target":{"@type":"EntryPoint","urlTemplate":"https:\/\/elfsight.com\/pl\/?s={search_term_string}"},"query-input":{"@type":"PropertyValueSpecification","valueRequired":true,"valueName":"search_term_string"}}],"inLanguage":"pl-PL"}]}},"meta_box":{"industry":"","seo_heading":"","heading":"","description":"","cta_heading":"","cta_description":"","application":"2099","h1":"Aplikacja Weebly na Twitterze","h1_caption":"Osadzaj tweety ze swojego konta na Twitterze lub za pomoc\u0105 hashtagu, aby bez wysi\u0142ku informowa\u0107 odwiedzaj\u0105cych o tre\u015bciach w czasie rzeczywistym w Twojej witrynie Weebly.","application_category":[],"applications_title":"","applications_request_title":"","applications_request_button_text":"","hero_text":"","hero_video":"","hero_video_schema_markup":"","selling_points_title":"","selling_points_caption":"","selling_points":[],"selling_points_cta_text":"","features_title":"","features":"","ed_cta_examples_text":"","ed_cta_examples_hidden":"","ed_cta_demo_text":"","ed_cta_demo_hidden":"","why_caption":"","why_editor_title":"","why_editor_text":"","why_team_title":"","why_team_text":"","why_service_title":"","why_service_text":"","template_catalog_visible":"","template_catalog_title":"","template_catalog_text":"","template_catalog_categories_visible":"","demo_title":"Utw\u00f3rz aplikacj\u0119 do obs\u0142ugi Twittera","demo_caption":"Skonfiguruj sw\u00f3j kana\u0142 na Twitterze i dodaj go do swojej witryny Weebly za darmo!","default_faq_hidden":"","app_template_category":[],"platform":"132","template_public_id":"","codecanyon_url":"","codecanyon_item_id":"","codecanyon_price":"","pricing_caption":"","pricing_elfsight_apps_hide_column":"","pricing_elfsight_apps_url":"","pricing_codecanyon_price_caption":"","integration_category":[],"integration_request_title":"","integration_request_cta":"","integration_platform":"","integrations":[],"platform_category":[],"video_schema_markup":"","price":"od 0 USD \/ miesi\u0105c","trial":"","benefits":[{"text":"Bezp\u0142atna pomoc w monta\u017cu"},{"text":"Do\u015bwiadczona obs\u0142uga klienta"},{"text":"14-dniowa gwarancja zwrotu pieni\u0119dzy"},{"text":"Ci\u0105g\u0142y rozw\u00f3j"}],"button_url":"#demo","button_target_blank":"0","button_nofollow":"0","attributes":[{"name":"Instaluje","content":"10,000 - 100,000"},{"name":"Czu\u0142y","content":"Tak"},{"name":"Kompatybilne przegl\u0105darki","content":"Firefox, Safari, Opera, Chrome, Edge"}],"tags":[],"tags_disable_links":"0","hide_more_platforms":"","video_object":"","demo_hide_cta":"0","demo_hide_cloud_options":"0","pricing_title":"","pricing":[{"pricing_icon":"cloud","pricing_title":"Elfsight Apps","pricing_title_caption":"Wersja wieloplatformowa","pricing_price":"od 0 USD \/ miesi\u0105c","pricing_price_caption":"zacznij od bezp\u0142atnego planu","pricing_benefits":[{"text":"Nielimitowane domeny"},{"text":"Profesjonalne wsparcie firmy"},{"text":"Bezp\u0142atna pomoc w monta\u017cu"},{"text":"Specjalna cena za wiele aplikacji"}],"pricing_button_text":"Dodaj do witryny","pricing_button_url":"#demo"}],"related_apps_title":"","related_apps_hidden":"0","author":"","image":[],"title":"","job":"","social_networks":[]},"_links":{"self":[{"href":"https:\/\/elfsight.com\/pl\/wp-json\/wp\/v2\/pages\/7087","targetHints":{"allow":["GET"]}}],"collection":[{"href":"https:\/\/elfsight.com\/pl\/wp-json\/wp\/v2\/pages"}],"about":[{"href":"https:\/\/elfsight.com\/pl\/wp-json\/wp\/v2\/types\/page"}],"author":[{"embeddable":true,"href":"https:\/\/elfsight.com\/pl\/wp-json\/wp\/v2\/users\/9"}],"replies":[{"embeddable":true,"href":"https:\/\/elfsight.com\/pl\/wp-json\/wp\/v2\/comments?post=7087"}],"version-history":[{"count":2,"href":"https:\/\/elfsight.com\/pl\/wp-json\/wp\/v2\/pages\/7087\/revisions"}],"predecessor-version":[{"id":7470,"href":"https:\/\/elfsight.com\/pl\/wp-json\/wp\/v2\/pages\/7087\/revisions\/7470"}],"up":[{"embeddable":true,"href":"https:\/\/elfsight.com\/pl\/wp-json\/wp\/v2\/pages\/2100"}],"wp:attachment":[{"href":"https:\/\/elfsight.com\/pl\/wp-json\/wp\/v2\/media?parent=7087"}],"curies":[{"name":"wp","href":"https:\/\/api.w.org\/{rel}","templated":true}]}}