{"id":7086,"date":"1970-01-01T00:00:00","date_gmt":"1970-01-01T00:00:00","guid":{"rendered":"https:\/\/elfsight.com\/pl\/?page_id=7086"},"modified":"2024-11-14T12:45:26","modified_gmt":"2024-11-14T12:45:26","slug":"webnode","status":"publish","type":"page","link":"https:\/\/elfsight.com\/pl\/twitter-feed-widget\/webnode\/","title":{"rendered":"Twitter Feed &#8211; Webnode"},"content":{"rendered":"<div class=\"application-platform-content-item-description application-platform-content-item\" id=\"description\" data-nav-section=\"description\"><h2>Opis<\/h2><p>Dzi\u0119ki wid\u017cetowi Elfsight na Twitterze bardzo \u0142atwo b\u0119dzie doda\u0107 kana\u0142 Twittera lub pojedyncze tweety do swojego Webnode strona internetowa. Zwi\u0119ksz zaanga\u017cowanie odwiedzaj\u0105cych i zdob\u0105d\u017a wi\u0119ksze zaufanie klient\u00f3w, dodaj\u0105c o\u015b czasu na Twitterze lub chwal\u0105c si\u0119 najlepszymi tweetami z opiniami klient\u00f3w na temat Twoich ofert. Najbardziej warto\u015bciowymi zaletami Elfsight Twitter dla witryny internetowej s\u0105 gotowe do u\u017cycia szablony do wszystkich przypadk\u00f3w u\u017cycia i r\u00f3\u017cnorodne opcje ustawie\u0144 wraz z mo\u017cliwo\u015bci\u0105 dostosowania projektu.<\/p><p><b>Zwi\u0119ksz poziom zaanga\u017cowania swojej witryny i spraw, aby jest niezawodny dla Twoich odbiorc\u00f3w<\/b><\/p><ul><li><b>Zatrzymaj klient\u00f3w na stronie na d\u0142u\u017cej<\/b>.<br>Spraw, aby u\u017cytkownicy pozostali na Twojej stronie d\u0142u\u017cej, anga\u017cuj\u0105c ich osobnymi tweetami na powi\u0105zane tematy lub zaanga\u017cuj ich w dzia\u0142ania promocyjne promowane na Twitterze.<\/li><li><b>Zdob\u0105d\u017a wi\u0119cej obserwuj\u0105cych<\/b>.<br>Interaktywny kana\u0142 Elfsight na Twitterze umo\u017cliwia klientom \u015bledzenie Twojego konta bez konieczno\u015bci opuszczania Twojej witryny. Zdob\u0105d\u017a kolejne \u017ar\u00f3d\u0142o obserwuj\u0105cych i rozwijaj swoj\u0105 spo\u0142eczno\u015b\u0107 na Twitterze.<\/li><li><b>Zwi\u0119ksz zaufanie do swojej firmy, korzystaj\u0105c z tweet\u00f3w z referencjami<\/b>.<br>Wybierz z Twittera najlepsze opinie klient\u00f3w na temat Twojej firmy i przedstaw je na swojej stronie, aby zwi\u0119kszy\u0107 zaufanie klient\u00f3w i sprawi\u0107, \u017ce Twoje produkty b\u0119d\u0105 wygl\u0105da\u0107 nie do odparcia dla odbiorc\u00f3w.<\/li><\/ul><p><\/div><\/p><div class=\"application-platform-content-item-features application-platform-content-item\" id=\"features\" data-nav-section=\"features\"><\/p><h2>Funkcje<\/h2><p>Jakie funkcje sprawiaj\u0105, \u017ce widget Elfsight jest najlepszy dla ka\u017cdej witryny Webnode? Zobacz jego prze\u0142omowe zalety:<\/p><ul><li>Utw\u00f3rz kana\u0142 z tweetami z opiniami na temat Twojej firmy;<\/li><li>Ustaw szeroko\u015b\u0107 wid\u017cetu lub ustaw go na pe\u0142n\u0105 szeroko\u015b\u0107;<\/li><li> Skopiuj link do tweet\u00f3w;<\/li><li>Otwieranie tweeta na Twitterze, kliknij symbol;<\/li><li>Obserwacje i liczba obserwuj\u0105cych w nag\u0142\u00f3wku.<\/li><\/ul><p><a href=\" #demo\">Wypr\u00f3buj wszystkie funkcje w naszym edytorze<\/a><\/p><p><\/div><div class=\"application-platform-content-item-installation application-platform-content-item\" id=\"installation\" data-nav-section=\"installation\"><h2>Jak dodaj kana\u0142 Twitter do witryny Webnode<\/h2><p>Zobacz nasz ekspresowy poradnik na temat integracji i projektowania wid\u017cetu. Proces instalacji zajmie tylko oko\u0142o 90 sekund i nie wymaga umiej\u0119tno\u015bci programowania.<\/p><ol><li><b>Stw\u00f3rz sw\u00f3j osobisty wid\u017cet na Twitterze<\/b>.<br>Przy pomocy naszego darmowy konfigurator, utw\u00f3rz wid\u017cet o wymaganym wygl\u0105dzie i mo\u017cliwo\u015bciach.<\/li><li><b>Zdob\u0105d\u017a kod umo\u017cliwiaj\u0105cy wy\u015bwietlenie wid\u017cetu<\/b>.<br>Po skonfigurowaniu wid\u017cetu uzyskaj kod do kana\u0142u Twitter z wy\u015bwietlonego w aplikacji Elfsight.<\/li><li><b>Poka\u017c wid\u017cet na swojej stronie internetowej Webnode<\/b>.<br>Umie\u015b\u0107 wid\u017cet w wymaganym miejscu strony i zastosuj zmiany.<\/li><li><b>Instalacja przebieg\u0142a pomy\u015blnie<\/b>.<br>Wejd\u017a na swoj\u0105 witryn\u0119 Webnode, aby sprawdzi\u0107 wid\u017cet.<\/li><\/ol><p>Wyst\u0119puj\u0105 problemy podczas stosowania instrukcji? Wy\u015blij wiadomo\u015b\u0107 do zespo\u0142u pomocy technicznej Elfsight lub zapoznaj si\u0119 z <a href=\"https:\/\/elfsight.com\/tutorials\/how-to-add-twitter-feed-widget-to-webnode\/\" target=\"_blank\" rel=\"noopener noreferrer\">pe\u0142ny wariant<\/a> instrukcji i doko\u0144cz instalacj\u0119 samodzielnie.<\/p><\/div><div class=\"faq\" data-component=\"FAQ\"><div class=\"faq-item\">\r\n\t\t\t\t\t<div class=\"faq-item-question\">\r\n\t\t\t\t\t\t<h3 class=\"faq-item-question-text\">W jaki spos\u00f3b czy mog\u0119 doda\u0107 kana\u0142 Twitter do mojej strony Webnode bez do\u015bwiadczenia w programowaniu?<\/h3>\r\n\r\n\t\t\t\t\t\t<div class=\"faq-item-question-icon\"><\/div>\r\n\t\t\t\t\t<\/div>\r\n\r\n\t\t\t\t\t<div class=\"faq-item-answer\">\r\n\t\t\t\t\t\t<div class=\"faq-item-answer-text\"><p>Firma Elfsight dostarcza rozwi\u0105zanie SaaS, kt\u00f3re umo\u017cliwia samodzielne utworzenie aplikacji Twitter Feed, zobacz proste instrukcje:<\/p><ul><li> Pracuj bezpo\u015brednio w wersji demonstracyjnej online, aby utworzy\u0107 wid\u017cet kana\u0142u Twitter, kt\u00f3ry chcesz doda\u0107 do Webnode.<\/li><li>Wybierz jeden z naszych wst\u0119pnie zaprojektowanych szablon\u00f3w i dostosuj ustawienia kana\u0142u Twitter, zaktualizuj swoj\u0105 tre\u015b\u0107, zmie\u0144 uk\u0142ad i kolory bez umiej\u0119tno\u015bci kodowania.<\/li><li>Kliknij, aby zapisa\u0107 kana\u0142 Twitter i skopiuj kod do umieszczenia, kt\u00f3ry mo\u017cesz \u0142atwo osadzi\u0107 na swojej witrynie Webnode bez kupowania wersji p\u0142atnej.<\/li><\/ul><p> Dzi\u0119ki przyjaznemu dla u\u017cytkownika konfiguratorowi ka\u017cdy u\u017cytkownik sieci mo\u017ce utworzy\u0107 wtyczk\u0119 Twitter Feed i \u0142atwo wklei\u0107 j\u0105 na stron\u0119 internetow\u0105 Webnode. Nie nale\u017cy p\u0142aci\u0107 ani podawa\u0107 danych uwierzytelniaj\u0105cych karty, aby m\u00f3c skorzysta\u0107 z us\u0142ugi Elfsight. Je\u015bli napotkasz jakiekolwiek problemy, nie wahaj si\u0119 porozmawia\u0107 z naszym zespo\u0142em pomocy technicznej.<\/p><\/div>\r\n\t\t\t\t\t<\/div>\r\n\t\t\t\t<\/div><\/div>","protected":false},"excerpt":{"rendered":"","protected":false},"author":9,"featured_media":0,"parent":2100,"menu_order":0,"comment_status":"closed","ping_status":"closed","template":"templates\/template-application-platform.php","meta":{"publish_to_discourse":"","publish_post_category":"","wpdc_auto_publish_overridden":"","wpdc_topic_tags":"","wpdc_pin_topic":"","wpdc_pin_until":"","discourse_post_id":"","discourse_permalink":"","wpdc_publishing_response":"","wpdc_publishing_error":"","footnotes":""},"class_list":["post-7086","page","type-page","status-publish","hentry"],"yoast_head":"<!-- This site is optimized with the Yoast SEO plugin v25.3.1 - https:\/\/yoast.com\/wordpress\/plugins\/seo\/ -->\n<title>Najlepszy wid\u017cet kana\u0142u Twitter dla witryny Webnode (2025)<\/title>\n<meta name=\"description\" content=\"Utw\u00f3rz niestandardowy widget kana\u0142u Twitter dla Webnode w zaledwie 90 sekund. Sprawd\u017a ca\u0142kowicie bezp\u0142atn\u0105 wersj\u0119 demonstracyjn\u0105 Elfsight, kt\u00f3ra u\u0142atwia tworzenie wid\u017cet\u00f3w.\" \/>\n<meta name=\"robots\" content=\"index, follow, max-snippet:-1, max-image-preview:large, max-video-preview:-1\" \/>\n<link rel=\"canonical\" href=\"https:\/\/elfsight.com\/pl\/twitter-feed-widget\/webnode\/\" \/>\n<meta property=\"og:locale\" content=\"pl_PL\" \/>\n<meta property=\"og:type\" content=\"article\" \/>\n<meta property=\"og:title\" content=\"Najlepszy wid\u017cet kana\u0142u Twitter dla witryny Webnode (2025)\" \/>\n<meta property=\"og:description\" content=\"Utw\u00f3rz niestandardowy widget kana\u0142u Twitter dla Webnode w zaledwie 90 sekund. Sprawd\u017a ca\u0142kowicie bezp\u0142atn\u0105 wersj\u0119 demonstracyjn\u0105 Elfsight, kt\u00f3ra u\u0142atwia tworzenie wid\u017cet\u00f3w.\" \/>\n<meta property=\"og:url\" content=\"https:\/\/elfsight.com\/pl\/twitter-feed-widget\/webnode\/\" \/>\n<meta property=\"og:site_name\" content=\"Elfsight PL\" \/>\n<meta property=\"article:modified_time\" content=\"2024-11-14T12:45:26+00:00\" \/>\n<meta name=\"twitter:card\" content=\"summary_large_image\" \/>\n<meta name=\"twitter:label1\" content=\"Szacowany czas czytania\" \/>\n\t<meta name=\"twitter:data1\" content=\"3 minuty\" \/>\n<!-- \/ Yoast SEO plugin. -->","yoast_head_json":{"title":"Najlepszy wid\u017cet kana\u0142u Twitter dla witryny Webnode (2025)","description":"Utw\u00f3rz niestandardowy widget kana\u0142u Twitter dla Webnode w zaledwie 90 sekund. Sprawd\u017a ca\u0142kowicie bezp\u0142atn\u0105 wersj\u0119 demonstracyjn\u0105 Elfsight, kt\u00f3ra u\u0142atwia tworzenie wid\u017cet\u00f3w.","robots":{"index":"index","follow":"follow","max-snippet":"max-snippet:-1","max-image-preview":"max-image-preview:large","max-video-preview":"max-video-preview:-1"},"canonical":"https:\/\/elfsight.com\/pl\/twitter-feed-widget\/webnode\/","og_locale":"pl_PL","og_type":"article","og_title":"Najlepszy wid\u017cet kana\u0142u Twitter dla witryny Webnode (2025)","og_description":"Utw\u00f3rz niestandardowy widget kana\u0142u Twitter dla Webnode w zaledwie 90 sekund. Sprawd\u017a ca\u0142kowicie bezp\u0142atn\u0105 wersj\u0119 demonstracyjn\u0105 Elfsight, kt\u00f3ra u\u0142atwia tworzenie wid\u017cet\u00f3w.","og_url":"https:\/\/elfsight.com\/pl\/twitter-feed-widget\/webnode\/","og_site_name":"Elfsight PL","article_modified_time":"2024-11-14T12:45:26+00:00","twitter_card":"summary_large_image","twitter_misc":{"Szacowany czas czytania":"3 minuty"},"schema":{"@context":"https:\/\/schema.org","@graph":[{"@type":"WebPage","@id":"https:\/\/elfsight.com\/pl\/twitter-feed-widget\/webnode\/","url":"https:\/\/elfsight.com\/pl\/twitter-feed-widget\/webnode\/","name":"Najlepszy wid\u017cet kana\u0142u Twitter dla witryny Webnode (2025)","isPartOf":{"@id":"https:\/\/elfsight.com\/pl\/#website"},"datePublished":"1970-01-01T00:00:00+00:00","dateModified":"2024-11-14T12:45:26+00:00","description":"Utw\u00f3rz niestandardowy widget kana\u0142u Twitter dla Webnode w zaledwie 90 sekund. Sprawd\u017a ca\u0142kowicie bezp\u0142atn\u0105 wersj\u0119 demonstracyjn\u0105 Elfsight, kt\u00f3ra u\u0142atwia tworzenie wid\u017cet\u00f3w.","breadcrumb":{"@id":"https:\/\/elfsight.com\/pl\/twitter-feed-widget\/webnode\/#breadcrumb"},"inLanguage":"pl-PL","potentialAction":[{"@type":"ReadAction","target":["https:\/\/elfsight.com\/pl\/twitter-feed-widget\/webnode\/"]}]},{"@type":"BreadcrumbList","@id":"https:\/\/elfsight.com\/pl\/twitter-feed-widget\/webnode\/#breadcrumb","itemListElement":[{"@type":"ListItem","position":1,"name":"Home","item":"https:\/\/elfsight.com\/pl\/"},{"@type":"ListItem","position":2,"name":"Twitter Feed","item":"https:\/\/elfsight.com\/pl\/twitter-feed-widget\/"},{"@type":"ListItem","position":3,"name":"Twitter Feed &#8211; Webnode"}]},{"@type":"WebSite","@id":"https:\/\/elfsight.com\/pl\/#website","url":"https:\/\/elfsight.com\/pl\/","name":"Elfsight PL","description":"Just another Elfsight Sites site","potentialAction":[{"@type":"SearchAction","target":{"@type":"EntryPoint","urlTemplate":"https:\/\/elfsight.com\/pl\/?s={search_term_string}"},"query-input":{"@type":"PropertyValueSpecification","valueRequired":true,"valueName":"search_term_string"}}],"inLanguage":"pl-PL"}]}},"meta_box":{"industry":"","seo_heading":"","heading":"","description":"","cta_heading":"","cta_description":"","application":"2099","h1":"Wid\u017cet kana\u0142u Webnode na Twitterze","h1_caption":"Osadzaj tweety ze swojego konta na Twitterze lub za pomoc\u0105 hashtagu, aby bez wysi\u0142ku informowa\u0107 odwiedzaj\u0105cych o tre\u015bciach w czasie rzeczywistym w Twojej witrynie Webnode.","application_category":[],"applications_title":"","applications_request_title":"","applications_request_button_text":"","hero_text":"","hero_video":"","hero_video_schema_markup":"","selling_points_title":"","selling_points_caption":"","selling_points":[],"selling_points_cta_text":"","features_title":"","features":"","ed_cta_examples_text":"","ed_cta_examples_hidden":"","ed_cta_demo_text":"","ed_cta_demo_hidden":"","why_caption":"","why_editor_title":"","why_editor_text":"","why_team_title":"","why_team_text":"","why_service_title":"","why_service_text":"","template_catalog_visible":"","template_catalog_title":"","template_catalog_text":"","template_catalog_categories_visible":"","demo_title":"Utw\u00f3rz wid\u017cet kana\u0142u Twitter","demo_caption":"Skonfiguruj sw\u00f3j kana\u0142 na Twitterze i dodaj go do swojej witryny Webnode za darmo!","default_faq_hidden":"","app_template_category":[],"platform":"138","template_public_id":"","codecanyon_url":"","codecanyon_item_id":"","codecanyon_price":"","pricing_caption":"","pricing_elfsight_apps_hide_column":"","pricing_elfsight_apps_url":"","pricing_codecanyon_price_caption":"","integration_category":[],"integration_request_title":"","integration_request_cta":"","integration_platform":"","integrations":[],"platform_category":[],"video_schema_markup":"","price":"od 0 USD \/ miesi\u0105c","trial":"","benefits":[{"text":"Bezp\u0142atna us\u0142uga monta\u017cu"},{"text":"Do\u015bwiadczona obs\u0142uga klienta"},{"text":"14-dniowa gwarancja zwrotu pieni\u0119dzy"}],"button_url":"#demo","button_target_blank":"","button_nofollow":"","attributes":[{"name":"Instaluje"},{"name":"Czu\u0142y"},{"name":"Kompatybilne przegl\u0105darki"}],"tags":[],"tags_disable_links":"","hide_more_platforms":"","video_object":"","demo_hide_cta":"","demo_hide_cloud_options":"","pricing_title":"","pricing":[{"pricing_icon":"platform","pricing_title":"Elfsight Apps","pricing_title_caption":"Rozwi\u0105zanie wieloplatformowe","pricing_price":"od 0 USD \/ miesi\u0105c","pricing_price_caption":"zacznij od bezp\u0142atnego planu","pricing_benefits":[{"text":"Nielimitowane strony internetowe"},{"text":"Szybka i terminowa pomoc oraz dobrze udokumentowana"},{"text":"Bezp\u0142atna pomoc w instalacji"},{"text":"Oferta specjalna na wiele aplikacji"}],"pricing_button_text":"Dodaj do witryny","pricing_button_url":"#demo"}],"related_apps_title":"","related_apps_hidden":"","author":"","image":[],"title":"","job":"","social_networks":[]},"_links":{"self":[{"href":"https:\/\/elfsight.com\/pl\/wp-json\/wp\/v2\/pages\/7086","targetHints":{"allow":["GET"]}}],"collection":[{"href":"https:\/\/elfsight.com\/pl\/wp-json\/wp\/v2\/pages"}],"about":[{"href":"https:\/\/elfsight.com\/pl\/wp-json\/wp\/v2\/types\/page"}],"author":[{"embeddable":true,"href":"https:\/\/elfsight.com\/pl\/wp-json\/wp\/v2\/users\/9"}],"replies":[{"embeddable":true,"href":"https:\/\/elfsight.com\/pl\/wp-json\/wp\/v2\/comments?post=7086"}],"version-history":[{"count":1,"href":"https:\/\/elfsight.com\/pl\/wp-json\/wp\/v2\/pages\/7086\/revisions"}],"predecessor-version":[{"id":7090,"href":"https:\/\/elfsight.com\/pl\/wp-json\/wp\/v2\/pages\/7086\/revisions\/7090"}],"up":[{"embeddable":true,"href":"https:\/\/elfsight.com\/pl\/wp-json\/wp\/v2\/pages\/2100"}],"wp:attachment":[{"href":"https:\/\/elfsight.com\/pl\/wp-json\/wp\/v2\/media?parent=7086"}],"curies":[{"name":"wp","href":"https:\/\/api.w.org\/{rel}","templated":true}]}}