{"id":7085,"date":"1970-01-01T00:00:00","date_gmt":"1970-01-01T00:00:00","guid":{"rendered":"https:\/\/elfsight.com\/pl\/?page_id=7085"},"modified":"2024-11-14T12:45:26","modified_gmt":"2024-11-14T12:45:26","slug":"webflow","status":"publish","type":"page","link":"https:\/\/elfsight.com\/pl\/twitter-feed-widget\/webflow\/","title":{"rendered":"Twitter Feed &#8211; Webflow"},"content":{"rendered":"<div class=\"application-platform-content-item-description application-platform-content-item\" id=\"description\" data-nav-section=\"description\"><h2>Osadzaj kana\u0142 Twittera w Webflow za pomoc\u0105 wid\u017cetu Elfsight<\/h2><p>Wid\u017cet Elfsight na Twitterze to regulowany widget, kt\u00f3ry umo\u017cliwia wprowadzenie Twittera kana\u0142 lub pojedyncze tweety na stronie internetowej Webflow. Masz szans\u0119 wy\u015bwietli\u0107 sw\u00f3j kana\u0142 informacyjny na Twitterze lub pokaza\u0107 tweety z referencjami, aby zwi\u0119kszy\u0107 zaanga\u017cowanie u\u017cytkownik\u00f3w i zwi\u0119kszy\u0107 zaufanie klient\u00f3w do swojej witryny. To, co czyni nasz widget liderem mi\u0119dzy innymi, to du\u017ca liczba opcji, gotowe do u\u017cycia szablony, kt\u00f3re b\u0119d\u0105 pasowa\u0107 do ka\u017cdego przypadku u\u017cycia i jego elastyczny wygl\u0105d.<\/p><p><b>Zwi\u0119ksz poziom zaanga\u017cowania swojej witryny i uczy\u0144 j\u0105 wiarygodn\u0105 dla swoich klient\u00f3w<\/b><\/p><ul><li><b>Zwi\u0119ksz zaanga\u017cowanie<\/b>.<br>Dodaj \u017cywe tre\u015bci z jednego z najcz\u0119\u015bciej u\u017cywanych medi\u00f3w spo\u0142eczno\u015bciowych do swojej witryny, aby przyci\u0105gn\u0105\u0107 wi\u0119ksz\u0105 uwag\u0119 publiczno\u015bci. Ciesz si\u0119 wi\u0119kszym zaanga\u017cowaniem w swojej witrynie.<\/li><li><b>Zdob\u0105d\u017a wi\u0119cej obserwuj\u0105cych<\/b>.<br>Interaktywny kana\u0142 Elfsight na Twitterze umo\u017cliwia u\u017cytkownikom rozpocz\u0119cie obserwowania Twojego konta bezpo\u015brednio z witryny. Dzi\u0119ki temu mo\u017cesz zyska\u0107 kolejne \u017ar\u00f3d\u0142o obserwuj\u0105cych i zwi\u0119kszy\u0107 liczb\u0119 swojej spo\u0142eczno\u015bci na Twitterze.<\/li><li><b>Nieskazitelny dow\u00f3d spo\u0142eczny zapewniaj\u0105cy wi\u0119ksze zaufanie<\/b>.<br>Poka\u017c, \u017ce Tw\u00f3j profil na Twitterze jest aktywny i \u015bwie\u017cy aby zapewni\u0107 u\u017cytkownik\u00f3w, \u017ce Twoja firma si\u0119 rozwija i jeste\u015b gotowy do interakcji i zbli\u017cenia si\u0119 do odwiedzaj\u0105cych.<\/li><\/ul><\/div><div class=\"application-platform-content-item-features application-platform-content-item\" id=\"features\" data-nav-section=\"features\"><h2>G\u0142\u00f3wne funkcje kana\u0142u Twitter widget<\/h2><p>Podstawowe cechy naszego widgetu, kt\u00f3re czyni\u0105 go jednym z najlepszych rozwi\u0105za\u0144 dla serwis\u00f3w Webflow:<\/p><ul><li>Typ prezentacji Feed lub Referencje;<\/li><li>Wybierz pe\u0142ny lub kompaktowy uk\u0142ad nag\u0142\u00f3wka;<\/li><li>Udost\u0119pnij tweety na Facebooku;<\/li><li>Specjalna ikona do oznaczania zweryfikowanych kont;<\/li><li>Ustaw niestandardowy kolor motywu dla widget.<\/li><\/ul><p><a href=\"#demo\">Zobacz pe\u0142ny zestaw funkcji w wersji demonstracyjnej!<\/a><\/p><\/div><div class=\"application-platform-content-item-installation  application-platform-content-item\" id=\"installation \" data-nav-section=\"installation \"><h2>Jak doda\u0107 kana\u0142 Twittera do witryny Webflow<\/h2><div class=\"video-container\"><iframe width=\"720\" height=\"405\" src=\"https:\/\/www.youtube.com\/embed\/Q_poJ55Vv5E\" frameborder=\"0\" allowfullscreen=\"\"><\/iframe><\/div><p>Ekspresowy przewodnik na temat integracji widgetu bez umiej\u0119tno\u015bci programowania stron internetowych lub poszukiwania niezale\u017cnego programisty stron internetowych. Czas, kt\u00f3ry na nim sp\u0119dzisz, to nie wi\u0119cej ni\u017c 90 sekund.<\/p><ol><li><b>Skonstruuj sw\u00f3j w\u0142asny widget na Twitterze<\/b>.<br>Przy pomocy naszego bezp\u0142atnego konfiguratora utw\u00f3rz wid\u017cet o \u017c\u0105danym wygl\u0105dzie i parametrach.<\/li><li><b>Zdob\u0105d\u017a kod do instalacji wid\u017cetu<\/b>.<br>Po dostrojeniu wid\u017cetu zdob\u0105d\u017a kod do jego instalacji z wyskakuj\u0105cego powiadomienia w aplikacjach Elfsight.<\/li><li><b>Osad\u017a wid\u017cet na swojej stronie Webflow<\/b>.<br>Dodaj wid\u017cet w \u017c\u0105danym miejscu strony i opublikuj zmiany.<\/b> li&gt;<li><b>Gotowe!<\/b>.<br>Wejd\u017a na swoj\u0105 stron\u0119 internetow\u0105, aby sprawdzi\u0107 swoj\u0105 prac\u0119.<\/li><\/ol><p>Je\u015bli co\u015b sprawia ci trudno\u015b\u0107 podczas instalacji lub dostosowywania, skontaktuj si\u0119 z zespo\u0142em pomocy technicznej Elfsight. Mo\u017cesz te\u017c przeczyta\u0107 <a href=\"https:\/\/elfsight.com\/tutorials\/how-to-add-twitter-feed-widget-to-webflow\/\" target=\"_blank\" rel=\"noopener noreferrer\">pe\u0142ny instrukcja<\/a>.<\/p><\/div><div class=\"faq\" data-component=\"FAQ\"><div class=\"faq-item\">\r\n\t\t\t\t\t<div class=\"faq-item-question\">\r\n\t\t\t\t\t\t<h3 class=\"faq-item-question-text\">W jaki spos\u00f3b mo\u017cna doda\u0107 kana\u0142 Twittera do mojej strony g\u0142\u00f3wnej Webflow bez znajomo\u015bci kodowania?<\/h3>\r\n\r\n\t\t\t\t\t\t<div class=\"faq-item-question-icon\"><\/div>\r\n\t\t\t\t\t<\/div>\r\n\r\n\t\t\t\t\t<div class=\"faq-item-answer\">\r\n\t\t\t\t\t\t<div class=\"faq-item-answer-text\"><p>Firma Elfsight oferuje rozwi\u0105zanie SaaS, kt\u00f3re umo\u017cliwia w\u0142a\u015bcicielom witryn samodzielne wygenerowanie wid\u017cetu kana\u0142u Twitter. Dowiedz si\u0119, jak \u0142atwy jest ten proces:<\/p><ul><li>Pracuj bezpo\u015brednio w wersji demonstracyjnej na \u017cywo, aby wygenerowa\u0107 wid\u017cet kana\u0142u Twitter chcesz doda\u0107 w Webflow.<\/li><li>Wybierz jeden z gotowych szablon\u00f3w i dostosuj ustawienia Twitter Feed, dodaj swoj\u0105 tre\u015b\u0107, zmie\u0144 uk\u0142ad i kolory bez znajomo\u015bci kodowania.<\/li><li>Zapisz Twitter Feed i uzyskaj kod do instalacji, kt\u00f3ry mo\u017cna \u0142atwo i bezp\u0142atnie wklei\u0107 w dowolnej witrynie Webflow.<\/li><\/ul><p>Dzi\u0119ki naszemu \u0142atwemu w obs\u0142udze konfiguratorowi ka\u017cdy u\u017cytkownik sieci mo\u017ce wygenerowa\u0107 sekcj\u0119 Twitter Feed online i bez trudu dodawaj do swojej witryny internetowej Webflow. Aby skorzysta\u0107 z us\u0142ugi, nie jest wymagana p\u0142atno\u015b\u0107 ani ujawnianie danych karty. Je\u015bli na kt\u00f3rymkolwiek etapie napotkasz jakiekolwiek problemy, skontaktuj si\u0119 z naszym personelem pomocy technicznej.<\/p><\/div>\r\n\t\t\t\t\t<\/div>\r\n\t\t\t\t<\/div><\/div>","protected":false},"excerpt":{"rendered":"","protected":false},"author":9,"featured_media":0,"parent":2100,"menu_order":0,"comment_status":"closed","ping_status":"closed","template":"templates\/template-application-platform.php","meta":{"publish_to_discourse":"","publish_post_category":"","wpdc_auto_publish_overridden":"","wpdc_topic_tags":"","wpdc_pin_topic":"","wpdc_pin_until":"","discourse_post_id":"","discourse_permalink":"","wpdc_publishing_response":"","wpdc_publishing_error":"","footnotes":""},"class_list":["post-7085","page","type-page","status-publish","hentry"],"yoast_head":"<!-- This site is optimized with the Yoast SEO plugin v25.3.1 - https:\/\/yoast.com\/wordpress\/plugins\/seo\/ -->\n<title>Najlepszy wid\u017cet kana\u0142u Twitter dla witryny Webflow (2025)<\/title>\n<meta name=\"description\" content=\"Zaprojektuj responsywny wid\u017cet kana\u0142u Twitter dla swojej witryny Webflow. Skonfiguruj sw\u00f3j idealny widget w wersji demonstracyjnej na \u017cywo w zaledwie 2 minuty i bezp\u0142atnie.\" \/>\n<meta name=\"robots\" content=\"index, follow, max-snippet:-1, max-image-preview:large, max-video-preview:-1\" \/>\n<link rel=\"canonical\" href=\"https:\/\/elfsight.com\/pl\/twitter-feed-widget\/webflow\/\" \/>\n<meta property=\"og:locale\" content=\"pl_PL\" \/>\n<meta property=\"og:type\" content=\"article\" \/>\n<meta property=\"og:title\" content=\"Najlepszy wid\u017cet kana\u0142u Twitter dla witryny Webflow (2025)\" \/>\n<meta property=\"og:description\" content=\"Zaprojektuj responsywny wid\u017cet kana\u0142u Twitter dla swojej witryny Webflow. Skonfiguruj sw\u00f3j idealny widget w wersji demonstracyjnej na \u017cywo w zaledwie 2 minuty i bezp\u0142atnie.\" \/>\n<meta property=\"og:url\" content=\"https:\/\/elfsight.com\/pl\/twitter-feed-widget\/webflow\/\" \/>\n<meta property=\"og:site_name\" content=\"Elfsight PL\" \/>\n<meta property=\"article:modified_time\" content=\"2024-11-14T12:45:26+00:00\" \/>\n<meta name=\"twitter:card\" content=\"summary_large_image\" \/>\n<meta name=\"twitter:label1\" content=\"Szacowany czas czytania\" \/>\n\t<meta name=\"twitter:data1\" content=\"3 minuty\" \/>\n<!-- \/ Yoast SEO plugin. -->","yoast_head_json":{"title":"Najlepszy wid\u017cet kana\u0142u Twitter dla witryny Webflow (2025)","description":"Zaprojektuj responsywny wid\u017cet kana\u0142u Twitter dla swojej witryny Webflow. Skonfiguruj sw\u00f3j idealny widget w wersji demonstracyjnej na \u017cywo w zaledwie 2 minuty i bezp\u0142atnie.","robots":{"index":"index","follow":"follow","max-snippet":"max-snippet:-1","max-image-preview":"max-image-preview:large","max-video-preview":"max-video-preview:-1"},"canonical":"https:\/\/elfsight.com\/pl\/twitter-feed-widget\/webflow\/","og_locale":"pl_PL","og_type":"article","og_title":"Najlepszy wid\u017cet kana\u0142u Twitter dla witryny Webflow (2025)","og_description":"Zaprojektuj responsywny wid\u017cet kana\u0142u Twitter dla swojej witryny Webflow. Skonfiguruj sw\u00f3j idealny widget w wersji demonstracyjnej na \u017cywo w zaledwie 2 minuty i bezp\u0142atnie.","og_url":"https:\/\/elfsight.com\/pl\/twitter-feed-widget\/webflow\/","og_site_name":"Elfsight PL","article_modified_time":"2024-11-14T12:45:26+00:00","twitter_card":"summary_large_image","twitter_misc":{"Szacowany czas czytania":"3 minuty"},"schema":{"@context":"https:\/\/schema.org","@graph":[{"@type":"WebPage","@id":"https:\/\/elfsight.com\/pl\/twitter-feed-widget\/webflow\/","url":"https:\/\/elfsight.com\/pl\/twitter-feed-widget\/webflow\/","name":"Najlepszy wid\u017cet kana\u0142u Twitter dla witryny Webflow (2025)","isPartOf":{"@id":"https:\/\/elfsight.com\/pl\/#website"},"datePublished":"1970-01-01T00:00:00+00:00","dateModified":"2024-11-14T12:45:26+00:00","description":"Zaprojektuj responsywny wid\u017cet kana\u0142u Twitter dla swojej witryny Webflow. Skonfiguruj sw\u00f3j idealny widget w wersji demonstracyjnej na \u017cywo w zaledwie 2 minuty i bezp\u0142atnie.","breadcrumb":{"@id":"https:\/\/elfsight.com\/pl\/twitter-feed-widget\/webflow\/#breadcrumb"},"inLanguage":"pl-PL","potentialAction":[{"@type":"ReadAction","target":["https:\/\/elfsight.com\/pl\/twitter-feed-widget\/webflow\/"]}]},{"@type":"BreadcrumbList","@id":"https:\/\/elfsight.com\/pl\/twitter-feed-widget\/webflow\/#breadcrumb","itemListElement":[{"@type":"ListItem","position":1,"name":"Home","item":"https:\/\/elfsight.com\/pl\/"},{"@type":"ListItem","position":2,"name":"Twitter Feed","item":"https:\/\/elfsight.com\/pl\/twitter-feed-widget\/"},{"@type":"ListItem","position":3,"name":"Twitter Feed &#8211; Webflow"}]},{"@type":"WebSite","@id":"https:\/\/elfsight.com\/pl\/#website","url":"https:\/\/elfsight.com\/pl\/","name":"Elfsight PL","description":"Just another Elfsight Sites site","potentialAction":[{"@type":"SearchAction","target":{"@type":"EntryPoint","urlTemplate":"https:\/\/elfsight.com\/pl\/?s={search_term_string}"},"query-input":{"@type":"PropertyValueSpecification","valueRequired":true,"valueName":"search_term_string"}}],"inLanguage":"pl-PL"}]}},"meta_box":{"industry":"","seo_heading":"","heading":"","description":"","cta_heading":"","cta_description":"","application":"2099","h1":"Wid\u017cet kana\u0142u Webflow na Twitterze","h1_caption":"Osadzaj tweety ze swojego konta na Twitterze lub za pomoc\u0105 hashtagu, aby bez wysi\u0142ku informowa\u0107 odwiedzaj\u0105cych o tre\u015bciach w czasie rzeczywistym w Twojej witrynie Webflow.","application_category":[],"applications_title":"","applications_request_title":"","applications_request_button_text":"","hero_text":"","hero_video":"","hero_video_schema_markup":"","selling_points_title":"","selling_points_caption":"","selling_points":[],"selling_points_cta_text":"","features_title":"","features":"","ed_cta_examples_text":"","ed_cta_examples_hidden":"","ed_cta_demo_text":"","ed_cta_demo_hidden":"","why_caption":"","why_editor_title":"","why_editor_text":"","why_team_title":"","why_team_text":"","why_service_title":"","why_service_text":"","template_catalog_visible":"","template_catalog_title":"","template_catalog_text":"","template_catalog_categories_visible":"","demo_title":"Utw\u00f3rz wid\u017cet kana\u0142u Twitter","demo_caption":"Skonfiguruj sw\u00f3j kana\u0142 na Twitterze i dodaj go do swojej witryny Webflow za darmo!","default_faq_hidden":"","app_template_category":[],"platform":"127","template_public_id":"","codecanyon_url":"","codecanyon_item_id":"","codecanyon_price":"","pricing_caption":"","pricing_elfsight_apps_hide_column":"","pricing_elfsight_apps_url":"","pricing_codecanyon_price_caption":"","integration_category":[],"integration_request_title":"","integration_request_cta":"","integration_platform":"","integrations":[],"platform_category":[],"video_schema_markup":"","price":"od 0 USD \/ miesi\u0105c","trial":"","benefits":[{"text":"Bezp\u0142atna pomoc w monta\u017cu"},{"text":"Wyj\u0105tkowe wsparcie"},{"text":"14-dniowa gwarancja zwrotu pieni\u0119dzy"}],"button_url":"#demo","button_target_blank":"","button_nofollow":"","attributes":[{"name":"Instaluje"},{"name":"Czu\u0142y"},{"name":"Kompatybilne przegl\u0105darki"}],"tags":[],"tags_disable_links":"","hide_more_platforms":"","video_object":"","demo_hide_cta":"","demo_hide_cloud_options":"","pricing_title":"","pricing":[{"pricing_icon":"platform","pricing_title":"Webflow widget","pricing_title_caption":"Wersja niezale\u017cna od platformy, kt\u00f3ra dzia\u0142a na ka\u017cdej stronie internetowej","pricing_price":"od 0 USD \/ miesi\u0105c","pricing_price_caption":"zacznij od bezp\u0142atnego planu","pricing_benefits":[{"text":"Nielimitowane domeny"},{"text":"Wsparcie premium"},{"text":"Bezp\u0142atna us\u0142uga monta\u017cu"},{"text":"Specjalna oferta na wiele aplikacji"}],"pricing_button_text":"Dodaj do witryny","pricing_button_url":"#demo"}],"related_apps_title":"","related_apps_hidden":"","author":"","image":[],"title":"","job":"","social_networks":[]},"_links":{"self":[{"href":"https:\/\/elfsight.com\/pl\/wp-json\/wp\/v2\/pages\/7085","targetHints":{"allow":["GET"]}}],"collection":[{"href":"https:\/\/elfsight.com\/pl\/wp-json\/wp\/v2\/pages"}],"about":[{"href":"https:\/\/elfsight.com\/pl\/wp-json\/wp\/v2\/types\/page"}],"author":[{"embeddable":true,"href":"https:\/\/elfsight.com\/pl\/wp-json\/wp\/v2\/users\/9"}],"replies":[{"embeddable":true,"href":"https:\/\/elfsight.com\/pl\/wp-json\/wp\/v2\/comments?post=7085"}],"version-history":[{"count":2,"href":"https:\/\/elfsight.com\/pl\/wp-json\/wp\/v2\/pages\/7085\/revisions"}],"predecessor-version":[{"id":8092,"href":"https:\/\/elfsight.com\/pl\/wp-json\/wp\/v2\/pages\/7085\/revisions\/8092"}],"up":[{"embeddable":true,"href":"https:\/\/elfsight.com\/pl\/wp-json\/wp\/v2\/pages\/2100"}],"wp:attachment":[{"href":"https:\/\/elfsight.com\/pl\/wp-json\/wp\/v2\/media?parent=7085"}],"curies":[{"name":"wp","href":"https:\/\/api.w.org\/{rel}","templated":true}]}}