{"id":7080,"date":"1970-01-01T00:00:00","date_gmt":"1970-01-01T00:00:00","guid":{"rendered":"https:\/\/elfsight.com\/pl\/?page_id=7080"},"modified":"2025-06-20T09:40:00","modified_gmt":"2025-06-20T09:40:00","slug":"squarespace","status":"publish","type":"page","link":"https:\/\/elfsight.com\/pl\/twitter-feed-widget\/squarespace\/","title":{"rendered":"Twitter Feed &#8211; Squarespace"},"content":{"rendered":"<div class=\"application-platform-content-item-description application-platform-content-item\" id=\"description\" data-nav-section=\"description\">\n<h2>Osadzaj kana\u0142 Twittera w Squarespace za pomoc\u0105 wid\u017cetu Elfsight<\/h2>\n<p>Dzi\u0119ki wtyczce **Elfsight Twitter** zaskakuj\u0105co \u0142atwo jest umieszcza\u0107 kana\u0142y na Twitterze lub wybrane tweety na Twojej stronie SquareSpace. Zwi\u0119ksz aktywno\u015b\u0107 odwiedzaj\u0105cych i zwi\u0119ksz zaufanie klient\u00f3w, wy\u015bwietlaj\u0105c swoj\u0105 o\u015b czasu na Twitterze lub chwal\u0105c si\u0119 opiniami klient\u00f3w na Twitterze na temat Twoich produkt\u00f3w. Najbardziej przydatnymi zaletami Elfsight Twitter s\u0105 gotowe do u\u017cycia szablony do dowolnych zastosowa\u0144 i r\u00f3\u017cnorodne ustawienia wraz z elastycznym projektem.<\/p>\n<p><b>Spraw, aby Twoja witryna internetowa by\u0142a niezwykle atrakcyjna dla klient\u00f3w i cieszy\u0142a si\u0119 du\u017cym zaufaniem.<\/b><\/p>\n<ul>\n    <li><b>Zatrzymaj odwiedzaj\u0105cych na stronie<\/b>.<br>Zatrzymaj swoich klient\u00f3w na swojej stronie na d\u0142ugie godziny, pokazuj\u0105c im starannie wybrane tweety na najwa\u017cniejsze tematy lub anga\u017cuj\u0105c je do konkurs\u00f3w promowanych na Twitterze.<\/li>\n    <li><b>Zwi\u0119ksz liczb\u0119 obserwuj\u0105cych<\/b>.<br>Interaktywny kana\u0142 Elfsight na Twitterze umo\u017cliwia u\u017cytkownikom odpowiadanie, przesy\u0142anie dalej post\u00f3w i \u015bledzenie Twojego konta bez opuszczania witryny. Skorzystaj z jeszcze jednego \u017ar\u00f3d\u0142a obserwuj\u0105cych i poszerz swoj\u0105 spo\u0142eczno\u015b\u0107 na Twitterze.<\/li>\n    <li><b>Silny dow\u00f3d spo\u0142eczny zapewniaj\u0105cy wi\u0119ksze zaufanie<\/b>.<br>Poka\u017c, \u017ce Tw\u00f3j profil na Twitterze jest aktywny, aby zapewni\u0107 klient\u00f3w, \u017ce Twoja firma si\u0119 rozwija i chcesz z nimi wchodzi\u0107 w interakcj\u0119.<\/li>\n<\/ul>\n<\/div>\n\n<div class=\"application-platform-content-item-features application-platform-content-item\" id=\"features\" data-nav-section=\"features\">\n<h2>G\u0142\u00f3wne funkcje wid\u017cetu Twitter Feed<\/h2>\n<p>Oto najcz\u0119\u015bciej spotykane zadziwiaj\u0105ce funkcje kana\u0142u Elfsight na Twitterze. Dzi\u0119ki nim jest to najcenniejsza wtyczka dla dowolnej witryny SquareSpace.<\/p>\n<ul>\n    <li>Wy\u015bwietlaj tweety z w\u0142asnego konta lub wybieraj wed\u0142ug hashtagu;<\/li>\n    <li>Ustaw wysoko\u015b\u0107 wid\u017cetu lub dopasuj go do tre\u015bci;<\/li>\n    <li>Skopiuj link do tweet\u00f3w;<\/li>\n    <li>Wybierz jeden z dost\u0119pnych j\u0119zyk\u00f3w lub popro\u015b o j\u0119zyk, a my przet\u0142umaczymy wid\u017cet;<\/li>\n    <li>Ustaw niestandardowy kolor motywu dla wid\u017cetu.<\/li>\n<\/ul>\n<p><a href=\"#demo\">Poznaj wszystkie funkcje w wersji demonstracyjnej na \u017cywo<\/a><\/p>\n<\/div>\n\n<div class=\"application-platform-content-item-installation application-platform-content-item\" id=\"installation\" data-nav-section=\"installation\">\n<h2>Jak doda\u0107 kana\u0142 Twittera do witryny Squarespace<\/h2>\n<div class=\"video-container\"><iframe width=\"720\" height=\"405\" src=\"https:\/\/www.youtube.com\/embed\/u7yB0n7CeBM\" frameborder=\"0\" allowfullscreen=\"\"><\/iframe><\/div>\n<p>Aby osadzi\u0107 wtyczk\u0119 na swojej stronie, nie potrzebujesz wiedzy z zakresu programowania WWW. Wystarcz\u0105 tylko 4 nieskomplikowane kroki i 1 minuta Twojego czasu.<\/p>\n<ol>\n    <li><b>Stw\u00f3rz sw\u00f3j osobisty wid\u017cet na Twitterze<\/b>.<br>Za pomoc\u0105 naszego bezp\u0142atnego konfiguratora utw\u00f3rz wid\u017cet z uk\u0142adem i funkcjami, kt\u00f3rych potrzebujesz.<\/li>\n    <li><b>Skopiuj kod do opublikowania wid\u017cetu<\/b>.<br>Po utworzeniu wid\u017cetu pobierz kod do kana\u0142u Twitter z wyskakuj\u0105cego okna aplikacji Elfsight.<\/li>\n    <li><b>Wy\u015bwietl wid\u017cet na swojej stronie<\/b>.<br>Umie\u015b\u0107 wid\u017cet w odpowiednim miejscu strony i opublikuj wyniki.<\/li>\n    <li><b>Instalacja zosta\u0142a uko\u0144czona<\/b>.<br>Wejd\u017a na swoj\u0105 witryn\u0119 SquareSpace, aby zobaczy\u0107 swoj\u0105 prac\u0119.<\/li>\n<\/ol>\n<p>Wyst\u0105pi\u0142y jakie\u015b problemy podczas tworzenia lub osadzania wtyczki? Zapoznaj si\u0119 z <a href=\"https:\/\/elfsight.com\/tutorials\/how-to-add-twitter-feed-plugin-to-squarespace\/\" target=\"_blank\" rel=\"noopener noreferrer\">szczeg\u00f3\u0142owy artyku\u0142<\/a> lub skontaktuj si\u0119 z naszym Centrum Wsparcia, aby uzyska\u0107 pomoc. Jeste\u015bmy tu dla Ciebie!<\/p>\n<\/div>\n\n<div class=\"faq\" data-component=\"FAQ\">\n<div class=\"faq-item\">\r\n\t\t\t\t\t<div class=\"faq-item-question\">\r\n\t\t\t\t\t\t<h3 class=\"faq-item-question-text\">Jak doda\u0107 kana\u0142 Twittera do mojego Squarespace bez umiej\u0119tno\u015bci kodowania?<\/h3>\r\n\r\n\t\t\t\t\t\t<div class=\"faq-item-question-icon\"><\/div>\r\n\t\t\t\t\t<\/div>\r\n\r\n\t\t\t\t\t<div class=\"faq-item-answer\">\r\n\t\t\t\t\t\t<div class=\"faq-item-answer-text\">\n<p>Firma Elfsight dostarcza rozwi\u0105zanie SaaS, kt\u00f3re pozwala u\u017cytkownikowi samodzielnie skonfigurowa\u0107 aplikacj\u0119 Twitter Feed, obejrzyj prosty przewodnik:<\/p>\n<ul>\n    <li>Przejd\u017a do wersji demonstracyjnej na \u017cywo, aby wygenerowa\u0107 wtyczk\u0119 Twitter Feed, kt\u00f3r\u0105 chcesz zintegrowa\u0107 na stronie Squarespace.<\/li>\n    <li>Wybierz jeden z gotowych szablon\u00f3w i dostosuj ustawienia kana\u0142u Twitter, zmie\u0144 uk\u0142ad i kolory, zaktualizuj tre\u015b\u0107 bez kodowania.<\/li>\n    <li>Zapisz ustawienia wprowadzone w kanale Twitter i uzyskaj kod do osadzania, kt\u00f3ry mo\u017cesz osadzi\u0107 na swojej stronie g\u0142\u00f3wnej Squarespace, korzystaj\u0105c z bezp\u0142atnego planu.<\/li>\n<\/ul>\n<p>Korzystaj\u0105c z naszego przyjaznego dla u\u017cytkownika edytora, ka\u017cdy internauta mo\u017ce zbudowa\u0107 wtyczk\u0119 Twitter Feed online i bez wysi\u0142ku osadzi\u0107 j\u0105 na swojej stronie g\u0142\u00f3wnej Squarespace. Aby uzyska\u0107 dost\u0119p do naszego Edytora, nie jest wymagane posiadanie p\u0142atnej subskrypcji ani wprowadzanie danych karty. Je\u015bli na kt\u00f3rymkolwiek etapie napotkasz jakiekolwiek problemy, skontaktuj si\u0119 z naszym personelem pomocy technicznej.<\/p>\n<\/div>\r\n\t\t\t\t\t<\/div>\r\n\t\t\t\t<\/div>\n<\/div>","protected":false},"excerpt":{"rendered":"","protected":false},"author":9,"featured_media":0,"parent":2100,"menu_order":0,"comment_status":"closed","ping_status":"closed","template":"templates\/template-application-platform.php","meta":{"publish_to_discourse":"","publish_post_category":"","wpdc_auto_publish_overridden":"","wpdc_topic_tags":"","wpdc_pin_topic":"","wpdc_pin_until":"","discourse_post_id":"","discourse_permalink":"","wpdc_publishing_response":"","wpdc_publishing_error":"","footnotes":""},"class_list":["post-7080","page","type-page","status-publish","hentry"],"yoast_head":"<!-- This site is optimized with the Yoast SEO plugin v25.3.1 - https:\/\/yoast.com\/wordpress\/plugins\/seo\/ -->\n<title>Najlepsza wtyczka Twitter Feed dla witryny Squarespace (2025)<\/title>\n<meta name=\"description\" content=\"Zaprojektuj dostosowan\u0105 wtyczk\u0119 Twitter Feed dla SquareSpace i wy\u015bwietl j\u0105 w swojej witrynie. Darmowy konfigurator, profesjonalne wsparcie i wi\u0119cej dodatk\u00f3w od Elfsight!\" \/>\n<meta name=\"robots\" content=\"index, follow, max-snippet:-1, max-image-preview:large, max-video-preview:-1\" \/>\n<link rel=\"canonical\" href=\"https:\/\/elfsight.com\/pl\/twitter-feed-widget\/squarespace\/\" \/>\n<meta property=\"og:locale\" content=\"pl_PL\" \/>\n<meta property=\"og:type\" content=\"article\" \/>\n<meta property=\"og:title\" content=\"Najlepsza wtyczka Twitter Feed dla witryny Squarespace (2025)\" \/>\n<meta property=\"og:description\" content=\"Zaprojektuj dostosowan\u0105 wtyczk\u0119 Twitter Feed dla SquareSpace i wy\u015bwietl j\u0105 w swojej witrynie. Darmowy konfigurator, profesjonalne wsparcie i wi\u0119cej dodatk\u00f3w od Elfsight!\" \/>\n<meta property=\"og:url\" content=\"https:\/\/elfsight.com\/pl\/twitter-feed-widget\/squarespace\/\" \/>\n<meta property=\"og:site_name\" content=\"Elfsight PL\" \/>\n<meta property=\"article:modified_time\" content=\"2025-06-20T09:40:00+00:00\" \/>\n<meta name=\"twitter:card\" content=\"summary_large_image\" \/>\n<meta name=\"twitter:label1\" content=\"Szacowany czas czytania\" \/>\n\t<meta name=\"twitter:data1\" content=\"4 minuty\" \/>\n<!-- \/ Yoast SEO plugin. -->","yoast_head_json":{"title":"Najlepsza wtyczka Twitter Feed dla witryny Squarespace (2025)","description":"Zaprojektuj dostosowan\u0105 wtyczk\u0119 Twitter Feed dla SquareSpace i wy\u015bwietl j\u0105 w swojej witrynie. Darmowy konfigurator, profesjonalne wsparcie i wi\u0119cej dodatk\u00f3w od Elfsight!","robots":{"index":"index","follow":"follow","max-snippet":"max-snippet:-1","max-image-preview":"max-image-preview:large","max-video-preview":"max-video-preview:-1"},"canonical":"https:\/\/elfsight.com\/pl\/twitter-feed-widget\/squarespace\/","og_locale":"pl_PL","og_type":"article","og_title":"Najlepsza wtyczka Twitter Feed dla witryny Squarespace (2025)","og_description":"Zaprojektuj dostosowan\u0105 wtyczk\u0119 Twitter Feed dla SquareSpace i wy\u015bwietl j\u0105 w swojej witrynie. Darmowy konfigurator, profesjonalne wsparcie i wi\u0119cej dodatk\u00f3w od Elfsight!","og_url":"https:\/\/elfsight.com\/pl\/twitter-feed-widget\/squarespace\/","og_site_name":"Elfsight PL","article_modified_time":"2025-06-20T09:40:00+00:00","twitter_card":"summary_large_image","twitter_misc":{"Szacowany czas czytania":"4 minuty"},"schema":{"@context":"https:\/\/schema.org","@graph":[{"@type":"WebPage","@id":"https:\/\/elfsight.com\/pl\/twitter-feed-widget\/squarespace\/","url":"https:\/\/elfsight.com\/pl\/twitter-feed-widget\/squarespace\/","name":"Najlepsza wtyczka Twitter Feed dla witryny Squarespace (2025)","isPartOf":{"@id":"https:\/\/elfsight.com\/pl\/#website"},"datePublished":"1970-01-01T00:00:00+00:00","dateModified":"2025-06-20T09:40:00+00:00","description":"Zaprojektuj dostosowan\u0105 wtyczk\u0119 Twitter Feed dla SquareSpace i wy\u015bwietl j\u0105 w swojej witrynie. Darmowy konfigurator, profesjonalne wsparcie i wi\u0119cej dodatk\u00f3w od Elfsight!","breadcrumb":{"@id":"https:\/\/elfsight.com\/pl\/twitter-feed-widget\/squarespace\/#breadcrumb"},"inLanguage":"pl-PL","potentialAction":[{"@type":"ReadAction","target":["https:\/\/elfsight.com\/pl\/twitter-feed-widget\/squarespace\/"]}]},{"@type":"BreadcrumbList","@id":"https:\/\/elfsight.com\/pl\/twitter-feed-widget\/squarespace\/#breadcrumb","itemListElement":[{"@type":"ListItem","position":1,"name":"Home","item":"https:\/\/elfsight.com\/pl\/"},{"@type":"ListItem","position":2,"name":"Twitter Feed","item":"https:\/\/elfsight.com\/pl\/twitter-feed-widget\/"},{"@type":"ListItem","position":3,"name":"Twitter Feed &#8211; Squarespace"}]},{"@type":"WebSite","@id":"https:\/\/elfsight.com\/pl\/#website","url":"https:\/\/elfsight.com\/pl\/","name":"Elfsight PL","description":"Just another Elfsight Sites site","potentialAction":[{"@type":"SearchAction","target":{"@type":"EntryPoint","urlTemplate":"https:\/\/elfsight.com\/pl\/?s={search_term_string}"},"query-input":{"@type":"PropertyValueSpecification","valueRequired":true,"valueName":"search_term_string"}}],"inLanguage":"pl-PL"}]}},"meta_box":{"industry":"","seo_heading":"","heading":"","description":"","cta_heading":"","cta_description":"","application":"2099","h1":"Wtyczka Squarespace na Twitterze","h1_caption":"Osadzaj tweety ze swojego konta na Twitterze lub za pomoc\u0105 hashtagu, aby bez wysi\u0142ku informowa\u0107 odwiedzaj\u0105cych o tre\u015bciach w czasie rzeczywistym w Twojej witrynie Squarespace.","application_category":[],"applications_title":"","applications_request_title":"","applications_request_button_text":"","hero_text":"","hero_video":"","hero_video_schema_markup":"","selling_points_title":"","selling_points_caption":"","selling_points":[],"selling_points_cta_text":"","features_title":"","features":"","ed_cta_examples_text":"","ed_cta_examples_hidden":"","ed_cta_demo_text":"","ed_cta_demo_hidden":"","why_caption":"","why_editor_title":"","why_editor_text":"","why_team_title":"","why_team_text":"","why_service_title":"","why_service_text":"","template_catalog_visible":"0","template_catalog_title":"","template_catalog_text":"","template_catalog_categories_visible":"","demo_title":"Utw\u00f3rz wtyczk\u0119 kana\u0142u Twitter","demo_caption":"Skonfiguruj sw\u00f3j kana\u0142 na Twitterze i dodaj go do swojej witryny Squarespace za darmo!","default_faq_hidden":"","app_template_category":[],"platform":"7588","template_public_id":"","codecanyon_url":"","codecanyon_item_id":"","codecanyon_price":"","pricing_caption":"","pricing_elfsight_apps_hide_column":"","pricing_elfsight_apps_url":"","pricing_codecanyon_price_caption":"","integration_category":[],"integration_request_title":"","integration_request_cta":"","integration_platform":"","integrations":[],"platform_category":[],"video_schema_markup":"","price":"od 0 USD \/ miesi\u0105c","trial":"","benefits":[{"text":"Bezp\u0142atna pomoc w instalacji"},{"text":"Do\u015bwiadczona obs\u0142uga klienta"},{"text":"14-dniowa gwarancja zwrotu pieni\u0119dzy"}],"button_url":"#demo","button_target_blank":"0","button_nofollow":"0","attributes":[{"name":"Instaluje"},{"name":"Czu\u0142y"},{"name":"Kompatybilne przegl\u0105darki"}],"tags":[],"tags_disable_links":"0","hide_more_platforms":"0","video_object":"","demo_hide_cta":"0","demo_hide_cloud_options":"0","pricing_title":"","pricing":[{"pricing_icon":"platform","pricing_title":"Elfsight Apps","pricing_title_caption":"Wersja wieloplatformowa","pricing_price":"od 0 USD \/ miesi\u0105c","pricing_price_caption":"zacznij od bezp\u0142atnego planu","pricing_benefits":[{"text":"Nielimitowane domeny"},{"text":"Profesjonalne wsparcie firmy i dobrze udokumentowane"},{"text":"Bezp\u0142atne wsparcie przy instalacji"},{"text":"Elastyczny projekt"}],"pricing_button_text":"Dodaj do witryny","pricing_button_url":"#demo"}],"related_apps_title":"","related_apps_hidden":"0","author":"","image":[],"title":"","job":"","social_networks":[]},"_links":{"self":[{"href":"https:\/\/elfsight.com\/pl\/wp-json\/wp\/v2\/pages\/7080","targetHints":{"allow":["GET"]}}],"collection":[{"href":"https:\/\/elfsight.com\/pl\/wp-json\/wp\/v2\/pages"}],"about":[{"href":"https:\/\/elfsight.com\/pl\/wp-json\/wp\/v2\/types\/page"}],"author":[{"embeddable":true,"href":"https:\/\/elfsight.com\/pl\/wp-json\/wp\/v2\/users\/9"}],"replies":[{"embeddable":true,"href":"https:\/\/elfsight.com\/pl\/wp-json\/wp\/v2\/comments?post=7080"}],"version-history":[{"count":3,"href":"https:\/\/elfsight.com\/pl\/wp-json\/wp\/v2\/pages\/7080\/revisions"}],"predecessor-version":[{"id":10190,"href":"https:\/\/elfsight.com\/pl\/wp-json\/wp\/v2\/pages\/7080\/revisions\/10190"}],"up":[{"embeddable":true,"href":"https:\/\/elfsight.com\/pl\/wp-json\/wp\/v2\/pages\/2100"}],"wp:attachment":[{"href":"https:\/\/elfsight.com\/pl\/wp-json\/wp\/v2\/media?parent=7080"}],"curies":[{"name":"wp","href":"https:\/\/api.w.org\/{rel}","templated":true}]}}