{"id":7079,"date":"1970-01-01T00:00:00","date_gmt":"1970-01-01T00:00:00","guid":{"rendered":"https:\/\/elfsight.com\/pl\/?page_id=7079"},"modified":"2024-11-14T12:45:18","modified_gmt":"2024-11-14T12:45:18","slug":"opencart","status":"publish","type":"page","link":"https:\/\/elfsight.com\/pl\/twitter-feed-widget\/opencart\/","title":{"rendered":"Twitter Feed &#8211; OpenCart"},"content":{"rendered":"<div class=\"application-platform-content-item-description application-platform-content-item\" id=\"description\" data-nav-section=\"description\"><h2>Opis<\/h2><p>Dzi\u0119ki modu\u0142owi Elfsight Twitter zaskakuj\u0105co \u0142atwo jest umie\u015bci\u0107 kana\u0142 Twittera lub zebrane tweety w witrynie OpenCart. Zwi\u0119ksz aktywno\u015b\u0107 odwiedzaj\u0105cych i zwi\u0119ksz zaufanie klient\u00f3w, wy\u015bwietlaj\u0105c o\u015b czasu na Twitterze lub chwal\u0105c si\u0119 opiniami u\u017cytkownik\u00f3w na Twitterze na temat Twoich produkt\u00f3w lub us\u0142ug. Najcenniejsze zalety Elfsight Twitter dla witryny to gotowe szablony do r\u00f3\u017cnych zastosowa\u0144 i wiele parametr\u00f3w wraz z elastycznym projektem.<\/p><p><b>Wzmocnij zaanga\u017cowanie u\u017cytkownik\u00f3w i zaufanie do Twojej witryny<\/b><\/p><ul><li><b>Podnie\u015b wsp\u00f3\u0142czynnik zaanga\u017cowania<\/b>.<br>Wstaw na swojej stronie \u017cyw\u0105 i t\u0119tni\u0105c\u0105 \u017cyciem tre\u015b\u0107 jednego z najpopularniejszych medi\u00f3w spo\u0142eczno\u015bciowych, aby przyci\u0105gn\u0105\u0107 uwag\u0119 klient\u00f3w. Osi\u0105gnij wi\u0119ksz\u0105 aktywno\u015b\u0107 na swojej stronie.<\/li><li><b>Zacznij mie\u0107 wi\u0119cej obserwuj\u0105cych<\/b>.<br>Interaktywny kana\u0142 Elfsight na Twitterze umo\u017cliwia u\u017cytkownikom przesy\u0142anie dalej tweet\u00f3w, odpowiadanie i \u015bledzenie Twojego konta bez opuszczania strona internetowa. Dzi\u0119ki temu mo\u017cesz zyska\u0107 dodatkowe \u017ar\u00f3d\u0142o obserwuj\u0105cych i powi\u0119kszy\u0107 swoj\u0105 spo\u0142eczno\u015b\u0107 na Twitterze.<\/li><li><b>Zwi\u0119ksz zaufanie dzi\u0119ki tweetom z referencjami<\/b>.<br>Wybieraj najlepsze referencje klient\u00f3w na temat Twojej firmy z Twittera i zaprezentuj je na swojej stronie internetowej, aby zwi\u0119kszy\u0107 zaufanie klient\u00f3w i sprawi\u0107, \u017ce Twoje oferty b\u0119d\u0105 wygl\u0105da\u0107 atrakcyjnie dla u\u017cytkownik\u00f3w.<\/li><\/ul><p><\/div><\/p><div class=\"application-platform-content-item-features application-platform-content-item\" id=\"features\" data-nav-section=\"features\"><\/p><h2>Funkcje<\/h2><p>Najwa\u017cniejsze cechy modu\u0142u Elfsight, kt\u00f3re czyni\u0105 go idealnym narz\u0119dziem OpenCart do dodawania Twittera:<\/p><ul><li>Wy\u015bwietlaj tweety z w\u0142asnego konta lub wybierz wed\u0142ug hashtagu;<\/li><li>Ukryj nag\u0142\u00f3wek, aby wy\u015bwietli\u0107 tylko tweety;<\/li><li>Wskazanie retweet\u00f3w w kanale;<\/li><li>Specjalna ikona do oznaczania zweryfikowanych kont;<\/li><li>Obserwowanie i Obserwuj\u0105cy licz\u0105 si\u0119 w nag\u0142\u00f3wku.<\/li><\/ul><p><a href=\"#demo\">Sprawd\u017a wszystkie cechy w naszym darmowym konstruktorze<\/a><\/p><p> <\/div><div class=\"application-platform-content-item-installation application-platform-content-item\" id=\"installation\" data-nav-section=\"installation\"><h2>Jak doda\u0107 modu\u0142 Twitter Feed do witryny OpenCart<\/h2><p>Wystarczy zastosowa\u0107 si\u0119 do poni\u017cszych instrukcji, aby wstawi\u0107 widget na OpenCart.<\/p> <ol><li><b>Skorzystaj z naszej bezp\u0142atnej wersji demonstracyjnej i zacznij tworzy\u0107 spersonalizowany widget. <\/b><br> Okre\u015bl preferowany interfejs i aspekty rozszerzenia i zapisz zmiany. <\/li> <li><b>Skopiuj sw\u00f3j unikalny kod wy\u015bwietlony w oknie aplikacji Elfsight. <\/b><br> Po zako\u0144czeniu tworzenia swojego osobistego kana\u0142u na Twitterze skopiuj kod osobisty z wy\u015bwietlonego wyskakuj\u0105cego okienka i zachowaj go do dalszego wykorzystania. <\/li> <li><b>Wpisz ch\u0119\u0107 korzystania z wid\u017cetu na stronie OpenCart. <\/b><br> Umie\u015b\u0107 skopiowany wcze\u015bniej kod na swojej stronie internetowej i zastosuj zmiany. <\/li> <li><b>Gotowe! Konfiguracja zosta\u0142a ca\u0142kowicie zako\u0144czona. <\/b><br> Odwied\u017a swoj\u0105 witryn\u0119, aby zobaczy\u0107 w akcji, jak dzia\u0142a narz\u0119dzie. <\/li><\/ol> <p>Masz trudno\u015bci z instalacj\u0105 lub regulacj\u0105? Z\u0142\u00f3\u017c zapytanie w naszym dziale pomocy technicznej lub przeczytaj <a href=\"https:\/\/elfsight.com\/tutorials\/how-to-add-twitter-feed-extension-to-opencart\/\" target=\"_blank\" rel=\"noopener noreferrer\">pe\u0142ny tekst<\/a> instrukcji i doko\u0144cz dodawanie samodzielnie.<\/p><\/div><div class=\"faq\" data-component=\"FAQ\"><div class=\"faq-item\">\r\n\t\t\t\t\t<div class=\"faq-item-question\">\r\n\t\t\t\t\t\t<h3 class=\"faq-item-question-text\">Czy istnieje mo\u017cliwo\u015b\u0107 osadzi\u0107 Twitter Feed na mojej stronie OpenCart bez umiej\u0119tno\u015bci kodowania?<\/h3>\r\n\r\n\t\t\t\t\t\t<div class=\"faq-item-question-icon\"><\/div>\r\n\t\t\t\t\t<\/div>\r\n\r\n\t\t\t\t\t<div class=\"faq-item-answer\">\r\n\t\t\t\t\t\t<div class=\"faq-item-answer-text\"><p>Firma Elfsight wprowadza rozwi\u0105zanie, kt\u00f3re umo\u017cliwia u\u017cytkownikowi samodzielne wygenerowanie wtyczki Twitter Feed, zobacz jakie to proste:<\/p><ul><li>Przejd\u017a do wersj\u0119 demonstracyjn\u0105 online, aby utworzy\u0107 wtyczk\u0119 Twitter Feed, kt\u00f3r\u0105 chcia\u0142by\u015b zobaczy\u0107 na stronie internetowej OpenCart.<\/li><li>Wybierz jeden z naszych gotowych szablon\u00f3w i zmodyfikuj ustawienia Twitter Feed, zmie\u0144 uk\u0142ad i kolory, do\u0142\u0105cz swoj\u0105 tre\u015b\u0107 bez do\u015bwiadczenie w kodowaniu.<\/li><li>Zapisz kana\u0142 Twittera i uzyskaj jego kod do instalacji, kt\u00f3ry mo\u017cna bezp\u0142atnie osadzi\u0107 na stronie OpenCart.<\/li><\/ul><p>Dzi\u0119ki intuicyjnemu edytorowi ka\u017cdy u\u017cytkownik sieci mog\u0105 tworzy\u0107 kana\u0142y Twitter Feed online i dodawa\u0107 je do swojej witryny OpenCart. Nie powiniene\u015b p\u0142aci\u0107 ani ujawnia\u0107 danych uwierzytelniaj\u0105cych swojej karty, aby uzyska\u0107 dost\u0119p do us\u0142ugi Elfsight. Je\u015bli napotkasz jakiekolwiek problemy, nie wahaj si\u0119 skontaktowa\u0107 z naszym personelem pomocy technicznej.<\/p><\/div>\r\n\t\t\t\t\t<\/div>\r\n\t\t\t\t<\/div><\/div>","protected":false},"excerpt":{"rendered":"","protected":false},"author":9,"featured_media":0,"parent":2100,"menu_order":0,"comment_status":"closed","ping_status":"closed","template":"templates\/template-application-platform.php","meta":{"publish_to_discourse":"","publish_post_category":"","wpdc_auto_publish_overridden":"","wpdc_topic_tags":"","wpdc_pin_topic":"","wpdc_pin_until":"","discourse_post_id":"","discourse_permalink":"","wpdc_publishing_response":"","wpdc_publishing_error":"","footnotes":""},"class_list":["post-7079","page","type-page","status-publish","hentry"],"yoast_head":"<!-- This site is optimized with the Yoast SEO plugin v25.3.1 - https:\/\/yoast.com\/wordpress\/plugins\/seo\/ -->\n<title>Najlepsze rozszerzenie kana\u0142u Twitter dla witryny OpenCart (2025)<\/title>\n<meta name=\"description\" content=\"Sprawd\u017a ju\u017c teraz rozszerzenie Elfsight na Twitterze dla OpenCart. Zaprojektuj unikalny kana\u0142 Twitter dla swojej witryny w ci\u0105gu kilku minut!\" \/>\n<meta name=\"robots\" content=\"index, follow, max-snippet:-1, max-image-preview:large, max-video-preview:-1\" \/>\n<link rel=\"canonical\" href=\"https:\/\/elfsight.com\/pl\/twitter-feed-widget\/opencart\/\" \/>\n<meta property=\"og:locale\" content=\"pl_PL\" \/>\n<meta property=\"og:type\" content=\"article\" \/>\n<meta property=\"og:title\" content=\"Najlepsze rozszerzenie kana\u0142u Twitter dla witryny OpenCart (2025)\" \/>\n<meta property=\"og:description\" content=\"Sprawd\u017a ju\u017c teraz rozszerzenie Elfsight na Twitterze dla OpenCart. Zaprojektuj unikalny kana\u0142 Twitter dla swojej witryny w ci\u0105gu kilku minut!\" \/>\n<meta property=\"og:url\" content=\"https:\/\/elfsight.com\/pl\/twitter-feed-widget\/opencart\/\" \/>\n<meta property=\"og:site_name\" content=\"Elfsight PL\" \/>\n<meta property=\"article:modified_time\" content=\"2024-11-14T12:45:18+00:00\" \/>\n<meta name=\"twitter:card\" content=\"summary_large_image\" \/>\n<meta name=\"twitter:label1\" content=\"Szacowany czas czytania\" \/>\n\t<meta name=\"twitter:data1\" content=\"3 minuty\" \/>\n<!-- \/ Yoast SEO plugin. -->","yoast_head_json":{"title":"Najlepsze rozszerzenie kana\u0142u Twitter dla witryny OpenCart (2025)","description":"Sprawd\u017a ju\u017c teraz rozszerzenie Elfsight na Twitterze dla OpenCart. Zaprojektuj unikalny kana\u0142 Twitter dla swojej witryny w ci\u0105gu kilku minut!","robots":{"index":"index","follow":"follow","max-snippet":"max-snippet:-1","max-image-preview":"max-image-preview:large","max-video-preview":"max-video-preview:-1"},"canonical":"https:\/\/elfsight.com\/pl\/twitter-feed-widget\/opencart\/","og_locale":"pl_PL","og_type":"article","og_title":"Najlepsze rozszerzenie kana\u0142u Twitter dla witryny OpenCart (2025)","og_description":"Sprawd\u017a ju\u017c teraz rozszerzenie Elfsight na Twitterze dla OpenCart. Zaprojektuj unikalny kana\u0142 Twitter dla swojej witryny w ci\u0105gu kilku minut!","og_url":"https:\/\/elfsight.com\/pl\/twitter-feed-widget\/opencart\/","og_site_name":"Elfsight PL","article_modified_time":"2024-11-14T12:45:18+00:00","twitter_card":"summary_large_image","twitter_misc":{"Szacowany czas czytania":"3 minuty"},"schema":{"@context":"https:\/\/schema.org","@graph":[{"@type":"WebPage","@id":"https:\/\/elfsight.com\/pl\/twitter-feed-widget\/opencart\/","url":"https:\/\/elfsight.com\/pl\/twitter-feed-widget\/opencart\/","name":"Najlepsze rozszerzenie kana\u0142u Twitter dla witryny OpenCart (2025)","isPartOf":{"@id":"https:\/\/elfsight.com\/pl\/#website"},"datePublished":"1970-01-01T00:00:00+00:00","dateModified":"2024-11-14T12:45:18+00:00","description":"Sprawd\u017a ju\u017c teraz rozszerzenie Elfsight na Twitterze dla OpenCart. Zaprojektuj unikalny kana\u0142 Twitter dla swojej witryny w ci\u0105gu kilku minut!","breadcrumb":{"@id":"https:\/\/elfsight.com\/pl\/twitter-feed-widget\/opencart\/#breadcrumb"},"inLanguage":"pl-PL","potentialAction":[{"@type":"ReadAction","target":["https:\/\/elfsight.com\/pl\/twitter-feed-widget\/opencart\/"]}]},{"@type":"BreadcrumbList","@id":"https:\/\/elfsight.com\/pl\/twitter-feed-widget\/opencart\/#breadcrumb","itemListElement":[{"@type":"ListItem","position":1,"name":"Home","item":"https:\/\/elfsight.com\/pl\/"},{"@type":"ListItem","position":2,"name":"Twitter Feed","item":"https:\/\/elfsight.com\/pl\/twitter-feed-widget\/"},{"@type":"ListItem","position":3,"name":"Twitter Feed &#8211; OpenCart"}]},{"@type":"WebSite","@id":"https:\/\/elfsight.com\/pl\/#website","url":"https:\/\/elfsight.com\/pl\/","name":"Elfsight PL","description":"Just another Elfsight Sites site","potentialAction":[{"@type":"SearchAction","target":{"@type":"EntryPoint","urlTemplate":"https:\/\/elfsight.com\/pl\/?s={search_term_string}"},"query-input":{"@type":"PropertyValueSpecification","valueRequired":true,"valueName":"search_term_string"}}],"inLanguage":"pl-PL"}]}},"meta_box":{"industry":"","seo_heading":"","heading":"","description":"","cta_heading":"","cta_description":"","application":"2099","h1":"Rozszerzenie kana\u0142u OpenCart na Twitterze","h1_caption":"Osadzaj tweety ze swojego konta na Twitterze lub za pomoc\u0105 hashtagu, aby bez wysi\u0142ku informowa\u0107 odwiedzaj\u0105cych o tre\u015bciach w czasie rzeczywistym na Twojej stronie Opencart.","application_category":[],"applications_title":"","applications_request_title":"","applications_request_button_text":"","hero_text":"","hero_video":"","hero_video_schema_markup":"","selling_points_title":"","selling_points_caption":"","selling_points":[],"selling_points_cta_text":"","features_title":"","features":"","ed_cta_examples_text":"","ed_cta_examples_hidden":"","ed_cta_demo_text":"","ed_cta_demo_hidden":"","why_caption":"","why_editor_title":"","why_editor_text":"","why_team_title":"","why_team_text":"","why_service_title":"","why_service_text":"","template_catalog_visible":"","template_catalog_title":"","template_catalog_text":"","template_catalog_categories_visible":"","demo_title":"Utw\u00f3rz rozszerzenie kana\u0142u Twitter","demo_caption":"Skonfiguruj sw\u00f3j kana\u0142 na Twitterze i dodaj go do swojej witryny OpenCart za darmo!","default_faq_hidden":"","app_template_category":[],"platform":"107","template_public_id":"","codecanyon_url":"","codecanyon_item_id":"","codecanyon_price":"","pricing_caption":"","pricing_elfsight_apps_hide_column":"","pricing_elfsight_apps_url":"","pricing_codecanyon_price_caption":"","integration_category":[],"integration_request_title":"","integration_request_cta":"","integration_platform":"","integrations":[],"platform_category":[],"video_schema_markup":"","price":"od 0 USD \/ miesi\u0105c","trial":"","benefits":[{"text":"Bezp\u0142atna pomoc w monta\u017cu"},{"text":"Wyj\u0105tkowe wsparcie"},{"text":"14-dniowa gwarancja zwrotu pieni\u0119dzy"}],"button_url":"#demo","button_target_blank":"","button_nofollow":"","attributes":[{"name":"Instaluje"},{"name":"Czu\u0142y"},{"name":"Kompatybilne przegl\u0105darki"}],"tags":[],"tags_disable_links":"","hide_more_platforms":"","video_object":"","demo_hide_cta":"","demo_hide_cloud_options":"","pricing_title":"","pricing":[{"pricing_icon":"platform","pricing_title":"Elfsight Apps","pricing_title_caption":"Oprogramowanie wieloplatformowe, kt\u00f3re pasuje do ka\u017cdej witryny internetowej","pricing_price":"od 0 USD \/ miesi\u0105c","pricing_price_caption":"zacznij od bezp\u0142atnego planu","pricing_benefits":[{"text":"Nielimitowane domeny"},{"text":"Najwy\u017csza obs\u0142uga klienta"},{"text":"Bezp\u0142atna us\u0142uga monta\u017cu"},{"text":"Elastyczny projekt"}],"pricing_button_text":"Dodaj do witryny","pricing_button_url":"#demo"}],"related_apps_title":"","related_apps_hidden":"","author":"","image":[],"title":"","job":"","social_networks":[]},"_links":{"self":[{"href":"https:\/\/elfsight.com\/pl\/wp-json\/wp\/v2\/pages\/7079","targetHints":{"allow":["GET"]}}],"collection":[{"href":"https:\/\/elfsight.com\/pl\/wp-json\/wp\/v2\/pages"}],"about":[{"href":"https:\/\/elfsight.com\/pl\/wp-json\/wp\/v2\/types\/page"}],"author":[{"embeddable":true,"href":"https:\/\/elfsight.com\/pl\/wp-json\/wp\/v2\/users\/9"}],"replies":[{"embeddable":true,"href":"https:\/\/elfsight.com\/pl\/wp-json\/wp\/v2\/comments?post=7079"}],"version-history":[{"count":1,"href":"https:\/\/elfsight.com\/pl\/wp-json\/wp\/v2\/pages\/7079\/revisions"}],"predecessor-version":[{"id":7083,"href":"https:\/\/elfsight.com\/pl\/wp-json\/wp\/v2\/pages\/7079\/revisions\/7083"}],"up":[{"embeddable":true,"href":"https:\/\/elfsight.com\/pl\/wp-json\/wp\/v2\/pages\/2100"}],"wp:attachment":[{"href":"https:\/\/elfsight.com\/pl\/wp-json\/wp\/v2\/media?parent=7079"}],"curies":[{"name":"wp","href":"https:\/\/api.w.org\/{rel}","templated":true}]}}