{"id":7077,"date":"1970-01-01T00:00:00","date_gmt":"1970-01-01T00:00:00","guid":{"rendered":"https:\/\/elfsight.com\/pl\/?page_id=7077"},"modified":"2024-11-14T12:45:18","modified_gmt":"2024-11-14T12:45:18","slug":"html","status":"publish","type":"page","link":"https:\/\/elfsight.com\/pl\/twitter-feed-widget\/html\/","title":{"rendered":"Twitter Feed &#8211; HTML"},"content":{"rendered":"<div class=\"application-platform-content-item-description application-platform-content-item\" id=\"description\" data-nav-section=\"description\"><h2>Opis<\/h2><p>Dzi\u0119ki wid\u017cetowi Elfsight na Twitterze zaskakuj\u0105co \u0142atwo jest umie\u015bci\u0107 kod kana\u0142u Twitter lub wybrane tweety na swojej stronie HTML. Zwi\u0119ksz aktywno\u015b\u0107 u\u017cytkownik\u00f3w i zdob\u0105d\u017a wi\u0119ksze zaufanie klient\u00f3w, publikuj\u0105c o\u015b czasu na Twitterze lub chwal\u0105c si\u0119 opiniami klient\u00f3w na Twitterze na temat Twoich produkt\u00f3w. Najlepsze zalety Elfsight Twitter dla dowolnej witryny to gotowe szablony dla wszystkich przypadk\u00f3w u\u017cycia i r\u00f3\u017cnych parametr\u00f3w wraz z mo\u017cliwo\u015bci\u0105 dostosowania projektu.<\/p><p><b>Spraw, aby Twoja witryna by\u0142a maksymalnie anga\u017cuj\u0105ca dla u\u017cytkownik\u00f3w i cieszy\u0142a si\u0119 du\u017cym zaufaniem<\/b><\/p><ul><li><b>Podnie\u015b wsp\u00f3\u0142czynnik zaanga\u017cowania<\/b>.<br>Dodaj jasne i \u015bwie\u017ce tre\u015bci z jednego z najpopularniejszych medi\u00f3w spo\u0142eczno\u015bciowych w swojej witrynie, aby przyci\u0105gn\u0105\u0107 uwag\u0119 odbiorc\u00f3w. Osi\u0105gnij lepszy wsp\u00f3\u0142czynnik zaanga\u017cowania w swojej witrynie.<\/li><li><b>Zwi\u0119ksz liczb\u0119 obserwuj\u0105cych<\/b>.<br>Interaktywny kana\u0142 na Twitterze umo\u017cliwia u\u017cytkownikom subskrybowanie Twojego konta bezpo\u015brednio z Twojej witryny. Dzi\u0119ki temu mo\u017cesz zyska\u0107 dodatkowe \u017ar\u00f3d\u0142o obserwuj\u0105cych i rozbudowa\u0107 spo\u0142eczno\u015b\u0107 na Twitterze.<\/li><li><b>Doskona\u0142y dow\u00f3d spo\u0142eczny zapewniaj\u0105cy wi\u0119ksze zaufanie klient\u00f3w<\/b>.<br>Poka\u017c sw\u00f3j zawsze aktualny profil na Twitterze aby przekona\u0107 klient\u00f3w, \u017ce Tw\u00f3j projekt si\u0119 rozwija i \u017ce jeste\u015b otwarty na interakcj\u0119 i zbli\u017cenie si\u0119 do nich.<\/li><\/ul><\/div><div class=\"application-platform-content-item-features application-platform-content-item\" id=\"features\" data-nav-section=\"features\"><h2>Funkcje<\/h2><p>Pi\u0119\u0107 zalet, kt\u00f3re sprawiaj\u0105, \u017ce wid\u017cet Elfsight jest kodem niezb\u0119dnym dla wszystkich witryn HTML:<\/p><ul><li>Przycisk \u015aled\u017a w nag\u0142\u00f3wku pomaga zwi\u0119kszy\u0107 liczb\u0119 subskrybent\u00f3w Twojego konta;<\/li><li> Poka\u017c\/ukryj elementy ka\u017cdego tweeta: autora, dat\u0119, ikon\u0119 Twittera i dzia\u0142ania: odpowiedz, prze\u015blij dalej, polub, udost\u0119pnij;<\/li><li>Udost\u0119pnij tweety na Facebooku;<\/li><li>Limit wy\u015bwietlania tweet\u00f3w w kana\u0142;<\/li><li>Liczba retweet\u00f3w, liczba polubie\u0144 w tweetach.<\/li><\/ul><p><a href=\"#demo\">Wi\u0119cej opcji w wersji demonstracyjnej Elfsight<\/a><\/p> <\/div><div class=\"application-platform-content-item-installation application-platform-content-item\" id=\"installation\" data-nav-section=\"installation\"><h2>Jak doda\u0107 kod HTML wid\u017cetu Twittera do witryny internetowej?<\/h2><div class=\"video-container\"><iframe width=\"720\" height=\"405\" src=\"https:\/\/www.youtube.com\/embed\/YMDL0imvL_g\" frameborder=\"0\" allowfullscreen=\"\"><\/iframe><\/div><p>Ca\u0142kowity czas procesu jest kr\u00f3tszy ni\u017c 2 minuty , a mi\u0142ym dodatkiem jest to, \u017ce nie wymaga od Ciebie kompetencji programistycznych.<\/p><ol><li><b>Zaprojektuj sw\u00f3j spersonalizowany kana\u0142 na Twitterze<\/b>.<br>Korzystaj\u0105c z naszego bezp\u0142atnego edytora, kszta\u0142tuj wid\u017cet z \u017c\u0105danym uk\u0142adem i opcjami.<\/li><li><b>Zdob\u0105d\u017a kod do opublikowania wid\u017cetu<\/b>.<br>Po utworzeniu wid\u017cetu uzyskaj kod do wid\u017cetu Twittera z pojawiaj\u0105cego si\u0119 powiadomienia pod adresem Aplikacje Elfsight.<\/li><li><b>Opublikuj wid\u017cet na swojej stronie HTML<\/b>.<br>Otw\u00f3rz kod strony w edytorze HTML, dodaj wid\u017cet w odpowiednim miejscu (tre\u015b\u0107, stopka, pasek boczny itp.) i zastosuj zmiany.<\/li><li><b>Instalacja przebieg\u0142a pomy\u015blnie!<\/b><br>Przejd\u017a do witryny HTML, aby sprawdzi\u0107 swoj\u0105 prac\u0119.<\/li><\/ol> <p>Natkn\u0105\u0142e\u015b si\u0119 na co\u015b podczas wstawiania wid\u017cetu lub ustawiania go wed\u0142ug w\u0142asnego uznania? Nie wahaj si\u0119 skontaktowa\u0107 z naszym dzia\u0142em pomocy lub przeczytaj <a href=\"https:\/\/elfsight.com\/tutorials\/how-to-add-twitter-feed-widget-to-html\/\" target=\"_blank\" rel=\"noopener noreferrer\">obszerny samouczek<\/a>.<\/p><\/div><div class=\"faq\" data-component=\"FAQ\"><div class=\"faq-item\">\r\n\t\t\t\t\t<div class=\"faq-item-question\">\r\n\t\t\t\t\t\t<h3 class=\"faq-item-question-text\">Czy istnieje metoda dodania kana\u0142u Twittera do mojego Witryna HTML bez do\u015bwiadczenia w kodowaniu?<\/h3>\r\n\r\n\t\t\t\t\t\t<div class=\"faq-item-question-icon\"><\/div>\r\n\t\t\t\t\t<\/div>\r\n\r\n\t\t\t\t\t<div class=\"faq-item-answer\">\r\n\t\t\t\t\t\t<div class=\"faq-item-answer-text\"><p>Firma Elfsight dostarcza rozwi\u0105zanie w chmurze, kt\u00f3re umo\u017cliwia u\u017cytkownikowi samodzielne wygenerowanie sekcji kana\u0142u Twitter. Dowiedz si\u0119, jakie to proste:<\/p><ul><li>Przejd\u017a do aktywnego edytora, aby zbudowa\u0107 aplikacj\u0119 Twitter Feed, kt\u00f3r\u0105 chcesz osadzi\u0107 na swojej stronie HTML.<\/li><li>Wybierz jeden z gotowych szablon\u00f3w i dostosuj ustawienia Twitter Feed, zmie\u0144 uk\u0142ad i kolor element\u00f3w, zaktualizuj swoj\u0105 tre\u015b\u0107 bez kodowania .<\/li><li>Kliknij, aby zapisa\u0107 ustawienia wprowadzone w kanale Twitter i skopiuj jego kod do instalacji, kt\u00f3ry mo\u017cesz \u0142atwo doda\u0107 do strony g\u0142\u00f3wnej HTML bez konieczno\u015bci kupowania p\u0142atnego planu.<\/li><\/ul> <p>Pracuj\u0105c w prostym edytorze, ka\u017cdy u\u017cytkownik Internetu mo\u017ce zbudowa\u0107 aplikacj\u0119 Twitter Feed online i bez wysi\u0142ku wklei\u0107 j\u0105 na stron\u0119 internetow\u0105 HTML. Nie powiniene\u015b wykupi\u0107 p\u0142atnej subskrypcji ani podawa\u0107 danych swojej karty, aby uzyska\u0107 dost\u0119p do us\u0142ugi Elfsight. Je\u015bli napotkasz jakiekolwiek problemy, skontaktuj si\u0119 z naszym personelem pomocy technicznej.<\/p><\/div>\r\n\t\t\t\t\t<\/div>\r\n\t\t\t\t<\/div><\/div>","protected":false},"excerpt":{"rendered":"","protected":false},"author":9,"featured_media":0,"parent":2100,"menu_order":0,"comment_status":"closed","ping_status":"closed","template":"templates\/template-application-platform.php","meta":{"publish_to_discourse":"","publish_post_category":"","wpdc_auto_publish_overridden":"","wpdc_topic_tags":"","wpdc_pin_topic":"","wpdc_pin_until":"","discourse_post_id":"","discourse_permalink":"","wpdc_publishing_response":"","wpdc_publishing_error":"","footnotes":""},"class_list":["post-7077","page","type-page","status-publish","hentry"],"yoast_head":"<!-- This site is optimized with the Yoast SEO plugin v25.3.1 - https:\/\/yoast.com\/wordpress\/plugins\/seo\/ -->\n<title>Wid\u017cet HTML Twittera \u2014 dodaj kod kana\u0142u Twiiter do witryny internetowej (w 2 krokach)<\/title>\n<meta name=\"description\" content=\"Wy\u015bwietl najlepszy wid\u017cet kana\u0142u Twitter na swojej witrynie HTML. Odkryj edytor na \u017cywo Elfsight i wygeneruj sw\u00f3j kod HTML na Twitterze w zaledwie 2 minuty.\" \/>\n<meta name=\"robots\" content=\"index, follow, max-snippet:-1, max-image-preview:large, max-video-preview:-1\" \/>\n<link rel=\"canonical\" href=\"https:\/\/elfsight.com\/pl\/twitter-feed-widget\/html\/\" \/>\n<meta property=\"og:locale\" content=\"pl_PL\" \/>\n<meta property=\"og:type\" content=\"article\" \/>\n<meta property=\"og:title\" content=\"Wid\u017cet HTML Twittera \u2014 dodaj kod kana\u0142u Twiiter do witryny internetowej (w 2 krokach)\" \/>\n<meta property=\"og:description\" content=\"Wy\u015bwietl najlepszy wid\u017cet kana\u0142u Twitter na swojej witrynie HTML. Odkryj edytor na \u017cywo Elfsight i wygeneruj sw\u00f3j kod HTML na Twitterze w zaledwie 2 minuty.\" \/>\n<meta property=\"og:url\" content=\"https:\/\/elfsight.com\/pl\/twitter-feed-widget\/html\/\" \/>\n<meta property=\"og:site_name\" content=\"Elfsight PL\" \/>\n<meta property=\"article:modified_time\" content=\"2024-11-14T12:45:18+00:00\" \/>\n<meta name=\"twitter:card\" content=\"summary_large_image\" \/>\n<meta name=\"twitter:label1\" content=\"Szacowany czas czytania\" \/>\n\t<meta name=\"twitter:data1\" content=\"3 minuty\" \/>\n<!-- \/ Yoast SEO plugin. -->","yoast_head_json":{"title":"Wid\u017cet HTML Twittera \u2014 dodaj kod kana\u0142u Twiiter do witryny internetowej (w 2 krokach)","description":"Wy\u015bwietl najlepszy wid\u017cet kana\u0142u Twitter na swojej witrynie HTML. Odkryj edytor na \u017cywo Elfsight i wygeneruj sw\u00f3j kod HTML na Twitterze w zaledwie 2 minuty.","robots":{"index":"index","follow":"follow","max-snippet":"max-snippet:-1","max-image-preview":"max-image-preview:large","max-video-preview":"max-video-preview:-1"},"canonical":"https:\/\/elfsight.com\/pl\/twitter-feed-widget\/html\/","og_locale":"pl_PL","og_type":"article","og_title":"Wid\u017cet HTML Twittera \u2014 dodaj kod kana\u0142u Twiiter do witryny internetowej (w 2 krokach)","og_description":"Wy\u015bwietl najlepszy wid\u017cet kana\u0142u Twitter na swojej witrynie HTML. Odkryj edytor na \u017cywo Elfsight i wygeneruj sw\u00f3j kod HTML na Twitterze w zaledwie 2 minuty.","og_url":"https:\/\/elfsight.com\/pl\/twitter-feed-widget\/html\/","og_site_name":"Elfsight PL","article_modified_time":"2024-11-14T12:45:18+00:00","twitter_card":"summary_large_image","twitter_misc":{"Szacowany czas czytania":"3 minuty"},"schema":{"@context":"https:\/\/schema.org","@graph":[{"@type":"WebPage","@id":"https:\/\/elfsight.com\/pl\/twitter-feed-widget\/html\/","url":"https:\/\/elfsight.com\/pl\/twitter-feed-widget\/html\/","name":"Wid\u017cet HTML Twittera \u2014 dodaj kod kana\u0142u Twiiter do witryny internetowej (w 2 krokach)","isPartOf":{"@id":"https:\/\/elfsight.com\/pl\/#website"},"datePublished":"1970-01-01T00:00:00+00:00","dateModified":"2024-11-14T12:45:18+00:00","description":"Wy\u015bwietl najlepszy wid\u017cet kana\u0142u Twitter na swojej witrynie HTML. Odkryj edytor na \u017cywo Elfsight i wygeneruj sw\u00f3j kod HTML na Twitterze w zaledwie 2 minuty.","breadcrumb":{"@id":"https:\/\/elfsight.com\/pl\/twitter-feed-widget\/html\/#breadcrumb"},"inLanguage":"pl-PL","potentialAction":[{"@type":"ReadAction","target":["https:\/\/elfsight.com\/pl\/twitter-feed-widget\/html\/"]}]},{"@type":"BreadcrumbList","@id":"https:\/\/elfsight.com\/pl\/twitter-feed-widget\/html\/#breadcrumb","itemListElement":[{"@type":"ListItem","position":1,"name":"Home","item":"https:\/\/elfsight.com\/pl\/"},{"@type":"ListItem","position":2,"name":"Twitter Feed","item":"https:\/\/elfsight.com\/pl\/twitter-feed-widget\/"},{"@type":"ListItem","position":3,"name":"Twitter Feed &#8211; HTML"}]},{"@type":"WebSite","@id":"https:\/\/elfsight.com\/pl\/#website","url":"https:\/\/elfsight.com\/pl\/","name":"Elfsight PL","description":"Just another Elfsight Sites site","potentialAction":[{"@type":"SearchAction","target":{"@type":"EntryPoint","urlTemplate":"https:\/\/elfsight.com\/pl\/?s={search_term_string}"},"query-input":{"@type":"PropertyValueSpecification","valueRequired":true,"valueName":"search_term_string"}}],"inLanguage":"pl-PL"}]}},"meta_box":{"industry":"","seo_heading":"","heading":"","description":"","cta_heading":"","cta_description":"","application":"2099","h1":"Wid\u017cet HTML na Twitterze","h1_caption":"Osadzaj tweety ze swojego konta na Twitterze lub za pomoc\u0105 hashtagu, aby bez wysi\u0142ku informowa\u0107 odwiedzaj\u0105cych o tre\u015bciach w czasie rzeczywistym w Twojej witrynie HTML.","application_category":[],"applications_title":"","applications_request_title":"","applications_request_button_text":"","hero_text":"","hero_video":"","hero_video_schema_markup":"","selling_points_title":"","selling_points_caption":"","selling_points":[],"selling_points_cta_text":"","features_title":"","features":"","ed_cta_examples_text":"","ed_cta_examples_hidden":"","ed_cta_demo_text":"","ed_cta_demo_hidden":"","why_caption":"","why_editor_title":"","why_editor_text":"","why_team_title":"","why_team_text":"","why_service_title":"","why_service_text":"","template_catalog_visible":"","template_catalog_title":"","template_catalog_text":"","template_catalog_categories_visible":"","demo_title":"Utw\u00f3rz wid\u017cet kana\u0142u Twitter","demo_caption":"Skonfiguruj sw\u00f3j kana\u0142 na Twitterze i dodaj go do swojej witryny HTML za darmo!","default_faq_hidden":"","app_template_category":[],"platform":"50","template_public_id":"","codecanyon_url":"","codecanyon_item_id":"","codecanyon_price":"","pricing_caption":"","pricing_elfsight_apps_hide_column":"","pricing_elfsight_apps_url":"","pricing_codecanyon_price_caption":"","integration_category":[],"integration_request_title":"","integration_request_cta":"","integration_platform":"","integrations":[],"platform_category":[],"video_schema_markup":"","price":"od 0 USD \/ miesi\u0105c","trial":"","benefits":[{"text":"Bezp\u0142atna pomoc w instalacji"},{"text":"Profesjonalna obs\u0142uga klienta"},{"text":"14-dniowa gwarancja zwrotu pieni\u0119dzy"}],"button_url":"#demo","button_target_blank":"","button_nofollow":"","attributes":[{"name":"Instaluje"},{"name":"Czu\u0142y"},{"name":"Kompatybilne przegl\u0105darki"}],"tags":[],"tags_disable_links":"","hide_more_platforms":"","video_object":"","demo_hide_cta":"","demo_hide_cloud_options":"","pricing_title":"","pricing":[{"pricing_icon":"platform","pricing_title":"Elfsight Apps","pricing_title_caption":"Wieloplatformowe rozwi\u0105zanie cyfrowe","pricing_price":"od 0 USD \/ miesi\u0105c","pricing_price_caption":"zacznij od bezp\u0142atnego planu","pricing_benefits":[{"text":"Nielimitowane strony internetowe"},{"text":"Profesjonalne wsparcie firmy"},{"text":"Bezp\u0142atna pomoc w monta\u017cu"},{"text":"Oferta ograniczona czasowo dla wielu aplikacji"}],"pricing_button_text":"Dodaj do witryny","pricing_button_url":"#demo"}],"related_apps_title":"","related_apps_hidden":"","author":"","image":[],"title":"","job":"","social_networks":[]},"_links":{"self":[{"href":"https:\/\/elfsight.com\/pl\/wp-json\/wp\/v2\/pages\/7077","targetHints":{"allow":["GET"]}}],"collection":[{"href":"https:\/\/elfsight.com\/pl\/wp-json\/wp\/v2\/pages"}],"about":[{"href":"https:\/\/elfsight.com\/pl\/wp-json\/wp\/v2\/types\/page"}],"author":[{"embeddable":true,"href":"https:\/\/elfsight.com\/pl\/wp-json\/wp\/v2\/users\/9"}],"replies":[{"embeddable":true,"href":"https:\/\/elfsight.com\/pl\/wp-json\/wp\/v2\/comments?post=7077"}],"version-history":[{"count":2,"href":"https:\/\/elfsight.com\/pl\/wp-json\/wp\/v2\/pages\/7077\/revisions"}],"predecessor-version":[{"id":8090,"href":"https:\/\/elfsight.com\/pl\/wp-json\/wp\/v2\/pages\/7077\/revisions\/8090"}],"up":[{"embeddable":true,"href":"https:\/\/elfsight.com\/pl\/wp-json\/wp\/v2\/pages\/2100"}],"wp:attachment":[{"href":"https:\/\/elfsight.com\/pl\/wp-json\/wp\/v2\/media?parent=7077"}],"curies":[{"name":"wp","href":"https:\/\/api.w.org\/{rel}","templated":true}]}}