{"id":7072,"date":"1970-01-01T00:00:00","date_gmt":"1970-01-01T00:00:00","guid":{"rendered":"https:\/\/elfsight.com\/pl\/?page_id=7072"},"modified":"2025-06-20T09:35:33","modified_gmt":"2025-06-20T09:35:33","slug":"magento","status":"publish","type":"page","link":"https:\/\/elfsight.com\/pl\/twitter-feed-widget\/magento\/","title":{"rendered":"Twitter Feed &#8211; Magento"},"content":{"rendered":"<div class=\"application-platform-content-item-description application-platform-content-item\" id=\"description\" data-nav-section=\"description\">\n<h2>Opis<\/h2>\n<p>Dzi\u0119ki **kana\u0142owi Elfsight na Twitterze** dodanie kana\u0142u Twitter lub wybranych tweet\u00f3w na stronie Magento jest absolutnie proste. Zwi\u0119ksz aktywno\u015b\u0107 u\u017cytkownik\u00f3w i zwi\u0119ksz zaufanie klient\u00f3w, prezentuj\u0105c o\u015b czasu na Twitterze lub chwal\u0105c si\u0119 opiniami klient\u00f3w na Twitterze na temat Twoich produkt\u00f3w. Najcenniejsze zalety aplikacji Elfsight Twitter dla strony internetowej to predefiniowane szablony dla wszystkich przypadk\u00f3w u\u017cycia i r\u00f3\u017cnorodne ustawienia wraz z elastycznym projektem.<\/p>\n<p><b>Zwi\u0119ksz poziom zaanga\u017cowania swojej witryny i spraw, aby by\u0142a ona wiarygodna dla Twoich u\u017cytkownik\u00f3w.<\/b><\/p>\n<ul>\n    <li><b>Zatrzymaj odbiorc\u00f3w w witrynie<\/b>.<br>Zatrzymaj odbiorc\u00f3w w witrynie na d\u0142u\u017cej, ujawniaj\u0105c starannie wybrane tweety na powi\u0105zane tematy lub anga\u017cuj je w konkursy promowane na Twitterze.<\/li>\n    <li><b>Zwi\u0119ksz liczb\u0119 obserwuj\u0105cych<\/b>.<br>Interaktywny kana\u0142 Elfsight na Twitterze umo\u017cliwia klientom subskrybowanie Twojego konta prosto z Twojej witryny. Mo\u017cesz wi\u0119c skorzysta\u0107 z jeszcze jednego \u017ar\u00f3d\u0142a obserwuj\u0105cych i rozwija\u0107 swoj\u0105 spo\u0142eczno\u015b\u0107 na Twitterze.<\/li>\n    <li><b>Zwi\u0119ksz zaufanie dzi\u0119ki tweetom z referencjami<\/b>.<br>Wybierz z Twittera najlepsze referencje klient\u00f3w na temat Twojej firmy i odkryj je w swojej witrynie, aby podnie\u015b\u0107 poziom wiarygodno\u015bci i sprawi\u0107, \u017ce Twoje produkty b\u0119d\u0105 wygl\u0105da\u0107 jeszcze atrakcyjniej dla u\u017cytkownik\u00f3w.<\/li>\n<\/ul>\n<\/div>\n\n<div class=\"application-platform-content-item-features application-platform-content-item\" id=\"features\" data-nav-section=\"features\">\n<h2>Funkcje<\/h2>\n<p>G\u0142\u00f3wne zalety rozszerzenia Elfsight, kt\u00f3re pomagaj\u0105 mu sta\u0107 si\u0119 wiod\u0105cym rozwi\u0105zaniem do wy\u015bwietlania w Magento:<\/p>\n<ul>\n    <li>Wy\u015bwietlaj tweety ze swojego konta lub wybierz wed\u0142ug hashtagu;<\/li>\n    <li>Wybierz pe\u0142ny lub kompaktowy uk\u0142ad nag\u0142\u00f3wka;<\/li>\n    <li>Obs\u0142ugiwane s\u0105 wszystkie akcje tweeta: odpowied\u017a, retweet, polubienie;<\/li>\n    <li>Limit wy\u015bwietlania tweet\u00f3w w kanale;<\/li>\n    <li>Liczba retweet\u00f3w, liczba polubie\u0144 w tweetach.<\/li>\n<\/ul>\n<p><a href=\"#demo\">Odkryj pe\u0142n\u0105 list\u0119 funkcji w panelu<\/a><\/p>\n<\/div>\n\n<div class=\"application-platform-content-item-installation application-platform-content-item\" id=\"installation\" data-nav-section=\"installation\">\n<h2>Jak doda\u0107 rozszerzenie Twittera do Magento<\/h2>\n<p>Wystarczy zastosowa\u0107 instrukcje poni\u017cej, aby zainstalowa\u0107 narz\u0119dzie w Magento.<\/p>\n<ol>\n    <li><b>Uruchom nasz darmowy konfigurator i zacznij tworzy\u0107 sw\u00f3j w\u0142asny instrument.<\/b><br>Okre\u015bl po\u017c\u0105dany interfejs i parametry rozszerzenia Twitter Feed i zastosuj zmiany.<\/li>\n    <li><b>Zdob\u0105d\u017a unikalny kod widoczny w pude\u0142ku w aplikacjach Elfsight.<\/b><br>Po zako\u0144czeniu tworzenia osobistego narz\u0119dzia skopiuj indywidualny kod z wy\u015bwietlonego wyskakuj\u0105cego okienka i zachowaj go na p\u00f3\u017aniej.<\/li>\n    <li><b>Rozpocznij korzystanie z narz\u0119dzia na swojej stronie g\u0142\u00f3wnej Magento.<\/b><br>Umie\u015b\u0107 ostatnio skopiowany kod na swojej stronie internetowej i zapisz zmiany.<\/li>\n    <li><b>Gotowe! Konfiguracja zosta\u0142a ca\u0142kowicie zako\u0144czona.<\/b><br>Przejd\u017a do swojej witryny i sprawd\u017a, jak dzia\u0142a narz\u0119dzie.<\/li>\n<\/ol>\n<p>Wyst\u0119puj\u0105 jakie\u015b trudno\u015bci podczas wy\u015bwietlania lub dostosowywania rozszerzenia? Sprawd\u017a <a href=\"https:\/\/elfsight.com\/tutorials\/how-to-add-twitter-feed-extension-to-magento\/\" target=\"_blank\" rel=\"noopener noreferrer\">obszerny przewodnik<\/a> o osadzeniu rozszerzenia lub zostaw zapytanie w naszym Centrum pomocy.<\/p>\n<\/div>\n\n<div class=\"faq\" data-component=\"FAQ\">\n<div class=\"faq-item\">\r\n\t\t\t\t\t<div class=\"faq-item-question\">\r\n\t\t\t\t\t\t<h3 class=\"faq-item-question-text\">W jaki spos\u00f3b mog\u0119 doda\u0107 kana\u0142 Twittera do mojej strony g\u0142\u00f3wnej Magento bez kodowania?<\/h3>\r\n\r\n\t\t\t\t\t\t<div class=\"faq-item-question-icon\"><\/div>\r\n\t\t\t\t\t<\/div>\r\n\r\n\t\t\t\t\t<div class=\"faq-item-answer\">\r\n\t\t\t\t\t\t<div class=\"faq-item-answer-text\">\n<p>Firma Elfsight zapewnia rozwi\u0105zanie, kt\u00f3re pozwala w\u0142a\u015bcicielom witryn samodzielnie zbudowa\u0107 wid\u017cet Twitter Feed i przekonaj si\u0119, jak prosty jest ten proces:<\/p>\n<ul>\n    <li>Rozpocznij prac\u0119 bezpo\u015brednio w wersji demo online, aby utworzy\u0107 aplikacj\u0119 Twitter Feed, kt\u00f3r\u0105 chcesz umie\u015bci\u0107 w swoim Magento.<\/li>\n    <li>Wybierz jeden z wst\u0119pnie zaprojektowanych szablon\u00f3w i zmie\u0144 ustawienia Twitter Feed, zmie\u0144 uk\u0142ad i kolory, zaktualizuj swoj\u0105 tre\u015b\u0107 bez konieczno\u015bci programowania.<\/li>\n    <li>Zapisz kana\u0142 Twitter i uzyskaj kod instalacyjny, kt\u00f3ry mo\u017cesz bezp\u0142atnie doda\u0107 w witrynie Magento.<\/li>\n<\/ul>\n<p>Korzystaj\u0105c z naszego \u0142atwego w u\u017cyciu edytora, ka\u017cdy u\u017cytkownik sieci mo\u017ce za\u0142o\u017cy\u0107 aplikacj\u0119 Twitter Feed online i \u0142atwo doda\u0107 j\u0105 do witryny Magento. Nie powiniene\u015b p\u0142aci\u0107 ani podawa\u0107 danych swojej karty, aby uzyska\u0107 dost\u0119p do us\u0142ugi Elfsight. Je\u015bli napotkasz jakiekolwiek przeszkody, skontaktuj si\u0119 z naszym zespo\u0142em pomocy.<\/p>\n<\/div>\r\n\t\t\t\t\t<\/div>\r\n\t\t\t\t<\/div>\n<\/div>","protected":false},"excerpt":{"rendered":"","protected":false},"author":9,"featured_media":0,"parent":2100,"menu_order":0,"comment_status":"closed","ping_status":"closed","template":"templates\/template-application-platform.php","meta":{"publish_to_discourse":"","publish_post_category":"","wpdc_auto_publish_overridden":"","wpdc_topic_tags":"","wpdc_pin_topic":"","wpdc_pin_until":"","discourse_post_id":"","discourse_permalink":"","wpdc_publishing_response":"","wpdc_publishing_error":"","footnotes":""},"class_list":["post-7072","page","type-page","status-publish","hentry"],"yoast_head":"<!-- This site is optimized with the Yoast SEO plugin v25.3.1 - https:\/\/yoast.com\/wordpress\/plugins\/seo\/ -->\n<title>Magento Twitter Feed - Dodaj rozszerzenie Twittera do witryny Magento<\/title>\n<meta name=\"description\" content=\"Stw\u00f3rz swoje najlepsze rozszerzenie Twittera dla strony Magento za darmo! Stw\u00f3rz unikalny modu\u0142 Twitter Feed w Elfsight tylko w 2 minuty.\" \/>\n<meta name=\"robots\" content=\"index, follow, max-snippet:-1, max-image-preview:large, max-video-preview:-1\" \/>\n<link rel=\"canonical\" href=\"https:\/\/elfsight.com\/pl\/twitter-feed-widget\/magento\/\" \/>\n<meta property=\"og:locale\" content=\"pl_PL\" \/>\n<meta property=\"og:type\" content=\"article\" \/>\n<meta property=\"og:title\" content=\"Magento Twitter Feed - Dodaj rozszerzenie Twittera do witryny Magento\" \/>\n<meta property=\"og:description\" content=\"Stw\u00f3rz swoje najlepsze rozszerzenie Twittera dla strony Magento za darmo! Stw\u00f3rz unikalny modu\u0142 Twitter Feed w Elfsight tylko w 2 minuty.\" \/>\n<meta property=\"og:url\" content=\"https:\/\/elfsight.com\/pl\/twitter-feed-widget\/magento\/\" \/>\n<meta property=\"og:site_name\" content=\"Elfsight PL\" \/>\n<meta property=\"article:modified_time\" content=\"2025-06-20T09:35:33+00:00\" \/>\n<meta name=\"twitter:card\" content=\"summary_large_image\" \/>\n<meta name=\"twitter:label1\" content=\"Szacowany czas czytania\" \/>\n\t<meta name=\"twitter:data1\" content=\"3 minuty\" \/>\n<!-- \/ Yoast SEO plugin. -->","yoast_head_json":{"title":"Magento Twitter Feed - Dodaj rozszerzenie Twittera do witryny Magento","description":"Stw\u00f3rz swoje najlepsze rozszerzenie Twittera dla strony Magento za darmo! Stw\u00f3rz unikalny modu\u0142 Twitter Feed w Elfsight tylko w 2 minuty.","robots":{"index":"index","follow":"follow","max-snippet":"max-snippet:-1","max-image-preview":"max-image-preview:large","max-video-preview":"max-video-preview:-1"},"canonical":"https:\/\/elfsight.com\/pl\/twitter-feed-widget\/magento\/","og_locale":"pl_PL","og_type":"article","og_title":"Magento Twitter Feed - Dodaj rozszerzenie Twittera do witryny Magento","og_description":"Stw\u00f3rz swoje najlepsze rozszerzenie Twittera dla strony Magento za darmo! Stw\u00f3rz unikalny modu\u0142 Twitter Feed w Elfsight tylko w 2 minuty.","og_url":"https:\/\/elfsight.com\/pl\/twitter-feed-widget\/magento\/","og_site_name":"Elfsight PL","article_modified_time":"2025-06-20T09:35:33+00:00","twitter_card":"summary_large_image","twitter_misc":{"Szacowany czas czytania":"3 minuty"},"schema":{"@context":"https:\/\/schema.org","@graph":[{"@type":"WebPage","@id":"https:\/\/elfsight.com\/pl\/twitter-feed-widget\/magento\/","url":"https:\/\/elfsight.com\/pl\/twitter-feed-widget\/magento\/","name":"Magento Twitter Feed - Dodaj rozszerzenie Twittera do witryny Magento","isPartOf":{"@id":"https:\/\/elfsight.com\/pl\/#website"},"datePublished":"1970-01-01T00:00:00+00:00","dateModified":"2025-06-20T09:35:33+00:00","description":"Stw\u00f3rz swoje najlepsze rozszerzenie Twittera dla strony Magento za darmo! Stw\u00f3rz unikalny modu\u0142 Twitter Feed w Elfsight tylko w 2 minuty.","breadcrumb":{"@id":"https:\/\/elfsight.com\/pl\/twitter-feed-widget\/magento\/#breadcrumb"},"inLanguage":"pl-PL","potentialAction":[{"@type":"ReadAction","target":["https:\/\/elfsight.com\/pl\/twitter-feed-widget\/magento\/"]}]},{"@type":"BreadcrumbList","@id":"https:\/\/elfsight.com\/pl\/twitter-feed-widget\/magento\/#breadcrumb","itemListElement":[{"@type":"ListItem","position":1,"name":"Home","item":"https:\/\/elfsight.com\/pl\/"},{"@type":"ListItem","position":2,"name":"Twitter Feed","item":"https:\/\/elfsight.com\/pl\/twitter-feed-widget\/"},{"@type":"ListItem","position":3,"name":"Twitter Feed &#8211; Magento"}]},{"@type":"WebSite","@id":"https:\/\/elfsight.com\/pl\/#website","url":"https:\/\/elfsight.com\/pl\/","name":"Elfsight PL","description":"Just another Elfsight Sites site","potentialAction":[{"@type":"SearchAction","target":{"@type":"EntryPoint","urlTemplate":"https:\/\/elfsight.com\/pl\/?s={search_term_string}"},"query-input":{"@type":"PropertyValueSpecification","valueRequired":true,"valueName":"search_term_string"}}],"inLanguage":"pl-PL"}]}},"meta_box":{"industry":"","seo_heading":"","heading":"","description":"","cta_heading":"","cta_description":"","application":"2099","h1":"Kana\u0142 Magento na Twitterze","h1_caption":"Osadzaj tweety ze swojego konta na Twitterze lub za pomoc\u0105 hashtagu, aby bez wysi\u0142ku informowa\u0107 odwiedzaj\u0105cych o tre\u015bciach w czasie rzeczywistym na Twojej stronie Magento.","application_category":[],"applications_title":"","applications_request_title":"","applications_request_button_text":"","hero_text":"","hero_video":"","hero_video_schema_markup":"","selling_points_title":"","selling_points_caption":"","selling_points":[],"selling_points_cta_text":"","features_title":"","features":"","ed_cta_examples_text":"","ed_cta_examples_hidden":"","ed_cta_demo_text":"","ed_cta_demo_hidden":"","why_caption":"","why_editor_title":"","why_editor_text":"","why_team_title":"","why_team_text":"","why_service_title":"","why_service_text":"","template_catalog_visible":"0","template_catalog_title":"","template_catalog_text":"","template_catalog_categories_visible":"","demo_title":"Utw\u00f3rz rozszerzenie kana\u0142u Twitter","demo_caption":"Skonfiguruj sw\u00f3j kana\u0142 na Twitterze i dodaj go do swojej witryny Magento za darmo!","default_faq_hidden":"","app_template_category":[],"platform":"92","template_public_id":"","codecanyon_url":"","codecanyon_item_id":"","codecanyon_price":"","pricing_caption":"","pricing_elfsight_apps_hide_column":"","pricing_elfsight_apps_url":"","pricing_codecanyon_price_caption":"","integration_category":[],"integration_request_title":"","integration_request_cta":"","integration_platform":"","integrations":[],"platform_category":[],"video_schema_markup":"","price":"od 0 USD \/ miesi\u0105c","trial":"","benefits":[{"text":"Bezp\u0142atna pomoc w monta\u017cu"},{"text":"Wsparcie premium"},{"text":"14-dniowa gwarancja zwrotu pieni\u0119dzy"}],"button_url":"#demo","button_target_blank":"0","button_nofollow":"0","attributes":[{"name":"Instaluje"},{"name":"Czu\u0142y"},{"name":"Kompatybilne przegl\u0105darki"}],"tags":[],"tags_disable_links":"0","hide_more_platforms":"0","video_object":"","demo_hide_cta":"0","demo_hide_cloud_options":"0","pricing_title":"","pricing":[{"pricing_icon":"platform","pricing_title":"Elfsight Apps","pricing_title_caption":"Wersja wieloplatformowa, kt\u00f3ra dzia\u0142a na ka\u017cdej stronie internetowej","pricing_price":"od 0 USD \/ miesi\u0105c","pricing_price_caption":"zacznij od bezp\u0142atnego planu","pricing_benefits":[{"text":"Nielimitowane strony internetowe"},{"text":"Dedykowana obs\u0142uga klienta i dobrze udokumentowana"},{"text":"Bezp\u0142atna us\u0142uga monta\u017cu"},{"text":"Elastyczny projekt"}],"pricing_button_text":"Dodaj do witryny","pricing_button_url":"#demo"}],"related_apps_title":"","related_apps_hidden":"0","author":"","image":[],"title":"","job":"","social_networks":[]},"_links":{"self":[{"href":"https:\/\/elfsight.com\/pl\/wp-json\/wp\/v2\/pages\/7072","targetHints":{"allow":["GET"]}}],"collection":[{"href":"https:\/\/elfsight.com\/pl\/wp-json\/wp\/v2\/pages"}],"about":[{"href":"https:\/\/elfsight.com\/pl\/wp-json\/wp\/v2\/types\/page"}],"author":[{"embeddable":true,"href":"https:\/\/elfsight.com\/pl\/wp-json\/wp\/v2\/users\/9"}],"replies":[{"embeddable":true,"href":"https:\/\/elfsight.com\/pl\/wp-json\/wp\/v2\/comments?post=7072"}],"version-history":[{"count":2,"href":"https:\/\/elfsight.com\/pl\/wp-json\/wp\/v2\/pages\/7072\/revisions"}],"predecessor-version":[{"id":10189,"href":"https:\/\/elfsight.com\/pl\/wp-json\/wp\/v2\/pages\/7072\/revisions\/10189"}],"up":[{"embeddable":true,"href":"https:\/\/elfsight.com\/pl\/wp-json\/wp\/v2\/pages\/2100"}],"wp:attachment":[{"href":"https:\/\/elfsight.com\/pl\/wp-json\/wp\/v2\/media?parent=7072"}],"curies":[{"name":"wp","href":"https:\/\/api.w.org\/{rel}","templated":true}]}}