{"id":7071,"date":"1970-01-01T00:00:00","date_gmt":"1970-01-01T00:00:00","guid":{"rendered":"https:\/\/elfsight.com\/pl\/?page_id=7071"},"modified":"2024-11-14T12:45:08","modified_gmt":"2024-11-14T12:45:08","slug":"jquery","status":"publish","type":"page","link":"https:\/\/elfsight.com\/pl\/twitter-feed-widget\/jquery\/","title":{"rendered":"Twitter Feed &#8211; jQuery"},"content":{"rendered":"<div class=\"application-platform-content-item-description application-platform-content-item\" id=\"description\" data-nav-section=\"description\"><h2>Opis<\/h2><p>Elfsight Twitter Feed to elastyczny widget, umo\u017cliwiaj\u0105cy wprowadzenie wid\u017cetu Twittera lub okre\u015blonych tweet\u00f3w na Twojej witrynie jQuery . Mo\u017cesz wy\u015bwietli\u0107 sw\u00f3j kana\u0142 informacyjny na Twitterze lub pokaza\u0107 tweety z referencjami, aby zwi\u0119kszy\u0107 zaanga\u017cowanie odwiedzaj\u0105cych i zaufanie klient\u00f3w. To, co sprawia, \u017ce \u200b\u200bnasz widget jest jednym z najfajniejszych w swoim rodzaju dla ka\u017cdej witryny, to ogromna liczba opcji, predefiniowane szablony odpowiednie do ka\u017cdego przypadku u\u017cycia i jego dostosowywalny wygl\u0105d.<\/p><p><b>Zwi\u0119ksz zaanga\u017cowanie u\u017cytkownik\u00f3w i zaufanie do nich Twoja witryna<\/b><\/p><ul><li><b>Zwi\u0119ksz wsp\u00f3\u0142czynnik zaanga\u017cowania<\/b>.<br>Wprowad\u017a na swojej stronie o\u017cywion\u0105 tre\u015b\u0107 jednego z najpopularniejszych medi\u00f3w spo\u0142eczno\u015bciowych, aby przyci\u0105gn\u0105\u0107 uwag\u0119 klient\u00f3w. Zwi\u0119ksz poziom zaanga\u017cowania w swojej witrynie.<\/li><li><b>Promuj jednocze\u015bnie sw\u00f3j Twitter i witryn\u0119<\/b>.<br>Twoja witryna to kolejny spos\u00f3b promocji Twojego profilu na Twitterze, za pomoc\u0105 retweetowanie i odpowiadanie obs\u0142ugiwane ze strony internetowej. Jednocze\u015bnie wi\u0119ksze zaanga\u017cowanie i dow\u00f3d spo\u0142eczny na stronie przek\u0142adaj\u0105 si\u0119 na lepsze wyniki SEO.<\/li><li><b>Nieskazitelny dow\u00f3d spo\u0142eczny zapewniaj\u0105cy wi\u0119ksze zaufanie<\/b>.<br>Poka\u017c, jak dynamicznie prowadzisz swojego Twittera profil, aby przekona\u0107 klient\u00f3w, \u017ce Twoja firma jest aktywna i jeste\u015b otwarty na komunikacj\u0119 i zbli\u017cenie si\u0119 do swoich klient\u00f3w.<\/li><\/ul><p><\/div><\/p><div class=\"application-platform-content-item-features  application-platform-content-item\" id=\"features \" data-nav-section=\"features \"><\/p><h2>Funkcje<\/h2><p>Jakie cechy sprawiaj\u0105, \u017ce wtyczka Elfsight jest najlepsza dla dowolnej witryny jQuery? Odkryj jego najwa\u017cniejsze zalety:<\/p><ul><li>Oce\u0144 referencje Tweety z gwiazdkami;<\/li><li>Ustaw szeroko\u015b\u0107 wid\u017cetu lub ustaw na pe\u0142n\u0105 szeroko\u015b\u0107;<\/li><li>Wskazanie retweet\u00f3w w kanale; <\/li><li>Specjalna ikona do oznaczania zweryfikowanych kont;<\/li><li>Automatyczne kolorowanie kana\u0142u kolorem motywu z Twojego konta na Twitterze.<\/li><\/ul><p><a href=\"# demo\">Mo\u017cesz przetestowa\u0107 wszystkie funkcje za pomoc\u0105 demonstracji na \u017cywo<\/a><\/p><p><\/div><div class=\"application-platform-content-item-installation application-platform-content-item\" id=\"installation\" data-nav-section=\"installation\"><h2>Jak doda\u0107 wtyczk\u0119 Twitter Feed do jQuery<\/h2><p>Kr\u00f3tki plan naszego zespo\u0142u dotycz\u0105cy dodawania i kszta\u0142towania wid\u017cetu bez wiedzy programistycznej. \u015aredni czas trwania wynosi oko\u0142o 3 minuty.<\/p><ol><li><b>Stw\u00f3rz w\u0142asny kana\u0142 na Twitterze<\/b>.<br>Korzystaj\u0105c z naszej bezp\u0142atnej wersji demonstracyjnej, wygeneruj wtyczk\u0119 z wymaganym uk\u0142adem i opcjami.<\/li><li><b>Odbierz kod do integracji wtyczki<\/b>.<br>Po utworzeniu wid\u017cetu uzyskaj kod do wtyczki Twitter z wy\u015bwietlonego okna aplikacji Elfsight.<\/li><li><b>Dodaj wtyczk\u0119 na stronie jQuery<\/b>.<br>Uruchom kod strony w edytorze HTML, zintegruj widget w odpowiednim miejscu (tre\u015b\u0107, stopka, pasek boczny itp.) i zastosuj zmiany.<\/li><li><b>Instalacja zosta\u0142a w pe\u0142ni uko\u0144czona<\/b>.<br>Otw\u00f3rz witryn\u0119 jQuery, aby sprawdzi\u0107 swoje referencje.<\/li><\/ol><p>Wyst\u0105pi\u0142y jakiekolwiek problemy podczas osadzania lub dostosowywania wtyczki ? Przeczytaj <a href=\"https:\/\/elfsight.com\/tutorials\/how-to-add-twitter-feed-plugin-to-jquery\/\" target=\"_blank\" rel=\"noopener noreferrer\">obszerny samouczek<\/a> o tworzeniu wtyczki lub skontaktuj si\u0119 z naszym Centrum pomocy.<\/p><\/div><div class=\"faq\" data-component=\"FAQ\"><div class=\"faq-item\">\r\n\t\t\t\t\t<div class=\"faq-item-question\">\r\n\t\t\t\t\t\t<h3 class=\"faq-item-question-text\">Jak osadzi\u0107 kana\u0142 Twittera na mojej stronie g\u0142\u00f3wnej jQuery bez umiej\u0119tno\u015bci kodowania?<\/h3>\r\n\r\n\t\t\t\t\t\t<div class=\"faq-item-question-icon\"><\/div>\r\n\t\t\t\t\t<\/div>\r\n\r\n\t\t\t\t\t<div class=\"faq-item-answer\">\r\n\t\t\t\t\t\t<div class=\"faq-item-answer-text\"><p>Firma Elfsight dostarcza rozwi\u0105zanie w chmurze, kt\u00f3re umo\u017cliwia samodzielne zbudowanie sekcji Twitter Feed, przekonaj si\u0119, jak nieskomplikowany jest ten proces:<\/p><ul><li>Rozpocznij prac\u0119 bezpo\u015brednio w edytorze na \u017cywo aby utworzy\u0107 sekcj\u0119 Twitter Feed, kt\u00f3ra ma si\u0119 pojawia\u0107 na stronie internetowej jQuery.<\/li><li>Kliknij jeden z gotowych szablon\u00f3w i zmie\u0144 ustawienia Twitter Feed, do\u0142\u0105cz swoj\u0105 tre\u015b\u0107, zmie\u0144 uk\u0142ad i schemat kolor\u00f3w bez \u017cadnych kodowanie.<\/li><li>Kliknij, aby zapisa\u0107 kana\u0142 Twitter i uzyska\u0107 kod do instalacji, kt\u00f3ry mo\u017cna po prostu osadzi\u0107 na stronie internetowej jQuery bez konieczno\u015bci zakupu p\u0142atnej subskrypcji.<\/li><\/ul><p>Korzystaj\u0105c z naszego przyjazny dla u\u017cytkownika edytor Ka\u017cdy u\u017cytkownik Internetu mo\u017ce za\u0142o\u017cy\u0107 kana\u0142 Twitter i po prostu osadzi\u0107 go na swojej stronie internetowej jQuery. Aby wej\u015b\u0107 do Edytora, nie musisz wykupi\u0107 p\u0142atnej subskrypcji ani podawa\u0107 danych logowania do swojej karty. Je\u015bli napotkasz jakiekolwiek przeszkody, nie wahaj si\u0119 skontaktowa\u0107 z naszym dzia\u0142em obs\u0142ugi klienta.<\/p><\/div>\r\n\t\t\t\t\t<\/div>\r\n\t\t\t\t<\/div><\/div>","protected":false},"excerpt":{"rendered":"","protected":false},"author":9,"featured_media":0,"parent":2100,"menu_order":0,"comment_status":"closed","ping_status":"closed","template":"templates\/template-application-platform.php","meta":{"publish_to_discourse":"","publish_post_category":"","wpdc_auto_publish_overridden":"","wpdc_topic_tags":"","wpdc_pin_topic":"","wpdc_pin_until":"","discourse_post_id":"","discourse_permalink":"","wpdc_publishing_response":"","wpdc_publishing_error":"","footnotes":""},"class_list":["post-7071","page","type-page","status-publish","hentry"],"yoast_head":"<!-- This site is optimized with the Yoast SEO plugin v25.3.1 - https:\/\/yoast.com\/wordpress\/plugins\/seo\/ -->\n<title>jQuery Twitter Feed - Dodaj wtyczk\u0119 Twittera do witryny jQuery (w 1 minut\u0119)<\/title>\n<meta name=\"description\" content=\"Wypr\u00f3buj za darmo najlepsz\u0105 wtyczk\u0119 Twitter Feed dla JQuery. \u0141atwa instalacja bez specjalistycznej wiedzy w zakresie tworzenia stron internetowych w zaledwie 2 minuty.\" \/>\n<meta name=\"robots\" content=\"index, follow, max-snippet:-1, max-image-preview:large, max-video-preview:-1\" \/>\n<link rel=\"canonical\" href=\"https:\/\/elfsight.com\/pl\/twitter-feed-widget\/jquery\/\" \/>\n<meta property=\"og:locale\" content=\"pl_PL\" \/>\n<meta property=\"og:type\" content=\"article\" \/>\n<meta property=\"og:title\" content=\"jQuery Twitter Feed - Dodaj wtyczk\u0119 Twittera do witryny jQuery (w 1 minut\u0119)\" \/>\n<meta property=\"og:description\" content=\"Wypr\u00f3buj za darmo najlepsz\u0105 wtyczk\u0119 Twitter Feed dla JQuery. \u0141atwa instalacja bez specjalistycznej wiedzy w zakresie tworzenia stron internetowych w zaledwie 2 minuty.\" \/>\n<meta property=\"og:url\" content=\"https:\/\/elfsight.com\/pl\/twitter-feed-widget\/jquery\/\" \/>\n<meta property=\"og:site_name\" content=\"Elfsight PL\" \/>\n<meta property=\"article:modified_time\" content=\"2024-11-14T12:45:08+00:00\" \/>\n<meta name=\"twitter:card\" content=\"summary_large_image\" \/>\n<meta name=\"twitter:label1\" content=\"Szacowany czas czytania\" \/>\n\t<meta name=\"twitter:data1\" content=\"3 minuty\" \/>\n<!-- \/ Yoast SEO plugin. -->","yoast_head_json":{"title":"jQuery Twitter Feed - Dodaj wtyczk\u0119 Twittera do witryny jQuery (w 1 minut\u0119)","description":"Wypr\u00f3buj za darmo najlepsz\u0105 wtyczk\u0119 Twitter Feed dla JQuery. \u0141atwa instalacja bez specjalistycznej wiedzy w zakresie tworzenia stron internetowych w zaledwie 2 minuty.","robots":{"index":"index","follow":"follow","max-snippet":"max-snippet:-1","max-image-preview":"max-image-preview:large","max-video-preview":"max-video-preview:-1"},"canonical":"https:\/\/elfsight.com\/pl\/twitter-feed-widget\/jquery\/","og_locale":"pl_PL","og_type":"article","og_title":"jQuery Twitter Feed - Dodaj wtyczk\u0119 Twittera do witryny jQuery (w 1 minut\u0119)","og_description":"Wypr\u00f3buj za darmo najlepsz\u0105 wtyczk\u0119 Twitter Feed dla JQuery. \u0141atwa instalacja bez specjalistycznej wiedzy w zakresie tworzenia stron internetowych w zaledwie 2 minuty.","og_url":"https:\/\/elfsight.com\/pl\/twitter-feed-widget\/jquery\/","og_site_name":"Elfsight PL","article_modified_time":"2024-11-14T12:45:08+00:00","twitter_card":"summary_large_image","twitter_misc":{"Szacowany czas czytania":"3 minuty"},"schema":{"@context":"https:\/\/schema.org","@graph":[{"@type":"WebPage","@id":"https:\/\/elfsight.com\/pl\/twitter-feed-widget\/jquery\/","url":"https:\/\/elfsight.com\/pl\/twitter-feed-widget\/jquery\/","name":"jQuery Twitter Feed - Dodaj wtyczk\u0119 Twittera do witryny jQuery (w 1 minut\u0119)","isPartOf":{"@id":"https:\/\/elfsight.com\/pl\/#website"},"datePublished":"1970-01-01T00:00:00+00:00","dateModified":"2024-11-14T12:45:08+00:00","description":"Wypr\u00f3buj za darmo najlepsz\u0105 wtyczk\u0119 Twitter Feed dla JQuery. \u0141atwa instalacja bez specjalistycznej wiedzy w zakresie tworzenia stron internetowych w zaledwie 2 minuty.","breadcrumb":{"@id":"https:\/\/elfsight.com\/pl\/twitter-feed-widget\/jquery\/#breadcrumb"},"inLanguage":"pl-PL","potentialAction":[{"@type":"ReadAction","target":["https:\/\/elfsight.com\/pl\/twitter-feed-widget\/jquery\/"]}]},{"@type":"BreadcrumbList","@id":"https:\/\/elfsight.com\/pl\/twitter-feed-widget\/jquery\/#breadcrumb","itemListElement":[{"@type":"ListItem","position":1,"name":"Home","item":"https:\/\/elfsight.com\/pl\/"},{"@type":"ListItem","position":2,"name":"Twitter Feed","item":"https:\/\/elfsight.com\/pl\/twitter-feed-widget\/"},{"@type":"ListItem","position":3,"name":"Twitter Feed &#8211; jQuery"}]},{"@type":"WebSite","@id":"https:\/\/elfsight.com\/pl\/#website","url":"https:\/\/elfsight.com\/pl\/","name":"Elfsight PL","description":"Just another Elfsight Sites site","potentialAction":[{"@type":"SearchAction","target":{"@type":"EntryPoint","urlTemplate":"https:\/\/elfsight.com\/pl\/?s={search_term_string}"},"query-input":{"@type":"PropertyValueSpecification","valueRequired":true,"valueName":"search_term_string"}}],"inLanguage":"pl-PL"}]}},"meta_box":{"industry":"","seo_heading":"","heading":"","description":"","cta_heading":"","cta_description":"","application":"2099","h1":"Wtyczka jQuery Twitter Feed","h1_caption":"Osadzaj tweety ze swojego konta na Twitterze lub za pomoc\u0105 hashtagu, aby bez wysi\u0142ku informowa\u0107 odwiedzaj\u0105cych o tre\u015bciach w czasie rzeczywistym w Twojej witrynie jQuery.","application_category":[],"applications_title":"","applications_request_title":"","applications_request_button_text":"","hero_text":"","hero_video":"","hero_video_schema_markup":"","selling_points_title":"","selling_points_caption":"","selling_points":[],"selling_points_cta_text":"","features_title":"","features":"","ed_cta_examples_text":"","ed_cta_examples_hidden":"","ed_cta_demo_text":"","ed_cta_demo_hidden":"","why_caption":"","why_editor_title":"","why_editor_text":"","why_team_title":"","why_team_text":"","why_service_title":"","why_service_text":"","template_catalog_visible":"","template_catalog_title":"","template_catalog_text":"","template_catalog_categories_visible":"","demo_title":"Utw\u00f3rz wtyczk\u0119 kana\u0142u Twitter","demo_caption":"Skonfiguruj sw\u00f3j kana\u0142 na Twitterze i dodaj go do swojej witryny jQuery za darmo!","default_faq_hidden":"","app_template_category":[],"platform":"56","template_public_id":"","codecanyon_url":"","codecanyon_item_id":"","codecanyon_price":"","pricing_caption":"","pricing_elfsight_apps_hide_column":"","pricing_elfsight_apps_url":"","pricing_codecanyon_price_caption":"","integration_category":[],"integration_request_title":"","integration_request_cta":"","integration_platform":"","integrations":[],"platform_category":[],"video_schema_markup":"","price":"od 0 USD \/ miesi\u0105c","trial":"","benefits":[{"text":"Bezp\u0142atna us\u0142uga monta\u017cu"},{"text":"Profesjonalna obs\u0142uga klienta"},{"text":"14-dniowa gwarancja zwrotu pieni\u0119dzy"}],"button_url":"#demo","button_target_blank":"","button_nofollow":"","attributes":[{"name":"Instaluje"},{"name":"Czu\u0142y"},{"name":"Kompatybilne przegl\u0105darki"}],"tags":[],"tags_disable_links":"","hide_more_platforms":"","video_object":"","demo_hide_cta":"","demo_hide_cloud_options":"","pricing_title":"","pricing":[{"pricing_icon":"platform","pricing_title":"Elfsight Apps","pricing_title_caption":"Wersja wieloplatformowa, kt\u00f3ra dzia\u0142a na ka\u017cdej stronie internetowej","pricing_price":"od 0 USD \/ miesi\u0105c","pricing_price_caption":"zacznij od bezp\u0142atnego planu","pricing_benefits":[{"text":"Nielimitowane strony internetowe"},{"text":"Ca\u0142odobowe wsparcie firmy i dobrze udokumentowane"},{"text":"Bezp\u0142atne wsparcie instalacyjne"},{"text":"W pe\u0142ni konfigurowalny"}],"pricing_button_text":"Dodaj do witryny","pricing_button_url":"#demo"}],"related_apps_title":"","related_apps_hidden":"","author":"","image":[],"title":"","job":"","social_networks":[]},"_links":{"self":[{"href":"https:\/\/elfsight.com\/pl\/wp-json\/wp\/v2\/pages\/7071","targetHints":{"allow":["GET"]}}],"collection":[{"href":"https:\/\/elfsight.com\/pl\/wp-json\/wp\/v2\/pages"}],"about":[{"href":"https:\/\/elfsight.com\/pl\/wp-json\/wp\/v2\/types\/page"}],"author":[{"embeddable":true,"href":"https:\/\/elfsight.com\/pl\/wp-json\/wp\/v2\/users\/9"}],"replies":[{"embeddable":true,"href":"https:\/\/elfsight.com\/pl\/wp-json\/wp\/v2\/comments?post=7071"}],"version-history":[{"count":1,"href":"https:\/\/elfsight.com\/pl\/wp-json\/wp\/v2\/pages\/7071\/revisions"}],"predecessor-version":[{"id":7075,"href":"https:\/\/elfsight.com\/pl\/wp-json\/wp\/v2\/pages\/7071\/revisions\/7075"}],"up":[{"embeddable":true,"href":"https:\/\/elfsight.com\/pl\/wp-json\/wp\/v2\/pages\/2100"}],"wp:attachment":[{"href":"https:\/\/elfsight.com\/pl\/wp-json\/wp\/v2\/media?parent=7071"}],"curies":[{"name":"wp","href":"https:\/\/api.w.org\/{rel}","templated":true}]}}