{"id":7070,"date":"1970-01-01T00:00:00","date_gmt":"1970-01-01T00:00:00","guid":{"rendered":"https:\/\/elfsight.com\/pl\/?page_id=7070"},"modified":"2025-06-20T09:33:17","modified_gmt":"2025-06-20T09:33:17","slug":"blogger","status":"publish","type":"page","link":"https:\/\/elfsight.com\/pl\/twitter-feed-widget\/blogger\/","title":{"rendered":"Twitter Feed &#8211; Blogger"},"content":{"rendered":"<div class=\"application-platform-content-item-description application-platform-content-item\" id=\"description\" data-nav-section=\"description\">\n<h2>Opis<\/h2>\n<p>Elfsight Twitter Feed to responsywny widget, umo\u017cliwiaj\u0105cy umieszczenie wid\u017cetu Twittera lub wybranych tweet\u00f3w w dowolnej witrynie Bloggera. Mo\u017cesz go u\u017cywa\u0107 do wy\u015bwietlania aktualno\u015bci na Twitterze lub pochwalenia si\u0119 tweetami z referencjami, aby zwi\u0119kszy\u0107 zaanga\u017cowanie u\u017cytkownik\u00f3w i zyska\u0107 wi\u0119ksze zaufanie klient\u00f3w. To, co sprawia, \u017ce wid\u017cet Elfsight jest jednym z wiod\u0105cych wid\u017cet\u00f3w dla ka\u017cdej witryny internetowej, to du\u017ca liczba ustawie\u0144, gotowe do u\u017cycia szablony do dowolnych zastosowa\u0144 i jego adaptacyjny projekt.<\/p>\n<p><b>Podwy\u017csz zaanga\u017cowanie i zaufanie odwiedzaj\u0105cych do Twojej witryny.<\/b><\/p>\n<ul>\n    <li><b>Zatrzymaj odbiorc\u00f3w na stronie d\u0142u\u017cej<\/b>.<br>Zatrzymaj odwiedzaj\u0105cych na Twojej stronie d\u0142u\u017cej, pokazuj\u0105c osobne tweety na najciekawsze tematy lub anga\u017cuj odbiorc\u00f3w, aby wzi\u0119li udzia\u0142 w Twoich dzia\u0142aniach promowanych na Twitterze.<\/li>\n    <li><b>Zwi\u0119ksz liczb\u0119 obserwuj\u0105cych<\/b>.<br>Interaktywny kana\u0142 Elfsight na Twitterze umo\u017cliwia klientom rozpocz\u0119cie bezpo\u015bredniego obserwowania Twojego konta z Twojej witryny. Mo\u017cesz wi\u0119c skorzysta\u0107 z dodatkowego \u017ar\u00f3d\u0142a obserwuj\u0105cych i zwi\u0119kszy\u0107 swoj\u0105 spo\u0142eczno\u015b\u0107 na Twitterze.<\/li>\n    <li><b>Silny dow\u00f3d spo\u0142eczny zapewniaj\u0105cy wi\u0119ksze zaufanie<\/b>.<br>Poka\u017c, jak dynamicznie prowadzisz swoje konto na Twitterze, aby zapewni\u0107 klient\u00f3w, \u017ce Twoja firma ju\u017c dzia\u0142a i chcesz wchodzi\u0107 w interakcj\u0119 i by\u0107 bli\u017cej swoich u\u017cytkownik\u00f3w.<\/li>\n<\/ul>\n<\/div>\n\n<div class=\"application-platform-content-item-features application-platform-content-item\" id=\"features\" data-nav-section=\"features\">\n<h2>Funkcje<\/h2>\n<p>Najcenniejsze funkcje wid\u017cetu Elfsight, kt\u00f3re czyni\u0105 go najlepszym wid\u017cetem Bloggera na Twittera:<\/p>\n<ul>\n    <li>Oceniaj tweety z opiniami za pomoc\u0105 gwiazdek;<\/li>\n    <li>Wybierz pe\u0142ny lub kompaktowy uk\u0142ad nag\u0142\u00f3wka;<\/li>\n    <li>Skopiuj link do tweet\u00f3w;<\/li>\n    <li>Pami\u0119\u0107 podr\u0119czna danych przegl\u0105darki \u2014 szybsze \u0142adowanie dzi\u0119ki wid\u017cetom na kilku stronach;<\/li>\n    <li>Formatowanie tekstu w tweetach, wy\u015bwietlanie zdj\u0119\u0107 i tre\u015bci wideo.<\/li>\n<\/ul>\n<p><a href=\"#demo\">Sprawd\u017a wszystkie funkcje w wersji demonstracyjnej na \u017cywo<\/a><\/p>\n<\/div>\n\n<div class=\"application-platform-content-item-installation application-platform-content-item\" id=\"installation\" data-nav-section=\"installation\">\n<h2>Jak doda\u0107 kana\u0142 Twittera do Bloggera<\/h2>\n<div class=\"video-container\"><iframe width=\"720\" height=\"405\" src=\"https:\/\/www.youtube.com\/embed\/tRITOTmZ5As\" frameborder=\"0\" allowfullscreen=\"\"><\/iframe><\/div>\n<p>Doko\u0144cz integracj\u0119 wid\u017cetu, korzystaj\u0105c z naszej kr\u00f3tkiej instrukcji. Zajmie to mniej ni\u017c kilka minut i nie b\u0119dzie wymaga\u0107 do\u015bwiadczenia w tworzeniu stron internetowych.<\/p>\n<ol>\n    <li><b>Zaprojektuj sw\u00f3j unikalny kana\u0142 na Twitterze<\/b>.<br>Korzystaj\u0105c z naszego bezp\u0142atnego edytora, zmontuj wid\u017cet o preferowanym wygl\u0105dzie i funkcjach.<\/li>\n    <li><b>Skopiuj kod umo\u017cliwiaj\u0105cy wy\u015bwietlenie wid\u017cetu<\/b>.<br>Po ustawieniu wid\u017cetu pobierz kod dla wid\u017cetu Twittera z wyskakuj\u0105cego okna w Elfsight Apps.<\/li>\n    <li><b>Umie\u015b\u0107 wid\u017cet na stronie internetowej<\/b>.<br>Wy\u015bwietl wid\u017cet w wymaganym miejscu strony i zastosuj wyniki.<\/li>\n    <li><b>Osadzanie powiod\u0142o si\u0119!<\/b><br>Odwied\u017a witryn\u0119 Bloggera, aby sprawdzi\u0107 wid\u017cet.<\/li>\n<\/ol>\n<p>Wyst\u0105pi\u0142y problemy podczas konfigurowania lub dostosowywania wid\u017cetu? Spr\u00f3buj zapozna\u0107 si\u0119 z <a href=\"https:\/\/elfsight.com\/tutorials\/how-to-add-twitter-feed-widget-to-blogger\/\" target=\"_blank\" rel=\"noopener noreferrer\">szczeg\u00f3\u0142owy samouczek<\/a> lub napisz do naszego zespo\u0142u pomocy technicznej, podaj\u0105c pe\u0142ny opis problemu. Ch\u0119tnie odpowiemy na Twoje pytania.<\/p>\n<\/div>\n\n<div class=\"faq\" data-component=\"FAQ\">\n<div class=\"faq-item\">\r\n\t\t\t\t\t<div class=\"faq-item-question\">\r\n\t\t\t\t\t\t<h3 class=\"faq-item-question-text\">Czy istnieje spos\u00f3b na osadzenie kana\u0142u Twittera w mojej witrynie Bloggera bez konieczno\u015bci kodowania?<\/h3>\r\n\r\n\t\t\t\t\t\t<div class=\"faq-item-question-icon\"><\/div>\r\n\t\t\t\t\t<\/div>\r\n\r\n\t\t\t\t\t<div class=\"faq-item-answer\">\r\n\t\t\t\t\t\t<div class=\"faq-item-answer-text\">\n<p>Firma Elfsight oferuje rozwi\u0105zanie, kt\u00f3re pozwala u\u017cytkownikom samodzielnie wygenerowa\u0107 aplikacj\u0119 Twitter Feed. Zobacz, jakie to proste:<\/p>\n<ul>\n    <li>Pracuj w edytorze na \u017cywo, aby utworzy\u0107 \u017c\u0105dany wid\u017cet Twitter Feed, aby osadzi\u0107 na stronie g\u0142\u00f3wnej Bloggera.<\/li>\n    <li>Kliknij jeden z wielu wst\u0119pnie zaprojektowanych szablon\u00f3w i dostosuj ustawienia kana\u0142u Twitter, zmie\u0144 uk\u0142ad i schemat kolor\u00f3w, zaktualizuj swoje tre\u015bci bez znajomo\u015bci kodowania.<\/li>\n    <li>Zapisz ustawienia wprowadzone w serwisie Twitter i uzyskaj kod instalacyjny, kt\u00f3ry mo\u017cna \u0142atwo i bezp\u0142atnie umie\u015bci\u0107 na stronie internetowej Bloggera.<\/li>\n<\/ul>\n<p>Dzi\u0119ki naszemu prostemu edytorowi ka\u017cdy u\u017cytkownik Internetu mo\u017ce utworzy\u0107 wtyczk\u0119 Twitter Feed, kt\u00f3r\u0105 mo\u017cna \u0142atwo doda\u0107 do dowolnej strony g\u0142\u00f3wnej Bloggera. Aby wej\u015b\u0107 do Edytora, nie wolno p\u0142aci\u0107 ani ujawnia\u0107 danych uwierzytelniaj\u0105cych karty. Je\u015bli na kt\u00f3rymkolwiek etapie napotkasz jakiekolwiek przeszkody, skontaktuj si\u0119 z naszym personelem pomocy technicznej.<\/p>\n<\/div>\r\n\t\t\t\t\t<\/div>\r\n\t\t\t\t<\/div>\n<\/div>","protected":false},"excerpt":{"rendered":"","protected":false},"author":9,"featured_media":0,"parent":2100,"menu_order":0,"comment_status":"closed","ping_status":"closed","template":"templates\/template-application-platform.php","meta":{"publish_to_discourse":"","publish_post_category":"","wpdc_auto_publish_overridden":"","wpdc_topic_tags":"","wpdc_pin_topic":"","wpdc_pin_until":"","discourse_post_id":"","discourse_permalink":"","wpdc_publishing_response":"","wpdc_publishing_error":"","footnotes":""},"class_list":["post-7070","page","type-page","status-publish","hentry"],"yoast_head":"<!-- This site is optimized with the Yoast SEO plugin v25.3.1 - https:\/\/yoast.com\/wordpress\/plugins\/seo\/ -->\n<title>Wid\u017cet Bloggera na Twitterze \u2014 dodaj kana\u0142 Twittera do witryny Bloggera (w 2 minuty)<\/title>\n<meta name=\"description\" content=\"Zainstaluj wid\u017cet Twitter Feed na Bloggerze w zaledwie 2 minuty i bez kodowania. Sprawd\u017a wszystkie kluczowe funkcje najlepszego widgetu Twittera w darmowym edytorze.\" \/>\n<meta name=\"robots\" content=\"index, follow, max-snippet:-1, max-image-preview:large, max-video-preview:-1\" \/>\n<link rel=\"canonical\" href=\"https:\/\/elfsight.com\/pl\/twitter-feed-widget\/blogger\/\" \/>\n<meta property=\"og:locale\" content=\"pl_PL\" \/>\n<meta property=\"og:type\" content=\"article\" \/>\n<meta property=\"og:title\" content=\"Wid\u017cet Bloggera na Twitterze \u2014 dodaj kana\u0142 Twittera do witryny Bloggera (w 2 minuty)\" \/>\n<meta property=\"og:description\" content=\"Zainstaluj wid\u017cet Twitter Feed na Bloggerze w zaledwie 2 minuty i bez kodowania. Sprawd\u017a wszystkie kluczowe funkcje najlepszego widgetu Twittera w darmowym edytorze.\" \/>\n<meta property=\"og:url\" content=\"https:\/\/elfsight.com\/pl\/twitter-feed-widget\/blogger\/\" \/>\n<meta property=\"og:site_name\" content=\"Elfsight PL\" \/>\n<meta property=\"article:modified_time\" content=\"2025-06-20T09:33:17+00:00\" \/>\n<meta name=\"twitter:card\" content=\"summary_large_image\" \/>\n<meta name=\"twitter:label1\" content=\"Szacowany czas czytania\" \/>\n\t<meta name=\"twitter:data1\" content=\"3 minuty\" \/>\n<!-- \/ Yoast SEO plugin. -->","yoast_head_json":{"title":"Wid\u017cet Bloggera na Twitterze \u2014 dodaj kana\u0142 Twittera do witryny Bloggera (w 2 minuty)","description":"Zainstaluj wid\u017cet Twitter Feed na Bloggerze w zaledwie 2 minuty i bez kodowania. Sprawd\u017a wszystkie kluczowe funkcje najlepszego widgetu Twittera w darmowym edytorze.","robots":{"index":"index","follow":"follow","max-snippet":"max-snippet:-1","max-image-preview":"max-image-preview:large","max-video-preview":"max-video-preview:-1"},"canonical":"https:\/\/elfsight.com\/pl\/twitter-feed-widget\/blogger\/","og_locale":"pl_PL","og_type":"article","og_title":"Wid\u017cet Bloggera na Twitterze \u2014 dodaj kana\u0142 Twittera do witryny Bloggera (w 2 minuty)","og_description":"Zainstaluj wid\u017cet Twitter Feed na Bloggerze w zaledwie 2 minuty i bez kodowania. Sprawd\u017a wszystkie kluczowe funkcje najlepszego widgetu Twittera w darmowym edytorze.","og_url":"https:\/\/elfsight.com\/pl\/twitter-feed-widget\/blogger\/","og_site_name":"Elfsight PL","article_modified_time":"2025-06-20T09:33:17+00:00","twitter_card":"summary_large_image","twitter_misc":{"Szacowany czas czytania":"3 minuty"},"schema":{"@context":"https:\/\/schema.org","@graph":[{"@type":"WebPage","@id":"https:\/\/elfsight.com\/pl\/twitter-feed-widget\/blogger\/","url":"https:\/\/elfsight.com\/pl\/twitter-feed-widget\/blogger\/","name":"Wid\u017cet Bloggera na Twitterze \u2014 dodaj kana\u0142 Twittera do witryny Bloggera (w 2 minuty)","isPartOf":{"@id":"https:\/\/elfsight.com\/pl\/#website"},"datePublished":"1970-01-01T00:00:00+00:00","dateModified":"2025-06-20T09:33:17+00:00","description":"Zainstaluj wid\u017cet Twitter Feed na Bloggerze w zaledwie 2 minuty i bez kodowania. Sprawd\u017a wszystkie kluczowe funkcje najlepszego widgetu Twittera w darmowym edytorze.","breadcrumb":{"@id":"https:\/\/elfsight.com\/pl\/twitter-feed-widget\/blogger\/#breadcrumb"},"inLanguage":"pl-PL","potentialAction":[{"@type":"ReadAction","target":["https:\/\/elfsight.com\/pl\/twitter-feed-widget\/blogger\/"]}]},{"@type":"BreadcrumbList","@id":"https:\/\/elfsight.com\/pl\/twitter-feed-widget\/blogger\/#breadcrumb","itemListElement":[{"@type":"ListItem","position":1,"name":"Home","item":"https:\/\/elfsight.com\/pl\/"},{"@type":"ListItem","position":2,"name":"Twitter Feed","item":"https:\/\/elfsight.com\/pl\/twitter-feed-widget\/"},{"@type":"ListItem","position":3,"name":"Twitter Feed &#8211; Blogger"}]},{"@type":"WebSite","@id":"https:\/\/elfsight.com\/pl\/#website","url":"https:\/\/elfsight.com\/pl\/","name":"Elfsight PL","description":"Just another Elfsight Sites site","potentialAction":[{"@type":"SearchAction","target":{"@type":"EntryPoint","urlTemplate":"https:\/\/elfsight.com\/pl\/?s={search_term_string}"},"query-input":{"@type":"PropertyValueSpecification","valueRequired":true,"valueName":"search_term_string"}}],"inLanguage":"pl-PL"}]}},"meta_box":{"industry":"","seo_heading":"","heading":"","description":"","cta_heading":"","cta_description":"","application":"2099","h1":"Wid\u017cet kana\u0142u Bloggera na Twitterze","h1_caption":"Osadzaj tweety ze swojego konta na Twitterze lub za pomoc\u0105 hashtagu, aby bez wysi\u0142ku informowa\u0107 odwiedzaj\u0105cych o tre\u015bciach w czasie rzeczywistym w Twojej witrynie Bloggera.","application_category":[],"applications_title":"","applications_request_title":"","applications_request_button_text":"","hero_text":"","hero_video":"","hero_video_schema_markup":"","selling_points_title":"","selling_points_caption":"","selling_points":[],"selling_points_cta_text":"","features_title":"","features":"","ed_cta_examples_text":"","ed_cta_examples_hidden":"","ed_cta_demo_text":"","ed_cta_demo_hidden":"","why_caption":"","why_editor_title":"","why_editor_text":"","why_team_title":"","why_team_text":"","why_service_title":"","why_service_text":"","template_catalog_visible":"0","template_catalog_title":"","template_catalog_text":"","template_catalog_categories_visible":"","demo_title":"Utw\u00f3rz wid\u017cet kana\u0142u Twitter","demo_caption":"Skonfiguruj sw\u00f3j kana\u0142 na Twitterze i dodaj go do swojej witryny Bloggera za darmo!","default_faq_hidden":"","app_template_category":[],"platform":"44","template_public_id":"","codecanyon_url":"","codecanyon_item_id":"","codecanyon_price":"","pricing_caption":"","pricing_elfsight_apps_hide_column":"","pricing_elfsight_apps_url":"","pricing_codecanyon_price_caption":"","integration_category":[],"integration_request_title":"","integration_request_cta":"","integration_platform":"","integrations":[],"platform_category":[],"video_schema_markup":"","price":"od 0 USD \/ miesi\u0105c","trial":"","benefits":[{"text":"Bezp\u0142atna pomoc w instalacji"},{"text":"Profesjonalna obs\u0142uga klienta"},{"text":"14-dniowa gwarancja zwrotu pieni\u0119dzy"}],"button_url":"#demo","button_target_blank":"0","button_nofollow":"0","attributes":[{"name":"Instaluje"},{"name":"Czu\u0142y"},{"name":"Kompatybilne przegl\u0105darki"}],"tags":[],"tags_disable_links":"0","hide_more_platforms":"0","video_object":"","demo_hide_cta":"0","demo_hide_cloud_options":"0","pricing_title":"","pricing":[{"pricing_icon":"platform","pricing_title":"Elfsight Apps","pricing_title_caption":"Wieloplatformowe rozwi\u0105zanie cyfrowe","pricing_price":"od 0 USD \/ miesi\u0105c","pricing_price_caption":"zacznij od bezp\u0142atnego planu","pricing_benefits":[{"text":"Nielimitowane strony internetowe"},{"text":"Wsparcie firmy premium i dobrze udokumentowane"},{"text":"Bezp\u0142atna pomoc przy instalacji"},{"text":"W pe\u0142ni konfigurowalny"}],"pricing_button_text":"Dodaj do witryny","pricing_button_url":"#demo"}],"related_apps_title":"","related_apps_hidden":"0","author":"","image":[],"title":"","job":"","social_networks":[]},"_links":{"self":[{"href":"https:\/\/elfsight.com\/pl\/wp-json\/wp\/v2\/pages\/7070","targetHints":{"allow":["GET"]}}],"collection":[{"href":"https:\/\/elfsight.com\/pl\/wp-json\/wp\/v2\/pages"}],"about":[{"href":"https:\/\/elfsight.com\/pl\/wp-json\/wp\/v2\/types\/page"}],"author":[{"embeddable":true,"href":"https:\/\/elfsight.com\/pl\/wp-json\/wp\/v2\/users\/9"}],"replies":[{"embeddable":true,"href":"https:\/\/elfsight.com\/pl\/wp-json\/wp\/v2\/comments?post=7070"}],"version-history":[{"count":3,"href":"https:\/\/elfsight.com\/pl\/wp-json\/wp\/v2\/pages\/7070\/revisions"}],"predecessor-version":[{"id":10187,"href":"https:\/\/elfsight.com\/pl\/wp-json\/wp\/v2\/pages\/7070\/revisions\/10187"}],"up":[{"embeddable":true,"href":"https:\/\/elfsight.com\/pl\/wp-json\/wp\/v2\/pages\/2100"}],"wp:attachment":[{"href":"https:\/\/elfsight.com\/pl\/wp-json\/wp\/v2\/media?parent=7070"}],"curies":[{"name":"wp","href":"https:\/\/api.w.org\/{rel}","templated":true}]}}