{"id":7069,"date":"2024-05-03T06:52:40","date_gmt":"2024-05-03T06:52:40","guid":{"rendered":"https:\/\/elfsight.com\/pl\/?page_id=7069"},"modified":"2025-06-20T09:32:03","modified_gmt":"2025-06-20T09:32:03","slug":"bigcommerce","status":"publish","type":"page","link":"https:\/\/elfsight.com\/pl\/twitter-feed-widget\/bigcommerce\/","title":{"rendered":"Twitter Feed &#8211; Bigcommerce"},"content":{"rendered":"<div class=\"application-platform-content-item-description application-platform-content-item\" id=\"description\" data-nav-section=\"description\">\n<h2>Opis<\/h2>\n<p>Dzi\u0119ki kana\u0142owi Elfsight na Twitterze dodanie kana\u0142u Twitter lub wybranych tweet\u00f3w na stronie BigCommerce jest absolutnie proste. Zwi\u0119ksz aktywno\u015b\u0107 u\u017cytkownik\u00f3w i zwi\u0119ksz zaufanie klient\u00f3w, prezentuj\u0105c o\u015b czasu na Twitterze lub chwal\u0105c si\u0119 opiniami klient\u00f3w na Twitterze na temat Twoich produkt\u00f3w. Najcenniejsze zalety aplikacji Elfsight Twitter dla strony internetowej to predefiniowane szablony dla wszystkich przypadk\u00f3w u\u017cycia i r\u00f3\u017cnorodne ustawienia wraz z elastycznym projektem.<\/p>\n<p><b>Zwi\u0119ksz poziom zaanga\u017cowania swojej witryny i spraw, aby by\u0142a niezawodna dla Twoich klient\u00f3w.<\/b><\/p>\n<ul>\n    <li><b>Zatrzymaj u\u017cytkownik\u00f3w w witrynie<\/b>.<br>Zatrzymaj odbiorc\u00f3w w witrynie na d\u0142ugie godziny, prezentuj\u0105c wybrane tweety na najbardziej ekscytuj\u0105ce tematy lub zaanga\u017cuj ich w wydarzenia promowane na Twitterze.<\/li>\n    <li><b>Zdob\u0105d\u017a wi\u0119cej obserwuj\u0105cych<\/b>.<br>Interaktywny kana\u0142 Elfsight na Twitterze umo\u017cliwia u\u017cytkownikom \u015bledzenie Twojego konta bez opuszczania witryny. Dzi\u0119ki temu mo\u017cesz zyska\u0107 nowe \u017ar\u00f3d\u0142o obserwuj\u0105cych i poszerzy\u0107 spo\u0142eczno\u015b\u0107 na Twitterze.<\/li>\n    <li><b>Doskona\u0142y dow\u00f3d spo\u0142eczny zapewniaj\u0105cy wi\u0119ksze zaufanie<\/b>.<br>Poka\u017c, jak aktywnie wype\u0142niasz sw\u00f3j profil na Twitterze, aby przekona\u0107 u\u017cytkownik\u00f3w, \u017ce Tw\u00f3j projekt si\u0119 rozwija, a Ty chcesz si\u0119 komunikowa\u0107 i zbli\u017ca\u0107 do swojej spo\u0142eczno\u015bci.<\/li>\n<\/ul>\n<\/div>\n\n<div class=\"application-platform-content-item-features application-platform-content-item\" id=\"features\" data-nav-section=\"features\">\n<h2>Funkcje<\/h2>\n<p>Wiele funkcji, kt\u00f3re przekszta\u0142caj\u0105 aplikacj\u0119 Elfsight w najwa\u017cniejsz\u0105 aplikacj\u0119 dla ka\u017cdej witryny BigCommerce.<\/p>\n<ul>\n    <li>Utw\u00f3rz kana\u0142 z tweetami z referencjami na temat Twojej firmy;<\/li>\n    <li>Ukryj nag\u0142\u00f3wek, aby wy\u015bwietli\u0107 tylko Tweety;<\/li>\n    <li>Obs\u0142ugiwane s\u0105 wszystkie dzia\u0142ania zwi\u0105zane z tweetami: odpowiadanie, przesy\u0142anie dalej, polubienie;<\/li>\n    <li>Limit wy\u015bwietlania tweet\u00f3w w kanale;<\/li>\n    <li>Automatyczne kolorowanie kana\u0142u kolorem motywu z Twojego konta Twitter.<\/li>\n<\/ul>\n<p><a href=\"#demo\">Sprawd\u017a wszystkie zalety wid\u017cetu<\/a><\/p>\n<\/div>\n\n<div class=\"application-platform-content-item-installation application-platform-content-item\" id=\"installation\" data-nav-section=\"installation\">\n<h2>Jak doda\u0107 kana\u0142 Twittera do BigCommerce<\/h2>\n<div class=\"video-container\"><iframe width=\"720\" height=\"405\" src=\"https:\/\/www.youtube.com\/embed\/MYo-T1h3-SY\" frameborder=\"0\" allowfullscreen=\"\"><\/iframe><\/div>\n<p>Wystarczy zastosowa\u0107 si\u0119 do poni\u017cszych instrukcji, aby aktywowa\u0107 wtyczk\u0119 w BigCommerce.<\/p>\n<ol>\n    <li><b>Zarz\u0105dzaj nasz\u0105 bezp\u0142atn\u0105 wersj\u0105 demonstracyjn\u0105 i zacznij tworzy\u0107 spersonalizowany wid\u017cet.<\/b><br>Okre\u015bl odpowiedni\u0105 form\u0119 i aspekty kana\u0142u Twitter i zapisz poprawki.<\/li>\n    <li><b>Skopiuj unikalny kod wy\u015bwietlany w specjalnym formularzu w aplikacjach Elfsight.<\/b><br>Zaraz po skonfigurowaniu narz\u0119dzia skopiuj ekskluzywny kod z wy\u015bwietlonego wyskakuj\u0105cego okienka i zachowaj go do p\u00f3\u017aniejszego wykorzystania.<\/li>\n    <li><b>Rozpocznij stosowanie narz\u0119dzia na stronie BigCommerce.<\/b><br>Wklej ostatnio skopiowany kod na swoj\u0105 stron\u0119 i zapisz ulepszenia.<\/li>\n    <li><b>Instalacja zosta\u0142a pomy\u015blnie uko\u0144czona.<\/b><br>Odwied\u017a swoj\u0105 witryn\u0119, aby sprawdzi\u0107, jak dzia\u0142a wid\u017cet.<\/li>\n<\/ol>\n<p>Masz trudno\u015bci lub problemy podczas korzystania z przewodnika lub dostosowywania aplikacji? Przeczytaj <a href=\"https:\/\/elfsight.com\/tutorials\/how-to-add-twitter-feed-app-to-bigcommerce\/\" target=\"_blank\" rel=\"noopener noreferrer\">szczeg\u00f3\u0142owy artyku\u0142<\/a> lub napisz do centrum pomocy Elfsight, a nasi programi\u015bci z przyjemno\u015bci\u0105 Ci pomog\u0105.<\/p>\n<\/div>\n\n<div class=\"faq\" data-component=\"FAQ\">\n<div class=\"faq-item\">\r\n\t\t\t\t\t<div class=\"faq-item-question\">\r\n\t\t\t\t\t\t<h3 class=\"faq-item-question-text\">Jak mog\u0119 osadzi\u0107 kana\u0142 Twittera w mojej witrynie Bigcommerce bez znajomo\u015bci kodowania?<\/h3>\r\n\r\n\t\t\t\t\t\t<div class=\"faq-item-question-icon\"><\/div>\r\n\t\t\t\t\t<\/div>\r\n\r\n\t\t\t\t\t<div class=\"faq-item-answer\">\r\n\t\t\t\t\t\t<div class=\"faq-item-answer-text\">\n<p>Firma Elfsight zapewnia rozwi\u0105zanie SaaS, kt\u00f3re umo\u017cliwia u\u017cytkownikom samodzielne utworzenie wtyczki Twitter Feed. Poznaj nieskomplikowany przewodnik:<\/p>\n<ul>\n    <li>Pracuj bezpo\u015brednio w edytorze online, aby utworzy\u0107 wtyczk\u0119 Twitter Feed, kt\u00f3r\u0105 chcesz osadzi\u0107 w witrynie Bigcommerce.<\/li>\n    <li>Wybierz jeden z naszych gotowych szablon\u00f3w i zmie\u0144 ustawienia Twitter Feed, do\u0142\u0105cz swoj\u0105 tre\u015b\u0107, zmie\u0144 uk\u0142ad i schemat kolor\u00f3w bez do\u015bwiadczenia w kodowaniu.<\/li>\n    <li>Zapisz kana\u0142 Twittera i skopiuj kod do umieszczenia na stronie, kt\u00f3ry mo\u017cna po prostu wklei\u0107 na stron\u0119 g\u0142\u00f3wn\u0105 Bigcommerce bez konieczno\u015bci kupowania wersji p\u0142atnej.<\/li>\n<\/ul>\n<p>Praca w naszym \u0142atwym w u\u017cyciu edytorze, ka\u017cdy u\u017cytkownik Internetu mo\u017ce stworzy\u0107 kana\u0142 Twitter online i wklei\u0107 go do dowolnej witryny Bigcommerce. Aby uzyska\u0107 dost\u0119p do Edytora Elfsight, nie wolno p\u0142aci\u0107 ani podawa\u0107 danych uwierzytelniaj\u0105cych karty. Je\u015bli na kt\u00f3rymkolwiek etapie napotkasz jakiekolwiek przeszkody, skontaktuj si\u0119 z naszym zespo\u0142em pomocy.<\/p>\n<\/div>\r\n\t\t\t\t\t<\/div>\r\n\t\t\t\t<\/div>\n<\/div>","protected":false},"excerpt":{"rendered":"","protected":false},"author":9,"featured_media":0,"parent":2100,"menu_order":0,"comment_status":"closed","ping_status":"closed","template":"templates\/template-application-platform.php","meta":{"publish_to_discourse":"","publish_post_category":"","wpdc_auto_publish_overridden":"","wpdc_topic_tags":"","wpdc_pin_topic":"","wpdc_pin_until":"","discourse_post_id":"","discourse_permalink":"","wpdc_publishing_response":"","wpdc_publishing_error":"","footnotes":""},"class_list":["post-7069","page","type-page","status-publish","hentry"],"yoast_head":"<!-- This site is optimized with the Yoast SEO plugin v25.3.1 - https:\/\/yoast.com\/wordpress\/plugins\/seo\/ -->\n<title>Aplikacja Twitter Feed dla witryny BigCommerce (oficjalna aplikacja firmy Elfsight)<\/title>\n<meta name=\"description\" content=\"Pobierz aplikacj\u0119 Twitter Feed dla BigCommerce i poka\u017c j\u0105 na swojej stronie w zaledwie 1 minut\u0119. Darmowy edytor, pomoc w dostosowywaniu i wiele r\u00f3\u017cnych korzy\u015bci od Elfsight!\" \/>\n<meta name=\"robots\" content=\"index, follow, max-snippet:-1, max-image-preview:large, max-video-preview:-1\" \/>\n<link rel=\"canonical\" href=\"https:\/\/elfsight.com\/pl\/twitter-feed-widget\/bigcommerce\/\" \/>\n<meta property=\"og:locale\" content=\"pl_PL\" \/>\n<meta property=\"og:type\" content=\"article\" \/>\n<meta property=\"og:title\" content=\"Aplikacja Twitter Feed dla witryny BigCommerce (oficjalna aplikacja firmy Elfsight)\" \/>\n<meta property=\"og:description\" content=\"Pobierz aplikacj\u0119 Twitter Feed dla BigCommerce i poka\u017c j\u0105 na swojej stronie w zaledwie 1 minut\u0119. Darmowy edytor, pomoc w dostosowywaniu i wiele r\u00f3\u017cnych korzy\u015bci od Elfsight!\" \/>\n<meta property=\"og:url\" content=\"https:\/\/elfsight.com\/pl\/twitter-feed-widget\/bigcommerce\/\" \/>\n<meta property=\"og:site_name\" content=\"Elfsight PL\" \/>\n<meta property=\"article:modified_time\" content=\"2025-06-20T09:32:03+00:00\" \/>\n<meta name=\"twitter:card\" content=\"summary_large_image\" \/>\n<meta name=\"twitter:label1\" content=\"Szacowany czas czytania\" \/>\n\t<meta name=\"twitter:data1\" content=\"3 minuty\" \/>\n<!-- \/ Yoast SEO plugin. -->","yoast_head_json":{"title":"Aplikacja Twitter Feed dla witryny BigCommerce (oficjalna aplikacja firmy Elfsight)","description":"Pobierz aplikacj\u0119 Twitter Feed dla BigCommerce i poka\u017c j\u0105 na swojej stronie w zaledwie 1 minut\u0119. Darmowy edytor, pomoc w dostosowywaniu i wiele r\u00f3\u017cnych korzy\u015bci od Elfsight!","robots":{"index":"index","follow":"follow","max-snippet":"max-snippet:-1","max-image-preview":"max-image-preview:large","max-video-preview":"max-video-preview:-1"},"canonical":"https:\/\/elfsight.com\/pl\/twitter-feed-widget\/bigcommerce\/","og_locale":"pl_PL","og_type":"article","og_title":"Aplikacja Twitter Feed dla witryny BigCommerce (oficjalna aplikacja firmy Elfsight)","og_description":"Pobierz aplikacj\u0119 Twitter Feed dla BigCommerce i poka\u017c j\u0105 na swojej stronie w zaledwie 1 minut\u0119. Darmowy edytor, pomoc w dostosowywaniu i wiele r\u00f3\u017cnych korzy\u015bci od Elfsight!","og_url":"https:\/\/elfsight.com\/pl\/twitter-feed-widget\/bigcommerce\/","og_site_name":"Elfsight PL","article_modified_time":"2025-06-20T09:32:03+00:00","twitter_card":"summary_large_image","twitter_misc":{"Szacowany czas czytania":"3 minuty"},"schema":{"@context":"https:\/\/schema.org","@graph":[{"@type":"WebPage","@id":"https:\/\/elfsight.com\/pl\/twitter-feed-widget\/bigcommerce\/","url":"https:\/\/elfsight.com\/pl\/twitter-feed-widget\/bigcommerce\/","name":"Aplikacja Twitter Feed dla witryny BigCommerce (oficjalna aplikacja firmy Elfsight)","isPartOf":{"@id":"https:\/\/elfsight.com\/pl\/#website"},"datePublished":"2024-05-03T06:52:40+00:00","dateModified":"2025-06-20T09:32:03+00:00","description":"Pobierz aplikacj\u0119 Twitter Feed dla BigCommerce i poka\u017c j\u0105 na swojej stronie w zaledwie 1 minut\u0119. Darmowy edytor, pomoc w dostosowywaniu i wiele r\u00f3\u017cnych korzy\u015bci od Elfsight!","breadcrumb":{"@id":"https:\/\/elfsight.com\/pl\/twitter-feed-widget\/bigcommerce\/#breadcrumb"},"inLanguage":"pl-PL","potentialAction":[{"@type":"ReadAction","target":["https:\/\/elfsight.com\/pl\/twitter-feed-widget\/bigcommerce\/"]}]},{"@type":"BreadcrumbList","@id":"https:\/\/elfsight.com\/pl\/twitter-feed-widget\/bigcommerce\/#breadcrumb","itemListElement":[{"@type":"ListItem","position":1,"name":"Home","item":"https:\/\/elfsight.com\/pl\/"},{"@type":"ListItem","position":2,"name":"Twitter Feed","item":"https:\/\/elfsight.com\/pl\/twitter-feed-widget\/"},{"@type":"ListItem","position":3,"name":"Twitter Feed &#8211; Bigcommerce"}]},{"@type":"WebSite","@id":"https:\/\/elfsight.com\/pl\/#website","url":"https:\/\/elfsight.com\/pl\/","name":"Elfsight PL","description":"Just another Elfsight Sites site","potentialAction":[{"@type":"SearchAction","target":{"@type":"EntryPoint","urlTemplate":"https:\/\/elfsight.com\/pl\/?s={search_term_string}"},"query-input":{"@type":"PropertyValueSpecification","valueRequired":true,"valueName":"search_term_string"}}],"inLanguage":"pl-PL"}]}},"meta_box":{"industry":"","seo_heading":"","heading":"","description":"","cta_heading":"","cta_description":"","application":"2099","h1":"Aplikacja BigCommerce na Twitterze","h1_caption":"Osadzaj tweety ze swojego konta na Twitterze lub za pomoc\u0105 hashtagu, aby bez wysi\u0142ku informowa\u0107 odwiedzaj\u0105cych o tre\u015bciach w czasie rzeczywistym na Twojej stronie BigCommerce.","application_category":[],"applications_title":"","applications_request_title":"","applications_request_button_text":"","hero_text":"","hero_video":"","hero_video_schema_markup":"","selling_points_title":"","selling_points_caption":"","selling_points":[],"selling_points_cta_text":"","features_title":"","features":"","ed_cta_examples_text":"","ed_cta_examples_hidden":"","ed_cta_demo_text":"","ed_cta_demo_hidden":"","why_caption":"","why_editor_title":"","why_editor_text":"","why_team_title":"","why_team_text":"","why_service_title":"","why_service_text":"","template_catalog_visible":"0","template_catalog_title":"","template_catalog_text":"","template_catalog_categories_visible":"","demo_title":"Utw\u00f3rz aplikacj\u0119 do obs\u0142ugi Twittera","demo_caption":"Skonfiguruj sw\u00f3j kana\u0142 na Twitterze i dodaj go do swojej witryny BigCommerce za darmo!","default_faq_hidden":"","app_template_category":[],"platform":"41","template_public_id":"","codecanyon_url":"","codecanyon_item_id":"","codecanyon_price":"","pricing_caption":"","pricing_elfsight_apps_hide_column":"","pricing_elfsight_apps_url":"","pricing_codecanyon_price_caption":"","integration_category":[],"integration_request_title":"","integration_request_cta":"","integration_platform":"","integrations":[],"platform_category":[],"video_schema_markup":"","price":"od 0 USD \/ miesi\u0105c","trial":"","benefits":[{"text":"Bezp\u0142atna pomoc w instalacji"},{"text":"Wyj\u0105tkowe wsparcie"},{"text":"14-dniowa gwarancja zwrotu pieni\u0119dzy"},{"text":"Regularne bezp\u0142atne aktualizacje"}],"button_url":"#demo","button_target_blank":"0","button_nofollow":"0","attributes":[{"name":"Instaluje"},{"name":"Czu\u0142y","content":"Tak"},{"name":"Kompatybilne przegl\u0105darki","content":"Firefox, Safari, Opera, Chrome, Edge"}],"tags":[],"tags_disable_links":"0","hide_more_platforms":"0","video_object":"","demo_hide_cta":"0","demo_hide_cloud_options":"0","pricing_title":"","pricing":[{"pricing_icon":"cloud","pricing_title":"Elfsight Apps","pricing_title_caption":"Rozwi\u0105zanie wieloplatformowe","pricing_price":"od 0 USD \/ miesi\u0105c","pricing_price_caption":"zacznij od bezp\u0142atnego planu","pricing_benefits":[{"text":"Nielimitowane domeny"},{"text":"Szybka pomoc firmy i dobrze udokumentowana"},{"text":"Bezp\u0142atne wsparcie instalacyjne"},{"text":"W pe\u0142ni konfigurowalny"}],"pricing_button_text":"Dodaj do witryny","pricing_button_url":"#demo"}],"related_apps_title":"","related_apps_hidden":"0","author":"","image":[],"title":"","job":"","social_networks":[]},"_links":{"self":[{"href":"https:\/\/elfsight.com\/pl\/wp-json\/wp\/v2\/pages\/7069","targetHints":{"allow":["GET"]}}],"collection":[{"href":"https:\/\/elfsight.com\/pl\/wp-json\/wp\/v2\/pages"}],"about":[{"href":"https:\/\/elfsight.com\/pl\/wp-json\/wp\/v2\/types\/page"}],"author":[{"embeddable":true,"href":"https:\/\/elfsight.com\/pl\/wp-json\/wp\/v2\/users\/9"}],"replies":[{"embeddable":true,"href":"https:\/\/elfsight.com\/pl\/wp-json\/wp\/v2\/comments?post=7069"}],"version-history":[{"count":3,"href":"https:\/\/elfsight.com\/pl\/wp-json\/wp\/v2\/pages\/7069\/revisions"}],"predecessor-version":[{"id":10186,"href":"https:\/\/elfsight.com\/pl\/wp-json\/wp\/v2\/pages\/7069\/revisions\/10186"}],"up":[{"embeddable":true,"href":"https:\/\/elfsight.com\/pl\/wp-json\/wp\/v2\/pages\/2100"}],"wp:attachment":[{"href":"https:\/\/elfsight.com\/pl\/wp-json\/wp\/v2\/media?parent=7069"}],"curies":[{"name":"wp","href":"https:\/\/api.w.org\/{rel}","templated":true}]}}