{"id":7063,"date":"1970-01-01T00:00:00","date_gmt":"1970-01-01T00:00:00","guid":{"rendered":"https:\/\/elfsight.com\/pl\/?page_id=7063"},"modified":"2025-06-20T09:34:25","modified_gmt":"2025-06-20T09:34:25","slug":"drupal","status":"publish","type":"page","link":"https:\/\/elfsight.com\/pl\/twitter-feed-widget\/drupal\/","title":{"rendered":"Twitter Feed &#8211; Drupal"},"content":{"rendered":"<div class=\"application-platform-content-item-description application-platform-content-item\" id=\"description\" data-nav-section=\"description\">\n<h2>Opis<\/h2>\n<p>Dzi\u0119ki modu\u0142owi Elfsight Twitter zaskakuj\u0105co \u0142atwo jest osadza\u0107 kana\u0142 Twittera lub pojedynczy Tweety na Twojej stronie Drupal. Zwi\u0119ksz zaanga\u017cowanie odwiedzaj\u0105cych i zdob\u0105d\u017a wi\u0119ksze zaufanie klient\u00f3w, wy\u015bwietlaj\u0105c swoj\u0105 o\u015b czasu na Twitterze lub chwal\u0105c si\u0119 referencjami klient\u00f3w na Twitterze na temat Twoich ofert. Najlepsze zalety modu\u0142u Elfsight Twitter dla Twojej witryny to gotowe do u\u017cycia szablony dla wszystkich mo\u017cliwych przypadk\u00f3w u\u017cycia i r\u00f3\u017cnorodnych parametr\u00f3w wraz z responsywnym projektem.<\/p>\n<p><b>Spraw, aby Twoja witryna by\u0142a ca\u0142kowicie anga\u017cuj\u0105ca dla klient\u00f3w i wysoce zaufana.<\/b><\/p>\n<ul>\n    <li><b>Podnie\u015b poziom swojego zaanga\u017cowania<\/b>.<br>Umie\u015b\u0107 weso\u0142\u0105 i t\u0119tni\u0105c\u0105 \u017cyciem tre\u015b\u0107 jednego z najpopularniejszych medi\u00f3w spo\u0142eczno\u015bciowych w swojej witrynie, aby przyci\u0105gn\u0105\u0107 uwag\u0119 odbiorc\u00f3w. Osi\u0105gnij wy\u017cszy poziom aktywno\u015bci na swojej stronie.<\/li>\n    <li><b>Promuj razem sw\u00f3j Twitter i witryn\u0119<\/b>.<br>Twoja witryna jest dodatkowym narz\u0119dziem promocji Twojego konta na Twitterze, z retweetingiem i odpowiadaniem wspierane ze strony, a lepsze zaanga\u017cowanie i dowody spo\u0142eczne w witrynie pomagaj\u0105 poprawi\u0107 SEO.<\/li>\n    <li><b>Wzmocnij zaufanie dzi\u0119ki rekomendacjom klient\u00f3w z Twittera<\/b>.<br>Wybierz najlepsze referencje klient\u00f3w na temat swojej firmy z Twittera i poka\u017c j\u0105 na swojej stronie, aby zwi\u0119kszy\u0107 poziom wiarygodno\u015bci i sprawi\u0107, \u017ce Twoje oferty b\u0119d\u0105 wygl\u0105da\u0107 kusz\u0105co dla Twoich u\u017cytkownik\u00f3w.<\/li>\n<\/ul>\n<\/div>\n\n<div class=\"application-platform-content-item-features application-platform-content-item\" id=\"features\" data-nav-section=\"features\">\n<h2>Funkcje<\/h2>\n<p>5 zalet, kt\u00f3re czyni\u0105 modu\u0142 Elfsight niezb\u0119dnym rozwi\u0105zaniem dla witryny Drupal:<\/p>\n<ul>\n    <li>Przycisk \u015aled\u017a w nag\u0142\u00f3wku pomaga zwi\u0119kszy\u0107 liczb\u0119 subskrybent\u00f3w Twojego konta;<\/li>\n    <li>Ustaw szeroko\u015b\u0107 wid\u017cetu lub ustaw go na pe\u0142n\u0105 szeroko\u015b\u0107;<\/li>\n    <li>\u0141adne linki do podgl\u0105du w Tweetach;<\/li>\n    <li>Wybierz jeden z dost\u0119pnych j\u0119zyk\u00f3w lub popro\u015b o sw\u00f3j j\u0119zyk, a my przet\u0142umaczymy wid\u017cet;<\/li>\n    <li>Ustaw niestandardowy kolor motywu wid\u017cetu.<\/li>\n<\/ul>\n<p><a href=\"#demo\">Uzyskaj wszystkie funkcje<\/a><\/p>\n<\/div>\n\n<div class=\"application-platform-content-item-installation application-platform-content-item\" id=\"installation\" data-nav-section=\"installation\">\n<h2>Jak doda\u0107 kana\u0142 Twittera do Drupala<\/h2>\n<div class=\"video-container\"><iframe width=\"720\" height=\"405\" src=\"https:\/\/www.youtube.com\/embed\/rJ8J1pzj-pE\" frameborder=\"0\" allowfullscreen=\"\"><\/iframe><\/div>\n<p>Wystarczy post\u0119powa\u0107 zgodnie z poni\u017cszymi wskaz\u00f3wkami, aby osadzi\u0107 narz\u0119dzie Twitter Feed na Drupalu.<\/p>\n<ol>\n    <li><b>Uruchom nasz darmowy konfigurator i zacznij tworzy\u0107 w\u0142asny modu\u0142.<\/b><br>Znajd\u017a po\u017c\u0105dan\u0105 form\u0119 i specyfikacj\u0119 wid\u017cetu i zastosuj poprawki.<\/li>\n    <li><b>Zdob\u0105d\u017a sw\u00f3j osobisty kod, kt\u00f3ry pojawi si\u0119 w oknie aplikacji Elfsight.<\/b><br>Po zako\u0144czeniu generowania modu\u0142u skopiuj indywidualny kod z wy\u015bwietlonego wyskakuj\u0105cego okienka i zachowaj go na przysz\u0142o\u015b\u0107.<\/li>\n    <li><b>Rozpocznij korzystanie z narz\u0119dzia na stronie Drupal.<\/b><br>Zintegruj skopiowany wcze\u015bniej kod ze swoj\u0105 witryn\u0105 i zapisz zmiany.<\/li>\n    <li><b>Konfiguracja zosta\u0142a w pe\u0142ni uko\u0144czona.<\/b><br>Odwied\u017a swoj\u0105 witryn\u0119, aby sprawdzi\u0107 dzia\u0142anie wtyczki.<\/li>\n<\/ol>\n<p>Szukasz pomocy przy dodawaniu lub dostosowywaniu modu\u0142u? Zesp\u00f3\u0142 Elfsight b\u0119dzie tutaj, aby Ci pom\u00f3c i zaproponowa\u0107 rozwi\u0105zanie! Wy\u015blij pro\u015bb\u0119 do naszego zespo\u0142u wsparcia. Mo\u017cesz tak\u017ce spr\u00f3bowa\u0107 rozwi\u0105za\u0107 problem samodzielnie, stosuj\u0105c nasze <a href=\"https:\/\/elfsight.com\/tutorials\/how-to-add-twitter-feed-module-to-drupal\/\" target=\"_blank\" rel=\"noopener noreferrer\">obszerna instrukcja<\/a>.<\/p>\n<\/div>\n\n<div class=\"faq\" data-component=\"FAQ\">\n<div class=\"faq-item\">\r\n\t\t\t\t\t<div class=\"faq-item-question\">\r\n\t\t\t\t\t\t<h3 class=\"faq-item-question-text\">W jaki spos\u00f3b mo\u017cna osadzi\u0107 kana\u0142 Twittera w mojej stronie internetowej Drupal bez kodowania?<\/h3>\r\n\r\n\t\t\t\t\t\t<div class=\"faq-item-question-icon\"><\/div>\r\n\t\t\t\t\t<\/div>\r\n\r\n\t\t\t\t\t<div class=\"faq-item-answer\">\r\n\t\t\t\t\t\t<div class=\"faq-item-answer-text\">\n<p>Firma Elfsight dostarcza rozwi\u0105zanie SaaS, kt\u00f3re pozwala szerokiemu gronu odbiorc\u00f3w samodzielnie zbudowa\u0107 wid\u017cet Twitter Feed, poznaj nieskomplikowane kroki:<\/p>\n<ul>\n    <li>Przejd\u017a do aktywnego edytora, aby wygenerowa\u0107 sekcj\u0119 Twitter Feed, kt\u00f3r\u0105 chcia\u0142by\u015b zintegrowa\u0107 na Drupalu.<\/li>\n    <li>Wybierz jeden z naszych gotowych szablon\u00f3w i zmie\u0144 ustawienia Twitter Feed, dodaj swoj\u0105 tre\u015b\u0107, zmie\u0144 uk\u0142ad i kolor element\u00f3w bez \u017cadnych umiej\u0119tno\u015bci kodowania.<\/li>\n    <li>Zapisz ustawienia wprowadzone w Twitter Feed i skopiuj jego kod instalacyjny, kt\u00f3ry mo\u017cesz po prostu bezp\u0142atnie umie\u015bci\u0107 na dowolnej stronie Drupala.<\/li>\n<\/ul>\n<p>Dzi\u0119ki intuicyjnemu konfiguratorowi ka\u017cdy u\u017cytkownik sieci mo\u017ce wygenerowa\u0107 sekcj\u0119 Twitter Feed online i do\u0142\u0105czy\u0107 j\u0105 do swojej witryny Drupal. Aby skorzysta\u0107 z naszej us\u0142ugi, nie trzeba p\u0142aci\u0107 ani podawa\u0107 danych uwierzytelniaj\u0105cych karty. Je\u015bli napotkasz jakiekolwiek przeszkody, nie wahaj si\u0119 porozmawia\u0107 z naszym dzia\u0142em obs\u0142ugi klienta.<\/p>\n<\/div>\r\n\t\t\t\t\t<\/div>\r\n\t\t\t\t<\/div>\n<\/div>","protected":false},"excerpt":{"rendered":"","protected":false},"author":9,"featured_media":0,"parent":2100,"menu_order":0,"comment_status":"closed","ping_status":"closed","template":"templates\/template-application-platform.php","meta":{"publish_to_discourse":"","publish_post_category":"","wpdc_auto_publish_overridden":"","wpdc_topic_tags":"","wpdc_pin_topic":"","wpdc_pin_until":"","discourse_post_id":"","discourse_permalink":"","wpdc_publishing_response":"","wpdc_publishing_error":"","footnotes":""},"class_list":["post-7063","page","type-page","status-publish","hentry"],"yoast_head":"<!-- This site is optimized with the Yoast SEO plugin v25.3.1 - https:\/\/yoast.com\/wordpress\/plugins\/seo\/ -->\n<title>Modu\u0142 Drupal Twitter Feed dla Twojej witryny internetowej (2026)<\/title>\n<meta name=\"description\" content=\"Zainstaluj modu\u0142 Twitter Feed na swojej stronie Drupal w zaledwie kilka minut. Natychmiastowe i proste generowanie r\u00f3\u017cnorodnych modu\u0142\u00f3w stron internetowych przez Elfsight.\" \/>\n<meta name=\"robots\" content=\"index, follow, max-snippet:-1, max-image-preview:large, max-video-preview:-1\" \/>\n<link rel=\"canonical\" href=\"https:\/\/elfsight.com\/pl\/twitter-feed-widget\/drupal\/\" \/>\n<meta property=\"og:locale\" content=\"pl_PL\" \/>\n<meta property=\"og:type\" content=\"article\" \/>\n<meta property=\"og:title\" content=\"Modu\u0142 Drupal Twitter Feed dla Twojej witryny internetowej (2026)\" \/>\n<meta property=\"og:description\" content=\"Zainstaluj modu\u0142 Twitter Feed na swojej stronie Drupal w zaledwie kilka minut. Natychmiastowe i proste generowanie r\u00f3\u017cnorodnych modu\u0142\u00f3w stron internetowych przez Elfsight.\" \/>\n<meta property=\"og:url\" content=\"https:\/\/elfsight.com\/pl\/twitter-feed-widget\/drupal\/\" \/>\n<meta property=\"og:site_name\" content=\"Elfsight PL\" \/>\n<meta property=\"article:modified_time\" content=\"2025-06-20T09:34:25+00:00\" \/>\n<meta name=\"twitter:card\" content=\"summary_large_image\" \/>\n<meta name=\"twitter:label1\" content=\"Szacowany czas czytania\" \/>\n\t<meta name=\"twitter:data1\" content=\"4 minuty\" \/>\n<!-- \/ Yoast SEO plugin. -->","yoast_head_json":{"title":"Modu\u0142 Drupal Twitter Feed dla Twojej witryny internetowej (2026)","description":"Zainstaluj modu\u0142 Twitter Feed na swojej stronie Drupal w zaledwie kilka minut. Natychmiastowe i proste generowanie r\u00f3\u017cnorodnych modu\u0142\u00f3w stron internetowych przez Elfsight.","robots":{"index":"index","follow":"follow","max-snippet":"max-snippet:-1","max-image-preview":"max-image-preview:large","max-video-preview":"max-video-preview:-1"},"canonical":"https:\/\/elfsight.com\/pl\/twitter-feed-widget\/drupal\/","og_locale":"pl_PL","og_type":"article","og_title":"Modu\u0142 Drupal Twitter Feed dla Twojej witryny internetowej (2026)","og_description":"Zainstaluj modu\u0142 Twitter Feed na swojej stronie Drupal w zaledwie kilka minut. Natychmiastowe i proste generowanie r\u00f3\u017cnorodnych modu\u0142\u00f3w stron internetowych przez Elfsight.","og_url":"https:\/\/elfsight.com\/pl\/twitter-feed-widget\/drupal\/","og_site_name":"Elfsight PL","article_modified_time":"2025-06-20T09:34:25+00:00","twitter_card":"summary_large_image","twitter_misc":{"Szacowany czas czytania":"4 minuty"},"schema":{"@context":"https:\/\/schema.org","@graph":[{"@type":"WebPage","@id":"https:\/\/elfsight.com\/pl\/twitter-feed-widget\/drupal\/","url":"https:\/\/elfsight.com\/pl\/twitter-feed-widget\/drupal\/","name":"Modu\u0142 Drupal Twitter Feed dla Twojej witryny internetowej (2026)","isPartOf":{"@id":"https:\/\/elfsight.com\/pl\/#website"},"datePublished":"1970-01-01T00:00:00+00:00","dateModified":"2025-06-20T09:34:25+00:00","description":"Zainstaluj modu\u0142 Twitter Feed na swojej stronie Drupal w zaledwie kilka minut. Natychmiastowe i proste generowanie r\u00f3\u017cnorodnych modu\u0142\u00f3w stron internetowych przez Elfsight.","breadcrumb":{"@id":"https:\/\/elfsight.com\/pl\/twitter-feed-widget\/drupal\/#breadcrumb"},"inLanguage":"pl-PL","potentialAction":[{"@type":"ReadAction","target":["https:\/\/elfsight.com\/pl\/twitter-feed-widget\/drupal\/"]}]},{"@type":"BreadcrumbList","@id":"https:\/\/elfsight.com\/pl\/twitter-feed-widget\/drupal\/#breadcrumb","itemListElement":[{"@type":"ListItem","position":1,"name":"Home","item":"https:\/\/elfsight.com\/pl\/"},{"@type":"ListItem","position":2,"name":"Twitter Feed","item":"https:\/\/elfsight.com\/pl\/twitter-feed-widget\/"},{"@type":"ListItem","position":3,"name":"Twitter Feed &#8211; Drupal"}]},{"@type":"WebSite","@id":"https:\/\/elfsight.com\/pl\/#website","url":"https:\/\/elfsight.com\/pl\/","name":"Elfsight PL","description":"Just another Elfsight Sites site","potentialAction":[{"@type":"SearchAction","target":{"@type":"EntryPoint","urlTemplate":"https:\/\/elfsight.com\/pl\/?s={search_term_string}"},"query-input":{"@type":"PropertyValueSpecification","valueRequired":true,"valueName":"search_term_string"}}],"inLanguage":"pl-PL"}]}},"meta_box":{"industry":"","seo_heading":"","heading":"","description":"","cta_heading":"","cta_description":"","application":"2099","h1":"Modu\u0142 Drupal na Twitterze","h1_caption":"Osadzaj tweety ze swojego konta na Twitterze lub za pomoc\u0105 hashtagu, aby bez wysi\u0142ku informowa\u0107 odwiedzaj\u0105cych o tre\u015bciach w czasie rzeczywistym na Twojej stronie Drupal.","application_category":[],"applications_title":"","applications_request_title":"","applications_request_button_text":"","hero_text":"","hero_video":"","hero_video_schema_markup":"","selling_points_title":"","selling_points_caption":"","selling_points":[],"selling_points_cta_text":"","features_title":"","features":"","ed_cta_examples_text":"","ed_cta_examples_hidden":"","ed_cta_demo_text":"","ed_cta_demo_hidden":"","why_caption":"","why_editor_title":"","why_editor_text":"","why_team_title":"","why_team_text":"","why_service_title":"","why_service_text":"","template_catalog_visible":"0","template_catalog_title":"","template_catalog_text":"","template_catalog_categories_visible":"","demo_title":"Utw\u00f3rz modu\u0142 kana\u0142u Twitter","demo_caption":"Skonfiguruj sw\u00f3j kana\u0142 na Twitterze i dodaj go do swojej witryny Drupal za darmo!","default_faq_hidden":"","app_template_category":[],"platform":"47","template_public_id":"","codecanyon_url":"","codecanyon_item_id":"","codecanyon_price":"","pricing_caption":"","pricing_elfsight_apps_hide_column":"","pricing_elfsight_apps_url":"","pricing_codecanyon_price_caption":"","integration_category":[],"integration_request_title":"","integration_request_cta":"","integration_platform":"","integrations":[],"platform_category":[],"video_schema_markup":"","price":"od 0 USD \/ miesi\u0105c","trial":"","benefits":[{"text":"Bezp\u0142atna us\u0142uga monta\u017cu"},{"text":"Profesjonalna obs\u0142uga klienta"},{"text":"14-dniowa gwarancja zwrotu pieni\u0119dzy"}],"button_url":"#demo","button_target_blank":"0","button_nofollow":"0","attributes":[{"name":"Instaluje"},{"name":"Czu\u0142y"},{"name":"Kompatybilne przegl\u0105darki"}],"tags":[],"tags_disable_links":"0","hide_more_platforms":"0","video_object":"","demo_hide_cta":"0","demo_hide_cloud_options":"0","pricing_title":"","pricing":[{"pricing_icon":"cloud","pricing_title":"Elfsight Apps","pricing_title_caption":"Wieloplatformowe rozwi\u0105zanie cyfrowe","pricing_price":"od 0 USD \/ miesi\u0105c","pricing_price_caption":"zacznij od bezp\u0142atnego planu","pricing_benefits":[{"text":"Nielimitowane strony internetowe"},{"text":"Szybkie wsparcie firmy"},{"text":"Bezp\u0142atna pomoc w monta\u017cu"},{"text":"Oferta specjalna na wiele aplikacji"}],"pricing_button_text":"Dodaj do witryny","pricing_button_url":"#demo"}],"related_apps_title":"","related_apps_hidden":"0","author":"","image":[],"title":"","job":"","social_networks":[]},"_links":{"self":[{"href":"https:\/\/elfsight.com\/pl\/wp-json\/wp\/v2\/pages\/7063","targetHints":{"allow":["GET"]}}],"collection":[{"href":"https:\/\/elfsight.com\/pl\/wp-json\/wp\/v2\/pages"}],"about":[{"href":"https:\/\/elfsight.com\/pl\/wp-json\/wp\/v2\/types\/page"}],"author":[{"embeddable":true,"href":"https:\/\/elfsight.com\/pl\/wp-json\/wp\/v2\/users\/9"}],"replies":[{"embeddable":true,"href":"https:\/\/elfsight.com\/pl\/wp-json\/wp\/v2\/comments?post=7063"}],"version-history":[{"count":3,"href":"https:\/\/elfsight.com\/pl\/wp-json\/wp\/v2\/pages\/7063\/revisions"}],"predecessor-version":[{"id":10188,"href":"https:\/\/elfsight.com\/pl\/wp-json\/wp\/v2\/pages\/7063\/revisions\/10188"}],"up":[{"embeddable":true,"href":"https:\/\/elfsight.com\/pl\/wp-json\/wp\/v2\/pages\/2100"}],"wp:attachment":[{"href":"https:\/\/elfsight.com\/pl\/wp-json\/wp\/v2\/media?parent=7063"}],"curies":[{"name":"wp","href":"https:\/\/api.w.org\/{rel}","templated":true}]}}