{"id":7062,"date":"1970-01-01T00:00:00","date_gmt":"1970-01-01T00:00:00","guid":{"rendered":"https:\/\/elfsight.com\/pl\/?page_id=7062"},"modified":"2025-01-23T15:19:46","modified_gmt":"2025-01-23T15:19:46","slug":"joomla","status":"publish","type":"page","link":"https:\/\/elfsight.com\/pl\/twitter-feed-widget\/joomla\/","title":{"rendered":"Twitter Feed &#8211; Joomla"},"content":{"rendered":"<div class=\"application-platform-content-item-description application-platform-content-item\" id=\"description\" data-nav-section=\"description\"><h2>Opis<\/h2><p>Dzi\u0119ki modu\u0142owi Elfsight Twitter bardzo \u0142atwo jest umie\u015bci\u0107 kana\u0142 Twittera lub okre\u015blone tweety na stronie Joomla. Zwi\u0119ksz zaanga\u017cowanie u\u017cytkownik\u00f3w i zbuduj wi\u0119ksze zaufanie klient\u00f3w, publikuj\u0105c swoj\u0105 o\u015b czasu na Twitterze lub chwal\u0105c si\u0119 opiniami u\u017cytkownik\u00f3w na Twitterze na temat Twojej firmy. Najwi\u0119ksz\u0105 zalet\u0105 wid\u017cetu Elfsight Twitter dla dowolnej witryny internetowej s\u0105 gotowe szablony do dowolnych zastosowa\u0144 i r\u00f3\u017cne opcje wraz z mo\u017cliwo\u015bci\u0105 dostosowania projektu.<\/p><p><b>Zwi\u0119ksz wsp\u00f3\u0142czynnik zaanga\u017cowania swojej witryny i uczy\u0144 j\u0105 wiarygodn\u0105 dla odwiedzaj\u0105cych<\/b><\/p><ul><li><b>Zatrzymaj odwiedzaj\u0105cych na stronie<\/b>.<br>Spraw, aby Twoi klienci pozostali na stronie przez d\u0142u\u017cszy czas, prezentuj\u0105c okre\u015blone Tweety na modne tematy lub anga\u017cuj\u0105c ich do promocji promowanych na Twitterze.<\/li><li><b>Zwi\u0119ksz liczb\u0119 obserwuj\u0105cych<\/b>.<br>Interaktywny kana\u0142 Elfsight na Twitterze umo\u017cliwia klientom subskrybowanie Twojego konta bezpo\u015brednio z Twojej witryny. Dzi\u0119ki temu mo\u017cesz zyska\u0107 kolejne \u017ar\u00f3d\u0142o obserwuj\u0105cych i poszerzy\u0107 swoj\u0105 spo\u0142eczno\u015b\u0107 na Twitterze.<\/li><li><b>Zwi\u0119ksz zaufanie klient\u00f3w, korzystaj\u0105c z opinii z Twittera<\/b>.<br>Wybierz najlepsze opinie klient\u00f3w na temat Twojej firmy z Twittera i wy\u015bwietlaj je na swojej stronie, aby zwi\u0119kszy\u0107 zaufanie klient\u00f3w i sprawi\u0107, \u017ce Twoje produkty i us\u0142ugi b\u0119d\u0105 wygl\u0105da\u0107 kusz\u0105co dla odbiorc\u00f3w.<\/li><\/ul><\/div><div class=\"application-platform-content-item-features application-platform-content-item\" id=\"features\" data-nav-section=\"features\"><h2>Funkcje<\/h2><p>Najcenniejsze zalety naszego widgetu, kt\u00f3re czyni\u0105 go najcenniejszym rozszerzeniem do konfiguracji w Joomla:<\/p><ul><li>Typ prezentacji Feed lub Referencje;<\/li><li>Ustaw widget wysoko\u015b\u0107 lub pozostaw j\u0105 dostosowan\u0105 do wysoko\u015bci tre\u015bci;<\/li><li>Wska\u017anik przesy\u0142ania dalej w kanale;<\/li><li>Specjalna ikona do oznaczania zweryfikowanych kont;<\/li><li>Liczba powt\u00f3rze\u0144, np. Tweety.<\/li><\/ul><p><a href=\"#demo\">Pe\u0142na lista zalet bezp\u0142atnej wersji demonstracyjnej<\/a><\/p><\/div><div class=\"application-platform-content-item-installation application-platform-content-item\" id=\"installation\" data-nav-section=\"installation\"> <h2>Jak doda\u0107 modu\u0142 Twitter Feed do Joomla<\/h2><div class=\"video-container\"><iframe width=\"720\" height=\"405\" src=\"https:\/\/www.youtube.com\/embed\/rXohOsVQkbY\" frameborder=\"0\" allowfullscreen=\"\"><\/iframe><\/div><p>Wystarczy wykona\u0107 kilka krok\u00f3w podanych poni\u017cej, aby zintegrowa\u0107 rozszerzenie z Joomla.<\/p> <ol><li><b>Wykonaj nasz darmowy konfigurator i rozpocznij budow\u0119 w\u0142asnego instrumentu. <\/b><br> Okre\u015bl preferowany interfejs i cechy wtyczki i zastosuj zmiany. <\/li> <li><b>Odbierz sw\u00f3j indywidualny kod widoczny w pude\u0142ku w aplikacjach Elfsight. <\/b><br> Zaraz po dostosowaniu wid\u017cetu kana\u0142u Twitter skopiuj kod osobisty z wy\u015bwietlonego okna i zapisz go do p\u00f3\u017aniejszego wykorzystania. <\/li> <li><b>Rozpocznij korzystanie z rozszerzenia w witrynie Joomla. <\/b><br> Zaimplementuj zapisany ostatnio kod na swojej stronie i zapisz zmiany. <\/li> <li><b>Instalacja zosta\u0142a pomy\u015blnie przeprowadzona. <\/b><br> Przejd\u017a do swojej witryny, aby zobaczy\u0107 dzia\u0142anie rozszerzenia. <\/li><\/ol><p>Czy podczas integracji modu\u0142u pojawi\u0142y si\u0119 jakie\u015b problemy lub pytania? Napisz do naszego zespo\u0142u pomocy technicznej, szczeg\u00f3\u0142owo wyja\u015bniaj\u0105c sw\u00f3j problem, a nasz zesp\u00f3\u0142 do\u0142o\u017cy wszelkich stara\u0144, aby Ci pom\u00f3c. W przeciwnym razie przydatne mo\u017ce okaza\u0107 si\u0119 przeczytanie <a href=\"https:\/\/elfsight.com\/tutorials\/how-to-add-twitter-feed-extension-to-joomla\/\" target=\"_blank\" rel=\"noopener noreferrer\">szczeg\u00f3\u0142owy samouczek<\/a>.<\/p><\/div><div class=\"faq\" data-component=\"FAQ\"><div class=\"faq-item\">\r\n\t\t\t\t\t<div class=\"faq-item-question\">\r\n\t\t\t\t\t\t<h3 class=\"faq-item-question-text\">Czy istnieje mo\u017cliwo\u015b\u0107 dodania kana\u0142u Twitter Feed do mojej strony internetowej Joomla bez umiej\u0119tno\u015bci kodowania?<\/h3>\r\n\r\n\t\t\t\t\t\t<div class=\"faq-item-question-icon\"><\/div>\r\n\t\t\t\t\t<\/div>\r\n\r\n\t\t\t\t\t<div class=\"faq-item-answer\">\r\n\t\t\t\t\t\t<div class=\"faq-item-answer-text\"><p>Firma Elfsight wprowadza rozwi\u0105zanie, kt\u00f3re pozwala u\u017cytkownikom samodzielnie utworzy\u0107 wid\u017cet Twitter Feed, sprawd\u017a prosty przewodnik:<\/p><ul><li>Przejd\u017a do wersji demonstracyjnej online, aby wygenerowa\u0107 aplikacj\u0119 Twitter Feed, kt\u00f3r\u0105 chcesz doda\u0107 do swojej Joomla.<\/li><li>Wybierz jeden z gotowych szablon\u00f3w i dostosuj ustawienia Twitter Feed, zmie\u0144 uk\u0142ad i schemat kolor\u00f3w, do\u0142\u0105cz swoj\u0105 tre\u015b\u0107 bez do\u015bwiadczenia w kodowaniu.<\/li><li>Zapisz ustawienia wprowadzone w serwisie Twitter i uzyskaj kod instalacyjny, kt\u00f3ry mo\u017cesz \u0142atwo i bezp\u0142atnie osadzi\u0107 na stronie g\u0142\u00f3wnej Joomla. <\/li><\/ul><p>Dzi\u0119ki prostemu konfiguratorowi ka\u017cdy u\u017cytkownik sieci mo\u017ce utworzy\u0107 wid\u017cet Twitter Feed online i \u0142atwo umie\u015bci\u0107 go na dowolnej stronie g\u0142\u00f3wnej Joomla. Aby uzyska\u0107 dost\u0119p do naszych us\u0142ug, nie jest wymagana p\u0142atno\u015b\u0107 ani ujawnianie danych karty. Je\u015bli na kt\u00f3rymkolwiek etapie napotkasz jakiekolwiek problemy, skontaktuj si\u0119 z naszym zespo\u0142em pomocy technicznej.<\/p><\/div>\r\n\t\t\t\t\t<\/div>\r\n\t\t\t\t<\/div><\/div>","protected":false},"excerpt":{"rendered":"","protected":false},"author":9,"featured_media":0,"parent":2100,"menu_order":0,"comment_status":"closed","ping_status":"closed","template":"templates\/template-application-platform.php","meta":{"publish_to_discourse":"","publish_post_category":"","wpdc_auto_publish_overridden":"","wpdc_topic_tags":"","wpdc_pin_topic":"","wpdc_pin_until":"","discourse_post_id":"","discourse_permalink":"","wpdc_publishing_response":"","wpdc_publishing_error":"","footnotes":""},"class_list":["post-7062","page","type-page","status-publish","hentry"],"yoast_head":"<!-- This site is optimized with the Yoast SEO plugin v25.3.1 - https:\/\/yoast.com\/wordpress\/plugins\/seo\/ -->\n<title>Modu\u0142 Joomla Twitter Feed - Dodaj Twittera do Joomla (\u0142atwo i szybko)<\/title>\n<meta name=\"description\" content=\"Wygeneruj niestandardowe rozszerzenie kana\u0142u Twitter dla Joomla. Sprawd\u017a najszybszy panel do tworzenia wid\u017cet\u00f3w przez Elfsight zupe\u0142nie za darmo.\" \/>\n<meta name=\"robots\" content=\"index, follow, max-snippet:-1, max-image-preview:large, max-video-preview:-1\" \/>\n<link rel=\"canonical\" href=\"https:\/\/elfsight.com\/pl\/twitter-feed-widget\/joomla\/\" \/>\n<meta property=\"og:locale\" content=\"pl_PL\" \/>\n<meta property=\"og:type\" content=\"article\" \/>\n<meta property=\"og:title\" content=\"Modu\u0142 Joomla Twitter Feed - Dodaj Twittera do Joomla (\u0142atwo i szybko)\" \/>\n<meta property=\"og:description\" content=\"Wygeneruj niestandardowe rozszerzenie kana\u0142u Twitter dla Joomla. Sprawd\u017a najszybszy panel do tworzenia wid\u017cet\u00f3w przez Elfsight zupe\u0142nie za darmo.\" \/>\n<meta property=\"og:url\" content=\"https:\/\/elfsight.com\/pl\/twitter-feed-widget\/joomla\/\" \/>\n<meta property=\"og:site_name\" content=\"Elfsight PL\" \/>\n<meta property=\"article:modified_time\" content=\"2025-01-23T15:19:46+00:00\" \/>\n<meta name=\"twitter:card\" content=\"summary_large_image\" \/>\n<meta name=\"twitter:label1\" content=\"Szacowany czas czytania\" \/>\n\t<meta name=\"twitter:data1\" content=\"4 minuty\" \/>\n<!-- \/ Yoast SEO plugin. -->","yoast_head_json":{"title":"Modu\u0142 Joomla Twitter Feed - Dodaj Twittera do Joomla (\u0142atwo i szybko)","description":"Wygeneruj niestandardowe rozszerzenie kana\u0142u Twitter dla Joomla. Sprawd\u017a najszybszy panel do tworzenia wid\u017cet\u00f3w przez Elfsight zupe\u0142nie za darmo.","robots":{"index":"index","follow":"follow","max-snippet":"max-snippet:-1","max-image-preview":"max-image-preview:large","max-video-preview":"max-video-preview:-1"},"canonical":"https:\/\/elfsight.com\/pl\/twitter-feed-widget\/joomla\/","og_locale":"pl_PL","og_type":"article","og_title":"Modu\u0142 Joomla Twitter Feed - Dodaj Twittera do Joomla (\u0142atwo i szybko)","og_description":"Wygeneruj niestandardowe rozszerzenie kana\u0142u Twitter dla Joomla. Sprawd\u017a najszybszy panel do tworzenia wid\u017cet\u00f3w przez Elfsight zupe\u0142nie za darmo.","og_url":"https:\/\/elfsight.com\/pl\/twitter-feed-widget\/joomla\/","og_site_name":"Elfsight PL","article_modified_time":"2025-01-23T15:19:46+00:00","twitter_card":"summary_large_image","twitter_misc":{"Szacowany czas czytania":"4 minuty"},"schema":{"@context":"https:\/\/schema.org","@graph":[{"@type":"WebPage","@id":"https:\/\/elfsight.com\/pl\/twitter-feed-widget\/joomla\/","url":"https:\/\/elfsight.com\/pl\/twitter-feed-widget\/joomla\/","name":"Modu\u0142 Joomla Twitter Feed - Dodaj Twittera do Joomla (\u0142atwo i szybko)","isPartOf":{"@id":"https:\/\/elfsight.com\/pl\/#website"},"datePublished":"1970-01-01T00:00:00+00:00","dateModified":"2025-01-23T15:19:46+00:00","description":"Wygeneruj niestandardowe rozszerzenie kana\u0142u Twitter dla Joomla. Sprawd\u017a najszybszy panel do tworzenia wid\u017cet\u00f3w przez Elfsight zupe\u0142nie za darmo.","breadcrumb":{"@id":"https:\/\/elfsight.com\/pl\/twitter-feed-widget\/joomla\/#breadcrumb"},"inLanguage":"pl-PL","potentialAction":[{"@type":"ReadAction","target":["https:\/\/elfsight.com\/pl\/twitter-feed-widget\/joomla\/"]}]},{"@type":"BreadcrumbList","@id":"https:\/\/elfsight.com\/pl\/twitter-feed-widget\/joomla\/#breadcrumb","itemListElement":[{"@type":"ListItem","position":1,"name":"Home","item":"https:\/\/elfsight.com\/pl\/"},{"@type":"ListItem","position":2,"name":"Twitter Feed","item":"https:\/\/elfsight.com\/pl\/twitter-feed-widget\/"},{"@type":"ListItem","position":3,"name":"Twitter Feed &#8211; Joomla"}]},{"@type":"WebSite","@id":"https:\/\/elfsight.com\/pl\/#website","url":"https:\/\/elfsight.com\/pl\/","name":"Elfsight PL","description":"Just another Elfsight Sites site","potentialAction":[{"@type":"SearchAction","target":{"@type":"EntryPoint","urlTemplate":"https:\/\/elfsight.com\/pl\/?s={search_term_string}"},"query-input":{"@type":"PropertyValueSpecification","valueRequired":true,"valueName":"search_term_string"}}],"inLanguage":"pl-PL"}]}},"meta_box":{"industry":"","seo_heading":"","heading":"","description":"","cta_heading":"","cta_description":"","application":"2099","h1":"Modu\u0142 Joomla na Twitterze","h1_caption":"Osadzaj tweety ze swojego konta na Twitterze lub za pomoc\u0105 hashtagu, aby bez wysi\u0142ku informowa\u0107 odwiedzaj\u0105cych o tre\u015bciach w czasie rzeczywistym na Twojej stronie Joomla.","application_category":[],"applications_title":"","applications_request_title":"","applications_request_button_text":"","hero_text":"","hero_video":"","hero_video_schema_markup":"","selling_points_title":"","selling_points_caption":"","selling_points":[],"selling_points_cta_text":"","features_title":"","features":"","ed_cta_examples_text":"","ed_cta_examples_hidden":"","ed_cta_demo_text":"","ed_cta_demo_hidden":"","why_caption":"","why_editor_title":"","why_editor_text":"","why_team_title":"","why_team_text":"","why_service_title":"","why_service_text":"","template_catalog_visible":"0","template_catalog_title":"","template_catalog_text":"","template_catalog_categories_visible":"","demo_title":"Utw\u00f3rz wtyczk\u0119 kana\u0142u Twitter","demo_caption":"Skonfiguruj sw\u00f3j kana\u0142 na Twitterze i dodaj go do swojej witryny Joomla za darmo!","default_faq_hidden":"","app_template_category":[],"platform":"53","template_public_id":"","codecanyon_url":"","codecanyon_item_id":"","codecanyon_price":"","pricing_caption":"","pricing_elfsight_apps_hide_column":"","pricing_elfsight_apps_url":"","pricing_codecanyon_price_caption":"","integration_category":[],"integration_request_title":"","integration_request_cta":"","integration_platform":"","integrations":[],"platform_category":[],"video_schema_markup":"","price":"od 0 USD \/ miesi\u0105c","trial":"","benefits":[{"text":"Bezp\u0142atna pomoc w monta\u017cu"},{"text":"Do\u015bwiadczona obs\u0142uga klienta"},{"text":"14-dniowa gwarancja zwrotu pieni\u0119dzy"}],"button_url":"#demo","button_target_blank":"0","button_nofollow":"0","attributes":[{"name":"Instaluje"},{"name":"Czu\u0142y"},{"name":"Kompatybilne przegl\u0105darki"}],"tags":[],"tags_disable_links":"0","hide_more_platforms":"","video_object":"","demo_hide_cta":"0","demo_hide_cloud_options":"0","pricing_title":"","pricing":[{"pricing_icon":"cloud","pricing_title":"Elfsight Apps","pricing_title_caption":"Niezale\u017cne od platformy rozwi\u0105zanie, kt\u00f3re pasuje do ka\u017cdej witryny internetowej","pricing_price":"od 0 USD \/ miesi\u0105c","pricing_price_caption":"zacznij od bezp\u0142atnego planu","pricing_benefits":[{"text":"Nielimitowane domeny"},{"text":"Profesjonalne i terminowe wsparcie"},{"text":"Bezp\u0142atna us\u0142uga monta\u017cu"},{"text":"\u015awietna oferta na wiele aplikacji"}],"pricing_button_text":"Dodaj do witryny","pricing_button_url":"#demo"}],"related_apps_title":"","related_apps_hidden":"0","author":"","image":[],"title":"","job":"","social_networks":[]},"_links":{"self":[{"href":"https:\/\/elfsight.com\/pl\/wp-json\/wp\/v2\/pages\/7062","targetHints":{"allow":["GET"]}}],"collection":[{"href":"https:\/\/elfsight.com\/pl\/wp-json\/wp\/v2\/pages"}],"about":[{"href":"https:\/\/elfsight.com\/pl\/wp-json\/wp\/v2\/types\/page"}],"author":[{"embeddable":true,"href":"https:\/\/elfsight.com\/pl\/wp-json\/wp\/v2\/users\/9"}],"replies":[{"embeddable":true,"href":"https:\/\/elfsight.com\/pl\/wp-json\/wp\/v2\/comments?post=7062"}],"version-history":[{"count":3,"href":"https:\/\/elfsight.com\/pl\/wp-json\/wp\/v2\/pages\/7062\/revisions"}],"predecessor-version":[{"id":9770,"href":"https:\/\/elfsight.com\/pl\/wp-json\/wp\/v2\/pages\/7062\/revisions\/9770"}],"up":[{"embeddable":true,"href":"https:\/\/elfsight.com\/pl\/wp-json\/wp\/v2\/pages\/2100"}],"wp:attachment":[{"href":"https:\/\/elfsight.com\/pl\/wp-json\/wp\/v2\/media?parent=7062"}],"curies":[{"name":"wp","href":"https:\/\/api.w.org\/{rel}","templated":true}]}}