{"id":7056,"date":"1970-01-01T00:00:00","date_gmt":"1970-01-01T00:00:00","guid":{"rendered":"https:\/\/elfsight.com\/pl\/?page_id=7056"},"modified":"2024-11-14T12:39:37","modified_gmt":"2024-11-14T12:39:37","slug":"elementor","status":"publish","type":"page","link":"https:\/\/elfsight.com\/pl\/twitter-feed-widget\/elementor\/","title":{"rendered":"Twitter Feed &#8211; Elementor"},"content":{"rendered":"<div class=\"application-platform-content-item-description application-platform-content-item\" id=\"description\" data-nav-section=\"description\"><h2>Osadzaj kana\u0142 Twittera w Elementorze za pomoc\u0105 wid\u017cetu Elfsight<\/h2><p>Dzi\u0119ki kana\u0142owi Elfsight na Twitterze osadzanie Twittera jest niezwykle \u0142atwe kana\u0142 lub okre\u015blone tweety na stronie WordPress. Zwi\u0119ksz zaanga\u017cowanie odwiedzaj\u0105cych i zwi\u0119ksz zaufanie klient\u00f3w, ujawniaj\u0105c o\u015b czasu na Twitterze lub chwal\u0105c si\u0119 opiniami widz\u00f3w na Twitterze na temat Twoich ofert. Najsilniejsz\u0105 zalet\u0105 kana\u0142u Elfsight na Twitterze dla Twojej witryny s\u0105 gotowe szablony do dowolnych zastosowa\u0144 i r\u00f3\u017cnorodne parametry wraz z mo\u017cliwo\u015bci\u0105 dostosowania projektu.<\/p><p><b>Zwi\u0119ksz poziom zaanga\u017cowania swojej witryny i spraw, aby wygl\u0105da\u0142a na godn\u0105 zaufania do odwiedzaj\u0105cych!<\/b><\/p><p><b>Podnie\u015b poziom zaanga\u017cowania<\/b><br> Dodaj weso\u0142\u0105 i pe\u0142n\u0105 \u017cycia tre\u015b\u0107 jednego z najbardziej akceptowanych medi\u00f3w spo\u0142eczno\u015bciowych na swojej stronie, aby przyci\u0105gn\u0105\u0107 uwag\u0119 odbiorc\u00f3w. Osi\u0105gnij wy\u017cszy poziom aktywno\u015bci na swojej stronie.<\/p><p><b>Zwi\u0119ksz liczb\u0119 obserwuj\u0105cych<\/b><br> Interaktywny kana\u0142 Elfsight na Twitterze umo\u017cliwia klientom \u015bledzenie Twojego konta bezpo\u015brednio z Twojej witryny. Mo\u017cesz wi\u0119c skorzysta\u0107 z jeszcze jednego \u017ar\u00f3d\u0142a obserwuj\u0105cych i powi\u0119kszy\u0107 swoj\u0105 spo\u0142eczno\u015b\u0107 na Twitterze.<\/p> <p><b>Nieskazitelny dow\u00f3d spo\u0142eczny zapewniaj\u0105cy wi\u0119ksze zaufanie<\/b><br> Poka\u017c, jak aktywnie prowadzisz swoje konto na Twitterze, aby przekona\u0107 do tego klient\u00f3w Tw\u00f3j projekt jest aktywny i chcesz si\u0119 komunikowa\u0107 i by\u0107 bli\u017cej odwiedzaj\u0105cych.<\/p> <\/div><div class=\"application-platform-content-item-features application-platform-content-item\" id=\"features\" data-nav-section=\"features\"><h2>G\u0142\u00f3wne funkcje wid\u017cetu Twitter Feed<\/h2><p>5 funkcje, kt\u00f3re sprawiaj\u0105, \u017ce wid\u017cet Elfsight jest doskona\u0142ym wyborem dla witryny WordPress:<\/p><ul><li>Oce\u0144 referencje Tweety za pomoc\u0105 gwiazdek;<\/li><li>Ustaw wysoko\u015b\u0107 wid\u017cetu lub dostosuj go do wysoko\u015bci tre\u015bci;<\/p><ul><li> li&gt;<li>Wska\u017anik retweet\u00f3w w kanale;<\/li><li>Pami\u0119\u0107 podr\u0119czna danych przegl\u0105darki &#8211; szybsze \u0142adowanie dzi\u0119ki wid\u017cetom na kilku stronach;<\/li><li>Automatyczne kolorowanie kana\u0142u kolorem motywu z Twojego konta na Twitterze.<\/li><li>Automatyczne kolorowanie kana\u0142u kolorem motywu z Twojego konta na Twitterze.<\/li><li> li&gt;<\/ul><p><a href=\"#demo\">Mo\u017cesz przegl\u0105da\u0107 wszystkie funkcje za pomoc\u0105 edytora na \u017cywo<\/a><\/p><\/div><div class=\"application-platform-content-item-installation application-platform-content-item\" id=\"installation\" data-nav-section=\"installation\"><h2>Jak aby doda\u0107 kana\u0142 Twitter do witryny Elementor<\/h2><div class=\"video-container\"><iframe width=\"720\" height=\"405\" src=\"https:\/\/www.youtube.com\/embed\/gGmlGZpJ8Zs\" frameborder=\"0\" allowfullscreen=\"\"><\/iframe><\/div><p>Oto kr\u00f3tki przewodnik na temat osadzania wid\u017cetu na stronie internetowej. Nie jest wymagana \u017cadna znajomo\u015b\u0107 programowania. Zajmie to oko\u0142o 2 minut.<\/p><ol><li><b>Stw\u00f3rz w\u0142asny kana\u0142 na Twitterze<\/b><br> W naszym darmowym edytorze zmontuj wtyczk\u0119, wybieraj\u0105c pomi\u0119dzy r\u00f3\u017cnymi opcje ustawie\u0144.<\/li><li><b>Pobierz kod instalacyjny, aby opublikowa\u0107 wtyczk\u0119<\/b><br> Po zako\u0144czeniu ustawie\u0144 wid\u017cetu skopiuj sw\u00f3j unikalny kod instalacyjny z powiadomienia, kt\u00f3re pojawi\u0142o si\u0119 w aplikacji Elfsight.<\/li><li><b>Umie\u015b\u0107 wtyczk\u0119 na stronie Elementora<\/b><br> Osad\u017a wtyczk\u0119 na wybranej stronie swojej witryny i zapisz zmiany.<\/li> <li><b>Pomy\u015blnie zako\u0144czy\u0142e\u015b instalacj\u0119 <\/b><br> Odwied\u017a swoj\u0105 witryn\u0119, aby sprawdzi\u0107 sw\u00f3j wid\u017cet.<\/li><\/ol><p>Masz pytania dotycz\u0105ce wstawienia wtyczki lub dostosowania jej interfejsu? Skontaktuj si\u0119 z naszym centrum pomocy, a my do\u0142o\u017cymy wszelkich stara\u0144, aby Ci pom\u00f3c.<\/p><\/div><div class=\"faq\" data-component=\"FAQ\"><div class=\"faq-item\">\r\n\t\t\t\t\t<div class=\"faq-item-question\">\r\n\t\t\t\t\t\t<h3 class=\"faq-item-question-text\">Jak mog\u0119 doda\u0107 kana\u0142 Twittera do mojego Elementora za pomoc\u0105 nie masz do\u015bwiadczenia w kodowaniu?<\/h3>\r\n\r\n\t\t\t\t\t\t<div class=\"faq-item-question-icon\"><\/div>\r\n\t\t\t\t\t<\/div>\r\n\r\n\t\t\t\t\t<div class=\"faq-item-answer\">\r\n\t\t\t\t\t\t<div class=\"faq-item-answer-text\"><p>Firma Elfsight wprowadza rozwi\u0105zanie, kt\u00f3re pozwala samodzielnie stworzy\u0107 wtyczk\u0119 Twitter Feed, obejrzyj proste kroki:<\/p><ul><li>Rozpocznij prac\u0119 w wersji demonstracyjnej online, aby zbudowa\u0107 kana\u0142 Twitter wid\u017cet, kt\u00f3ry chcesz umie\u015bci\u0107 na stronie Elementor.<\/li><li>Wybierz jeden z gotowych szablon\u00f3w i dostosuj ustawienia kana\u0142u Twitter, zaktualizuj swoj\u0105 tre\u015b\u0107, zmie\u0144 uk\u0142ad i kolor element\u00f3w bez znajomo\u015bci kodowania.<\/li><li>Zapisz kana\u0142 Twitter i uzyskaj kod instalacyjny wid\u017cetu, kt\u00f3ry mo\u017cesz bezp\u0142atnie umie\u015bci\u0107 na swojej stronie Elementora.<\/li><\/ul><p>Korzystaj\u0105c z naszego \u0142atwego w obs\u0142udze konfiguratora, ka\u017cdy u\u017cytkownik Internetu mo\u017ce utworzy\u0107 Kana\u0142 Twittera i po prostu umie\u015b\u0107 go na stronie g\u0142\u00f3wnej Elementora. Aby wej\u015b\u0107 do Edytora, nie trzeba p\u0142aci\u0107 ani ujawnia\u0107 danych uwierzytelniaj\u0105cych karty. Je\u015bli na kt\u00f3rymkolwiek etapie napotkasz jakiekolwiek przeszkody, skontaktuj si\u0119 z naszym dzia\u0142em obs\u0142ugi klienta.<\/p><\/div>\r\n\t\t\t\t\t<\/div>\r\n\t\t\t\t<\/div><\/div>","protected":false},"excerpt":{"rendered":"","protected":false},"author":9,"featured_media":0,"parent":2100,"menu_order":0,"comment_status":"closed","ping_status":"closed","template":"templates\/template-application-platform.php","meta":{"publish_to_discourse":"","publish_post_category":"","wpdc_auto_publish_overridden":"","wpdc_topic_tags":"","wpdc_pin_topic":"","wpdc_pin_until":"","discourse_post_id":"","discourse_permalink":"","wpdc_publishing_response":"","wpdc_publishing_error":"","footnotes":""},"class_list":["post-7056","page","type-page","status-publish","hentry"],"yoast_head":"<!-- This site is optimized with the Yoast SEO plugin v25.3.1 - https:\/\/yoast.com\/wordpress\/plugins\/seo\/ -->\n<title>Wid\u017cet kana\u0142u Twitter dla witryny Elementor (2025)<\/title>\n<meta name=\"description\" content=\"Dodaj wid\u017cet Twitter Feed do swojej witryny Elementor w zaledwie kilka minut. Szybkie i proste tworzenie r\u00f3\u017cnorodnych wtyczek internetowych przez Elfsight.\" \/>\n<meta name=\"robots\" content=\"index, follow, max-snippet:-1, max-image-preview:large, max-video-preview:-1\" \/>\n<link rel=\"canonical\" href=\"https:\/\/elfsight.com\/pl\/twitter-feed-widget\/elementor\/\" \/>\n<meta property=\"og:locale\" content=\"pl_PL\" \/>\n<meta property=\"og:type\" content=\"article\" \/>\n<meta property=\"og:title\" content=\"Wid\u017cet kana\u0142u Twitter dla witryny Elementor (2025)\" \/>\n<meta property=\"og:description\" content=\"Dodaj wid\u017cet Twitter Feed do swojej witryny Elementor w zaledwie kilka minut. Szybkie i proste tworzenie r\u00f3\u017cnorodnych wtyczek internetowych przez Elfsight.\" \/>\n<meta property=\"og:url\" content=\"https:\/\/elfsight.com\/pl\/twitter-feed-widget\/elementor\/\" \/>\n<meta property=\"og:site_name\" content=\"Elfsight PL\" \/>\n<meta property=\"article:modified_time\" content=\"2024-11-14T12:39:37+00:00\" \/>\n<meta name=\"twitter:card\" content=\"summary_large_image\" \/>\n<meta name=\"twitter:label1\" content=\"Szacowany czas czytania\" \/>\n\t<meta name=\"twitter:data1\" content=\"3 minuty\" \/>\n<!-- \/ Yoast SEO plugin. -->","yoast_head_json":{"title":"Wid\u017cet kana\u0142u Twitter dla witryny Elementor (2025)","description":"Dodaj wid\u017cet Twitter Feed do swojej witryny Elementor w zaledwie kilka minut. Szybkie i proste tworzenie r\u00f3\u017cnorodnych wtyczek internetowych przez Elfsight.","robots":{"index":"index","follow":"follow","max-snippet":"max-snippet:-1","max-image-preview":"max-image-preview:large","max-video-preview":"max-video-preview:-1"},"canonical":"https:\/\/elfsight.com\/pl\/twitter-feed-widget\/elementor\/","og_locale":"pl_PL","og_type":"article","og_title":"Wid\u017cet kana\u0142u Twitter dla witryny Elementor (2025)","og_description":"Dodaj wid\u017cet Twitter Feed do swojej witryny Elementor w zaledwie kilka minut. Szybkie i proste tworzenie r\u00f3\u017cnorodnych wtyczek internetowych przez Elfsight.","og_url":"https:\/\/elfsight.com\/pl\/twitter-feed-widget\/elementor\/","og_site_name":"Elfsight PL","article_modified_time":"2024-11-14T12:39:37+00:00","twitter_card":"summary_large_image","twitter_misc":{"Szacowany czas czytania":"3 minuty"},"schema":{"@context":"https:\/\/schema.org","@graph":[{"@type":"WebPage","@id":"https:\/\/elfsight.com\/pl\/twitter-feed-widget\/elementor\/","url":"https:\/\/elfsight.com\/pl\/twitter-feed-widget\/elementor\/","name":"Wid\u017cet kana\u0142u Twitter dla witryny Elementor (2025)","isPartOf":{"@id":"https:\/\/elfsight.com\/pl\/#website"},"datePublished":"1970-01-01T00:00:00+00:00","dateModified":"2024-11-14T12:39:37+00:00","description":"Dodaj wid\u017cet Twitter Feed do swojej witryny Elementor w zaledwie kilka minut. Szybkie i proste tworzenie r\u00f3\u017cnorodnych wtyczek internetowych przez Elfsight.","breadcrumb":{"@id":"https:\/\/elfsight.com\/pl\/twitter-feed-widget\/elementor\/#breadcrumb"},"inLanguage":"pl-PL","potentialAction":[{"@type":"ReadAction","target":["https:\/\/elfsight.com\/pl\/twitter-feed-widget\/elementor\/"]}]},{"@type":"BreadcrumbList","@id":"https:\/\/elfsight.com\/pl\/twitter-feed-widget\/elementor\/#breadcrumb","itemListElement":[{"@type":"ListItem","position":1,"name":"Home","item":"https:\/\/elfsight.com\/pl\/"},{"@type":"ListItem","position":2,"name":"Twitter Feed","item":"https:\/\/elfsight.com\/pl\/twitter-feed-widget\/"},{"@type":"ListItem","position":3,"name":"Twitter Feed &#8211; Elementor"}]},{"@type":"WebSite","@id":"https:\/\/elfsight.com\/pl\/#website","url":"https:\/\/elfsight.com\/pl\/","name":"Elfsight PL","description":"Just another Elfsight Sites site","potentialAction":[{"@type":"SearchAction","target":{"@type":"EntryPoint","urlTemplate":"https:\/\/elfsight.com\/pl\/?s={search_term_string}"},"query-input":{"@type":"PropertyValueSpecification","valueRequired":true,"valueName":"search_term_string"}}],"inLanguage":"pl-PL"}]}},"meta_box":{"industry":"","seo_heading":"","heading":"","description":"","cta_heading":"","cta_description":"","application":"2099","h1":"Kana\u0142 Elementora na Twitterze","h1_caption":"Osadzaj tweety ze swojego konta na Twitterze lub za pomoc\u0105 hashtagu, aby bez wysi\u0142ku informowa\u0107 odwiedzaj\u0105cych o tre\u015bciach w czasie rzeczywistym w Twojej witrynie Elementor.","application_category":[],"applications_title":"","applications_request_title":"","applications_request_button_text":"","hero_text":"","hero_video":"","hero_video_schema_markup":"","selling_points_title":"","selling_points_caption":"","selling_points":[],"selling_points_cta_text":"","features_title":"","features":"","ed_cta_examples_text":"","ed_cta_examples_hidden":"","ed_cta_demo_text":"","ed_cta_demo_hidden":"","why_caption":"","why_editor_title":"","why_editor_text":"","why_team_title":"","why_team_text":"","why_service_title":"","why_service_text":"","template_catalog_visible":"","template_catalog_title":"","template_catalog_text":"","template_catalog_categories_visible":"","demo_title":"Utw\u00f3rz wid\u017cet kana\u0142u Twitter","demo_caption":"Skonfiguruj sw\u00f3j kana\u0142 na Twitterze i dodaj go do swojej witryny Elementor za darmo!","default_faq_hidden":"","app_template_category":[],"platform":"268","template_public_id":"","codecanyon_url":"","codecanyon_item_id":"","codecanyon_price":"","pricing_caption":"","pricing_elfsight_apps_hide_column":"","pricing_elfsight_apps_url":"","pricing_codecanyon_price_caption":"","integration_category":[],"integration_request_title":"","integration_request_cta":"","integration_platform":"","integrations":[],"platform_category":[],"video_schema_markup":"","price":"od 0 USD \/ miesi\u0105c","trial":"","benefits":[{"text":"Bezp\u0142atna pomoc w instalacji"},{"text":"Skuteczna obs\u0142uga klienta"},{"text":"14-dniowa gwarancja zwrotu pieni\u0119dzy"}],"button_url":"#demo","button_target_blank":"","button_nofollow":"","attributes":[{"name":"Instaluje"},{"name":"Czu\u0142y"},{"name":"Kompatybilne przegl\u0105darki"}],"tags":[],"tags_disable_links":"","hide_more_platforms":"","video_object":"","demo_hide_cta":"","demo_hide_cloud_options":"","pricing_title":"","pricing":[{"pricing_icon":"platform","pricing_title":"Elfsight Apps","pricing_title_caption":"Wersja niezale\u017cna od platformy","pricing_price":"od 0 USD \/ miesi\u0105c","pricing_price_caption":"zacznij od bezp\u0142atnego planu","pricing_benefits":[{"text":"Nielimitowane domeny"},{"text":"Szybka obs\u0142uga klienta"},{"text":"Bezp\u0142atna us\u0142uga monta\u017cu"},{"text":"\u015awietna oferta na wiele aplikacji"}],"pricing_button_text":"Dodaj do witryny","pricing_button_url":"#demo"}],"related_apps_title":"","related_apps_hidden":"","author":"","image":[],"title":"","job":"","social_networks":[]},"_links":{"self":[{"href":"https:\/\/elfsight.com\/pl\/wp-json\/wp\/v2\/pages\/7056","targetHints":{"allow":["GET"]}}],"collection":[{"href":"https:\/\/elfsight.com\/pl\/wp-json\/wp\/v2\/pages"}],"about":[{"href":"https:\/\/elfsight.com\/pl\/wp-json\/wp\/v2\/types\/page"}],"author":[{"embeddable":true,"href":"https:\/\/elfsight.com\/pl\/wp-json\/wp\/v2\/users\/9"}],"replies":[{"embeddable":true,"href":"https:\/\/elfsight.com\/pl\/wp-json\/wp\/v2\/comments?post=7056"}],"version-history":[{"count":2,"href":"https:\/\/elfsight.com\/pl\/wp-json\/wp\/v2\/pages\/7056\/revisions"}],"predecessor-version":[{"id":8084,"href":"https:\/\/elfsight.com\/pl\/wp-json\/wp\/v2\/pages\/7056\/revisions\/8084"}],"up":[{"embeddable":true,"href":"https:\/\/elfsight.com\/pl\/wp-json\/wp\/v2\/pages\/2100"}],"wp:attachment":[{"href":"https:\/\/elfsight.com\/pl\/wp-json\/wp\/v2\/media?parent=7056"}],"curies":[{"name":"wp","href":"https:\/\/api.w.org\/{rel}","templated":true}]}}