{"id":7055,"date":"1970-01-01T00:00:00","date_gmt":"1970-01-01T00:00:00","guid":{"rendered":"https:\/\/elfsight.com\/pl\/?page_id=7055"},"modified":"2024-11-14T09:32:10","modified_gmt":"2024-11-14T09:32:10","slug":"iframe","status":"publish","type":"page","link":"https:\/\/elfsight.com\/pl\/twitter-feed-widget\/iframe\/","title":{"rendered":"Twitter Feed &#8211; iFrame"},"content":{"rendered":"<div class=\"application-platform-content-item-description application-platform-content-item\" id=\"description\" data-nav-section=\"description\"><h2>Osadzaj kana\u0142 Twittera w ramce iFrame za pomoc\u0105 wid\u017cetu Elfsight<\/h2><p>Dzi\u0119ki kana\u0142owi Elfsight na Twitterze wprowadzenie lub wybrane kana\u0142y Twittera s\u0105 niewiarygodnie \u0142atwe Tweety w Twojej witrynie IFrame. Zwi\u0119ksz zaanga\u017cowanie u\u017cytkownik\u00f3w i zbuduj wi\u0119ksze zaufanie klient\u00f3w, ujawniaj\u0105c swoj\u0105 o\u015b czasu na Twitterze lub chwal\u0105c si\u0119 opiniami odbiorc\u00f3w w tweetach na temat Twoich produkt\u00f3w. Najsilniejszymi zaletami kana\u0142u Elfsight na Twitterze dla Twojej witryny s\u0105 gotowe szablony dla wszystkich mo\u017cliwych przypadk\u00f3w u\u017cycia i r\u00f3\u017cnorodnych parametr\u00f3w wraz z elastycznym projektem.<\/p> <p><b>Spraw, aby Twoja witryna by\u0142a maksymalnie anga\u017cuj\u0105ca dla klient\u00f3w i cieszy\u0142a si\u0119 du\u017cym zaufaniem<\/p> <p><b>Spraw, aby Twoja witryna by\u0142a maksymalnie anga\u017cuj\u0105ca dla klient\u00f3w i wzbudza\u0142a zaufanie<\/b><\/p> <p><b>Zatrzymaj odbiorc\u00f3w na stronie<\/b><br> Zatrzymaj klient\u00f3w na swojej stronie na d\u0142u\u017cej, wy\u015bwietlaj\u0105c pojedyncze tweety na modne tematy lub anga\u017cuj\u0105c ich w dzia\u0142ania promowane na Twitterze. <\/p><p><b>Promuj jednocze\u015bnie sw\u00f3j Twitter i witryn\u0119<\/b><br> Twoja witryna internetowa to dodatkowe narz\u0119dzie do promowania Twojego konta na Twitterze, z obs\u0142ug\u0105 retweet\u00f3w i odpowiedzi, przy wi\u0119kszym zaanga\u017cowaniu i dow\u00f3d spo\u0142eczny na stronie internetowej pomaga poprawi\u0107 ocen\u0119 SEO.<\/p><p><b>Zbuduj zaufanie dzi\u0119ki referencjom Tweety<\/b><br> Znajd\u017a najlepsze opinie klient\u00f3w na temat Twojej firmy na Twitterze i zaprezentuj je w swojej witrynie, aby podnie\u015b zaufanie klient\u00f3w i spraw, aby Twoje oferty wygl\u0105da\u0142y apetycznie dla u\u017cytkownik\u00f3w.<\/p><\/div><div class=\"application-platform-content-item-features application-platform-content-item\" id=\"features\" data-nav-section=\"features\"><h2>G\u0142\u00f3wne funkcje wid\u017cetu Twitter Feed<\/h2><p>Sprawd\u017a list\u0119 podstawowe funkcje naszej wtyczki. Pomog\u0105 Ci uczyni\u0107 to maksymalnie korzystnym dla Twojej sprawy:<\/p><ul><li>Oce\u0144 tweety z referencjami za pomoc\u0105 gwiazdek;<\/li><li>Ustaw wysoko\u015b\u0107 wtyczki lub pozostaw j\u0105 dostosowuj\u0105c\u0105 do wysoko\u015bci tre\u015bci;<\/li> <li>Obs\u0142ugiwane s\u0105 wszystkie akcje tweeta: odpowied\u017a, retweet, polubienie;<\/li><li>Otwieranie tweeta na klikni\u0119ciu symbolu na Twitterze;<\/li><li>Obserwowanie i liczba obserwuj\u0105cych w nag\u0142\u00f3wku.<\/li><\/ul><p><a href=\"#demo\">Sprawd\u017a wersj\u0119 demonstracyjn\u0105 na \u017cywo, aby zobaczy\u0107 wszystkie funkcje<\/a><\/p><\/div><div class=\"application-platform-content-item-installation application-platform-content-item\" id=\"installation\" data-nav-section=\"installation\"><h2>Jak doda\u0107 kana\u0142 Twitter wtyczk\u0119 do witryny iFrame?<\/h2><p>Wystarczy wykona\u0107 nast\u0119puj\u0105ce kroki, aby aktywowa\u0107 wtyczk\u0119 w swojej witrynie:<\/p><ol><li><b>Utw\u00f3rz w\u0142asn\u0105 wtyczk\u0119 Twittera<\/b><br> Za pomoc\u0105 naszym darmowym edytorze, utw\u00f3rz wtyczk\u0119 z niestandardowym uk\u0142adem i cechami funkcjonalnymi. <\/li><li><b>Skopiuj kod osobisty, aby doda\u0107 wtyczk\u0119<\/b><br> Po skonfigurowaniu wtyczki otrzymasz unikalny kod z powiadomienia, kt\u00f3re pojawi\u0142o si\u0119 w aplikacjach Elfsight. Skopiuj kod. <\/li> <li><b> Umie\u015b\u0107 wtyczk\u0119 w swojej witrynie iFrame<\/b><br> Wybierz miejsce, w kt\u00f3rym planujesz doda\u0107 wtyczk\u0119 i wklej tam zapisany kod. Zapisz wyniki. <\/li> <li><b>Konfiguracja powiod\u0142a si\u0119! <\/b><br> Wejd\u017a na swoj\u0105 stron\u0119, aby zobaczy\u0107 swoj\u0105 wtyczk\u0119. <\/li> <\/ol><p>Masz pytania lub w\u0105tpliwo\u015bci? Wy\u015blij swoj\u0105 pro\u015bb\u0119 do obs\u0142ugi klienta Elfsight, pomo\u017cemy w ka\u017cdym problemie. <\/p> <\/div><div class=\"faq\" data-component=\"FAQ\"><div class=\"faq-item\">\r\n\t\t\t\t\t<div class=\"faq-item-question\">\r\n\t\t\t\t\t\t<h3 class=\"faq-item-question-text\">Czy istnieje spos\u00f3b na osadzenie kana\u0142u Twitter na mojej stronie g\u0142\u00f3wnej iFrame bez kodowania?<\/h3>\r\n\r\n\t\t\t\t\t\t<div class=\"faq-item-question-icon\"><\/div>\r\n\t\t\t\t\t<\/div>\r\n\r\n\t\t\t\t\t<div class=\"faq-item-answer\">\r\n\t\t\t\t\t\t<div class=\"faq-item-answer-text\"><p>Firma Elfsight zapewnia rozwi\u0105zanie SaaS, kt\u00f3re umo\u017cliwia szerokiemu gronu odbiorc\u00f3w samodzielne utworzenie wtyczki Twitter Feed, zapoznaj si\u0119 z prostymi instrukcjami:<\/p><ul><li>Pracuj od razu w wersji demonstracyjnej na \u017cywo, aby utworzy\u0107 wtyczk\u0119 Twitter Feed, kt\u00f3r\u0105 chcesz zintegrowa\u0107 z witryn\u0105 iFrame. <\/li><li>Zdecyduj si\u0119 na jeden z wielu gotowych szablon\u00f3w i zmie\u0144 ustawienia Twitter Feed, zmie\u0144 uk\u0142ad i kolory, dodaj tre\u015bci bez znajomo\u015bci kodowania.<\/li><li>Zapisz wprowadzone ustawienia utworzony w serwisie Twitter Feed i uzyskaj kod instalacyjny wid\u017cetu, kt\u00f3ry mo\u017cesz \u0142atwo wklei\u0107 na swojej stronie iFrame w ramach darmowego planu.<\/li><\/ul><p>Dzi\u0119ki naszemu intuicyjnemu konfiguratorowi ka\u017cdy internauta mo\u017ce utworzy\u0107 sekcj\u0119 Twitter Feed i wklei\u0107 j\u0105 do witryny iFrame. Aby uzyska\u0107 dost\u0119p do naszego edytora, nie trzeba kupowa\u0107 planu p\u0142atnego ani podawa\u0107 danych uwierzytelniaj\u0105cych karty. Je\u015bli napotkasz jakiekolwiek problemy, nie wahaj si\u0119 porozmawia\u0107 z naszym zespo\u0142em pomocy technicznej.<\/p><\/div>\r\n\t\t\t\t\t<\/div>\r\n\t\t\t\t<\/div><\/div>","protected":false},"excerpt":{"rendered":"","protected":false},"author":9,"featured_media":0,"parent":2100,"menu_order":0,"comment_status":"closed","ping_status":"closed","template":"templates\/template-application-platform.php","meta":{"publish_to_discourse":"","publish_post_category":"","wpdc_auto_publish_overridden":"","wpdc_topic_tags":"","wpdc_pin_topic":"","wpdc_pin_until":"","discourse_post_id":"","discourse_permalink":"","wpdc_publishing_response":"","wpdc_publishing_error":"","footnotes":""},"class_list":["post-7055","page","type-page","status-publish","hentry"],"yoast_head":"<!-- This site is optimized with the Yoast SEO plugin v25.3.1 - https:\/\/yoast.com\/wordpress\/plugins\/seo\/ -->\n<title>Wtyczka iFrame Twitter Feed dla Twojej witryny (bezp\u0142atna i szybka)<\/title>\n<meta name=\"description\" content=\"Stworzenie wtyczki Twitter Feed i opublikowanie jej w witrynie iFrame jest \u0142atwe. Obs\u0142uga klienta Elfsight jest bezp\u0142atna i szybka.\" \/>\n<meta name=\"robots\" content=\"index, follow, max-snippet:-1, max-image-preview:large, max-video-preview:-1\" \/>\n<link rel=\"canonical\" href=\"https:\/\/elfsight.com\/pl\/twitter-feed-widget\/iframe\/\" \/>\n<meta property=\"og:locale\" content=\"pl_PL\" \/>\n<meta property=\"og:type\" content=\"article\" \/>\n<meta property=\"og:title\" content=\"Wtyczka iFrame Twitter Feed dla Twojej witryny (bezp\u0142atna i szybka)\" \/>\n<meta property=\"og:description\" content=\"Stworzenie wtyczki Twitter Feed i opublikowanie jej w witrynie iFrame jest \u0142atwe. Obs\u0142uga klienta Elfsight jest bezp\u0142atna i szybka.\" \/>\n<meta property=\"og:url\" content=\"https:\/\/elfsight.com\/pl\/twitter-feed-widget\/iframe\/\" \/>\n<meta property=\"og:site_name\" content=\"Elfsight PL\" \/>\n<meta property=\"article:modified_time\" content=\"2024-11-14T09:32:10+00:00\" \/>\n<meta name=\"twitter:card\" content=\"summary_large_image\" \/>\n<meta name=\"twitter:label1\" content=\"Szacowany czas czytania\" \/>\n\t<meta name=\"twitter:data1\" content=\"3 minuty\" \/>\n<!-- \/ Yoast SEO plugin. -->","yoast_head_json":{"title":"Wtyczka iFrame Twitter Feed dla Twojej witryny (bezp\u0142atna i szybka)","description":"Stworzenie wtyczki Twitter Feed i opublikowanie jej w witrynie iFrame jest \u0142atwe. Obs\u0142uga klienta Elfsight jest bezp\u0142atna i szybka.","robots":{"index":"index","follow":"follow","max-snippet":"max-snippet:-1","max-image-preview":"max-image-preview:large","max-video-preview":"max-video-preview:-1"},"canonical":"https:\/\/elfsight.com\/pl\/twitter-feed-widget\/iframe\/","og_locale":"pl_PL","og_type":"article","og_title":"Wtyczka iFrame Twitter Feed dla Twojej witryny (bezp\u0142atna i szybka)","og_description":"Stworzenie wtyczki Twitter Feed i opublikowanie jej w witrynie iFrame jest \u0142atwe. Obs\u0142uga klienta Elfsight jest bezp\u0142atna i szybka.","og_url":"https:\/\/elfsight.com\/pl\/twitter-feed-widget\/iframe\/","og_site_name":"Elfsight PL","article_modified_time":"2024-11-14T09:32:10+00:00","twitter_card":"summary_large_image","twitter_misc":{"Szacowany czas czytania":"3 minuty"},"schema":{"@context":"https:\/\/schema.org","@graph":[{"@type":"WebPage","@id":"https:\/\/elfsight.com\/pl\/twitter-feed-widget\/iframe\/","url":"https:\/\/elfsight.com\/pl\/twitter-feed-widget\/iframe\/","name":"Wtyczka iFrame Twitter Feed dla Twojej witryny (bezp\u0142atna i szybka)","isPartOf":{"@id":"https:\/\/elfsight.com\/pl\/#website"},"datePublished":"1970-01-01T00:00:00+00:00","dateModified":"2024-11-14T09:32:10+00:00","description":"Stworzenie wtyczki Twitter Feed i opublikowanie jej w witrynie iFrame jest \u0142atwe. Obs\u0142uga klienta Elfsight jest bezp\u0142atna i szybka.","breadcrumb":{"@id":"https:\/\/elfsight.com\/pl\/twitter-feed-widget\/iframe\/#breadcrumb"},"inLanguage":"pl-PL","potentialAction":[{"@type":"ReadAction","target":["https:\/\/elfsight.com\/pl\/twitter-feed-widget\/iframe\/"]}]},{"@type":"BreadcrumbList","@id":"https:\/\/elfsight.com\/pl\/twitter-feed-widget\/iframe\/#breadcrumb","itemListElement":[{"@type":"ListItem","position":1,"name":"Home","item":"https:\/\/elfsight.com\/pl\/"},{"@type":"ListItem","position":2,"name":"Twitter Feed","item":"https:\/\/elfsight.com\/pl\/twitter-feed-widget\/"},{"@type":"ListItem","position":3,"name":"Twitter Feed &#8211; iFrame"}]},{"@type":"WebSite","@id":"https:\/\/elfsight.com\/pl\/#website","url":"https:\/\/elfsight.com\/pl\/","name":"Elfsight PL","description":"Just another Elfsight Sites site","potentialAction":[{"@type":"SearchAction","target":{"@type":"EntryPoint","urlTemplate":"https:\/\/elfsight.com\/pl\/?s={search_term_string}"},"query-input":{"@type":"PropertyValueSpecification","valueRequired":true,"valueName":"search_term_string"}}],"inLanguage":"pl-PL"}]}},"meta_box":{"industry":"","seo_heading":"","heading":"","description":"","cta_heading":"","cta_description":"","application":"2099","h1":"Wtyczka iFrame Twitter Feed","h1_caption":"Osadzaj tweety ze swojego konta na Twitterze lub za pomoc\u0105 hashtagu, aby bez wysi\u0142ku informowa\u0107 odwiedzaj\u0105cych o tre\u015bciach w czasie rzeczywistym w Twojej witrynie iFrame.","application_category":[],"applications_title":"","applications_request_title":"","applications_request_button_text":"","hero_text":"","hero_video":"","hero_video_schema_markup":"","selling_points_title":"","selling_points_caption":"","selling_points":[],"selling_points_cta_text":"","features_title":"","features":"","ed_cta_examples_text":"","ed_cta_examples_hidden":"","ed_cta_demo_text":"","ed_cta_demo_hidden":"","why_caption":"","why_editor_title":"","why_editor_text":"","why_team_title":"","why_team_text":"","why_service_title":"","why_service_text":"","template_catalog_visible":"","template_catalog_title":"","template_catalog_text":"","template_catalog_categories_visible":"","demo_title":"Utw\u00f3rz wid\u017cet kana\u0142u Twitter","demo_caption":"Skonfiguruj sw\u00f3j kana\u0142 na Twitterze i dodaj go do swojej witryny iFrame za darmo!","default_faq_hidden":"","app_template_category":[],"platform":"187","template_public_id":"","codecanyon_url":"","codecanyon_item_id":"","codecanyon_price":"","pricing_caption":"","pricing_elfsight_apps_hide_column":"","pricing_elfsight_apps_url":"","pricing_codecanyon_price_caption":"","integration_category":[],"integration_request_title":"","integration_request_cta":"","integration_platform":"","integrations":[],"platform_category":[],"video_schema_markup":"","price":"od 0 USD \/ miesi\u0105c","trial":"","benefits":[{"text":"Bezp\u0142atna pomoc w instalacji"},{"text":"Kompetentna obs\u0142uga klienta"},{"text":"14-dniowa gwarancja zwrotu pieni\u0119dzy"}],"button_url":"#demo","button_target_blank":"","button_nofollow":"","attributes":[{"name":"Instaluje"},{"name":"Czu\u0142y"},{"name":"Kompatybilne przegl\u0105darki"}],"tags":[],"tags_disable_links":"","hide_more_platforms":"","video_object":"","demo_hide_cta":"","demo_hide_cloud_options":"","pricing_title":"","pricing":[{"pricing_icon":"platform","pricing_title":"Elfsight Apps","pricing_title_caption":"Wieloplatformowe rozwi\u0105zanie cyfrowe, kt\u00f3re dzia\u0142a na ka\u017cdej stronie internetowej","pricing_price":"od 0 USD \/ miesi\u0105c","pricing_price_caption":"zacznij od bezp\u0142atnego planu","pricing_benefits":[{"text":"Nielimitowane strony internetowe"},{"text":"Szybkie i terminowe wsparcie"},{"text":"Bezp\u0142atna us\u0142uga monta\u017cu"},{"text":"Specjalna cena za wiele aplikacji"}],"pricing_button_text":"Dodaj do witryny","pricing_button_url":"#demo"}],"related_apps_title":"","related_apps_hidden":"","author":"","image":[],"title":"","job":"","social_networks":[]},"_links":{"self":[{"href":"https:\/\/elfsight.com\/pl\/wp-json\/wp\/v2\/pages\/7055","targetHints":{"allow":["GET"]}}],"collection":[{"href":"https:\/\/elfsight.com\/pl\/wp-json\/wp\/v2\/pages"}],"about":[{"href":"https:\/\/elfsight.com\/pl\/wp-json\/wp\/v2\/types\/page"}],"author":[{"embeddable":true,"href":"https:\/\/elfsight.com\/pl\/wp-json\/wp\/v2\/users\/9"}],"replies":[{"embeddable":true,"href":"https:\/\/elfsight.com\/pl\/wp-json\/wp\/v2\/comments?post=7055"}],"version-history":[{"count":1,"href":"https:\/\/elfsight.com\/pl\/wp-json\/wp\/v2\/pages\/7055\/revisions"}],"predecessor-version":[{"id":7059,"href":"https:\/\/elfsight.com\/pl\/wp-json\/wp\/v2\/pages\/7055\/revisions\/7059"}],"up":[{"embeddable":true,"href":"https:\/\/elfsight.com\/pl\/wp-json\/wp\/v2\/pages\/2100"}],"wp:attachment":[{"href":"https:\/\/elfsight.com\/pl\/wp-json\/wp\/v2\/media?parent=7055"}],"curies":[{"name":"wp","href":"https:\/\/api.w.org\/{rel}","templated":true}]}}