{"id":7054,"date":"1970-01-01T00:00:00","date_gmt":"1970-01-01T00:00:00","guid":{"rendered":"https:\/\/elfsight.com\/pl\/?page_id=7054"},"modified":"2024-11-14T09:27:54","modified_gmt":"2024-11-14T09:27:54","slug":"facebook","status":"publish","type":"page","link":"https:\/\/elfsight.com\/pl\/twitter-feed-widget\/facebook\/","title":{"rendered":"Twitter Feed &#8211; Facebook Page"},"content":{"rendered":"<div class=\"application-platform-content-item-description application-platform-content-item\" id=\"description\" data-nav-section=\"description\"><h2>Opis<\/h2><p>Elfsight Twitter Feed to responsywny widget, kt\u00f3ry umo\u017cliwia umieszczanie tweet\u00f3w na Twojej stronie na Facebooku. Mo\u017cesz wy\u015bwietla\u0107 sw\u00f3j kana\u0142 informacyjny na Twitterze lub pochwali\u0107 si\u0119 tweetami z referencjami, aby zwi\u0119kszy\u0107 zaanga\u017cowanie u\u017cytkownik\u00f3w i zbudowa\u0107 wi\u0119ksze zaufanie klient\u00f3w. To, co sprawia, \u017ce \u200b\u200bwid\u017cet Elfsight jest jednym z najlepszych w swoim rodzaju dla ka\u017cdej strony, to ogromna liczba opcji, gotowe szablony zaprojektowane do dowolnych zastosowa\u0144 i jego responsywny wygl\u0105d.<\/p><p><b>Spraw, aby Twoja strona by\u0142a maksymalnie anga\u017cuj\u0105ca dla Twoi odbiorcy i godni zaufania<\/b><\/p><\/div><div class=\"faq\" data-component=\"FAQ\"><div class=\"faq-item\">\r\n\t\t\t\t\t<div class=\"faq-item-question\">\r\n\t\t\t\t\t\t<h3 class=\"faq-item-question-text\">W jaki spos\u00f3b mog\u0119 osadzi\u0107 kana\u0142 Twittera w witrynie na Facebooku?<\/h3>\r\n\r\n\t\t\t\t\t\t<div class=\"faq-item-question-icon\"><\/div>\r\n\t\t\t\t\t<\/div>\r\n\r\n\t\t\t\t\t<div class=\"faq-item-answer\">\r\n\t\t\t\t\t\t<div class=\"faq-item-answer-text\"><p>Stworzenie widgetu odbywa si\u0119 w ramach us\u0142ugi Elfsight i nie musisz uczy\u0107 si\u0119 kodowania. Zastosuj demo na \u017cywo, aby dostosowa\u0107 w\u0142asn\u0105 wtyczk\u0119, pobierz kod i dodaj go na swojej stronie internetowej. <\/p><\/div>\r\n\t\t\t\t\t<\/div>\r\n\t\t\t\t<\/div><div class=\"faq-item\">\r\n\t\t\t\t\t<div class=\"faq-item-question\">\r\n\t\t\t\t\t\t<h3 class=\"faq-item-question-text\">Czy mog\u0119 uzyska\u0107 o\u015b czasu lub pasek boczny profilu na Twitterze za pomoc\u0105 Twoich wid\u017cet\u00f3w?<\/h3>\r\n\r\n\t\t\t\t\t\t<div class=\"faq-item-question-icon\"><\/div>\r\n\t\t\t\t\t<\/div>\r\n\r\n\t\t\t\t\t<div class=\"faq-item-answer\">\r\n\t\t\t\t\t\t<div class=\"faq-item-answer-text\"><p>Ma zastosowanie kilka szablon\u00f3w: lista, mur, galeria, pasza, siatka i wiele wi\u0119cej, a tak\u017ce elastyczne ustawienia uk\u0142adu, aby dostosowa\u0107 si\u0119 do Twoich wymaga\u0144. Mo\u017cesz stworzy\u0107 niemal dowolny widget, jakiego potrzebujesz. <\/p><\/div>\r\n\t\t\t\t\t<\/div>\r\n\t\t\t\t<\/div><div class=\"faq-item\">\r\n\t\t\t\t\t<div class=\"faq-item-question\">\r\n\t\t\t\t\t\t<h3 class=\"faq-item-question-text\">Wid\u017cet Twittera mojej strony na Facebooku nie dzia\u0142a \/ nie aktualizuje si\u0119<\/h3>\r\n\r\n\t\t\t\t\t\t<div class=\"faq-item-question-icon\"><\/div>\r\n\t\t\t\t\t<\/div>\r\n\r\n\t\t\t\t\t<div class=\"faq-item-answer\">\r\n\t\t\t\t\t\t<div class=\"faq-item-answer-text\"><p>Je\u015bli masz problemy z wid\u017cetami strony na Facebooku, skontaktuj si\u0119 z personel obs\u0142ugi klienta. Wsparcie jest ca\u0142kowicie bezp\u0142atne dla wszystkich klient\u00f3w Elfsight. <\/p><\/div>\r\n\t\t\t\t\t<\/div>\r\n\t\t\t\t<\/div><\/div><div class=\"application-platform-content-item-features application-platform-content-item\" id=\"features\" data-nav-section=\"features\"><h2>Funkcje<\/h2><p>Tutaj mo\u017cesz zobaczy\u0107 wszystkie cechy funkcjonalne produktu. Wszystkie s\u0105 dost\u0119pne w edytorze i pomog\u0105 Ci ukszta\u0142towa\u0107 wid\u017cet specjalnie dla Twojego przypadku u\u017cycia.<\/p><ul><li>Utw\u00f3rz kana\u0142 z tweetami z opiniami na temat Twojej firmy;<\/li><li>Ukryj nag\u0142\u00f3wek, aby wy\u015bwietli\u0107 tylko tweety;<\/li><li>Skopiuj link do tweet\u00f3w;<\/li><li>Tweet otwiera si\u0119 po klikni\u0119ciu ikony Twittera;<\/li><li>Ustaw niestandardowy kolor motywu dla wid\u017cetu ;<\/li><\/ul><p><a href=\"#demo\">Mo\u017cesz przetestowa\u0107 wszystkie cechy funkcjonalne wid\u017cetu bezpo\u015brednio w wersji demonstracyjnej<\/a><\/p> <\/div><div class=\"application-platform-content-item-installation  application-platform-content-item\" id=\"installation \" data-nav-section=\"installation \"><h2>Jak doda\u0107 kart\u0119 Twitter do strony na Facebooku<\/h2><p>Aby zintegrowa\u0107 wid\u017cet, po prostu wykonaj poni\u017csze czynno\u015bci<\/p><ul><li><b>Wygeneruj sw\u00f3j unikalny kana\u0142 na Twitterze<\/b><br>W naszym bezp\u0142atnym demo utw\u00f3rz widget o niestandardowym wygl\u0105dzie i funkcjach.<\/li><li><b>Zdob\u0105d\u017a indywidualny kod, aby doda\u0107 wtyczk\u0119<\/b><br>Po dostosowaniu wtyczki widget, kod instalacyjny uzyskasz z wyskakuj\u0105cego powiadomienia w aplikacji Elfsight. Skopiuj kod.<\/li><li><b>Dodaj wid\u017cet do strony na Facebooku<\/b><br> Stw\u00f3rz w\u0142asn\u0105 zak\u0142adk\u0119 na Facebooku. Wpisz w zak\u0142adce kod otrzymany w aplikacji elfsight. Je\u015bli masz jakiekolwiek problemy, po prostu zapoznaj si\u0119 z naszym przewodnikiem na stronie <a href=\"https:\/\/elfsight.com\/blog\/how-to-add-custom-tab-to-facebook-page\/\" target=\"_blank\" rel=\"noopener noreferrer\">tworzenie niestandardowej karty na Facebooku<\/a><\/li><li><b>Gotowe!<\/b><br>Wejd\u017a na stron\u0119 firmow\u0105 na Facebooku, aby zobaczy\u0107 swoj\u0105 prac\u0119.<\/li><\/ul><p>Je\u015bli potrzebujesz pomocy lub masz problemy, mo\u017cesz skontaktowa\u0107 si\u0119 z naszym dzia\u0142em obs\u0142ugi klienta. Nasi specjali\u015bci s\u0142u\u017c\u0105 pomoc\u0105 przy ka\u017cdym zapytaniu. <\/p><\/div>","protected":false},"excerpt":{"rendered":"","protected":false},"author":9,"featured_media":0,"parent":2100,"menu_order":0,"comment_status":"closed","ping_status":"closed","template":"templates\/template-application-platform.php","meta":{"publish_to_discourse":"","publish_post_category":"","wpdc_auto_publish_overridden":"","wpdc_topic_tags":"","wpdc_pin_topic":"","wpdc_pin_until":"","discourse_post_id":"","discourse_permalink":"","wpdc_publishing_response":"","wpdc_publishing_error":"","footnotes":""},"class_list":["post-7054","page","type-page","status-publish","hentry"],"yoast_head":"<!-- This site is optimized with the Yoast SEO plugin v25.3.1 - https:\/\/yoast.com\/wordpress\/plugins\/seo\/ -->\n<title>Dodaj zak\u0142adk\u0119 z kana\u0142ami Twitter do strony na Facebooku (bezp\u0142atnie i szybko)<\/title>\n<meta name=\"description\" content=\"Stworzenie zak\u0142adki z kana\u0142ami na Twitterze i dodanie jej do strony firmowej lub publicznej na Facebooku jest niezwykle proste. Obs\u0142uga klienta Elfsight jest bezp\u0142atna i szybka.\" \/>\n<meta name=\"robots\" content=\"index, follow, max-snippet:-1, max-image-preview:large, max-video-preview:-1\" \/>\n<link rel=\"canonical\" href=\"https:\/\/elfsight.com\/pl\/twitter-feed-widget\/facebook\/\" \/>\n<meta property=\"og:locale\" content=\"pl_PL\" \/>\n<meta property=\"og:type\" content=\"article\" \/>\n<meta property=\"og:title\" content=\"Dodaj zak\u0142adk\u0119 z kana\u0142ami Twitter do strony na Facebooku (bezp\u0142atnie i szybko)\" \/>\n<meta property=\"og:description\" content=\"Stworzenie zak\u0142adki z kana\u0142ami na Twitterze i dodanie jej do strony firmowej lub publicznej na Facebooku jest niezwykle proste. Obs\u0142uga klienta Elfsight jest bezp\u0142atna i szybka.\" \/>\n<meta property=\"og:url\" content=\"https:\/\/elfsight.com\/pl\/twitter-feed-widget\/facebook\/\" \/>\n<meta property=\"og:site_name\" content=\"Elfsight PL\" \/>\n<meta property=\"article:modified_time\" content=\"2024-11-14T09:27:54+00:00\" \/>\n<meta name=\"twitter:card\" content=\"summary_large_image\" \/>\n<meta name=\"twitter:label1\" content=\"Szacowany czas czytania\" \/>\n\t<meta name=\"twitter:data1\" content=\"3 minuty\" \/>\n<!-- \/ Yoast SEO plugin. -->","yoast_head_json":{"title":"Dodaj zak\u0142adk\u0119 z kana\u0142ami Twitter do strony na Facebooku (bezp\u0142atnie i szybko)","description":"Stworzenie zak\u0142adki z kana\u0142ami na Twitterze i dodanie jej do strony firmowej lub publicznej na Facebooku jest niezwykle proste. Obs\u0142uga klienta Elfsight jest bezp\u0142atna i szybka.","robots":{"index":"index","follow":"follow","max-snippet":"max-snippet:-1","max-image-preview":"max-image-preview:large","max-video-preview":"max-video-preview:-1"},"canonical":"https:\/\/elfsight.com\/pl\/twitter-feed-widget\/facebook\/","og_locale":"pl_PL","og_type":"article","og_title":"Dodaj zak\u0142adk\u0119 z kana\u0142ami Twitter do strony na Facebooku (bezp\u0142atnie i szybko)","og_description":"Stworzenie zak\u0142adki z kana\u0142ami na Twitterze i dodanie jej do strony firmowej lub publicznej na Facebooku jest niezwykle proste. Obs\u0142uga klienta Elfsight jest bezp\u0142atna i szybka.","og_url":"https:\/\/elfsight.com\/pl\/twitter-feed-widget\/facebook\/","og_site_name":"Elfsight PL","article_modified_time":"2024-11-14T09:27:54+00:00","twitter_card":"summary_large_image","twitter_misc":{"Szacowany czas czytania":"3 minuty"},"schema":{"@context":"https:\/\/schema.org","@graph":[{"@type":"WebPage","@id":"https:\/\/elfsight.com\/pl\/twitter-feed-widget\/facebook\/","url":"https:\/\/elfsight.com\/pl\/twitter-feed-widget\/facebook\/","name":"Dodaj zak\u0142adk\u0119 z kana\u0142ami Twitter do strony na Facebooku (bezp\u0142atnie i szybko)","isPartOf":{"@id":"https:\/\/elfsight.com\/pl\/#website"},"datePublished":"1970-01-01T00:00:00+00:00","dateModified":"2024-11-14T09:27:54+00:00","description":"Stworzenie zak\u0142adki z kana\u0142ami na Twitterze i dodanie jej do strony firmowej lub publicznej na Facebooku jest niezwykle proste. Obs\u0142uga klienta Elfsight jest bezp\u0142atna i szybka.","breadcrumb":{"@id":"https:\/\/elfsight.com\/pl\/twitter-feed-widget\/facebook\/#breadcrumb"},"inLanguage":"pl-PL","potentialAction":[{"@type":"ReadAction","target":["https:\/\/elfsight.com\/pl\/twitter-feed-widget\/facebook\/"]}]},{"@type":"BreadcrumbList","@id":"https:\/\/elfsight.com\/pl\/twitter-feed-widget\/facebook\/#breadcrumb","itemListElement":[{"@type":"ListItem","position":1,"name":"Home","item":"https:\/\/elfsight.com\/pl\/"},{"@type":"ListItem","position":2,"name":"Twitter Feed","item":"https:\/\/elfsight.com\/pl\/twitter-feed-widget\/"},{"@type":"ListItem","position":3,"name":"Twitter Feed &#8211; Facebook Page"}]},{"@type":"WebSite","@id":"https:\/\/elfsight.com\/pl\/#website","url":"https:\/\/elfsight.com\/pl\/","name":"Elfsight PL","description":"Just another Elfsight Sites site","potentialAction":[{"@type":"SearchAction","target":{"@type":"EntryPoint","urlTemplate":"https:\/\/elfsight.com\/pl\/?s={search_term_string}"},"query-input":{"@type":"PropertyValueSpecification","valueRequired":true,"valueName":"search_term_string"}}],"inLanguage":"pl-PL"}]}},"meta_box":{"industry":"","seo_heading":"","heading":"","description":"","cta_heading":"","cta_description":"","application":"2099","h1":"Zak\u0142adka Twitter dla strony na Facebooku","h1_caption":"Osadzaj tweety ze swojego konta na Twitterze lub za pomoc\u0105 hashtagu, aby bez wysi\u0142ku informowa\u0107 odwiedzaj\u0105cych o tre\u015bciach w czasie rzeczywistym na Twojej stronie na Facebooku.","application_category":[],"applications_title":"","applications_request_title":"","applications_request_button_text":"","hero_text":"","hero_video":"","hero_video_schema_markup":"","selling_points_title":"","selling_points_caption":"","selling_points":[],"selling_points_cta_text":"","features_title":"","features":"","ed_cta_examples_text":"","ed_cta_examples_hidden":"","ed_cta_demo_text":"","ed_cta_demo_hidden":"","why_caption":"","why_editor_title":"","why_editor_text":"","why_team_title":"","why_team_text":"","why_service_title":"","why_service_text":"","template_catalog_visible":"","template_catalog_title":"","template_catalog_text":"","template_catalog_categories_visible":"","demo_title":"Utw\u00f3rz wid\u017cet kana\u0142u Twitter","demo_caption":"Skonfiguruj sw\u00f3j kana\u0142 na Twitterze i dodaj go do swojej strony na Facebooku za darmo!","default_faq_hidden":"","app_template_category":[],"platform":"319","template_public_id":"","codecanyon_url":"","codecanyon_item_id":"","codecanyon_price":"","pricing_caption":"","pricing_elfsight_apps_hide_column":"","pricing_elfsight_apps_url":"","pricing_codecanyon_price_caption":"","integration_category":[],"integration_request_title":"","integration_request_cta":"","integration_platform":"","integrations":[],"platform_category":[],"video_schema_markup":"","price":"od 0 USD \/ miesi\u0105c","trial":"","benefits":[{"text":"Bezp\u0142atna pomoc w instalacji"},{"text":"Skuteczna obs\u0142uga klienta"},{"text":"14-dniowa gwarancja zwrotu pieni\u0119dzy"}],"button_url":"#demo","button_target_blank":"","button_nofollow":"","attributes":[{"name":"Instaluje"},{"name":"Czu\u0142y"},{"name":"Kompatybilne przegl\u0105darki"}],"tags":[],"tags_disable_links":"","hide_more_platforms":"","video_object":"","demo_hide_cta":"","demo_hide_cloud_options":"","pricing_title":"","pricing":[{"pricing_icon":"platform","pricing_title":"Elfsight Apps","pricing_title_caption":"Wersja wieloplatformowa, kt\u00f3ra dzia\u0142a na ka\u017cdej stronie internetowej","pricing_price":"od 0 USD \/ miesi\u0105c","pricing_price_caption":"zacznij od bezp\u0142atnego planu","pricing_benefits":[{"text":"Nielimitowane strony internetowe"},{"text":"Szybkie wsparcie firmy"},{"text":"Bezp\u0142atna pomoc w monta\u017cu"},{"text":"Specjalna cena za wiele aplikacji"}],"pricing_button_text":"Dodaj do witryny","pricing_button_url":"#demo"}],"related_apps_title":"","related_apps_hidden":"","author":"","image":[],"title":"","job":"","social_networks":[]},"_links":{"self":[{"href":"https:\/\/elfsight.com\/pl\/wp-json\/wp\/v2\/pages\/7054","targetHints":{"allow":["GET"]}}],"collection":[{"href":"https:\/\/elfsight.com\/pl\/wp-json\/wp\/v2\/pages"}],"about":[{"href":"https:\/\/elfsight.com\/pl\/wp-json\/wp\/v2\/types\/page"}],"author":[{"embeddable":true,"href":"https:\/\/elfsight.com\/pl\/wp-json\/wp\/v2\/users\/9"}],"replies":[{"embeddable":true,"href":"https:\/\/elfsight.com\/pl\/wp-json\/wp\/v2\/comments?post=7054"}],"version-history":[{"count":1,"href":"https:\/\/elfsight.com\/pl\/wp-json\/wp\/v2\/pages\/7054\/revisions"}],"predecessor-version":[{"id":7058,"href":"https:\/\/elfsight.com\/pl\/wp-json\/wp\/v2\/pages\/7054\/revisions\/7058"}],"up":[{"embeddable":true,"href":"https:\/\/elfsight.com\/pl\/wp-json\/wp\/v2\/pages\/2100"}],"wp:attachment":[{"href":"https:\/\/elfsight.com\/pl\/wp-json\/wp\/v2\/media?parent=7054"}],"curies":[{"name":"wp","href":"https:\/\/api.w.org\/{rel}","templated":true}]}}