{"id":7053,"date":"1970-01-01T00:00:00","date_gmt":"1970-01-01T00:00:00","guid":{"rendered":"https:\/\/elfsight.com\/pl\/?page_id=7053"},"modified":"2024-11-14T09:03:03","modified_gmt":"2024-11-14T09:03:03","slug":"woocommerce","status":"publish","type":"page","link":"https:\/\/elfsight.com\/pl\/twitter-feed-widget\/woocommerce\/","title":{"rendered":"Twitter Feed &#8211; WooCommerce"},"content":{"rendered":"<div class=\"application-platform-content-item-description application-platform-content-item\" id=\"description\" data-nav-section=\"description\"><h2>Opis<\/h2><p>Wtyczka Elfsight Twitter Feed sprawia, \u017ce \u200b\u200bwprowadzenie kana\u0142u Twitter lub okre\u015blonych tweet\u00f3w na Twojej stronie WooCommerce jest ca\u0142kowicie proste. Zwi\u0119ksz zaanga\u017cowanie u\u017cytkownik\u00f3w i zwi\u0119ksz zaufanie klient\u00f3w, wy\u015bwietlaj\u0105c o\u015b czasu lub chwal\u0105c si\u0119 opiniami u\u017cytkownik\u00f3w na Twitterze na temat Twoich produkt\u00f3w. Najsilniejsz\u0105 zalet\u0105 wtyczki Elfsight Twitter dla Twojej witryny internetowej s\u0105 gotowe szablony do dowolnych zastosowa\u0144 i r\u00f3\u017cnorodne opcje wraz z responsywnym projektem.<\/p><p><b>Zwi\u0119ksz zaanga\u017cowanie u\u017cytkownik\u00f3w i zaufanie do Twojej witryny<\/b><\/p><\/div> <div class=\"application-platform-content-item-features application-platform-content-item\" id=\"features\" data-nav-section=\"features\"><h2>To tylko kilka z pot\u0119\u017cnych funkcji wid\u017cetu:<\/h2><ul><li>Typ prezentacji: Kana\u0142 lub Referencje;<\/li><li>Ukryj nag\u0142\u00f3wek, aby wy\u015bwietli\u0107 tylko tweety;<\/li><li>Wska\u017anik przesy\u0142ania dalej w kanale;<\/li><li>Wybierz jeden z dost\u0119pnych j\u0119zyk\u00f3w lub popro\u015b o sw\u00f3j j\u0119zyk, a my przet\u0142umaczymy wid\u017cet;<\/li><li>Liczba retweet\u00f3w, liczba polubie\u0144 w tweetach.<\/li><\/ul><p><a href=\"#demo\">Mo\u017cesz zobaczy\u0107, co widget oferuje wypr\u00f3bowanie wersji demonstracyjnej<\/a><\/p>[ \/application_platform_content_item]<div class=\"application-platform-content-item-installation application-platform-content-item\" id=\"installation\" data-nav-section=\"installation\"><\/div><h2>Jak doda\u0107 kana\u0142 Twitter do mojej witryny WooCommerce?<\/h2><p>Wystarczy wykona\u0107 kilka krok\u00f3w podanych poni\u017cej, aby zintegrowa\u0107 wtyczk\u0119.<\/p><ol><li><b>Korzystaj\u0105c z naszego bezp\u0142atnego edytora, zacznij tworzy\u0107 w\u0142asny widget.<\/b><br>Wybierz wybrany uk\u0142ad i parametry narz\u0119dzia i zapisz zmiany.<\/li><li><b> Zdob\u0105d\u017a sw\u00f3j indywidualny kod pojawiaj\u0105cy si\u0119 w oknie aplikacji Elfsight.<\/b><br>Po zako\u0144czeniu tworzenia osobistego narz\u0119dzia skopiuj indywidualny kod z wyskakuj\u0105cego okienka i zachowaj go do wykorzystania w przysz\u0142o\u015bci.<\/li><li><b>Zacznij korzysta\u0107 z wtyczki na swojej stronie g\u0142\u00f3wnej WooCommerce.<\/b><br>Wklej ostatnio skopiowany kod na swojej stronie internetowej i zapisz poprawki.<\/li><li><b>Konfiguracja zosta\u0142a zako\u0144czona zosta\u0142o pomy\u015blnie wykonane.<\/b><br>Odwied\u017a swoj\u0105 stron\u0119 i zobacz, jak dzia\u0142a narz\u0119dzie.<\/li><\/ol><p>Je\u015bli napotkasz jakiekolwiek przeszkody, nie wahaj si\u0119 zwr\u00f3ci\u0107 do naszego pracownicy biura Obs\u0142ugi klienta. Nasi specjali\u015bci ch\u0119tnie rozwi\u0105\u017c\u0105 wszystkie problemy, jakie mo\u017cesz mie\u0107 z wid\u017cetem.<\/p><\/div><div class=\"faq\" data-component=\"FAQ\"><div class=\"faq-item\">\r\n\t\t\t\t\t<div class=\"faq-item-question\">\r\n\t\t\t\t\t\t<h3 class=\"faq-item-question-text\"><\/h3>\r\n\r\n\t\t\t\t\t\t<div class=\"faq-item-question-icon\"><\/div>\r\n\t\t\t\t\t<\/div>\r\n\r\n\t\t\t\t\t<div class=\"faq-item-answer\">\r\n\t\t\t\t\t\t<div class=\"faq-item-answer-text\"><p>Firma Elfsight oferuje rozwi\u0105zanie w chmurze, kt\u00f3re pozwala samodzielnie utworzy\u0107 wid\u017cet Twitter Feed, poznaj nieskomplikowane instrukcje:<\/p><ul><li>Rozpocznij prac\u0119 bezpo\u015brednio w Internecie Edytor, aby utworzy\u0107 wtyczk\u0119 Twitter Feed, kt\u00f3r\u0105 chcesz wy\u015bwietla\u0107 w witrynie WooCommerce.<\/li><li>Wybierz jeden z wst\u0119pnie zaprojektowanych szablon\u00f3w i dostosuj ustawienia Twitter Feed, zmie\u0144 uk\u0142ad i kolory, do\u0142\u0105cz swoj\u0105 tre\u015b\u0107 bez znajomo\u015bci kodowania .<\/li><li>Zapisz kana\u0142 Twitter i uzyskaj kod instalacyjny, kt\u00f3ry mo\u017cesz bez problemu i za darmo osadzi\u0107 na dowolnej stronie internetowej WooCommerce.<\/li><\/ul><p>Z pomoc\u0105 intuicyjnego edytora ka\u017cdy u\u017cytkownik sieci mo\u017ce utworzy\u0107 aplikacj\u0119 Twitter Feed i \u0142atwo umie\u015bci\u0107 j\u0105 na stronie WooCommerce. Aby wej\u015b\u0107 do us\u0142ugi, nie mo\u017cesz wykupi\u0107 p\u0142atnej subskrypcji ani wprowadza\u0107 danych uwierzytelniaj\u0105cych karty. Je\u015bli na kt\u00f3rymkolwiek etapie napotkasz jakiekolwiek problemy, nie wahaj si\u0119 skontaktowa\u0107 z nasz\u0105 techniczn\u0105 obs\u0142ug\u0105 klienta.<\/p><\/div>\r\n\t\t\t\t\t<\/div>\r\n\t\t\t\t<\/div><\/div>","protected":false},"excerpt":{"rendered":"","protected":false},"author":9,"featured_media":0,"parent":2100,"menu_order":0,"comment_status":"closed","ping_status":"closed","template":"templates\/template-application-platform.php","meta":{"publish_to_discourse":"","publish_post_category":"","wpdc_auto_publish_overridden":"","wpdc_topic_tags":"","wpdc_pin_topic":"","wpdc_pin_until":"","discourse_post_id":"","discourse_permalink":"","wpdc_publishing_response":"","wpdc_publishing_error":"","footnotes":""},"class_list":["post-7053","page","type-page","status-publish","hentry"],"yoast_head":"<!-- This site is optimized with the Yoast SEO plugin v25.3.1 - https:\/\/yoast.com\/wordpress\/plugins\/seo\/ -->\n<title>Wtyczka WooCommerce Twitter Feed dla Twojej witryny internetowej (2025)<\/title>\n<meta name=\"description\" content=\"Wykorzystaj szans\u0119, aby spersonalizowa\u0107 wtyczk\u0119 Twitter Feed ju\u017c teraz i dodaj j\u0105 do swojej witryny WooCommerce bezpo\u015brednio z wersji demonstracyjnej na \u017cywo za darmo.\" \/>\n<meta name=\"robots\" content=\"index, follow, max-snippet:-1, max-image-preview:large, max-video-preview:-1\" \/>\n<link rel=\"canonical\" href=\"https:\/\/elfsight.com\/pl\/twitter-feed-widget\/woocommerce\/\" \/>\n<meta property=\"og:locale\" content=\"pl_PL\" \/>\n<meta property=\"og:type\" content=\"article\" \/>\n<meta property=\"og:title\" content=\"Wtyczka WooCommerce Twitter Feed dla Twojej witryny internetowej (2025)\" \/>\n<meta property=\"og:description\" content=\"Wykorzystaj szans\u0119, aby spersonalizowa\u0107 wtyczk\u0119 Twitter Feed ju\u017c teraz i dodaj j\u0105 do swojej witryny WooCommerce bezpo\u015brednio z wersji demonstracyjnej na \u017cywo za darmo.\" \/>\n<meta property=\"og:url\" content=\"https:\/\/elfsight.com\/pl\/twitter-feed-widget\/woocommerce\/\" \/>\n<meta property=\"og:site_name\" content=\"Elfsight PL\" \/>\n<meta property=\"article:modified_time\" content=\"2024-11-14T09:03:03+00:00\" \/>\n<meta name=\"twitter:card\" content=\"summary_large_image\" \/>\n<meta name=\"twitter:label1\" content=\"Szacowany czas czytania\" \/>\n\t<meta name=\"twitter:data1\" content=\"3 minuty\" \/>\n<!-- \/ Yoast SEO plugin. -->","yoast_head_json":{"title":"Wtyczka WooCommerce Twitter Feed dla Twojej witryny internetowej (2025)","description":"Wykorzystaj szans\u0119, aby spersonalizowa\u0107 wtyczk\u0119 Twitter Feed ju\u017c teraz i dodaj j\u0105 do swojej witryny WooCommerce bezpo\u015brednio z wersji demonstracyjnej na \u017cywo za darmo.","robots":{"index":"index","follow":"follow","max-snippet":"max-snippet:-1","max-image-preview":"max-image-preview:large","max-video-preview":"max-video-preview:-1"},"canonical":"https:\/\/elfsight.com\/pl\/twitter-feed-widget\/woocommerce\/","og_locale":"pl_PL","og_type":"article","og_title":"Wtyczka WooCommerce Twitter Feed dla Twojej witryny internetowej (2025)","og_description":"Wykorzystaj szans\u0119, aby spersonalizowa\u0107 wtyczk\u0119 Twitter Feed ju\u017c teraz i dodaj j\u0105 do swojej witryny WooCommerce bezpo\u015brednio z wersji demonstracyjnej na \u017cywo za darmo.","og_url":"https:\/\/elfsight.com\/pl\/twitter-feed-widget\/woocommerce\/","og_site_name":"Elfsight PL","article_modified_time":"2024-11-14T09:03:03+00:00","twitter_card":"summary_large_image","twitter_misc":{"Szacowany czas czytania":"3 minuty"},"schema":{"@context":"https:\/\/schema.org","@graph":[{"@type":"WebPage","@id":"https:\/\/elfsight.com\/pl\/twitter-feed-widget\/woocommerce\/","url":"https:\/\/elfsight.com\/pl\/twitter-feed-widget\/woocommerce\/","name":"Wtyczka WooCommerce Twitter Feed dla Twojej witryny internetowej (2025)","isPartOf":{"@id":"https:\/\/elfsight.com\/pl\/#website"},"datePublished":"1970-01-01T00:00:00+00:00","dateModified":"2024-11-14T09:03:03+00:00","description":"Wykorzystaj szans\u0119, aby spersonalizowa\u0107 wtyczk\u0119 Twitter Feed ju\u017c teraz i dodaj j\u0105 do swojej witryny WooCommerce bezpo\u015brednio z wersji demonstracyjnej na \u017cywo za darmo.","breadcrumb":{"@id":"https:\/\/elfsight.com\/pl\/twitter-feed-widget\/woocommerce\/#breadcrumb"},"inLanguage":"pl-PL","potentialAction":[{"@type":"ReadAction","target":["https:\/\/elfsight.com\/pl\/twitter-feed-widget\/woocommerce\/"]}]},{"@type":"BreadcrumbList","@id":"https:\/\/elfsight.com\/pl\/twitter-feed-widget\/woocommerce\/#breadcrumb","itemListElement":[{"@type":"ListItem","position":1,"name":"Home","item":"https:\/\/elfsight.com\/pl\/"},{"@type":"ListItem","position":2,"name":"Twitter Feed","item":"https:\/\/elfsight.com\/pl\/twitter-feed-widget\/"},{"@type":"ListItem","position":3,"name":"Twitter Feed &#8211; WooCommerce"}]},{"@type":"WebSite","@id":"https:\/\/elfsight.com\/pl\/#website","url":"https:\/\/elfsight.com\/pl\/","name":"Elfsight PL","description":"Just another Elfsight Sites site","potentialAction":[{"@type":"SearchAction","target":{"@type":"EntryPoint","urlTemplate":"https:\/\/elfsight.com\/pl\/?s={search_term_string}"},"query-input":{"@type":"PropertyValueSpecification","valueRequired":true,"valueName":"search_term_string"}}],"inLanguage":"pl-PL"}]}},"meta_box":{"industry":"","seo_heading":"","heading":"","description":"","cta_heading":"","cta_description":"","application":"2099","h1":"Wtyczka WooCommerce na Twitterze","h1_caption":"Osadzaj tweety ze swojego konta na Twitterze lub za pomoc\u0105 hashtagu, aby bez wysi\u0142ku informowa\u0107 odwiedzaj\u0105cych o tre\u015bciach w czasie rzeczywistym w Twojej witrynie WooCommerce.","application_category":[],"applications_title":"","applications_request_title":"","applications_request_button_text":"","hero_text":"","hero_video":"","hero_video_schema_markup":"","selling_points_title":"","selling_points_caption":"","selling_points":[],"selling_points_cta_text":"","features_title":"","features":"","ed_cta_examples_text":"","ed_cta_examples_hidden":"","ed_cta_demo_text":"","ed_cta_demo_hidden":"","why_caption":"","why_editor_title":"","why_editor_text":"","why_team_title":"","why_team_text":"","why_service_title":"","why_service_text":"","template_catalog_visible":"","template_catalog_title":"","template_catalog_text":"","template_catalog_categories_visible":"","demo_title":"Utw\u00f3rz aplikacj\u0119 do obs\u0142ugi Twittera","demo_caption":"Skonfiguruj sw\u00f3j kana\u0142 na Twitterze i dodaj go do swojej witryny WooCommerce za darmo!","default_faq_hidden":"","app_template_category":[],"platform":"335","template_public_id":"","codecanyon_url":"","codecanyon_item_id":"","codecanyon_price":"","pricing_caption":"","pricing_elfsight_apps_hide_column":"","pricing_elfsight_apps_url":"","pricing_codecanyon_price_caption":"","integration_category":[],"integration_request_title":"","integration_request_cta":"","integration_platform":"","integrations":[],"platform_category":[],"video_schema_markup":"","price":"od 0 USD \/ miesi\u0105c","trial":"","benefits":[{"text":"Bezp\u0142atna us\u0142uga monta\u017cu"},{"text":"Kompetentna obs\u0142uga klienta"},{"text":"14-dniowa gwarancja zwrotu pieni\u0119dzy"}],"button_url":"#demo","button_target_blank":"","button_nofollow":"","attributes":[{"name":"Instaluje"},{"name":"Czu\u0142y"},{"name":"Kompatybilne przegl\u0105darki"}],"tags":[],"tags_disable_links":"","hide_more_platforms":"","video_object":"","demo_hide_cta":"","demo_hide_cloud_options":"","pricing_title":"","pricing":[{"pricing_icon":"platform","pricing_title":"Elfsight Apps","pricing_title_caption":"Wieloplatformowe rozwi\u0105zanie cyfrowe, kt\u00f3re dzia\u0142a w dowolnej witrynie","pricing_price":"od 0 USD \/ miesi\u0105c","pricing_price_caption":"zacznij od bezp\u0142atnego planu","pricing_benefits":[{"text":"Nielimitowane domeny"},{"text":"Szybka obs\u0142uga klienta i dobrze udokumentowana"},{"text":"Bezp\u0142atna us\u0142uga monta\u017cu"},{"text":"Elastyczny projekt"}],"pricing_button_text":"Dodaj do witryny","pricing_button_url":"#demo"}],"related_apps_title":"","related_apps_hidden":"","author":"","image":[],"title":"","job":"","social_networks":[]},"_links":{"self":[{"href":"https:\/\/elfsight.com\/pl\/wp-json\/wp\/v2\/pages\/7053","targetHints":{"allow":["GET"]}}],"collection":[{"href":"https:\/\/elfsight.com\/pl\/wp-json\/wp\/v2\/pages"}],"about":[{"href":"https:\/\/elfsight.com\/pl\/wp-json\/wp\/v2\/types\/page"}],"author":[{"embeddable":true,"href":"https:\/\/elfsight.com\/pl\/wp-json\/wp\/v2\/users\/9"}],"replies":[{"embeddable":true,"href":"https:\/\/elfsight.com\/pl\/wp-json\/wp\/v2\/comments?post=7053"}],"version-history":[{"count":1,"href":"https:\/\/elfsight.com\/pl\/wp-json\/wp\/v2\/pages\/7053\/revisions"}],"predecessor-version":[{"id":7057,"href":"https:\/\/elfsight.com\/pl\/wp-json\/wp\/v2\/pages\/7053\/revisions\/7057"}],"up":[{"embeddable":true,"href":"https:\/\/elfsight.com\/pl\/wp-json\/wp\/v2\/pages\/2100"}],"wp:attachment":[{"href":"https:\/\/elfsight.com\/pl\/wp-json\/wp\/v2\/media?parent=7053"}],"curies":[{"name":"wp","href":"https:\/\/api.w.org\/{rel}","templated":true}]}}