{"id":7047,"date":"2024-05-03T06:52:30","date_gmt":"2024-05-03T06:52:30","guid":{"rendered":"https:\/\/elfsight.com\/pl\/?page_id=7047"},"modified":"2025-06-20T09:42:41","modified_gmt":"2025-06-20T09:42:41","slug":"google-sites","status":"publish","type":"page","link":"https:\/\/elfsight.com\/pl\/twitter-feed-widget\/google-sites\/","title":{"rendered":"Twitter Feed &#8211; Google Sites"},"content":{"rendered":"<div class=\"application-platform-content-item-description application-platform-content-item\" id=\"description\" data-nav-section=\"description\">\n<h2>Osadzaj kana\u0142 Twittera w Witrynach Google za pomoc\u0105 wid\u017cetu Elfsight<\/h2>\n<p>Dzi\u0119ki kana\u0142owi Elfsight na Twitterze osadzanie kana\u0142u Twitter lub oddzielne tweety na swojej stronie internetowej. Zwi\u0119ksz aktywno\u015b\u0107 odwiedzaj\u0105cych i zbuduj wi\u0119ksze zaufanie klient\u00f3w, publikuj\u0105c o\u015b czasu na Twitterze lub chwal\u0105c si\u0119 opiniami klient\u00f3w na Twitterze na temat Twoich produkt\u00f3w. Najlepsze zalety kana\u0142u Elfsight na Twitterze dla Twojej witryny to gotowe szablony do dowolnych przypadk\u00f3w u\u017cycia i r\u00f3\u017cne opcje wraz z mo\u017cliwo\u015bci\u0105 dostosowania projektu.<\/p>\n<p>Zr\u00f3b tak, aby Twoja witryna by\u0142a ca\u0142kowicie atrakcyjna dla odbiorc\u00f3w i cieszy\u0142a si\u0119 du\u017cym zaufaniem.<\/p>\n<\/div>\n\n<div class=\"application-platform-content-item-features application-platform-content-item\" id=\"features\" data-nav-section=\"features\">\n<h2>Znajd\u017a poni\u017cej g\u0142\u00f3wne funkcje wid\u017cetu:<\/h2>\n<ul>\n    <li>Wy\u015bwietlaj tweety z w\u0142asnego konta lub wybieraj wed\u0142ug hashtagu;<\/li>\n    <li>Wybierz pe\u0142ny lub kompaktowy uk\u0142ad nag\u0142\u00f3wka;<\/li>\n    <li>Skopiuj link do tweet\u00f3w;<\/li>\n    <li>Specjalna ikona do oznaczania zweryfikowanych kont;<\/li>\n    <li>Automatyczne kolorowanie kana\u0142u kolorem motywu z Twojego konta na Twitterze.<\/li>\n<\/ul>\n<p><a href=\"#demo\">Mo\u017cesz sprawdzi\u0107, czy wid\u017cet jest dla Ciebie, wypr\u00f3bowuj\u0105c wersj\u0119 demonstracyjn\u0105<\/a><\/p>\n<\/div>\n\n<div class=\"application-platform-content-item-installation application-platform-content-item\" id=\"installation\" data-nav-section=\"installation\"><\/div>\n<h2>Jak doda\u0107 kana\u0142 Twittera do mojej witryny Google?<\/h2>\n<p>Wystarczy wykona\u0107 kilka krok\u00f3w opisanych poni\u017cej, aby wstawi\u0107 wid\u017cet.<\/p>\n<div class=\"video-container\"><iframe width=\"720\" height=\"405\" src=\"https:\/\/www.youtube.com\/embed\/DrAe9b4dqVE\" frameborder=\"0\" allowfullscreen=\"\"><\/iframe><\/div>\n<ol>\n    <li>Utw\u00f3rz sw\u00f3j osobisty wid\u017cet.\n        <br>Skorzystaj z naszej bezp\u0142atnej wersji demonstracyjnej i zacznij tworzy\u0107 w\u0142asny wid\u017cet. Okre\u015bl preferowany wygl\u0105d i parametry wid\u017cetu i zapisz zmiany.<\/li>\n    <li>Uzyskaj sw\u00f3j osobisty kod.\n        <br>Gdy tylko konfiguracja Twojej osobistej wtyczki zostanie uko\u0144czona, skopiuj indywidualny kod z wyskakuj\u0105cego okienka i zapisz go na przysz\u0142o\u015b\u0107.<\/li>\n    <li>Zacznij korzysta\u0107 z narz\u0119dzia.\n        <br>Umie\u015b\u0107 zapisany wcze\u015bniej kod na swojej stronie i zastosuj ulepszenia.<\/li>\n    <li>Instalacja zosta\u0142a w pe\u0142ni uko\u0144czona.\n        <br>Przejd\u017a do swojej witryny, aby sprawdzi\u0107 dzia\u0142anie wid\u017cetu.<\/li>\n<\/ol>\n<div class=\"tip-yellow tip\">Ze wzgl\u0119du na specyfik\u0119 dzia\u0142ania Witryn Google wid\u017cet mo\u017ce wygl\u0105da\u0107 inaczej ni\u017c wersja demonstracyjna online. Przepraszamy za wszelkie niedogodno\u015bci.<\/div>\n<p>W przypadku napotkania jakichkolwiek problem\u00f3w nie wahaj si\u0119 skontaktowa\u0107 z naszym zespo\u0142em obs\u0142ugi klienta. Nasi konsultanci ch\u0119tnie pomog\u0105 Ci we wszystkich trudno\u015bciach, jakie mo\u017cesz napotka\u0107 w zwi\u0105zku z narz\u0119dziem.<\/p>\n\n<div class=\"faq\" data-component=\"FAQ\">\n    <div class=\"faq-item\">\r\n\t\t\t\t\t<div class=\"faq-item-question\">\r\n\t\t\t\t\t\t<h3 class=\"faq-item-question-text\">Jak mog\u0119 osadzi\u0107 wid\u017cet kana\u0142u Twitter na mojej stronie Witryn Google bez umiej\u0119tno\u015bci kodowania?<\/h3>\r\n\r\n\t\t\t\t\t\t<div class=\"faq-item-question-icon\"><\/div>\r\n\t\t\t\t\t<\/div>\r\n\r\n\t\t\t\t\t<div class=\"faq-item-answer\">\r\n\t\t\t\t\t\t<div class=\"faq-item-answer-text\">\n    <p>Elfsight zapewnia rozwi\u0105zanie oparte na chmurze, kt\u00f3re umo\u017cliwia u\u017cytkownikom osadzanie wid\u017cetu kana\u0142u Twitter samodzielnie, przekonaj si\u0119, jak prosty jest ten proces:<\/p>\n    <ul>\n        <li>Uzyskaj dost\u0119p do edytora online, aby wygenerowa\u0107 sekcj\u0119 wid\u017cetu kana\u0142u Twitter, kt\u00f3r\u0105 chcesz zintegrowa\u0107 ze swoj\u0105 stron\u0105 w Witrynach Google.<\/li>\n        <li>Wybierz jeden z naszych wst\u0119pnie zaprojektowanych szablon\u00f3w i dostosuj ustawienia wid\u017cetu Twitter Feed, zmodyfikuj uk\u0142ad i schemat kolor\u00f3w, do\u0142\u0105cz swoj\u0105 tre\u015b\u0107 bez konieczno\u015bci kodowania.<\/li>\n        <li>Zapisz ustawienia skonfigurowane dla Twittera, podaj wid\u017cet i uzyskaj kod wid\u017cetu do umieszczenia na stronie, kt\u00f3ry mo\u017cna \u0142atwo i bezp\u0142atnie doda\u0107 do swojej strony w Witrynach Google.<\/li>\n    <\/ul>\n    <p>Dzi\u0119ki pracy w przyjaznym dla u\u017cytkownika Edytorze ka\u017cdy u\u017cytkownik Internetu mo\u017ce utworzy\u0107 sekcj\u0119 wid\u017cetu kana\u0142u Twitter i umie\u015b\u0107 go na swojej stronie w Witrynach Google. Aby uzyska\u0107 dost\u0119p do Edytora Elfsight, nie jest wymagana \u017cadna p\u0142atno\u015b\u0107 ani ujawnianie danych karty. Je\u015bli na kt\u00f3rymkolwiek etapie napotkasz jakiekolwiek trudno\u015bci, skontaktuj si\u0119 z naszym dzia\u0142em obs\u0142ugi klienta.<\/p>\n    <\/div>\r\n\t\t\t\t\t<\/div>\r\n\t\t\t\t<\/div>\n<\/div>\n","protected":false},"excerpt":{"rendered":"Jak doda\u0107 kana\u0142 Twittera do mojej witryny Google? Wystarczy wykona\u0107 kilka krok\u00f3w opisanych poni\u017cej, aby wstawi\u0107 wid\u017cet. Utw\u00f3rz sw\u00f3j osobisty wid\u017cet. Skorzystaj z naszej bezp\u0142atnej wersji demonstracyjnej i zacznij tworzy\u0107 w\u0142asny wid\u017cet. Okre\u015bl preferowany wygl\u0105d i parametry wid\u017cetu i zapisz zmiany. Uzyskaj sw\u00f3j osobisty kod. Gdy tylko konfiguracja Twojej osobistej&#8230;","protected":false},"author":9,"featured_media":0,"parent":2100,"menu_order":0,"comment_status":"closed","ping_status":"closed","template":"templates\/template-application-platform.php","meta":{"publish_to_discourse":"","publish_post_category":"","wpdc_auto_publish_overridden":"","wpdc_topic_tags":"","wpdc_pin_topic":"","wpdc_pin_until":"","discourse_post_id":"","discourse_permalink":"","wpdc_publishing_response":"","wpdc_publishing_error":"","footnotes":""},"class_list":["post-7047","page","type-page","status-publish","hentry"],"yoast_head":"<!-- This site is optimized with the Yoast SEO plugin v25.3.1 - https:\/\/yoast.com\/wordpress\/plugins\/seo\/ -->\n<title>Kana\u0142 Twittera \u2014 dodaj kana\u0142 Twittera do Witryn Google kilkoma klikni\u0119ciami (2025 r.)<\/title>\n<meta name=\"description\" content=\"Dodaj responsywn\u0105 aplikacj\u0119 do obs\u0142ugi Twittera w swojej witrynie Google Sites i zdob\u0105d\u017a pe\u0142ne zaufanie. Skorzystaj z przydatnej wersji demonstracyjnej Elfsight, aby stworzy\u0107 swoj\u0105 unikaln\u0105 funkcj\u0119.\" \/>\n<meta name=\"robots\" content=\"index, follow, max-snippet:-1, max-image-preview:large, max-video-preview:-1\" \/>\n<link rel=\"canonical\" href=\"https:\/\/elfsight.com\/pl\/twitter-feed-widget\/google-sites\/\" \/>\n<meta property=\"og:locale\" content=\"pl_PL\" \/>\n<meta property=\"og:type\" content=\"article\" \/>\n<meta property=\"og:title\" content=\"Kana\u0142 Twittera \u2014 dodaj kana\u0142 Twittera do Witryn Google kilkoma klikni\u0119ciami (2025 r.)\" \/>\n<meta property=\"og:description\" content=\"Dodaj responsywn\u0105 aplikacj\u0119 do obs\u0142ugi Twittera w swojej witrynie Google Sites i zdob\u0105d\u017a pe\u0142ne zaufanie. Skorzystaj z przydatnej wersji demonstracyjnej Elfsight, aby stworzy\u0107 swoj\u0105 unikaln\u0105 funkcj\u0119.\" \/>\n<meta property=\"og:url\" content=\"https:\/\/elfsight.com\/pl\/twitter-feed-widget\/google-sites\/\" \/>\n<meta property=\"og:site_name\" content=\"Elfsight PL\" \/>\n<meta property=\"article:modified_time\" content=\"2025-06-20T09:42:41+00:00\" \/>\n<meta name=\"twitter:card\" content=\"summary_large_image\" \/>\n<meta name=\"twitter:label1\" content=\"Szacowany czas czytania\" \/>\n\t<meta name=\"twitter:data1\" content=\"3 minuty\" \/>\n<!-- \/ Yoast SEO plugin. -->","yoast_head_json":{"title":"Kana\u0142 Twittera \u2014 dodaj kana\u0142 Twittera do Witryn Google kilkoma klikni\u0119ciami (2025 r.)","description":"Dodaj responsywn\u0105 aplikacj\u0119 do obs\u0142ugi Twittera w swojej witrynie Google Sites i zdob\u0105d\u017a pe\u0142ne zaufanie. Skorzystaj z przydatnej wersji demonstracyjnej Elfsight, aby stworzy\u0107 swoj\u0105 unikaln\u0105 funkcj\u0119.","robots":{"index":"index","follow":"follow","max-snippet":"max-snippet:-1","max-image-preview":"max-image-preview:large","max-video-preview":"max-video-preview:-1"},"canonical":"https:\/\/elfsight.com\/pl\/twitter-feed-widget\/google-sites\/","og_locale":"pl_PL","og_type":"article","og_title":"Kana\u0142 Twittera \u2014 dodaj kana\u0142 Twittera do Witryn Google kilkoma klikni\u0119ciami (2025 r.)","og_description":"Dodaj responsywn\u0105 aplikacj\u0119 do obs\u0142ugi Twittera w swojej witrynie Google Sites i zdob\u0105d\u017a pe\u0142ne zaufanie. Skorzystaj z przydatnej wersji demonstracyjnej Elfsight, aby stworzy\u0107 swoj\u0105 unikaln\u0105 funkcj\u0119.","og_url":"https:\/\/elfsight.com\/pl\/twitter-feed-widget\/google-sites\/","og_site_name":"Elfsight PL","article_modified_time":"2025-06-20T09:42:41+00:00","twitter_card":"summary_large_image","twitter_misc":{"Szacowany czas czytania":"3 minuty"},"schema":{"@context":"https:\/\/schema.org","@graph":[{"@type":"WebPage","@id":"https:\/\/elfsight.com\/pl\/twitter-feed-widget\/google-sites\/","url":"https:\/\/elfsight.com\/pl\/twitter-feed-widget\/google-sites\/","name":"Kana\u0142 Twittera \u2014 dodaj kana\u0142 Twittera do Witryn Google kilkoma klikni\u0119ciami (2025 r.)","isPartOf":{"@id":"https:\/\/elfsight.com\/pl\/#website"},"datePublished":"2024-05-03T06:52:30+00:00","dateModified":"2025-06-20T09:42:41+00:00","description":"Dodaj responsywn\u0105 aplikacj\u0119 do obs\u0142ugi Twittera w swojej witrynie Google Sites i zdob\u0105d\u017a pe\u0142ne zaufanie. Skorzystaj z przydatnej wersji demonstracyjnej Elfsight, aby stworzy\u0107 swoj\u0105 unikaln\u0105 funkcj\u0119.","breadcrumb":{"@id":"https:\/\/elfsight.com\/pl\/twitter-feed-widget\/google-sites\/#breadcrumb"},"inLanguage":"pl-PL","potentialAction":[{"@type":"ReadAction","target":["https:\/\/elfsight.com\/pl\/twitter-feed-widget\/google-sites\/"]}]},{"@type":"BreadcrumbList","@id":"https:\/\/elfsight.com\/pl\/twitter-feed-widget\/google-sites\/#breadcrumb","itemListElement":[{"@type":"ListItem","position":1,"name":"Home","item":"https:\/\/elfsight.com\/pl\/"},{"@type":"ListItem","position":2,"name":"Twitter Feed","item":"https:\/\/elfsight.com\/pl\/twitter-feed-widget\/"},{"@type":"ListItem","position":3,"name":"Twitter Feed &#8211; Google Sites"}]},{"@type":"WebSite","@id":"https:\/\/elfsight.com\/pl\/#website","url":"https:\/\/elfsight.com\/pl\/","name":"Elfsight PL","description":"Just another Elfsight Sites site","potentialAction":[{"@type":"SearchAction","target":{"@type":"EntryPoint","urlTemplate":"https:\/\/elfsight.com\/pl\/?s={search_term_string}"},"query-input":{"@type":"PropertyValueSpecification","valueRequired":true,"valueName":"search_term_string"}}],"inLanguage":"pl-PL"}]}},"meta_box":{"industry":"","seo_heading":"","heading":"","description":"","cta_heading":"","cta_description":"","application":"2099","h1":"Wid\u017cet kana\u0142u Twittera Witryn Google","h1_caption":"Osadzaj tweety ze swojego konta na Twitterze lub za pomoc\u0105 hashtagu, aby bez wysi\u0142ku informowa\u0107 odwiedzaj\u0105cych o tre\u015bciach w czasie rzeczywistym w Twoich Witrynach Google.","application_category":[],"applications_title":"","applications_request_title":"","applications_request_button_text":"","hero_text":"","hero_video":"","hero_video_schema_markup":"","selling_points_title":"","selling_points_caption":"","selling_points":[],"selling_points_cta_text":"","features_title":"","features":"","ed_cta_examples_text":"","ed_cta_examples_hidden":"","ed_cta_demo_text":"","ed_cta_demo_hidden":"","why_caption":"","why_editor_title":"","why_editor_text":"","why_team_title":"","why_team_text":"","why_service_title":"","why_service_text":"","template_catalog_visible":"0","template_catalog_title":"","template_catalog_text":"","template_catalog_categories_visible":"","demo_title":"Utw\u00f3rz wid\u017cet kana\u0142u Twitter","demo_caption":"Skonfiguruj sw\u00f3j kana\u0142 na Twitterze i dodaj go za darmo do swojej witryny Google Sites!","default_faq_hidden":"","app_template_category":[],"platform":"484","template_public_id":"","codecanyon_url":"","codecanyon_item_id":"","codecanyon_price":"","pricing_caption":"","pricing_elfsight_apps_hide_column":"","pricing_elfsight_apps_url":"","pricing_codecanyon_price_caption":"","integration_category":[],"integration_request_title":"","integration_request_cta":"","integration_platform":"","integrations":[],"platform_category":[],"video_schema_markup":"","price":"od 0 USD \/ miesi\u0105c","trial":"","benefits":[{"text":"Bezp\u0142atna us\u0142uga monta\u017cu"},{"text":"Wsparcie premium"},{"text":"14-dniowa gwarancja zwrotu pieni\u0119dzy"},{"text":"Regularne bezp\u0142atne aktualizacje"}],"button_url":"#demo","button_target_blank":"0","button_nofollow":"0","attributes":[{"name":"Instaluje"},{"name":"Reakcja na co\u015b"},{"name":"Kompatybilne przegl\u0105darki"}],"tags":[],"tags_disable_links":"0","hide_more_platforms":"0","video_object":"","demo_hide_cta":"0","demo_hide_cloud_options":"0","pricing_title":"","pricing":[{"pricing_icon":"platform","pricing_title":"Elfsight Apps","pricing_title_caption":"Wieloplatformowe rozwi\u0105zanie cyfrowe","pricing_price":"od 0 USD \/ miesi\u0105c","pricing_price_caption":"zacznij od bezp\u0142atnego planu","pricing_benefits":[{"text":"Nielimitowane strony internetowe"},{"text":"Profesjonalne i terminowe wsparcie"},{"text":"Bezp\u0142atna pomoc w monta\u017cu"},{"text":"Oferta specjalna na wiele aplikacji"}],"pricing_button_text":"Dodaj do witryny","pricing_button_url":"#demo"}],"related_apps_title":"","related_apps_hidden":"0","author":"","image":[],"title":"","job":"","social_networks":[]},"_links":{"self":[{"href":"https:\/\/elfsight.com\/pl\/wp-json\/wp\/v2\/pages\/7047","targetHints":{"allow":["GET"]}}],"collection":[{"href":"https:\/\/elfsight.com\/pl\/wp-json\/wp\/v2\/pages"}],"about":[{"href":"https:\/\/elfsight.com\/pl\/wp-json\/wp\/v2\/types\/page"}],"author":[{"embeddable":true,"href":"https:\/\/elfsight.com\/pl\/wp-json\/wp\/v2\/users\/9"}],"replies":[{"embeddable":true,"href":"https:\/\/elfsight.com\/pl\/wp-json\/wp\/v2\/comments?post=7047"}],"version-history":[{"count":3,"href":"https:\/\/elfsight.com\/pl\/wp-json\/wp\/v2\/pages\/7047\/revisions"}],"predecessor-version":[{"id":10192,"href":"https:\/\/elfsight.com\/pl\/wp-json\/wp\/v2\/pages\/7047\/revisions\/10192"}],"up":[{"embeddable":true,"href":"https:\/\/elfsight.com\/pl\/wp-json\/wp\/v2\/pages\/2100"}],"wp:attachment":[{"href":"https:\/\/elfsight.com\/pl\/wp-json\/wp\/v2\/media?parent=7047"}],"curies":[{"name":"wp","href":"https:\/\/api.w.org\/{rel}","templated":true}]}}