{"id":7046,"date":"1970-01-01T00:00:00","date_gmt":"1970-01-01T00:00:00","guid":{"rendered":"https:\/\/elfsight.com\/pl\/?page_id=7046"},"modified":"2024-09-13T14:09:07","modified_gmt":"2024-09-13T14:09:07","slug":"godaddy","status":"publish","type":"page","link":"https:\/\/elfsight.com\/pl\/twitter-feed-widget\/godaddy\/","title":{"rendered":"Twitter Feed  &#8211; GoDaddy"},"content":{"rendered":"<div class=\"application-platform-content-item-description application-platform-content-item\" id=\"description\" data-nav-section=\"description\"> <h2>Osadzaj kana\u0142 Twittera w GoDaddy za pomoc\u0105 wid\u017cetu Elfsight<\/h2> <p>Dzi\u0119ki wtyczce Elfsight Twitter Feed dla GoDaddy mo\u017cesz dodawa\u0107 na swoim za\u0142\u00f3\u017c spersonalizowany kana\u0142 jednego z najpopularniejszych medi\u00f3w spo\u0142eczno\u015bciowych. Umie\u015b\u0107 sw\u00f3j w\u0142asny kana\u0142 na Twitterze z nag\u0142\u00f3wkiem i przyciskami akcji, stw\u00f3rz kolekcj\u0119 tweet\u00f3w wed\u0142ug hashtagu lub wy\u015bwietlaj opinie klient\u00f3w na temat swoich produkt\u00f3w z Twittera. Pozw\u00f3l swoim u\u017cytkownikom na wszystkie dzia\u0142ania zwi\u0105zane z tweetowaniem bezpo\u015brednio na stronie: przesy\u0142aj dalej, odpowiadaj, polub, udost\u0119pniaj. Wybierz najlepszy uk\u0142ad, dodaj kolory i znajd\u017a odpowiednie proporcje wtyczki. Zwi\u0119ksz liczb\u0119 obserwuj\u0105cych i zwi\u0119ksz zaanga\u017cowanie w swojej witrynie dzi\u0119ki \u017cywemu i interaktywnemu kana\u0142owi.<\/p> <p><b>Uczy\u0144 swoje oferty atrakcyjnymi i godnymi zaufania, wy\u015bwietlaj\u0105c referencje klient\u00f3w z Twittera!<\/b><\/p> [\/application_platform_content_item ] <div class=\"application-platform-content-item-features application-platform-content-item\" id=\"features\" data-nav-section=\"features\"><\/div> <h2>Poni\u017cej znajduj\u0105 si\u0119 podstawowe funkcje wtyczki: <\/h2> <ul><li>Wy\u015bwietlaj tweety z w\u0142asnego konta lub wybierz wed\u0142ug hashtagu<\/li><li>Oce\u0144 tweety z referencjami z gwiazdkami<\/li><li>Ustaw szeroko\u015b\u0107 wtyczki lub ustaw j\u0105 na pe\u0142n\u0105 szeroko\u015b\u0107<\/li><li>Wybierz pe\u0142ny lub kompaktowy uk\u0142ad nag\u0142\u00f3wka<\/li><li>Wybierz spo\u015br\u00f3d dost\u0119pnych j\u0119zyk\u00f3w lub popro\u015b o sw\u00f3j j\u0119zyk, a my przet\u0142umaczymy wtyczka<\/li><\/ul><p><a href=\"#demo\">Sprawd\u017a wszystkie ustawienia w pe\u0142nej wersji demonstracyjnej<\/a><\/p> <\/div> <div class=\"application-platform-content-item-installation application-platform-content-item\" id=\"installation\" data-nav-section=\"installation\"> <h2>Jak doda\u0107 kana\u0142 Twitter do mojej witryny GoDaddy? <\/h2> <p>Wystarczy wykona\u0107 kilka krok\u00f3w opisanych poni\u017cej, aby doda\u0107 wtyczk\u0119. <\/p> <ol><li><b>Wykonaj nasz darmowy konfigurator i zacznij tworzy\u0107 spersonalizowan\u0105 wtyczk\u0119. <\/b><br> Wybierz wybrany wygl\u0105d i funkcje wtyczki i zapisz zmiany. <\/li> <li><b>Skopiuj kod osobisty wy\u015bwietlony w oknie aplikacji Elfsight. <\/b><br> Po zako\u0144czeniu dostosowywania Twojego osobistego narz\u0119dzia skopiuj ekskluzywny kod z wy\u015bwietlonego wyskakuj\u0105cego okienka i zapisz go na przysz\u0142o\u015b\u0107. <\/li> <li><b>Rozpocznij korzystanie z narz\u0119dzia w swojej witrynie GoDaddy. <\/b><br> Wklej skopiowany wcze\u015bniej kod na swoj\u0105 stron\u0119 g\u0142\u00f3wn\u0105 i zastosuj poprawki. <\/li> <li><b>Gotowe! Osadzanie zosta\u0142o w pe\u0142ni zako\u0144czone. <\/b><br> Przejd\u017a na swoj\u0105 witryn\u0119, aby zobaczy\u0107 dzia\u0142anie wtyczki. <\/li><\/ol> <p>W przypadku wyst\u0105pienia jakichkolwiek problem\u00f3w prosimy o kontakt z naszym personelem pomocy technicznej. Nasi specjali\u015bci ch\u0119tnie odpowiedz\u0105 na wszystkie pytania dotycz\u0105ce produktu. <\/p> <\/div><div class=\"faq\" data-component=\"FAQ\"><div class=\"faq-item\">\r\n\t\t\t\t\t<div class=\"faq-item-question\">\r\n\t\t\t\t\t\t<h3 class=\"faq-item-question-text\">Jak doda\u0107 kana\u0142 Twittera do mojej strony g\u0142\u00f3wnej GoDaddy bez do\u015bwiadczenia w kodowaniu?<\/h3>\r\n\r\n\t\t\t\t\t\t<div class=\"faq-item-question-icon\"><\/div>\r\n\t\t\t\t\t<\/div>\r\n\r\n\t\t\t\t\t<div class=\"faq-item-answer\">\r\n\t\t\t\t\t\t<div class=\"faq-item-answer-text\"><p>Firma Elfsight udost\u0119pnia us\u0142ug\u0119 SaaS rozwi\u0105zanie umo\u017cliwiaj\u0105ce samodzielne utworzenie aplikacji Twitter Feed, przekonaj si\u0119, jak prosty jest to proces:<\/p><ul><li>Rozpocznij prac\u0119 bezpo\u015brednio w wersji demonstracyjnej na \u017cywo, aby utworzy\u0107 aplikacj\u0119 Twitter Feed, kt\u00f3r\u0105 chcesz umie\u015bci\u0107 na stronie g\u0142\u00f3wnej GoDaddy. <\/li><li>Kliknij jeden z naszych gotowych szablon\u00f3w i zmodyfikuj ustawienia kana\u0142u Twitter, zaktualizuj tre\u015b\u0107, zmie\u0144 uk\u0142ad i kolory bez znajomo\u015bci kodowania.<\/li><li>Zapisz kana\u0142 Twittera i uzyskaj kod instalacyjny, kt\u00f3ry mo\u017cna po prostu umie\u015bci\u0107 na stronie internetowej GoDaddy w ramach bezp\u0142atnego planu.<\/li><\/ul><p>Korzystaj\u0105c z prostego edytora, ka\u017cdy u\u017cytkownik Internetu mo\u017ce wygenerowa\u0107 wtyczk\u0119 Twitter Feed i \u0142atwo umie\u015bci\u0107 j\u0105 na dowolnej stronie g\u0142\u00f3wnej GoDaddy . Aby wej\u015b\u0107 do Edytora Elfsight, nie jest wymagana p\u0142atno\u015b\u0107 ani ujawnianie danych karty. Je\u015bli napotkasz jakiekolwiek problemy, skontaktuj si\u0119 z naszym personelem pomocy technicznej.<\/p><\/div>\r\n\t\t\t\t\t<\/div>\r\n\t\t\t\t<\/div><\/div>","protected":false},"excerpt":{"rendered":"","protected":false},"author":9,"featured_media":0,"parent":2100,"menu_order":0,"comment_status":"closed","ping_status":"closed","template":"templates\/template-application-platform.php","meta":{"publish_to_discourse":"","publish_post_category":"","wpdc_auto_publish_overridden":"","wpdc_topic_tags":"","wpdc_pin_topic":"","wpdc_pin_until":"","discourse_post_id":"","discourse_permalink":"","wpdc_publishing_response":"","wpdc_publishing_error":"","footnotes":""},"class_list":["post-7046","page","type-page","status-publish","hentry"],"yoast_head":"<!-- This site is optimized with the Yoast SEO plugin v25.3.1 - https:\/\/yoast.com\/wordpress\/plugins\/seo\/ -->\n<title>Kana\u0142 Twittera \u2014 dodaj wtyczk\u0119 Twitter Feed do witryny GoDaddy!<\/title>\n<meta name=\"description\" content=\"Zintegruj responsywn\u0105 wtyczk\u0119 Twitter Feed ze swoj\u0105 witryn\u0105 GoDaddy w krokach 1-2-3! Nie wahaj si\u0119 zwi\u0119kszy\u0107 wydajno\u015bci swojej witryny!\" \/>\n<meta name=\"robots\" content=\"index, follow, max-snippet:-1, max-image-preview:large, max-video-preview:-1\" \/>\n<link rel=\"canonical\" href=\"https:\/\/elfsight.com\/pl\/twitter-feed-widget\/godaddy\/\" \/>\n<meta property=\"og:locale\" content=\"pl_PL\" \/>\n<meta property=\"og:type\" content=\"article\" \/>\n<meta property=\"og:title\" content=\"Kana\u0142 Twittera \u2014 dodaj wtyczk\u0119 Twitter Feed do witryny GoDaddy!\" \/>\n<meta property=\"og:description\" content=\"Zintegruj responsywn\u0105 wtyczk\u0119 Twitter Feed ze swoj\u0105 witryn\u0105 GoDaddy w krokach 1-2-3! Nie wahaj si\u0119 zwi\u0119kszy\u0107 wydajno\u015bci swojej witryny!\" \/>\n<meta property=\"og:url\" content=\"https:\/\/elfsight.com\/pl\/twitter-feed-widget\/godaddy\/\" \/>\n<meta property=\"og:site_name\" content=\"Elfsight PL\" \/>\n<meta property=\"article:modified_time\" content=\"2024-09-13T14:09:07+00:00\" \/>\n<meta name=\"twitter:card\" content=\"summary_large_image\" \/>\n<meta name=\"twitter:label1\" content=\"Szacowany czas czytania\" \/>\n\t<meta name=\"twitter:data1\" content=\"3 minuty\" \/>\n<!-- \/ Yoast SEO plugin. -->","yoast_head_json":{"title":"Kana\u0142 Twittera \u2014 dodaj wtyczk\u0119 Twitter Feed do witryny GoDaddy!","description":"Zintegruj responsywn\u0105 wtyczk\u0119 Twitter Feed ze swoj\u0105 witryn\u0105 GoDaddy w krokach 1-2-3! Nie wahaj si\u0119 zwi\u0119kszy\u0107 wydajno\u015bci swojej witryny!","robots":{"index":"index","follow":"follow","max-snippet":"max-snippet:-1","max-image-preview":"max-image-preview:large","max-video-preview":"max-video-preview:-1"},"canonical":"https:\/\/elfsight.com\/pl\/twitter-feed-widget\/godaddy\/","og_locale":"pl_PL","og_type":"article","og_title":"Kana\u0142 Twittera \u2014 dodaj wtyczk\u0119 Twitter Feed do witryny GoDaddy!","og_description":"Zintegruj responsywn\u0105 wtyczk\u0119 Twitter Feed ze swoj\u0105 witryn\u0105 GoDaddy w krokach 1-2-3! Nie wahaj si\u0119 zwi\u0119kszy\u0107 wydajno\u015bci swojej witryny!","og_url":"https:\/\/elfsight.com\/pl\/twitter-feed-widget\/godaddy\/","og_site_name":"Elfsight PL","article_modified_time":"2024-09-13T14:09:07+00:00","twitter_card":"summary_large_image","twitter_misc":{"Szacowany czas czytania":"3 minuty"},"schema":{"@context":"https:\/\/schema.org","@graph":[{"@type":"WebPage","@id":"https:\/\/elfsight.com\/pl\/twitter-feed-widget\/godaddy\/","url":"https:\/\/elfsight.com\/pl\/twitter-feed-widget\/godaddy\/","name":"Kana\u0142 Twittera \u2014 dodaj wtyczk\u0119 Twitter Feed do witryny GoDaddy!","isPartOf":{"@id":"https:\/\/elfsight.com\/pl\/#website"},"datePublished":"1970-01-01T00:00:00+00:00","dateModified":"2024-09-13T14:09:07+00:00","description":"Zintegruj responsywn\u0105 wtyczk\u0119 Twitter Feed ze swoj\u0105 witryn\u0105 GoDaddy w krokach 1-2-3! Nie wahaj si\u0119 zwi\u0119kszy\u0107 wydajno\u015bci swojej witryny!","breadcrumb":{"@id":"https:\/\/elfsight.com\/pl\/twitter-feed-widget\/godaddy\/#breadcrumb"},"inLanguage":"pl-PL","potentialAction":[{"@type":"ReadAction","target":["https:\/\/elfsight.com\/pl\/twitter-feed-widget\/godaddy\/"]}]},{"@type":"BreadcrumbList","@id":"https:\/\/elfsight.com\/pl\/twitter-feed-widget\/godaddy\/#breadcrumb","itemListElement":[{"@type":"ListItem","position":1,"name":"Home","item":"https:\/\/elfsight.com\/pl\/"},{"@type":"ListItem","position":2,"name":"Twitter Feed","item":"https:\/\/elfsight.com\/pl\/twitter-feed-widget\/"},{"@type":"ListItem","position":3,"name":"Twitter Feed &#8211; GoDaddy"}]},{"@type":"WebSite","@id":"https:\/\/elfsight.com\/pl\/#website","url":"https:\/\/elfsight.com\/pl\/","name":"Elfsight PL","description":"Just another Elfsight Sites site","potentialAction":[{"@type":"SearchAction","target":{"@type":"EntryPoint","urlTemplate":"https:\/\/elfsight.com\/pl\/?s={search_term_string}"},"query-input":{"@type":"PropertyValueSpecification","valueRequired":true,"valueName":"search_term_string"}}],"inLanguage":"pl-PL"}]}},"meta_box":{"industry":"","seo_heading":"","heading":"","description":"","cta_heading":"","cta_description":"","application":"2099","h1":"Wtyczka GoDaddy na Twitterze","h1_caption":"Zwi\u0119ksz zaanga\u017cowanie odwiedzaj\u0105cych witryn\u0119 wy\u015bwietlaj\u0105c\u0105 Tw\u00f3j kana\u0142 na Twitterze","application_category":[],"applications_title":"","applications_request_title":"","applications_request_button_text":"","hero_text":"","hero_video":"","hero_video_schema_markup":"","selling_points_title":"","selling_points_caption":"","selling_points":[],"selling_points_cta_text":"","features_title":"","features":"","ed_cta_examples_text":"","ed_cta_examples_hidden":"","ed_cta_demo_text":"","ed_cta_demo_hidden":"","why_caption":"","why_editor_title":"","why_editor_text":"","why_team_title":"","why_team_text":"","why_service_title":"","why_service_text":"","template_catalog_visible":"","template_catalog_title":"","template_catalog_text":"","template_catalog_categories_visible":"","demo_title":"Pospiesz si\u0119, aby zaprojektowa\u0107 niestandardowy kana\u0142 GoDaddy na Twitterze","demo_caption":"Dostosuj go i umie\u015b\u0107 wtyczk\u0119 na swojej stronie g\u0142\u00f3wnej, korzystaj\u0105c z wersji demonstracyjnej na \u017cywo.","default_faq_hidden":"","app_template_category":[],"platform":"180","template_public_id":"","codecanyon_url":"","codecanyon_item_id":"","codecanyon_price":"","pricing_caption":"","pricing_elfsight_apps_hide_column":"","pricing_elfsight_apps_url":"","pricing_codecanyon_price_caption":"","integration_category":[],"integration_request_title":"","integration_request_cta":"","integration_platform":"","integrations":[],"platform_category":[],"video_schema_markup":"","price":"od 0 USD \/ miesi\u0105c","trial":"","benefits":[{"text":"Bezp\u0142atna us\u0142uga monta\u017cu"},{"text":"Wyj\u0105tkowe wsparcie"},{"text":"14-dniowa gwarancja zwrotu pieni\u0119dzy"}],"button_url":"#demo","button_target_blank":"","button_nofollow":"","attributes":[{"name":"Instaluje"},{"name":"Czu\u0142y"},{"name":"Kompatybilne przegl\u0105darki"}],"tags":[],"tags_disable_links":"","hide_more_platforms":"","video_object":"","demo_hide_cta":"","demo_hide_cloud_options":"","pricing_title":"","pricing":[{"pricing_icon":"platform","pricing_title":"Elfsight Apps","pricing_title_caption":"Oprogramowanie wieloplatformowe","pricing_price":"od 0 USD \/ miesi\u0105c","pricing_price_caption":"zacznij od bezp\u0142atnego planu","pricing_benefits":[{"text":"Nielimitowane domeny"},{"text":"Wsparcie firmy premium"},{"text":"Bezp\u0142atna pomoc w monta\u017cu"},{"text":"Elastyczny projekt"}],"pricing_button_text":"Dodaj do witryny","pricing_button_url":"#demo"}],"related_apps_title":"","related_apps_hidden":"","author":"","image":[],"title":"","job":"","social_networks":[]},"_links":{"self":[{"href":"https:\/\/elfsight.com\/pl\/wp-json\/wp\/v2\/pages\/7046","targetHints":{"allow":["GET"]}}],"collection":[{"href":"https:\/\/elfsight.com\/pl\/wp-json\/wp\/v2\/pages"}],"about":[{"href":"https:\/\/elfsight.com\/pl\/wp-json\/wp\/v2\/types\/page"}],"author":[{"embeddable":true,"href":"https:\/\/elfsight.com\/pl\/wp-json\/wp\/v2\/users\/9"}],"replies":[{"embeddable":true,"href":"https:\/\/elfsight.com\/pl\/wp-json\/wp\/v2\/comments?post=7046"}],"version-history":[{"count":1,"href":"https:\/\/elfsight.com\/pl\/wp-json\/wp\/v2\/pages\/7046\/revisions"}],"predecessor-version":[{"id":7050,"href":"https:\/\/elfsight.com\/pl\/wp-json\/wp\/v2\/pages\/7046\/revisions\/7050"}],"up":[{"embeddable":true,"href":"https:\/\/elfsight.com\/pl\/wp-json\/wp\/v2\/pages\/2100"}],"wp:attachment":[{"href":"https:\/\/elfsight.com\/pl\/wp-json\/wp\/v2\/media?parent=7046"}],"curies":[{"name":"wp","href":"https:\/\/api.w.org\/{rel}","templated":true}]}}