{"id":7045,"date":"1970-01-01T00:00:00","date_gmt":"1970-01-01T00:00:00","guid":{"rendered":"https:\/\/elfsight.com\/pl\/?page_id=7045"},"modified":"2024-10-24T11:55:17","modified_gmt":"2024-10-24T11:55:17","slug":"prestashop","status":"publish","type":"page","link":"https:\/\/elfsight.com\/pl\/twitter-feed-widget\/prestashop\/","title":{"rendered":"Twitter Feed &#8211; PrestaShop"},"content":{"rendered":"<div class=\"application-platform-content-item-description application-platform-content-item\" id=\"description\" data-nav-section=\"description\"> <h2>Opis<\/h2> <p>Kana\u0142 Elfsight na Twitterze dla Prestashop to widget, kt\u00f3rego celem jest pomoc w spe\u0142nieniu wszystkich bie\u017c\u0105cych wymaga\u0144 w zakresie pozyskiwania wy\u015bwietle\u0144 i pro\u015bby u\u017cytkownik\u00f3w Twojej witryny. Wy\u015bwietl najwa\u017cniejsze cz\u0119\u015bci do wype\u0142nienia, znajd\u017a wymagany szablon i dostosuj interfejs, aby jeszcze bardziej zach\u0119ci\u0107 odwiedzaj\u0105cych do opuszczenia us\u0142ug Twojej firmy. Nasz kana\u0142 na Twitterze zosta\u0142 zaprojektowany tak, aby zaspokoi\u0107 ka\u017cd\u0105 potrzeb\u0119 uzyskania informacji zwrotnej i pozostania w kontakcie z klientami. <\/p><p><b>Wstaw kana\u0142 na Twitterze, aby szybciej sprosta\u0107 wyzwaniom zwi\u0105zanym z handlem elektronicznym! <\/b><\/p> <\/div> <div class=\"application-platform-content-item-features application-platform-content-item\" id=\"features\" data-nav-section=\"features\"> <h2>Sprawd\u017a list\u0119 najwa\u017cniejszych funkcji: <\/h2> <ul><li>Wy\u015bwietlaj tweety z w\u0142asnego konta lub filtruj wed\u0142ug hashtagu<\/li><li>Utw\u00f3rz kana\u0142 z tweetami z referencjami na temat Twojej firmy<\/li><li>Przycisk Obserwuj w nag\u0142\u00f3wku pomaga zwi\u0119kszy\u0107 liczb\u0119 odbiorc\u00f3w<\/li><li>Obs\u0142ugiwane s\u0105 wszystkie dzia\u0142ania na Twitterze: odpowiedz, polub, prze\u015blij dalej. <\/li><li>Specjalna ikona oznaczaj\u0105ca zweryfikowane konta<\/li><li>\u0141adne linki do podgl\u0105du w tweetach<\/li><li>tre\u015b\u0107 wideo, wy\u015bwietlanie zdj\u0119\u0107 i formatowanie tekstu tweeta<\/li><li>Prze\u015blij dalej liczba, liczba polubie\u0144 w tweetach<\/li><li>Kana\u0142 lub referencje, typ prezentacji<\/li><li>Otwarcie tweeta na Twitterze, klikni\u0119cie symbolu<\/li><\/ul><p><a href=\"# demo\">Wystarczy sprawdzi\u0107 t\u0119 wersj\u0119 demonstracyjn\u0105, aby uzyska\u0107 pe\u0142ny obraz<\/a><\/p> <\/div> <div class=\"application-platform-content-item-installation application-platform-content-item\" id=\"installation\" data-nav-section=\"installation\"> <h2>Jak osadzi\u0107 kana\u0142 Twitter na mojej stronie PrestaShop<\/h2> <p>Wystarczy wykona\u0107 poni\u017csze kroki, aby zintegrowa\u0107 narz\u0119dzie. <\/p> <ol><li><b>Uruchom nasz darmowy konfigurator i zacznij kszta\u0142towa\u0107 sw\u00f3j w\u0142asny instrument. <\/b><br> Okre\u015bl wybrany wygl\u0105d i specyfikacje wid\u017cetu i zastosuj modyfikacje. <\/li> <li><b>Skopiuj sw\u00f3j unikalny kod wy\u015bwietlony w oknie aplikacji Elfsight. <\/b><br> Po zako\u0144czeniu tworzenia osobistego wid\u017cetu skopiuj indywidualny kod z wy\u015bwietlonego wyskakuj\u0105cego okienka i zapisz go do dalszego wykorzystania. <\/li> <li><b>Rozpocznij stosowanie narz\u0119dzia na stronie internetowej PrestaShop. <\/b><br> Zaimplementuj zapisany wcze\u015bniej kod na swojej stronie i zastosuj poprawki. <\/li> <li><b>Instalacja zosta\u0142a ca\u0142kowicie uko\u0144czona. <\/b><br> Wejd\u017a na swoj\u0105 stron\u0119 internetow\u0105 i obserwuj dzia\u0142anie narz\u0119dzia. <\/li><\/ol> <p>Je\u015bli wyst\u0105pi\u0105 jakiekolwiek komplikacje, mo\u017cesz zwr\u00f3ci\u0107 si\u0119 do naszego zespo\u0142u obs\u0142ugi klienta. Nasi ludzie z przyjemno\u015bci\u0105 rozwi\u0105\u017c\u0105 wszystkie problemy, jakie mo\u017cesz mie\u0107 z wid\u017cetem. <\/p> <\/div><div class=\"faq\" data-component=\"FAQ\"><div class=\"faq-item\">\r\n\t\t\t\t\t<div class=\"faq-item-question\">\r\n\t\t\t\t\t\t<h3 class=\"faq-item-question-text\">Jak doda\u0107 kana\u0142 Twitter do mojego PrestaShop bez do\u015bwiadczenia w kodowaniu?<\/h3>\r\n\r\n\t\t\t\t\t\t<div class=\"faq-item-question-icon\"><\/div>\r\n\t\t\t\t\t<\/div>\r\n\r\n\t\t\t\t\t<div class=\"faq-item-answer\">\r\n\t\t\t\t\t\t<div class=\"faq-item-answer-text\"><p>Firma Elfsight wprowadza rozwi\u0105zanie SaaS, kt\u00f3re umo\u017cliwia samodzielne wygenerowanie wid\u017cetu kana\u0142u na Twitterze, zobacz proste kroki:<\/p><ul><li>Pracuj bezpo\u015brednio w edytorze na \u017cywo, aby utworzy\u0107 sekcj\u0119 kana\u0142u na Twitterze, kt\u00f3r\u0105 chcesz umie\u015bci\u0107 w PrestaShop.<\/li><li>Wybierz jeden z gotowych szablon\u00f3w i dostosuj ustawienia kana\u0142u Twitter, do\u0142\u0105cz swoj\u0105 tre\u015b\u0107, zmie\u0144 uk\u0142ad i schemat kolor\u00f3w bez do\u015bwiadczenia w kodowaniu.<\/li><li>Zapisz ustawienia wprowadzone w kanale Twitter i skopiuj kod instalacyjny, kt\u00f3ry mo\u017cesz bezp\u0142atnie osadzi\u0107 w serwisie PrestaShop.<\/li><\/ul><p>Dzi\u0119ki intuicyjnemu Konfiguratorowi ka\u017cdy internauta mo\u017ce za\u0142o\u017cy\u0107 wtyczk\u0119 Twitter Feed online i po prostu doda\u0107 j\u0105 do witryny PrestaShop. Aby uzyska\u0107 dost\u0119p do naszych us\u0142ug, nie nale\u017cy p\u0142aci\u0107 ani ujawnia\u0107 danych swojej karty. Je\u015bli na kt\u00f3rymkolwiek etapie napotkasz jakiekolwiek problemy, skontaktuj si\u0119 z naszym zespo\u0142em pomocy technicznej.<\/p><\/div>\r\n\t\t\t\t\t<\/div>\r\n\t\t\t\t<\/div><\/div>","protected":false},"excerpt":{"rendered":"","protected":false},"author":9,"featured_media":0,"parent":2100,"menu_order":0,"comment_status":"closed","ping_status":"closed","template":"templates\/template-application-platform.php","meta":{"publish_to_discourse":"","publish_post_category":"","wpdc_auto_publish_overridden":"","wpdc_topic_tags":"","wpdc_pin_topic":"","wpdc_pin_until":"","discourse_post_id":"","discourse_permalink":"","wpdc_publishing_response":"","wpdc_publishing_error":"","footnotes":""},"class_list":["post-7045","page","type-page","status-publish","hentry"],"yoast_head":"<!-- This site is optimized with the Yoast SEO plugin v25.3.1 - https:\/\/yoast.com\/wordpress\/plugins\/seo\/ -->\n<title>Najlepszy dodatek do kana\u0142u Twitter dla witryny PrestaShop (2025)<\/title>\n<meta name=\"description\" content=\"Zaprojektuj dostosowany dodatek do kana\u0142u Twitter dla PrestaShop i umie\u015b\u0107 go na swojej stronie internetowej. Darmowy konfigurator, profesjonalne wsparcie i wi\u0119cej dodatk\u00f3w od Elfsight!\" \/>\n<meta name=\"robots\" content=\"index, follow, max-snippet:-1, max-image-preview:large, max-video-preview:-1\" \/>\n<link rel=\"canonical\" href=\"https:\/\/elfsight.com\/pl\/twitter-feed-widget\/prestashop\/\" \/>\n<meta property=\"og:locale\" content=\"pl_PL\" \/>\n<meta property=\"og:type\" content=\"article\" \/>\n<meta property=\"og:title\" content=\"Najlepszy dodatek do kana\u0142u Twitter dla witryny PrestaShop (2025)\" \/>\n<meta property=\"og:description\" content=\"Zaprojektuj dostosowany dodatek do kana\u0142u Twitter dla PrestaShop i umie\u015b\u0107 go na swojej stronie internetowej. Darmowy konfigurator, profesjonalne wsparcie i wi\u0119cej dodatk\u00f3w od Elfsight!\" \/>\n<meta property=\"og:url\" content=\"https:\/\/elfsight.com\/pl\/twitter-feed-widget\/prestashop\/\" \/>\n<meta property=\"og:site_name\" content=\"Elfsight PL\" \/>\n<meta property=\"article:modified_time\" content=\"2024-10-24T11:55:17+00:00\" \/>\n<meta name=\"twitter:card\" content=\"summary_large_image\" \/>\n<meta name=\"twitter:label1\" content=\"Szacowany czas czytania\" \/>\n\t<meta name=\"twitter:data1\" content=\"3 minuty\" \/>\n<!-- \/ Yoast SEO plugin. -->","yoast_head_json":{"title":"Najlepszy dodatek do kana\u0142u Twitter dla witryny PrestaShop (2025)","description":"Zaprojektuj dostosowany dodatek do kana\u0142u Twitter dla PrestaShop i umie\u015b\u0107 go na swojej stronie internetowej. Darmowy konfigurator, profesjonalne wsparcie i wi\u0119cej dodatk\u00f3w od Elfsight!","robots":{"index":"index","follow":"follow","max-snippet":"max-snippet:-1","max-image-preview":"max-image-preview:large","max-video-preview":"max-video-preview:-1"},"canonical":"https:\/\/elfsight.com\/pl\/twitter-feed-widget\/prestashop\/","og_locale":"pl_PL","og_type":"article","og_title":"Najlepszy dodatek do kana\u0142u Twitter dla witryny PrestaShop (2025)","og_description":"Zaprojektuj dostosowany dodatek do kana\u0142u Twitter dla PrestaShop i umie\u015b\u0107 go na swojej stronie internetowej. Darmowy konfigurator, profesjonalne wsparcie i wi\u0119cej dodatk\u00f3w od Elfsight!","og_url":"https:\/\/elfsight.com\/pl\/twitter-feed-widget\/prestashop\/","og_site_name":"Elfsight PL","article_modified_time":"2024-10-24T11:55:17+00:00","twitter_card":"summary_large_image","twitter_misc":{"Szacowany czas czytania":"3 minuty"},"schema":{"@context":"https:\/\/schema.org","@graph":[{"@type":"WebPage","@id":"https:\/\/elfsight.com\/pl\/twitter-feed-widget\/prestashop\/","url":"https:\/\/elfsight.com\/pl\/twitter-feed-widget\/prestashop\/","name":"Najlepszy dodatek do kana\u0142u Twitter dla witryny PrestaShop (2025)","isPartOf":{"@id":"https:\/\/elfsight.com\/pl\/#website"},"datePublished":"1970-01-01T00:00:00+00:00","dateModified":"2024-10-24T11:55:17+00:00","description":"Zaprojektuj dostosowany dodatek do kana\u0142u Twitter dla PrestaShop i umie\u015b\u0107 go na swojej stronie internetowej. Darmowy konfigurator, profesjonalne wsparcie i wi\u0119cej dodatk\u00f3w od Elfsight!","breadcrumb":{"@id":"https:\/\/elfsight.com\/pl\/twitter-feed-widget\/prestashop\/#breadcrumb"},"inLanguage":"pl-PL","potentialAction":[{"@type":"ReadAction","target":["https:\/\/elfsight.com\/pl\/twitter-feed-widget\/prestashop\/"]}]},{"@type":"BreadcrumbList","@id":"https:\/\/elfsight.com\/pl\/twitter-feed-widget\/prestashop\/#breadcrumb","itemListElement":[{"@type":"ListItem","position":1,"name":"Home","item":"https:\/\/elfsight.com\/pl\/"},{"@type":"ListItem","position":2,"name":"Twitter Feed","item":"https:\/\/elfsight.com\/pl\/twitter-feed-widget\/"},{"@type":"ListItem","position":3,"name":"Twitter Feed &#8211; PrestaShop"}]},{"@type":"WebSite","@id":"https:\/\/elfsight.com\/pl\/#website","url":"https:\/\/elfsight.com\/pl\/","name":"Elfsight PL","description":"Just another Elfsight Sites site","potentialAction":[{"@type":"SearchAction","target":{"@type":"EntryPoint","urlTemplate":"https:\/\/elfsight.com\/pl\/?s={search_term_string}"},"query-input":{"@type":"PropertyValueSpecification","valueRequired":true,"valueName":"search_term_string"}}],"inLanguage":"pl-PL"}]}},"meta_box":{"industry":"","seo_heading":"","heading":"","description":"","cta_heading":"","cta_description":"","application":"2099","h1":"Dodatek do kana\u0142u na Twitterze PrestaShop","h1_caption":"Osadzaj tweety ze swojego konta na Twitterze lub za pomoc\u0105 hashtagu, aby bez wysi\u0142ku informowa\u0107 odwiedzaj\u0105cych o tre\u015bciach w czasie rzeczywistym na Twojej stronie Prestashop.","application_category":[],"applications_title":"","applications_request_title":"","applications_request_button_text":"","hero_text":"","hero_video":"","hero_video_schema_markup":"","selling_points_title":"","selling_points_caption":"","selling_points":[],"selling_points_cta_text":"","features_title":"","features":"","ed_cta_examples_text":"","ed_cta_examples_hidden":"","ed_cta_demo_text":"","ed_cta_demo_hidden":"","why_caption":"","why_editor_title":"","why_editor_text":"","why_team_title":"","why_team_text":"","why_service_title":"","why_service_text":"","template_catalog_visible":"","template_catalog_title":"","template_catalog_text":"","template_catalog_categories_visible":"","demo_title":"Zach\u0119camy do stworzenia w\u0142asnego kana\u0142u PrestaShop na Twitterze!","demo_caption":"Dostosuj go i zaimplementuj dodatek na swojej stronie internetowej, korzystaj\u0105c z wersji demonstracyjnej","default_faq_hidden":"","app_template_category":[],"platform":"586","template_public_id":"","codecanyon_url":"","codecanyon_item_id":"","codecanyon_price":"","pricing_caption":"","pricing_elfsight_apps_hide_column":"","pricing_elfsight_apps_url":"","pricing_codecanyon_price_caption":"","integration_category":[],"integration_request_title":"","integration_request_cta":"","integration_platform":"","integrations":[],"platform_category":[],"video_schema_markup":"","price":"od 0 USD \/ miesi\u0105c","trial":"","benefits":[{"text":"Bezp\u0142atna pomoc w monta\u017cu"},{"text":"Kompetentna obs\u0142uga klienta"},{"text":"14-dniowa gwarancja zwrotu pieni\u0119dzy"}],"button_url":"#demo","button_target_blank":"","button_nofollow":"","attributes":[{"name":"Instaluje"},{"name":"Czu\u0142y"},{"name":"Kompatybilne przegl\u0105darki"}],"tags":[],"tags_disable_links":"","hide_more_platforms":"","video_object":"","demo_hide_cta":"","demo_hide_cloud_options":"","pricing_title":"","pricing":[{"pricing_icon":"platform","pricing_title":"Elfsight Apps","pricing_title_caption":"Wersja wieloplatformowa","pricing_price":"od 0 USD \/ miesi\u0105c","pricing_price_caption":"zacznij od bezp\u0142atnego planu","pricing_benefits":[{"text":"Nielimitowane strony internetowe"},{"text":"Ca\u0142odobowa obs\u0142uga klienta"},{"text":"Bezp\u0142atna us\u0142uga monta\u017cu"},{"text":"W pe\u0142ni konfigurowalny"}],"pricing_button_text":"Dodaj do witryny","pricing_button_url":"#demo"}],"related_apps_title":"","related_apps_hidden":"","author":"","image":[],"title":"","job":"","social_networks":[]},"_links":{"self":[{"href":"https:\/\/elfsight.com\/pl\/wp-json\/wp\/v2\/pages\/7045","targetHints":{"allow":["GET"]}}],"collection":[{"href":"https:\/\/elfsight.com\/pl\/wp-json\/wp\/v2\/pages"}],"about":[{"href":"https:\/\/elfsight.com\/pl\/wp-json\/wp\/v2\/types\/page"}],"author":[{"embeddable":true,"href":"https:\/\/elfsight.com\/pl\/wp-json\/wp\/v2\/users\/9"}],"replies":[{"embeddable":true,"href":"https:\/\/elfsight.com\/pl\/wp-json\/wp\/v2\/comments?post=7045"}],"version-history":[{"count":1,"href":"https:\/\/elfsight.com\/pl\/wp-json\/wp\/v2\/pages\/7045\/revisions"}],"predecessor-version":[{"id":7049,"href":"https:\/\/elfsight.com\/pl\/wp-json\/wp\/v2\/pages\/7045\/revisions\/7049"}],"up":[{"embeddable":true,"href":"https:\/\/elfsight.com\/pl\/wp-json\/wp\/v2\/pages\/2100"}],"wp:attachment":[{"href":"https:\/\/elfsight.com\/pl\/wp-json\/wp\/v2\/media?parent=7045"}],"curies":[{"name":"wp","href":"https:\/\/api.w.org\/{rel}","templated":true}]}}