{"id":7032,"date":"1970-01-01T00:00:00","date_gmt":"1970-01-01T00:00:00","guid":{"rendered":"https:\/\/elfsight.com\/pl\/?page_id=7032"},"modified":"2024-11-14T08:49:12","modified_gmt":"2024-11-14T08:49:12","slug":"drupal","status":"publish","type":"page","link":"https:\/\/elfsight.com\/pl\/tumblr-feed-widget\/drupal\/","title":{"rendered":"Tumblr Feed &#8211; Drupal"},"content":{"rendered":"<div class=\"application-platform-content-item-description application-platform-content-item\" id=\"description\" data-nav-section=\"description\"> <h2>Opis<\/h2> <p>Kana\u0142 Elfsight Tumblr dla Drupala to specjalne narz\u0119dzie do tworzenia spersonalizowanego kana\u0142u na podstawie \u017ar\u00f3de\u0142 Tumblr i wy\u015bwietlania to bezpo\u015brednio na Twojej stronie. Stw\u00f3rz galeri\u0119 lub slider post\u00f3w w kilka minut! Sprawuj pe\u0142n\u0105 kontrol\u0119 nad prezentowan\u0105 tre\u015bci\u0105 i eliminuj spam oraz wszelkie niepo\u017c\u0105dane tre\u015bci, stosuj\u0105c r\u0119czn\u0105 moderacj\u0119. W pe\u0142ni responsywny edytor online oferuje wiele szablon\u00f3w do wyboru. <\/p> <p><b>Poka\u017c najfajniejsze tre\u015bci Tumblra, aby zaanga\u017cowa\u0107 u\u017cytkownik\u00f3w Twojej witryny i wp\u0142yn\u0105\u0107 na wi\u0119cej os\u00f3b<\/b><\/p> <\/div> <div class=\"application-platform-content-item-features application-platform-content-item\" id=\"features\" data-nav-section=\"features\"> <h2>Oto najwa\u017cniejsze cechy modu\u0142u: <\/h2> <ul><li>Poka\u017c swoje tre\u015bci z Tumblra<\/li><li>Usu\u0144 wszelki spam i niepo\u017c\u0105dane tre\u015bci w trybie r\u0119cznej moderacji. <\/li><li>Ustaw przycisk Obserwuj na kartach wid\u017cet\u00f3w. <\/li><li>Spraw, aby Twoje posty by\u0142y wy\u015bwietlane w wyskakuj\u0105cym okienku. <\/li><\/ul><p><a href=\"#demo\">Wypr\u00f3buj wszystkie opcje dostosowywania w pe\u0142nej wersji demonstracyjnej<\/a><\/p> <\/div> <div class=\"application-platform-content-item-installation application-platform-content-item\" id=\"installation\" data-nav-section=\"installation\"> <h2>Jak doda\u0107 kana\u0142 Tumblr do mojej witryny Drupal? <\/h2> <p>Wystarczy spe\u0142ni\u0107 poni\u017csze wskaz\u00f3wki, aby rozpocz\u0105\u0107 prac\u0119 z wid\u017cetem. <\/p> <ol><li><b>Skorzystaj z naszego bezp\u0142atnego konfiguratora i zacznij kszta\u0142towa\u0107 sw\u00f3j spersonalizowany modu\u0142. <\/b><br> Znajd\u017a preferowan\u0105 form\u0119 i opcje wtyczki i zapisz poprawki. <\/li> <li><b>Odbierz sw\u00f3j osobisty kod pojawiaj\u0105cy si\u0119 w polu w aplikacjach Elfsight. <\/b><br> Po zako\u0144czeniu instalacji narz\u0119dzia skopiuj indywidualny kod z wy\u015bwietlonego pola i zachowaj go do dalszego wykorzystania. <\/li> <li><b>Zacznij korzysta\u0107 z wtyczki na stronie Drupal. <\/b><br> Dodaj skopiowany wcze\u015bniej kod do swojej witryny i zapisz zmiany. <\/li> <li><b>Gotowe! Osadzanie zosta\u0142o w pe\u0142ni zako\u0144czone. <\/b><br> Odwied\u017a swoj\u0105 stron\u0119 internetow\u0105, aby zobaczy\u0107 dzia\u0142anie widgetu. <\/li><\/ol> <p>W przypadku pyta\u0144 lub trudno\u015bci nie wahaj si\u0119 zwr\u00f3ci\u0107 o pomoc do naszego zespo\u0142u wsparcia. Nasi konsultanci z przyjemno\u015bci\u0105 odpowiedz\u0105 na wszystkie pytania dotycz\u0105ce wtyczki. <\/p> <\/div><div class=\"faq\" data-component=\"FAQ\"><div class=\"faq-item\">\r\n\t\t\t\t\t<div class=\"faq-item-question\">\r\n\t\t\t\t\t\t<h3 class=\"faq-item-question-text\">W jaki spos\u00f3b mo\u017cna doda\u0107 kana\u0142 Tumblr do mojej strony g\u0142\u00f3wnej Drupala bez kodowania?<\/h3>\r\n\r\n\t\t\t\t\t\t<div class=\"faq-item-question-icon\"><\/div>\r\n\t\t\t\t\t<\/div>\r\n\r\n\t\t\t\t\t<div class=\"faq-item-answer\">\r\n\t\t\t\t\t\t<div class=\"faq-item-answer-text\"><p>Firma Elfsight dostarcza rozwi\u0105zanie, kt\u00f3re umo\u017cliwia w\u0142a\u015bcicielom witryn samodzielne utworzenie sekcji Kana\u0142\u00f3w Tumblr, sprawd\u017a, jakie to proste:<\/p><ul><li>Pracuj bezpo\u015brednio w edytorze online, aby utworzy\u0107 aplikacj\u0119 Kana\u0142\u00f3w Tumblr, kt\u00f3r\u0105 chcesz widzie\u0107 na swoim Drupalu .<\/li><li>Wybierz jeden z naszych gotowych szablon\u00f3w i dostosuj ustawienia kana\u0142u Tumblr, dodaj tre\u015b\u0107, zmie\u0144 uk\u0142ad i kolory bez znajomo\u015bci kodowania.<\/li><li>Zapisz kana\u0142 Tumblr i uzyskaj kod wid\u017cetu do instalacji, kt\u00f3ry mo\u017cna \u0142atwo umie\u015bci\u0107 na stronie g\u0142\u00f3wnej Drupala, korzystaj\u0105c z bezp\u0142atnego planu.<\/li><\/ul><p>Korzystaj\u0105c z naszego przyjaznego dla u\u017cytkownika konfiguratora, ka\u017cdy internauta mo\u017ce stworzy\u0107 aplikacj\u0119 Tumblr Feed i \u0142atwo do\u0142\u0105czy\u0107 j\u0105 do Drupala strona. Aby wej\u015b\u0107 do naszego Edytora, nie jest wymagane posiadanie p\u0142atnej subskrypcji ani ujawnianie danych logowania do karty. Je\u015bli na kt\u00f3rymkolwiek etapie napotkasz jakiekolwiek problemy, skontaktuj si\u0119 z naszym zespo\u0142em pomocy.<\/p><\/div>\r\n\t\t\t\t\t<\/div>\r\n\t\t\t\t<\/div><\/div>","protected":false},"excerpt":{"rendered":"","protected":false},"author":9,"featured_media":0,"parent":3374,"menu_order":0,"comment_status":"closed","ping_status":"closed","template":"templates\/template-application-platform.php","meta":{"publish_to_discourse":"","publish_post_category":"","wpdc_auto_publish_overridden":"","wpdc_topic_tags":"","wpdc_pin_topic":"","wpdc_pin_until":"","discourse_post_id":"","discourse_permalink":"","wpdc_publishing_response":"","wpdc_publishing_error":"","footnotes":""},"class_list":["post-7032","page","type-page","status-publish","hentry"],"yoast_head":"<!-- This site is optimized with the Yoast SEO plugin v25.3.1 - https:\/\/yoast.com\/wordpress\/plugins\/seo\/ -->\n<title>Dodaj wid\u017cet Kana\u0142 Tumblr do witryny Adobe Muse (szybko i bezp\u0142atnie)<\/title>\n<meta name=\"description\" content=\"Zintegruj modu\u0142 Drupal Tumblr Feed na swojej stronie. Wypr\u00f3buj por\u0119czn\u0105 wersj\u0119 demonstracyjn\u0105 Elfsight i stw\u00f3rz sw\u00f3j fascynuj\u0105cy modu\u0142 Tumblr za pomoc\u0105 zaledwie trzech klikni\u0119\u0107\" \/>\n<meta name=\"robots\" content=\"index, follow, max-snippet:-1, max-image-preview:large, max-video-preview:-1\" \/>\n<link rel=\"canonical\" href=\"https:\/\/elfsight.com\/pl\/tumblr-feed-widget\/drupal\/\" \/>\n<meta property=\"og:locale\" content=\"pl_PL\" \/>\n<meta property=\"og:type\" content=\"article\" \/>\n<meta property=\"og:title\" content=\"Dodaj wid\u017cet Kana\u0142 Tumblr do witryny Adobe Muse (szybko i bezp\u0142atnie)\" \/>\n<meta property=\"og:description\" content=\"Zintegruj modu\u0142 Drupal Tumblr Feed na swojej stronie. Wypr\u00f3buj por\u0119czn\u0105 wersj\u0119 demonstracyjn\u0105 Elfsight i stw\u00f3rz sw\u00f3j fascynuj\u0105cy modu\u0142 Tumblr za pomoc\u0105 zaledwie trzech klikni\u0119\u0107\" \/>\n<meta property=\"og:url\" content=\"https:\/\/elfsight.com\/pl\/tumblr-feed-widget\/drupal\/\" \/>\n<meta property=\"og:site_name\" content=\"Elfsight PL\" \/>\n<meta property=\"article:modified_time\" content=\"2024-11-14T08:49:12+00:00\" \/>\n<meta name=\"twitter:card\" content=\"summary_large_image\" \/>\n<meta name=\"twitter:label1\" content=\"Szacowany czas czytania\" \/>\n\t<meta name=\"twitter:data1\" content=\"3 minuty\" \/>\n<!-- \/ Yoast SEO plugin. -->","yoast_head_json":{"title":"Dodaj wid\u017cet Kana\u0142 Tumblr do witryny Adobe Muse (szybko i bezp\u0142atnie)","description":"Zintegruj modu\u0142 Drupal Tumblr Feed na swojej stronie. Wypr\u00f3buj por\u0119czn\u0105 wersj\u0119 demonstracyjn\u0105 Elfsight i stw\u00f3rz sw\u00f3j fascynuj\u0105cy modu\u0142 Tumblr za pomoc\u0105 zaledwie trzech klikni\u0119\u0107","robots":{"index":"index","follow":"follow","max-snippet":"max-snippet:-1","max-image-preview":"max-image-preview:large","max-video-preview":"max-video-preview:-1"},"canonical":"https:\/\/elfsight.com\/pl\/tumblr-feed-widget\/drupal\/","og_locale":"pl_PL","og_type":"article","og_title":"Dodaj wid\u017cet Kana\u0142 Tumblr do witryny Adobe Muse (szybko i bezp\u0142atnie)","og_description":"Zintegruj modu\u0142 Drupal Tumblr Feed na swojej stronie. Wypr\u00f3buj por\u0119czn\u0105 wersj\u0119 demonstracyjn\u0105 Elfsight i stw\u00f3rz sw\u00f3j fascynuj\u0105cy modu\u0142 Tumblr za pomoc\u0105 zaledwie trzech klikni\u0119\u0107","og_url":"https:\/\/elfsight.com\/pl\/tumblr-feed-widget\/drupal\/","og_site_name":"Elfsight PL","article_modified_time":"2024-11-14T08:49:12+00:00","twitter_card":"summary_large_image","twitter_misc":{"Szacowany czas czytania":"3 minuty"},"schema":{"@context":"https:\/\/schema.org","@graph":[{"@type":"WebPage","@id":"https:\/\/elfsight.com\/pl\/tumblr-feed-widget\/drupal\/","url":"https:\/\/elfsight.com\/pl\/tumblr-feed-widget\/drupal\/","name":"Dodaj wid\u017cet Kana\u0142 Tumblr do witryny Adobe Muse (szybko i bezp\u0142atnie)","isPartOf":{"@id":"https:\/\/elfsight.com\/pl\/#website"},"datePublished":"1970-01-01T00:00:00+00:00","dateModified":"2024-11-14T08:49:12+00:00","description":"Zintegruj modu\u0142 Drupal Tumblr Feed na swojej stronie. Wypr\u00f3buj por\u0119czn\u0105 wersj\u0119 demonstracyjn\u0105 Elfsight i stw\u00f3rz sw\u00f3j fascynuj\u0105cy modu\u0142 Tumblr za pomoc\u0105 zaledwie trzech klikni\u0119\u0107","breadcrumb":{"@id":"https:\/\/elfsight.com\/pl\/tumblr-feed-widget\/drupal\/#breadcrumb"},"inLanguage":"pl-PL","potentialAction":[{"@type":"ReadAction","target":["https:\/\/elfsight.com\/pl\/tumblr-feed-widget\/drupal\/"]}]},{"@type":"BreadcrumbList","@id":"https:\/\/elfsight.com\/pl\/tumblr-feed-widget\/drupal\/#breadcrumb","itemListElement":[{"@type":"ListItem","position":1,"name":"Home","item":"https:\/\/elfsight.com\/pl\/"},{"@type":"ListItem","position":2,"name":"Tumblr Feed","item":"https:\/\/elfsight.com\/pl\/tumblr-feed-widget\/"},{"@type":"ListItem","position":3,"name":"Tumblr Feed &#8211; Drupal"}]},{"@type":"WebSite","@id":"https:\/\/elfsight.com\/pl\/#website","url":"https:\/\/elfsight.com\/pl\/","name":"Elfsight PL","description":"Just another Elfsight Sites site","potentialAction":[{"@type":"SearchAction","target":{"@type":"EntryPoint","urlTemplate":"https:\/\/elfsight.com\/pl\/?s={search_term_string}"},"query-input":{"@type":"PropertyValueSpecification","valueRequired":true,"valueName":"search_term_string"}}],"inLanguage":"pl-PL"}]}},"meta_box":{"industry":"","seo_heading":"","heading":"","description":"","cta_heading":"","cta_description":"","application":"3346","h1":"Modu\u0142 Drupal Tumblr Feed","h1_caption":"Wy\u015bwietlaj posty ze swojego bloga tumblr na swojej stronie internetowej, aby bez wysi\u0142ku informowa\u0107 odwiedzaj\u0105cych o najnowszych tre\u015bciach na Twojej stronie Drupal.","application_category":[],"applications_title":"","applications_request_title":"","applications_request_button_text":"","hero_text":"","hero_video":"","hero_video_schema_markup":"","selling_points_title":"","selling_points_caption":"","selling_points":[],"selling_points_cta_text":"","features_title":"","features":"","ed_cta_examples_text":"","ed_cta_examples_hidden":"","ed_cta_demo_text":"","ed_cta_demo_hidden":"","why_caption":"","why_editor_title":"","why_editor_text":"","why_team_title":"","why_team_text":"","why_service_title":"","why_service_text":"","template_catalog_visible":"","template_catalog_title":"","template_catalog_text":"","template_catalog_categories_visible":"","demo_title":"Utw\u00f3rz modu\u0142 kana\u0142u Tumblr","demo_caption":"Skonfiguruj sw\u00f3j kana\u0142 Tumblr i dodaj go do swojej witryny Drupal za darmo!","default_faq_hidden":"","app_template_category":[],"platform":"47","template_public_id":"","codecanyon_url":"","codecanyon_item_id":"","codecanyon_price":"","pricing_caption":"","pricing_elfsight_apps_hide_column":"","pricing_elfsight_apps_url":"","pricing_codecanyon_price_caption":"","integration_category":[],"integration_request_title":"","integration_request_cta":"","integration_platform":"","integrations":[],"platform_category":[],"video_schema_markup":"","price":"od 0 USD \/ miesi\u0105c","trial":"","benefits":[{"text":"Bezp\u0142atna us\u0142uga monta\u017cu"},{"text":"Wyj\u0105tkowe wsparcie"},{"text":"14-dniowa gwarancja zwrotu pieni\u0119dzy"}],"button_url":"#demo","button_target_blank":"","button_nofollow":"","attributes":[{"name":"Instaluje"},{"name":"Czu\u0142y"},{"name":"Kompatybilne przegl\u0105darki"}],"tags":[],"tags_disable_links":"","hide_more_platforms":"","video_object":"","demo_hide_cta":"","demo_hide_cloud_options":"","pricing_title":"","pricing":[{"pricing_icon":"platform","pricing_title":"Elfsight Apps","pricing_title_caption":"Rozwi\u0105zanie wieloplatformowe, kt\u00f3re pasuje do ka\u017cdej witryny","pricing_price":"od 0 USD \/ miesi\u0105c","pricing_price_caption":"zacznij od bezp\u0142atnego planu","pricing_benefits":[{"text":"Nielimitowane domeny"},{"text":"Ca\u0142odobowa obs\u0142uga klienta, dobrze udokumentowana"},{"text":"Bezp\u0142atna pomoc w instalacji"},{"text":"100% konfigurowalny"}],"pricing_button_text":"Dodaj do witryny","pricing_button_url":"#demo"}],"related_apps_title":"","related_apps_hidden":"","author":"","image":[],"title":"","job":"","social_networks":[]},"_links":{"self":[{"href":"https:\/\/elfsight.com\/pl\/wp-json\/wp\/v2\/pages\/7032","targetHints":{"allow":["GET"]}}],"collection":[{"href":"https:\/\/elfsight.com\/pl\/wp-json\/wp\/v2\/pages"}],"about":[{"href":"https:\/\/elfsight.com\/pl\/wp-json\/wp\/v2\/types\/page"}],"author":[{"embeddable":true,"href":"https:\/\/elfsight.com\/pl\/wp-json\/wp\/v2\/users\/9"}],"replies":[{"embeddable":true,"href":"https:\/\/elfsight.com\/pl\/wp-json\/wp\/v2\/comments?post=7032"}],"version-history":[{"count":1,"href":"https:\/\/elfsight.com\/pl\/wp-json\/wp\/v2\/pages\/7032\/revisions"}],"predecessor-version":[{"id":7036,"href":"https:\/\/elfsight.com\/pl\/wp-json\/wp\/v2\/pages\/7032\/revisions\/7036"}],"up":[{"embeddable":true,"href":"https:\/\/elfsight.com\/pl\/wp-json\/wp\/v2\/pages\/3374"}],"wp:attachment":[{"href":"https:\/\/elfsight.com\/pl\/wp-json\/wp\/v2\/media?parent=7032"}],"curies":[{"name":"wp","href":"https:\/\/api.w.org\/{rel}","templated":true}]}}