{"id":7016,"date":"1970-01-01T00:00:00","date_gmt":"1970-01-01T00:00:00","guid":{"rendered":"https:\/\/elfsight.com\/pl\/?page_id=7016"},"modified":"2024-11-14T08:48:55","modified_gmt":"2024-11-14T08:48:55","slug":"html","status":"publish","type":"page","link":"https:\/\/elfsight.com\/pl\/tumblr-feed-widget\/html\/","title":{"rendered":"Tumblr Feed &#8211; HTML"},"content":{"rendered":"<div class=\"application-platform-content-item-description application-platform-content-item\" id=\"description\" data-nav-section=\"description\"> <h2>Opis<\/h2> <p>Kana\u0142 Tumblr Elfsight dla HTML to specjalny wid\u017cet s\u0142u\u017c\u0105cy do tworzenia spersonalizowanego kana\u0142u sk\u0142adaj\u0105cego si\u0119 z tre\u015bci blog\u00f3w Tumblr i umieszczaj\u0105c go bezpo\u015brednio na swojej stronie internetowej. Stw\u00f3rz galeri\u0119 lub suwak post\u00f3w za pomoc\u0105 kilku klikni\u0119\u0107! Sprawuj ca\u0142kowit\u0105 kontrol\u0119 nad prezentowan\u0105 tre\u015bci\u0105 i eliminuj spam oraz wszelkie niepo\u017c\u0105dane tre\u015bci za pomoc\u0105 r\u0119cznej moderacji. W pe\u0142ni responsywny konfigurator online zapewnia r\u00f3\u017cnorodne szablony do wyboru. <\/p> <p><b>Zaprezentuj najbardziej uderzaj\u0105c\u0105 zawarto\u015b\u0107 Tumblra, aby utrzyma\u0107 zaanga\u017cowanie odwiedzaj\u0105cych i skontaktowa\u0107 si\u0119 z wi\u0119ksz\u0105 liczb\u0105 os\u00f3b<\/b><\/p> <\/div> <div class=\"application-platform-content-item-features application-platform-content-item\" id=\"features\" data-nav-section=\"features\"> <h2>Widget ma przydatne i proste funkcje, sprawd\u017a niekt\u00f3re z nich: <\/h2> <ul><li>Prezentuj swoje tre\u015bci z Tumblra<\/li><li>Pozb\u0105d\u017a si\u0119 spamu i niepo\u017c\u0105danych tre\u015bci, korzystaj\u0105c z r\u0119cznego trybu moderacji. <\/li><li>Umie\u015b\u0107 przycisk Obserwuj w kanale wid\u017cetu. <\/li><li>Spraw, aby Twoje posty by\u0142y wy\u015bwietlane w wyskakuj\u0105cym okienku. <\/li><\/ul><p><a href=\"#demo\">Mo\u017cesz przetestowa\u0107 mo\u017cliwo\u015bci widgetu, korzystaj\u0105c z wersji demonstracyjnej<\/a><\/p> <\/div> <div class=\"application-platform-content-item-installation application-platform-content-item\" id=\"installation\" data-nav-section=\"installation\"> <h2>Jak osadzi\u0107 kana\u0142 Tumblr w mojej witrynie HTML? <\/h2> <p>Wystarczy wykona\u0107 poni\u017csze kroki, aby osadzi\u0107 narz\u0119dzie. <\/p> <ol><li><b>Otw\u00f3rz nasz darmowy edytor i zacznij tworzy\u0107 spersonalizowany widget. <\/b><br> Okre\u015bl wybrany uk\u0142ad i specyfikacje wid\u017cetu i zapisz zmiany. <\/li> <li><b>Odbierz sw\u00f3j indywidualny kod widoczny w pude\u0142ku w aplikacjach Elfsight. <\/b><br> Po zako\u0144czeniu konfiguracji wid\u017cetu skopiuj kod osobisty z wy\u015bwietlonego pola i zapisz go na p\u00f3\u017aniej. <\/li> <li><b>Rozpocznij korzystanie z wid\u017cetu na stronie HTML. <\/b><br> Dodaj skopiowany wcze\u015bniej kod na swoj\u0105 stron\u0119 i zapisz poprawki. <\/li> <li><b>Gotowe! Konfiguracja zosta\u0142a w pe\u0142ni uko\u0144czona. <\/b><br> Przejd\u017a do swojej witryny, aby sprawdzi\u0107 dzia\u0142anie narz\u0119dzia. <\/li><\/ol> <p>Je\u015bli masz do czynienia z zapytaniami lub napotykasz jakiekolwiek komplikacje, nie wahaj si\u0119 zwr\u00f3ci\u0107 do naszego personelu obs\u0142ugi klienta. Nasi konsultanci ch\u0119tnie pomog\u0105 Ci we wszystkich trudno\u015bciach, jakie mo\u017cesz mie\u0107 z wtyczk\u0105. <\/p> <\/div><div class=\"faq\" data-component=\"FAQ\"><div class=\"faq-item\">\r\n\t\t\t\t\t<div class=\"faq-item-question\">\r\n\t\t\t\t\t\t<h3 class=\"faq-item-question-text\">Jak doda\u0107 kana\u0142 Tumblr do mojej strony g\u0142\u00f3wnej HTML bez znajomo\u015bci kodowania?<\/h3>\r\n\r\n\t\t\t\t\t\t<div class=\"faq-item-question-icon\"><\/div>\r\n\t\t\t\t\t<\/div>\r\n\r\n\t\t\t\t\t<div class=\"faq-item-answer\">\r\n\t\t\t\t\t\t<div class=\"faq-item-answer-text\"><p>Firma Elfsight dostarcza rozwi\u0105zanie, kt\u00f3re umo\u017cliwia u\u017cytkownikowi samodzielne wygenerowanie wid\u017cetu kana\u0142u Tumblr, obejrzyj proste instrukcje:<\/p><ul><li>Pracuj w wersji demonstracyjnej na \u017cywo, aby utworzy\u0107 wid\u017cet kana\u0142u Tumblr, kt\u00f3ry ma by\u0107 wy\u015bwietlany w Twojej witrynie HTML.<\/li><li>Wybierz jeden z naszych gotowych szablon\u00f3w i dostosuj ustawienia kana\u0142u Tumblr, zmie\u0144 uk\u0142ad i kolorystyk\u0119, dodaj tre\u015bci bez umiej\u0119tno\u015bci kodowania.<\/li><li>Kliknij, aby zapisa\u0107 ustawienia wprowadzone w Tumblrze Feed i uzyskaj kod do osadzenia, kt\u00f3ry mo\u017cesz bezp\u0142atnie wklei\u0107 na swoj\u0105 stron\u0119 HTML.<\/li><\/ul><p>Pracuj\u0105c w intuicyjnym edytorze, ka\u017cdy u\u017cytkownik Internetu mo\u017ce wygenerowa\u0107 aplikacj\u0119 Tumblr Feed online i \u0142atwo wklei\u0107 j\u0105 do kodu HTML strona. Nie powiniene\u015b p\u0142aci\u0107 ani podawa\u0107 danych uwierzytelniaj\u0105cych karty, aby uzyska\u0107 dost\u0119p do Edytora Elfsight. Je\u015bli na kt\u00f3rymkolwiek etapie napotkasz jakiekolwiek problemy, nie wahaj si\u0119 porozmawia\u0107 z naszym personelem pomocy technicznej.<\/p><\/div>\r\n\t\t\t\t\t<\/div>\r\n\t\t\t\t<\/div><\/div>","protected":false},"excerpt":{"rendered":"","protected":false},"author":9,"featured_media":0,"parent":3374,"menu_order":0,"comment_status":"closed","ping_status":"closed","template":"templates\/template-application-platform.php","meta":{"publish_to_discourse":"","publish_post_category":"","wpdc_auto_publish_overridden":"","wpdc_topic_tags":"","wpdc_pin_topic":"","wpdc_pin_until":"","discourse_post_id":"","discourse_permalink":"","wpdc_publishing_response":"","wpdc_publishing_error":"","footnotes":""},"class_list":["post-7016","page","type-page","status-publish","hentry"],"yoast_head":"<!-- This site is optimized with the Yoast SEO plugin v25.3.1 - https:\/\/yoast.com\/wordpress\/plugins\/seo\/ -->\n<title>Dodaj wid\u017cet kana\u0142u Tumblr do strony HTML (szybko i bezp\u0142atnie)<\/title>\n<meta name=\"description\" content=\"Dodaj do swojej witryny wid\u017cet HTML Tumblr dostosowany do urz\u0105dze\u0144 mobilnych. Wypr\u00f3buj por\u0119czn\u0105 wersj\u0119 demonstracyjn\u0105 Elfsight i utw\u00f3rz sw\u00f3j wspania\u0142y widget Tumblr w dwie minuty\" \/>\n<meta name=\"robots\" content=\"index, follow, max-snippet:-1, max-image-preview:large, max-video-preview:-1\" \/>\n<link rel=\"canonical\" href=\"https:\/\/elfsight.com\/pl\/tumblr-feed-widget\/html\/\" \/>\n<meta property=\"og:locale\" content=\"pl_PL\" \/>\n<meta property=\"og:type\" content=\"article\" \/>\n<meta property=\"og:title\" content=\"Dodaj wid\u017cet kana\u0142u Tumblr do strony HTML (szybko i bezp\u0142atnie)\" \/>\n<meta property=\"og:description\" content=\"Dodaj do swojej witryny wid\u017cet HTML Tumblr dostosowany do urz\u0105dze\u0144 mobilnych. Wypr\u00f3buj por\u0119czn\u0105 wersj\u0119 demonstracyjn\u0105 Elfsight i utw\u00f3rz sw\u00f3j wspania\u0142y widget Tumblr w dwie minuty\" \/>\n<meta property=\"og:url\" content=\"https:\/\/elfsight.com\/pl\/tumblr-feed-widget\/html\/\" \/>\n<meta property=\"og:site_name\" content=\"Elfsight PL\" \/>\n<meta property=\"article:modified_time\" content=\"2024-11-14T08:48:55+00:00\" \/>\n<meta name=\"twitter:card\" content=\"summary_large_image\" \/>\n<meta name=\"twitter:label1\" content=\"Szacowany czas czytania\" \/>\n\t<meta name=\"twitter:data1\" content=\"3 minuty\" \/>\n<!-- \/ Yoast SEO plugin. -->","yoast_head_json":{"title":"Dodaj wid\u017cet kana\u0142u Tumblr do strony HTML (szybko i bezp\u0142atnie)","description":"Dodaj do swojej witryny wid\u017cet HTML Tumblr dostosowany do urz\u0105dze\u0144 mobilnych. Wypr\u00f3buj por\u0119czn\u0105 wersj\u0119 demonstracyjn\u0105 Elfsight i utw\u00f3rz sw\u00f3j wspania\u0142y widget Tumblr w dwie minuty","robots":{"index":"index","follow":"follow","max-snippet":"max-snippet:-1","max-image-preview":"max-image-preview:large","max-video-preview":"max-video-preview:-1"},"canonical":"https:\/\/elfsight.com\/pl\/tumblr-feed-widget\/html\/","og_locale":"pl_PL","og_type":"article","og_title":"Dodaj wid\u017cet kana\u0142u Tumblr do strony HTML (szybko i bezp\u0142atnie)","og_description":"Dodaj do swojej witryny wid\u017cet HTML Tumblr dostosowany do urz\u0105dze\u0144 mobilnych. Wypr\u00f3buj por\u0119czn\u0105 wersj\u0119 demonstracyjn\u0105 Elfsight i utw\u00f3rz sw\u00f3j wspania\u0142y widget Tumblr w dwie minuty","og_url":"https:\/\/elfsight.com\/pl\/tumblr-feed-widget\/html\/","og_site_name":"Elfsight PL","article_modified_time":"2024-11-14T08:48:55+00:00","twitter_card":"summary_large_image","twitter_misc":{"Szacowany czas czytania":"3 minuty"},"schema":{"@context":"https:\/\/schema.org","@graph":[{"@type":"WebPage","@id":"https:\/\/elfsight.com\/pl\/tumblr-feed-widget\/html\/","url":"https:\/\/elfsight.com\/pl\/tumblr-feed-widget\/html\/","name":"Dodaj wid\u017cet kana\u0142u Tumblr do strony HTML (szybko i bezp\u0142atnie)","isPartOf":{"@id":"https:\/\/elfsight.com\/pl\/#website"},"datePublished":"1970-01-01T00:00:00+00:00","dateModified":"2024-11-14T08:48:55+00:00","description":"Dodaj do swojej witryny wid\u017cet HTML Tumblr dostosowany do urz\u0105dze\u0144 mobilnych. Wypr\u00f3buj por\u0119czn\u0105 wersj\u0119 demonstracyjn\u0105 Elfsight i utw\u00f3rz sw\u00f3j wspania\u0142y widget Tumblr w dwie minuty","breadcrumb":{"@id":"https:\/\/elfsight.com\/pl\/tumblr-feed-widget\/html\/#breadcrumb"},"inLanguage":"pl-PL","potentialAction":[{"@type":"ReadAction","target":["https:\/\/elfsight.com\/pl\/tumblr-feed-widget\/html\/"]}]},{"@type":"BreadcrumbList","@id":"https:\/\/elfsight.com\/pl\/tumblr-feed-widget\/html\/#breadcrumb","itemListElement":[{"@type":"ListItem","position":1,"name":"Home","item":"https:\/\/elfsight.com\/pl\/"},{"@type":"ListItem","position":2,"name":"Tumblr Feed","item":"https:\/\/elfsight.com\/pl\/tumblr-feed-widget\/"},{"@type":"ListItem","position":3,"name":"Tumblr Feed &#8211; HTML"}]},{"@type":"WebSite","@id":"https:\/\/elfsight.com\/pl\/#website","url":"https:\/\/elfsight.com\/pl\/","name":"Elfsight PL","description":"Just another Elfsight Sites site","potentialAction":[{"@type":"SearchAction","target":{"@type":"EntryPoint","urlTemplate":"https:\/\/elfsight.com\/pl\/?s={search_term_string}"},"query-input":{"@type":"PropertyValueSpecification","valueRequired":true,"valueName":"search_term_string"}}],"inLanguage":"pl-PL"}]}},"meta_box":{"industry":"","seo_heading":"","heading":"","description":"","cta_heading":"","cta_description":"","application":"3346","h1":"Wid\u017cet HTML kana\u0142u Tumblr","h1_caption":"Wy\u015bwietlaj posty ze swojego bloga tumblr na swojej stronie internetowej, aby bez wysi\u0142ku informowa\u0107 odwiedzaj\u0105cych o najnowszych tre\u015bciach w Twojej witrynie HTML.","application_category":[],"applications_title":"","applications_request_title":"","applications_request_button_text":"","hero_text":"","hero_video":"","hero_video_schema_markup":"","selling_points_title":"","selling_points_caption":"","selling_points":[],"selling_points_cta_text":"","features_title":"","features":"","ed_cta_examples_text":"","ed_cta_examples_hidden":"","ed_cta_demo_text":"","ed_cta_demo_hidden":"","why_caption":"","why_editor_title":"","why_editor_text":"","why_team_title":"","why_team_text":"","why_service_title":"","why_service_text":"","template_catalog_visible":"","template_catalog_title":"","template_catalog_text":"","template_catalog_categories_visible":"","demo_title":"Utw\u00f3rz wid\u017cet kana\u0142u Tumblr","demo_caption":"Skonfiguruj sw\u00f3j kana\u0142 Tumblr i dodaj go do swojej witryny HTML za darmo!","default_faq_hidden":"","app_template_category":[],"platform":"50","template_public_id":"","codecanyon_url":"","codecanyon_item_id":"","codecanyon_price":"","pricing_caption":"","pricing_elfsight_apps_hide_column":"","pricing_elfsight_apps_url":"","pricing_codecanyon_price_caption":"","integration_category":[],"integration_request_title":"","integration_request_cta":"","integration_platform":"","integrations":[],"platform_category":[],"video_schema_markup":"","price":"od 0 USD \/ miesi\u0105c","trial":"","benefits":[{"text":"Bezp\u0142atna pomoc w monta\u017cu"},{"text":"Do\u015bwiadczona obs\u0142uga klienta"},{"text":"14-dniowa gwarancja zwrotu pieni\u0119dzy"}],"button_url":"#demo","button_target_blank":"","button_nofollow":"","attributes":[{"name":"Instaluje"},{"name":"Czu\u0142y"},{"name":"Kompatybilne przegl\u0105darki"}],"tags":[],"tags_disable_links":"","hide_more_platforms":"","video_object":"","demo_hide_cta":"","demo_hide_cloud_options":"","pricing_title":"","pricing":[{"pricing_icon":"platform","pricing_title":"Elfsight Apps","pricing_title_caption":"Wersja wieloplatformowa","pricing_price":"od 0 USD \/ miesi\u0105c","pricing_price_caption":"zacznij od bezp\u0142atnego planu","pricing_benefits":[{"text":"Nielimitowane domeny"},{"text":"Bezp\u0142atna obs\u0142uga klienta i dobrze udokumentowana"},{"text":"Bezp\u0142atna pomoc w monta\u017cu"},{"text":"100% konfigurowalny"}],"pricing_button_text":"Dodaj do witryny","pricing_button_url":"#demo"}],"related_apps_title":"","related_apps_hidden":"","author":"","image":[],"title":"","job":"","social_networks":[]},"_links":{"self":[{"href":"https:\/\/elfsight.com\/pl\/wp-json\/wp\/v2\/pages\/7016","targetHints":{"allow":["GET"]}}],"collection":[{"href":"https:\/\/elfsight.com\/pl\/wp-json\/wp\/v2\/pages"}],"about":[{"href":"https:\/\/elfsight.com\/pl\/wp-json\/wp\/v2\/types\/page"}],"author":[{"embeddable":true,"href":"https:\/\/elfsight.com\/pl\/wp-json\/wp\/v2\/users\/9"}],"replies":[{"embeddable":true,"href":"https:\/\/elfsight.com\/pl\/wp-json\/wp\/v2\/comments?post=7016"}],"version-history":[{"count":1,"href":"https:\/\/elfsight.com\/pl\/wp-json\/wp\/v2\/pages\/7016\/revisions"}],"predecessor-version":[{"id":7020,"href":"https:\/\/elfsight.com\/pl\/wp-json\/wp\/v2\/pages\/7016\/revisions\/7020"}],"up":[{"embeddable":true,"href":"https:\/\/elfsight.com\/pl\/wp-json\/wp\/v2\/pages\/3374"}],"wp:attachment":[{"href":"https:\/\/elfsight.com\/pl\/wp-json\/wp\/v2\/media?parent=7016"}],"curies":[{"name":"wp","href":"https:\/\/api.w.org\/{rel}","templated":true}]}}