{"id":7014,"date":"1970-01-01T00:00:00","date_gmt":"1970-01-01T00:00:00","guid":{"rendered":"https:\/\/elfsight.com\/pl\/?page_id=7014"},"modified":"2024-11-14T08:48:47","modified_gmt":"2024-11-14T08:48:47","slug":"opencart","status":"publish","type":"page","link":"https:\/\/elfsight.com\/pl\/tumblr-feed-widget\/opencart\/","title":{"rendered":"Tumblr Feed &#8211; OpenCart"},"content":{"rendered":"<div class=\"application-platform-content-item-description application-platform-content-item\" id=\"description\" data-nav-section=\"description\"> <h2>Opis<\/h2> <p>Kana\u0142 Elfsight Tumblr dla OpenCart to ekskluzywne narz\u0119dzie do tworzenia zindywidualizowanego kana\u0142u sk\u0142adaj\u0105cego si\u0119 z tre\u015bci sieci Tumblr i wy\u015bwietlaj\u0105c go bezpo\u015brednio na swojej stronie internetowej. Zaprojektuj suwak galerii lub post\u00f3w kilkoma klikni\u0119ciami! Przejmij ca\u0142kowit\u0105 kontrol\u0119 nad prezentowan\u0105 tre\u015bci\u0105 i usu\u0144 spam oraz wszelkie niepo\u017c\u0105dane tre\u015bci poprzez r\u0119czn\u0105 moderacj\u0119. Ca\u0142kowicie responsywny konfigurator online udost\u0119pnia kilka szablon\u00f3w do wyboru. <\/p> <p><b>Wybierz najbardziej przekonuj\u0105c\u0105 tre\u015b\u0107 Tumblra, aby utrzyma\u0107 zaanga\u017cowanie u\u017cytkownik\u00f3w Twojej witryny i dotrze\u0107 do wi\u0119kszej liczby os\u00f3b<\/b><\/p> <\/div> <div class=\"application-platform-content-item-features application-platform-content-item\" id=\"features\" data-nav-section=\"features\"> <h2>Oto lista najwa\u017cniejszych funkcji: <\/h2> <ul><li>Zaprezentuj swoje tre\u015bci w mediach spo\u0142eczno\u015bciowych z Tumblra<\/li><li>Wyeliminuj spam i niepo\u017c\u0105dane tre\u015bci za pomoc\u0105 trybu r\u0119cznej moderacji. <\/li><li>Umie\u015b\u0107 przycisk Obserwuj na kartach wid\u017cet\u00f3w. <\/li><li>Spraw, aby Twoje posty pojawia\u0142y si\u0119 w wyskakuj\u0105cym okienku. <\/li><\/ul><p><a href=\"#demo\">Przetestuj wszystkie funkcje personalizacji w pe\u0142ni funkcjonalnej wersji demonstracyjnej<\/a><\/p> <\/div> <div class=\"application-platform-content-item-installation application-platform-content-item\" id=\"installation\" data-nav-section=\"installation\"> <h2>Jak mog\u0119 osadzi\u0107 kana\u0142 Tumblr w mojej witrynie OpenCart? <\/h2> <p>Wystarczy post\u0119powa\u0107 zgodnie z poni\u017cszymi instrukcjami, aby zintegrowa\u0107 rozszerzenie. <\/p> <ol><li><b>Uruchom nasz darmowy edytor i zacznij tworzy\u0107 spersonalizowane rozszerzenie. <\/b><br> Okre\u015bl odpowiedni projekt i funkcjonalno\u015b\u0107 rozszerzenia oraz zastosuj modyfikacje. <\/li> <li><b>Zdob\u0105d\u017a sw\u00f3j osobisty kod widoczny w polu w aplikacjach Elfsight. <\/b><br> Zaraz po zako\u0144czeniu konfiguracji Twojego osobistego wid\u017cetu skopiuj osobisty kod z wy\u015bwietlonego okna i zapisz go na dalsze potrzeby. <\/li> <li><b>Rozpocznij korzystanie z wtyczki na swojej stronie internetowej. <\/b><br> Wpisz skopiowany wcze\u015bniej kod na swojej stronie i zapisz poprawki. <\/li> <li><b>Gotowe! Konfiguracja zosta\u0142a pomy\u015blnie przeprowadzona. <\/b><br> Przejd\u017a na swoj\u0105 stron\u0119, aby zobaczy\u0107 w akcji, jak dzia\u0142a rozszerzenie. <\/li><\/ol> <p>Je\u015bli masz jakiekolwiek problemy, skontaktuj si\u0119 z naszym dzia\u0142em obs\u0142ugi klienta. Nasi ludzie ch\u0119tnie odpowiedz\u0105 na wszystkie pytania dotycz\u0105ce wtyczki. <\/p> <\/div><div class=\"faq\" data-component=\"FAQ\"><div class=\"faq-item\">\r\n\t\t\t\t\t<div class=\"faq-item-question\">\r\n\t\t\t\t\t\t<h3 class=\"faq-item-question-text\">Czy istnieje opcja dodania kana\u0142u Tumblr do mojej strony g\u0142\u00f3wnej OpenCart bez kodowania?<\/h3>\r\n\r\n\t\t\t\t\t\t<div class=\"faq-item-question-icon\"><\/div>\r\n\t\t\t\t\t<\/div>\r\n\r\n\t\t\t\t\t<div class=\"faq-item-answer\">\r\n\t\t\t\t\t\t<div class=\"faq-item-answer-text\"><p>Oferty firmy Elfsight rozwi\u0105zania SaaS, kt\u00f3re umo\u017cliwia samodzielne tworzenie wid\u017cetu Tumblr Feed, poznaj nieskomplikowane instrukcje:<\/p><ul><li>Przejd\u017a do aktywnego edytora, aby wygenerowa\u0107 wtyczk\u0119 Tumblr Feed, kt\u00f3r\u0105 chcesz umie\u015bci\u0107 w OpenCart.<\/p><ul><li> li&gt;<li>Wybierz jeden z naszych gotowych szablon\u00f3w i dostosuj ustawienia kana\u0142u Tumblr, zmie\u0144 uk\u0142ad i kolory, do\u0142\u0105cz swoj\u0105 tre\u015b\u0107 bez umiej\u0119tno\u015bci kodowania.<\/li><li>Kliknij, aby zapisa\u0107 kana\u0142 Tumblr i uzyska\u0107 instalacj\u0119 wid\u017cetu kod, kt\u00f3ry w ramach bezp\u0142atnego planu mo\u017cna \u0142atwo umie\u015bci\u0107 na stronie OpenCart.<\/li><\/ul><p>Dzi\u0119ki intuicyjnemu Konfiguratorowi ka\u017cdy internauta mo\u017ce stworzy\u0107 online sekcj\u0119 Tumblr Feed i umie\u015bci\u0107 j\u0105 na stronie g\u0142\u00f3wnej OpenCart. Aby skorzysta\u0107 z naszego serwisu, nie trzeba p\u0142aci\u0107 ani wprowadza\u0107 danych karty. Je\u015bli na kt\u00f3rymkolwiek etapie napotkasz jakiekolwiek problemy, skontaktuj si\u0119 z naszym personelem pomocy technicznej.<\/p><\/div>\r\n\t\t\t\t\t<\/div>\r\n\t\t\t\t<\/div><\/div>","protected":false},"excerpt":{"rendered":"","protected":false},"author":9,"featured_media":0,"parent":3374,"menu_order":0,"comment_status":"closed","ping_status":"closed","template":"templates\/template-application-platform.php","meta":{"publish_to_discourse":"","publish_post_category":"","wpdc_auto_publish_overridden":"","wpdc_topic_tags":"","wpdc_pin_topic":"","wpdc_pin_until":"","discourse_post_id":"","discourse_permalink":"","wpdc_publishing_response":"","wpdc_publishing_error":"","footnotes":""},"class_list":["post-7014","page","type-page","status-publish","hentry"],"yoast_head":"<!-- This site is optimized with the Yoast SEO plugin v25.3.1 - https:\/\/yoast.com\/wordpress\/plugins\/seo\/ -->\n<title>Dodaj rozszerzenie Tumblr Feed do witryny OpenCart (szybko i bezp\u0142atnie)<\/title>\n<meta name=\"description\" content=\"Umie\u015b\u0107 rozszerzenie kana\u0142u OpenCart Tumblr na swojej stronie. Skorzystaj z por\u0119cznej wersji demonstracyjnej Elfsight i wygeneruj sw\u00f3j wspania\u0142y widget Tumblr w ci\u0105gu zaledwie kilku minut\" \/>\n<meta name=\"robots\" content=\"index, follow, max-snippet:-1, max-image-preview:large, max-video-preview:-1\" \/>\n<link rel=\"canonical\" href=\"https:\/\/elfsight.com\/pl\/tumblr-feed-widget\/opencart\/\" \/>\n<meta property=\"og:locale\" content=\"pl_PL\" \/>\n<meta property=\"og:type\" content=\"article\" \/>\n<meta property=\"og:title\" content=\"Dodaj rozszerzenie Tumblr Feed do witryny OpenCart (szybko i bezp\u0142atnie)\" \/>\n<meta property=\"og:description\" content=\"Umie\u015b\u0107 rozszerzenie kana\u0142u OpenCart Tumblr na swojej stronie. Skorzystaj z por\u0119cznej wersji demonstracyjnej Elfsight i wygeneruj sw\u00f3j wspania\u0142y widget Tumblr w ci\u0105gu zaledwie kilku minut\" \/>\n<meta property=\"og:url\" content=\"https:\/\/elfsight.com\/pl\/tumblr-feed-widget\/opencart\/\" \/>\n<meta property=\"og:site_name\" content=\"Elfsight PL\" \/>\n<meta property=\"article:modified_time\" content=\"2024-11-14T08:48:47+00:00\" \/>\n<meta name=\"twitter:card\" content=\"summary_large_image\" \/>\n<meta name=\"twitter:label1\" content=\"Szacowany czas czytania\" \/>\n\t<meta name=\"twitter:data1\" content=\"2 minuty\" \/>\n<!-- \/ Yoast SEO plugin. -->","yoast_head_json":{"title":"Dodaj rozszerzenie Tumblr Feed do witryny OpenCart (szybko i bezp\u0142atnie)","description":"Umie\u015b\u0107 rozszerzenie kana\u0142u OpenCart Tumblr na swojej stronie. Skorzystaj z por\u0119cznej wersji demonstracyjnej Elfsight i wygeneruj sw\u00f3j wspania\u0142y widget Tumblr w ci\u0105gu zaledwie kilku minut","robots":{"index":"index","follow":"follow","max-snippet":"max-snippet:-1","max-image-preview":"max-image-preview:large","max-video-preview":"max-video-preview:-1"},"canonical":"https:\/\/elfsight.com\/pl\/tumblr-feed-widget\/opencart\/","og_locale":"pl_PL","og_type":"article","og_title":"Dodaj rozszerzenie Tumblr Feed do witryny OpenCart (szybko i bezp\u0142atnie)","og_description":"Umie\u015b\u0107 rozszerzenie kana\u0142u OpenCart Tumblr na swojej stronie. Skorzystaj z por\u0119cznej wersji demonstracyjnej Elfsight i wygeneruj sw\u00f3j wspania\u0142y widget Tumblr w ci\u0105gu zaledwie kilku minut","og_url":"https:\/\/elfsight.com\/pl\/tumblr-feed-widget\/opencart\/","og_site_name":"Elfsight PL","article_modified_time":"2024-11-14T08:48:47+00:00","twitter_card":"summary_large_image","twitter_misc":{"Szacowany czas czytania":"2 minuty"},"schema":{"@context":"https:\/\/schema.org","@graph":[{"@type":"WebPage","@id":"https:\/\/elfsight.com\/pl\/tumblr-feed-widget\/opencart\/","url":"https:\/\/elfsight.com\/pl\/tumblr-feed-widget\/opencart\/","name":"Dodaj rozszerzenie Tumblr Feed do witryny OpenCart (szybko i bezp\u0142atnie)","isPartOf":{"@id":"https:\/\/elfsight.com\/pl\/#website"},"datePublished":"1970-01-01T00:00:00+00:00","dateModified":"2024-11-14T08:48:47+00:00","description":"Umie\u015b\u0107 rozszerzenie kana\u0142u OpenCart Tumblr na swojej stronie. Skorzystaj z por\u0119cznej wersji demonstracyjnej Elfsight i wygeneruj sw\u00f3j wspania\u0142y widget Tumblr w ci\u0105gu zaledwie kilku minut","breadcrumb":{"@id":"https:\/\/elfsight.com\/pl\/tumblr-feed-widget\/opencart\/#breadcrumb"},"inLanguage":"pl-PL","potentialAction":[{"@type":"ReadAction","target":["https:\/\/elfsight.com\/pl\/tumblr-feed-widget\/opencart\/"]}]},{"@type":"BreadcrumbList","@id":"https:\/\/elfsight.com\/pl\/tumblr-feed-widget\/opencart\/#breadcrumb","itemListElement":[{"@type":"ListItem","position":1,"name":"Home","item":"https:\/\/elfsight.com\/pl\/"},{"@type":"ListItem","position":2,"name":"Tumblr Feed","item":"https:\/\/elfsight.com\/pl\/tumblr-feed-widget\/"},{"@type":"ListItem","position":3,"name":"Tumblr Feed &#8211; OpenCart"}]},{"@type":"WebSite","@id":"https:\/\/elfsight.com\/pl\/#website","url":"https:\/\/elfsight.com\/pl\/","name":"Elfsight PL","description":"Just another Elfsight Sites site","potentialAction":[{"@type":"SearchAction","target":{"@type":"EntryPoint","urlTemplate":"https:\/\/elfsight.com\/pl\/?s={search_term_string}"},"query-input":{"@type":"PropertyValueSpecification","valueRequired":true,"valueName":"search_term_string"}}],"inLanguage":"pl-PL"}]}},"meta_box":{"industry":"","seo_heading":"","heading":"","description":"","cta_heading":"","cta_description":"","application":"3346","h1":"Rozszerzenie kana\u0142u OpenCart Tumblr","h1_caption":"Wy\u015bwietlaj posty ze swojego bloga tumblr na swojej stronie internetowej, aby bez wysi\u0142ku informowa\u0107 odwiedzaj\u0105cych o najnowszych tre\u015bciach w Twojej witrynie Opencart.","application_category":[],"applications_title":"","applications_request_title":"","applications_request_button_text":"","hero_text":"","hero_video":"","hero_video_schema_markup":"","selling_points_title":"","selling_points_caption":"","selling_points":[],"selling_points_cta_text":"","features_title":"","features":"","ed_cta_examples_text":"","ed_cta_examples_hidden":"","ed_cta_demo_text":"","ed_cta_demo_hidden":"","why_caption":"","why_editor_title":"","why_editor_text":"","why_team_title":"","why_team_text":"","why_service_title":"","why_service_text":"","template_catalog_visible":"","template_catalog_title":"","template_catalog_text":"","template_catalog_categories_visible":"","demo_title":"Utw\u00f3rz rozszerzenie kana\u0142u Tumblr","demo_caption":"Skonfiguruj sw\u00f3j kana\u0142 Tumblr i dodaj go do swojej witryny OpenCart za darmo!","default_faq_hidden":"","app_template_category":[],"platform":"107","template_public_id":"","codecanyon_url":"","codecanyon_item_id":"","codecanyon_price":"","pricing_caption":"","pricing_elfsight_apps_hide_column":"","pricing_elfsight_apps_url":"","pricing_codecanyon_price_caption":"","integration_category":[],"integration_request_title":"","integration_request_cta":"","integration_platform":"","integrations":[],"platform_category":[],"video_schema_markup":"","price":"od 0 USD \/ miesi\u0105c","trial":"","benefits":[{"text":"Bezp\u0142atna us\u0142uga monta\u017cu"},{"text":"Wsparcie premium"},{"text":"14-dniowa gwarancja zwrotu pieni\u0119dzy"}],"button_url":"#demo","button_target_blank":"","button_nofollow":"","attributes":[{"name":"Instaluje"},{"name":"Czu\u0142y"},{"name":"Kompatybilne przegl\u0105darki"}],"tags":[],"tags_disable_links":"","hide_more_platforms":"","video_object":"","demo_hide_cta":"","demo_hide_cloud_options":"","pricing_title":"","pricing":[{"pricing_icon":"platform","pricing_title":"Elfsight Apps","pricing_title_caption":"Rozwi\u0105zanie wieloplatformowe","pricing_price":"od 0 USD \/ miesi\u0105c","pricing_price_caption":"zacznij od bezp\u0142atnego planu","pricing_benefits":[{"text":"Nielimitowane domeny"},{"text":"Dedykowana obs\u0142uga klienta"},{"text":"Bezp\u0142atna us\u0142uga monta\u017cu"},{"text":"W pe\u0142ni konfigurowalny"}],"pricing_button_text":"Dodaj do witryny","pricing_button_url":"#demo"}],"related_apps_title":"","related_apps_hidden":"","author":"","image":[],"title":"","job":"","social_networks":[]},"_links":{"self":[{"href":"https:\/\/elfsight.com\/pl\/wp-json\/wp\/v2\/pages\/7014","targetHints":{"allow":["GET"]}}],"collection":[{"href":"https:\/\/elfsight.com\/pl\/wp-json\/wp\/v2\/pages"}],"about":[{"href":"https:\/\/elfsight.com\/pl\/wp-json\/wp\/v2\/types\/page"}],"author":[{"embeddable":true,"href":"https:\/\/elfsight.com\/pl\/wp-json\/wp\/v2\/users\/9"}],"replies":[{"embeddable":true,"href":"https:\/\/elfsight.com\/pl\/wp-json\/wp\/v2\/comments?post=7014"}],"version-history":[{"count":1,"href":"https:\/\/elfsight.com\/pl\/wp-json\/wp\/v2\/pages\/7014\/revisions"}],"predecessor-version":[{"id":7018,"href":"https:\/\/elfsight.com\/pl\/wp-json\/wp\/v2\/pages\/7014\/revisions\/7018"}],"up":[{"embeddable":true,"href":"https:\/\/elfsight.com\/pl\/wp-json\/wp\/v2\/pages\/3374"}],"wp:attachment":[{"href":"https:\/\/elfsight.com\/pl\/wp-json\/wp\/v2\/media?parent=7014"}],"curies":[{"name":"wp","href":"https:\/\/api.w.org\/{rel}","templated":true}]}}