{"id":7008,"date":"1970-01-01T00:00:00","date_gmt":"1970-01-01T00:00:00","guid":{"rendered":"https:\/\/elfsight.com\/pl\/?page_id=7008"},"modified":"2025-06-20T09:22:30","modified_gmt":"2025-06-20T09:22:30","slug":"squarespace","status":"publish","type":"page","link":"https:\/\/elfsight.com\/pl\/tumblr-feed-widget\/squarespace\/","title":{"rendered":"Tumblr Feed &#8211; Squarespace"},"content":{"rendered":"<div class=\"application-platform-content-item-description application-platform-content-item\" id=\"description\" data-nav-section=\"description\"> <h2>Osad\u017a kana\u0142 Tumblr w Squarespace za pomoc\u0105 wid\u017cetu Elfsight<\/h2> <p>Kana\u0142 Elfsight Tumblr dla Squarespace to unikalna wtyczka do tworzenia spersonalizowanych kana\u0142 sk\u0142adaj\u0105cy si\u0119 z blog\u00f3w Tumblr i pokazuj\u0105cy go bezpo\u015brednio na Twojej stronie internetowej. Utw\u00f3rz suwak galerii lub post\u00f3w za pomoc\u0105 kilku klikni\u0119\u0107! Ciesz si\u0119 ca\u0142kowit\u0105 kontrol\u0105 nad prezentowan\u0105 tre\u015bci\u0105 i pozbywaj si\u0119 spamu oraz niechcianych tre\u015bci za pomoc\u0105 r\u0119cznej moderacji. W pe\u0142ni responsywny edytor online udost\u0119pnia wiele szablon\u00f3w do wyboru. <\/p> <p><b>Wybierz najbardziej fascynuj\u0105c\u0105 tre\u015b\u0107 na Tumblrze, aby zaciekawi\u0107 odbiorc\u00f3w Twojej witryny i dotrze\u0107 do wi\u0119kszej liczby os\u00f3b<\/b><\/p> <\/div> <div class=\"application-platform-content-item-features application-platform-content-item\" id=\"features\" data-nav-section=\"features\"> <h2>Sprawd\u017a lista najwa\u017cniejszych funkcji: <\/h2> <ul><li>Wy\u015bwietlaj swoje tre\u015bci z medi\u00f3w spo\u0142eczno\u015bciowych z Tumblra<\/li><li>Usuwaj wszelki spam i niechciane tre\u015bci w trybie r\u0119cznej moderacji. <\/li><li>Ustaw przycisk Obserwuj w postach w wid\u017cecie. <\/li><li>Spraw, aby Twoje posty by\u0142y wy\u015bwietlane w wyskakuj\u0105cym okienku. <\/li><\/ul><p><a href=\"#demo\">Sprawd\u017a wszystkie opcje dostosowywania w pe\u0142nej wersji demonstracyjnej<\/a><\/p> <\/div> <div class=\"application-platform-content-item-installation application-platform-content-item\" id=\"installation\" data-nav-section=\"installation\"> <h2>Jak doda\u0107 kana\u0142 Tumblr do mojej witryny Squarespace? <\/h2> <p>Wystarczy spe\u0142ni\u0107 poni\u017csze wskaz\u00f3wki, aby zintegrowa\u0107 wtyczk\u0119. <\/p> <ol><li><b>Skorzystaj z naszego bezp\u0142atnego konfiguratora i zacznij tworzy\u0107 w\u0142asn\u0105 wtyczk\u0119. <\/b><br> Znajd\u017a odpowiedni projekt i aspekty wtyczki i zapisz poprawki. <\/li> <li><b>Odbierz sw\u00f3j indywidualny kod ujawniony w specjalnym formularzu w aplikacjach Elfsight. <\/b><br> Zaraz po zako\u0144czeniu dostosowywania osobistego wid\u017cetu skopiuj indywidualny kod z wy\u015bwietlonego okna i zachowaj go na p\u00f3\u017aniej. <\/li> <li><b>Rozpocznij stosowanie narz\u0119dzia w swojej witrynie Squarespace. <\/b><br> Umie\u015b\u0107 ostatnio zapisany kod na swojej stronie i zastosuj ulepszenia. <\/li> <li><b>Gotowe! Konfiguracja zosta\u0142a w pe\u0142ni uko\u0144czona. <\/b><br> Przejd\u017a do swojej witryny, aby sprawdzi\u0107, jak dzia\u0142a wtyczka. <\/li><\/ol> <p>W przypadku pyta\u0144 lub komplikacji nie wahaj si\u0119 napisa\u0107 do naszego personelu pomocy technicznej. Nasi specjali\u015bci ch\u0119tnie odpowiedz\u0105 na wszystkie pytania dotycz\u0105ce tego narz\u0119dzia. <\/p> <\/div><div class=\"faq\" data-component=\"FAQ\"><div class=\"faq-item\">\r\n\t\t\t\t\t<div class=\"faq-item-question\">\r\n\t\t\t\t\t\t<h3 class=\"faq-item-question-text\">Czy istnieje spos\u00f3b na osadzenie kana\u0142u Tumblr na mojej stronie internetowej Squarespace bez umiej\u0119tno\u015bci kodowania?<\/h3>\r\n\r\n\t\t\t\t\t\t<div class=\"faq-item-question-icon\"><\/div>\r\n\t\t\t\t\t<\/div>\r\n\r\n\t\t\t\t\t<div class=\"faq-item-answer\">\r\n\t\t\t\t\t\t<div class=\"faq-item-answer-text\"><p>Elfsight firma wprowadza rozwi\u0105zanie w chmurze, kt\u00f3re umo\u017cliwia samodzielne wygenerowanie wtyczki Tumblr Feed, zobacz proste instrukcje:<\/p><ul><li>Rozpocznij prac\u0119 bezpo\u015brednio w edytorze online, aby wygenerowa\u0107 sekcj\u0119 kana\u0142u Tumblr, kt\u00f3r\u0105 chcesz doda\u0107 w Squarespace strona g\u0142\u00f3wna.<\/li><li>Wybierz jeden z gotowych szablon\u00f3w i zmie\u0144 ustawienia kana\u0142u Tumblr, zaktualizuj tre\u015b\u0107, zmie\u0144 uk\u0142ad i kolor element\u00f3w bez umiej\u0119tno\u015bci kodowania.<\/li><li>Zapisz kana\u0142 Tumblr i uzyskaj kod instalacyjny wtyczki, kt\u00f3ry mo\u017cesz \u0142atwo i bezp\u0142atnie umie\u015bci\u0107 na dowolnej stronie g\u0142\u00f3wnej Squarespace.<\/li><\/ul><p>Dzi\u0119ki prostemu konfiguratorowi ka\u017cdy u\u017cytkownik Internetu mo\u017ce utworzy\u0107 wtyczk\u0119 Tumblr Feed online i \u0142atwo osadzi\u0107 j\u0105 na stronie g\u0142\u00f3wnej Squarespace. Aby skorzysta\u0107 z us\u0142ugi Elfsight, nie jest konieczne p\u0142acenie ani ujawnianie danych karty. Je\u015bli napotkasz jakiekolwiek przeszkody, nie wahaj si\u0119 skontaktowa\u0107 z naszym dzia\u0142em obs\u0142ugi klienta.<\/p><\/div>\r\n\t\t\t\t\t<\/div>\r\n\t\t\t\t<\/div><\/div>","protected":false},"excerpt":{"rendered":"","protected":false},"author":9,"featured_media":0,"parent":3374,"menu_order":0,"comment_status":"closed","ping_status":"closed","template":"templates\/template-application-platform.php","meta":{"publish_to_discourse":"","publish_post_category":"","wpdc_auto_publish_overridden":"","wpdc_topic_tags":"","wpdc_pin_topic":"","wpdc_pin_until":"","discourse_post_id":"","discourse_permalink":"","wpdc_publishing_response":"","wpdc_publishing_error":"","footnotes":""},"class_list":["post-7008","page","type-page","status-publish","hentry"],"yoast_head":"<!-- This site is optimized with the Yoast SEO plugin v25.3.1 - https:\/\/yoast.com\/wordpress\/plugins\/seo\/ -->\n<title>Dodaj wtyczk\u0119 Tumblr Feed do witryny Squarespace (szybko i bezp\u0142atnie)<\/title>\n<meta name=\"description\" content=\"Umie\u015b\u0107 wtyczk\u0119 Squarespace Tumblr Feed na swojej stronie. Skorzystaj z por\u0119cznej wersji demonstracyjnej Elfsight i utw\u00f3rz niesamowit\u0105 wtyczk\u0119 Tumblr w ci\u0105gu zaledwie kilku minut\" \/>\n<meta name=\"robots\" content=\"index, follow, max-snippet:-1, max-image-preview:large, max-video-preview:-1\" \/>\n<link rel=\"canonical\" href=\"https:\/\/elfsight.com\/pl\/tumblr-feed-widget\/squarespace\/\" \/>\n<meta property=\"og:locale\" content=\"pl_PL\" \/>\n<meta property=\"og:type\" content=\"article\" \/>\n<meta property=\"og:title\" content=\"Dodaj wtyczk\u0119 Tumblr Feed do witryny Squarespace (szybko i bezp\u0142atnie)\" \/>\n<meta property=\"og:description\" content=\"Umie\u015b\u0107 wtyczk\u0119 Squarespace Tumblr Feed na swojej stronie. Skorzystaj z por\u0119cznej wersji demonstracyjnej Elfsight i utw\u00f3rz niesamowit\u0105 wtyczk\u0119 Tumblr w ci\u0105gu zaledwie kilku minut\" \/>\n<meta property=\"og:url\" content=\"https:\/\/elfsight.com\/pl\/tumblr-feed-widget\/squarespace\/\" \/>\n<meta property=\"og:site_name\" content=\"Elfsight PL\" \/>\n<meta property=\"article:modified_time\" content=\"2025-06-20T09:22:30+00:00\" \/>\n<meta name=\"twitter:card\" content=\"summary_large_image\" \/>\n<meta name=\"twitter:label1\" content=\"Szacowany czas czytania\" \/>\n\t<meta name=\"twitter:data1\" content=\"3 minuty\" \/>\n<!-- \/ Yoast SEO plugin. -->","yoast_head_json":{"title":"Dodaj wtyczk\u0119 Tumblr Feed do witryny Squarespace (szybko i bezp\u0142atnie)","description":"Umie\u015b\u0107 wtyczk\u0119 Squarespace Tumblr Feed na swojej stronie. Skorzystaj z por\u0119cznej wersji demonstracyjnej Elfsight i utw\u00f3rz niesamowit\u0105 wtyczk\u0119 Tumblr w ci\u0105gu zaledwie kilku minut","robots":{"index":"index","follow":"follow","max-snippet":"max-snippet:-1","max-image-preview":"max-image-preview:large","max-video-preview":"max-video-preview:-1"},"canonical":"https:\/\/elfsight.com\/pl\/tumblr-feed-widget\/squarespace\/","og_locale":"pl_PL","og_type":"article","og_title":"Dodaj wtyczk\u0119 Tumblr Feed do witryny Squarespace (szybko i bezp\u0142atnie)","og_description":"Umie\u015b\u0107 wtyczk\u0119 Squarespace Tumblr Feed na swojej stronie. Skorzystaj z por\u0119cznej wersji demonstracyjnej Elfsight i utw\u00f3rz niesamowit\u0105 wtyczk\u0119 Tumblr w ci\u0105gu zaledwie kilku minut","og_url":"https:\/\/elfsight.com\/pl\/tumblr-feed-widget\/squarespace\/","og_site_name":"Elfsight PL","article_modified_time":"2025-06-20T09:22:30+00:00","twitter_card":"summary_large_image","twitter_misc":{"Szacowany czas czytania":"3 minuty"},"schema":{"@context":"https:\/\/schema.org","@graph":[{"@type":"WebPage","@id":"https:\/\/elfsight.com\/pl\/tumblr-feed-widget\/squarespace\/","url":"https:\/\/elfsight.com\/pl\/tumblr-feed-widget\/squarespace\/","name":"Dodaj wtyczk\u0119 Tumblr Feed do witryny Squarespace (szybko i bezp\u0142atnie)","isPartOf":{"@id":"https:\/\/elfsight.com\/pl\/#website"},"datePublished":"1970-01-01T00:00:00+00:00","dateModified":"2025-06-20T09:22:30+00:00","description":"Umie\u015b\u0107 wtyczk\u0119 Squarespace Tumblr Feed na swojej stronie. Skorzystaj z por\u0119cznej wersji demonstracyjnej Elfsight i utw\u00f3rz niesamowit\u0105 wtyczk\u0119 Tumblr w ci\u0105gu zaledwie kilku minut","breadcrumb":{"@id":"https:\/\/elfsight.com\/pl\/tumblr-feed-widget\/squarespace\/#breadcrumb"},"inLanguage":"pl-PL","potentialAction":[{"@type":"ReadAction","target":["https:\/\/elfsight.com\/pl\/tumblr-feed-widget\/squarespace\/"]}]},{"@type":"BreadcrumbList","@id":"https:\/\/elfsight.com\/pl\/tumblr-feed-widget\/squarespace\/#breadcrumb","itemListElement":[{"@type":"ListItem","position":1,"name":"Home","item":"https:\/\/elfsight.com\/pl\/"},{"@type":"ListItem","position":2,"name":"Tumblr Feed","item":"https:\/\/elfsight.com\/pl\/tumblr-feed-widget\/"},{"@type":"ListItem","position":3,"name":"Tumblr Feed &#8211; Squarespace"}]},{"@type":"WebSite","@id":"https:\/\/elfsight.com\/pl\/#website","url":"https:\/\/elfsight.com\/pl\/","name":"Elfsight PL","description":"Just another Elfsight Sites site","potentialAction":[{"@type":"SearchAction","target":{"@type":"EntryPoint","urlTemplate":"https:\/\/elfsight.com\/pl\/?s={search_term_string}"},"query-input":{"@type":"PropertyValueSpecification","valueRequired":true,"valueName":"search_term_string"}}],"inLanguage":"pl-PL"}]}},"meta_box":{"industry":"","seo_heading":"","heading":"","description":"","cta_heading":"","cta_description":"","application":"3346","h1":"Wtyczka Squarespace Tumblr Feed","h1_caption":"Wy\u015bwietlaj posty ze swojego bloga tumblr w swojej witrynie, aby bez wysi\u0142ku informowa\u0107 odwiedzaj\u0105cych o najnowszych tre\u015bciach w Twojej witrynie Squarespace.","application_category":[],"applications_title":"","applications_request_title":"","applications_request_button_text":"","hero_text":"","hero_video":"","hero_video_schema_markup":"","selling_points_title":"","selling_points_caption":"","selling_points":[],"selling_points_cta_text":"","features_title":"","features":"","ed_cta_examples_text":"","ed_cta_examples_hidden":"","ed_cta_demo_text":"","ed_cta_demo_hidden":"","why_caption":"","why_editor_title":"","why_editor_text":"","why_team_title":"","why_team_text":"","why_service_title":"","why_service_text":"","template_catalog_visible":"0","template_catalog_title":"","template_catalog_text":"","template_catalog_categories_visible":"","demo_title":"Utw\u00f3rz wtyczk\u0119 kana\u0142u Tumblr","demo_caption":"Skonfiguruj sw\u00f3j kana\u0142 Tumblr i dodaj go do swojej witryny Squarespace za darmo!","default_faq_hidden":"","app_template_category":[],"platform":"7588","template_public_id":"","codecanyon_url":"","codecanyon_item_id":"","codecanyon_price":"","pricing_caption":"","pricing_elfsight_apps_hide_column":"","pricing_elfsight_apps_url":"","pricing_codecanyon_price_caption":"","integration_category":[],"integration_request_title":"","integration_request_cta":"","integration_platform":"","integrations":[],"platform_category":[],"video_schema_markup":"","price":"od 0 USD \/ miesi\u0105c","trial":"","benefits":[{"text":"Bezp\u0142atna pomoc w monta\u017cu"},{"text":"Kompetentna obs\u0142uga klienta"},{"text":"14-dniowa gwarancja zwrotu pieni\u0119dzy"}],"button_url":"#demo","button_target_blank":"0","button_nofollow":"0","attributes":[{"name":"Instaluje"},{"name":"Czu\u0142y"},{"name":"Kompatybilne przegl\u0105darki"}],"tags":[],"tags_disable_links":"0","hide_more_platforms":"0","video_object":"","demo_hide_cta":"0","demo_hide_cloud_options":"0","pricing_title":"","pricing":[{"pricing_icon":"platform","pricing_title":"Elfsight Apps","pricing_title_caption":"Niezale\u017cne od platformy rozwi\u0105zanie cyfrowe, kt\u00f3re pasuje do ka\u017cdej witryny internetowej","pricing_price":"od 0 USD \/ miesi\u0105c","pricing_price_caption":"zacznij od bezp\u0142atnego planu","pricing_benefits":[{"text":"Nielimitowane domeny"},{"text":"Ca\u0142odobowa obs\u0142uga klienta"},{"text":"Bezp\u0142atna pomoc w instalacji"},{"text":"100% konfigurowalny"}],"pricing_button_text":"Dodaj do witryny","pricing_button_url":"#demo"}],"related_apps_title":"","related_apps_hidden":"0","author":"","image":[],"title":"","job":"","social_networks":[]},"_links":{"self":[{"href":"https:\/\/elfsight.com\/pl\/wp-json\/wp\/v2\/pages\/7008","targetHints":{"allow":["GET"]}}],"collection":[{"href":"https:\/\/elfsight.com\/pl\/wp-json\/wp\/v2\/pages"}],"about":[{"href":"https:\/\/elfsight.com\/pl\/wp-json\/wp\/v2\/types\/page"}],"author":[{"embeddable":true,"href":"https:\/\/elfsight.com\/pl\/wp-json\/wp\/v2\/users\/9"}],"replies":[{"embeddable":true,"href":"https:\/\/elfsight.com\/pl\/wp-json\/wp\/v2\/comments?post=7008"}],"version-history":[{"count":1,"href":"https:\/\/elfsight.com\/pl\/wp-json\/wp\/v2\/pages\/7008\/revisions"}],"predecessor-version":[{"id":7012,"href":"https:\/\/elfsight.com\/pl\/wp-json\/wp\/v2\/pages\/7008\/revisions\/7012"}],"up":[{"embeddable":true,"href":"https:\/\/elfsight.com\/pl\/wp-json\/wp\/v2\/pages\/3374"}],"wp:attachment":[{"href":"https:\/\/elfsight.com\/pl\/wp-json\/wp\/v2\/media?parent=7008"}],"curies":[{"name":"wp","href":"https:\/\/api.w.org\/{rel}","templated":true}]}}